{"id":91632,"date":"2019-03-08T11:01:14","date_gmt":"2019-03-08T10:01:14","guid":{"rendered":"https:\/\/www.magnetenspecialist.nl\/winkel\/unkategorisiert\/quadermagnet-selbstklebend-20-x-10-x-1-mm\/"},"modified":"2025-04-07T10:35:25","modified_gmt":"2025-04-07T08:35:25","slug":"blokmagneet-20-x-10-x-1-mm-zelfklevend","status":"publish","type":"product","link":"https:\/\/www.magnetenspecialist.nl\/de\/speichern\/blockmagnete\/blokmagneet-20-x-10-x-1-mm-zelfklevend\/","title":{"rendered":"Blockmagnet 20 x 10 x 1 mm (selbstklebend)"},"content":{"rendered":"<p class=\"\" data-start=\"92\" data-end=\"136\"><strong data-start=\"92\" data-end=\"136\">Blockmagnet 20 x 10 x 1 mm (selbstklebend)<\/strong><\/p>\n<p class=\"\" data-start=\"138\" data-end=\"554\">Dieser selbstklebende Blockmagnet misst 20 mm x 10 mm x 1 mm und bietet eine praktische L\u00f6sung f\u00fcr die Befestigung von Objekten auf verschiedenen Oberfl\u00e4chen. Dank der starken Magnete und der selbstklebenden R\u00fcckseite ist dieser Magnet einfach und ohne zus\u00e4tzliches Werkzeug zu verwenden. Perfekt f\u00fcr alle Arten von Anwendungen, von Bastelprojekten \u00fcber die Herstellung von Displays bis hin zur Anbringung von Lichtobjekten.  <\/p>\n<p class=\"\" data-start=\"556\" data-end=\"570\"><strong data-start=\"556\" data-end=\"570\">Merkmale:<\/strong><\/p>\n<ul data-start=\"571\" data-end=\"905\">\n<li class=\"\" data-start=\"571\" data-end=\"632\">\n<p class=\"\" data-start=\"573\" data-end=\"632\">Abmessungen: 20 mm (L\u00e4nge) x 10 mm (Breite) x 1 mm (Dicke)<\/p>\n<\/li>\n<li class=\"\" data-start=\"633\" data-end=\"686\">\n<p class=\"\" data-start=\"635\" data-end=\"686\">Starke Magnetkraft f\u00fcr zuverl\u00e4ssige Haftung<\/p>\n<\/li>\n<li class=\"\" data-start=\"687\" data-end=\"740\">\n<p class=\"\" data-start=\"689\" data-end=\"740\">Selbstklebende R\u00fcckseite f\u00fcr einfache Installation<\/p>\n<\/li>\n<li class=\"\" data-start=\"741\" data-end=\"815\">\n<p class=\"\" data-start=\"743\" data-end=\"815\">Geeignet f\u00fcr verschiedene Oberfl\u00e4chen wie Holz, Metall und Kunststoff<\/p>\n<\/li>\n<li class=\"\" data-start=\"816\" data-end=\"905\">\n<p class=\"\" data-start=\"818\" data-end=\"905\">Ideal zum Basteln, f\u00fcr Hobbys, zum Befestigen von Gegenst\u00e4nden oder zum Herstellen von Displays<\/p>\n<\/li>\n<\/ul>\n<p class=\"\" data-start=\"907\" data-end=\"1032\">Mit diesem selbstklebenden Blockmagneten erhalten Sie eine vielseitige L\u00f6sung f\u00fcr sowohl praktische als auch kreative Anwendungen.<\/p>\n","protected":false},"excerpt":{"rendered":"<p>Blockmagnet 20 x 10 x 1 mm (selbstklebend) Dieser selbstklebende Blockmagnet misst 20 mm x 10 mm x 1 mm und bietet eine praktische L\u00f6sung f\u00fcr die Befestigung von Objekten auf verschiedenen Oberfl\u00e4chen. Dank der starken Magnete und der selbstklebenden R\u00fcckseite ist dieser Magnet einfach und ohne zus\u00e4tzliches Werkzeug zu verwenden. Perfekt f\u00fcr alle Arten [&hellip;]<\/p>\n","protected":false},"featured_media":113410,"template":"","meta":{"_acf_changed":false},"product_brand":[3521],"product_cat":[1377],"product_tag":[3165],"class_list":{"0":"post-91632","1":"product","2":"type-product","3":"status-publish","4":"has-post-thumbnail","6":"product_brand-magnetenspecialist","7":"product_cat-blockmagnete","8":"product_tag-groep-5-de","9":"pa_herkomst-china-de","10":"pa_houdkracht-0-8-de","11":"pa_magnetisering-n45-de","12":"pa_magnetiseringsrichting-axiaal-de","13":"pa_materiaal-vernickelt-ni-cu-ni-de-2","14":"pa_maximale-gebruikstemperatuur-80-de","15":"pa_model-block-de","16":"pa_preferentiele-oorsprong-nein","17":"pa_taric-code-8505-1110-99-0-de","19":"first","20":"instock","21":"taxable","22":"shipping-taxable","23":"purchasable","24":"product-type-simple"},"supplier_id":null,"supplier_sku":"","barcode":null,"atum_controlled":true,"out_stock_date":null,"out_stock_threshold":null,"inheritable":false,"inbound_stock":0,"stock_on_hold":0,"sold_today":0,"sales_last_days":19,"reserved_stock":0,"customer_returns":0,"warehouse_damage":0,"lost_in_post":0,"other_logs":0,"out_stock_days":0,"lost_sales":0,"has_location":false,"update_date":"2026-04-28T10:21:19","atum_locations":[],"atum_stock_status":"instock","restock_status":false,"low_stock_amount":3000,"sales_update_date":"2026-04-28T10:21:17","calc_backorders":null,"acf":[],"yoast_head":"<!-- This site is optimized with the Yoast SEO Premium plugin v24.7 (Yoast SEO v24.7) - https:\/\/yoast.com\/wordpress\/plugins\/seo\/ -->\n<title>Blockmagnet 20 x 10 x 1 mm (selbstklebend) F\u00fcr kreative Zwecke<\/title>\n<meta name=\"description\" content=\"Erleichtern Sie sich Ihre Projekte mit dem Blockmagneten 20 x 10 x 1 mm (selbstklebend). Starke Haftung ohne Werkzeug, ideal f\u00fcr jede Arbeit!\" \/>\n<meta name=\"robots\" content=\"index, follow, max-snippet:-1, max-image-preview:large, max-video-preview:-1\" \/>\n<link rel=\"canonical\" href=\"https:\/\/www.magnetenspecialist.nl\/de\/speichern\/blockmagnete\/blokmagneet-20-x-10-x-1-mm-zelfklevend\/\" \/>\n<meta property=\"og:locale\" content=\"de_DE\" \/>\n<meta property=\"og:type\" content=\"article\" \/>\n<meta property=\"og:title\" content=\"Blockmagnet 20 x 10 x 1 mm (selbstklebend)\" \/>\n<meta property=\"og:description\" content=\"Erleichtern Sie sich Ihre Projekte mit dem Blockmagneten 20 x 10 x 1 mm (selbstklebend). Starke Haftung ohne Werkzeug, ideal f\u00fcr jede Arbeit!\" \/>\n<meta property=\"og:url\" content=\"https:\/\/www.magnetenspecialist.nl\/de\/speichern\/blockmagnete\/blokmagneet-20-x-10-x-1-mm-zelfklevend\/\" \/>\n<meta property=\"og:site_name\" content=\"Magnetenspecialist.nl\" \/>\n<meta property=\"article:publisher\" content=\"https:\/\/www.facebook.com\/Magnetenspecialist.nl\" \/>\n<meta property=\"article:modified_time\" content=\"2025-04-07T08:35:25+00:00\" \/>\n<meta property=\"og:image\" content=\"https:\/\/www.magnetenspecialist.nl\/wp-content\/uploads\/2019\/03\/Magnetenspecialist.nl_Blokmagneet-20-x-10-x-1-mm-zelfklevend_1.jpg\" \/>\n\t<meta property=\"og:image:width\" content=\"1500\" \/>\n\t<meta property=\"og:image:height\" content=\"1500\" \/>\n\t<meta property=\"og:image:type\" content=\"image\/jpeg\" \/>\n<meta name=\"twitter:card\" content=\"summary_large_image\" \/>\n<meta name=\"twitter:site\" content=\"@magnetenspecial\" \/>\n<meta name=\"twitter:label1\" content=\"Preis\" \/>\n\t<meta name=\"twitter:data1\" content=\"&euro;&nbsp;0,89\" \/>\n\t<meta name=\"twitter:label2\" content=\"Verf\u00fcgbarkeit\" \/>\n\t<meta name=\"twitter:data2\" content=\"Auf Lager\" \/>\n<script type=\"application\/ld+json\" class=\"yoast-schema-graph\">{\"@context\":\"https:\/\/schema.org\",\"@graph\":[{\"@type\":\"WebPage\",\"@id\":\"https:\/\/www.magnetenspecialist.nl\/de\/speichern\/blockmagnete\/blokmagneet-20-x-10-x-1-mm-zelfklevend\/\",\"url\":\"https:\/\/www.magnetenspecialist.nl\/de\/speichern\/blockmagnete\/blokmagneet-20-x-10-x-1-mm-zelfklevend\/\",\"name\":\"Blockmagnet 20 x 10 x 1 mm (selbstklebend) F\u00fcr kreative Zwecke\",\"isPartOf\":{\"@id\":\"https:\/\/www.magnetenspecialist.nl\/de\/#website\"},\"primaryImageOfPage\":{\"@id\":\"https:\/\/www.magnetenspecialist.nl\/de\/speichern\/blockmagnete\/blokmagneet-20-x-10-x-1-mm-zelfklevend\/#primaryimage\"},\"image\":{\"@id\":\"https:\/\/www.magnetenspecialist.nl\/de\/speichern\/blockmagnete\/blokmagneet-20-x-10-x-1-mm-zelfklevend\/#primaryimage\"},\"thumbnailUrl\":\"https:\/\/www.magnetenspecialist.nl\/wp-content\/uploads\/2019\/03\/Magnetenspecialist.nl_Blokmagneet-20-x-10-x-1-mm-zelfklevend_1.jpg\",\"datePublished\":\"2019-03-08T10:01:14+00:00\",\"dateModified\":\"2025-04-07T08:35:25+00:00\",\"description\":\"Erleichtern Sie sich Ihre Projekte mit dem Blockmagneten 20 x 10 x 1 mm (selbstklebend). Starke Haftung ohne Werkzeug, ideal f\u00fcr jede Arbeit!\",\"breadcrumb\":{\"@id\":\"https:\/\/www.magnetenspecialist.nl\/de\/speichern\/blockmagnete\/blokmagneet-20-x-10-x-1-mm-zelfklevend\/#breadcrumb\"},\"inLanguage\":\"de\",\"potentialAction\":[{\"@type\":\"ReadAction\",\"target\":[\"https:\/\/www.magnetenspecialist.nl\/de\/speichern\/blockmagnete\/blokmagneet-20-x-10-x-1-mm-zelfklevend\/\"]}]},{\"@type\":\"ImageObject\",\"inLanguage\":\"de\",\"@id\":\"https:\/\/www.magnetenspecialist.nl\/de\/speichern\/blockmagnete\/blokmagneet-20-x-10-x-1-mm-zelfklevend\/#primaryimage\",\"url\":\"https:\/\/www.magnetenspecialist.nl\/wp-content\/uploads\/2019\/03\/Magnetenspecialist.nl_Blokmagneet-20-x-10-x-1-mm-zelfklevend_1.jpg\",\"contentUrl\":\"https:\/\/www.magnetenspecialist.nl\/wp-content\/uploads\/2019\/03\/Magnetenspecialist.nl_Blokmagneet-20-x-10-x-1-mm-zelfklevend_1.jpg\",\"width\":1500,\"height\":1500},{\"@type\":\"BreadcrumbList\",\"@id\":\"https:\/\/www.magnetenspecialist.nl\/de\/speichern\/blockmagnete\/blokmagneet-20-x-10-x-1-mm-zelfklevend\/#breadcrumb\",\"itemListElement\":[{\"@type\":\"ListItem\",\"position\":1,\"name\":\"Startseite\",\"item\":\"https:\/\/www.magnetenspecialist.nl\/de\/\"},{\"@type\":\"ListItem\",\"position\":2,\"name\":\"Shop\",\"item\":\"https:\/\/www.magnetenspecialist.nl\/de\/shop\/\"},{\"@type\":\"ListItem\",\"position\":3,\"name\":\"Blockmagnet 20 x 10 x 1 mm (selbstklebend)\"}]},{\"@type\":\"WebSite\",\"@id\":\"https:\/\/www.magnetenspecialist.nl\/de\/#website\",\"url\":\"https:\/\/www.magnetenspecialist.nl\/de\/\",\"name\":\"Magnetenspecialist.nl\",\"description\":\"Umfangreiches Angebot an Neodym-Magneten\",\"publisher\":{\"@id\":\"https:\/\/www.magnetenspecialist.nl\/de\/#organization\"},\"potentialAction\":[{\"@type\":\"SearchAction\",\"target\":{\"@type\":\"EntryPoint\",\"urlTemplate\":\"https:\/\/www.magnetenspecialist.nl\/de\/?s={search_term_string}\"},\"query-input\":{\"@type\":\"PropertyValueSpecification\",\"valueRequired\":true,\"valueName\":\"search_term_string\"}}],\"inLanguage\":\"de\"},{\"@type\":\"Organization\",\"@id\":\"https:\/\/www.magnetenspecialist.nl\/de\/#organization\",\"name\":\"Magnetenspecialist.nl\",\"url\":\"https:\/\/www.magnetenspecialist.nl\/de\/\",\"logo\":{\"@type\":\"ImageObject\",\"inLanguage\":\"de\",\"@id\":\"https:\/\/www.magnetenspecialist.nl\/de\/#\/schema\/logo\/image\/\",\"url\":\"https:\/\/www.magnetenspecialist.nl\/wp-content\/uploads\/2018\/10\/magneten-logo.jpg\",\"contentUrl\":\"https:\/\/www.magnetenspecialist.nl\/wp-content\/uploads\/2018\/10\/magneten-logo.jpg\",\"width\":151,\"height\":151,\"caption\":\"Magnetenspecialist.nl\"},\"image\":{\"@id\":\"https:\/\/www.magnetenspecialist.nl\/de\/#\/schema\/logo\/image\/\"},\"sameAs\":[\"https:\/\/www.facebook.com\/Magnetenspecialist.nl\",\"https:\/\/x.com\/magnetenspecial\"]}]}<\/script>\n<meta property=\"product:price:amount\" content=\"0.89\" \/>\n<meta property=\"product:price:currency\" content=\"EUR\" \/>\n<meta property=\"og:availability\" content=\"instock\" \/>\n<meta property=\"product:availability\" content=\"instock\" \/>\n<meta property=\"product:retailer_item_id\" content=\"bl020x010x001-N-Z\" \/>\n<meta property=\"product:condition\" content=\"new\" \/>\n<!-- \/ Yoast SEO Premium plugin. -->","yoast_head_json":{"title":"Blockmagnet 20 x 10 x 1 mm (selbstklebend) F\u00fcr kreative Zwecke","description":"Erleichtern Sie sich Ihre Projekte mit dem Blockmagneten 20 x 10 x 1 mm (selbstklebend). Starke Haftung ohne Werkzeug, ideal f\u00fcr jede Arbeit!","robots":{"index":"index","follow":"follow","max-snippet":"max-snippet:-1","max-image-preview":"max-image-preview:large","max-video-preview":"max-video-preview:-1"},"canonical":"https:\/\/www.magnetenspecialist.nl\/de\/speichern\/blockmagnete\/blokmagneet-20-x-10-x-1-mm-zelfklevend\/","og_locale":"de_DE","og_type":"article","og_title":"Blockmagnet 20 x 10 x 1 mm (selbstklebend)","og_description":"Erleichtern Sie sich Ihre Projekte mit dem Blockmagneten 20 x 10 x 1 mm (selbstklebend). Starke Haftung ohne Werkzeug, ideal f\u00fcr jede Arbeit!","og_url":"https:\/\/www.magnetenspecialist.nl\/de\/speichern\/blockmagnete\/blokmagneet-20-x-10-x-1-mm-zelfklevend\/","og_site_name":"Magnetenspecialist.nl","article_publisher":"https:\/\/www.facebook.com\/Magnetenspecialist.nl","article_modified_time":"2025-04-07T08:35:25+00:00","og_image":[{"width":1500,"height":1500,"url":"https:\/\/www.magnetenspecialist.nl\/wp-content\/uploads\/2019\/03\/Magnetenspecialist.nl_Blokmagneet-20-x-10-x-1-mm-zelfklevend_1.jpg","type":"image\/jpeg"}],"twitter_card":"summary_large_image","twitter_site":"@magnetenspecial","twitter_misc":{"Preis":"&euro;&nbsp;0,89","Verf\u00fcgbarkeit":"Auf Lager"},"schema":{"@context":"https:\/\/schema.org","@graph":[{"@type":"WebPage","@id":"https:\/\/www.magnetenspecialist.nl\/de\/speichern\/blockmagnete\/blokmagneet-20-x-10-x-1-mm-zelfklevend\/","url":"https:\/\/www.magnetenspecialist.nl\/de\/speichern\/blockmagnete\/blokmagneet-20-x-10-x-1-mm-zelfklevend\/","name":"Blockmagnet 20 x 10 x 1 mm (selbstklebend) F\u00fcr kreative Zwecke","isPartOf":{"@id":"https:\/\/www.magnetenspecialist.nl\/de\/#website"},"primaryImageOfPage":{"@id":"https:\/\/www.magnetenspecialist.nl\/de\/speichern\/blockmagnete\/blokmagneet-20-x-10-x-1-mm-zelfklevend\/#primaryimage"},"image":{"@id":"https:\/\/www.magnetenspecialist.nl\/de\/speichern\/blockmagnete\/blokmagneet-20-x-10-x-1-mm-zelfklevend\/#primaryimage"},"thumbnailUrl":"https:\/\/www.magnetenspecialist.nl\/wp-content\/uploads\/2019\/03\/Magnetenspecialist.nl_Blokmagneet-20-x-10-x-1-mm-zelfklevend_1.jpg","datePublished":"2019-03-08T10:01:14+00:00","dateModified":"2025-04-07T08:35:25+00:00","description":"Erleichtern Sie sich Ihre Projekte mit dem Blockmagneten 20 x 10 x 1 mm (selbstklebend). Starke Haftung ohne Werkzeug, ideal f\u00fcr jede Arbeit!","breadcrumb":{"@id":"https:\/\/www.magnetenspecialist.nl\/de\/speichern\/blockmagnete\/blokmagneet-20-x-10-x-1-mm-zelfklevend\/#breadcrumb"},"inLanguage":"de","potentialAction":[{"@type":"ReadAction","target":["https:\/\/www.magnetenspecialist.nl\/de\/speichern\/blockmagnete\/blokmagneet-20-x-10-x-1-mm-zelfklevend\/"]}]},{"@type":"ImageObject","inLanguage":"de","@id":"https:\/\/www.magnetenspecialist.nl\/de\/speichern\/blockmagnete\/blokmagneet-20-x-10-x-1-mm-zelfklevend\/#primaryimage","url":"https:\/\/www.magnetenspecialist.nl\/wp-content\/uploads\/2019\/03\/Magnetenspecialist.nl_Blokmagneet-20-x-10-x-1-mm-zelfklevend_1.jpg","contentUrl":"https:\/\/www.magnetenspecialist.nl\/wp-content\/uploads\/2019\/03\/Magnetenspecialist.nl_Blokmagneet-20-x-10-x-1-mm-zelfklevend_1.jpg","width":1500,"height":1500},{"@type":"BreadcrumbList","@id":"https:\/\/www.magnetenspecialist.nl\/de\/speichern\/blockmagnete\/blokmagneet-20-x-10-x-1-mm-zelfklevend\/#breadcrumb","itemListElement":[{"@type":"ListItem","position":1,"name":"Startseite","item":"https:\/\/www.magnetenspecialist.nl\/de\/"},{"@type":"ListItem","position":2,"name":"Shop","item":"https:\/\/www.magnetenspecialist.nl\/de\/shop\/"},{"@type":"ListItem","position":3,"name":"Blockmagnet 20 x 10 x 1 mm (selbstklebend)"}]},{"@type":"WebSite","@id":"https:\/\/www.magnetenspecialist.nl\/de\/#website","url":"https:\/\/www.magnetenspecialist.nl\/de\/","name":"Magnetenspecialist.nl","description":"Umfangreiches Angebot an Neodym-Magneten","publisher":{"@id":"https:\/\/www.magnetenspecialist.nl\/de\/#organization"},"potentialAction":[{"@type":"SearchAction","target":{"@type":"EntryPoint","urlTemplate":"https:\/\/www.magnetenspecialist.nl\/de\/?s={search_term_string}"},"query-input":{"@type":"PropertyValueSpecification","valueRequired":true,"valueName":"search_term_string"}}],"inLanguage":"de"},{"@type":"Organization","@id":"https:\/\/www.magnetenspecialist.nl\/de\/#organization","name":"Magnetenspecialist.nl","url":"https:\/\/www.magnetenspecialist.nl\/de\/","logo":{"@type":"ImageObject","inLanguage":"de","@id":"https:\/\/www.magnetenspecialist.nl\/de\/#\/schema\/logo\/image\/","url":"https:\/\/www.magnetenspecialist.nl\/wp-content\/uploads\/2018\/10\/magneten-logo.jpg","contentUrl":"https:\/\/www.magnetenspecialist.nl\/wp-content\/uploads\/2018\/10\/magneten-logo.jpg","width":151,"height":151,"caption":"Magnetenspecialist.nl"},"image":{"@id":"https:\/\/www.magnetenspecialist.nl\/de\/#\/schema\/logo\/image\/"},"sameAs":["https:\/\/www.facebook.com\/Magnetenspecialist.nl","https:\/\/x.com\/magnetenspecial"]}]},"product_price_amount":"0.89","product_price_currency":"EUR","og_availability":"instock","product_availability":"instock","product_retailer_item_id":"bl020x010x001-N-Z","product_condition":"new"},"_links":{"self":[{"href":"https:\/\/www.magnetenspecialist.nl\/de\/wp-json\/wp\/v2\/product\/91632","targetHints":{"allow":["GET"]}}],"collection":[{"href":"https:\/\/www.magnetenspecialist.nl\/de\/wp-json\/wp\/v2\/product"}],"about":[{"href":"https:\/\/www.magnetenspecialist.nl\/de\/wp-json\/wp\/v2\/types\/product"}],"wp:featuredmedia":[{"embeddable":true,"href":"https:\/\/www.magnetenspecialist.nl\/de\/wp-json\/wp\/v2\/media\/113410"}],"wp:attachment":[{"href":"https:\/\/www.magnetenspecialist.nl\/de\/wp-json\/wp\/v2\/media?parent=91632"}],"wp:term":[{"taxonomy":"product_brand","embeddable":true,"href":"https:\/\/www.magnetenspecialist.nl\/de\/wp-json\/wp\/v2\/product_brand?post=91632"},{"taxonomy":"product_cat","embeddable":true,"href":"https:\/\/www.magnetenspecialist.nl\/de\/wp-json\/wp\/v2\/product_cat?post=91632"},{"taxonomy":"product_tag","embeddable":true,"href":"https:\/\/www.magnetenspecialist.nl\/de\/wp-json\/wp\/v2\/product_tag?post=91632"}],"curies":[{"name":"wp","href":"https:\/\/api.w.org\/{rel}","templated":true}]}}