{"id":94778,"date":"2019-03-08T11:02:35","date_gmt":"2019-03-08T10:02:35","guid":{"rendered":"https:\/\/www.magnetenspecialist.nl\/winkel\/unkategorisiert\/ringmagnet-16-x-41-x-81-x-4-mm-mit-bohrung-und-senkung-sudpol\/"},"modified":"2025-03-18T16:09:55","modified_gmt":"2025-03-18T15:09:55","slug":"ringmagneet-16-x-41-x-81-x-4-mm-met-boor-verzinkgat-zuid-pool","status":"publish","type":"product","link":"https:\/\/www.magnetenspecialist.nl\/de\/speichern\/magnete-zum-anschrauben\/ringmagneet-16-x-41-x-81-x-4-mm-met-boor-verzinkgat-zuid-pool\/","title":{"rendered":"Ringmagnet 16 x 8,1 x 4,1 x 4 mm mit Bohrung\/Senkungsloch (S\u00fcdpol)"},"content":{"rendered":"<h3>Gro\u00dfe Auswahl an superstarken Ringmagneten in verschiedenen Gr\u00f6\u00dfen und St\u00e4rken<\/h3>\n<p>  Ein Ringmagnet kann f\u00fcr verschiedene Zwecke verwendet werden. Bei Magnetenspecialist.nl haben Sie eine gro\u00dfe Auswahl an Ringmagneten. F\u00fcr jeden Ringmagneten geben wir deutlich die Magnetisierung und die Haftkraft an. Magnetenspecialist.nl ist vollst\u00e4ndig auf Neodym-Magnete spezialisiert. Dadurch sparen Sie Zeit und &#8211; was vielleicht noch wichtiger ist &#8211; Geld.<\/p>\n","protected":false},"excerpt":{"rendered":"<p>mit Bohrung\/Senkungsloch (S\u00fcdpol)<\/p>\n","protected":false},"featured_media":112567,"template":"","meta":{"_acf_changed":false},"product_brand":[3521],"product_cat":[2941,1398],"product_tag":[3164],"class_list":{"0":"post-94778","1":"product","2":"type-product","3":"status-publish","4":"has-post-thumbnail","6":"product_brand-magnetenspecialist","7":"product_cat-magnete-zum-anschrauben","8":"product_cat-ringmagnete","9":"product_tag-groep-4-de","10":"pa_houdkracht-8-de","11":"pa_magnetisering-n35-de","12":"pa_magnetiseringsrichting-axiaal-de","13":"pa_materiaal-vernickelt-ni-cu-ni-de-2","14":"pa_maximale-gebruikstemperatuur-80-de","15":"pa_model-ringmagnete","17":"first","18":"instock","19":"taxable","20":"shipping-taxable","21":"purchasable","22":"product-type-simple"},"supplier_id":null,"supplier_sku":"","barcode":null,"atum_controlled":true,"out_stock_date":null,"out_stock_threshold":null,"inheritable":false,"inbound_stock":0,"stock_on_hold":0,"sold_today":0,"sales_last_days":10,"reserved_stock":0,"customer_returns":0,"warehouse_damage":0,"lost_in_post":0,"other_logs":0,"out_stock_days":0,"lost_sales":0,"has_location":false,"update_date":"2026-04-06T07:19:26","atum_locations":[],"atum_stock_status":"instock","restock_status":false,"low_stock_amount":3000,"sales_update_date":"2026-04-06T07:19:25","calc_backorders":null,"acf":[],"yoast_head":"<!-- This site is optimized with the Yoast SEO Premium plugin v24.7 (Yoast SEO v24.7) - https:\/\/yoast.com\/wordpress\/plugins\/seo\/ -->\n<title>Ringmagnet 16 x 8,1 x 4,1 x 4 mm mit Bohrung\/Senkungsloch (S\u00fcdpol) - Magnetenspecialist.nl<\/title>\n<meta name=\"description\" content=\"Suchen Sie einen Ringmagnet 16 x 8,1 x 4,1 x 4 mm mit Bohrung\/Senkungsloch (S\u00fcdpol)? Magnete k\u00f6nnen bequem online gekauft werden Magnetenspecialist.nl 1 Werktag Lieferzeit \u2713 14 Tage Bedenkzeit \u2713 Versand oder Abholung *.\" \/>\n<meta name=\"robots\" content=\"index, follow, max-snippet:-1, max-image-preview:large, max-video-preview:-1\" \/>\n<link rel=\"canonical\" href=\"https:\/\/www.magnetenspecialist.nl\/de\/speichern\/magnete-zum-anschrauben\/ringmagneet-16-x-41-x-81-x-4-mm-met-boor-verzinkgat-zuid-pool\/\" \/>\n<meta property=\"og:locale\" content=\"de_DE\" \/>\n<meta property=\"og:type\" content=\"article\" \/>\n<meta property=\"og:title\" content=\"Ringmagnet 16 x 8,1 x 4,1 x 4 mm mit Bohrung\/Senkungsloch (S\u00fcdpol)\" \/>\n<meta property=\"og:description\" content=\"Suchen Sie einen Ringmagnet 16 x 8,1 x 4,1 x 4 mm mit Bohrung\/Senkungsloch (S\u00fcdpol)? Magnete k\u00f6nnen bequem online gekauft werden Magnetenspecialist.nl 1 Werktag Lieferzeit \u2713 14 Tage Bedenkzeit \u2713 Versand oder Abholung *.\" \/>\n<meta property=\"og:url\" content=\"https:\/\/www.magnetenspecialist.nl\/de\/speichern\/magnete-zum-anschrauben\/ringmagneet-16-x-41-x-81-x-4-mm-met-boor-verzinkgat-zuid-pool\/\" \/>\n<meta property=\"og:site_name\" content=\"Magnetenspecialist.nl\" \/>\n<meta property=\"article:publisher\" content=\"https:\/\/www.facebook.com\/Magnetenspecialist.nl\" \/>\n<meta property=\"article:modified_time\" content=\"2025-03-18T15:09:55+00:00\" \/>\n<meta property=\"og:image\" content=\"https:\/\/www.magnetenspecialist.nl\/wp-content\/uploads\/2019\/03\/Magnetenspecialist.nl_Ringmagneet-16-x-81-x-41-x-4-mm-met-boor-verzinkgat_1.jpg\" \/>\n\t<meta property=\"og:image:width\" content=\"1500\" \/>\n\t<meta property=\"og:image:height\" content=\"1500\" \/>\n\t<meta property=\"og:image:type\" content=\"image\/jpeg\" \/>\n<meta name=\"twitter:card\" content=\"summary_large_image\" \/>\n<meta name=\"twitter:site\" content=\"@magnetenspecial\" \/>\n<meta name=\"twitter:label1\" content=\"Preis\" \/>\n\t<meta name=\"twitter:data1\" content=\"&euro;&nbsp;1,77\" \/>\n\t<meta name=\"twitter:label2\" content=\"Verf\u00fcgbarkeit\" \/>\n\t<meta name=\"twitter:data2\" content=\"Auf Lager\" \/>\n<script type=\"application\/ld+json\" class=\"yoast-schema-graph\">{\"@context\":\"https:\/\/schema.org\",\"@graph\":[{\"@type\":\"WebPage\",\"@id\":\"https:\/\/www.magnetenspecialist.nl\/de\/speichern\/magnete-zum-anschrauben\/ringmagneet-16-x-41-x-81-x-4-mm-met-boor-verzinkgat-zuid-pool\/\",\"url\":\"https:\/\/www.magnetenspecialist.nl\/de\/speichern\/magnete-zum-anschrauben\/ringmagneet-16-x-41-x-81-x-4-mm-met-boor-verzinkgat-zuid-pool\/\",\"name\":\"Ringmagnet 16 x 8,1 x 4,1 x 4 mm mit Bohrung\/Senkungsloch (S\u00fcdpol) - Magnetenspecialist.nl\",\"isPartOf\":{\"@id\":\"https:\/\/www.magnetenspecialist.nl\/de\/#website\"},\"primaryImageOfPage\":{\"@id\":\"https:\/\/www.magnetenspecialist.nl\/de\/speichern\/magnete-zum-anschrauben\/ringmagneet-16-x-41-x-81-x-4-mm-met-boor-verzinkgat-zuid-pool\/#primaryimage\"},\"image\":{\"@id\":\"https:\/\/www.magnetenspecialist.nl\/de\/speichern\/magnete-zum-anschrauben\/ringmagneet-16-x-41-x-81-x-4-mm-met-boor-verzinkgat-zuid-pool\/#primaryimage\"},\"thumbnailUrl\":\"https:\/\/www.magnetenspecialist.nl\/wp-content\/uploads\/2019\/03\/Magnetenspecialist.nl_Ringmagneet-16-x-81-x-41-x-4-mm-met-boor-verzinkgat_1.jpg\",\"datePublished\":\"2019-03-08T10:02:35+00:00\",\"dateModified\":\"2025-03-18T15:09:55+00:00\",\"description\":\"Suchen Sie einen Ringmagnet 16 x 8,1 x 4,1 x 4 mm mit Bohrung\/Senkungsloch (S\u00fcdpol)? Magnete k\u00f6nnen bequem online gekauft werden Magnetenspecialist.nl 1 Werktag Lieferzeit \u2713 14 Tage Bedenkzeit \u2713 Versand oder Abholung *.\",\"breadcrumb\":{\"@id\":\"https:\/\/www.magnetenspecialist.nl\/de\/speichern\/magnete-zum-anschrauben\/ringmagneet-16-x-41-x-81-x-4-mm-met-boor-verzinkgat-zuid-pool\/#breadcrumb\"},\"inLanguage\":\"de\",\"potentialAction\":[{\"@type\":\"ReadAction\",\"target\":[\"https:\/\/www.magnetenspecialist.nl\/de\/speichern\/magnete-zum-anschrauben\/ringmagneet-16-x-41-x-81-x-4-mm-met-boor-verzinkgat-zuid-pool\/\"]}]},{\"@type\":\"ImageObject\",\"inLanguage\":\"de\",\"@id\":\"https:\/\/www.magnetenspecialist.nl\/de\/speichern\/magnete-zum-anschrauben\/ringmagneet-16-x-41-x-81-x-4-mm-met-boor-verzinkgat-zuid-pool\/#primaryimage\",\"url\":\"https:\/\/www.magnetenspecialist.nl\/wp-content\/uploads\/2019\/03\/Magnetenspecialist.nl_Ringmagneet-16-x-81-x-41-x-4-mm-met-boor-verzinkgat_1.jpg\",\"contentUrl\":\"https:\/\/www.magnetenspecialist.nl\/wp-content\/uploads\/2019\/03\/Magnetenspecialist.nl_Ringmagneet-16-x-81-x-41-x-4-mm-met-boor-verzinkgat_1.jpg\",\"width\":1500,\"height\":1500},{\"@type\":\"BreadcrumbList\",\"@id\":\"https:\/\/www.magnetenspecialist.nl\/de\/speichern\/magnete-zum-anschrauben\/ringmagneet-16-x-41-x-81-x-4-mm-met-boor-verzinkgat-zuid-pool\/#breadcrumb\",\"itemListElement\":[{\"@type\":\"ListItem\",\"position\":1,\"name\":\"Startseite\",\"item\":\"https:\/\/www.magnetenspecialist.nl\/de\/\"},{\"@type\":\"ListItem\",\"position\":2,\"name\":\"Shop\",\"item\":\"https:\/\/www.magnetenspecialist.nl\/de\/shop\/\"},{\"@type\":\"ListItem\",\"position\":3,\"name\":\"Ringmagnet 16 x 8,1 x 4,1 x 4 mm mit Bohrung\/Senkungsloch (S\u00fcdpol)\"}]},{\"@type\":\"WebSite\",\"@id\":\"https:\/\/www.magnetenspecialist.nl\/de\/#website\",\"url\":\"https:\/\/www.magnetenspecialist.nl\/de\/\",\"name\":\"Magnetenspecialist.nl\",\"description\":\"Umfangreiches Angebot an Neodym-Magneten\",\"publisher\":{\"@id\":\"https:\/\/www.magnetenspecialist.nl\/de\/#organization\"},\"potentialAction\":[{\"@type\":\"SearchAction\",\"target\":{\"@type\":\"EntryPoint\",\"urlTemplate\":\"https:\/\/www.magnetenspecialist.nl\/de\/?s={search_term_string}\"},\"query-input\":{\"@type\":\"PropertyValueSpecification\",\"valueRequired\":true,\"valueName\":\"search_term_string\"}}],\"inLanguage\":\"de\"},{\"@type\":\"Organization\",\"@id\":\"https:\/\/www.magnetenspecialist.nl\/de\/#organization\",\"name\":\"Magnetenspecialist.nl\",\"url\":\"https:\/\/www.magnetenspecialist.nl\/de\/\",\"logo\":{\"@type\":\"ImageObject\",\"inLanguage\":\"de\",\"@id\":\"https:\/\/www.magnetenspecialist.nl\/de\/#\/schema\/logo\/image\/\",\"url\":\"https:\/\/www.magnetenspecialist.nl\/wp-content\/uploads\/2018\/10\/magneten-logo.jpg\",\"contentUrl\":\"https:\/\/www.magnetenspecialist.nl\/wp-content\/uploads\/2018\/10\/magneten-logo.jpg\",\"width\":151,\"height\":151,\"caption\":\"Magnetenspecialist.nl\"},\"image\":{\"@id\":\"https:\/\/www.magnetenspecialist.nl\/de\/#\/schema\/logo\/image\/\"},\"sameAs\":[\"https:\/\/www.facebook.com\/Magnetenspecialist.nl\",\"https:\/\/x.com\/magnetenspecial\"]}]}<\/script>\n<meta property=\"product:price:amount\" content=\"1.77\" \/>\n<meta property=\"product:price:currency\" content=\"EUR\" \/>\n<meta property=\"og:availability\" content=\"instock\" \/>\n<meta property=\"product:availability\" content=\"instock\" \/>\n<meta property=\"product:retailer_item_id\" content=\"ri016x0041x0081x004-N-VG-Z\" \/>\n<meta property=\"product:condition\" content=\"new\" \/>\n<!-- \/ Yoast SEO Premium plugin. -->","yoast_head_json":{"title":"Ringmagnet 16 x 8,1 x 4,1 x 4 mm mit Bohrung\/Senkungsloch (S\u00fcdpol) - Magnetenspecialist.nl","description":"Suchen Sie einen Ringmagnet 16 x 8,1 x 4,1 x 4 mm mit Bohrung\/Senkungsloch (S\u00fcdpol)? Magnete k\u00f6nnen bequem online gekauft werden Magnetenspecialist.nl 1 Werktag Lieferzeit \u2713 14 Tage Bedenkzeit \u2713 Versand oder Abholung *.","robots":{"index":"index","follow":"follow","max-snippet":"max-snippet:-1","max-image-preview":"max-image-preview:large","max-video-preview":"max-video-preview:-1"},"canonical":"https:\/\/www.magnetenspecialist.nl\/de\/speichern\/magnete-zum-anschrauben\/ringmagneet-16-x-41-x-81-x-4-mm-met-boor-verzinkgat-zuid-pool\/","og_locale":"de_DE","og_type":"article","og_title":"Ringmagnet 16 x 8,1 x 4,1 x 4 mm mit Bohrung\/Senkungsloch (S\u00fcdpol)","og_description":"Suchen Sie einen Ringmagnet 16 x 8,1 x 4,1 x 4 mm mit Bohrung\/Senkungsloch (S\u00fcdpol)? Magnete k\u00f6nnen bequem online gekauft werden Magnetenspecialist.nl 1 Werktag Lieferzeit \u2713 14 Tage Bedenkzeit \u2713 Versand oder Abholung *.","og_url":"https:\/\/www.magnetenspecialist.nl\/de\/speichern\/magnete-zum-anschrauben\/ringmagneet-16-x-41-x-81-x-4-mm-met-boor-verzinkgat-zuid-pool\/","og_site_name":"Magnetenspecialist.nl","article_publisher":"https:\/\/www.facebook.com\/Magnetenspecialist.nl","article_modified_time":"2025-03-18T15:09:55+00:00","og_image":[{"width":1500,"height":1500,"url":"https:\/\/www.magnetenspecialist.nl\/wp-content\/uploads\/2019\/03\/Magnetenspecialist.nl_Ringmagneet-16-x-81-x-41-x-4-mm-met-boor-verzinkgat_1.jpg","type":"image\/jpeg"}],"twitter_card":"summary_large_image","twitter_site":"@magnetenspecial","twitter_misc":{"Preis":"&euro;&nbsp;1,77","Verf\u00fcgbarkeit":"Auf Lager"},"schema":{"@context":"https:\/\/schema.org","@graph":[{"@type":"WebPage","@id":"https:\/\/www.magnetenspecialist.nl\/de\/speichern\/magnete-zum-anschrauben\/ringmagneet-16-x-41-x-81-x-4-mm-met-boor-verzinkgat-zuid-pool\/","url":"https:\/\/www.magnetenspecialist.nl\/de\/speichern\/magnete-zum-anschrauben\/ringmagneet-16-x-41-x-81-x-4-mm-met-boor-verzinkgat-zuid-pool\/","name":"Ringmagnet 16 x 8,1 x 4,1 x 4 mm mit Bohrung\/Senkungsloch (S\u00fcdpol) - Magnetenspecialist.nl","isPartOf":{"@id":"https:\/\/www.magnetenspecialist.nl\/de\/#website"},"primaryImageOfPage":{"@id":"https:\/\/www.magnetenspecialist.nl\/de\/speichern\/magnete-zum-anschrauben\/ringmagneet-16-x-41-x-81-x-4-mm-met-boor-verzinkgat-zuid-pool\/#primaryimage"},"image":{"@id":"https:\/\/www.magnetenspecialist.nl\/de\/speichern\/magnete-zum-anschrauben\/ringmagneet-16-x-41-x-81-x-4-mm-met-boor-verzinkgat-zuid-pool\/#primaryimage"},"thumbnailUrl":"https:\/\/www.magnetenspecialist.nl\/wp-content\/uploads\/2019\/03\/Magnetenspecialist.nl_Ringmagneet-16-x-81-x-41-x-4-mm-met-boor-verzinkgat_1.jpg","datePublished":"2019-03-08T10:02:35+00:00","dateModified":"2025-03-18T15:09:55+00:00","description":"Suchen Sie einen Ringmagnet 16 x 8,1 x 4,1 x 4 mm mit Bohrung\/Senkungsloch (S\u00fcdpol)? Magnete k\u00f6nnen bequem online gekauft werden Magnetenspecialist.nl 1 Werktag Lieferzeit \u2713 14 Tage Bedenkzeit \u2713 Versand oder Abholung *.","breadcrumb":{"@id":"https:\/\/www.magnetenspecialist.nl\/de\/speichern\/magnete-zum-anschrauben\/ringmagneet-16-x-41-x-81-x-4-mm-met-boor-verzinkgat-zuid-pool\/#breadcrumb"},"inLanguage":"de","potentialAction":[{"@type":"ReadAction","target":["https:\/\/www.magnetenspecialist.nl\/de\/speichern\/magnete-zum-anschrauben\/ringmagneet-16-x-41-x-81-x-4-mm-met-boor-verzinkgat-zuid-pool\/"]}]},{"@type":"ImageObject","inLanguage":"de","@id":"https:\/\/www.magnetenspecialist.nl\/de\/speichern\/magnete-zum-anschrauben\/ringmagneet-16-x-41-x-81-x-4-mm-met-boor-verzinkgat-zuid-pool\/#primaryimage","url":"https:\/\/www.magnetenspecialist.nl\/wp-content\/uploads\/2019\/03\/Magnetenspecialist.nl_Ringmagneet-16-x-81-x-41-x-4-mm-met-boor-verzinkgat_1.jpg","contentUrl":"https:\/\/www.magnetenspecialist.nl\/wp-content\/uploads\/2019\/03\/Magnetenspecialist.nl_Ringmagneet-16-x-81-x-41-x-4-mm-met-boor-verzinkgat_1.jpg","width":1500,"height":1500},{"@type":"BreadcrumbList","@id":"https:\/\/www.magnetenspecialist.nl\/de\/speichern\/magnete-zum-anschrauben\/ringmagneet-16-x-41-x-81-x-4-mm-met-boor-verzinkgat-zuid-pool\/#breadcrumb","itemListElement":[{"@type":"ListItem","position":1,"name":"Startseite","item":"https:\/\/www.magnetenspecialist.nl\/de\/"},{"@type":"ListItem","position":2,"name":"Shop","item":"https:\/\/www.magnetenspecialist.nl\/de\/shop\/"},{"@type":"ListItem","position":3,"name":"Ringmagnet 16 x 8,1 x 4,1 x 4 mm mit Bohrung\/Senkungsloch (S\u00fcdpol)"}]},{"@type":"WebSite","@id":"https:\/\/www.magnetenspecialist.nl\/de\/#website","url":"https:\/\/www.magnetenspecialist.nl\/de\/","name":"Magnetenspecialist.nl","description":"Umfangreiches Angebot an Neodym-Magneten","publisher":{"@id":"https:\/\/www.magnetenspecialist.nl\/de\/#organization"},"potentialAction":[{"@type":"SearchAction","target":{"@type":"EntryPoint","urlTemplate":"https:\/\/www.magnetenspecialist.nl\/de\/?s={search_term_string}"},"query-input":{"@type":"PropertyValueSpecification","valueRequired":true,"valueName":"search_term_string"}}],"inLanguage":"de"},{"@type":"Organization","@id":"https:\/\/www.magnetenspecialist.nl\/de\/#organization","name":"Magnetenspecialist.nl","url":"https:\/\/www.magnetenspecialist.nl\/de\/","logo":{"@type":"ImageObject","inLanguage":"de","@id":"https:\/\/www.magnetenspecialist.nl\/de\/#\/schema\/logo\/image\/","url":"https:\/\/www.magnetenspecialist.nl\/wp-content\/uploads\/2018\/10\/magneten-logo.jpg","contentUrl":"https:\/\/www.magnetenspecialist.nl\/wp-content\/uploads\/2018\/10\/magneten-logo.jpg","width":151,"height":151,"caption":"Magnetenspecialist.nl"},"image":{"@id":"https:\/\/www.magnetenspecialist.nl\/de\/#\/schema\/logo\/image\/"},"sameAs":["https:\/\/www.facebook.com\/Magnetenspecialist.nl","https:\/\/x.com\/magnetenspecial"]}]},"product_price_amount":"1.77","product_price_currency":"EUR","og_availability":"instock","product_availability":"instock","product_retailer_item_id":"ri016x0041x0081x004-N-VG-Z","product_condition":"new"},"_links":{"self":[{"href":"https:\/\/www.magnetenspecialist.nl\/de\/wp-json\/wp\/v2\/product\/94778","targetHints":{"allow":["GET"]}}],"collection":[{"href":"https:\/\/www.magnetenspecialist.nl\/de\/wp-json\/wp\/v2\/product"}],"about":[{"href":"https:\/\/www.magnetenspecialist.nl\/de\/wp-json\/wp\/v2\/types\/product"}],"wp:featuredmedia":[{"embeddable":true,"href":"https:\/\/www.magnetenspecialist.nl\/de\/wp-json\/wp\/v2\/media\/112567"}],"wp:attachment":[{"href":"https:\/\/www.magnetenspecialist.nl\/de\/wp-json\/wp\/v2\/media?parent=94778"}],"wp:term":[{"taxonomy":"product_brand","embeddable":true,"href":"https:\/\/www.magnetenspecialist.nl\/de\/wp-json\/wp\/v2\/product_brand?post=94778"},{"taxonomy":"product_cat","embeddable":true,"href":"https:\/\/www.magnetenspecialist.nl\/de\/wp-json\/wp\/v2\/product_cat?post=94778"},{"taxonomy":"product_tag","embeddable":true,"href":"https:\/\/www.magnetenspecialist.nl\/de\/wp-json\/wp\/v2\/product_tag?post=94778"}],"curies":[{"name":"wp","href":"https:\/\/api.w.org\/{rel}","templated":true}]}}