{"id":94903,"date":"2019-03-08T11:01:17","date_gmt":"2019-03-08T10:01:17","guid":{"rendered":"https:\/\/www.magnetenspecialist.nl\/winkel\/unkategorisiert\/scheibenmagnet-3-x-1-mm\/"},"modified":"2025-04-07T13:07:52","modified_gmt":"2025-04-07T11:07:52","slug":"scheibenmagnet-3-x-1-mm","status":"publish","type":"product","link":"https:\/\/www.magnetenspecialist.nl\/de\/speichern\/scheibenmagnete\/scheibenmagnet-3-x-1-mm\/","title":{"rendered":"Scheibenmagnet 3 x 1 mm"},"content":{"rendered":"<p class=\"\" data-start=\"142\" data-end=\"605\"><strong>Scheibenmagnet 3 x 1 mm, Haftkraft 0,21 KG<\/strong><\/p>\n<p class=\"\" data-start=\"142\" data-end=\"605\">Dieser Scheibenmagnet ist einer der kleinsten in unserem Sortiment und misst 3 mm (Durchmesser) x 1 mm (H\u00f6he). Trotz seiner kompakten Gr\u00f6\u00dfe bietet er eine Haftkraft von 0,21 KG und ist damit ideal f\u00fcr Anwendungen geeignet, bei denen Pr\u00e4zision und kleine Magnetkr\u00e4fte erforderlich sind. Dieser Magnet ist perfekt f\u00fcr den Modellbau, die Befestigung kleiner Objekte oder f\u00fcr empfindliche Anwendungen, bei denen eine kleine, aber starke magnetische Verbindung erforderlich ist.  <\/p>\n<p class=\"\" data-start=\"607\" data-end=\"621\"><strong data-start=\"607\" data-end=\"621\">Merkmale:<\/strong><\/p>\n<ul data-start=\"622\" data-end=\"957\">\n<li class=\"\" data-start=\"622\" data-end=\"671\">\n<p class=\"\" data-start=\"624\" data-end=\"671\"><strong data-start=\"624\" data-end=\"638\">Abmessungen<\/strong>: 3 mm (Durchmesser) x 1 mm (H\u00f6he)<\/p>\n<\/li>\n<li class=\"\" data-start=\"672\" data-end=\"754\">\n<p class=\"\" data-start=\"674\" data-end=\"754\"><strong data-start=\"674\" data-end=\"688\">Haltekraft<\/strong>: bis zu 0,21 KG (je nach Oberfl\u00e4che und Bedingungen)<\/p>\n<\/li>\n<li class=\"\" data-start=\"755\" data-end=\"876\">\n<p class=\"\" data-start=\"757\" data-end=\"876\"><strong data-start=\"757\" data-end=\"772\">Ideal f\u00fcr<\/strong>: Modellbau, Hobbyprojekte und andere Anwendungen, die Pr\u00e4zision und kleine Magnetkr\u00e4fte erfordern<\/p>\n<\/li>\n<li class=\"\" data-start=\"877\" data-end=\"957\">\n<p class=\"\" data-start=\"879\" data-end=\"957\"><strong data-start=\"879\" data-end=\"892\">Material<\/strong>: Neodym f\u00fcr starke Magnetkraft bei kompakter Gr\u00f6\u00dfe<\/p>\n<\/li>\n<\/ul>\n<p class=\"\" data-start=\"959\" data-end=\"1148\">Dank seiner geringen Gr\u00f6\u00dfe und starken Magnetkraft ist dieser Scheibenmagnet eine ausgezeichnete Wahl f\u00fcr feine Anwendungen, die eine starke, aber diskrete magnetische Verbindung erfordern.<\/p>\n","protected":false},"excerpt":{"rendered":"<p>Scheibenmagnet 3 x 1 mm, Haftkraft 0,21 KG Dieser Scheibenmagnet ist einer der kleinsten in unserem Sortiment und misst 3 mm (Durchmesser) x 1 mm (H\u00f6he). Trotz seiner kompakten Gr\u00f6\u00dfe bietet er eine Haftkraft von 0,21 KG und ist damit ideal f\u00fcr Anwendungen geeignet, bei denen Pr\u00e4zision und kleine Magnetkr\u00e4fte erforderlich sind. Dieser Magnet ist [&hellip;]<\/p>\n","protected":false},"featured_media":110469,"template":"","meta":{"_acf_changed":false},"product_brand":[3521],"product_cat":[1401],"product_tag":[3165],"class_list":{"0":"post-94903","1":"product","2":"type-product","3":"status-publish","4":"has-post-thumbnail","6":"product_brand-magnetenspecialist","7":"product_cat-scheibenmagnete","8":"product_tag-groep-5-de","9":"pa_houdkracht-0-21-de","10":"pa_magnetisering-n52-de","11":"pa_magnetiseringsrichting-axiaal-de","12":"pa_materiaal-vernickelt-ni-cu-ni-de-2","13":"pa_maximale-gebruikstemperatuur-80-de","14":"pa_model-scheibenmagnet","16":"first","17":"instock","18":"taxable","19":"shipping-taxable","20":"purchasable","21":"product-type-simple"},"supplier_id":null,"supplier_sku":"","barcode":null,"atum_controlled":true,"out_stock_date":null,"out_stock_threshold":null,"inheritable":false,"inbound_stock":0,"stock_on_hold":0,"sold_today":0,"sales_last_days":154,"reserved_stock":0,"customer_returns":0,"warehouse_damage":0,"lost_in_post":0,"other_logs":0,"out_stock_days":0,"lost_sales":0,"has_location":false,"update_date":"2026-04-09T08:03:43","atum_locations":[],"atum_stock_status":"instock","restock_status":false,"low_stock_amount":20000,"sales_update_date":"2026-04-09T08:03:42","calc_backorders":null,"acf":[],"yoast_head":"<!-- This site is optimized with the Yoast SEO Premium plugin v24.7 (Yoast SEO v24.7) - https:\/\/yoast.com\/wordpress\/plugins\/seo\/ -->\n<title>Scheibenmagnet 3 x 1 mm, Haftkraft 0,21 KG f\u00fcr den Modellbau - Magnetenspecialist.nl<\/title>\n<meta name=\"description\" content=\"Erleben Sie die Vielseitigkeit unseres Scheibenmagneten 3 x 1 mm, Haftkraft 0,21 KG. Entwickelt f\u00fcr den Modellbau und kreative Projekte, kaufen Sie noch heute!\" \/>\n<meta name=\"robots\" content=\"index, follow, max-snippet:-1, max-image-preview:large, max-video-preview:-1\" \/>\n<link rel=\"canonical\" href=\"https:\/\/www.magnetenspecialist.nl\/de\/speichern\/scheibenmagnete\/scheibenmagnet-3-x-1-mm\/\" \/>\n<meta property=\"og:locale\" content=\"de_DE\" \/>\n<meta property=\"og:type\" content=\"article\" \/>\n<meta property=\"og:title\" content=\"Scheibenmagnet 3 x 1 mm\" \/>\n<meta property=\"og:description\" content=\"Erleben Sie die Vielseitigkeit unseres Scheibenmagneten 3 x 1 mm, Haftkraft 0,21 KG. Entwickelt f\u00fcr den Modellbau und kreative Projekte, kaufen Sie noch heute!\" \/>\n<meta property=\"og:url\" content=\"https:\/\/www.magnetenspecialist.nl\/de\/speichern\/scheibenmagnete\/scheibenmagnet-3-x-1-mm\/\" \/>\n<meta property=\"og:site_name\" content=\"Magnetenspecialist.nl\" \/>\n<meta property=\"article:publisher\" content=\"https:\/\/www.facebook.com\/Magnetenspecialist.nl\" \/>\n<meta property=\"article:modified_time\" content=\"2025-04-07T11:07:52+00:00\" \/>\n<meta property=\"og:image\" content=\"https:\/\/www.magnetenspecialist.nl\/wp-content\/uploads\/2019\/03\/Magnetenspecialist.nl_Schijfmagneet-3-x-1-mm_2-2.jpg\" \/>\n\t<meta property=\"og:image:width\" content=\"1500\" \/>\n\t<meta property=\"og:image:height\" content=\"1500\" \/>\n\t<meta property=\"og:image:type\" content=\"image\/jpeg\" \/>\n<meta name=\"twitter:card\" content=\"summary_large_image\" \/>\n<meta name=\"twitter:site\" content=\"@magnetenspecial\" \/>\n<meta name=\"twitter:label1\" content=\"Preis\" \/>\n\t<meta name=\"twitter:data1\" content=\"&euro;&nbsp;0,25\" \/>\n\t<meta name=\"twitter:label2\" content=\"Verf\u00fcgbarkeit\" \/>\n\t<meta name=\"twitter:data2\" content=\"Auf Lager\" \/>\n<script type=\"application\/ld+json\" class=\"yoast-schema-graph\">{\"@context\":\"https:\/\/schema.org\",\"@graph\":[{\"@type\":\"WebPage\",\"@id\":\"https:\/\/www.magnetenspecialist.nl\/de\/speichern\/scheibenmagnete\/scheibenmagnet-3-x-1-mm\/\",\"url\":\"https:\/\/www.magnetenspecialist.nl\/de\/speichern\/scheibenmagnete\/scheibenmagnet-3-x-1-mm\/\",\"name\":\"Scheibenmagnet 3 x 1 mm, Haftkraft 0,21 KG f\u00fcr den Modellbau - Magnetenspecialist.nl\",\"isPartOf\":{\"@id\":\"https:\/\/www.magnetenspecialist.nl\/de\/#website\"},\"primaryImageOfPage\":{\"@id\":\"https:\/\/www.magnetenspecialist.nl\/de\/speichern\/scheibenmagnete\/scheibenmagnet-3-x-1-mm\/#primaryimage\"},\"image\":{\"@id\":\"https:\/\/www.magnetenspecialist.nl\/de\/speichern\/scheibenmagnete\/scheibenmagnet-3-x-1-mm\/#primaryimage\"},\"thumbnailUrl\":\"https:\/\/www.magnetenspecialist.nl\/wp-content\/uploads\/2019\/03\/Magnetenspecialist.nl_Schijfmagneet-3-x-1-mm_2-2.jpg\",\"datePublished\":\"2019-03-08T10:01:17+00:00\",\"dateModified\":\"2025-04-07T11:07:52+00:00\",\"description\":\"Erleben Sie die Vielseitigkeit unseres Scheibenmagneten 3 x 1 mm, Haftkraft 0,21 KG. Entwickelt f\u00fcr den Modellbau und kreative Projekte, kaufen Sie noch heute!\",\"breadcrumb\":{\"@id\":\"https:\/\/www.magnetenspecialist.nl\/de\/speichern\/scheibenmagnete\/scheibenmagnet-3-x-1-mm\/#breadcrumb\"},\"inLanguage\":\"de\",\"potentialAction\":[{\"@type\":\"ReadAction\",\"target\":[\"https:\/\/www.magnetenspecialist.nl\/de\/speichern\/scheibenmagnete\/scheibenmagnet-3-x-1-mm\/\"]}]},{\"@type\":\"ImageObject\",\"inLanguage\":\"de\",\"@id\":\"https:\/\/www.magnetenspecialist.nl\/de\/speichern\/scheibenmagnete\/scheibenmagnet-3-x-1-mm\/#primaryimage\",\"url\":\"https:\/\/www.magnetenspecialist.nl\/wp-content\/uploads\/2019\/03\/Magnetenspecialist.nl_Schijfmagneet-3-x-1-mm_2-2.jpg\",\"contentUrl\":\"https:\/\/www.magnetenspecialist.nl\/wp-content\/uploads\/2019\/03\/Magnetenspecialist.nl_Schijfmagneet-3-x-1-mm_2-2.jpg\",\"width\":1500,\"height\":1500},{\"@type\":\"BreadcrumbList\",\"@id\":\"https:\/\/www.magnetenspecialist.nl\/de\/speichern\/scheibenmagnete\/scheibenmagnet-3-x-1-mm\/#breadcrumb\",\"itemListElement\":[{\"@type\":\"ListItem\",\"position\":1,\"name\":\"Startseite\",\"item\":\"https:\/\/www.magnetenspecialist.nl\/de\/\"},{\"@type\":\"ListItem\",\"position\":2,\"name\":\"Shop\",\"item\":\"https:\/\/www.magnetenspecialist.nl\/de\/shop\/\"},{\"@type\":\"ListItem\",\"position\":3,\"name\":\"Scheibenmagnet 3 x 1 mm\"}]},{\"@type\":\"WebSite\",\"@id\":\"https:\/\/www.magnetenspecialist.nl\/de\/#website\",\"url\":\"https:\/\/www.magnetenspecialist.nl\/de\/\",\"name\":\"Magnetenspecialist.nl\",\"description\":\"Umfangreiches Angebot an Neodym-Magneten\",\"publisher\":{\"@id\":\"https:\/\/www.magnetenspecialist.nl\/de\/#organization\"},\"potentialAction\":[{\"@type\":\"SearchAction\",\"target\":{\"@type\":\"EntryPoint\",\"urlTemplate\":\"https:\/\/www.magnetenspecialist.nl\/de\/?s={search_term_string}\"},\"query-input\":{\"@type\":\"PropertyValueSpecification\",\"valueRequired\":true,\"valueName\":\"search_term_string\"}}],\"inLanguage\":\"de\"},{\"@type\":\"Organization\",\"@id\":\"https:\/\/www.magnetenspecialist.nl\/de\/#organization\",\"name\":\"Magnetenspecialist.nl\",\"url\":\"https:\/\/www.magnetenspecialist.nl\/de\/\",\"logo\":{\"@type\":\"ImageObject\",\"inLanguage\":\"de\",\"@id\":\"https:\/\/www.magnetenspecialist.nl\/de\/#\/schema\/logo\/image\/\",\"url\":\"https:\/\/www.magnetenspecialist.nl\/wp-content\/uploads\/2018\/10\/magneten-logo.jpg\",\"contentUrl\":\"https:\/\/www.magnetenspecialist.nl\/wp-content\/uploads\/2018\/10\/magneten-logo.jpg\",\"width\":151,\"height\":151,\"caption\":\"Magnetenspecialist.nl\"},\"image\":{\"@id\":\"https:\/\/www.magnetenspecialist.nl\/de\/#\/schema\/logo\/image\/\"},\"sameAs\":[\"https:\/\/www.facebook.com\/Magnetenspecialist.nl\",\"https:\/\/x.com\/magnetenspecial\"]}]}<\/script>\n<meta property=\"product:price:amount\" content=\"0.25\" \/>\n<meta property=\"product:price:currency\" content=\"EUR\" \/>\n<meta property=\"og:availability\" content=\"instock\" \/>\n<meta property=\"product:availability\" content=\"instock\" \/>\n<meta property=\"product:retailer_item_id\" content=\"sc003x001-N\" \/>\n<meta property=\"product:condition\" content=\"new\" \/>\n<!-- \/ Yoast SEO Premium plugin. -->","yoast_head_json":{"title":"Scheibenmagnet 3 x 1 mm, Haftkraft 0,21 KG f\u00fcr den Modellbau - Magnetenspecialist.nl","description":"Erleben Sie die Vielseitigkeit unseres Scheibenmagneten 3 x 1 mm, Haftkraft 0,21 KG. Entwickelt f\u00fcr den Modellbau und kreative Projekte, kaufen Sie noch heute!","robots":{"index":"index","follow":"follow","max-snippet":"max-snippet:-1","max-image-preview":"max-image-preview:large","max-video-preview":"max-video-preview:-1"},"canonical":"https:\/\/www.magnetenspecialist.nl\/de\/speichern\/scheibenmagnete\/scheibenmagnet-3-x-1-mm\/","og_locale":"de_DE","og_type":"article","og_title":"Scheibenmagnet 3 x 1 mm","og_description":"Erleben Sie die Vielseitigkeit unseres Scheibenmagneten 3 x 1 mm, Haftkraft 0,21 KG. Entwickelt f\u00fcr den Modellbau und kreative Projekte, kaufen Sie noch heute!","og_url":"https:\/\/www.magnetenspecialist.nl\/de\/speichern\/scheibenmagnete\/scheibenmagnet-3-x-1-mm\/","og_site_name":"Magnetenspecialist.nl","article_publisher":"https:\/\/www.facebook.com\/Magnetenspecialist.nl","article_modified_time":"2025-04-07T11:07:52+00:00","og_image":[{"width":1500,"height":1500,"url":"https:\/\/www.magnetenspecialist.nl\/wp-content\/uploads\/2019\/03\/Magnetenspecialist.nl_Schijfmagneet-3-x-1-mm_2-2.jpg","type":"image\/jpeg"}],"twitter_card":"summary_large_image","twitter_site":"@magnetenspecial","twitter_misc":{"Preis":"&euro;&nbsp;0,25","Verf\u00fcgbarkeit":"Auf Lager"},"schema":{"@context":"https:\/\/schema.org","@graph":[{"@type":"WebPage","@id":"https:\/\/www.magnetenspecialist.nl\/de\/speichern\/scheibenmagnete\/scheibenmagnet-3-x-1-mm\/","url":"https:\/\/www.magnetenspecialist.nl\/de\/speichern\/scheibenmagnete\/scheibenmagnet-3-x-1-mm\/","name":"Scheibenmagnet 3 x 1 mm, Haftkraft 0,21 KG f\u00fcr den Modellbau - Magnetenspecialist.nl","isPartOf":{"@id":"https:\/\/www.magnetenspecialist.nl\/de\/#website"},"primaryImageOfPage":{"@id":"https:\/\/www.magnetenspecialist.nl\/de\/speichern\/scheibenmagnete\/scheibenmagnet-3-x-1-mm\/#primaryimage"},"image":{"@id":"https:\/\/www.magnetenspecialist.nl\/de\/speichern\/scheibenmagnete\/scheibenmagnet-3-x-1-mm\/#primaryimage"},"thumbnailUrl":"https:\/\/www.magnetenspecialist.nl\/wp-content\/uploads\/2019\/03\/Magnetenspecialist.nl_Schijfmagneet-3-x-1-mm_2-2.jpg","datePublished":"2019-03-08T10:01:17+00:00","dateModified":"2025-04-07T11:07:52+00:00","description":"Erleben Sie die Vielseitigkeit unseres Scheibenmagneten 3 x 1 mm, Haftkraft 0,21 KG. Entwickelt f\u00fcr den Modellbau und kreative Projekte, kaufen Sie noch heute!","breadcrumb":{"@id":"https:\/\/www.magnetenspecialist.nl\/de\/speichern\/scheibenmagnete\/scheibenmagnet-3-x-1-mm\/#breadcrumb"},"inLanguage":"de","potentialAction":[{"@type":"ReadAction","target":["https:\/\/www.magnetenspecialist.nl\/de\/speichern\/scheibenmagnete\/scheibenmagnet-3-x-1-mm\/"]}]},{"@type":"ImageObject","inLanguage":"de","@id":"https:\/\/www.magnetenspecialist.nl\/de\/speichern\/scheibenmagnete\/scheibenmagnet-3-x-1-mm\/#primaryimage","url":"https:\/\/www.magnetenspecialist.nl\/wp-content\/uploads\/2019\/03\/Magnetenspecialist.nl_Schijfmagneet-3-x-1-mm_2-2.jpg","contentUrl":"https:\/\/www.magnetenspecialist.nl\/wp-content\/uploads\/2019\/03\/Magnetenspecialist.nl_Schijfmagneet-3-x-1-mm_2-2.jpg","width":1500,"height":1500},{"@type":"BreadcrumbList","@id":"https:\/\/www.magnetenspecialist.nl\/de\/speichern\/scheibenmagnete\/scheibenmagnet-3-x-1-mm\/#breadcrumb","itemListElement":[{"@type":"ListItem","position":1,"name":"Startseite","item":"https:\/\/www.magnetenspecialist.nl\/de\/"},{"@type":"ListItem","position":2,"name":"Shop","item":"https:\/\/www.magnetenspecialist.nl\/de\/shop\/"},{"@type":"ListItem","position":3,"name":"Scheibenmagnet 3 x 1 mm"}]},{"@type":"WebSite","@id":"https:\/\/www.magnetenspecialist.nl\/de\/#website","url":"https:\/\/www.magnetenspecialist.nl\/de\/","name":"Magnetenspecialist.nl","description":"Umfangreiches Angebot an Neodym-Magneten","publisher":{"@id":"https:\/\/www.magnetenspecialist.nl\/de\/#organization"},"potentialAction":[{"@type":"SearchAction","target":{"@type":"EntryPoint","urlTemplate":"https:\/\/www.magnetenspecialist.nl\/de\/?s={search_term_string}"},"query-input":{"@type":"PropertyValueSpecification","valueRequired":true,"valueName":"search_term_string"}}],"inLanguage":"de"},{"@type":"Organization","@id":"https:\/\/www.magnetenspecialist.nl\/de\/#organization","name":"Magnetenspecialist.nl","url":"https:\/\/www.magnetenspecialist.nl\/de\/","logo":{"@type":"ImageObject","inLanguage":"de","@id":"https:\/\/www.magnetenspecialist.nl\/de\/#\/schema\/logo\/image\/","url":"https:\/\/www.magnetenspecialist.nl\/wp-content\/uploads\/2018\/10\/magneten-logo.jpg","contentUrl":"https:\/\/www.magnetenspecialist.nl\/wp-content\/uploads\/2018\/10\/magneten-logo.jpg","width":151,"height":151,"caption":"Magnetenspecialist.nl"},"image":{"@id":"https:\/\/www.magnetenspecialist.nl\/de\/#\/schema\/logo\/image\/"},"sameAs":["https:\/\/www.facebook.com\/Magnetenspecialist.nl","https:\/\/x.com\/magnetenspecial"]}]},"product_price_amount":"0.25","product_price_currency":"EUR","og_availability":"instock","product_availability":"instock","product_retailer_item_id":"sc003x001-N","product_condition":"new"},"_links":{"self":[{"href":"https:\/\/www.magnetenspecialist.nl\/de\/wp-json\/wp\/v2\/product\/94903","targetHints":{"allow":["GET"]}}],"collection":[{"href":"https:\/\/www.magnetenspecialist.nl\/de\/wp-json\/wp\/v2\/product"}],"about":[{"href":"https:\/\/www.magnetenspecialist.nl\/de\/wp-json\/wp\/v2\/types\/product"}],"wp:featuredmedia":[{"embeddable":true,"href":"https:\/\/www.magnetenspecialist.nl\/de\/wp-json\/wp\/v2\/media\/110469"}],"wp:attachment":[{"href":"https:\/\/www.magnetenspecialist.nl\/de\/wp-json\/wp\/v2\/media?parent=94903"}],"wp:term":[{"taxonomy":"product_brand","embeddable":true,"href":"https:\/\/www.magnetenspecialist.nl\/de\/wp-json\/wp\/v2\/product_brand?post=94903"},{"taxonomy":"product_cat","embeddable":true,"href":"https:\/\/www.magnetenspecialist.nl\/de\/wp-json\/wp\/v2\/product_cat?post=94903"},{"taxonomy":"product_tag","embeddable":true,"href":"https:\/\/www.magnetenspecialist.nl\/de\/wp-json\/wp\/v2\/product_tag?post=94903"}],"curies":[{"name":"wp","href":"https:\/\/api.w.org\/{rel}","templated":true}]}}