{"id":94979,"date":"2019-03-08T11:01:35","date_gmt":"2019-03-08T10:01:35","guid":{"rendered":"https:\/\/www.magnetenspecialist.nl\/winkel\/unkategorisiert\/scheibenmagnet-15-x-3-mm\/"},"modified":"2025-04-07T13:20:16","modified_gmt":"2025-04-07T11:20:16","slug":"schijfmagneet-15-x-3-mm","status":"publish","type":"product","link":"https:\/\/www.magnetenspecialist.nl\/de\/speichern\/scheibenmagnete\/schijfmagneet-15-x-3-mm\/","title":{"rendered":"Scheibenmagnet 15 x 3 mm"},"content":{"rendered":"<p class=\"\" data-start=\"75\" data-end=\"102\"><strong data-start=\"75\" data-end=\"102\">Scheibenmagnet 15 x 3 mm<\/strong><\/p>\n<p class=\"\" data-start=\"104\" data-end=\"603\">Mit einer Gr\u00f6\u00dfe von 15 mm (Durchmesser) x 3 mm (H\u00f6he) bietet dieser Scheibenmagnet eine starke magnetische Wirkung bei kompakter Gr\u00f6\u00dfe. Hergestellt aus Neodym, dem st\u00e4rksten permanentmagnetischen Material, ist dieser Magnet ideal f\u00fcr Anwendungen, die eine starke Haftung erfordern, ohne viel Platz zu beanspruchen. Der Magnet ist vielseitig einsetzbar f\u00fcr industrielle Anwendungen, Hobbyprojekte, Magnethalter und andere Anwendungen, bei denen eine zuverl\u00e4ssige magnetische Verbindung erforderlich ist.  <\/p>\n<p class=\"\" data-start=\"605\" data-end=\"619\"><strong data-start=\"605\" data-end=\"619\">Merkmale:<\/strong><\/p>\n<ul data-start=\"620\" data-end=\"1013\">\n<li class=\"\" data-start=\"620\" data-end=\"670\">\n<p class=\"\" data-start=\"622\" data-end=\"670\"><strong data-start=\"622\" data-end=\"636\">Abmessungen<\/strong>: 15 mm (Durchmesser) x 3 mm (H\u00f6he)<\/p>\n<\/li>\n<li class=\"\" data-start=\"671\" data-end=\"731\">\n<p class=\"\" data-start=\"673\" data-end=\"731\"><strong data-start=\"673\" data-end=\"686\">Material<\/strong>: Neodym f\u00fcr starke Magnetkraft<\/p>\n<\/li>\n<li class=\"\" data-start=\"732\" data-end=\"855\">\n<p class=\"\" data-start=\"734\" data-end=\"855\"><strong data-start=\"734\" data-end=\"748\">Haftkraft<\/strong>: Starke Magnetkraft f\u00fcr zuverl\u00e4ssige Haftung (spezifische Haftkraft je nach Oberfl\u00e4che)<\/p>\n<\/li>\n<li class=\"\" data-start=\"856\" data-end=\"1013\">\n<p class=\"\" data-start=\"858\" data-end=\"1013\"><strong data-start=\"858\" data-end=\"874\">Anwendungen<\/strong>: Ideal f\u00fcr industrielle Anwendungen, Modellbau, Magnethalter und andere Projekte, die eine solide magnetische Verbindung erfordern<\/p>\n<\/li>\n<\/ul>\n<p class=\"\" data-start=\"1015\" data-end=\"1122\">Dieser Scheibenmagnet bietet eine ideale Kombination aus St\u00e4rke und Gr\u00f6\u00dfe f\u00fcr eine breite Palette von Anwendungen.<\/p>\n","protected":false},"excerpt":{"rendered":"<p>Scheibenmagnet 15 x 3 mm Mit einer Gr\u00f6\u00dfe von 15 mm (Durchmesser) x 3 mm (H\u00f6he) bietet dieser Scheibenmagnet eine starke magnetische Wirkung bei kompakter Gr\u00f6\u00dfe. Hergestellt aus Neodym, dem st\u00e4rksten permanentmagnetischen Material, ist dieser Magnet ideal f\u00fcr Anwendungen, die eine starke Haftung erfordern, ohne viel Platz zu beanspruchen. Der Magnet ist vielseitig einsetzbar f\u00fcr [&hellip;]<\/p>\n","protected":false},"featured_media":113231,"template":"","meta":{"_acf_changed":false},"product_brand":[3521],"product_cat":[1401],"product_tag":[3165],"class_list":{"0":"post-94979","1":"product","2":"type-product","3":"status-publish","4":"has-post-thumbnail","6":"product_brand-magnetenspecialist","7":"product_cat-scheibenmagnete","8":"product_tag-groep-5-de","9":"pa_houdkracht-3-5-de","10":"pa_magnetisering-n48-de","11":"pa_magnetiseringsrichting-axiaal-de","12":"pa_materiaal-vernickelt-ni-cu-ni-de-2","13":"pa_maximale-gebruikstemperatuur-80-de","14":"pa_model-scheibenmagnet","16":"first","17":"instock","18":"taxable","19":"shipping-taxable","20":"purchasable","21":"product-type-simple"},"supplier_id":null,"supplier_sku":"","barcode":null,"atum_controlled":true,"out_stock_date":null,"out_stock_threshold":null,"inheritable":false,"inbound_stock":0,"stock_on_hold":0,"sold_today":20,"sales_last_days":47,"reserved_stock":0,"customer_returns":0,"warehouse_damage":0,"lost_in_post":0,"other_logs":0,"out_stock_days":0,"lost_sales":0,"has_location":false,"update_date":"2026-04-23T13:38:35","atum_locations":[],"atum_stock_status":"instock","restock_status":false,"low_stock_amount":5000,"sales_update_date":"2026-04-23T13:38:34","calc_backorders":null,"acf":[],"yoast_head":"<!-- This site is optimized with the Yoast SEO Premium plugin v24.7 (Yoast SEO v24.7) - https:\/\/yoast.com\/wordpress\/plugins\/seo\/ -->\n<title>Scheibenmagnet 15 x 3 mm - Magnetenspecialist.nl<\/title>\n<meta name=\"description\" content=\"Entdecken Sie die Kraft unseres Scheibenmagneten 15 x 3 mm, hergestellt aus Neodym f\u00fcr starke Haftung. Perfekt f\u00fcr alle Ihre Industrie- und Hobbyprojekte!\" \/>\n<meta name=\"robots\" content=\"index, follow, max-snippet:-1, max-image-preview:large, max-video-preview:-1\" \/>\n<link rel=\"canonical\" href=\"https:\/\/www.magnetenspecialist.nl\/de\/speichern\/scheibenmagnete\/schijfmagneet-15-x-3-mm\/\" \/>\n<meta property=\"og:locale\" content=\"de_DE\" \/>\n<meta property=\"og:type\" content=\"article\" \/>\n<meta property=\"og:title\" content=\"Scheibenmagnet 15 x 3 mm\" \/>\n<meta property=\"og:description\" content=\"Entdecken Sie die Kraft unseres Scheibenmagneten 15 x 3 mm, hergestellt aus Neodym f\u00fcr starke Haftung. Perfekt f\u00fcr alle Ihre Industrie- und Hobbyprojekte!\" \/>\n<meta property=\"og:url\" content=\"https:\/\/www.magnetenspecialist.nl\/de\/speichern\/scheibenmagnete\/schijfmagneet-15-x-3-mm\/\" \/>\n<meta property=\"og:site_name\" content=\"Magnetenspecialist.nl\" \/>\n<meta property=\"article:publisher\" content=\"https:\/\/www.facebook.com\/Magnetenspecialist.nl\" \/>\n<meta property=\"article:modified_time\" content=\"2025-04-07T11:20:16+00:00\" \/>\n<meta property=\"og:image\" content=\"https:\/\/www.magnetenspecialist.nl\/wp-content\/uploads\/2019\/03\/Magnetenspecialist.nl_Schijfmagneet-15-x-3-mm_1.jpg\" \/>\n\t<meta property=\"og:image:width\" content=\"1500\" \/>\n\t<meta property=\"og:image:height\" content=\"1500\" \/>\n\t<meta property=\"og:image:type\" content=\"image\/jpeg\" \/>\n<meta name=\"twitter:card\" content=\"summary_large_image\" \/>\n<meta name=\"twitter:site\" content=\"@magnetenspecial\" \/>\n<meta name=\"twitter:label1\" content=\"Preis\" \/>\n\t<meta name=\"twitter:data1\" content=\"&euro;&nbsp;1,13\" \/>\n\t<meta name=\"twitter:label2\" content=\"Verf\u00fcgbarkeit\" \/>\n\t<meta name=\"twitter:data2\" content=\"Auf Lager\" \/>\n<script type=\"application\/ld+json\" class=\"yoast-schema-graph\">{\"@context\":\"https:\/\/schema.org\",\"@graph\":[{\"@type\":\"WebPage\",\"@id\":\"https:\/\/www.magnetenspecialist.nl\/de\/speichern\/scheibenmagnete\/schijfmagneet-15-x-3-mm\/\",\"url\":\"https:\/\/www.magnetenspecialist.nl\/de\/speichern\/scheibenmagnete\/schijfmagneet-15-x-3-mm\/\",\"name\":\"Scheibenmagnet 15 x 3 mm - Magnetenspecialist.nl\",\"isPartOf\":{\"@id\":\"https:\/\/www.magnetenspecialist.nl\/de\/#website\"},\"primaryImageOfPage\":{\"@id\":\"https:\/\/www.magnetenspecialist.nl\/de\/speichern\/scheibenmagnete\/schijfmagneet-15-x-3-mm\/#primaryimage\"},\"image\":{\"@id\":\"https:\/\/www.magnetenspecialist.nl\/de\/speichern\/scheibenmagnete\/schijfmagneet-15-x-3-mm\/#primaryimage\"},\"thumbnailUrl\":\"https:\/\/www.magnetenspecialist.nl\/wp-content\/uploads\/2019\/03\/Magnetenspecialist.nl_Schijfmagneet-15-x-3-mm_1.jpg\",\"datePublished\":\"2019-03-08T10:01:35+00:00\",\"dateModified\":\"2025-04-07T11:20:16+00:00\",\"description\":\"Entdecken Sie die Kraft unseres Scheibenmagneten 15 x 3 mm, hergestellt aus Neodym f\u00fcr starke Haftung. Perfekt f\u00fcr alle Ihre Industrie- und Hobbyprojekte!\",\"breadcrumb\":{\"@id\":\"https:\/\/www.magnetenspecialist.nl\/de\/speichern\/scheibenmagnete\/schijfmagneet-15-x-3-mm\/#breadcrumb\"},\"inLanguage\":\"de\",\"potentialAction\":[{\"@type\":\"ReadAction\",\"target\":[\"https:\/\/www.magnetenspecialist.nl\/de\/speichern\/scheibenmagnete\/schijfmagneet-15-x-3-mm\/\"]}]},{\"@type\":\"ImageObject\",\"inLanguage\":\"de\",\"@id\":\"https:\/\/www.magnetenspecialist.nl\/de\/speichern\/scheibenmagnete\/schijfmagneet-15-x-3-mm\/#primaryimage\",\"url\":\"https:\/\/www.magnetenspecialist.nl\/wp-content\/uploads\/2019\/03\/Magnetenspecialist.nl_Schijfmagneet-15-x-3-mm_1.jpg\",\"contentUrl\":\"https:\/\/www.magnetenspecialist.nl\/wp-content\/uploads\/2019\/03\/Magnetenspecialist.nl_Schijfmagneet-15-x-3-mm_1.jpg\",\"width\":1500,\"height\":1500},{\"@type\":\"BreadcrumbList\",\"@id\":\"https:\/\/www.magnetenspecialist.nl\/de\/speichern\/scheibenmagnete\/schijfmagneet-15-x-3-mm\/#breadcrumb\",\"itemListElement\":[{\"@type\":\"ListItem\",\"position\":1,\"name\":\"Startseite\",\"item\":\"https:\/\/www.magnetenspecialist.nl\/de\/\"},{\"@type\":\"ListItem\",\"position\":2,\"name\":\"Shop\",\"item\":\"https:\/\/www.magnetenspecialist.nl\/de\/shop\/\"},{\"@type\":\"ListItem\",\"position\":3,\"name\":\"Scheibenmagnet 15 x 3 mm\"}]},{\"@type\":\"WebSite\",\"@id\":\"https:\/\/www.magnetenspecialist.nl\/de\/#website\",\"url\":\"https:\/\/www.magnetenspecialist.nl\/de\/\",\"name\":\"Magnetenspecialist.nl\",\"description\":\"Umfangreiches Angebot an Neodym-Magneten\",\"publisher\":{\"@id\":\"https:\/\/www.magnetenspecialist.nl\/de\/#organization\"},\"potentialAction\":[{\"@type\":\"SearchAction\",\"target\":{\"@type\":\"EntryPoint\",\"urlTemplate\":\"https:\/\/www.magnetenspecialist.nl\/de\/?s={search_term_string}\"},\"query-input\":{\"@type\":\"PropertyValueSpecification\",\"valueRequired\":true,\"valueName\":\"search_term_string\"}}],\"inLanguage\":\"de\"},{\"@type\":\"Organization\",\"@id\":\"https:\/\/www.magnetenspecialist.nl\/de\/#organization\",\"name\":\"Magnetenspecialist.nl\",\"url\":\"https:\/\/www.magnetenspecialist.nl\/de\/\",\"logo\":{\"@type\":\"ImageObject\",\"inLanguage\":\"de\",\"@id\":\"https:\/\/www.magnetenspecialist.nl\/de\/#\/schema\/logo\/image\/\",\"url\":\"https:\/\/www.magnetenspecialist.nl\/wp-content\/uploads\/2018\/10\/magneten-logo.jpg\",\"contentUrl\":\"https:\/\/www.magnetenspecialist.nl\/wp-content\/uploads\/2018\/10\/magneten-logo.jpg\",\"width\":151,\"height\":151,\"caption\":\"Magnetenspecialist.nl\"},\"image\":{\"@id\":\"https:\/\/www.magnetenspecialist.nl\/de\/#\/schema\/logo\/image\/\"},\"sameAs\":[\"https:\/\/www.facebook.com\/Magnetenspecialist.nl\",\"https:\/\/x.com\/magnetenspecial\"]}]}<\/script>\n<meta property=\"product:price:amount\" content=\"1.13\" \/>\n<meta property=\"product:price:currency\" content=\"EUR\" \/>\n<meta property=\"og:availability\" content=\"instock\" \/>\n<meta property=\"product:availability\" content=\"instock\" \/>\n<meta property=\"product:retailer_item_id\" content=\"sc015x003-N\" \/>\n<meta property=\"product:condition\" content=\"new\" \/>\n<!-- \/ Yoast SEO Premium plugin. -->","yoast_head_json":{"title":"Scheibenmagnet 15 x 3 mm - Magnetenspecialist.nl","description":"Entdecken Sie die Kraft unseres Scheibenmagneten 15 x 3 mm, hergestellt aus Neodym f\u00fcr starke Haftung. Perfekt f\u00fcr alle Ihre Industrie- und Hobbyprojekte!","robots":{"index":"index","follow":"follow","max-snippet":"max-snippet:-1","max-image-preview":"max-image-preview:large","max-video-preview":"max-video-preview:-1"},"canonical":"https:\/\/www.magnetenspecialist.nl\/de\/speichern\/scheibenmagnete\/schijfmagneet-15-x-3-mm\/","og_locale":"de_DE","og_type":"article","og_title":"Scheibenmagnet 15 x 3 mm","og_description":"Entdecken Sie die Kraft unseres Scheibenmagneten 15 x 3 mm, hergestellt aus Neodym f\u00fcr starke Haftung. Perfekt f\u00fcr alle Ihre Industrie- und Hobbyprojekte!","og_url":"https:\/\/www.magnetenspecialist.nl\/de\/speichern\/scheibenmagnete\/schijfmagneet-15-x-3-mm\/","og_site_name":"Magnetenspecialist.nl","article_publisher":"https:\/\/www.facebook.com\/Magnetenspecialist.nl","article_modified_time":"2025-04-07T11:20:16+00:00","og_image":[{"width":1500,"height":1500,"url":"https:\/\/www.magnetenspecialist.nl\/wp-content\/uploads\/2019\/03\/Magnetenspecialist.nl_Schijfmagneet-15-x-3-mm_1.jpg","type":"image\/jpeg"}],"twitter_card":"summary_large_image","twitter_site":"@magnetenspecial","twitter_misc":{"Preis":"&euro;&nbsp;1,13","Verf\u00fcgbarkeit":"Auf Lager"},"schema":{"@context":"https:\/\/schema.org","@graph":[{"@type":"WebPage","@id":"https:\/\/www.magnetenspecialist.nl\/de\/speichern\/scheibenmagnete\/schijfmagneet-15-x-3-mm\/","url":"https:\/\/www.magnetenspecialist.nl\/de\/speichern\/scheibenmagnete\/schijfmagneet-15-x-3-mm\/","name":"Scheibenmagnet 15 x 3 mm - Magnetenspecialist.nl","isPartOf":{"@id":"https:\/\/www.magnetenspecialist.nl\/de\/#website"},"primaryImageOfPage":{"@id":"https:\/\/www.magnetenspecialist.nl\/de\/speichern\/scheibenmagnete\/schijfmagneet-15-x-3-mm\/#primaryimage"},"image":{"@id":"https:\/\/www.magnetenspecialist.nl\/de\/speichern\/scheibenmagnete\/schijfmagneet-15-x-3-mm\/#primaryimage"},"thumbnailUrl":"https:\/\/www.magnetenspecialist.nl\/wp-content\/uploads\/2019\/03\/Magnetenspecialist.nl_Schijfmagneet-15-x-3-mm_1.jpg","datePublished":"2019-03-08T10:01:35+00:00","dateModified":"2025-04-07T11:20:16+00:00","description":"Entdecken Sie die Kraft unseres Scheibenmagneten 15 x 3 mm, hergestellt aus Neodym f\u00fcr starke Haftung. Perfekt f\u00fcr alle Ihre Industrie- und Hobbyprojekte!","breadcrumb":{"@id":"https:\/\/www.magnetenspecialist.nl\/de\/speichern\/scheibenmagnete\/schijfmagneet-15-x-3-mm\/#breadcrumb"},"inLanguage":"de","potentialAction":[{"@type":"ReadAction","target":["https:\/\/www.magnetenspecialist.nl\/de\/speichern\/scheibenmagnete\/schijfmagneet-15-x-3-mm\/"]}]},{"@type":"ImageObject","inLanguage":"de","@id":"https:\/\/www.magnetenspecialist.nl\/de\/speichern\/scheibenmagnete\/schijfmagneet-15-x-3-mm\/#primaryimage","url":"https:\/\/www.magnetenspecialist.nl\/wp-content\/uploads\/2019\/03\/Magnetenspecialist.nl_Schijfmagneet-15-x-3-mm_1.jpg","contentUrl":"https:\/\/www.magnetenspecialist.nl\/wp-content\/uploads\/2019\/03\/Magnetenspecialist.nl_Schijfmagneet-15-x-3-mm_1.jpg","width":1500,"height":1500},{"@type":"BreadcrumbList","@id":"https:\/\/www.magnetenspecialist.nl\/de\/speichern\/scheibenmagnete\/schijfmagneet-15-x-3-mm\/#breadcrumb","itemListElement":[{"@type":"ListItem","position":1,"name":"Startseite","item":"https:\/\/www.magnetenspecialist.nl\/de\/"},{"@type":"ListItem","position":2,"name":"Shop","item":"https:\/\/www.magnetenspecialist.nl\/de\/shop\/"},{"@type":"ListItem","position":3,"name":"Scheibenmagnet 15 x 3 mm"}]},{"@type":"WebSite","@id":"https:\/\/www.magnetenspecialist.nl\/de\/#website","url":"https:\/\/www.magnetenspecialist.nl\/de\/","name":"Magnetenspecialist.nl","description":"Umfangreiches Angebot an Neodym-Magneten","publisher":{"@id":"https:\/\/www.magnetenspecialist.nl\/de\/#organization"},"potentialAction":[{"@type":"SearchAction","target":{"@type":"EntryPoint","urlTemplate":"https:\/\/www.magnetenspecialist.nl\/de\/?s={search_term_string}"},"query-input":{"@type":"PropertyValueSpecification","valueRequired":true,"valueName":"search_term_string"}}],"inLanguage":"de"},{"@type":"Organization","@id":"https:\/\/www.magnetenspecialist.nl\/de\/#organization","name":"Magnetenspecialist.nl","url":"https:\/\/www.magnetenspecialist.nl\/de\/","logo":{"@type":"ImageObject","inLanguage":"de","@id":"https:\/\/www.magnetenspecialist.nl\/de\/#\/schema\/logo\/image\/","url":"https:\/\/www.magnetenspecialist.nl\/wp-content\/uploads\/2018\/10\/magneten-logo.jpg","contentUrl":"https:\/\/www.magnetenspecialist.nl\/wp-content\/uploads\/2018\/10\/magneten-logo.jpg","width":151,"height":151,"caption":"Magnetenspecialist.nl"},"image":{"@id":"https:\/\/www.magnetenspecialist.nl\/de\/#\/schema\/logo\/image\/"},"sameAs":["https:\/\/www.facebook.com\/Magnetenspecialist.nl","https:\/\/x.com\/magnetenspecial"]}]},"product_price_amount":"1.13","product_price_currency":"EUR","og_availability":"instock","product_availability":"instock","product_retailer_item_id":"sc015x003-N","product_condition":"new"},"_links":{"self":[{"href":"https:\/\/www.magnetenspecialist.nl\/de\/wp-json\/wp\/v2\/product\/94979","targetHints":{"allow":["GET"]}}],"collection":[{"href":"https:\/\/www.magnetenspecialist.nl\/de\/wp-json\/wp\/v2\/product"}],"about":[{"href":"https:\/\/www.magnetenspecialist.nl\/de\/wp-json\/wp\/v2\/types\/product"}],"wp:featuredmedia":[{"embeddable":true,"href":"https:\/\/www.magnetenspecialist.nl\/de\/wp-json\/wp\/v2\/media\/113231"}],"wp:attachment":[{"href":"https:\/\/www.magnetenspecialist.nl\/de\/wp-json\/wp\/v2\/media?parent=94979"}],"wp:term":[{"taxonomy":"product_brand","embeddable":true,"href":"https:\/\/www.magnetenspecialist.nl\/de\/wp-json\/wp\/v2\/product_brand?post=94979"},{"taxonomy":"product_cat","embeddable":true,"href":"https:\/\/www.magnetenspecialist.nl\/de\/wp-json\/wp\/v2\/product_cat?post=94979"},{"taxonomy":"product_tag","embeddable":true,"href":"https:\/\/www.magnetenspecialist.nl\/de\/wp-json\/wp\/v2\/product_tag?post=94979"}],"curies":[{"name":"wp","href":"https:\/\/api.w.org\/{rel}","templated":true}]}}