{"id":95012,"date":"2019-03-08T11:01:35","date_gmt":"2019-03-08T10:01:35","guid":{"rendered":"https:\/\/www.magnetenspecialist.nl\/winkel\/unkategorisiert\/scheibenmagnet-22-x-1-mm-selbstklebend\/"},"modified":"2025-04-07T10:19:13","modified_gmt":"2025-04-07T08:19:13","slug":"scheibenmagnet-22-x-1-mm-selbstklebend","status":"publish","type":"product","link":"https:\/\/www.magnetenspecialist.nl\/de\/speichern\/scheibenmagnete\/scheibenmagnet-22-x-1-mm-selbstklebend\/","title":{"rendered":"Scheibenmagnet 22 x 1 mm (selbstklebend)"},"content":{"rendered":"<p class=\"\" data-start=\"101\" data-end=\"142\"><strong data-start=\"101\" data-end=\"142\">Scheibenmagnet 22 x 1 mm (selbstklebend)<\/strong><\/p>\n<p class=\"\" data-start=\"144\" data-end=\"561\">Dieser selbstklebende Scheibenmagnet hat einen Durchmesser von 22 mm und eine Dicke von 1 mm. Der Magnet ist ideal f\u00fcr eine Vielzahl von Anwendungen, wie z.B. das Anbringen von Objekten auf verschiedenen Oberfl\u00e4chen, das Basteln von Projekten oder die Gestaltung von Displays und kreativen L\u00f6sungen. Die selbstklebende R\u00fcckseite sorgt f\u00fcr eine einfache und schnelle Anbringung, ohne dass Sie zus\u00e4tzliches Werkzeug ben\u00f6tigen.  <\/p>\n<p class=\"\" data-start=\"563\" data-end=\"577\"><strong data-start=\"563\" data-end=\"577\">Merkmale:<\/strong><\/p>\n<ul data-start=\"578\" data-end=\"827\">\n<li class=\"\" data-start=\"578\" data-end=\"623\">\n<p class=\"\" data-start=\"580\" data-end=\"623\">Abmessungen: 22 mm (Durchmesser) x 1 mm (Dicke)<\/p>\n<\/li>\n<li class=\"\" data-start=\"624\" data-end=\"667\">\n<p class=\"\" data-start=\"626\" data-end=\"667\">Selbstklebend f\u00fcr einfache Befestigung<\/p>\n<\/li>\n<li class=\"\" data-start=\"668\" data-end=\"721\">\n<p class=\"\" data-start=\"670\" data-end=\"721\">Starke Magnetkraft f\u00fcr zuverl\u00e4ssige Haftung<\/p>\n<\/li>\n<li class=\"\" data-start=\"722\" data-end=\"775\">\n<p class=\"\" data-start=\"724\" data-end=\"775\">Geeignet f\u00fcr die Verwendung auf verschiedenen Oberfl\u00e4chen<\/p>\n<\/li>\n<li class=\"\" data-start=\"776\" data-end=\"827\">\n<p class=\"\" data-start=\"778\" data-end=\"827\">Ideal f\u00fcr Bastelprojekte, Hobbys und Ausstellungen<\/p>\n<\/li>\n<\/ul>\n<p class=\"\" data-start=\"829\" data-end=\"1011\">Mit diesem Scheibenmagneten k\u00f6nnen Sie ganz einfach Objekte aneinander befestigen oder h\u00e4ngende Gegenst\u00e4nde herstellen, ohne dass Sie bohren oder andere Befestigungsmittel verwenden m\u00fcssen.<\/p>\n","protected":false},"excerpt":{"rendered":"<p>selbstklebend<\/p>\n","protected":false},"featured_media":113483,"template":"","meta":{"_acf_changed":false},"product_brand":[3521],"product_cat":[1401,2917],"product_tag":[3165],"class_list":{"0":"post-95012","1":"product","2":"type-product","3":"status-publish","4":"has-post-thumbnail","6":"product_brand-magnetenspecialist","7":"product_cat-scheibenmagnete","8":"product_cat-selbstklebender-magnet","9":"product_tag-groep-5-de","10":"pa_houdkracht-1-5-de","11":"pa_magnetisering-n48-de","12":"pa_magnetiseringsrichting-axiaal-de","13":"pa_materiaal-vernickelt-ni-cu-ni-de-2","14":"pa_maximale-gebruikstemperatuur-80-de","15":"pa_model-scheibenmagnet","17":"first","18":"instock","19":"taxable","20":"shipping-taxable","21":"purchasable","22":"product-type-simple"},"supplier_id":null,"supplier_sku":"","barcode":null,"atum_controlled":true,"out_stock_date":null,"out_stock_threshold":null,"inheritable":false,"inbound_stock":0,"stock_on_hold":0,"sold_today":4,"sales_last_days":4,"reserved_stock":0,"customer_returns":0,"warehouse_damage":0,"lost_in_post":0,"other_logs":0,"out_stock_days":0,"lost_sales":0,"has_location":false,"update_date":"2026-04-13T08:48:42","atum_locations":[],"atum_stock_status":"instock","restock_status":false,"low_stock_amount":1200,"sales_update_date":"2026-04-13T08:48:40","calc_backorders":null,"acf":[],"yoast_head":"<!-- This site is optimized with the Yoast SEO Premium plugin v24.7 (Yoast SEO v24.7) - https:\/\/yoast.com\/wordpress\/plugins\/seo\/ -->\n<title>Scheibenmagnet 22 x 1 mm (selbstklebend) - Magnetenspecialist.nl<\/title>\n<meta name=\"description\" content=\"Suchen Sie einen Scheibenmagnet 22 x 1 mm (selbstklebend)? Magnete k\u00f6nnen bequem online gekauft werden Magnetenspecialist.nl 1 Werktag Lieferzeit \u2713 14 Tage Bedenkzeit \u2713 Versand oder Abholung *.\" \/>\n<meta name=\"robots\" content=\"index, follow, max-snippet:-1, max-image-preview:large, max-video-preview:-1\" \/>\n<link rel=\"canonical\" href=\"https:\/\/www.magnetenspecialist.nl\/de\/speichern\/scheibenmagnete\/scheibenmagnet-22-x-1-mm-selbstklebend\/\" \/>\n<meta property=\"og:locale\" content=\"de_DE\" \/>\n<meta property=\"og:type\" content=\"article\" \/>\n<meta property=\"og:title\" content=\"Scheibenmagnet 22 x 1 mm (selbstklebend)\" \/>\n<meta property=\"og:description\" content=\"Suchen Sie einen Scheibenmagnet 22 x 1 mm (selbstklebend)? Magnete k\u00f6nnen bequem online gekauft werden Magnetenspecialist.nl 1 Werktag Lieferzeit \u2713 14 Tage Bedenkzeit \u2713 Versand oder Abholung *.\" \/>\n<meta property=\"og:url\" content=\"https:\/\/www.magnetenspecialist.nl\/de\/speichern\/scheibenmagnete\/scheibenmagnet-22-x-1-mm-selbstklebend\/\" \/>\n<meta property=\"og:site_name\" content=\"Magnetenspecialist.nl\" \/>\n<meta property=\"article:publisher\" content=\"https:\/\/www.facebook.com\/Magnetenspecialist.nl\" \/>\n<meta property=\"article:modified_time\" content=\"2025-04-07T08:19:13+00:00\" \/>\n<meta property=\"og:image\" content=\"https:\/\/www.magnetenspecialist.nl\/wp-content\/uploads\/2019\/03\/Magnetenspecialist.nl_Schijfmagneet-22-x-1-mm-zelfklevend_1.jpg\" \/>\n\t<meta property=\"og:image:width\" content=\"1500\" \/>\n\t<meta property=\"og:image:height\" content=\"1500\" \/>\n\t<meta property=\"og:image:type\" content=\"image\/jpeg\" \/>\n<meta name=\"twitter:card\" content=\"summary_large_image\" \/>\n<meta name=\"twitter:site\" content=\"@magnetenspecial\" \/>\n<meta name=\"twitter:label1\" content=\"Preis\" \/>\n\t<meta name=\"twitter:data1\" content=\"&euro;&nbsp;1,02\" \/>\n\t<meta name=\"twitter:label2\" content=\"Verf\u00fcgbarkeit\" \/>\n\t<meta name=\"twitter:data2\" content=\"Auf Lager\" \/>\n<script type=\"application\/ld+json\" class=\"yoast-schema-graph\">{\"@context\":\"https:\/\/schema.org\",\"@graph\":[{\"@type\":\"WebPage\",\"@id\":\"https:\/\/www.magnetenspecialist.nl\/de\/speichern\/scheibenmagnete\/scheibenmagnet-22-x-1-mm-selbstklebend\/\",\"url\":\"https:\/\/www.magnetenspecialist.nl\/de\/speichern\/scheibenmagnete\/scheibenmagnet-22-x-1-mm-selbstklebend\/\",\"name\":\"Scheibenmagnet 22 x 1 mm (selbstklebend) - Magnetenspecialist.nl\",\"isPartOf\":{\"@id\":\"https:\/\/www.magnetenspecialist.nl\/de\/#website\"},\"primaryImageOfPage\":{\"@id\":\"https:\/\/www.magnetenspecialist.nl\/de\/speichern\/scheibenmagnete\/scheibenmagnet-22-x-1-mm-selbstklebend\/#primaryimage\"},\"image\":{\"@id\":\"https:\/\/www.magnetenspecialist.nl\/de\/speichern\/scheibenmagnete\/scheibenmagnet-22-x-1-mm-selbstklebend\/#primaryimage\"},\"thumbnailUrl\":\"https:\/\/www.magnetenspecialist.nl\/wp-content\/uploads\/2019\/03\/Magnetenspecialist.nl_Schijfmagneet-22-x-1-mm-zelfklevend_1.jpg\",\"datePublished\":\"2019-03-08T10:01:35+00:00\",\"dateModified\":\"2025-04-07T08:19:13+00:00\",\"description\":\"Suchen Sie einen Scheibenmagnet 22 x 1 mm (selbstklebend)? Magnete k\u00f6nnen bequem online gekauft werden Magnetenspecialist.nl 1 Werktag Lieferzeit \u2713 14 Tage Bedenkzeit \u2713 Versand oder Abholung *.\",\"breadcrumb\":{\"@id\":\"https:\/\/www.magnetenspecialist.nl\/de\/speichern\/scheibenmagnete\/scheibenmagnet-22-x-1-mm-selbstklebend\/#breadcrumb\"},\"inLanguage\":\"de\",\"potentialAction\":[{\"@type\":\"ReadAction\",\"target\":[\"https:\/\/www.magnetenspecialist.nl\/de\/speichern\/scheibenmagnete\/scheibenmagnet-22-x-1-mm-selbstklebend\/\"]}]},{\"@type\":\"ImageObject\",\"inLanguage\":\"de\",\"@id\":\"https:\/\/www.magnetenspecialist.nl\/de\/speichern\/scheibenmagnete\/scheibenmagnet-22-x-1-mm-selbstklebend\/#primaryimage\",\"url\":\"https:\/\/www.magnetenspecialist.nl\/wp-content\/uploads\/2019\/03\/Magnetenspecialist.nl_Schijfmagneet-22-x-1-mm-zelfklevend_1.jpg\",\"contentUrl\":\"https:\/\/www.magnetenspecialist.nl\/wp-content\/uploads\/2019\/03\/Magnetenspecialist.nl_Schijfmagneet-22-x-1-mm-zelfklevend_1.jpg\",\"width\":1500,\"height\":1500},{\"@type\":\"BreadcrumbList\",\"@id\":\"https:\/\/www.magnetenspecialist.nl\/de\/speichern\/scheibenmagnete\/scheibenmagnet-22-x-1-mm-selbstklebend\/#breadcrumb\",\"itemListElement\":[{\"@type\":\"ListItem\",\"position\":1,\"name\":\"Startseite\",\"item\":\"https:\/\/www.magnetenspecialist.nl\/de\/\"},{\"@type\":\"ListItem\",\"position\":2,\"name\":\"Shop\",\"item\":\"https:\/\/www.magnetenspecialist.nl\/de\/shop\/\"},{\"@type\":\"ListItem\",\"position\":3,\"name\":\"Scheibenmagnet 22 x 1 mm (selbstklebend)\"}]},{\"@type\":\"WebSite\",\"@id\":\"https:\/\/www.magnetenspecialist.nl\/de\/#website\",\"url\":\"https:\/\/www.magnetenspecialist.nl\/de\/\",\"name\":\"Magnetenspecialist.nl\",\"description\":\"Umfangreiches Angebot an Neodym-Magneten\",\"publisher\":{\"@id\":\"https:\/\/www.magnetenspecialist.nl\/de\/#organization\"},\"potentialAction\":[{\"@type\":\"SearchAction\",\"target\":{\"@type\":\"EntryPoint\",\"urlTemplate\":\"https:\/\/www.magnetenspecialist.nl\/de\/?s={search_term_string}\"},\"query-input\":{\"@type\":\"PropertyValueSpecification\",\"valueRequired\":true,\"valueName\":\"search_term_string\"}}],\"inLanguage\":\"de\"},{\"@type\":\"Organization\",\"@id\":\"https:\/\/www.magnetenspecialist.nl\/de\/#organization\",\"name\":\"Magnetenspecialist.nl\",\"url\":\"https:\/\/www.magnetenspecialist.nl\/de\/\",\"logo\":{\"@type\":\"ImageObject\",\"inLanguage\":\"de\",\"@id\":\"https:\/\/www.magnetenspecialist.nl\/de\/#\/schema\/logo\/image\/\",\"url\":\"https:\/\/www.magnetenspecialist.nl\/wp-content\/uploads\/2018\/10\/magneten-logo.jpg\",\"contentUrl\":\"https:\/\/www.magnetenspecialist.nl\/wp-content\/uploads\/2018\/10\/magneten-logo.jpg\",\"width\":151,\"height\":151,\"caption\":\"Magnetenspecialist.nl\"},\"image\":{\"@id\":\"https:\/\/www.magnetenspecialist.nl\/de\/#\/schema\/logo\/image\/\"},\"sameAs\":[\"https:\/\/www.facebook.com\/Magnetenspecialist.nl\",\"https:\/\/x.com\/magnetenspecial\"]}]}<\/script>\n<meta property=\"product:price:amount\" content=\"1.02\" \/>\n<meta property=\"product:price:currency\" content=\"EUR\" \/>\n<meta property=\"og:availability\" content=\"instock\" \/>\n<meta property=\"product:availability\" content=\"instock\" \/>\n<meta property=\"product:retailer_item_id\" content=\"sc022x001-N-Z\" \/>\n<meta property=\"product:condition\" content=\"new\" \/>\n<!-- \/ Yoast SEO Premium plugin. -->","yoast_head_json":{"title":"Scheibenmagnet 22 x 1 mm (selbstklebend) - Magnetenspecialist.nl","description":"Suchen Sie einen Scheibenmagnet 22 x 1 mm (selbstklebend)? Magnete k\u00f6nnen bequem online gekauft werden Magnetenspecialist.nl 1 Werktag Lieferzeit \u2713 14 Tage Bedenkzeit \u2713 Versand oder Abholung *.","robots":{"index":"index","follow":"follow","max-snippet":"max-snippet:-1","max-image-preview":"max-image-preview:large","max-video-preview":"max-video-preview:-1"},"canonical":"https:\/\/www.magnetenspecialist.nl\/de\/speichern\/scheibenmagnete\/scheibenmagnet-22-x-1-mm-selbstklebend\/","og_locale":"de_DE","og_type":"article","og_title":"Scheibenmagnet 22 x 1 mm (selbstklebend)","og_description":"Suchen Sie einen Scheibenmagnet 22 x 1 mm (selbstklebend)? Magnete k\u00f6nnen bequem online gekauft werden Magnetenspecialist.nl 1 Werktag Lieferzeit \u2713 14 Tage Bedenkzeit \u2713 Versand oder Abholung *.","og_url":"https:\/\/www.magnetenspecialist.nl\/de\/speichern\/scheibenmagnete\/scheibenmagnet-22-x-1-mm-selbstklebend\/","og_site_name":"Magnetenspecialist.nl","article_publisher":"https:\/\/www.facebook.com\/Magnetenspecialist.nl","article_modified_time":"2025-04-07T08:19:13+00:00","og_image":[{"width":1500,"height":1500,"url":"https:\/\/www.magnetenspecialist.nl\/wp-content\/uploads\/2019\/03\/Magnetenspecialist.nl_Schijfmagneet-22-x-1-mm-zelfklevend_1.jpg","type":"image\/jpeg"}],"twitter_card":"summary_large_image","twitter_site":"@magnetenspecial","twitter_misc":{"Preis":"&euro;&nbsp;1,02","Verf\u00fcgbarkeit":"Auf Lager"},"schema":{"@context":"https:\/\/schema.org","@graph":[{"@type":"WebPage","@id":"https:\/\/www.magnetenspecialist.nl\/de\/speichern\/scheibenmagnete\/scheibenmagnet-22-x-1-mm-selbstklebend\/","url":"https:\/\/www.magnetenspecialist.nl\/de\/speichern\/scheibenmagnete\/scheibenmagnet-22-x-1-mm-selbstklebend\/","name":"Scheibenmagnet 22 x 1 mm (selbstklebend) - Magnetenspecialist.nl","isPartOf":{"@id":"https:\/\/www.magnetenspecialist.nl\/de\/#website"},"primaryImageOfPage":{"@id":"https:\/\/www.magnetenspecialist.nl\/de\/speichern\/scheibenmagnete\/scheibenmagnet-22-x-1-mm-selbstklebend\/#primaryimage"},"image":{"@id":"https:\/\/www.magnetenspecialist.nl\/de\/speichern\/scheibenmagnete\/scheibenmagnet-22-x-1-mm-selbstklebend\/#primaryimage"},"thumbnailUrl":"https:\/\/www.magnetenspecialist.nl\/wp-content\/uploads\/2019\/03\/Magnetenspecialist.nl_Schijfmagneet-22-x-1-mm-zelfklevend_1.jpg","datePublished":"2019-03-08T10:01:35+00:00","dateModified":"2025-04-07T08:19:13+00:00","description":"Suchen Sie einen Scheibenmagnet 22 x 1 mm (selbstklebend)? Magnete k\u00f6nnen bequem online gekauft werden Magnetenspecialist.nl 1 Werktag Lieferzeit \u2713 14 Tage Bedenkzeit \u2713 Versand oder Abholung *.","breadcrumb":{"@id":"https:\/\/www.magnetenspecialist.nl\/de\/speichern\/scheibenmagnete\/scheibenmagnet-22-x-1-mm-selbstklebend\/#breadcrumb"},"inLanguage":"de","potentialAction":[{"@type":"ReadAction","target":["https:\/\/www.magnetenspecialist.nl\/de\/speichern\/scheibenmagnete\/scheibenmagnet-22-x-1-mm-selbstklebend\/"]}]},{"@type":"ImageObject","inLanguage":"de","@id":"https:\/\/www.magnetenspecialist.nl\/de\/speichern\/scheibenmagnete\/scheibenmagnet-22-x-1-mm-selbstklebend\/#primaryimage","url":"https:\/\/www.magnetenspecialist.nl\/wp-content\/uploads\/2019\/03\/Magnetenspecialist.nl_Schijfmagneet-22-x-1-mm-zelfklevend_1.jpg","contentUrl":"https:\/\/www.magnetenspecialist.nl\/wp-content\/uploads\/2019\/03\/Magnetenspecialist.nl_Schijfmagneet-22-x-1-mm-zelfklevend_1.jpg","width":1500,"height":1500},{"@type":"BreadcrumbList","@id":"https:\/\/www.magnetenspecialist.nl\/de\/speichern\/scheibenmagnete\/scheibenmagnet-22-x-1-mm-selbstklebend\/#breadcrumb","itemListElement":[{"@type":"ListItem","position":1,"name":"Startseite","item":"https:\/\/www.magnetenspecialist.nl\/de\/"},{"@type":"ListItem","position":2,"name":"Shop","item":"https:\/\/www.magnetenspecialist.nl\/de\/shop\/"},{"@type":"ListItem","position":3,"name":"Scheibenmagnet 22 x 1 mm (selbstklebend)"}]},{"@type":"WebSite","@id":"https:\/\/www.magnetenspecialist.nl\/de\/#website","url":"https:\/\/www.magnetenspecialist.nl\/de\/","name":"Magnetenspecialist.nl","description":"Umfangreiches Angebot an Neodym-Magneten","publisher":{"@id":"https:\/\/www.magnetenspecialist.nl\/de\/#organization"},"potentialAction":[{"@type":"SearchAction","target":{"@type":"EntryPoint","urlTemplate":"https:\/\/www.magnetenspecialist.nl\/de\/?s={search_term_string}"},"query-input":{"@type":"PropertyValueSpecification","valueRequired":true,"valueName":"search_term_string"}}],"inLanguage":"de"},{"@type":"Organization","@id":"https:\/\/www.magnetenspecialist.nl\/de\/#organization","name":"Magnetenspecialist.nl","url":"https:\/\/www.magnetenspecialist.nl\/de\/","logo":{"@type":"ImageObject","inLanguage":"de","@id":"https:\/\/www.magnetenspecialist.nl\/de\/#\/schema\/logo\/image\/","url":"https:\/\/www.magnetenspecialist.nl\/wp-content\/uploads\/2018\/10\/magneten-logo.jpg","contentUrl":"https:\/\/www.magnetenspecialist.nl\/wp-content\/uploads\/2018\/10\/magneten-logo.jpg","width":151,"height":151,"caption":"Magnetenspecialist.nl"},"image":{"@id":"https:\/\/www.magnetenspecialist.nl\/de\/#\/schema\/logo\/image\/"},"sameAs":["https:\/\/www.facebook.com\/Magnetenspecialist.nl","https:\/\/x.com\/magnetenspecial"]}]},"product_price_amount":"1.02","product_price_currency":"EUR","og_availability":"instock","product_availability":"instock","product_retailer_item_id":"sc022x001-N-Z","product_condition":"new"},"_links":{"self":[{"href":"https:\/\/www.magnetenspecialist.nl\/de\/wp-json\/wp\/v2\/product\/95012","targetHints":{"allow":["GET"]}}],"collection":[{"href":"https:\/\/www.magnetenspecialist.nl\/de\/wp-json\/wp\/v2\/product"}],"about":[{"href":"https:\/\/www.magnetenspecialist.nl\/de\/wp-json\/wp\/v2\/types\/product"}],"wp:featuredmedia":[{"embeddable":true,"href":"https:\/\/www.magnetenspecialist.nl\/de\/wp-json\/wp\/v2\/media\/113483"}],"wp:attachment":[{"href":"https:\/\/www.magnetenspecialist.nl\/de\/wp-json\/wp\/v2\/media?parent=95012"}],"wp:term":[{"taxonomy":"product_brand","embeddable":true,"href":"https:\/\/www.magnetenspecialist.nl\/de\/wp-json\/wp\/v2\/product_brand?post=95012"},{"taxonomy":"product_cat","embeddable":true,"href":"https:\/\/www.magnetenspecialist.nl\/de\/wp-json\/wp\/v2\/product_cat?post=95012"},{"taxonomy":"product_tag","embeddable":true,"href":"https:\/\/www.magnetenspecialist.nl\/de\/wp-json\/wp\/v2\/product_tag?post=95012"}],"curies":[{"name":"wp","href":"https:\/\/api.w.org\/{rel}","templated":true}]}}