{"id":95037,"date":"2020-11-03T16:45:45","date_gmt":"2020-11-03T15:45:45","guid":{"rendered":"https:\/\/www.magnetenspecialist.nl\/winkel\/unkategorisiert\/scheibenmagnet-15-x-10-mm-selbstklebend\/"},"modified":"2025-04-07T11:42:07","modified_gmt":"2025-04-07T09:42:07","slug":"scheibenmagnet-15-x-1-mm-selbstklebend","status":"publish","type":"product","link":"https:\/\/www.magnetenspecialist.nl\/de\/speichern\/scheibenmagnete\/scheibenmagnet-15-x-1-mm-selbstklebend\/","title":{"rendered":"Scheibenmagnet 15 x 1,0 mm (selbstklebend)"},"content":{"rendered":"<p class=\"\" data-start=\"132\" data-end=\"172\"><strong data-start=\"132\" data-end=\"172\">Selbstklebender Neodym-Scheibenmagnet<\/strong><\/p>\n<p class=\"\" data-start=\"174\" data-end=\"597\">Dieser flache Neodym-Scheibenmagnet verf\u00fcgt \u00fcber eine haftende Seite, so dass er ohne zus\u00e4tzliches Werkzeug leicht an verschiedenen Oberfl\u00e4chen angebracht werden kann. Mit einem Durchmesser von 15 mm und einer H\u00f6he von 1,0 mm bietet dieser Magnet eine starke Haftung f\u00fcr eine breite Palette von Anwendungen. Der Magnet ist von hochwertiger N45-Qualit\u00e4t, die eine starke Magnetkraft von bis zu 1,2 kg gew\u00e4hrleistet.  <\/p>\n<p class=\"\" data-start=\"599\" data-end=\"613\"><strong data-start=\"599\" data-end=\"613\">Merkmale:<\/strong><\/p>\n<ul data-start=\"614\" data-end=\"958\">\n<li class=\"\" data-start=\"614\" data-end=\"668\">\n<p class=\"\" data-start=\"616\" data-end=\"668\"><strong data-start=\"616\" data-end=\"630\">Abmessungen<\/strong>: \u00d8 15 mm (Durchmesser) x 1,0 mm (H\u00f6he)<\/p>\n<\/li>\n<li class=\"\" data-start=\"669\" data-end=\"722\">\n<p class=\"\" data-start=\"671\" data-end=\"722\"><strong data-start=\"671\" data-end=\"684\">Qualit\u00e4t<\/strong>: N45 (hochwertiger Neodym-Magnet)<\/p>\n<\/li>\n<li class=\"\" data-start=\"723\" data-end=\"753\">\n<p class=\"\" data-start=\"725\" data-end=\"753\"><strong data-start=\"725\" data-end=\"739\">Haltekraft<\/strong>: bis zu 1,2 kg<\/p>\n<\/li>\n<li class=\"\" data-start=\"754\" data-end=\"792\">\n<p class=\"\" data-start=\"756\" data-end=\"792\"><strong data-start=\"756\" data-end=\"769\">Material<\/strong>: Neodym, vernickelt<\/p>\n<\/li>\n<li class=\"\" data-start=\"793\" data-end=\"882\">\n<p class=\"\" data-start=\"795\" data-end=\"882\"><strong data-start=\"795\" data-end=\"822\">Selbstklebende R\u00fcckseite<\/strong> f\u00fcr einfache Installation auf verschiedenen Oberfl\u00e4chen<\/p>\n<\/li>\n<li class=\"\" data-start=\"883\" data-end=\"958\">\n<p class=\"\" data-start=\"885\" data-end=\"958\">Ideal zum Befestigen von Objekten, Displays und kreativen Projekten<\/p>\n<\/li>\n<\/ul>\n<p class=\"\" data-start=\"960\" data-end=\"1102\">Dank seiner starken Magnetkraft und Haftf\u00e4higkeit eignet sich dieser Magnet sowohl f\u00fcr praktische als auch f\u00fcr dekorative Anwendungen.<\/p>\n","protected":false},"excerpt":{"rendered":"<p>Selbstklebend<\/p>\n","protected":false},"featured_media":113467,"template":"","meta":{"_acf_changed":false},"product_brand":[3521],"product_cat":[1401],"product_tag":[3165],"class_list":{"0":"post-95037","1":"product","2":"type-product","3":"status-publish","4":"has-post-thumbnail","6":"product_brand-magnetenspecialist","7":"product_cat-scheibenmagnete","8":"product_tag-groep-5-de","9":"pa_houdkracht-1-2-de","10":"pa_magnetisering-n45-de","11":"pa_magnetiseringsrichting-axiaal-de","12":"pa_materiaal-vernickelt-ni-cu-ni-de-2","13":"pa_maximale-gebruikstemperatuur-80-de","14":"pa_model-scheibenmagnet","16":"first","17":"instock","18":"taxable","19":"shipping-taxable","20":"purchasable","21":"product-type-simple"},"supplier_id":null,"supplier_sku":"","barcode":null,"atum_controlled":true,"out_stock_date":null,"out_stock_threshold":null,"inheritable":false,"inbound_stock":0,"stock_on_hold":0,"sold_today":0,"sales_last_days":1,"reserved_stock":0,"customer_returns":0,"warehouse_damage":0,"lost_in_post":0,"other_logs":0,"out_stock_days":0,"lost_sales":0,"has_location":false,"update_date":"2026-04-21T10:20:01","atum_locations":[],"atum_stock_status":"instock","restock_status":false,"low_stock_amount":3000,"sales_update_date":"2026-04-03T08:06:21","calc_backorders":null,"acf":[],"yoast_head":"<!-- This site is optimized with the Yoast SEO Premium plugin v24.7 (Yoast SEO v24.7) - https:\/\/yoast.com\/wordpress\/plugins\/seo\/ -->\n<title>Scheibenmagnet 15 x 1,0 mm (selbstklebend) Mit starker Haftung - Magnetenspecialist.nl<\/title>\n<meta name=\"description\" content=\"Entdecken Sie die Vielseitigkeit unseres Scheibenmagneten 15 x 1,0 mm (selbstklebend). Perfekt f\u00fcr praktische und dekorative Projekte, bestellen Sie jetzt!\" \/>\n<meta name=\"robots\" content=\"index, follow, max-snippet:-1, max-image-preview:large, max-video-preview:-1\" \/>\n<link rel=\"canonical\" href=\"https:\/\/www.magnetenspecialist.nl\/de\/speichern\/scheibenmagnete\/scheibenmagnet-15-x-1-mm-selbstklebend\/\" \/>\n<meta property=\"og:locale\" content=\"de_DE\" \/>\n<meta property=\"og:type\" content=\"article\" \/>\n<meta property=\"og:title\" content=\"Scheibenmagnet 15 x 1,0 mm (selbstklebend)\" \/>\n<meta property=\"og:description\" content=\"Entdecken Sie die Vielseitigkeit unseres Scheibenmagneten 15 x 1,0 mm (selbstklebend). Perfekt f\u00fcr praktische und dekorative Projekte, bestellen Sie jetzt!\" \/>\n<meta property=\"og:url\" content=\"https:\/\/www.magnetenspecialist.nl\/de\/speichern\/scheibenmagnete\/scheibenmagnet-15-x-1-mm-selbstklebend\/\" \/>\n<meta property=\"og:site_name\" content=\"Magnetenspecialist.nl\" \/>\n<meta property=\"article:publisher\" content=\"https:\/\/www.facebook.com\/Magnetenspecialist.nl\" \/>\n<meta property=\"article:modified_time\" content=\"2025-04-07T09:42:07+00:00\" \/>\n<meta property=\"og:image\" content=\"https:\/\/www.magnetenspecialist.nl\/wp-content\/uploads\/2020\/11\/Magnetenspecialist.nl_Schijfmagneet-15-x-10-mm-Zelfklevend_1.jpg\" \/>\n\t<meta property=\"og:image:width\" content=\"1500\" \/>\n\t<meta property=\"og:image:height\" content=\"1500\" \/>\n\t<meta property=\"og:image:type\" content=\"image\/jpeg\" \/>\n<meta name=\"twitter:card\" content=\"summary_large_image\" \/>\n<meta name=\"twitter:site\" content=\"@magnetenspecial\" \/>\n<meta name=\"twitter:label1\" content=\"Preis\" \/>\n\t<meta name=\"twitter:data1\" content=\"&euro;&nbsp;0,98\" \/>\n\t<meta name=\"twitter:label2\" content=\"Verf\u00fcgbarkeit\" \/>\n\t<meta name=\"twitter:data2\" content=\"Auf Lager\" \/>\n<script type=\"application\/ld+json\" class=\"yoast-schema-graph\">{\"@context\":\"https:\/\/schema.org\",\"@graph\":[{\"@type\":\"WebPage\",\"@id\":\"https:\/\/www.magnetenspecialist.nl\/de\/speichern\/scheibenmagnete\/scheibenmagnet-15-x-1-mm-selbstklebend\/\",\"url\":\"https:\/\/www.magnetenspecialist.nl\/de\/speichern\/scheibenmagnete\/scheibenmagnet-15-x-1-mm-selbstklebend\/\",\"name\":\"Scheibenmagnet 15 x 1,0 mm (selbstklebend) Mit starker Haftung - Magnetenspecialist.nl\",\"isPartOf\":{\"@id\":\"https:\/\/www.magnetenspecialist.nl\/de\/#website\"},\"primaryImageOfPage\":{\"@id\":\"https:\/\/www.magnetenspecialist.nl\/de\/speichern\/scheibenmagnete\/scheibenmagnet-15-x-1-mm-selbstklebend\/#primaryimage\"},\"image\":{\"@id\":\"https:\/\/www.magnetenspecialist.nl\/de\/speichern\/scheibenmagnete\/scheibenmagnet-15-x-1-mm-selbstklebend\/#primaryimage\"},\"thumbnailUrl\":\"https:\/\/www.magnetenspecialist.nl\/wp-content\/uploads\/2020\/11\/Magnetenspecialist.nl_Schijfmagneet-15-x-10-mm-Zelfklevend_1.jpg\",\"datePublished\":\"2020-11-03T15:45:45+00:00\",\"dateModified\":\"2025-04-07T09:42:07+00:00\",\"description\":\"Entdecken Sie die Vielseitigkeit unseres Scheibenmagneten 15 x 1,0 mm (selbstklebend). Perfekt f\u00fcr praktische und dekorative Projekte, bestellen Sie jetzt!\",\"breadcrumb\":{\"@id\":\"https:\/\/www.magnetenspecialist.nl\/de\/speichern\/scheibenmagnete\/scheibenmagnet-15-x-1-mm-selbstklebend\/#breadcrumb\"},\"inLanguage\":\"de\",\"potentialAction\":[{\"@type\":\"ReadAction\",\"target\":[\"https:\/\/www.magnetenspecialist.nl\/de\/speichern\/scheibenmagnete\/scheibenmagnet-15-x-1-mm-selbstklebend\/\"]}]},{\"@type\":\"ImageObject\",\"inLanguage\":\"de\",\"@id\":\"https:\/\/www.magnetenspecialist.nl\/de\/speichern\/scheibenmagnete\/scheibenmagnet-15-x-1-mm-selbstklebend\/#primaryimage\",\"url\":\"https:\/\/www.magnetenspecialist.nl\/wp-content\/uploads\/2020\/11\/Magnetenspecialist.nl_Schijfmagneet-15-x-10-mm-Zelfklevend_1.jpg\",\"contentUrl\":\"https:\/\/www.magnetenspecialist.nl\/wp-content\/uploads\/2020\/11\/Magnetenspecialist.nl_Schijfmagneet-15-x-10-mm-Zelfklevend_1.jpg\",\"width\":1500,\"height\":1500},{\"@type\":\"BreadcrumbList\",\"@id\":\"https:\/\/www.magnetenspecialist.nl\/de\/speichern\/scheibenmagnete\/scheibenmagnet-15-x-1-mm-selbstklebend\/#breadcrumb\",\"itemListElement\":[{\"@type\":\"ListItem\",\"position\":1,\"name\":\"Startseite\",\"item\":\"https:\/\/www.magnetenspecialist.nl\/de\/\"},{\"@type\":\"ListItem\",\"position\":2,\"name\":\"Shop\",\"item\":\"https:\/\/www.magnetenspecialist.nl\/de\/shop\/\"},{\"@type\":\"ListItem\",\"position\":3,\"name\":\"Scheibenmagnet 15 x 1,0 mm (selbstklebend)\"}]},{\"@type\":\"WebSite\",\"@id\":\"https:\/\/www.magnetenspecialist.nl\/de\/#website\",\"url\":\"https:\/\/www.magnetenspecialist.nl\/de\/\",\"name\":\"Magnetenspecialist.nl\",\"description\":\"Umfangreiches Angebot an Neodym-Magneten\",\"publisher\":{\"@id\":\"https:\/\/www.magnetenspecialist.nl\/de\/#organization\"},\"potentialAction\":[{\"@type\":\"SearchAction\",\"target\":{\"@type\":\"EntryPoint\",\"urlTemplate\":\"https:\/\/www.magnetenspecialist.nl\/de\/?s={search_term_string}\"},\"query-input\":{\"@type\":\"PropertyValueSpecification\",\"valueRequired\":true,\"valueName\":\"search_term_string\"}}],\"inLanguage\":\"de\"},{\"@type\":\"Organization\",\"@id\":\"https:\/\/www.magnetenspecialist.nl\/de\/#organization\",\"name\":\"Magnetenspecialist.nl\",\"url\":\"https:\/\/www.magnetenspecialist.nl\/de\/\",\"logo\":{\"@type\":\"ImageObject\",\"inLanguage\":\"de\",\"@id\":\"https:\/\/www.magnetenspecialist.nl\/de\/#\/schema\/logo\/image\/\",\"url\":\"https:\/\/www.magnetenspecialist.nl\/wp-content\/uploads\/2018\/10\/magneten-logo.jpg\",\"contentUrl\":\"https:\/\/www.magnetenspecialist.nl\/wp-content\/uploads\/2018\/10\/magneten-logo.jpg\",\"width\":151,\"height\":151,\"caption\":\"Magnetenspecialist.nl\"},\"image\":{\"@id\":\"https:\/\/www.magnetenspecialist.nl\/de\/#\/schema\/logo\/image\/\"},\"sameAs\":[\"https:\/\/www.facebook.com\/Magnetenspecialist.nl\",\"https:\/\/x.com\/magnetenspecial\"]}]}<\/script>\n<meta property=\"product:price:amount\" content=\"0.98\" \/>\n<meta property=\"product:price:currency\" content=\"EUR\" \/>\n<meta property=\"og:availability\" content=\"instock\" \/>\n<meta property=\"product:availability\" content=\"instock\" \/>\n<meta property=\"product:retailer_item_id\" content=\"Sc015x001-N-Z\" \/>\n<meta property=\"product:condition\" content=\"new\" \/>\n<!-- \/ Yoast SEO Premium plugin. -->","yoast_head_json":{"title":"Scheibenmagnet 15 x 1,0 mm (selbstklebend) Mit starker Haftung - Magnetenspecialist.nl","description":"Entdecken Sie die Vielseitigkeit unseres Scheibenmagneten 15 x 1,0 mm (selbstklebend). Perfekt f\u00fcr praktische und dekorative Projekte, bestellen Sie jetzt!","robots":{"index":"index","follow":"follow","max-snippet":"max-snippet:-1","max-image-preview":"max-image-preview:large","max-video-preview":"max-video-preview:-1"},"canonical":"https:\/\/www.magnetenspecialist.nl\/de\/speichern\/scheibenmagnete\/scheibenmagnet-15-x-1-mm-selbstklebend\/","og_locale":"de_DE","og_type":"article","og_title":"Scheibenmagnet 15 x 1,0 mm (selbstklebend)","og_description":"Entdecken Sie die Vielseitigkeit unseres Scheibenmagneten 15 x 1,0 mm (selbstklebend). Perfekt f\u00fcr praktische und dekorative Projekte, bestellen Sie jetzt!","og_url":"https:\/\/www.magnetenspecialist.nl\/de\/speichern\/scheibenmagnete\/scheibenmagnet-15-x-1-mm-selbstklebend\/","og_site_name":"Magnetenspecialist.nl","article_publisher":"https:\/\/www.facebook.com\/Magnetenspecialist.nl","article_modified_time":"2025-04-07T09:42:07+00:00","og_image":[{"width":1500,"height":1500,"url":"https:\/\/www.magnetenspecialist.nl\/wp-content\/uploads\/2020\/11\/Magnetenspecialist.nl_Schijfmagneet-15-x-10-mm-Zelfklevend_1.jpg","type":"image\/jpeg"}],"twitter_card":"summary_large_image","twitter_site":"@magnetenspecial","twitter_misc":{"Preis":"&euro;&nbsp;0,98","Verf\u00fcgbarkeit":"Auf Lager"},"schema":{"@context":"https:\/\/schema.org","@graph":[{"@type":"WebPage","@id":"https:\/\/www.magnetenspecialist.nl\/de\/speichern\/scheibenmagnete\/scheibenmagnet-15-x-1-mm-selbstklebend\/","url":"https:\/\/www.magnetenspecialist.nl\/de\/speichern\/scheibenmagnete\/scheibenmagnet-15-x-1-mm-selbstklebend\/","name":"Scheibenmagnet 15 x 1,0 mm (selbstklebend) Mit starker Haftung - Magnetenspecialist.nl","isPartOf":{"@id":"https:\/\/www.magnetenspecialist.nl\/de\/#website"},"primaryImageOfPage":{"@id":"https:\/\/www.magnetenspecialist.nl\/de\/speichern\/scheibenmagnete\/scheibenmagnet-15-x-1-mm-selbstklebend\/#primaryimage"},"image":{"@id":"https:\/\/www.magnetenspecialist.nl\/de\/speichern\/scheibenmagnete\/scheibenmagnet-15-x-1-mm-selbstklebend\/#primaryimage"},"thumbnailUrl":"https:\/\/www.magnetenspecialist.nl\/wp-content\/uploads\/2020\/11\/Magnetenspecialist.nl_Schijfmagneet-15-x-10-mm-Zelfklevend_1.jpg","datePublished":"2020-11-03T15:45:45+00:00","dateModified":"2025-04-07T09:42:07+00:00","description":"Entdecken Sie die Vielseitigkeit unseres Scheibenmagneten 15 x 1,0 mm (selbstklebend). Perfekt f\u00fcr praktische und dekorative Projekte, bestellen Sie jetzt!","breadcrumb":{"@id":"https:\/\/www.magnetenspecialist.nl\/de\/speichern\/scheibenmagnete\/scheibenmagnet-15-x-1-mm-selbstklebend\/#breadcrumb"},"inLanguage":"de","potentialAction":[{"@type":"ReadAction","target":["https:\/\/www.magnetenspecialist.nl\/de\/speichern\/scheibenmagnete\/scheibenmagnet-15-x-1-mm-selbstklebend\/"]}]},{"@type":"ImageObject","inLanguage":"de","@id":"https:\/\/www.magnetenspecialist.nl\/de\/speichern\/scheibenmagnete\/scheibenmagnet-15-x-1-mm-selbstklebend\/#primaryimage","url":"https:\/\/www.magnetenspecialist.nl\/wp-content\/uploads\/2020\/11\/Magnetenspecialist.nl_Schijfmagneet-15-x-10-mm-Zelfklevend_1.jpg","contentUrl":"https:\/\/www.magnetenspecialist.nl\/wp-content\/uploads\/2020\/11\/Magnetenspecialist.nl_Schijfmagneet-15-x-10-mm-Zelfklevend_1.jpg","width":1500,"height":1500},{"@type":"BreadcrumbList","@id":"https:\/\/www.magnetenspecialist.nl\/de\/speichern\/scheibenmagnete\/scheibenmagnet-15-x-1-mm-selbstklebend\/#breadcrumb","itemListElement":[{"@type":"ListItem","position":1,"name":"Startseite","item":"https:\/\/www.magnetenspecialist.nl\/de\/"},{"@type":"ListItem","position":2,"name":"Shop","item":"https:\/\/www.magnetenspecialist.nl\/de\/shop\/"},{"@type":"ListItem","position":3,"name":"Scheibenmagnet 15 x 1,0 mm (selbstklebend)"}]},{"@type":"WebSite","@id":"https:\/\/www.magnetenspecialist.nl\/de\/#website","url":"https:\/\/www.magnetenspecialist.nl\/de\/","name":"Magnetenspecialist.nl","description":"Umfangreiches Angebot an Neodym-Magneten","publisher":{"@id":"https:\/\/www.magnetenspecialist.nl\/de\/#organization"},"potentialAction":[{"@type":"SearchAction","target":{"@type":"EntryPoint","urlTemplate":"https:\/\/www.magnetenspecialist.nl\/de\/?s={search_term_string}"},"query-input":{"@type":"PropertyValueSpecification","valueRequired":true,"valueName":"search_term_string"}}],"inLanguage":"de"},{"@type":"Organization","@id":"https:\/\/www.magnetenspecialist.nl\/de\/#organization","name":"Magnetenspecialist.nl","url":"https:\/\/www.magnetenspecialist.nl\/de\/","logo":{"@type":"ImageObject","inLanguage":"de","@id":"https:\/\/www.magnetenspecialist.nl\/de\/#\/schema\/logo\/image\/","url":"https:\/\/www.magnetenspecialist.nl\/wp-content\/uploads\/2018\/10\/magneten-logo.jpg","contentUrl":"https:\/\/www.magnetenspecialist.nl\/wp-content\/uploads\/2018\/10\/magneten-logo.jpg","width":151,"height":151,"caption":"Magnetenspecialist.nl"},"image":{"@id":"https:\/\/www.magnetenspecialist.nl\/de\/#\/schema\/logo\/image\/"},"sameAs":["https:\/\/www.facebook.com\/Magnetenspecialist.nl","https:\/\/x.com\/magnetenspecial"]}]},"product_price_amount":"0.98","product_price_currency":"EUR","og_availability":"instock","product_availability":"instock","product_retailer_item_id":"Sc015x001-N-Z","product_condition":"new"},"_links":{"self":[{"href":"https:\/\/www.magnetenspecialist.nl\/de\/wp-json\/wp\/v2\/product\/95037","targetHints":{"allow":["GET"]}}],"collection":[{"href":"https:\/\/www.magnetenspecialist.nl\/de\/wp-json\/wp\/v2\/product"}],"about":[{"href":"https:\/\/www.magnetenspecialist.nl\/de\/wp-json\/wp\/v2\/types\/product"}],"wp:featuredmedia":[{"embeddable":true,"href":"https:\/\/www.magnetenspecialist.nl\/de\/wp-json\/wp\/v2\/media\/113467"}],"wp:attachment":[{"href":"https:\/\/www.magnetenspecialist.nl\/de\/wp-json\/wp\/v2\/media?parent=95037"}],"wp:term":[{"taxonomy":"product_brand","embeddable":true,"href":"https:\/\/www.magnetenspecialist.nl\/de\/wp-json\/wp\/v2\/product_brand?post=95037"},{"taxonomy":"product_cat","embeddable":true,"href":"https:\/\/www.magnetenspecialist.nl\/de\/wp-json\/wp\/v2\/product_cat?post=95037"},{"taxonomy":"product_tag","embeddable":true,"href":"https:\/\/www.magnetenspecialist.nl\/de\/wp-json\/wp\/v2\/product_tag?post=95037"}],"curies":[{"name":"wp","href":"https:\/\/api.w.org\/{rel}","templated":true}]}}