{"id":95058,"date":"2019-03-08T11:01:10","date_gmt":"2019-03-08T10:01:10","guid":{"rendered":"https:\/\/www.magnetenspecialist.nl\/winkel\/unkategorisiert\/scheibenmagnet-6-x-25-mm-diametral-magnetisiert\/"},"modified":"2025-03-18T16:43:38","modified_gmt":"2025-03-18T15:43:38","slug":"scheibenmagnet-6-x-25-mm-diametral-magnetisiert","status":"publish","type":"product","link":"https:\/\/www.magnetenspecialist.nl\/de\/speichern\/scheibenmagnete\/scheibenmagnet-6-x-25-mm-diametral-magnetisiert\/","title":{"rendered":"Scheibenmagnet 6 x 2,5 mm (diametral magnetisiert)"},"content":{"rendered":"<h3>Scheibenmagnet 6 x 2,5 mm (diametral magnetisiert),<\/h3>\n<h3>N48, maximale Haltekraft 0,53 KG  <img decoding=\"async\" class=\"alignnone size-medium wp-image-110585\" src=\"https:\/\/www.magnetenspecialist.nl\/wp-content\/uploads\/2019\/03\/Magnetenspecialist.nl_Schijfmagneet-6-x-25-mm-diametraal-gemagnetiseerd_2-300x300.jpg\" alt=\"\" width=\"300\" height=\"300\" srcset=\"https:\/\/www.magnetenspecialist.nl\/wp-content\/uploads\/2019\/03\/Magnetenspecialist.nl_Schijfmagneet-6-x-25-mm-diametraal-gemagnetiseerd_2-300x300.jpg 300w, https:\/\/www.magnetenspecialist.nl\/wp-content\/uploads\/2019\/03\/Magnetenspecialist.nl_Schijfmagneet-6-x-25-mm-diametraal-gemagnetiseerd_2-1024x1024.jpg 1024w, https:\/\/www.magnetenspecialist.nl\/wp-content\/uploads\/2019\/03\/Magnetenspecialist.nl_Schijfmagneet-6-x-25-mm-diametraal-gemagnetiseerd_2-150x150.jpg 150w, https:\/\/www.magnetenspecialist.nl\/wp-content\/uploads\/2019\/03\/Magnetenspecialist.nl_Schijfmagneet-6-x-25-mm-diametraal-gemagnetiseerd_2-768x768.jpg 768w, https:\/\/www.magnetenspecialist.nl\/wp-content\/uploads\/2019\/03\/Magnetenspecialist.nl_Schijfmagneet-6-x-25-mm-diametraal-gemagnetiseerd_2-600x600.jpg 600w, https:\/\/www.magnetenspecialist.nl\/wp-content\/uploads\/2019\/03\/Magnetenspecialist.nl_Schijfmagneet-6-x-25-mm-diametraal-gemagnetiseerd_2-100x100.jpg 100w, https:\/\/www.magnetenspecialist.nl\/wp-content\/uploads\/2019\/03\/Magnetenspecialist.nl_Schijfmagneet-6-x-25-mm-diametraal-gemagnetiseerd_2.jpg 1500w\" sizes=\"(max-width: 300px) 100vw, 300px\" \/><\/h3>\n<p>Ein Scheibenmagnet ist vielseitig einsetzbar. Bei Magnetenspecialist.nl haben Sie eine gro\u00dfe Auswahl an Scheibenmagneten. F\u00fcr jedes Produkt geben wir die Magnetisierung und die Haftkraft deutlich an. Magnetenspecialist.nl ist vollst\u00e4ndig auf Neodym-Magnete spezialisiert. Sie k\u00f6nnen sie bei uns schnell und einfach online bestellen.<\/p>\n","protected":false},"excerpt":{"rendered":"<p>Scheibenmagnet 6 x 2,5 mm (diametral magnetisiert), N48, maximale Haltekraft 0,53 KG Ein Scheibenmagnet ist vielseitig einsetzbar. Bei Magnetenspecialist.nl haben Sie eine gro\u00dfe Auswahl an Scheibenmagneten. F\u00fcr jedes Produkt geben wir die Magnetisierung und die Haftkraft deutlich an. Magnetenspecialist.nl ist vollst\u00e4ndig auf Neodym-Magnete spezialisiert. Sie k\u00f6nnen sie bei uns schnell und einfach online bestellen.<\/p>\n","protected":false},"featured_media":110584,"template":"","meta":{"_acf_changed":false},"product_brand":[3521],"product_cat":[1401],"product_tag":[3165],"class_list":{"0":"post-95058","1":"product","2":"type-product","3":"status-publish","4":"has-post-thumbnail","6":"product_brand-magnetenspecialist","7":"product_cat-scheibenmagnete","8":"product_tag-groep-5-de","9":"pa_houdkracht-0-53-de","10":"pa_magnetisering-diametral","11":"pa_magnetisering-n48-de","12":"pa_materiaal-vernickelt-ni-cu-ni-de-2","13":"pa_maximale-gebruikstemperatuur-80-de","14":"pa_model-scheibenmagnet","16":"first","17":"instock","18":"taxable","19":"shipping-taxable","20":"purchasable","21":"product-type-simple"},"supplier_id":null,"supplier_sku":"","barcode":null,"atum_controlled":true,"out_stock_date":null,"out_stock_threshold":null,"inheritable":false,"inbound_stock":0,"stock_on_hold":0,"sold_today":5,"sales_last_days":15,"reserved_stock":0,"customer_returns":0,"warehouse_damage":0,"lost_in_post":0,"other_logs":0,"out_stock_days":0,"lost_sales":0,"has_location":false,"update_date":"2026-04-22T09:37:26","atum_locations":[],"atum_stock_status":"instock","restock_status":false,"low_stock_amount":3000,"sales_update_date":"2026-04-22T09:37:25","calc_backorders":null,"acf":[],"yoast_head":"<!-- This site is optimized with the Yoast SEO Premium plugin v24.7 (Yoast SEO v24.7) - https:\/\/yoast.com\/wordpress\/plugins\/seo\/ -->\n<title>Scheibenmagnet 6 x 2,5 mm (diametral magnetisiert) - Magnetenspecialist.nl<\/title>\n<meta name=\"description\" content=\"Suchen Sie einen Scheibenmagnet 6 x 2,5 mm (diametral magnetisiert)? Magnete k\u00f6nnen bequem online gekauft werden Magnetenspecialist.nl 1 Werktag Lieferzeit \u2713 14 Tage Bedenkzeit \u2713 Versand oder Abholung *.\" \/>\n<meta name=\"robots\" content=\"index, follow, max-snippet:-1, max-image-preview:large, max-video-preview:-1\" \/>\n<link rel=\"canonical\" href=\"https:\/\/www.magnetenspecialist.nl\/de\/speichern\/scheibenmagnete\/scheibenmagnet-6-x-25-mm-diametral-magnetisiert\/\" \/>\n<meta property=\"og:locale\" content=\"de_DE\" \/>\n<meta property=\"og:type\" content=\"article\" \/>\n<meta property=\"og:title\" content=\"Scheibenmagnet 6 x 2,5 mm (diametral magnetisiert)\" \/>\n<meta property=\"og:description\" content=\"Suchen Sie einen Scheibenmagnet 6 x 2,5 mm (diametral magnetisiert)? Magnete k\u00f6nnen bequem online gekauft werden Magnetenspecialist.nl 1 Werktag Lieferzeit \u2713 14 Tage Bedenkzeit \u2713 Versand oder Abholung *.\" \/>\n<meta property=\"og:url\" content=\"https:\/\/www.magnetenspecialist.nl\/de\/speichern\/scheibenmagnete\/scheibenmagnet-6-x-25-mm-diametral-magnetisiert\/\" \/>\n<meta property=\"og:site_name\" content=\"Magnetenspecialist.nl\" \/>\n<meta property=\"article:publisher\" content=\"https:\/\/www.facebook.com\/Magnetenspecialist.nl\" \/>\n<meta property=\"article:modified_time\" content=\"2025-03-18T15:43:38+00:00\" \/>\n<meta property=\"og:image\" content=\"https:\/\/www.magnetenspecialist.nl\/wp-content\/uploads\/2019\/03\/Magnetenspecialist.nl_Schijfmagneet-6-x-25-mm-diametraal-gemagnetiseerd_1.jpg\" \/>\n\t<meta property=\"og:image:width\" content=\"1500\" \/>\n\t<meta property=\"og:image:height\" content=\"1500\" \/>\n\t<meta property=\"og:image:type\" content=\"image\/jpeg\" \/>\n<meta name=\"twitter:card\" content=\"summary_large_image\" \/>\n<meta name=\"twitter:site\" content=\"@magnetenspecial\" \/>\n<meta name=\"twitter:label1\" content=\"Preis\" \/>\n\t<meta name=\"twitter:data1\" content=\"&euro;&nbsp;0,47\" \/>\n\t<meta name=\"twitter:label2\" content=\"Verf\u00fcgbarkeit\" \/>\n\t<meta name=\"twitter:data2\" content=\"Auf Lager\" \/>\n<script type=\"application\/ld+json\" class=\"yoast-schema-graph\">{\"@context\":\"https:\/\/schema.org\",\"@graph\":[{\"@type\":\"WebPage\",\"@id\":\"https:\/\/www.magnetenspecialist.nl\/de\/speichern\/scheibenmagnete\/scheibenmagnet-6-x-25-mm-diametral-magnetisiert\/\",\"url\":\"https:\/\/www.magnetenspecialist.nl\/de\/speichern\/scheibenmagnete\/scheibenmagnet-6-x-25-mm-diametral-magnetisiert\/\",\"name\":\"Scheibenmagnet 6 x 2,5 mm (diametral magnetisiert) - Magnetenspecialist.nl\",\"isPartOf\":{\"@id\":\"https:\/\/www.magnetenspecialist.nl\/de\/#website\"},\"primaryImageOfPage\":{\"@id\":\"https:\/\/www.magnetenspecialist.nl\/de\/speichern\/scheibenmagnete\/scheibenmagnet-6-x-25-mm-diametral-magnetisiert\/#primaryimage\"},\"image\":{\"@id\":\"https:\/\/www.magnetenspecialist.nl\/de\/speichern\/scheibenmagnete\/scheibenmagnet-6-x-25-mm-diametral-magnetisiert\/#primaryimage\"},\"thumbnailUrl\":\"https:\/\/www.magnetenspecialist.nl\/wp-content\/uploads\/2019\/03\/Magnetenspecialist.nl_Schijfmagneet-6-x-25-mm-diametraal-gemagnetiseerd_1.jpg\",\"datePublished\":\"2019-03-08T10:01:10+00:00\",\"dateModified\":\"2025-03-18T15:43:38+00:00\",\"description\":\"Suchen Sie einen Scheibenmagnet 6 x 2,5 mm (diametral magnetisiert)? Magnete k\u00f6nnen bequem online gekauft werden Magnetenspecialist.nl 1 Werktag Lieferzeit \u2713 14 Tage Bedenkzeit \u2713 Versand oder Abholung *.\",\"breadcrumb\":{\"@id\":\"https:\/\/www.magnetenspecialist.nl\/de\/speichern\/scheibenmagnete\/scheibenmagnet-6-x-25-mm-diametral-magnetisiert\/#breadcrumb\"},\"inLanguage\":\"de\",\"potentialAction\":[{\"@type\":\"ReadAction\",\"target\":[\"https:\/\/www.magnetenspecialist.nl\/de\/speichern\/scheibenmagnete\/scheibenmagnet-6-x-25-mm-diametral-magnetisiert\/\"]}]},{\"@type\":\"ImageObject\",\"inLanguage\":\"de\",\"@id\":\"https:\/\/www.magnetenspecialist.nl\/de\/speichern\/scheibenmagnete\/scheibenmagnet-6-x-25-mm-diametral-magnetisiert\/#primaryimage\",\"url\":\"https:\/\/www.magnetenspecialist.nl\/wp-content\/uploads\/2019\/03\/Magnetenspecialist.nl_Schijfmagneet-6-x-25-mm-diametraal-gemagnetiseerd_1.jpg\",\"contentUrl\":\"https:\/\/www.magnetenspecialist.nl\/wp-content\/uploads\/2019\/03\/Magnetenspecialist.nl_Schijfmagneet-6-x-25-mm-diametraal-gemagnetiseerd_1.jpg\",\"width\":1500,\"height\":1500},{\"@type\":\"BreadcrumbList\",\"@id\":\"https:\/\/www.magnetenspecialist.nl\/de\/speichern\/scheibenmagnete\/scheibenmagnet-6-x-25-mm-diametral-magnetisiert\/#breadcrumb\",\"itemListElement\":[{\"@type\":\"ListItem\",\"position\":1,\"name\":\"Startseite\",\"item\":\"https:\/\/www.magnetenspecialist.nl\/de\/\"},{\"@type\":\"ListItem\",\"position\":2,\"name\":\"Shop\",\"item\":\"https:\/\/www.magnetenspecialist.nl\/de\/shop\/\"},{\"@type\":\"ListItem\",\"position\":3,\"name\":\"Scheibenmagnet 6 x 2,5 mm (diametral magnetisiert)\"}]},{\"@type\":\"WebSite\",\"@id\":\"https:\/\/www.magnetenspecialist.nl\/de\/#website\",\"url\":\"https:\/\/www.magnetenspecialist.nl\/de\/\",\"name\":\"Magnetenspecialist.nl\",\"description\":\"Umfangreiches Angebot an Neodym-Magneten\",\"publisher\":{\"@id\":\"https:\/\/www.magnetenspecialist.nl\/de\/#organization\"},\"potentialAction\":[{\"@type\":\"SearchAction\",\"target\":{\"@type\":\"EntryPoint\",\"urlTemplate\":\"https:\/\/www.magnetenspecialist.nl\/de\/?s={search_term_string}\"},\"query-input\":{\"@type\":\"PropertyValueSpecification\",\"valueRequired\":true,\"valueName\":\"search_term_string\"}}],\"inLanguage\":\"de\"},{\"@type\":\"Organization\",\"@id\":\"https:\/\/www.magnetenspecialist.nl\/de\/#organization\",\"name\":\"Magnetenspecialist.nl\",\"url\":\"https:\/\/www.magnetenspecialist.nl\/de\/\",\"logo\":{\"@type\":\"ImageObject\",\"inLanguage\":\"de\",\"@id\":\"https:\/\/www.magnetenspecialist.nl\/de\/#\/schema\/logo\/image\/\",\"url\":\"https:\/\/www.magnetenspecialist.nl\/wp-content\/uploads\/2018\/10\/magneten-logo.jpg\",\"contentUrl\":\"https:\/\/www.magnetenspecialist.nl\/wp-content\/uploads\/2018\/10\/magneten-logo.jpg\",\"width\":151,\"height\":151,\"caption\":\"Magnetenspecialist.nl\"},\"image\":{\"@id\":\"https:\/\/www.magnetenspecialist.nl\/de\/#\/schema\/logo\/image\/\"},\"sameAs\":[\"https:\/\/www.facebook.com\/Magnetenspecialist.nl\",\"https:\/\/x.com\/magnetenspecial\"]}]}<\/script>\n<meta property=\"product:price:amount\" content=\"0.47\" \/>\n<meta property=\"product:price:currency\" content=\"EUR\" \/>\n<meta property=\"og:availability\" content=\"instock\" \/>\n<meta property=\"product:availability\" content=\"instock\" \/>\n<meta property=\"product:retailer_item_id\" content=\"sc006x0025-D\" \/>\n<meta property=\"product:condition\" content=\"new\" \/>\n<!-- \/ Yoast SEO Premium plugin. -->","yoast_head_json":{"title":"Scheibenmagnet 6 x 2,5 mm (diametral magnetisiert) - Magnetenspecialist.nl","description":"Suchen Sie einen Scheibenmagnet 6 x 2,5 mm (diametral magnetisiert)? Magnete k\u00f6nnen bequem online gekauft werden Magnetenspecialist.nl 1 Werktag Lieferzeit \u2713 14 Tage Bedenkzeit \u2713 Versand oder Abholung *.","robots":{"index":"index","follow":"follow","max-snippet":"max-snippet:-1","max-image-preview":"max-image-preview:large","max-video-preview":"max-video-preview:-1"},"canonical":"https:\/\/www.magnetenspecialist.nl\/de\/speichern\/scheibenmagnete\/scheibenmagnet-6-x-25-mm-diametral-magnetisiert\/","og_locale":"de_DE","og_type":"article","og_title":"Scheibenmagnet 6 x 2,5 mm (diametral magnetisiert)","og_description":"Suchen Sie einen Scheibenmagnet 6 x 2,5 mm (diametral magnetisiert)? Magnete k\u00f6nnen bequem online gekauft werden Magnetenspecialist.nl 1 Werktag Lieferzeit \u2713 14 Tage Bedenkzeit \u2713 Versand oder Abholung *.","og_url":"https:\/\/www.magnetenspecialist.nl\/de\/speichern\/scheibenmagnete\/scheibenmagnet-6-x-25-mm-diametral-magnetisiert\/","og_site_name":"Magnetenspecialist.nl","article_publisher":"https:\/\/www.facebook.com\/Magnetenspecialist.nl","article_modified_time":"2025-03-18T15:43:38+00:00","og_image":[{"width":1500,"height":1500,"url":"https:\/\/www.magnetenspecialist.nl\/wp-content\/uploads\/2019\/03\/Magnetenspecialist.nl_Schijfmagneet-6-x-25-mm-diametraal-gemagnetiseerd_1.jpg","type":"image\/jpeg"}],"twitter_card":"summary_large_image","twitter_site":"@magnetenspecial","twitter_misc":{"Preis":"&euro;&nbsp;0,47","Verf\u00fcgbarkeit":"Auf Lager"},"schema":{"@context":"https:\/\/schema.org","@graph":[{"@type":"WebPage","@id":"https:\/\/www.magnetenspecialist.nl\/de\/speichern\/scheibenmagnete\/scheibenmagnet-6-x-25-mm-diametral-magnetisiert\/","url":"https:\/\/www.magnetenspecialist.nl\/de\/speichern\/scheibenmagnete\/scheibenmagnet-6-x-25-mm-diametral-magnetisiert\/","name":"Scheibenmagnet 6 x 2,5 mm (diametral magnetisiert) - Magnetenspecialist.nl","isPartOf":{"@id":"https:\/\/www.magnetenspecialist.nl\/de\/#website"},"primaryImageOfPage":{"@id":"https:\/\/www.magnetenspecialist.nl\/de\/speichern\/scheibenmagnete\/scheibenmagnet-6-x-25-mm-diametral-magnetisiert\/#primaryimage"},"image":{"@id":"https:\/\/www.magnetenspecialist.nl\/de\/speichern\/scheibenmagnete\/scheibenmagnet-6-x-25-mm-diametral-magnetisiert\/#primaryimage"},"thumbnailUrl":"https:\/\/www.magnetenspecialist.nl\/wp-content\/uploads\/2019\/03\/Magnetenspecialist.nl_Schijfmagneet-6-x-25-mm-diametraal-gemagnetiseerd_1.jpg","datePublished":"2019-03-08T10:01:10+00:00","dateModified":"2025-03-18T15:43:38+00:00","description":"Suchen Sie einen Scheibenmagnet 6 x 2,5 mm (diametral magnetisiert)? Magnete k\u00f6nnen bequem online gekauft werden Magnetenspecialist.nl 1 Werktag Lieferzeit \u2713 14 Tage Bedenkzeit \u2713 Versand oder Abholung *.","breadcrumb":{"@id":"https:\/\/www.magnetenspecialist.nl\/de\/speichern\/scheibenmagnete\/scheibenmagnet-6-x-25-mm-diametral-magnetisiert\/#breadcrumb"},"inLanguage":"de","potentialAction":[{"@type":"ReadAction","target":["https:\/\/www.magnetenspecialist.nl\/de\/speichern\/scheibenmagnete\/scheibenmagnet-6-x-25-mm-diametral-magnetisiert\/"]}]},{"@type":"ImageObject","inLanguage":"de","@id":"https:\/\/www.magnetenspecialist.nl\/de\/speichern\/scheibenmagnete\/scheibenmagnet-6-x-25-mm-diametral-magnetisiert\/#primaryimage","url":"https:\/\/www.magnetenspecialist.nl\/wp-content\/uploads\/2019\/03\/Magnetenspecialist.nl_Schijfmagneet-6-x-25-mm-diametraal-gemagnetiseerd_1.jpg","contentUrl":"https:\/\/www.magnetenspecialist.nl\/wp-content\/uploads\/2019\/03\/Magnetenspecialist.nl_Schijfmagneet-6-x-25-mm-diametraal-gemagnetiseerd_1.jpg","width":1500,"height":1500},{"@type":"BreadcrumbList","@id":"https:\/\/www.magnetenspecialist.nl\/de\/speichern\/scheibenmagnete\/scheibenmagnet-6-x-25-mm-diametral-magnetisiert\/#breadcrumb","itemListElement":[{"@type":"ListItem","position":1,"name":"Startseite","item":"https:\/\/www.magnetenspecialist.nl\/de\/"},{"@type":"ListItem","position":2,"name":"Shop","item":"https:\/\/www.magnetenspecialist.nl\/de\/shop\/"},{"@type":"ListItem","position":3,"name":"Scheibenmagnet 6 x 2,5 mm (diametral magnetisiert)"}]},{"@type":"WebSite","@id":"https:\/\/www.magnetenspecialist.nl\/de\/#website","url":"https:\/\/www.magnetenspecialist.nl\/de\/","name":"Magnetenspecialist.nl","description":"Umfangreiches Angebot an Neodym-Magneten","publisher":{"@id":"https:\/\/www.magnetenspecialist.nl\/de\/#organization"},"potentialAction":[{"@type":"SearchAction","target":{"@type":"EntryPoint","urlTemplate":"https:\/\/www.magnetenspecialist.nl\/de\/?s={search_term_string}"},"query-input":{"@type":"PropertyValueSpecification","valueRequired":true,"valueName":"search_term_string"}}],"inLanguage":"de"},{"@type":"Organization","@id":"https:\/\/www.magnetenspecialist.nl\/de\/#organization","name":"Magnetenspecialist.nl","url":"https:\/\/www.magnetenspecialist.nl\/de\/","logo":{"@type":"ImageObject","inLanguage":"de","@id":"https:\/\/www.magnetenspecialist.nl\/de\/#\/schema\/logo\/image\/","url":"https:\/\/www.magnetenspecialist.nl\/wp-content\/uploads\/2018\/10\/magneten-logo.jpg","contentUrl":"https:\/\/www.magnetenspecialist.nl\/wp-content\/uploads\/2018\/10\/magneten-logo.jpg","width":151,"height":151,"caption":"Magnetenspecialist.nl"},"image":{"@id":"https:\/\/www.magnetenspecialist.nl\/de\/#\/schema\/logo\/image\/"},"sameAs":["https:\/\/www.facebook.com\/Magnetenspecialist.nl","https:\/\/x.com\/magnetenspecial"]}]},"product_price_amount":"0.47","product_price_currency":"EUR","og_availability":"instock","product_availability":"instock","product_retailer_item_id":"sc006x0025-D","product_condition":"new"},"_links":{"self":[{"href":"https:\/\/www.magnetenspecialist.nl\/de\/wp-json\/wp\/v2\/product\/95058","targetHints":{"allow":["GET"]}}],"collection":[{"href":"https:\/\/www.magnetenspecialist.nl\/de\/wp-json\/wp\/v2\/product"}],"about":[{"href":"https:\/\/www.magnetenspecialist.nl\/de\/wp-json\/wp\/v2\/types\/product"}],"wp:featuredmedia":[{"embeddable":true,"href":"https:\/\/www.magnetenspecialist.nl\/de\/wp-json\/wp\/v2\/media\/110584"}],"wp:attachment":[{"href":"https:\/\/www.magnetenspecialist.nl\/de\/wp-json\/wp\/v2\/media?parent=95058"}],"wp:term":[{"taxonomy":"product_brand","embeddable":true,"href":"https:\/\/www.magnetenspecialist.nl\/de\/wp-json\/wp\/v2\/product_brand?post=95058"},{"taxonomy":"product_cat","embeddable":true,"href":"https:\/\/www.magnetenspecialist.nl\/de\/wp-json\/wp\/v2\/product_cat?post=95058"},{"taxonomy":"product_tag","embeddable":true,"href":"https:\/\/www.magnetenspecialist.nl\/de\/wp-json\/wp\/v2\/product_tag?post=95058"}],"curies":[{"name":"wp","href":"https:\/\/api.w.org\/{rel}","templated":true}]}}