{"id":95678,"date":"2019-03-08T11:02:49","date_gmt":"2019-03-08T10:02:49","guid":{"rendered":"https:\/\/www.magnetenspecialist.nl\/winkel\/unkategorisiert\/hakenmagnet-60-x-18-x-10-mm\/"},"modified":"2025-03-18T16:04:12","modified_gmt":"2025-03-18T15:04:12","slug":"haakmagneet-60-x-18-x-10-mm","status":"publish","type":"product","link":"https:\/\/www.magnetenspecialist.nl\/de\/speichern\/magnete-einhaken\/haakmagneet-60-x-18-x-10-mm\/","title":{"rendered":"Hakenmagnet 60 x 18 x 10 mm"},"content":{"rendered":"<h3>Hakenmagnete sind \u00fcberall n\u00fctzlich. Aber welches Format passt am besten zu Ihnen?<\/h3>\n<p>Magnethaken sind Haken, die an jeder Stahloberfl\u00e4che befestigt werden k\u00f6nnen. Dank seiner gro\u00dfen Haltekraft k\u00f6nnen Sie alle Arten von Produkten, Werkzeugen und Ger\u00e4ten daran aufh\u00e4ngen. Das macht diese Haken ideal f\u00fcr einen dynamischen Arbeitsplatz! Neodym-Hakenmagnete kann man nicht im Baumarkt kaufen. Schauen Sie sich also bei Ihrem Online-Magnetspezialisten um. Denn wir haben eine gro\u00dfe Auswahl an Magnethaken und Ringen mit Senkbohrungen (Topfmagnete). Sie k\u00f6nnen sie einfach online bestellen.<\/p>\n","protected":false},"excerpt":{"rendered":"<p>Neodym Topfmagnet flach mit Haken ( Gewinde M8 )<br \/>\nMax. Betriebstemperatur: 80\u00b0C<br \/>\nEinschlie\u00dflich Haken.<\/p>\n","protected":false},"featured_media":113544,"template":"","meta":{"_acf_changed":false},"product_brand":[3521],"product_cat":[1383],"product_tag":[3163],"class_list":{"0":"post-95678","1":"product","2":"type-product","3":"status-publish","4":"has-post-thumbnail","6":"product_brand-magnetenspecialist","7":"product_cat-magnete-einhaken","8":"product_tag-groep-3-de","9":"pa_houdkracht-110-de","10":"pa_magnetisering-n40-de","11":"pa_magnetiseringsrichting-axiaal-de","12":"pa_materiaal-vernickeltes-neodym","13":"pa_model-hakenmagnet","15":"first","16":"instock","17":"featured","18":"taxable","19":"shipping-taxable","20":"purchasable","21":"product-type-simple"},"supplier_id":null,"supplier_sku":"","barcode":null,"atum_controlled":true,"out_stock_date":null,"out_stock_threshold":null,"inheritable":false,"inbound_stock":0,"stock_on_hold":0,"sold_today":0,"sales_last_days":0,"reserved_stock":0,"customer_returns":0,"warehouse_damage":0,"lost_in_post":0,"other_logs":0,"out_stock_days":0,"lost_sales":0,"has_location":false,"update_date":"2026-04-09T13:13:47","atum_locations":[],"atum_stock_status":"instock","restock_status":false,"low_stock_amount":"","sales_update_date":"2026-04-09T13:13:46","calc_backorders":null,"acf":[],"yoast_head":"<!-- This site is optimized with the Yoast SEO Premium plugin v24.7 (Yoast SEO v24.7) - https:\/\/yoast.com\/wordpress\/plugins\/seo\/ -->\n<title>Hakenmagnet 60 x 18 x 10 mm - Magnetenspecialist.nl<\/title>\n<meta name=\"description\" content=\"Suchen Sie einen Hakenmagnet 60 x 18 x 10 mm? Magnete k\u00f6nnen bequem online gekauft werden Magnetenspecialist.nl 1 Werktag Lieferzeit \u2713 14 Tage Bedenkzeit \u2713 Versand oder Abholung *.\" \/>\n<meta name=\"robots\" content=\"index, follow, max-snippet:-1, max-image-preview:large, max-video-preview:-1\" \/>\n<link rel=\"canonical\" href=\"https:\/\/www.magnetenspecialist.nl\/de\/speichern\/magnete-einhaken\/haakmagneet-60-x-18-x-10-mm\/\" \/>\n<meta property=\"og:locale\" content=\"de_DE\" \/>\n<meta property=\"og:type\" content=\"article\" \/>\n<meta property=\"og:title\" content=\"Hakenmagnet 60 x 18 x 10 mm\" \/>\n<meta property=\"og:description\" content=\"Suchen Sie einen Hakenmagnet 60 x 18 x 10 mm? Magnete k\u00f6nnen bequem online gekauft werden Magnetenspecialist.nl 1 Werktag Lieferzeit \u2713 14 Tage Bedenkzeit \u2713 Versand oder Abholung *.\" \/>\n<meta property=\"og:url\" content=\"https:\/\/www.magnetenspecialist.nl\/de\/speichern\/magnete-einhaken\/haakmagneet-60-x-18-x-10-mm\/\" \/>\n<meta property=\"og:site_name\" content=\"Magnetenspecialist.nl\" \/>\n<meta property=\"article:publisher\" content=\"https:\/\/www.facebook.com\/Magnetenspecialist.nl\" \/>\n<meta property=\"article:modified_time\" content=\"2025-03-18T15:04:12+00:00\" \/>\n<meta property=\"og:image\" content=\"https:\/\/www.magnetenspecialist.nl\/wp-content\/uploads\/2022\/05\/Magnetenspecialist.nl_Haakmagneet-50-x-12-x-11-mm_2.jpg\" \/>\n\t<meta property=\"og:image:width\" content=\"1500\" \/>\n\t<meta property=\"og:image:height\" content=\"1500\" \/>\n\t<meta property=\"og:image:type\" content=\"image\/jpeg\" \/>\n<meta name=\"twitter:card\" content=\"summary_large_image\" \/>\n<meta name=\"twitter:site\" content=\"@magnetenspecial\" \/>\n<meta name=\"twitter:label1\" content=\"Preis\" \/>\n\t<meta name=\"twitter:data1\" content=\"&euro;&nbsp;23,00\" \/>\n\t<meta name=\"twitter:label2\" content=\"Verf\u00fcgbarkeit\" \/>\n\t<meta name=\"twitter:data2\" content=\"Auf Lager\" \/>\n<script type=\"application\/ld+json\" class=\"yoast-schema-graph\">{\"@context\":\"https:\/\/schema.org\",\"@graph\":[{\"@type\":\"WebPage\",\"@id\":\"https:\/\/www.magnetenspecialist.nl\/de\/speichern\/magnete-einhaken\/haakmagneet-60-x-18-x-10-mm\/\",\"url\":\"https:\/\/www.magnetenspecialist.nl\/de\/speichern\/magnete-einhaken\/haakmagneet-60-x-18-x-10-mm\/\",\"name\":\"Hakenmagnet 60 x 18 x 10 mm - Magnetenspecialist.nl\",\"isPartOf\":{\"@id\":\"https:\/\/www.magnetenspecialist.nl\/de\/#website\"},\"primaryImageOfPage\":{\"@id\":\"https:\/\/www.magnetenspecialist.nl\/de\/speichern\/magnete-einhaken\/haakmagneet-60-x-18-x-10-mm\/#primaryimage\"},\"image\":{\"@id\":\"https:\/\/www.magnetenspecialist.nl\/de\/speichern\/magnete-einhaken\/haakmagneet-60-x-18-x-10-mm\/#primaryimage\"},\"thumbnailUrl\":\"https:\/\/www.magnetenspecialist.nl\/wp-content\/uploads\/2022\/05\/Magnetenspecialist.nl_Haakmagneet-50-x-12-x-11-mm_2.jpg\",\"datePublished\":\"2019-03-08T10:02:49+00:00\",\"dateModified\":\"2025-03-18T15:04:12+00:00\",\"description\":\"Suchen Sie einen Hakenmagnet 60 x 18 x 10 mm? Magnete k\u00f6nnen bequem online gekauft werden Magnetenspecialist.nl 1 Werktag Lieferzeit \u2713 14 Tage Bedenkzeit \u2713 Versand oder Abholung *.\",\"breadcrumb\":{\"@id\":\"https:\/\/www.magnetenspecialist.nl\/de\/speichern\/magnete-einhaken\/haakmagneet-60-x-18-x-10-mm\/#breadcrumb\"},\"inLanguage\":\"de\",\"potentialAction\":[{\"@type\":\"ReadAction\",\"target\":[\"https:\/\/www.magnetenspecialist.nl\/de\/speichern\/magnete-einhaken\/haakmagneet-60-x-18-x-10-mm\/\"]}]},{\"@type\":\"ImageObject\",\"inLanguage\":\"de\",\"@id\":\"https:\/\/www.magnetenspecialist.nl\/de\/speichern\/magnete-einhaken\/haakmagneet-60-x-18-x-10-mm\/#primaryimage\",\"url\":\"https:\/\/www.magnetenspecialist.nl\/wp-content\/uploads\/2022\/05\/Magnetenspecialist.nl_Haakmagneet-50-x-12-x-11-mm_2.jpg\",\"contentUrl\":\"https:\/\/www.magnetenspecialist.nl\/wp-content\/uploads\/2022\/05\/Magnetenspecialist.nl_Haakmagneet-50-x-12-x-11-mm_2.jpg\",\"width\":1500,\"height\":1500,\"caption\":\"Neodymium haakmagneet \u00d850 mm \u2013 krachtig en veelzijdig\"},{\"@type\":\"BreadcrumbList\",\"@id\":\"https:\/\/www.magnetenspecialist.nl\/de\/speichern\/magnete-einhaken\/haakmagneet-60-x-18-x-10-mm\/#breadcrumb\",\"itemListElement\":[{\"@type\":\"ListItem\",\"position\":1,\"name\":\"Startseite\",\"item\":\"https:\/\/www.magnetenspecialist.nl\/de\/\"},{\"@type\":\"ListItem\",\"position\":2,\"name\":\"Shop\",\"item\":\"https:\/\/www.magnetenspecialist.nl\/de\/shop\/\"},{\"@type\":\"ListItem\",\"position\":3,\"name\":\"Hakenmagnet 60 x 18 x 10 mm\"}]},{\"@type\":\"WebSite\",\"@id\":\"https:\/\/www.magnetenspecialist.nl\/de\/#website\",\"url\":\"https:\/\/www.magnetenspecialist.nl\/de\/\",\"name\":\"Magnetenspecialist.nl\",\"description\":\"Umfangreiches Angebot an Neodym-Magneten\",\"publisher\":{\"@id\":\"https:\/\/www.magnetenspecialist.nl\/de\/#organization\"},\"potentialAction\":[{\"@type\":\"SearchAction\",\"target\":{\"@type\":\"EntryPoint\",\"urlTemplate\":\"https:\/\/www.magnetenspecialist.nl\/de\/?s={search_term_string}\"},\"query-input\":{\"@type\":\"PropertyValueSpecification\",\"valueRequired\":true,\"valueName\":\"search_term_string\"}}],\"inLanguage\":\"de\"},{\"@type\":\"Organization\",\"@id\":\"https:\/\/www.magnetenspecialist.nl\/de\/#organization\",\"name\":\"Magnetenspecialist.nl\",\"url\":\"https:\/\/www.magnetenspecialist.nl\/de\/\",\"logo\":{\"@type\":\"ImageObject\",\"inLanguage\":\"de\",\"@id\":\"https:\/\/www.magnetenspecialist.nl\/de\/#\/schema\/logo\/image\/\",\"url\":\"https:\/\/www.magnetenspecialist.nl\/wp-content\/uploads\/2018\/10\/magneten-logo.jpg\",\"contentUrl\":\"https:\/\/www.magnetenspecialist.nl\/wp-content\/uploads\/2018\/10\/magneten-logo.jpg\",\"width\":151,\"height\":151,\"caption\":\"Magnetenspecialist.nl\"},\"image\":{\"@id\":\"https:\/\/www.magnetenspecialist.nl\/de\/#\/schema\/logo\/image\/\"},\"sameAs\":[\"https:\/\/www.facebook.com\/Magnetenspecialist.nl\",\"https:\/\/x.com\/magnetenspecial\"]}]}<\/script>\n<meta property=\"product:price:amount\" content=\"23.00\" \/>\n<meta property=\"product:price:currency\" content=\"EUR\" \/>\n<meta property=\"og:availability\" content=\"instock\" \/>\n<meta property=\"product:availability\" content=\"instock\" \/>\n<meta property=\"product:retailer_item_id\" content=\"ha060x018x010-N\" \/>\n<meta property=\"product:condition\" content=\"new\" \/>\n<!-- \/ Yoast SEO Premium plugin. -->","yoast_head_json":{"title":"Hakenmagnet 60 x 18 x 10 mm - Magnetenspecialist.nl","description":"Suchen Sie einen Hakenmagnet 60 x 18 x 10 mm? Magnete k\u00f6nnen bequem online gekauft werden Magnetenspecialist.nl 1 Werktag Lieferzeit \u2713 14 Tage Bedenkzeit \u2713 Versand oder Abholung *.","robots":{"index":"index","follow":"follow","max-snippet":"max-snippet:-1","max-image-preview":"max-image-preview:large","max-video-preview":"max-video-preview:-1"},"canonical":"https:\/\/www.magnetenspecialist.nl\/de\/speichern\/magnete-einhaken\/haakmagneet-60-x-18-x-10-mm\/","og_locale":"de_DE","og_type":"article","og_title":"Hakenmagnet 60 x 18 x 10 mm","og_description":"Suchen Sie einen Hakenmagnet 60 x 18 x 10 mm? Magnete k\u00f6nnen bequem online gekauft werden Magnetenspecialist.nl 1 Werktag Lieferzeit \u2713 14 Tage Bedenkzeit \u2713 Versand oder Abholung *.","og_url":"https:\/\/www.magnetenspecialist.nl\/de\/speichern\/magnete-einhaken\/haakmagneet-60-x-18-x-10-mm\/","og_site_name":"Magnetenspecialist.nl","article_publisher":"https:\/\/www.facebook.com\/Magnetenspecialist.nl","article_modified_time":"2025-03-18T15:04:12+00:00","og_image":[{"width":1500,"height":1500,"url":"https:\/\/www.magnetenspecialist.nl\/wp-content\/uploads\/2022\/05\/Magnetenspecialist.nl_Haakmagneet-50-x-12-x-11-mm_2.jpg","type":"image\/jpeg"}],"twitter_card":"summary_large_image","twitter_site":"@magnetenspecial","twitter_misc":{"Preis":"&euro;&nbsp;23,00","Verf\u00fcgbarkeit":"Auf Lager"},"schema":{"@context":"https:\/\/schema.org","@graph":[{"@type":"WebPage","@id":"https:\/\/www.magnetenspecialist.nl\/de\/speichern\/magnete-einhaken\/haakmagneet-60-x-18-x-10-mm\/","url":"https:\/\/www.magnetenspecialist.nl\/de\/speichern\/magnete-einhaken\/haakmagneet-60-x-18-x-10-mm\/","name":"Hakenmagnet 60 x 18 x 10 mm - Magnetenspecialist.nl","isPartOf":{"@id":"https:\/\/www.magnetenspecialist.nl\/de\/#website"},"primaryImageOfPage":{"@id":"https:\/\/www.magnetenspecialist.nl\/de\/speichern\/magnete-einhaken\/haakmagneet-60-x-18-x-10-mm\/#primaryimage"},"image":{"@id":"https:\/\/www.magnetenspecialist.nl\/de\/speichern\/magnete-einhaken\/haakmagneet-60-x-18-x-10-mm\/#primaryimage"},"thumbnailUrl":"https:\/\/www.magnetenspecialist.nl\/wp-content\/uploads\/2022\/05\/Magnetenspecialist.nl_Haakmagneet-50-x-12-x-11-mm_2.jpg","datePublished":"2019-03-08T10:02:49+00:00","dateModified":"2025-03-18T15:04:12+00:00","description":"Suchen Sie einen Hakenmagnet 60 x 18 x 10 mm? Magnete k\u00f6nnen bequem online gekauft werden Magnetenspecialist.nl 1 Werktag Lieferzeit \u2713 14 Tage Bedenkzeit \u2713 Versand oder Abholung *.","breadcrumb":{"@id":"https:\/\/www.magnetenspecialist.nl\/de\/speichern\/magnete-einhaken\/haakmagneet-60-x-18-x-10-mm\/#breadcrumb"},"inLanguage":"de","potentialAction":[{"@type":"ReadAction","target":["https:\/\/www.magnetenspecialist.nl\/de\/speichern\/magnete-einhaken\/haakmagneet-60-x-18-x-10-mm\/"]}]},{"@type":"ImageObject","inLanguage":"de","@id":"https:\/\/www.magnetenspecialist.nl\/de\/speichern\/magnete-einhaken\/haakmagneet-60-x-18-x-10-mm\/#primaryimage","url":"https:\/\/www.magnetenspecialist.nl\/wp-content\/uploads\/2022\/05\/Magnetenspecialist.nl_Haakmagneet-50-x-12-x-11-mm_2.jpg","contentUrl":"https:\/\/www.magnetenspecialist.nl\/wp-content\/uploads\/2022\/05\/Magnetenspecialist.nl_Haakmagneet-50-x-12-x-11-mm_2.jpg","width":1500,"height":1500,"caption":"Neodymium haakmagneet \u00d850 mm \u2013 krachtig en veelzijdig"},{"@type":"BreadcrumbList","@id":"https:\/\/www.magnetenspecialist.nl\/de\/speichern\/magnete-einhaken\/haakmagneet-60-x-18-x-10-mm\/#breadcrumb","itemListElement":[{"@type":"ListItem","position":1,"name":"Startseite","item":"https:\/\/www.magnetenspecialist.nl\/de\/"},{"@type":"ListItem","position":2,"name":"Shop","item":"https:\/\/www.magnetenspecialist.nl\/de\/shop\/"},{"@type":"ListItem","position":3,"name":"Hakenmagnet 60 x 18 x 10 mm"}]},{"@type":"WebSite","@id":"https:\/\/www.magnetenspecialist.nl\/de\/#website","url":"https:\/\/www.magnetenspecialist.nl\/de\/","name":"Magnetenspecialist.nl","description":"Umfangreiches Angebot an Neodym-Magneten","publisher":{"@id":"https:\/\/www.magnetenspecialist.nl\/de\/#organization"},"potentialAction":[{"@type":"SearchAction","target":{"@type":"EntryPoint","urlTemplate":"https:\/\/www.magnetenspecialist.nl\/de\/?s={search_term_string}"},"query-input":{"@type":"PropertyValueSpecification","valueRequired":true,"valueName":"search_term_string"}}],"inLanguage":"de"},{"@type":"Organization","@id":"https:\/\/www.magnetenspecialist.nl\/de\/#organization","name":"Magnetenspecialist.nl","url":"https:\/\/www.magnetenspecialist.nl\/de\/","logo":{"@type":"ImageObject","inLanguage":"de","@id":"https:\/\/www.magnetenspecialist.nl\/de\/#\/schema\/logo\/image\/","url":"https:\/\/www.magnetenspecialist.nl\/wp-content\/uploads\/2018\/10\/magneten-logo.jpg","contentUrl":"https:\/\/www.magnetenspecialist.nl\/wp-content\/uploads\/2018\/10\/magneten-logo.jpg","width":151,"height":151,"caption":"Magnetenspecialist.nl"},"image":{"@id":"https:\/\/www.magnetenspecialist.nl\/de\/#\/schema\/logo\/image\/"},"sameAs":["https:\/\/www.facebook.com\/Magnetenspecialist.nl","https:\/\/x.com\/magnetenspecial"]}]},"product_price_amount":"23.00","product_price_currency":"EUR","og_availability":"instock","product_availability":"instock","product_retailer_item_id":"ha060x018x010-N","product_condition":"new"},"_links":{"self":[{"href":"https:\/\/www.magnetenspecialist.nl\/de\/wp-json\/wp\/v2\/product\/95678","targetHints":{"allow":["GET"]}}],"collection":[{"href":"https:\/\/www.magnetenspecialist.nl\/de\/wp-json\/wp\/v2\/product"}],"about":[{"href":"https:\/\/www.magnetenspecialist.nl\/de\/wp-json\/wp\/v2\/types\/product"}],"wp:featuredmedia":[{"embeddable":true,"href":"https:\/\/www.magnetenspecialist.nl\/de\/wp-json\/wp\/v2\/media\/113544"}],"wp:attachment":[{"href":"https:\/\/www.magnetenspecialist.nl\/de\/wp-json\/wp\/v2\/media?parent=95678"}],"wp:term":[{"taxonomy":"product_brand","embeddable":true,"href":"https:\/\/www.magnetenspecialist.nl\/de\/wp-json\/wp\/v2\/product_brand?post=95678"},{"taxonomy":"product_cat","embeddable":true,"href":"https:\/\/www.magnetenspecialist.nl\/de\/wp-json\/wp\/v2\/product_cat?post=95678"},{"taxonomy":"product_tag","embeddable":true,"href":"https:\/\/www.magnetenspecialist.nl\/de\/wp-json\/wp\/v2\/product_tag?post=95678"}],"curies":[{"name":"wp","href":"https:\/\/api.w.org\/{rel}","templated":true}]}}