{"id":95685,"date":"2019-03-08T11:02:49","date_gmt":"2019-03-08T10:02:49","guid":{"rendered":"https:\/\/www.magnetenspecialist.nl\/winkel\/unkategorisiert\/hakenmagnet-10-x-5-x-4-5-mm\/"},"modified":"2025-05-06T16:07:11","modified_gmt":"2025-05-06T14:07:11","slug":"haakmagneet-10-x-5-x-4-5-mm","status":"publish","type":"product","link":"https:\/\/www.magnetenspecialist.nl\/de\/speichern\/magnete-einhaken\/haakmagneet-10-x-5-x-4-5-mm\/","title":{"rendered":"Hakenmagnet 10 x 5 x 4,5 mm &#8211; Neodym N40 Magnet in Stahlgeh\u00e4use"},"content":{"rendered":"<p class=\"\" data-start=\"182\" data-end=\"529\"><strong data-start=\"182\" data-end=\"257\">Hakenmagnet 10 x 5 x 4,5 mm &#8211; Neodym N40 Magnet im Stahlgeh\u00e4use<\/strong><br data-start=\"257\" data-end=\"260\">Dieser kompakte, aber starke Hakenmagnet ist mit einem Neodym N40 Magneten und einem robusten Stahlgeh\u00e4use ausgestattet. Mit einem Durchmesser von nur 10 mm eignet er sich hervorragend f\u00fcr Anwendungen, bei denen nur wenig Platz zur Verf\u00fcgung steht, aber dennoch eine zuverl\u00e4ssige Haftkraft erforderlich ist. <\/p>\n<p class=\"\" data-start=\"531\" data-end=\"840\">Der integrierte Haken erm\u00f6glicht das einfache Aufh\u00e4ngen von leichten Gegenst\u00e4nden wie Schl\u00fcsseln, Werkzeugen, Etiketten oder Kabeln. Ideal f\u00fcr den Einsatz in Haushalten, Werkst\u00e4tten, B\u00fcros, Lagerh\u00e4usern oder in Fahrzeugen. Das Stahlgeh\u00e4use erh\u00f6ht die Haltbarkeit des Magneten und sch\u00fctzt ihn vor St\u00f6\u00dfen.  <\/p>\n<h3 class=\"\" data-start=\"842\" data-end=\"860\"><strong data-start=\"846\" data-end=\"860\">Merkmale:<\/strong><\/h3>\n<ul data-start=\"861\" data-end=\"1241\">\n<li class=\"\" data-start=\"861\" data-end=\"897\">\n<p class=\"\" data-start=\"863\" data-end=\"897\"><strong data-start=\"863\" data-end=\"878\">Abmessungen:<\/strong> \u00d810 x 5 x 4,5 mm<\/p>\n<\/li>\n<li class=\"\" data-start=\"898\" data-end=\"946\">\n<p class=\"\" data-start=\"900\" data-end=\"946\"><strong data-start=\"900\" data-end=\"922\">Magnetmaterial:<\/strong> Neodym N40 (NdFeB)<\/p>\n<\/li>\n<li class=\"\" data-start=\"947\" data-end=\"971\">\n<p class=\"\" data-start=\"949\" data-end=\"971\"><strong data-start=\"949\" data-end=\"963\">Geh\u00e4use:<\/strong> Stahl<\/p>\n<\/li>\n<li class=\"\" data-start=\"972\" data-end=\"1067\">\n<p class=\"\" data-start=\"974\" data-end=\"1067\"><strong data-start=\"974\" data-end=\"989\">Anwendung:<\/strong> Innenbereiche mit begrenztem Platzangebot, wo leichte Aufh\u00e4ngungen erforderlich sind<\/p>\n<\/li>\n<li class=\"\" data-start=\"1068\" data-end=\"1155\">\n<p class=\"\" data-start=\"1070\" data-end=\"1155\"><strong data-start=\"1070\" data-end=\"1082\">Montage:<\/strong> Einfach auf Metalloberfl\u00e4chen zu platzieren &#8211; keine Befestigung erforderlich<\/p>\n<\/li>\n<li class=\"\" data-start=\"1156\" data-end=\"1241\">\n<p class=\"\" data-start=\"1158\" data-end=\"1241\"><strong data-start=\"1158\" data-end=\"1172\">Vorteile:<\/strong> Kompakt, stark, wiederverwendbar und rostfrei bei normalem Gebrauch<\/p>\n<\/li>\n<\/ul>\n","protected":false},"excerpt":{"rendered":"<p>Neodym-Topfmagnet flach mit Haken ( Gewinde M3 )<br \/>\nMax. Betriebstemperatur: 80\u00b0C<br \/>\nInklusive Haken. <\/p>\n","protected":false},"featured_media":113487,"template":"","meta":{"_acf_changed":false},"product_brand":[3521],"product_cat":[1383],"product_tag":[3164],"class_list":{"0":"post-95685","1":"product","2":"type-product","3":"status-publish","4":"has-post-thumbnail","6":"product_brand-magnetenspecialist","7":"product_cat-magnete-einhaken","8":"product_tag-groep-4-de","9":"pa_houdkracht-2-de","10":"pa_magnetisering-n40-de","11":"pa_magnetiseringsrichting-axiaal-de","12":"pa_materiaal-vernickeltes-neodym","13":"pa_model-hakenmagnet","15":"first","16":"instock","17":"taxable","18":"shipping-taxable","19":"purchasable","20":"product-type-simple"},"supplier_id":null,"supplier_sku":"","barcode":null,"atum_controlled":true,"out_stock_date":null,"out_stock_threshold":null,"inheritable":false,"inbound_stock":0,"stock_on_hold":0,"sold_today":0,"sales_last_days":0,"reserved_stock":0,"customer_returns":0,"warehouse_damage":0,"lost_in_post":0,"other_logs":0,"out_stock_days":0,"lost_sales":0,"has_location":false,"update_date":"2026-04-21T09:52:17","atum_locations":[],"atum_stock_status":"instock","restock_status":false,"low_stock_amount":2000,"sales_update_date":"2026-04-03T08:06:24","calc_backorders":null,"acf":[],"yoast_head":"<!-- This site is optimized with the Yoast SEO Premium plugin v24.7 (Yoast SEO v24.7) - https:\/\/yoast.com\/wordpress\/plugins\/seo\/ -->\n<title>Hakenmagnet 10 x 5 x 4,5 mm: Kompakter und starker Magnet - Magnetenspecialist.nl<\/title>\n<meta name=\"description\" content=\"Entdecken Sie den leistungsstarken Hakenmagnet 10 x 5 x 4,5 mm - Neodym N40 Magnet im Stahlgeh\u00e4use, perfekt f\u00fcr kompakte R\u00e4ume. H\u00e4ngen Sie Objekte einfach auf!\" \/>\n<meta name=\"robots\" content=\"index, follow, max-snippet:-1, max-image-preview:large, max-video-preview:-1\" \/>\n<link rel=\"canonical\" href=\"https:\/\/www.magnetenspecialist.nl\/de\/speichern\/magnete-einhaken\/haakmagneet-10-x-5-x-4-5-mm\/\" \/>\n<meta property=\"og:locale\" content=\"de_DE\" \/>\n<meta property=\"og:type\" content=\"article\" \/>\n<meta property=\"og:title\" content=\"Hakenmagnet 10 x 5 x 4,5 mm - Neodym N40 Magnet in Stahlgeh\u00e4use\" \/>\n<meta property=\"og:description\" content=\"Entdecken Sie den leistungsstarken Hakenmagnet 10 x 5 x 4,5 mm - Neodym N40 Magnet im Stahlgeh\u00e4use, perfekt f\u00fcr kompakte R\u00e4ume. H\u00e4ngen Sie Objekte einfach auf!\" \/>\n<meta property=\"og:url\" content=\"https:\/\/www.magnetenspecialist.nl\/de\/speichern\/magnete-einhaken\/haakmagneet-10-x-5-x-4-5-mm\/\" \/>\n<meta property=\"og:site_name\" content=\"Magnetenspecialist.nl\" \/>\n<meta property=\"article:publisher\" content=\"https:\/\/www.facebook.com\/Magnetenspecialist.nl\" \/>\n<meta property=\"article:modified_time\" content=\"2025-05-06T14:07:11+00:00\" \/>\n<meta property=\"og:image\" content=\"https:\/\/www.magnetenspecialist.nl\/wp-content\/uploads\/2019\/03\/Magnetenspecialist.nl_Haakmagneet-10-x-5-x-4.5-mm_1.jpg\" \/>\n\t<meta property=\"og:image:width\" content=\"1500\" \/>\n\t<meta property=\"og:image:height\" content=\"1500\" \/>\n\t<meta property=\"og:image:type\" content=\"image\/jpeg\" \/>\n<meta name=\"twitter:card\" content=\"summary_large_image\" \/>\n<meta name=\"twitter:site\" content=\"@magnetenspecial\" \/>\n<meta name=\"twitter:label1\" content=\"Preis\" \/>\n\t<meta name=\"twitter:data1\" content=\"&euro;&nbsp;1,69\" \/>\n\t<meta name=\"twitter:label2\" content=\"Verf\u00fcgbarkeit\" \/>\n\t<meta name=\"twitter:data2\" content=\"Auf Lager\" \/>\n<script type=\"application\/ld+json\" class=\"yoast-schema-graph\">{\"@context\":\"https:\/\/schema.org\",\"@graph\":[{\"@type\":\"WebPage\",\"@id\":\"https:\/\/www.magnetenspecialist.nl\/de\/speichern\/magnete-einhaken\/haakmagneet-10-x-5-x-4-5-mm\/\",\"url\":\"https:\/\/www.magnetenspecialist.nl\/de\/speichern\/magnete-einhaken\/haakmagneet-10-x-5-x-4-5-mm\/\",\"name\":\"Hakenmagnet 10 x 5 x 4,5 mm: Kompakter und starker Magnet - Magnetenspecialist.nl\",\"isPartOf\":{\"@id\":\"https:\/\/www.magnetenspecialist.nl\/de\/#website\"},\"primaryImageOfPage\":{\"@id\":\"https:\/\/www.magnetenspecialist.nl\/de\/speichern\/magnete-einhaken\/haakmagneet-10-x-5-x-4-5-mm\/#primaryimage\"},\"image\":{\"@id\":\"https:\/\/www.magnetenspecialist.nl\/de\/speichern\/magnete-einhaken\/haakmagneet-10-x-5-x-4-5-mm\/#primaryimage\"},\"thumbnailUrl\":\"https:\/\/www.magnetenspecialist.nl\/wp-content\/uploads\/2019\/03\/Magnetenspecialist.nl_Haakmagneet-10-x-5-x-4.5-mm_1.jpg\",\"datePublished\":\"2019-03-08T10:02:49+00:00\",\"dateModified\":\"2025-05-06T14:07:11+00:00\",\"description\":\"Entdecken Sie den leistungsstarken Hakenmagnet 10 x 5 x 4,5 mm - Neodym N40 Magnet im Stahlgeh\u00e4use, perfekt f\u00fcr kompakte R\u00e4ume. H\u00e4ngen Sie Objekte einfach auf!\",\"breadcrumb\":{\"@id\":\"https:\/\/www.magnetenspecialist.nl\/de\/speichern\/magnete-einhaken\/haakmagneet-10-x-5-x-4-5-mm\/#breadcrumb\"},\"inLanguage\":\"de\",\"potentialAction\":[{\"@type\":\"ReadAction\",\"target\":[\"https:\/\/www.magnetenspecialist.nl\/de\/speichern\/magnete-einhaken\/haakmagneet-10-x-5-x-4-5-mm\/\"]}]},{\"@type\":\"ImageObject\",\"inLanguage\":\"de\",\"@id\":\"https:\/\/www.magnetenspecialist.nl\/de\/speichern\/magnete-einhaken\/haakmagneet-10-x-5-x-4-5-mm\/#primaryimage\",\"url\":\"https:\/\/www.magnetenspecialist.nl\/wp-content\/uploads\/2019\/03\/Magnetenspecialist.nl_Haakmagneet-10-x-5-x-4.5-mm_1.jpg\",\"contentUrl\":\"https:\/\/www.magnetenspecialist.nl\/wp-content\/uploads\/2019\/03\/Magnetenspecialist.nl_Haakmagneet-10-x-5-x-4.5-mm_1.jpg\",\"width\":1500,\"height\":1500,\"caption\":\"Krachtige neodymium blokmagneet met verzinkgat \u2013 beschermd met duurzame kunststofmantel\"},{\"@type\":\"BreadcrumbList\",\"@id\":\"https:\/\/www.magnetenspecialist.nl\/de\/speichern\/magnete-einhaken\/haakmagneet-10-x-5-x-4-5-mm\/#breadcrumb\",\"itemListElement\":[{\"@type\":\"ListItem\",\"position\":1,\"name\":\"Startseite\",\"item\":\"https:\/\/www.magnetenspecialist.nl\/de\/\"},{\"@type\":\"ListItem\",\"position\":2,\"name\":\"Shop\",\"item\":\"https:\/\/www.magnetenspecialist.nl\/de\/shop\/\"},{\"@type\":\"ListItem\",\"position\":3,\"name\":\"Hakenmagnet 10 x 5 x 4,5 mm &#8211; Neodym N40 Magnet in Stahlgeh\u00e4use\"}]},{\"@type\":\"WebSite\",\"@id\":\"https:\/\/www.magnetenspecialist.nl\/de\/#website\",\"url\":\"https:\/\/www.magnetenspecialist.nl\/de\/\",\"name\":\"Magnetenspecialist.nl\",\"description\":\"Umfangreiches Angebot an Neodym-Magneten\",\"publisher\":{\"@id\":\"https:\/\/www.magnetenspecialist.nl\/de\/#organization\"},\"potentialAction\":[{\"@type\":\"SearchAction\",\"target\":{\"@type\":\"EntryPoint\",\"urlTemplate\":\"https:\/\/www.magnetenspecialist.nl\/de\/?s={search_term_string}\"},\"query-input\":{\"@type\":\"PropertyValueSpecification\",\"valueRequired\":true,\"valueName\":\"search_term_string\"}}],\"inLanguage\":\"de\"},{\"@type\":\"Organization\",\"@id\":\"https:\/\/www.magnetenspecialist.nl\/de\/#organization\",\"name\":\"Magnetenspecialist.nl\",\"url\":\"https:\/\/www.magnetenspecialist.nl\/de\/\",\"logo\":{\"@type\":\"ImageObject\",\"inLanguage\":\"de\",\"@id\":\"https:\/\/www.magnetenspecialist.nl\/de\/#\/schema\/logo\/image\/\",\"url\":\"https:\/\/www.magnetenspecialist.nl\/wp-content\/uploads\/2018\/10\/magneten-logo.jpg\",\"contentUrl\":\"https:\/\/www.magnetenspecialist.nl\/wp-content\/uploads\/2018\/10\/magneten-logo.jpg\",\"width\":151,\"height\":151,\"caption\":\"Magnetenspecialist.nl\"},\"image\":{\"@id\":\"https:\/\/www.magnetenspecialist.nl\/de\/#\/schema\/logo\/image\/\"},\"sameAs\":[\"https:\/\/www.facebook.com\/Magnetenspecialist.nl\",\"https:\/\/x.com\/magnetenspecial\"]}]}<\/script>\n<meta property=\"product:price:amount\" content=\"1.69\" \/>\n<meta property=\"product:price:currency\" content=\"EUR\" \/>\n<meta property=\"og:availability\" content=\"instock\" \/>\n<meta property=\"product:availability\" content=\"instock\" \/>\n<meta property=\"product:retailer_item_id\" content=\"ha010x005x0045-N\" \/>\n<meta property=\"product:condition\" content=\"new\" \/>\n<!-- \/ Yoast SEO Premium plugin. -->","yoast_head_json":{"title":"Hakenmagnet 10 x 5 x 4,5 mm: Kompakter und starker Magnet - Magnetenspecialist.nl","description":"Entdecken Sie den leistungsstarken Hakenmagnet 10 x 5 x 4,5 mm - Neodym N40 Magnet im Stahlgeh\u00e4use, perfekt f\u00fcr kompakte R\u00e4ume. H\u00e4ngen Sie Objekte einfach auf!","robots":{"index":"index","follow":"follow","max-snippet":"max-snippet:-1","max-image-preview":"max-image-preview:large","max-video-preview":"max-video-preview:-1"},"canonical":"https:\/\/www.magnetenspecialist.nl\/de\/speichern\/magnete-einhaken\/haakmagneet-10-x-5-x-4-5-mm\/","og_locale":"de_DE","og_type":"article","og_title":"Hakenmagnet 10 x 5 x 4,5 mm - Neodym N40 Magnet in Stahlgeh\u00e4use","og_description":"Entdecken Sie den leistungsstarken Hakenmagnet 10 x 5 x 4,5 mm - Neodym N40 Magnet im Stahlgeh\u00e4use, perfekt f\u00fcr kompakte R\u00e4ume. H\u00e4ngen Sie Objekte einfach auf!","og_url":"https:\/\/www.magnetenspecialist.nl\/de\/speichern\/magnete-einhaken\/haakmagneet-10-x-5-x-4-5-mm\/","og_site_name":"Magnetenspecialist.nl","article_publisher":"https:\/\/www.facebook.com\/Magnetenspecialist.nl","article_modified_time":"2025-05-06T14:07:11+00:00","og_image":[{"width":1500,"height":1500,"url":"https:\/\/www.magnetenspecialist.nl\/wp-content\/uploads\/2019\/03\/Magnetenspecialist.nl_Haakmagneet-10-x-5-x-4.5-mm_1.jpg","type":"image\/jpeg"}],"twitter_card":"summary_large_image","twitter_site":"@magnetenspecial","twitter_misc":{"Preis":"&euro;&nbsp;1,69","Verf\u00fcgbarkeit":"Auf Lager"},"schema":{"@context":"https:\/\/schema.org","@graph":[{"@type":"WebPage","@id":"https:\/\/www.magnetenspecialist.nl\/de\/speichern\/magnete-einhaken\/haakmagneet-10-x-5-x-4-5-mm\/","url":"https:\/\/www.magnetenspecialist.nl\/de\/speichern\/magnete-einhaken\/haakmagneet-10-x-5-x-4-5-mm\/","name":"Hakenmagnet 10 x 5 x 4,5 mm: Kompakter und starker Magnet - Magnetenspecialist.nl","isPartOf":{"@id":"https:\/\/www.magnetenspecialist.nl\/de\/#website"},"primaryImageOfPage":{"@id":"https:\/\/www.magnetenspecialist.nl\/de\/speichern\/magnete-einhaken\/haakmagneet-10-x-5-x-4-5-mm\/#primaryimage"},"image":{"@id":"https:\/\/www.magnetenspecialist.nl\/de\/speichern\/magnete-einhaken\/haakmagneet-10-x-5-x-4-5-mm\/#primaryimage"},"thumbnailUrl":"https:\/\/www.magnetenspecialist.nl\/wp-content\/uploads\/2019\/03\/Magnetenspecialist.nl_Haakmagneet-10-x-5-x-4.5-mm_1.jpg","datePublished":"2019-03-08T10:02:49+00:00","dateModified":"2025-05-06T14:07:11+00:00","description":"Entdecken Sie den leistungsstarken Hakenmagnet 10 x 5 x 4,5 mm - Neodym N40 Magnet im Stahlgeh\u00e4use, perfekt f\u00fcr kompakte R\u00e4ume. H\u00e4ngen Sie Objekte einfach auf!","breadcrumb":{"@id":"https:\/\/www.magnetenspecialist.nl\/de\/speichern\/magnete-einhaken\/haakmagneet-10-x-5-x-4-5-mm\/#breadcrumb"},"inLanguage":"de","potentialAction":[{"@type":"ReadAction","target":["https:\/\/www.magnetenspecialist.nl\/de\/speichern\/magnete-einhaken\/haakmagneet-10-x-5-x-4-5-mm\/"]}]},{"@type":"ImageObject","inLanguage":"de","@id":"https:\/\/www.magnetenspecialist.nl\/de\/speichern\/magnete-einhaken\/haakmagneet-10-x-5-x-4-5-mm\/#primaryimage","url":"https:\/\/www.magnetenspecialist.nl\/wp-content\/uploads\/2019\/03\/Magnetenspecialist.nl_Haakmagneet-10-x-5-x-4.5-mm_1.jpg","contentUrl":"https:\/\/www.magnetenspecialist.nl\/wp-content\/uploads\/2019\/03\/Magnetenspecialist.nl_Haakmagneet-10-x-5-x-4.5-mm_1.jpg","width":1500,"height":1500,"caption":"Krachtige neodymium blokmagneet met verzinkgat \u2013 beschermd met duurzame kunststofmantel"},{"@type":"BreadcrumbList","@id":"https:\/\/www.magnetenspecialist.nl\/de\/speichern\/magnete-einhaken\/haakmagneet-10-x-5-x-4-5-mm\/#breadcrumb","itemListElement":[{"@type":"ListItem","position":1,"name":"Startseite","item":"https:\/\/www.magnetenspecialist.nl\/de\/"},{"@type":"ListItem","position":2,"name":"Shop","item":"https:\/\/www.magnetenspecialist.nl\/de\/shop\/"},{"@type":"ListItem","position":3,"name":"Hakenmagnet 10 x 5 x 4,5 mm &#8211; Neodym N40 Magnet in Stahlgeh\u00e4use"}]},{"@type":"WebSite","@id":"https:\/\/www.magnetenspecialist.nl\/de\/#website","url":"https:\/\/www.magnetenspecialist.nl\/de\/","name":"Magnetenspecialist.nl","description":"Umfangreiches Angebot an Neodym-Magneten","publisher":{"@id":"https:\/\/www.magnetenspecialist.nl\/de\/#organization"},"potentialAction":[{"@type":"SearchAction","target":{"@type":"EntryPoint","urlTemplate":"https:\/\/www.magnetenspecialist.nl\/de\/?s={search_term_string}"},"query-input":{"@type":"PropertyValueSpecification","valueRequired":true,"valueName":"search_term_string"}}],"inLanguage":"de"},{"@type":"Organization","@id":"https:\/\/www.magnetenspecialist.nl\/de\/#organization","name":"Magnetenspecialist.nl","url":"https:\/\/www.magnetenspecialist.nl\/de\/","logo":{"@type":"ImageObject","inLanguage":"de","@id":"https:\/\/www.magnetenspecialist.nl\/de\/#\/schema\/logo\/image\/","url":"https:\/\/www.magnetenspecialist.nl\/wp-content\/uploads\/2018\/10\/magneten-logo.jpg","contentUrl":"https:\/\/www.magnetenspecialist.nl\/wp-content\/uploads\/2018\/10\/magneten-logo.jpg","width":151,"height":151,"caption":"Magnetenspecialist.nl"},"image":{"@id":"https:\/\/www.magnetenspecialist.nl\/de\/#\/schema\/logo\/image\/"},"sameAs":["https:\/\/www.facebook.com\/Magnetenspecialist.nl","https:\/\/x.com\/magnetenspecial"]}]},"product_price_amount":"1.69","product_price_currency":"EUR","og_availability":"instock","product_availability":"instock","product_retailer_item_id":"ha010x005x0045-N","product_condition":"new"},"_links":{"self":[{"href":"https:\/\/www.magnetenspecialist.nl\/de\/wp-json\/wp\/v2\/product\/95685","targetHints":{"allow":["GET"]}}],"collection":[{"href":"https:\/\/www.magnetenspecialist.nl\/de\/wp-json\/wp\/v2\/product"}],"about":[{"href":"https:\/\/www.magnetenspecialist.nl\/de\/wp-json\/wp\/v2\/types\/product"}],"wp:featuredmedia":[{"embeddable":true,"href":"https:\/\/www.magnetenspecialist.nl\/de\/wp-json\/wp\/v2\/media\/113487"}],"wp:attachment":[{"href":"https:\/\/www.magnetenspecialist.nl\/de\/wp-json\/wp\/v2\/media?parent=95685"}],"wp:term":[{"taxonomy":"product_brand","embeddable":true,"href":"https:\/\/www.magnetenspecialist.nl\/de\/wp-json\/wp\/v2\/product_brand?post=95685"},{"taxonomy":"product_cat","embeddable":true,"href":"https:\/\/www.magnetenspecialist.nl\/de\/wp-json\/wp\/v2\/product_cat?post=95685"},{"taxonomy":"product_tag","embeddable":true,"href":"https:\/\/www.magnetenspecialist.nl\/de\/wp-json\/wp\/v2\/product_tag?post=95685"}],"curies":[{"name":"wp","href":"https:\/\/api.w.org\/{rel}","templated":true}]}}