{"id":95693,"date":"2020-02-04T14:56:58","date_gmt":"2020-02-04T13:56:58","guid":{"rendered":"https:\/\/www.magnetenspecialist.nl\/winkel\/unkategorisiert\/hakenmagnet-gummiert-88mm\/"},"modified":"2025-03-18T15:58:01","modified_gmt":"2025-03-18T14:58:01","slug":"haken-magnet-mit-gummi-ummantelung-88mmbinner-faden-m8-kopie-kopie","status":"publish","type":"product","link":"https:\/\/www.magnetenspecialist.nl\/de\/speichern\/magnete-einhaken\/haken-magnet-mit-gummi-ummantelung-88mmbinner-faden-m8-kopie-kopie\/","title":{"rendered":"Hakenmagnet 88mm Gummiummantelung"},"content":{"rendered":"<h3>Hakenmagnete sind \u00fcberall n\u00fctzlich. Aber welches Format passt am besten zu Ihnen?<\/h3>\n<p>  Magnethaken sind Haken, die Sie an jeder Stahloberfl\u00e4che anbringen k\u00f6nnen. Dank seiner gro\u00dfen Haltekraft k\u00f6nnen Sie alle Arten von Produkten, Werkzeugen und Ger\u00e4ten daran aufh\u00e4ngen. Das macht diese Haken ideal f\u00fcr einen dynamischen Arbeitsplatz! Neodym-Hakenmagnete kann man nicht im Baumarkt kaufen. Schauen Sie sich also bei Ihrem Online-Magnetspezialisten um. Denn wir haben eine gro\u00dfe Auswahl an Magnethaken und Ringen mit Senkbohrungen (Topfmagnete). Sie k\u00f6nnen sie einfach online bestellen.<\/p>\n","protected":false},"excerpt":{"rendered":"<p>Innengewinde M8<\/p>\n","protected":false},"featured_media":113009,"template":"","meta":{"_acf_changed":false},"product_brand":[3521],"product_cat":[1383],"product_tag":[3163],"class_list":{"0":"post-95693","1":"product","2":"type-product","3":"status-publish","4":"has-post-thumbnail","6":"product_brand-magnetenspecialist","7":"product_cat-magnete-einhaken","8":"product_tag-groep-3-de","9":"pa_houdkracht-55-de","10":"pa_magnetisering-n40-de","11":"pa_magnetiseringsrichting-axiaal-de","12":"pa_materiaal-gummi","13":"pa_model-topfmagnete","15":"first","16":"outofstock","17":"taxable","18":"shipping-taxable","19":"purchasable","20":"product-type-simple"},"supplier_id":null,"supplier_sku":"","barcode":null,"atum_controlled":true,"out_stock_date":"2025-12-15 09:49:21","out_stock_threshold":null,"inheritable":false,"inbound_stock":0,"stock_on_hold":0,"sold_today":0,"sales_last_days":1,"reserved_stock":0,"customer_returns":0,"warehouse_damage":0,"lost_in_post":0,"other_logs":0,"out_stock_days":108,"lost_sales":0,"has_location":false,"update_date":"2026-04-21T09:53:43","atum_locations":[],"atum_stock_status":"outofstock","restock_status":false,"low_stock_amount":"","sales_update_date":"2026-04-03T08:06:21","calc_backorders":null,"acf":[],"yoast_head":"<!-- This site is optimized with the Yoast SEO Premium plugin v24.7 (Yoast SEO v24.7) - https:\/\/yoast.com\/wordpress\/plugins\/seo\/ -->\n<title>Hakenmagnet 88mm Gummiummantelung - Magnetenspecialist.nl<\/title>\n<meta name=\"description\" content=\"Suchen Sie einen Hakenmagnet 88mm Gummiummantelung? Magnete k\u00f6nnen bequem online gekauft werden Magnetenspecialist.nl 1 Werktag Lieferzeit \u2713 14 Tage Bedenkzeit \u2713 Versand oder Abholung *.\" \/>\n<meta name=\"robots\" content=\"index, follow, max-snippet:-1, max-image-preview:large, max-video-preview:-1\" \/>\n<link rel=\"canonical\" href=\"https:\/\/www.magnetenspecialist.nl\/de\/speichern\/magnete-einhaken\/haken-magnet-mit-gummi-ummantelung-88mmbinner-faden-m8-kopie-kopie\/\" \/>\n<meta property=\"og:locale\" content=\"de_DE\" \/>\n<meta property=\"og:type\" content=\"article\" \/>\n<meta property=\"og:title\" content=\"Hakenmagnet 88mm Gummiummantelung\" \/>\n<meta property=\"og:description\" content=\"Suchen Sie einen Hakenmagnet 88mm Gummiummantelung? Magnete k\u00f6nnen bequem online gekauft werden Magnetenspecialist.nl 1 Werktag Lieferzeit \u2713 14 Tage Bedenkzeit \u2713 Versand oder Abholung *.\" \/>\n<meta property=\"og:url\" content=\"https:\/\/www.magnetenspecialist.nl\/de\/speichern\/magnete-einhaken\/haken-magnet-mit-gummi-ummantelung-88mmbinner-faden-m8-kopie-kopie\/\" \/>\n<meta property=\"og:site_name\" content=\"Magnetenspecialist.nl\" \/>\n<meta property=\"article:publisher\" content=\"https:\/\/www.facebook.com\/Magnetenspecialist.nl\" \/>\n<meta property=\"article:modified_time\" content=\"2025-03-18T14:58:01+00:00\" \/>\n<meta property=\"og:image\" content=\"https:\/\/www.magnetenspecialist.nl\/wp-content\/uploads\/2020\/02\/Magnetenspecialist.nl_Haakmagneet-88mm-rubberen-ommanteling_3.jpg\" \/>\n\t<meta property=\"og:image:width\" content=\"1500\" \/>\n\t<meta property=\"og:image:height\" content=\"1500\" \/>\n\t<meta property=\"og:image:type\" content=\"image\/jpeg\" \/>\n<meta name=\"twitter:card\" content=\"summary_large_image\" \/>\n<meta name=\"twitter:site\" content=\"@magnetenspecial\" \/>\n<meta name=\"twitter:label1\" content=\"Preis\" \/>\n\t<meta name=\"twitter:data1\" content=\"&euro;&nbsp;19,10\" \/>\n\t<meta name=\"twitter:label2\" content=\"Verf\u00fcgbarkeit\" \/>\n\t<meta name=\"twitter:data2\" content=\"ausverkauft\" \/>\n<script type=\"application\/ld+json\" class=\"yoast-schema-graph\">{\"@context\":\"https:\/\/schema.org\",\"@graph\":[{\"@type\":\"WebPage\",\"@id\":\"https:\/\/www.magnetenspecialist.nl\/de\/speichern\/magnete-einhaken\/haken-magnet-mit-gummi-ummantelung-88mmbinner-faden-m8-kopie-kopie\/\",\"url\":\"https:\/\/www.magnetenspecialist.nl\/de\/speichern\/magnete-einhaken\/haken-magnet-mit-gummi-ummantelung-88mmbinner-faden-m8-kopie-kopie\/\",\"name\":\"Hakenmagnet 88mm Gummiummantelung - Magnetenspecialist.nl\",\"isPartOf\":{\"@id\":\"https:\/\/www.magnetenspecialist.nl\/de\/#website\"},\"primaryImageOfPage\":{\"@id\":\"https:\/\/www.magnetenspecialist.nl\/de\/speichern\/magnete-einhaken\/haken-magnet-mit-gummi-ummantelung-88mmbinner-faden-m8-kopie-kopie\/#primaryimage\"},\"image\":{\"@id\":\"https:\/\/www.magnetenspecialist.nl\/de\/speichern\/magnete-einhaken\/haken-magnet-mit-gummi-ummantelung-88mmbinner-faden-m8-kopie-kopie\/#primaryimage\"},\"thumbnailUrl\":\"https:\/\/www.magnetenspecialist.nl\/wp-content\/uploads\/2020\/02\/Magnetenspecialist.nl_Haakmagneet-88mm-rubberen-ommanteling_3.jpg\",\"datePublished\":\"2020-02-04T13:56:58+00:00\",\"dateModified\":\"2025-03-18T14:58:01+00:00\",\"description\":\"Suchen Sie einen Hakenmagnet 88mm Gummiummantelung? Magnete k\u00f6nnen bequem online gekauft werden Magnetenspecialist.nl 1 Werktag Lieferzeit \u2713 14 Tage Bedenkzeit \u2713 Versand oder Abholung *.\",\"breadcrumb\":{\"@id\":\"https:\/\/www.magnetenspecialist.nl\/de\/speichern\/magnete-einhaken\/haken-magnet-mit-gummi-ummantelung-88mmbinner-faden-m8-kopie-kopie\/#breadcrumb\"},\"inLanguage\":\"de\",\"potentialAction\":[{\"@type\":\"ReadAction\",\"target\":[\"https:\/\/www.magnetenspecialist.nl\/de\/speichern\/magnete-einhaken\/haken-magnet-mit-gummi-ummantelung-88mmbinner-faden-m8-kopie-kopie\/\"]}]},{\"@type\":\"ImageObject\",\"inLanguage\":\"de\",\"@id\":\"https:\/\/www.magnetenspecialist.nl\/de\/speichern\/magnete-einhaken\/haken-magnet-mit-gummi-ummantelung-88mmbinner-faden-m8-kopie-kopie\/#primaryimage\",\"url\":\"https:\/\/www.magnetenspecialist.nl\/wp-content\/uploads\/2020\/02\/Magnetenspecialist.nl_Haakmagneet-88mm-rubberen-ommanteling_3.jpg\",\"contentUrl\":\"https:\/\/www.magnetenspecialist.nl\/wp-content\/uploads\/2020\/02\/Magnetenspecialist.nl_Haakmagneet-88mm-rubberen-ommanteling_3.jpg\",\"width\":1500,\"height\":1500,\"caption\":\"Sterke haakmagneet \u00d888 mm met beschermende rubberlaag \u2013 voor veilige bevestiging\"},{\"@type\":\"BreadcrumbList\",\"@id\":\"https:\/\/www.magnetenspecialist.nl\/de\/speichern\/magnete-einhaken\/haken-magnet-mit-gummi-ummantelung-88mmbinner-faden-m8-kopie-kopie\/#breadcrumb\",\"itemListElement\":[{\"@type\":\"ListItem\",\"position\":1,\"name\":\"Startseite\",\"item\":\"https:\/\/www.magnetenspecialist.nl\/de\/\"},{\"@type\":\"ListItem\",\"position\":2,\"name\":\"Shop\",\"item\":\"https:\/\/www.magnetenspecialist.nl\/de\/shop\/\"},{\"@type\":\"ListItem\",\"position\":3,\"name\":\"Hakenmagnet 88mm Gummiummantelung\"}]},{\"@type\":\"WebSite\",\"@id\":\"https:\/\/www.magnetenspecialist.nl\/de\/#website\",\"url\":\"https:\/\/www.magnetenspecialist.nl\/de\/\",\"name\":\"Magnetenspecialist.nl\",\"description\":\"Umfangreiches Angebot an Neodym-Magneten\",\"publisher\":{\"@id\":\"https:\/\/www.magnetenspecialist.nl\/de\/#organization\"},\"potentialAction\":[{\"@type\":\"SearchAction\",\"target\":{\"@type\":\"EntryPoint\",\"urlTemplate\":\"https:\/\/www.magnetenspecialist.nl\/de\/?s={search_term_string}\"},\"query-input\":{\"@type\":\"PropertyValueSpecification\",\"valueRequired\":true,\"valueName\":\"search_term_string\"}}],\"inLanguage\":\"de\"},{\"@type\":\"Organization\",\"@id\":\"https:\/\/www.magnetenspecialist.nl\/de\/#organization\",\"name\":\"Magnetenspecialist.nl\",\"url\":\"https:\/\/www.magnetenspecialist.nl\/de\/\",\"logo\":{\"@type\":\"ImageObject\",\"inLanguage\":\"de\",\"@id\":\"https:\/\/www.magnetenspecialist.nl\/de\/#\/schema\/logo\/image\/\",\"url\":\"https:\/\/www.magnetenspecialist.nl\/wp-content\/uploads\/2018\/10\/magneten-logo.jpg\",\"contentUrl\":\"https:\/\/www.magnetenspecialist.nl\/wp-content\/uploads\/2018\/10\/magneten-logo.jpg\",\"width\":151,\"height\":151,\"caption\":\"Magnetenspecialist.nl\"},\"image\":{\"@id\":\"https:\/\/www.magnetenspecialist.nl\/de\/#\/schema\/logo\/image\/\"},\"sameAs\":[\"https:\/\/www.facebook.com\/Magnetenspecialist.nl\",\"https:\/\/x.com\/magnetenspecial\"]}]}<\/script>\n<meta property=\"product:price:amount\" content=\"19.10\" \/>\n<meta property=\"product:price:currency\" content=\"EUR\" \/>\n<meta property=\"og:availability\" content=\"out of stock\" \/>\n<meta property=\"product:availability\" content=\"out of stock\" \/>\n<meta property=\"product:retailer_item_id\" content=\"ha088x000x0000-N\" \/>\n<meta property=\"product:condition\" content=\"new\" \/>\n<!-- \/ Yoast SEO Premium plugin. -->","yoast_head_json":{"title":"Hakenmagnet 88mm Gummiummantelung - Magnetenspecialist.nl","description":"Suchen Sie einen Hakenmagnet 88mm Gummiummantelung? Magnete k\u00f6nnen bequem online gekauft werden Magnetenspecialist.nl 1 Werktag Lieferzeit \u2713 14 Tage Bedenkzeit \u2713 Versand oder Abholung *.","robots":{"index":"index","follow":"follow","max-snippet":"max-snippet:-1","max-image-preview":"max-image-preview:large","max-video-preview":"max-video-preview:-1"},"canonical":"https:\/\/www.magnetenspecialist.nl\/de\/speichern\/magnete-einhaken\/haken-magnet-mit-gummi-ummantelung-88mmbinner-faden-m8-kopie-kopie\/","og_locale":"de_DE","og_type":"article","og_title":"Hakenmagnet 88mm Gummiummantelung","og_description":"Suchen Sie einen Hakenmagnet 88mm Gummiummantelung? Magnete k\u00f6nnen bequem online gekauft werden Magnetenspecialist.nl 1 Werktag Lieferzeit \u2713 14 Tage Bedenkzeit \u2713 Versand oder Abholung *.","og_url":"https:\/\/www.magnetenspecialist.nl\/de\/speichern\/magnete-einhaken\/haken-magnet-mit-gummi-ummantelung-88mmbinner-faden-m8-kopie-kopie\/","og_site_name":"Magnetenspecialist.nl","article_publisher":"https:\/\/www.facebook.com\/Magnetenspecialist.nl","article_modified_time":"2025-03-18T14:58:01+00:00","og_image":[{"width":1500,"height":1500,"url":"https:\/\/www.magnetenspecialist.nl\/wp-content\/uploads\/2020\/02\/Magnetenspecialist.nl_Haakmagneet-88mm-rubberen-ommanteling_3.jpg","type":"image\/jpeg"}],"twitter_card":"summary_large_image","twitter_site":"@magnetenspecial","twitter_misc":{"Preis":"&euro;&nbsp;19,10","Verf\u00fcgbarkeit":"ausverkauft"},"schema":{"@context":"https:\/\/schema.org","@graph":[{"@type":"WebPage","@id":"https:\/\/www.magnetenspecialist.nl\/de\/speichern\/magnete-einhaken\/haken-magnet-mit-gummi-ummantelung-88mmbinner-faden-m8-kopie-kopie\/","url":"https:\/\/www.magnetenspecialist.nl\/de\/speichern\/magnete-einhaken\/haken-magnet-mit-gummi-ummantelung-88mmbinner-faden-m8-kopie-kopie\/","name":"Hakenmagnet 88mm Gummiummantelung - Magnetenspecialist.nl","isPartOf":{"@id":"https:\/\/www.magnetenspecialist.nl\/de\/#website"},"primaryImageOfPage":{"@id":"https:\/\/www.magnetenspecialist.nl\/de\/speichern\/magnete-einhaken\/haken-magnet-mit-gummi-ummantelung-88mmbinner-faden-m8-kopie-kopie\/#primaryimage"},"image":{"@id":"https:\/\/www.magnetenspecialist.nl\/de\/speichern\/magnete-einhaken\/haken-magnet-mit-gummi-ummantelung-88mmbinner-faden-m8-kopie-kopie\/#primaryimage"},"thumbnailUrl":"https:\/\/www.magnetenspecialist.nl\/wp-content\/uploads\/2020\/02\/Magnetenspecialist.nl_Haakmagneet-88mm-rubberen-ommanteling_3.jpg","datePublished":"2020-02-04T13:56:58+00:00","dateModified":"2025-03-18T14:58:01+00:00","description":"Suchen Sie einen Hakenmagnet 88mm Gummiummantelung? Magnete k\u00f6nnen bequem online gekauft werden Magnetenspecialist.nl 1 Werktag Lieferzeit \u2713 14 Tage Bedenkzeit \u2713 Versand oder Abholung *.","breadcrumb":{"@id":"https:\/\/www.magnetenspecialist.nl\/de\/speichern\/magnete-einhaken\/haken-magnet-mit-gummi-ummantelung-88mmbinner-faden-m8-kopie-kopie\/#breadcrumb"},"inLanguage":"de","potentialAction":[{"@type":"ReadAction","target":["https:\/\/www.magnetenspecialist.nl\/de\/speichern\/magnete-einhaken\/haken-magnet-mit-gummi-ummantelung-88mmbinner-faden-m8-kopie-kopie\/"]}]},{"@type":"ImageObject","inLanguage":"de","@id":"https:\/\/www.magnetenspecialist.nl\/de\/speichern\/magnete-einhaken\/haken-magnet-mit-gummi-ummantelung-88mmbinner-faden-m8-kopie-kopie\/#primaryimage","url":"https:\/\/www.magnetenspecialist.nl\/wp-content\/uploads\/2020\/02\/Magnetenspecialist.nl_Haakmagneet-88mm-rubberen-ommanteling_3.jpg","contentUrl":"https:\/\/www.magnetenspecialist.nl\/wp-content\/uploads\/2020\/02\/Magnetenspecialist.nl_Haakmagneet-88mm-rubberen-ommanteling_3.jpg","width":1500,"height":1500,"caption":"Sterke haakmagneet \u00d888 mm met beschermende rubberlaag \u2013 voor veilige bevestiging"},{"@type":"BreadcrumbList","@id":"https:\/\/www.magnetenspecialist.nl\/de\/speichern\/magnete-einhaken\/haken-magnet-mit-gummi-ummantelung-88mmbinner-faden-m8-kopie-kopie\/#breadcrumb","itemListElement":[{"@type":"ListItem","position":1,"name":"Startseite","item":"https:\/\/www.magnetenspecialist.nl\/de\/"},{"@type":"ListItem","position":2,"name":"Shop","item":"https:\/\/www.magnetenspecialist.nl\/de\/shop\/"},{"@type":"ListItem","position":3,"name":"Hakenmagnet 88mm Gummiummantelung"}]},{"@type":"WebSite","@id":"https:\/\/www.magnetenspecialist.nl\/de\/#website","url":"https:\/\/www.magnetenspecialist.nl\/de\/","name":"Magnetenspecialist.nl","description":"Umfangreiches Angebot an Neodym-Magneten","publisher":{"@id":"https:\/\/www.magnetenspecialist.nl\/de\/#organization"},"potentialAction":[{"@type":"SearchAction","target":{"@type":"EntryPoint","urlTemplate":"https:\/\/www.magnetenspecialist.nl\/de\/?s={search_term_string}"},"query-input":{"@type":"PropertyValueSpecification","valueRequired":true,"valueName":"search_term_string"}}],"inLanguage":"de"},{"@type":"Organization","@id":"https:\/\/www.magnetenspecialist.nl\/de\/#organization","name":"Magnetenspecialist.nl","url":"https:\/\/www.magnetenspecialist.nl\/de\/","logo":{"@type":"ImageObject","inLanguage":"de","@id":"https:\/\/www.magnetenspecialist.nl\/de\/#\/schema\/logo\/image\/","url":"https:\/\/www.magnetenspecialist.nl\/wp-content\/uploads\/2018\/10\/magneten-logo.jpg","contentUrl":"https:\/\/www.magnetenspecialist.nl\/wp-content\/uploads\/2018\/10\/magneten-logo.jpg","width":151,"height":151,"caption":"Magnetenspecialist.nl"},"image":{"@id":"https:\/\/www.magnetenspecialist.nl\/de\/#\/schema\/logo\/image\/"},"sameAs":["https:\/\/www.facebook.com\/Magnetenspecialist.nl","https:\/\/x.com\/magnetenspecial"]}]},"product_price_amount":"19.10","product_price_currency":"EUR","og_availability":"out of stock","product_availability":"out of stock","product_retailer_item_id":"ha088x000x0000-N","product_condition":"new"},"_links":{"self":[{"href":"https:\/\/www.magnetenspecialist.nl\/de\/wp-json\/wp\/v2\/product\/95693","targetHints":{"allow":["GET"]}}],"collection":[{"href":"https:\/\/www.magnetenspecialist.nl\/de\/wp-json\/wp\/v2\/product"}],"about":[{"href":"https:\/\/www.magnetenspecialist.nl\/de\/wp-json\/wp\/v2\/types\/product"}],"wp:featuredmedia":[{"embeddable":true,"href":"https:\/\/www.magnetenspecialist.nl\/de\/wp-json\/wp\/v2\/media\/113009"}],"wp:attachment":[{"href":"https:\/\/www.magnetenspecialist.nl\/de\/wp-json\/wp\/v2\/media?parent=95693"}],"wp:term":[{"taxonomy":"product_brand","embeddable":true,"href":"https:\/\/www.magnetenspecialist.nl\/de\/wp-json\/wp\/v2\/product_brand?post=95693"},{"taxonomy":"product_cat","embeddable":true,"href":"https:\/\/www.magnetenspecialist.nl\/de\/wp-json\/wp\/v2\/product_cat?post=95693"},{"taxonomy":"product_tag","embeddable":true,"href":"https:\/\/www.magnetenspecialist.nl\/de\/wp-json\/wp\/v2\/product_tag?post=95693"}],"curies":[{"name":"wp","href":"https:\/\/api.w.org\/{rel}","templated":true}]}}