{"id":95694,"date":"2020-02-04T14:52:29","date_gmt":"2020-02-04T13:52:29","guid":{"rendered":"https:\/\/www.magnetenspecialist.nl\/winkel\/unkategorisiert\/hakenmagnet-gummiert-66mm\/"},"modified":"2025-05-20T15:24:27","modified_gmt":"2025-05-20T13:24:27","slug":"hakenmagnet-66mm-gummiummantelt","status":"publish","type":"product","link":"https:\/\/www.magnetenspecialist.nl\/de\/speichern\/magnete-einhaken\/hakenmagnet-66mm-gummiummantelt\/","title":{"rendered":"Hakenmagnet 66 mm mit Gummih\u00fclle &#8211; Neodym-Magnet in Gummischutzh\u00fclle"},"content":{"rendered":"<p class=\"\" data-start=\"81\" data-end=\"179\"><strong data-start=\"81\" data-end=\"179\">Hakenmagnet 66 mm mit Gummih\u00fclle &#8211; Neodym-Magnet in Gummischutzh\u00fclle<\/strong><\/p>\n<p class=\"\" data-start=\"181\" data-end=\"517\">Dieser leistungsstarke Hakenmagnet mit einem Durchmesser von 66 mm verf\u00fcgt \u00fcber einen hochwertigen Neodym-Magneten, der in ein robustes Stahlgeh\u00e4use mit einer sch\u00fctzenden Gummiummantelung eingebettet ist. Die Gummiummantelung verhindert das Verkratzen empfindlicher Oberfl\u00e4chen und erh\u00f6ht die Reibung, so dass der Magnet bei seitlicher Belastung weniger leicht verrutscht. <\/p>\n<p class=\"\" data-start=\"519\" data-end=\"795\">Dank seiner starken Hakenverbindung ist dieser Magnet ideal zum Aufh\u00e4ngen schwerer Gegenst\u00e4nde an Metalloberfl\u00e4chen wie Lagerregalen, Werkb\u00e4nken, Fahrzeugen oder Messeeinrichtungen. Dank des gummierten Geh\u00e4uses ist er sowohl f\u00fcr den Innen- als auch f\u00fcr den Au\u00dfenbereich geeignet. <\/p>\n<p class=\"\" data-start=\"797\" data-end=\"811\"><strong data-start=\"797\" data-end=\"811\">Merkmale:<\/strong><\/p>\n<ul data-start=\"812\" data-end=\"1214\">\n<li class=\"\" data-start=\"812\" data-end=\"838\">\n<p class=\"\" data-start=\"814\" data-end=\"838\"><strong data-start=\"814\" data-end=\"829\">Abmessungen:<\/strong> \u00d866 mm<\/p>\n<\/li>\n<li class=\"\" data-start=\"839\" data-end=\"920\">\n<p class=\"\" data-start=\"841\" data-end=\"920\"><strong data-start=\"841\" data-end=\"855\">Material:<\/strong> Neodym-Magnet in Stahlgeh\u00e4use mit Gummiummantelung<\/p>\n<\/li>\n<li class=\"\" data-start=\"921\" data-end=\"971\">\n<p class=\"\" data-start=\"923\" data-end=\"971\"><strong data-start=\"923\" data-end=\"932\">Haken:<\/strong> Stabiler Schraubhaken &#8211; abnehmbar<\/p>\n<\/li>\n<li class=\"\" data-start=\"972\" data-end=\"1074\">\n<p class=\"\" data-start=\"974\" data-end=\"1074\"><strong data-start=\"974\" data-end=\"989\">Anwendung:<\/strong> F\u00fcr den Innen- und Au\u00dfenbereich &#8211; zum Aufh\u00e4ngen von Kabeln, Beleuchtung, Werkzeug und Dekoration<\/p>\n<\/li>\n<li class=\"\" data-start=\"1075\" data-end=\"1159\">\n<p class=\"\" data-start=\"1077\" data-end=\"1159\"><strong data-start=\"1077\" data-end=\"1093\">Schutz:<\/strong> Gummi verhindert Kratzer und erh\u00f6ht die Griffigkeit auf glatten Oberfl\u00e4chen<\/p>\n<\/li>\n<li class=\"\" data-start=\"1160\" data-end=\"1214\">\n<p class=\"\" data-start=\"1162\" data-end=\"1214\"><strong data-start=\"1162\" data-end=\"1174\">Montage:<\/strong> Magnetisch, ohne Werkzeug oder Bohren<\/p>\n<\/li>\n<\/ul>\n","protected":false},"excerpt":{"rendered":"<p>Innengewinde M6<\/p>\n","protected":false},"featured_media":113021,"template":"","meta":{"_acf_changed":false},"product_brand":[3521],"product_cat":[1383],"product_tag":[3163],"class_list":{"0":"post-95694","1":"product","2":"type-product","3":"status-publish","4":"has-post-thumbnail","6":"product_brand-magnetenspecialist","7":"product_cat-magnete-einhaken","8":"product_tag-groep-3-de","9":"pa_houdkracht-25-de","10":"pa_magnetisering-n40-de","11":"pa_magnetiseringsrichting-axiaal-de","12":"pa_materiaal-vernickeltes-neodym","13":"pa_model-hakenmagnet","15":"first","16":"instock","17":"taxable","18":"shipping-taxable","19":"purchasable","20":"product-type-simple"},"supplier_id":null,"supplier_sku":"","barcode":null,"atum_controlled":true,"out_stock_date":null,"out_stock_threshold":null,"inheritable":false,"inbound_stock":0,"stock_on_hold":0,"sold_today":0,"sales_last_days":0,"reserved_stock":0,"customer_returns":0,"warehouse_damage":0,"lost_in_post":0,"other_logs":0,"out_stock_days":0,"lost_sales":0,"has_location":false,"update_date":"2026-04-21T09:53:33","atum_locations":[],"atum_stock_status":"instock","restock_status":false,"low_stock_amount":200,"sales_update_date":"2026-04-03T08:06:21","calc_backorders":null,"acf":[],"yoast_head":"<!-- This site is optimized with the Yoast SEO Premium plugin v24.7 (Yoast SEO v24.7) - https:\/\/yoast.com\/wordpress\/plugins\/seo\/ -->\n<title>Hakenmagnet 66 mm mit Gummih\u00fclle - Neodym-Magnet in Gummischutzh\u00fclle - Magnetenspecialist.nl<\/title>\n<meta name=\"description\" content=\"Suchen Sie einen Hakenmagnet 66 mm mit Gummih\u00fclle - Neodym-Magnet in Gummischutzh\u00fclle? Magnete k\u00f6nnen bequem online gekauft werden Magnetenspecialist.nl 1 Werktag Lieferzeit \u2713 14 Tage Bedenkzeit \u2713 Versand oder Abholung *.\" \/>\n<meta name=\"robots\" content=\"index, follow, max-snippet:-1, max-image-preview:large, max-video-preview:-1\" \/>\n<link rel=\"canonical\" href=\"https:\/\/www.magnetenspecialist.nl\/de\/speichern\/magnete-einhaken\/hakenmagnet-66mm-gummiummantelt\/\" \/>\n<meta property=\"og:locale\" content=\"de_DE\" \/>\n<meta property=\"og:type\" content=\"article\" \/>\n<meta property=\"og:title\" content=\"Hakenmagnet 66 mm mit Gummih\u00fclle - Neodym-Magnet in Gummischutzh\u00fclle\" \/>\n<meta property=\"og:description\" content=\"Suchen Sie einen Hakenmagnet 66 mm mit Gummih\u00fclle - Neodym-Magnet in Gummischutzh\u00fclle? Magnete k\u00f6nnen bequem online gekauft werden Magnetenspecialist.nl 1 Werktag Lieferzeit \u2713 14 Tage Bedenkzeit \u2713 Versand oder Abholung *.\" \/>\n<meta property=\"og:url\" content=\"https:\/\/www.magnetenspecialist.nl\/de\/speichern\/magnete-einhaken\/hakenmagnet-66mm-gummiummantelt\/\" \/>\n<meta property=\"og:site_name\" content=\"Magnetenspecialist.nl\" \/>\n<meta property=\"article:publisher\" content=\"https:\/\/www.facebook.com\/Magnetenspecialist.nl\" \/>\n<meta property=\"article:modified_time\" content=\"2025-05-20T13:24:27+00:00\" \/>\n<meta property=\"og:image\" content=\"https:\/\/www.magnetenspecialist.nl\/wp-content\/uploads\/2020\/02\/Magnetenspecialist.nl_Haakmagneet-66mm-rubberen-ommanteling_1.jpg\" \/>\n\t<meta property=\"og:image:width\" content=\"1500\" \/>\n\t<meta property=\"og:image:height\" content=\"1500\" \/>\n\t<meta property=\"og:image:type\" content=\"image\/jpeg\" \/>\n<meta name=\"twitter:card\" content=\"summary_large_image\" \/>\n<meta name=\"twitter:site\" content=\"@magnetenspecial\" \/>\n<meta name=\"twitter:label1\" content=\"Preis\" \/>\n\t<meta name=\"twitter:data1\" content=\"&euro;&nbsp;13,73\" \/>\n\t<meta name=\"twitter:label2\" content=\"Verf\u00fcgbarkeit\" \/>\n\t<meta name=\"twitter:data2\" content=\"Auf Lager\" \/>\n<script type=\"application\/ld+json\" class=\"yoast-schema-graph\">{\"@context\":\"https:\/\/schema.org\",\"@graph\":[{\"@type\":\"WebPage\",\"@id\":\"https:\/\/www.magnetenspecialist.nl\/de\/speichern\/magnete-einhaken\/hakenmagnet-66mm-gummiummantelt\/\",\"url\":\"https:\/\/www.magnetenspecialist.nl\/de\/speichern\/magnete-einhaken\/hakenmagnet-66mm-gummiummantelt\/\",\"name\":\"Hakenmagnet 66 mm mit Gummih\u00fclle - Neodym-Magnet in Gummischutzh\u00fclle - Magnetenspecialist.nl\",\"isPartOf\":{\"@id\":\"https:\/\/www.magnetenspecialist.nl\/de\/#website\"},\"primaryImageOfPage\":{\"@id\":\"https:\/\/www.magnetenspecialist.nl\/de\/speichern\/magnete-einhaken\/hakenmagnet-66mm-gummiummantelt\/#primaryimage\"},\"image\":{\"@id\":\"https:\/\/www.magnetenspecialist.nl\/de\/speichern\/magnete-einhaken\/hakenmagnet-66mm-gummiummantelt\/#primaryimage\"},\"thumbnailUrl\":\"https:\/\/www.magnetenspecialist.nl\/wp-content\/uploads\/2020\/02\/Magnetenspecialist.nl_Haakmagneet-66mm-rubberen-ommanteling_1.jpg\",\"datePublished\":\"2020-02-04T13:52:29+00:00\",\"dateModified\":\"2025-05-20T13:24:27+00:00\",\"description\":\"Suchen Sie einen Hakenmagnet 66 mm mit Gummih\u00fclle - Neodym-Magnet in Gummischutzh\u00fclle? Magnete k\u00f6nnen bequem online gekauft werden Magnetenspecialist.nl 1 Werktag Lieferzeit \u2713 14 Tage Bedenkzeit \u2713 Versand oder Abholung *.\",\"breadcrumb\":{\"@id\":\"https:\/\/www.magnetenspecialist.nl\/de\/speichern\/magnete-einhaken\/hakenmagnet-66mm-gummiummantelt\/#breadcrumb\"},\"inLanguage\":\"de\",\"potentialAction\":[{\"@type\":\"ReadAction\",\"target\":[\"https:\/\/www.magnetenspecialist.nl\/de\/speichern\/magnete-einhaken\/hakenmagnet-66mm-gummiummantelt\/\"]}]},{\"@type\":\"ImageObject\",\"inLanguage\":\"de\",\"@id\":\"https:\/\/www.magnetenspecialist.nl\/de\/speichern\/magnete-einhaken\/hakenmagnet-66mm-gummiummantelt\/#primaryimage\",\"url\":\"https:\/\/www.magnetenspecialist.nl\/wp-content\/uploads\/2020\/02\/Magnetenspecialist.nl_Haakmagneet-66mm-rubberen-ommanteling_1.jpg\",\"contentUrl\":\"https:\/\/www.magnetenspecialist.nl\/wp-content\/uploads\/2020\/02\/Magnetenspecialist.nl_Haakmagneet-66mm-rubberen-ommanteling_1.jpg\",\"width\":1500,\"height\":1500,\"caption\":\"Rubberen haakmagneet \u00d866 mm \u2013 extra grip en krasbescherming\"},{\"@type\":\"BreadcrumbList\",\"@id\":\"https:\/\/www.magnetenspecialist.nl\/de\/speichern\/magnete-einhaken\/hakenmagnet-66mm-gummiummantelt\/#breadcrumb\",\"itemListElement\":[{\"@type\":\"ListItem\",\"position\":1,\"name\":\"Startseite\",\"item\":\"https:\/\/www.magnetenspecialist.nl\/de\/\"},{\"@type\":\"ListItem\",\"position\":2,\"name\":\"Shop\",\"item\":\"https:\/\/www.magnetenspecialist.nl\/de\/shop\/\"},{\"@type\":\"ListItem\",\"position\":3,\"name\":\"Hakenmagnet 66 mm mit Gummih\u00fclle &#8211; Neodym-Magnet in Gummischutzh\u00fclle\"}]},{\"@type\":\"WebSite\",\"@id\":\"https:\/\/www.magnetenspecialist.nl\/de\/#website\",\"url\":\"https:\/\/www.magnetenspecialist.nl\/de\/\",\"name\":\"Magnetenspecialist.nl\",\"description\":\"Umfangreiches Angebot an Neodym-Magneten\",\"publisher\":{\"@id\":\"https:\/\/www.magnetenspecialist.nl\/de\/#organization\"},\"potentialAction\":[{\"@type\":\"SearchAction\",\"target\":{\"@type\":\"EntryPoint\",\"urlTemplate\":\"https:\/\/www.magnetenspecialist.nl\/de\/?s={search_term_string}\"},\"query-input\":{\"@type\":\"PropertyValueSpecification\",\"valueRequired\":true,\"valueName\":\"search_term_string\"}}],\"inLanguage\":\"de\"},{\"@type\":\"Organization\",\"@id\":\"https:\/\/www.magnetenspecialist.nl\/de\/#organization\",\"name\":\"Magnetenspecialist.nl\",\"url\":\"https:\/\/www.magnetenspecialist.nl\/de\/\",\"logo\":{\"@type\":\"ImageObject\",\"inLanguage\":\"de\",\"@id\":\"https:\/\/www.magnetenspecialist.nl\/de\/#\/schema\/logo\/image\/\",\"url\":\"https:\/\/www.magnetenspecialist.nl\/wp-content\/uploads\/2018\/10\/magneten-logo.jpg\",\"contentUrl\":\"https:\/\/www.magnetenspecialist.nl\/wp-content\/uploads\/2018\/10\/magneten-logo.jpg\",\"width\":151,\"height\":151,\"caption\":\"Magnetenspecialist.nl\"},\"image\":{\"@id\":\"https:\/\/www.magnetenspecialist.nl\/de\/#\/schema\/logo\/image\/\"},\"sameAs\":[\"https:\/\/www.facebook.com\/Magnetenspecialist.nl\",\"https:\/\/x.com\/magnetenspecial\"]}]}<\/script>\n<meta property=\"product:price:amount\" content=\"13.73\" \/>\n<meta property=\"product:price:currency\" content=\"EUR\" \/>\n<meta property=\"og:availability\" content=\"instock\" \/>\n<meta property=\"product:availability\" content=\"instock\" \/>\n<meta property=\"product:retailer_item_id\" content=\"ha066x000x0000-N\" \/>\n<meta property=\"product:condition\" content=\"new\" \/>\n<!-- \/ Yoast SEO Premium plugin. -->","yoast_head_json":{"title":"Hakenmagnet 66 mm mit Gummih\u00fclle - Neodym-Magnet in Gummischutzh\u00fclle - Magnetenspecialist.nl","description":"Suchen Sie einen Hakenmagnet 66 mm mit Gummih\u00fclle - Neodym-Magnet in Gummischutzh\u00fclle? Magnete k\u00f6nnen bequem online gekauft werden Magnetenspecialist.nl 1 Werktag Lieferzeit \u2713 14 Tage Bedenkzeit \u2713 Versand oder Abholung *.","robots":{"index":"index","follow":"follow","max-snippet":"max-snippet:-1","max-image-preview":"max-image-preview:large","max-video-preview":"max-video-preview:-1"},"canonical":"https:\/\/www.magnetenspecialist.nl\/de\/speichern\/magnete-einhaken\/hakenmagnet-66mm-gummiummantelt\/","og_locale":"de_DE","og_type":"article","og_title":"Hakenmagnet 66 mm mit Gummih\u00fclle - Neodym-Magnet in Gummischutzh\u00fclle","og_description":"Suchen Sie einen Hakenmagnet 66 mm mit Gummih\u00fclle - Neodym-Magnet in Gummischutzh\u00fclle? Magnete k\u00f6nnen bequem online gekauft werden Magnetenspecialist.nl 1 Werktag Lieferzeit \u2713 14 Tage Bedenkzeit \u2713 Versand oder Abholung *.","og_url":"https:\/\/www.magnetenspecialist.nl\/de\/speichern\/magnete-einhaken\/hakenmagnet-66mm-gummiummantelt\/","og_site_name":"Magnetenspecialist.nl","article_publisher":"https:\/\/www.facebook.com\/Magnetenspecialist.nl","article_modified_time":"2025-05-20T13:24:27+00:00","og_image":[{"width":1500,"height":1500,"url":"https:\/\/www.magnetenspecialist.nl\/wp-content\/uploads\/2020\/02\/Magnetenspecialist.nl_Haakmagneet-66mm-rubberen-ommanteling_1.jpg","type":"image\/jpeg"}],"twitter_card":"summary_large_image","twitter_site":"@magnetenspecial","twitter_misc":{"Preis":"&euro;&nbsp;13,73","Verf\u00fcgbarkeit":"Auf Lager"},"schema":{"@context":"https:\/\/schema.org","@graph":[{"@type":"WebPage","@id":"https:\/\/www.magnetenspecialist.nl\/de\/speichern\/magnete-einhaken\/hakenmagnet-66mm-gummiummantelt\/","url":"https:\/\/www.magnetenspecialist.nl\/de\/speichern\/magnete-einhaken\/hakenmagnet-66mm-gummiummantelt\/","name":"Hakenmagnet 66 mm mit Gummih\u00fclle - Neodym-Magnet in Gummischutzh\u00fclle - Magnetenspecialist.nl","isPartOf":{"@id":"https:\/\/www.magnetenspecialist.nl\/de\/#website"},"primaryImageOfPage":{"@id":"https:\/\/www.magnetenspecialist.nl\/de\/speichern\/magnete-einhaken\/hakenmagnet-66mm-gummiummantelt\/#primaryimage"},"image":{"@id":"https:\/\/www.magnetenspecialist.nl\/de\/speichern\/magnete-einhaken\/hakenmagnet-66mm-gummiummantelt\/#primaryimage"},"thumbnailUrl":"https:\/\/www.magnetenspecialist.nl\/wp-content\/uploads\/2020\/02\/Magnetenspecialist.nl_Haakmagneet-66mm-rubberen-ommanteling_1.jpg","datePublished":"2020-02-04T13:52:29+00:00","dateModified":"2025-05-20T13:24:27+00:00","description":"Suchen Sie einen Hakenmagnet 66 mm mit Gummih\u00fclle - Neodym-Magnet in Gummischutzh\u00fclle? Magnete k\u00f6nnen bequem online gekauft werden Magnetenspecialist.nl 1 Werktag Lieferzeit \u2713 14 Tage Bedenkzeit \u2713 Versand oder Abholung *.","breadcrumb":{"@id":"https:\/\/www.magnetenspecialist.nl\/de\/speichern\/magnete-einhaken\/hakenmagnet-66mm-gummiummantelt\/#breadcrumb"},"inLanguage":"de","potentialAction":[{"@type":"ReadAction","target":["https:\/\/www.magnetenspecialist.nl\/de\/speichern\/magnete-einhaken\/hakenmagnet-66mm-gummiummantelt\/"]}]},{"@type":"ImageObject","inLanguage":"de","@id":"https:\/\/www.magnetenspecialist.nl\/de\/speichern\/magnete-einhaken\/hakenmagnet-66mm-gummiummantelt\/#primaryimage","url":"https:\/\/www.magnetenspecialist.nl\/wp-content\/uploads\/2020\/02\/Magnetenspecialist.nl_Haakmagneet-66mm-rubberen-ommanteling_1.jpg","contentUrl":"https:\/\/www.magnetenspecialist.nl\/wp-content\/uploads\/2020\/02\/Magnetenspecialist.nl_Haakmagneet-66mm-rubberen-ommanteling_1.jpg","width":1500,"height":1500,"caption":"Rubberen haakmagneet \u00d866 mm \u2013 extra grip en krasbescherming"},{"@type":"BreadcrumbList","@id":"https:\/\/www.magnetenspecialist.nl\/de\/speichern\/magnete-einhaken\/hakenmagnet-66mm-gummiummantelt\/#breadcrumb","itemListElement":[{"@type":"ListItem","position":1,"name":"Startseite","item":"https:\/\/www.magnetenspecialist.nl\/de\/"},{"@type":"ListItem","position":2,"name":"Shop","item":"https:\/\/www.magnetenspecialist.nl\/de\/shop\/"},{"@type":"ListItem","position":3,"name":"Hakenmagnet 66 mm mit Gummih\u00fclle &#8211; Neodym-Magnet in Gummischutzh\u00fclle"}]},{"@type":"WebSite","@id":"https:\/\/www.magnetenspecialist.nl\/de\/#website","url":"https:\/\/www.magnetenspecialist.nl\/de\/","name":"Magnetenspecialist.nl","description":"Umfangreiches Angebot an Neodym-Magneten","publisher":{"@id":"https:\/\/www.magnetenspecialist.nl\/de\/#organization"},"potentialAction":[{"@type":"SearchAction","target":{"@type":"EntryPoint","urlTemplate":"https:\/\/www.magnetenspecialist.nl\/de\/?s={search_term_string}"},"query-input":{"@type":"PropertyValueSpecification","valueRequired":true,"valueName":"search_term_string"}}],"inLanguage":"de"},{"@type":"Organization","@id":"https:\/\/www.magnetenspecialist.nl\/de\/#organization","name":"Magnetenspecialist.nl","url":"https:\/\/www.magnetenspecialist.nl\/de\/","logo":{"@type":"ImageObject","inLanguage":"de","@id":"https:\/\/www.magnetenspecialist.nl\/de\/#\/schema\/logo\/image\/","url":"https:\/\/www.magnetenspecialist.nl\/wp-content\/uploads\/2018\/10\/magneten-logo.jpg","contentUrl":"https:\/\/www.magnetenspecialist.nl\/wp-content\/uploads\/2018\/10\/magneten-logo.jpg","width":151,"height":151,"caption":"Magnetenspecialist.nl"},"image":{"@id":"https:\/\/www.magnetenspecialist.nl\/de\/#\/schema\/logo\/image\/"},"sameAs":["https:\/\/www.facebook.com\/Magnetenspecialist.nl","https:\/\/x.com\/magnetenspecial"]}]},"product_price_amount":"13.73","product_price_currency":"EUR","og_availability":"instock","product_availability":"instock","product_retailer_item_id":"ha066x000x0000-N","product_condition":"new"},"_links":{"self":[{"href":"https:\/\/www.magnetenspecialist.nl\/de\/wp-json\/wp\/v2\/product\/95694","targetHints":{"allow":["GET"]}}],"collection":[{"href":"https:\/\/www.magnetenspecialist.nl\/de\/wp-json\/wp\/v2\/product"}],"about":[{"href":"https:\/\/www.magnetenspecialist.nl\/de\/wp-json\/wp\/v2\/types\/product"}],"wp:featuredmedia":[{"embeddable":true,"href":"https:\/\/www.magnetenspecialist.nl\/de\/wp-json\/wp\/v2\/media\/113021"}],"wp:attachment":[{"href":"https:\/\/www.magnetenspecialist.nl\/de\/wp-json\/wp\/v2\/media?parent=95694"}],"wp:term":[{"taxonomy":"product_brand","embeddable":true,"href":"https:\/\/www.magnetenspecialist.nl\/de\/wp-json\/wp\/v2\/product_brand?post=95694"},{"taxonomy":"product_cat","embeddable":true,"href":"https:\/\/www.magnetenspecialist.nl\/de\/wp-json\/wp\/v2\/product_cat?post=95694"},{"taxonomy":"product_tag","embeddable":true,"href":"https:\/\/www.magnetenspecialist.nl\/de\/wp-json\/wp\/v2\/product_tag?post=95694"}],"curies":[{"name":"wp","href":"https:\/\/api.w.org\/{rel}","templated":true}]}}