{"id":95718,"date":"2019-03-08T11:02:57","date_gmt":"2019-03-08T10:02:57","guid":{"rendered":"https:\/\/www.magnetenspecialist.nl\/winkel\/unkategorisiert\/osenmagnet-60-x-18-x-10-mm\/"},"modified":"2025-05-20T13:40:01","modified_gmt":"2025-05-20T11:40:01","slug":"magneet-met-oogmoer-60-x-18-x-10-mm","status":"publish","type":"product","link":"https:\/\/www.magnetenspecialist.nl\/de\/speichern\/osenmagnete\/magneet-met-oogmoer-60-x-18-x-10-mm\/","title":{"rendered":"\u00d6senmagnet 60 x 18 x 10 mm &#8211; Neodym N40 Magnet in Stahlgeh\u00e4use"},"content":{"rendered":"<p class=\"\" data-start=\"81\" data-end=\"115\"><strong data-start=\"81\" data-end=\"115\">Ringschraube Magnet 60 x 18 x 10 mm<\/strong><\/p>\n<p class=\"\" data-start=\"117\" data-end=\"688\">Dieser \u00d6senmagnet misst 60 mm (Durchmesser) x 18 mm (H\u00f6he) und verf\u00fcgt \u00fcber eine 10 mm gro\u00dfe \u00d6senschraube, die eine einfache Befestigung an Haken, Ketten oder anderen Befestigungssystemen erm\u00f6glicht. Hergestellt aus Neodym, dem st\u00e4rksten permanentmagnetischen Material, bietet dieser Magnet eine au\u00dfergew\u00f6hnlich starke Magnetkraft. Dieser \u00d6senmagnet eignet sich perfekt f\u00fcr industrielle Anwendungen, zum Aufh\u00e4ngen schwerer Gegenst\u00e4nde oder zum Erstellen robuster magnetischer Aufh\u00e4ngesysteme in Werkst\u00e4tten, Lagern oder verschiedenen Projekten.  <\/p>\n<p class=\"\" data-start=\"690\" data-end=\"704\"><strong data-start=\"690\" data-end=\"704\">Merkmale:<\/strong><\/p>\n<ul data-start=\"705\" data-end=\"1236\">\n<li class=\"\" data-start=\"705\" data-end=\"756\">\n<p class=\"\" data-start=\"707\" data-end=\"756\"><strong data-start=\"707\" data-end=\"721\">Abmessungen<\/strong>: 60 mm (Durchmesser) x 18 mm (H\u00f6he)<\/p>\n<\/li>\n<li class=\"\" data-start=\"757\" data-end=\"831\">\n<p class=\"\" data-start=\"759\" data-end=\"831\"><strong data-start=\"759\" data-end=\"776\">L\u00e4nge der \u00d6senschraube<\/strong>: 10 mm zur einfachen Befestigung an Haken oder Kette<\/p>\n<\/li>\n<li class=\"\" data-start=\"832\" data-end=\"892\">\n<p class=\"\" data-start=\"834\" data-end=\"892\"><strong data-start=\"834\" data-end=\"847\">Material<\/strong>: Neodym f\u00fcr starke Magnetkraft<\/p>\n<\/li>\n<li class=\"\" data-start=\"893\" data-end=\"968\">\n<p class=\"\" data-start=\"895\" data-end=\"968\"><strong data-start=\"895\" data-end=\"906\">Beschichtung<\/strong>: Vernickelt f\u00fcr zus\u00e4tzlichen Schutz vor Korrosion und Abrieb<\/p>\n<\/li>\n<li class=\"\" data-start=\"969\" data-end=\"1070\">\n<p class=\"\" data-start=\"971\" data-end=\"1070\"><strong data-start=\"971\" data-end=\"985\">Haftkraft<\/strong>: starke Magnetkraft f\u00fcr zuverl\u00e4ssige Haftung (oberfl\u00e4chenabh\u00e4ngig)<\/p>\n<\/li>\n<li class=\"\" data-start=\"1071\" data-end=\"1236\">\n<p class=\"\" data-start=\"1073\" data-end=\"1236\"><strong data-start=\"1073\" data-end=\"1089\">Anwendungen<\/strong>: Ideal f\u00fcr industrielle Anwendungen, zum Aufh\u00e4ngen von schweren Gegenst\u00e4nden, zum Erstellen von magnetischen Aufh\u00e4ngungssystemen und f\u00fcr verschiedene Hobbyprojekte<\/p>\n<\/li>\n<\/ul>\n<p class=\"\" data-start=\"1238\" data-end=\"1420\">Dieser \u00d6senmagnet bietet eine robuste und zuverl\u00e4ssige L\u00f6sung f\u00fcr das Aufh\u00e4ngen von Gegenst\u00e4nden und das Herstellen starker magnetischer Verbindungen in einer Vielzahl von Anwendungen.<\/p>\n","protected":false},"excerpt":{"rendered":"<p>Neodym-Topfmagnet Flach mit \u00d6se ( Gewinde M8 )<br \/>\nMax. Betriebstemperatur: 80\u00b0C<br \/>\nInklusive \u00d6se. <\/p>\n","protected":false},"featured_media":113548,"template":"","meta":{"_acf_changed":false},"product_brand":[3521],"product_cat":[1389],"product_tag":[3163],"class_list":{"0":"post-95718","1":"product","2":"type-product","3":"status-publish","4":"has-post-thumbnail","6":"product_brand-magnetenspecialist","7":"product_cat-osenmagnete","8":"product_tag-groep-3-de","9":"pa_houdkracht-110-de","10":"pa_magnetisering-n40-de","11":"pa_magnetiseringsrichting-axiaal-de","12":"pa_materiaal-vernickeltes-neodym","13":"pa_model-osenmagnet","15":"first","16":"instock","17":"taxable","18":"shipping-taxable","19":"purchasable","20":"product-type-simple"},"supplier_id":null,"supplier_sku":"","barcode":null,"atum_controlled":true,"out_stock_date":null,"out_stock_threshold":null,"inheritable":false,"inbound_stock":0,"stock_on_hold":0,"sold_today":0,"sales_last_days":0,"reserved_stock":0,"customer_returns":0,"warehouse_damage":0,"lost_in_post":0,"other_logs":0,"out_stock_days":0,"lost_sales":0,"has_location":false,"update_date":"2026-04-29T07:41:10","atum_locations":[],"atum_stock_status":"instock","restock_status":false,"low_stock_amount":150,"sales_update_date":"2026-04-29T07:41:08","calc_backorders":null,"acf":[],"yoast_head":"<!-- This site is optimized with the Yoast SEO Premium plugin v24.7 (Yoast SEO v24.7) - https:\/\/yoast.com\/wordpress\/plugins\/seo\/ -->\n<title>\u00d6senmagnet 60 x 18 x 10 mm - Neodym N40 Magnet in Stahlgeh\u00e4use - Magnetenspecialist.nl<\/title>\n<meta name=\"description\" content=\"W\u00e4hlen Sie den \u00d6senmagneten 60 x 18 x 10 mm f\u00fcr eine zuverl\u00e4ssige L\u00f6sung beim Aufh\u00e4ngen schwerer Gegenst\u00e4nde. Entdecken Sie die Kraft von Neodym!\" \/>\n<meta name=\"robots\" content=\"index, follow, max-snippet:-1, max-image-preview:large, max-video-preview:-1\" \/>\n<link rel=\"canonical\" href=\"https:\/\/www.magnetenspecialist.nl\/de\/speichern\/osenmagnete\/magneet-met-oogmoer-60-x-18-x-10-mm\/\" \/>\n<meta property=\"og:locale\" content=\"de_DE\" \/>\n<meta property=\"og:type\" content=\"article\" \/>\n<meta property=\"og:title\" content=\"\u00d6senmagnet 60 x 18 x 10 mm - Neodym N40 Magnet in Stahlgeh\u00e4use\" \/>\n<meta property=\"og:description\" content=\"W\u00e4hlen Sie den \u00d6senmagneten 60 x 18 x 10 mm f\u00fcr eine zuverl\u00e4ssige L\u00f6sung beim Aufh\u00e4ngen schwerer Gegenst\u00e4nde. Entdecken Sie die Kraft von Neodym!\" \/>\n<meta property=\"og:url\" content=\"https:\/\/www.magnetenspecialist.nl\/de\/speichern\/osenmagnete\/magneet-met-oogmoer-60-x-18-x-10-mm\/\" \/>\n<meta property=\"og:site_name\" content=\"Magnetenspecialist.nl\" \/>\n<meta property=\"article:publisher\" content=\"https:\/\/www.facebook.com\/Magnetenspecialist.nl\" \/>\n<meta property=\"article:modified_time\" content=\"2025-05-20T11:40:01+00:00\" \/>\n<meta property=\"og:image\" content=\"https:\/\/www.magnetenspecialist.nl\/wp-content\/uploads\/2019\/03\/Magnetenspecialist.nl_Oogbout-magneet-60-x-18-x-10-mm_2-1.jpg\" \/>\n\t<meta property=\"og:image:width\" content=\"1500\" \/>\n\t<meta property=\"og:image:height\" content=\"1500\" \/>\n\t<meta property=\"og:image:type\" content=\"image\/jpeg\" \/>\n<meta name=\"twitter:card\" content=\"summary_large_image\" \/>\n<meta name=\"twitter:site\" content=\"@magnetenspecial\" \/>\n<meta name=\"twitter:label1\" content=\"Preis\" \/>\n\t<meta name=\"twitter:data1\" content=\"&euro;&nbsp;23,00\" \/>\n\t<meta name=\"twitter:label2\" content=\"Verf\u00fcgbarkeit\" \/>\n\t<meta name=\"twitter:data2\" content=\"Auf Lager\" \/>\n<script type=\"application\/ld+json\" class=\"yoast-schema-graph\">{\"@context\":\"https:\/\/schema.org\",\"@graph\":[{\"@type\":\"WebPage\",\"@id\":\"https:\/\/www.magnetenspecialist.nl\/de\/speichern\/osenmagnete\/magneet-met-oogmoer-60-x-18-x-10-mm\/\",\"url\":\"https:\/\/www.magnetenspecialist.nl\/de\/speichern\/osenmagnete\/magneet-met-oogmoer-60-x-18-x-10-mm\/\",\"name\":\"\u00d6senmagnet 60 x 18 x 10 mm - Neodym N40 Magnet in Stahlgeh\u00e4use - Magnetenspecialist.nl\",\"isPartOf\":{\"@id\":\"https:\/\/www.magnetenspecialist.nl\/de\/#website\"},\"primaryImageOfPage\":{\"@id\":\"https:\/\/www.magnetenspecialist.nl\/de\/speichern\/osenmagnete\/magneet-met-oogmoer-60-x-18-x-10-mm\/#primaryimage\"},\"image\":{\"@id\":\"https:\/\/www.magnetenspecialist.nl\/de\/speichern\/osenmagnete\/magneet-met-oogmoer-60-x-18-x-10-mm\/#primaryimage\"},\"thumbnailUrl\":\"https:\/\/www.magnetenspecialist.nl\/wp-content\/uploads\/2019\/03\/Magnetenspecialist.nl_Oogbout-magneet-60-x-18-x-10-mm_2-1.jpg\",\"datePublished\":\"2019-03-08T10:02:57+00:00\",\"dateModified\":\"2025-05-20T11:40:01+00:00\",\"description\":\"W\u00e4hlen Sie den \u00d6senmagneten 60 x 18 x 10 mm f\u00fcr eine zuverl\u00e4ssige L\u00f6sung beim Aufh\u00e4ngen schwerer Gegenst\u00e4nde. Entdecken Sie die Kraft von Neodym!\",\"breadcrumb\":{\"@id\":\"https:\/\/www.magnetenspecialist.nl\/de\/speichern\/osenmagnete\/magneet-met-oogmoer-60-x-18-x-10-mm\/#breadcrumb\"},\"inLanguage\":\"de\",\"potentialAction\":[{\"@type\":\"ReadAction\",\"target\":[\"https:\/\/www.magnetenspecialist.nl\/de\/speichern\/osenmagnete\/magneet-met-oogmoer-60-x-18-x-10-mm\/\"]}]},{\"@type\":\"ImageObject\",\"inLanguage\":\"de\",\"@id\":\"https:\/\/www.magnetenspecialist.nl\/de\/speichern\/osenmagnete\/magneet-met-oogmoer-60-x-18-x-10-mm\/#primaryimage\",\"url\":\"https:\/\/www.magnetenspecialist.nl\/wp-content\/uploads\/2019\/03\/Magnetenspecialist.nl_Oogbout-magneet-60-x-18-x-10-mm_2-1.jpg\",\"contentUrl\":\"https:\/\/www.magnetenspecialist.nl\/wp-content\/uploads\/2019\/03\/Magnetenspecialist.nl_Oogbout-magneet-60-x-18-x-10-mm_2-1.jpg\",\"width\":1500,\"height\":1500,\"caption\":\"Zeer krachtige oogboutmagneet \u00d860 mm \u2013 voor zware industri\u00eble toepassingen\"},{\"@type\":\"BreadcrumbList\",\"@id\":\"https:\/\/www.magnetenspecialist.nl\/de\/speichern\/osenmagnete\/magneet-met-oogmoer-60-x-18-x-10-mm\/#breadcrumb\",\"itemListElement\":[{\"@type\":\"ListItem\",\"position\":1,\"name\":\"Startseite\",\"item\":\"https:\/\/www.magnetenspecialist.nl\/de\/\"},{\"@type\":\"ListItem\",\"position\":2,\"name\":\"Shop\",\"item\":\"https:\/\/www.magnetenspecialist.nl\/de\/shop\/\"},{\"@type\":\"ListItem\",\"position\":3,\"name\":\"\u00d6senmagnet 60 x 18 x 10 mm &#8211; Neodym N40 Magnet in Stahlgeh\u00e4use\"}]},{\"@type\":\"WebSite\",\"@id\":\"https:\/\/www.magnetenspecialist.nl\/de\/#website\",\"url\":\"https:\/\/www.magnetenspecialist.nl\/de\/\",\"name\":\"Magnetenspecialist.nl\",\"description\":\"Umfangreiches Angebot an Neodym-Magneten\",\"publisher\":{\"@id\":\"https:\/\/www.magnetenspecialist.nl\/de\/#organization\"},\"potentialAction\":[{\"@type\":\"SearchAction\",\"target\":{\"@type\":\"EntryPoint\",\"urlTemplate\":\"https:\/\/www.magnetenspecialist.nl\/de\/?s={search_term_string}\"},\"query-input\":{\"@type\":\"PropertyValueSpecification\",\"valueRequired\":true,\"valueName\":\"search_term_string\"}}],\"inLanguage\":\"de\"},{\"@type\":\"Organization\",\"@id\":\"https:\/\/www.magnetenspecialist.nl\/de\/#organization\",\"name\":\"Magnetenspecialist.nl\",\"url\":\"https:\/\/www.magnetenspecialist.nl\/de\/\",\"logo\":{\"@type\":\"ImageObject\",\"inLanguage\":\"de\",\"@id\":\"https:\/\/www.magnetenspecialist.nl\/de\/#\/schema\/logo\/image\/\",\"url\":\"https:\/\/www.magnetenspecialist.nl\/wp-content\/uploads\/2018\/10\/magneten-logo.jpg\",\"contentUrl\":\"https:\/\/www.magnetenspecialist.nl\/wp-content\/uploads\/2018\/10\/magneten-logo.jpg\",\"width\":151,\"height\":151,\"caption\":\"Magnetenspecialist.nl\"},\"image\":{\"@id\":\"https:\/\/www.magnetenspecialist.nl\/de\/#\/schema\/logo\/image\/\"},\"sameAs\":[\"https:\/\/www.facebook.com\/Magnetenspecialist.nl\",\"https:\/\/x.com\/magnetenspecial\"]}]}<\/script>\n<meta property=\"product:price:amount\" content=\"23.00\" \/>\n<meta property=\"product:price:currency\" content=\"EUR\" \/>\n<meta property=\"og:availability\" content=\"instock\" \/>\n<meta property=\"product:availability\" content=\"instock\" \/>\n<meta property=\"product:retailer_item_id\" content=\"og060x018x0100-N\" \/>\n<meta property=\"product:condition\" content=\"new\" \/>\n<!-- \/ Yoast SEO Premium plugin. -->","yoast_head_json":{"title":"\u00d6senmagnet 60 x 18 x 10 mm - Neodym N40 Magnet in Stahlgeh\u00e4use - Magnetenspecialist.nl","description":"W\u00e4hlen Sie den \u00d6senmagneten 60 x 18 x 10 mm f\u00fcr eine zuverl\u00e4ssige L\u00f6sung beim Aufh\u00e4ngen schwerer Gegenst\u00e4nde. Entdecken Sie die Kraft von Neodym!","robots":{"index":"index","follow":"follow","max-snippet":"max-snippet:-1","max-image-preview":"max-image-preview:large","max-video-preview":"max-video-preview:-1"},"canonical":"https:\/\/www.magnetenspecialist.nl\/de\/speichern\/osenmagnete\/magneet-met-oogmoer-60-x-18-x-10-mm\/","og_locale":"de_DE","og_type":"article","og_title":"\u00d6senmagnet 60 x 18 x 10 mm - Neodym N40 Magnet in Stahlgeh\u00e4use","og_description":"W\u00e4hlen Sie den \u00d6senmagneten 60 x 18 x 10 mm f\u00fcr eine zuverl\u00e4ssige L\u00f6sung beim Aufh\u00e4ngen schwerer Gegenst\u00e4nde. Entdecken Sie die Kraft von Neodym!","og_url":"https:\/\/www.magnetenspecialist.nl\/de\/speichern\/osenmagnete\/magneet-met-oogmoer-60-x-18-x-10-mm\/","og_site_name":"Magnetenspecialist.nl","article_publisher":"https:\/\/www.facebook.com\/Magnetenspecialist.nl","article_modified_time":"2025-05-20T11:40:01+00:00","og_image":[{"width":1500,"height":1500,"url":"https:\/\/www.magnetenspecialist.nl\/wp-content\/uploads\/2019\/03\/Magnetenspecialist.nl_Oogbout-magneet-60-x-18-x-10-mm_2-1.jpg","type":"image\/jpeg"}],"twitter_card":"summary_large_image","twitter_site":"@magnetenspecial","twitter_misc":{"Preis":"&euro;&nbsp;23,00","Verf\u00fcgbarkeit":"Auf Lager"},"schema":{"@context":"https:\/\/schema.org","@graph":[{"@type":"WebPage","@id":"https:\/\/www.magnetenspecialist.nl\/de\/speichern\/osenmagnete\/magneet-met-oogmoer-60-x-18-x-10-mm\/","url":"https:\/\/www.magnetenspecialist.nl\/de\/speichern\/osenmagnete\/magneet-met-oogmoer-60-x-18-x-10-mm\/","name":"\u00d6senmagnet 60 x 18 x 10 mm - Neodym N40 Magnet in Stahlgeh\u00e4use - Magnetenspecialist.nl","isPartOf":{"@id":"https:\/\/www.magnetenspecialist.nl\/de\/#website"},"primaryImageOfPage":{"@id":"https:\/\/www.magnetenspecialist.nl\/de\/speichern\/osenmagnete\/magneet-met-oogmoer-60-x-18-x-10-mm\/#primaryimage"},"image":{"@id":"https:\/\/www.magnetenspecialist.nl\/de\/speichern\/osenmagnete\/magneet-met-oogmoer-60-x-18-x-10-mm\/#primaryimage"},"thumbnailUrl":"https:\/\/www.magnetenspecialist.nl\/wp-content\/uploads\/2019\/03\/Magnetenspecialist.nl_Oogbout-magneet-60-x-18-x-10-mm_2-1.jpg","datePublished":"2019-03-08T10:02:57+00:00","dateModified":"2025-05-20T11:40:01+00:00","description":"W\u00e4hlen Sie den \u00d6senmagneten 60 x 18 x 10 mm f\u00fcr eine zuverl\u00e4ssige L\u00f6sung beim Aufh\u00e4ngen schwerer Gegenst\u00e4nde. Entdecken Sie die Kraft von Neodym!","breadcrumb":{"@id":"https:\/\/www.magnetenspecialist.nl\/de\/speichern\/osenmagnete\/magneet-met-oogmoer-60-x-18-x-10-mm\/#breadcrumb"},"inLanguage":"de","potentialAction":[{"@type":"ReadAction","target":["https:\/\/www.magnetenspecialist.nl\/de\/speichern\/osenmagnete\/magneet-met-oogmoer-60-x-18-x-10-mm\/"]}]},{"@type":"ImageObject","inLanguage":"de","@id":"https:\/\/www.magnetenspecialist.nl\/de\/speichern\/osenmagnete\/magneet-met-oogmoer-60-x-18-x-10-mm\/#primaryimage","url":"https:\/\/www.magnetenspecialist.nl\/wp-content\/uploads\/2019\/03\/Magnetenspecialist.nl_Oogbout-magneet-60-x-18-x-10-mm_2-1.jpg","contentUrl":"https:\/\/www.magnetenspecialist.nl\/wp-content\/uploads\/2019\/03\/Magnetenspecialist.nl_Oogbout-magneet-60-x-18-x-10-mm_2-1.jpg","width":1500,"height":1500,"caption":"Zeer krachtige oogboutmagneet \u00d860 mm \u2013 voor zware industri\u00eble toepassingen"},{"@type":"BreadcrumbList","@id":"https:\/\/www.magnetenspecialist.nl\/de\/speichern\/osenmagnete\/magneet-met-oogmoer-60-x-18-x-10-mm\/#breadcrumb","itemListElement":[{"@type":"ListItem","position":1,"name":"Startseite","item":"https:\/\/www.magnetenspecialist.nl\/de\/"},{"@type":"ListItem","position":2,"name":"Shop","item":"https:\/\/www.magnetenspecialist.nl\/de\/shop\/"},{"@type":"ListItem","position":3,"name":"\u00d6senmagnet 60 x 18 x 10 mm &#8211; Neodym N40 Magnet in Stahlgeh\u00e4use"}]},{"@type":"WebSite","@id":"https:\/\/www.magnetenspecialist.nl\/de\/#website","url":"https:\/\/www.magnetenspecialist.nl\/de\/","name":"Magnetenspecialist.nl","description":"Umfangreiches Angebot an Neodym-Magneten","publisher":{"@id":"https:\/\/www.magnetenspecialist.nl\/de\/#organization"},"potentialAction":[{"@type":"SearchAction","target":{"@type":"EntryPoint","urlTemplate":"https:\/\/www.magnetenspecialist.nl\/de\/?s={search_term_string}"},"query-input":{"@type":"PropertyValueSpecification","valueRequired":true,"valueName":"search_term_string"}}],"inLanguage":"de"},{"@type":"Organization","@id":"https:\/\/www.magnetenspecialist.nl\/de\/#organization","name":"Magnetenspecialist.nl","url":"https:\/\/www.magnetenspecialist.nl\/de\/","logo":{"@type":"ImageObject","inLanguage":"de","@id":"https:\/\/www.magnetenspecialist.nl\/de\/#\/schema\/logo\/image\/","url":"https:\/\/www.magnetenspecialist.nl\/wp-content\/uploads\/2018\/10\/magneten-logo.jpg","contentUrl":"https:\/\/www.magnetenspecialist.nl\/wp-content\/uploads\/2018\/10\/magneten-logo.jpg","width":151,"height":151,"caption":"Magnetenspecialist.nl"},"image":{"@id":"https:\/\/www.magnetenspecialist.nl\/de\/#\/schema\/logo\/image\/"},"sameAs":["https:\/\/www.facebook.com\/Magnetenspecialist.nl","https:\/\/x.com\/magnetenspecial"]}]},"product_price_amount":"23.00","product_price_currency":"EUR","og_availability":"instock","product_availability":"instock","product_retailer_item_id":"og060x018x0100-N","product_condition":"new"},"_links":{"self":[{"href":"https:\/\/www.magnetenspecialist.nl\/de\/wp-json\/wp\/v2\/product\/95718","targetHints":{"allow":["GET"]}}],"collection":[{"href":"https:\/\/www.magnetenspecialist.nl\/de\/wp-json\/wp\/v2\/product"}],"about":[{"href":"https:\/\/www.magnetenspecialist.nl\/de\/wp-json\/wp\/v2\/types\/product"}],"wp:featuredmedia":[{"embeddable":true,"href":"https:\/\/www.magnetenspecialist.nl\/de\/wp-json\/wp\/v2\/media\/113548"}],"wp:attachment":[{"href":"https:\/\/www.magnetenspecialist.nl\/de\/wp-json\/wp\/v2\/media?parent=95718"}],"wp:term":[{"taxonomy":"product_brand","embeddable":true,"href":"https:\/\/www.magnetenspecialist.nl\/de\/wp-json\/wp\/v2\/product_brand?post=95718"},{"taxonomy":"product_cat","embeddable":true,"href":"https:\/\/www.magnetenspecialist.nl\/de\/wp-json\/wp\/v2\/product_cat?post=95718"},{"taxonomy":"product_tag","embeddable":true,"href":"https:\/\/www.magnetenspecialist.nl\/de\/wp-json\/wp\/v2\/product_tag?post=95718"}],"curies":[{"name":"wp","href":"https:\/\/api.w.org\/{rel}","templated":true}]}}