{"id":95722,"date":"2019-03-08T11:02:49","date_gmt":"2019-03-08T10:02:49","guid":{"rendered":"https:\/\/www.magnetenspecialist.nl\/winkel\/unkategorisiert\/osenmagnet-40-x-18-x-10-mm\/"},"modified":"2025-04-07T13:51:37","modified_gmt":"2025-04-07T11:51:37","slug":"magneet-met-oogmoer-40-x-18-x-10-mm","status":"publish","type":"product","link":"https:\/\/www.magnetenspecialist.nl\/de\/speichern\/osenmagnete\/magneet-met-oogmoer-40-x-18-x-10-mm\/","title":{"rendered":"Ringschraube Magnet 40 x 18 x 10 mm"},"content":{"rendered":"<p class=\"\" data-start=\"82\" data-end=\"116\"><strong data-start=\"82\" data-end=\"116\">Ringschraube Magnet 40 x 18 x 10 mm<\/strong><\/p>\n<p class=\"\" data-start=\"118\" data-end=\"665\">Dieser \u00d6senmagnet misst 40 mm (Durchmesser) x 18 mm (H\u00f6he) und verf\u00fcgt \u00fcber eine 10 mm gro\u00dfe \u00d6senschraube, mit der Sie ihn leicht an Haken, Ketten oder anderen Befestigungssystemen anbringen k\u00f6nnen. Der aus Neodym, dem st\u00e4rksten permanentmagnetischen Material, hergestellte Magnet bietet eine starke Magnetkraft, die sich f\u00fcr eine Vielzahl von Anwendungen eignet. <\/p>\n<p class=\"\" data-start=\"667\" data-end=\"681\"><strong data-start=\"667\" data-end=\"681\">Merkmale:<\/strong><\/p>\n<ul data-start=\"682\" data-end=\"1220\">\n<li class=\"\" data-start=\"682\" data-end=\"733\">\n<p class=\"\" data-start=\"684\" data-end=\"733\"><strong data-start=\"684\" data-end=\"698\">Abmessungen<\/strong>: 40 mm (Durchmesser) x 18 mm (H\u00f6he)<\/p>\n<\/li>\n<li class=\"\" data-start=\"734\" data-end=\"808\">\n<p class=\"\" data-start=\"736\" data-end=\"808\"><strong data-start=\"736\" data-end=\"753\">L\u00e4nge der \u00d6senschraube<\/strong>: 10 mm zur einfachen Befestigung an Haken oder Kette<\/p>\n<\/li>\n<li class=\"\" data-start=\"809\" data-end=\"869\">\n<p class=\"\" data-start=\"811\" data-end=\"869\"><strong data-start=\"811\" data-end=\"824\">Material<\/strong>: Neodym f\u00fcr starke Magnetkraft<\/p>\n<\/li>\n<li class=\"\" data-start=\"870\" data-end=\"949\">\n<p class=\"\" data-start=\"872\" data-end=\"949\"><strong data-start=\"872\" data-end=\"883\">Beschichtung<\/strong>: Vernickelt f\u00fcr zus\u00e4tzliche Haltbarkeit und Korrosionsschutz<\/p>\n<\/li>\n<li class=\"\" data-start=\"950\" data-end=\"1073\">\n<p class=\"\" data-start=\"952\" data-end=\"1073\"><strong data-start=\"952\" data-end=\"966\">Haftkraft<\/strong>: Starke Magnetkraft f\u00fcr zuverl\u00e4ssige Haftung (spezifische Haftkraft je nach Oberfl\u00e4che)<\/p>\n<\/li>\n<li class=\"\" data-start=\"1074\" data-end=\"1220\">\n<p class=\"\" data-start=\"1076\" data-end=\"1220\"><strong data-start=\"1076\" data-end=\"1092\">Anwendungen<\/strong>: Perfekt zum Aufh\u00e4ngen von Gegenst\u00e4nden, f\u00fcr industrielle Anwendungen, zum Erstellen von magnetischen Aufh\u00e4ngesystemen und f\u00fcr Hobbyprojekte<\/p>\n<\/li>\n<\/ul>\n<p class=\"\" data-start=\"1222\" data-end=\"1398\">Mit diesem \u00d6senmagneten k\u00f6nnen Sie ganz einfach Gegenst\u00e4nde aufh\u00e4ngen oder befestigen, w\u00e4hrend der leistungsstarke Neodym-Magnet f\u00fcr eine zuverl\u00e4ssige und starke magnetische Verbindung sorgt.<\/p>\n","protected":false},"excerpt":{"rendered":"<p>Neodym-Topfmagnet Flach mit \u00d6se ( Gewinde M6 )<br \/>\nMax. Betriebstemperatur: 80\u00b0C<br \/>\nInklusive \u00d6se. <\/p>\n","protected":false},"featured_media":113569,"template":"","meta":{"_acf_changed":false},"product_brand":[3521],"product_cat":[1389],"product_tag":[3163],"class_list":{"0":"post-95722","1":"product","2":"type-product","3":"status-publish","4":"has-post-thumbnail","6":"product_brand-magnetenspecialist","7":"product_cat-osenmagnete","8":"product_tag-groep-3-de","9":"pa_houdkracht-50-de","10":"pa_magnetisering-n40-de","11":"pa_magnetiseringsrichting-axiaal-de","12":"pa_materiaal-vernickeltes-neodym","13":"pa_model-osenmagnet","15":"first","16":"instock","17":"taxable","18":"shipping-taxable","19":"purchasable","20":"product-type-simple"},"supplier_id":null,"supplier_sku":"","barcode":null,"atum_controlled":true,"out_stock_date":null,"out_stock_threshold":null,"inheritable":false,"inbound_stock":0,"stock_on_hold":0,"sold_today":10,"sales_last_days":16,"reserved_stock":0,"customer_returns":0,"warehouse_damage":0,"lost_in_post":0,"other_logs":0,"out_stock_days":0,"lost_sales":0,"has_location":false,"update_date":"2026-04-23T09:36:25","atum_locations":[],"atum_stock_status":"instock","restock_status":false,"low_stock_amount":400,"sales_update_date":"2026-04-23T09:36:23","calc_backorders":null,"acf":[],"yoast_head":"<!-- This site is optimized with the Yoast SEO Premium plugin v24.7 (Yoast SEO v24.7) - https:\/\/yoast.com\/wordpress\/plugins\/seo\/ -->\n<title>Ringschraube Magnet 40 x 18 x 10 mm - Magnetenspecialist.nl<\/title>\n<meta name=\"description\" content=\"Entdecken Sie den \u00d6senmagneten 40 x 18 x 10 mm f\u00fcr starke Befestigungen. Perfekt f\u00fcr industrielle Anwendungen und kreative Projekte!\" \/>\n<meta name=\"robots\" content=\"index, follow, max-snippet:-1, max-image-preview:large, max-video-preview:-1\" \/>\n<link rel=\"canonical\" href=\"https:\/\/www.magnetenspecialist.nl\/de\/speichern\/osenmagnete\/magneet-met-oogmoer-40-x-18-x-10-mm\/\" \/>\n<meta property=\"og:locale\" content=\"de_DE\" \/>\n<meta property=\"og:type\" content=\"article\" \/>\n<meta property=\"og:title\" content=\"Ringschraube Magnet 40 x 18 x 10 mm\" \/>\n<meta property=\"og:description\" content=\"Entdecken Sie den \u00d6senmagneten 40 x 18 x 10 mm f\u00fcr starke Befestigungen. Perfekt f\u00fcr industrielle Anwendungen und kreative Projekte!\" \/>\n<meta property=\"og:url\" content=\"https:\/\/www.magnetenspecialist.nl\/de\/speichern\/osenmagnete\/magneet-met-oogmoer-40-x-18-x-10-mm\/\" \/>\n<meta property=\"og:site_name\" content=\"Magnetenspecialist.nl\" \/>\n<meta property=\"article:publisher\" content=\"https:\/\/www.facebook.com\/Magnetenspecialist.nl\" \/>\n<meta property=\"article:modified_time\" content=\"2025-04-07T11:51:37+00:00\" \/>\n<meta property=\"og:image\" content=\"https:\/\/www.magnetenspecialist.nl\/wp-content\/uploads\/2019\/03\/Magnetenspecialist.nl_Oogbout-magneet-40-x-18-x-10-mm_1.jpg\" \/>\n\t<meta property=\"og:image:width\" content=\"1500\" \/>\n\t<meta property=\"og:image:height\" content=\"1500\" \/>\n\t<meta property=\"og:image:type\" content=\"image\/jpeg\" \/>\n<meta name=\"twitter:card\" content=\"summary_large_image\" \/>\n<meta name=\"twitter:site\" content=\"@magnetenspecial\" \/>\n<meta name=\"twitter:label1\" content=\"Preis\" \/>\n\t<meta name=\"twitter:data1\" content=\"&euro;&nbsp;11,06\" \/>\n\t<meta name=\"twitter:label2\" content=\"Verf\u00fcgbarkeit\" \/>\n\t<meta name=\"twitter:data2\" content=\"Auf Lager\" \/>\n<script type=\"application\/ld+json\" class=\"yoast-schema-graph\">{\"@context\":\"https:\/\/schema.org\",\"@graph\":[{\"@type\":\"WebPage\",\"@id\":\"https:\/\/www.magnetenspecialist.nl\/de\/speichern\/osenmagnete\/magneet-met-oogmoer-40-x-18-x-10-mm\/\",\"url\":\"https:\/\/www.magnetenspecialist.nl\/de\/speichern\/osenmagnete\/magneet-met-oogmoer-40-x-18-x-10-mm\/\",\"name\":\"Ringschraube Magnet 40 x 18 x 10 mm - Magnetenspecialist.nl\",\"isPartOf\":{\"@id\":\"https:\/\/www.magnetenspecialist.nl\/de\/#website\"},\"primaryImageOfPage\":{\"@id\":\"https:\/\/www.magnetenspecialist.nl\/de\/speichern\/osenmagnete\/magneet-met-oogmoer-40-x-18-x-10-mm\/#primaryimage\"},\"image\":{\"@id\":\"https:\/\/www.magnetenspecialist.nl\/de\/speichern\/osenmagnete\/magneet-met-oogmoer-40-x-18-x-10-mm\/#primaryimage\"},\"thumbnailUrl\":\"https:\/\/www.magnetenspecialist.nl\/wp-content\/uploads\/2019\/03\/Magnetenspecialist.nl_Oogbout-magneet-40-x-18-x-10-mm_1.jpg\",\"datePublished\":\"2019-03-08T10:02:49+00:00\",\"dateModified\":\"2025-04-07T11:51:37+00:00\",\"description\":\"Entdecken Sie den \u00d6senmagneten 40 x 18 x 10 mm f\u00fcr starke Befestigungen. Perfekt f\u00fcr industrielle Anwendungen und kreative Projekte!\",\"breadcrumb\":{\"@id\":\"https:\/\/www.magnetenspecialist.nl\/de\/speichern\/osenmagnete\/magneet-met-oogmoer-40-x-18-x-10-mm\/#breadcrumb\"},\"inLanguage\":\"de\",\"potentialAction\":[{\"@type\":\"ReadAction\",\"target\":[\"https:\/\/www.magnetenspecialist.nl\/de\/speichern\/osenmagnete\/magneet-met-oogmoer-40-x-18-x-10-mm\/\"]}]},{\"@type\":\"ImageObject\",\"inLanguage\":\"de\",\"@id\":\"https:\/\/www.magnetenspecialist.nl\/de\/speichern\/osenmagnete\/magneet-met-oogmoer-40-x-18-x-10-mm\/#primaryimage\",\"url\":\"https:\/\/www.magnetenspecialist.nl\/wp-content\/uploads\/2019\/03\/Magnetenspecialist.nl_Oogbout-magneet-40-x-18-x-10-mm_1.jpg\",\"contentUrl\":\"https:\/\/www.magnetenspecialist.nl\/wp-content\/uploads\/2019\/03\/Magnetenspecialist.nl_Oogbout-magneet-40-x-18-x-10-mm_1.jpg\",\"width\":1500,\"height\":1500,\"caption\":\"Eyebolt magnet 40 x 18 x 10 mm met Neodymium N40 magneet in een solide stalen behuizing. Ideaal voor industri\u00eble of semi-professionele toepassingen.\"},{\"@type\":\"BreadcrumbList\",\"@id\":\"https:\/\/www.magnetenspecialist.nl\/de\/speichern\/osenmagnete\/magneet-met-oogmoer-40-x-18-x-10-mm\/#breadcrumb\",\"itemListElement\":[{\"@type\":\"ListItem\",\"position\":1,\"name\":\"Startseite\",\"item\":\"https:\/\/www.magnetenspecialist.nl\/de\/\"},{\"@type\":\"ListItem\",\"position\":2,\"name\":\"Shop\",\"item\":\"https:\/\/www.magnetenspecialist.nl\/de\/shop\/\"},{\"@type\":\"ListItem\",\"position\":3,\"name\":\"Ringschraube Magnet 40 x 18 x 10 mm\"}]},{\"@type\":\"WebSite\",\"@id\":\"https:\/\/www.magnetenspecialist.nl\/de\/#website\",\"url\":\"https:\/\/www.magnetenspecialist.nl\/de\/\",\"name\":\"Magnetenspecialist.nl\",\"description\":\"Umfangreiches Angebot an Neodym-Magneten\",\"publisher\":{\"@id\":\"https:\/\/www.magnetenspecialist.nl\/de\/#organization\"},\"potentialAction\":[{\"@type\":\"SearchAction\",\"target\":{\"@type\":\"EntryPoint\",\"urlTemplate\":\"https:\/\/www.magnetenspecialist.nl\/de\/?s={search_term_string}\"},\"query-input\":{\"@type\":\"PropertyValueSpecification\",\"valueRequired\":true,\"valueName\":\"search_term_string\"}}],\"inLanguage\":\"de\"},{\"@type\":\"Organization\",\"@id\":\"https:\/\/www.magnetenspecialist.nl\/de\/#organization\",\"name\":\"Magnetenspecialist.nl\",\"url\":\"https:\/\/www.magnetenspecialist.nl\/de\/\",\"logo\":{\"@type\":\"ImageObject\",\"inLanguage\":\"de\",\"@id\":\"https:\/\/www.magnetenspecialist.nl\/de\/#\/schema\/logo\/image\/\",\"url\":\"https:\/\/www.magnetenspecialist.nl\/wp-content\/uploads\/2018\/10\/magneten-logo.jpg\",\"contentUrl\":\"https:\/\/www.magnetenspecialist.nl\/wp-content\/uploads\/2018\/10\/magneten-logo.jpg\",\"width\":151,\"height\":151,\"caption\":\"Magnetenspecialist.nl\"},\"image\":{\"@id\":\"https:\/\/www.magnetenspecialist.nl\/de\/#\/schema\/logo\/image\/\"},\"sameAs\":[\"https:\/\/www.facebook.com\/Magnetenspecialist.nl\",\"https:\/\/x.com\/magnetenspecial\"]}]}<\/script>\n<meta property=\"product:price:amount\" content=\"11.06\" \/>\n<meta property=\"product:price:currency\" content=\"EUR\" \/>\n<meta property=\"og:availability\" content=\"instock\" \/>\n<meta property=\"product:availability\" content=\"instock\" \/>\n<meta property=\"product:retailer_item_id\" content=\"og040x018x0100-N\" \/>\n<meta property=\"product:condition\" content=\"new\" \/>\n<!-- \/ Yoast SEO Premium plugin. -->","yoast_head_json":{"title":"Ringschraube Magnet 40 x 18 x 10 mm - Magnetenspecialist.nl","description":"Entdecken Sie den \u00d6senmagneten 40 x 18 x 10 mm f\u00fcr starke Befestigungen. Perfekt f\u00fcr industrielle Anwendungen und kreative Projekte!","robots":{"index":"index","follow":"follow","max-snippet":"max-snippet:-1","max-image-preview":"max-image-preview:large","max-video-preview":"max-video-preview:-1"},"canonical":"https:\/\/www.magnetenspecialist.nl\/de\/speichern\/osenmagnete\/magneet-met-oogmoer-40-x-18-x-10-mm\/","og_locale":"de_DE","og_type":"article","og_title":"Ringschraube Magnet 40 x 18 x 10 mm","og_description":"Entdecken Sie den \u00d6senmagneten 40 x 18 x 10 mm f\u00fcr starke Befestigungen. Perfekt f\u00fcr industrielle Anwendungen und kreative Projekte!","og_url":"https:\/\/www.magnetenspecialist.nl\/de\/speichern\/osenmagnete\/magneet-met-oogmoer-40-x-18-x-10-mm\/","og_site_name":"Magnetenspecialist.nl","article_publisher":"https:\/\/www.facebook.com\/Magnetenspecialist.nl","article_modified_time":"2025-04-07T11:51:37+00:00","og_image":[{"width":1500,"height":1500,"url":"https:\/\/www.magnetenspecialist.nl\/wp-content\/uploads\/2019\/03\/Magnetenspecialist.nl_Oogbout-magneet-40-x-18-x-10-mm_1.jpg","type":"image\/jpeg"}],"twitter_card":"summary_large_image","twitter_site":"@magnetenspecial","twitter_misc":{"Preis":"&euro;&nbsp;11,06","Verf\u00fcgbarkeit":"Auf Lager"},"schema":{"@context":"https:\/\/schema.org","@graph":[{"@type":"WebPage","@id":"https:\/\/www.magnetenspecialist.nl\/de\/speichern\/osenmagnete\/magneet-met-oogmoer-40-x-18-x-10-mm\/","url":"https:\/\/www.magnetenspecialist.nl\/de\/speichern\/osenmagnete\/magneet-met-oogmoer-40-x-18-x-10-mm\/","name":"Ringschraube Magnet 40 x 18 x 10 mm - Magnetenspecialist.nl","isPartOf":{"@id":"https:\/\/www.magnetenspecialist.nl\/de\/#website"},"primaryImageOfPage":{"@id":"https:\/\/www.magnetenspecialist.nl\/de\/speichern\/osenmagnete\/magneet-met-oogmoer-40-x-18-x-10-mm\/#primaryimage"},"image":{"@id":"https:\/\/www.magnetenspecialist.nl\/de\/speichern\/osenmagnete\/magneet-met-oogmoer-40-x-18-x-10-mm\/#primaryimage"},"thumbnailUrl":"https:\/\/www.magnetenspecialist.nl\/wp-content\/uploads\/2019\/03\/Magnetenspecialist.nl_Oogbout-magneet-40-x-18-x-10-mm_1.jpg","datePublished":"2019-03-08T10:02:49+00:00","dateModified":"2025-04-07T11:51:37+00:00","description":"Entdecken Sie den \u00d6senmagneten 40 x 18 x 10 mm f\u00fcr starke Befestigungen. Perfekt f\u00fcr industrielle Anwendungen und kreative Projekte!","breadcrumb":{"@id":"https:\/\/www.magnetenspecialist.nl\/de\/speichern\/osenmagnete\/magneet-met-oogmoer-40-x-18-x-10-mm\/#breadcrumb"},"inLanguage":"de","potentialAction":[{"@type":"ReadAction","target":["https:\/\/www.magnetenspecialist.nl\/de\/speichern\/osenmagnete\/magneet-met-oogmoer-40-x-18-x-10-mm\/"]}]},{"@type":"ImageObject","inLanguage":"de","@id":"https:\/\/www.magnetenspecialist.nl\/de\/speichern\/osenmagnete\/magneet-met-oogmoer-40-x-18-x-10-mm\/#primaryimage","url":"https:\/\/www.magnetenspecialist.nl\/wp-content\/uploads\/2019\/03\/Magnetenspecialist.nl_Oogbout-magneet-40-x-18-x-10-mm_1.jpg","contentUrl":"https:\/\/www.magnetenspecialist.nl\/wp-content\/uploads\/2019\/03\/Magnetenspecialist.nl_Oogbout-magneet-40-x-18-x-10-mm_1.jpg","width":1500,"height":1500,"caption":"Eyebolt magnet 40 x 18 x 10 mm met Neodymium N40 magneet in een solide stalen behuizing. Ideaal voor industri\u00eble of semi-professionele toepassingen."},{"@type":"BreadcrumbList","@id":"https:\/\/www.magnetenspecialist.nl\/de\/speichern\/osenmagnete\/magneet-met-oogmoer-40-x-18-x-10-mm\/#breadcrumb","itemListElement":[{"@type":"ListItem","position":1,"name":"Startseite","item":"https:\/\/www.magnetenspecialist.nl\/de\/"},{"@type":"ListItem","position":2,"name":"Shop","item":"https:\/\/www.magnetenspecialist.nl\/de\/shop\/"},{"@type":"ListItem","position":3,"name":"Ringschraube Magnet 40 x 18 x 10 mm"}]},{"@type":"WebSite","@id":"https:\/\/www.magnetenspecialist.nl\/de\/#website","url":"https:\/\/www.magnetenspecialist.nl\/de\/","name":"Magnetenspecialist.nl","description":"Umfangreiches Angebot an Neodym-Magneten","publisher":{"@id":"https:\/\/www.magnetenspecialist.nl\/de\/#organization"},"potentialAction":[{"@type":"SearchAction","target":{"@type":"EntryPoint","urlTemplate":"https:\/\/www.magnetenspecialist.nl\/de\/?s={search_term_string}"},"query-input":{"@type":"PropertyValueSpecification","valueRequired":true,"valueName":"search_term_string"}}],"inLanguage":"de"},{"@type":"Organization","@id":"https:\/\/www.magnetenspecialist.nl\/de\/#organization","name":"Magnetenspecialist.nl","url":"https:\/\/www.magnetenspecialist.nl\/de\/","logo":{"@type":"ImageObject","inLanguage":"de","@id":"https:\/\/www.magnetenspecialist.nl\/de\/#\/schema\/logo\/image\/","url":"https:\/\/www.magnetenspecialist.nl\/wp-content\/uploads\/2018\/10\/magneten-logo.jpg","contentUrl":"https:\/\/www.magnetenspecialist.nl\/wp-content\/uploads\/2018\/10\/magneten-logo.jpg","width":151,"height":151,"caption":"Magnetenspecialist.nl"},"image":{"@id":"https:\/\/www.magnetenspecialist.nl\/de\/#\/schema\/logo\/image\/"},"sameAs":["https:\/\/www.facebook.com\/Magnetenspecialist.nl","https:\/\/x.com\/magnetenspecial"]}]},"product_price_amount":"11.06","product_price_currency":"EUR","og_availability":"instock","product_availability":"instock","product_retailer_item_id":"og040x018x0100-N","product_condition":"new"},"_links":{"self":[{"href":"https:\/\/www.magnetenspecialist.nl\/de\/wp-json\/wp\/v2\/product\/95722","targetHints":{"allow":["GET"]}}],"collection":[{"href":"https:\/\/www.magnetenspecialist.nl\/de\/wp-json\/wp\/v2\/product"}],"about":[{"href":"https:\/\/www.magnetenspecialist.nl\/de\/wp-json\/wp\/v2\/types\/product"}],"wp:featuredmedia":[{"embeddable":true,"href":"https:\/\/www.magnetenspecialist.nl\/de\/wp-json\/wp\/v2\/media\/113569"}],"wp:attachment":[{"href":"https:\/\/www.magnetenspecialist.nl\/de\/wp-json\/wp\/v2\/media?parent=95722"}],"wp:term":[{"taxonomy":"product_brand","embeddable":true,"href":"https:\/\/www.magnetenspecialist.nl\/de\/wp-json\/wp\/v2\/product_brand?post=95722"},{"taxonomy":"product_cat","embeddable":true,"href":"https:\/\/www.magnetenspecialist.nl\/de\/wp-json\/wp\/v2\/product_cat?post=95722"},{"taxonomy":"product_tag","embeddable":true,"href":"https:\/\/www.magnetenspecialist.nl\/de\/wp-json\/wp\/v2\/product_tag?post=95722"}],"curies":[{"name":"wp","href":"https:\/\/api.w.org\/{rel}","templated":true}]}}