{"id":95723,"date":"2019-03-08T11:02:49","date_gmt":"2019-03-08T10:02:49","guid":{"rendered":"https:\/\/www.magnetenspecialist.nl\/winkel\/unkategorisiert\/osenmagnet-32-x-16-x-9-mm\/"},"modified":"2025-04-07T13:48:12","modified_gmt":"2025-04-07T11:48:12","slug":"magneet-met-oogmoer-32-x-16-x-9-mm","status":"publish","type":"product","link":"https:\/\/www.magnetenspecialist.nl\/de\/speichern\/osenmagnete\/magneet-met-oogmoer-32-x-16-x-9-mm\/","title":{"rendered":"Ringschraube Magnet 32 x 16 x 9 mm"},"content":{"rendered":"<p class=\"\" data-start=\"81\" data-end=\"114\"><strong data-start=\"81\" data-end=\"114\">Ringschraube Magnet 32 x 16 x 9 mm<\/strong><\/p>\n<p class=\"\" data-start=\"116\" data-end=\"702\">Dieser \u00d6senmagnet misst 32 mm (Durchmesser) x 16 mm (H\u00f6he) und verf\u00fcgt \u00fcber eine 9 mm gro\u00dfe \u00d6senschraube, mit der Sie ihn leicht anbringen oder aufh\u00e4ngen k\u00f6nnen. Der aus Neodym, dem st\u00e4rksten permanentmagnetischen Material, hergestellte Magnet bietet eine starke Magnetkraft f\u00fcr eine zuverl\u00e4ssige Anhaftung. Dank der \u00d6senschraube l\u00e4sst sich dieser Magnet schnell an einem Haken, einer Kette oder einem anderen Befestigungssystem anbringen. Damit ist er ideal f\u00fcr industrielle Anwendungen, Lagerh\u00e4user, Werkst\u00e4tten und f\u00fcr die Erstellung von magnetischen Aufh\u00e4ngesystemen in verschiedenen Projekten.  <\/p>\n<p class=\"\" data-start=\"704\" data-end=\"718\"><strong data-start=\"704\" data-end=\"718\">Merkmale:<\/strong><\/p>\n<ul data-start=\"719\" data-end=\"1255\">\n<li class=\"\" data-start=\"719\" data-end=\"770\">\n<p class=\"\" data-start=\"721\" data-end=\"770\"><strong data-start=\"721\" data-end=\"735\">Abmessungen<\/strong>: 32 mm (Durchmesser) x 16 mm (H\u00f6he)<\/p>\n<\/li>\n<li class=\"\" data-start=\"771\" data-end=\"844\">\n<p class=\"\" data-start=\"773\" data-end=\"844\"><strong data-start=\"773\" data-end=\"790\">L\u00e4nge der \u00d6senschraube<\/strong>: 9 mm zur einfachen Befestigung an Haken oder Kette<\/p>\n<\/li>\n<li class=\"\" data-start=\"845\" data-end=\"905\">\n<p class=\"\" data-start=\"847\" data-end=\"905\"><strong data-start=\"847\" data-end=\"860\">Material<\/strong>: Neodym f\u00fcr starke Magnetkraft<\/p>\n<\/li>\n<li class=\"\" data-start=\"906\" data-end=\"985\">\n<p class=\"\" data-start=\"908\" data-end=\"985\"><strong data-start=\"908\" data-end=\"919\">Beschichtung<\/strong>: Vernickelt f\u00fcr zus\u00e4tzliche Haltbarkeit und Korrosionsschutz<\/p>\n<\/li>\n<li class=\"\" data-start=\"986\" data-end=\"1109\">\n<p class=\"\" data-start=\"988\" data-end=\"1109\"><strong data-start=\"988\" data-end=\"1002\">Haftkraft<\/strong>: Starke Magnetkraft f\u00fcr zuverl\u00e4ssige Haftung (spezifische Haftkraft je nach Oberfl\u00e4che)<\/p>\n<\/li>\n<li class=\"\" data-start=\"1110\" data-end=\"1255\">\n<p class=\"\" data-start=\"1112\" data-end=\"1255\"><strong data-start=\"1112\" data-end=\"1128\">Anwendungen<\/strong>: Ideal zum Aufh\u00e4ngen von Gegenst\u00e4nden, f\u00fcr industrielle Anwendungen, zum Erstellen von magnetischen Aufh\u00e4ngesystemen und f\u00fcr Hobbyprojekte<\/p>\n<\/li>\n<\/ul>\n<p class=\"\" data-start=\"1257\" data-end=\"1404\">Mit diesem \u00d6senmagneten k\u00f6nnen Sie ganz einfach Gegenst\u00e4nde aufh\u00e4ngen oder befestigen, w\u00e4hrend der starke Neodym-Magnet f\u00fcr eine stabile Verbindung sorgt.<\/p>\n","protected":false},"excerpt":{"rendered":"<p>Neodym-Topfmagnet Flach mit \u00d6se ( Gewinde M6 )<br \/>\nMax. Betriebstemperatur: 80\u00b0C<br \/>\nInklusive \u00d6se. <\/p>\n","protected":false},"featured_media":113574,"template":"","meta":{"_acf_changed":false},"product_brand":[3521],"product_cat":[1389],"product_tag":[3164],"class_list":{"0":"post-95723","1":"product","2":"type-product","3":"status-publish","4":"has-post-thumbnail","6":"product_brand-magnetenspecialist","7":"product_cat-osenmagnete","8":"product_tag-groep-4-de","9":"pa_houdkracht-28-de","10":"pa_magnetisering-n40-de","11":"pa_magnetiseringsrichting-axiaal-de","12":"pa_materiaal-vernickeltes-neodym","13":"pa_model-osenmagnet","15":"first","16":"instock","17":"taxable","18":"shipping-taxable","19":"purchasable","20":"product-type-simple"},"supplier_id":null,"supplier_sku":"","barcode":null,"atum_controlled":true,"out_stock_date":null,"out_stock_threshold":null,"inheritable":false,"inbound_stock":0,"stock_on_hold":0,"sold_today":0,"sales_last_days":0,"reserved_stock":0,"customer_returns":0,"warehouse_damage":0,"lost_in_post":0,"other_logs":0,"out_stock_days":0,"lost_sales":0,"has_location":false,"update_date":"2026-04-28T06:51:24","atum_locations":[],"atum_stock_status":"instock","restock_status":false,"low_stock_amount":1000,"sales_update_date":"2026-04-03T08:06:24","calc_backorders":null,"acf":[],"yoast_head":"<!-- This site is optimized with the Yoast SEO Premium plugin v24.7 (Yoast SEO v24.7) - https:\/\/yoast.com\/wordpress\/plugins\/seo\/ -->\n<title>Ringschraube Magnet 32 x 16 x 9 mm - Magnetenspecialist.nl<\/title>\n<meta name=\"description\" content=\"Entdecken Sie den starken Eyebolt Magneten 32 x 16 x 9 mm f\u00fcr jeden Arbeitsplatz. Bestellen Sie diese Neodym-Magnete jetzt einfach online!\" \/>\n<meta name=\"robots\" content=\"index, follow, max-snippet:-1, max-image-preview:large, max-video-preview:-1\" \/>\n<link rel=\"canonical\" href=\"https:\/\/www.magnetenspecialist.nl\/de\/speichern\/osenmagnete\/magneet-met-oogmoer-32-x-16-x-9-mm\/\" \/>\n<meta property=\"og:locale\" content=\"de_DE\" \/>\n<meta property=\"og:type\" content=\"article\" \/>\n<meta property=\"og:title\" content=\"Ringschraube Magnet 32 x 16 x 9 mm\" \/>\n<meta property=\"og:description\" content=\"Entdecken Sie den starken Eyebolt Magneten 32 x 16 x 9 mm f\u00fcr jeden Arbeitsplatz. Bestellen Sie diese Neodym-Magnete jetzt einfach online!\" \/>\n<meta property=\"og:url\" content=\"https:\/\/www.magnetenspecialist.nl\/de\/speichern\/osenmagnete\/magneet-met-oogmoer-32-x-16-x-9-mm\/\" \/>\n<meta property=\"og:site_name\" content=\"Magnetenspecialist.nl\" \/>\n<meta property=\"article:publisher\" content=\"https:\/\/www.facebook.com\/Magnetenspecialist.nl\" \/>\n<meta property=\"article:modified_time\" content=\"2025-04-07T11:48:12+00:00\" \/>\n<meta property=\"og:image\" content=\"https:\/\/www.magnetenspecialist.nl\/wp-content\/uploads\/2019\/03\/Magnetenspecialist.nl_Oogbout-magneet-32-x-16-x-9-mm_1.jpg\" \/>\n\t<meta property=\"og:image:width\" content=\"1500\" \/>\n\t<meta property=\"og:image:height\" content=\"1500\" \/>\n\t<meta property=\"og:image:type\" content=\"image\/jpeg\" \/>\n<meta name=\"twitter:card\" content=\"summary_large_image\" \/>\n<meta name=\"twitter:site\" content=\"@magnetenspecial\" \/>\n<meta name=\"twitter:label1\" content=\"Preis\" \/>\n\t<meta name=\"twitter:data1\" content=\"&euro;&nbsp;5,16\" \/>\n\t<meta name=\"twitter:label2\" content=\"Verf\u00fcgbarkeit\" \/>\n\t<meta name=\"twitter:data2\" content=\"Auf Lager\" \/>\n<script type=\"application\/ld+json\" class=\"yoast-schema-graph\">{\"@context\":\"https:\/\/schema.org\",\"@graph\":[{\"@type\":\"WebPage\",\"@id\":\"https:\/\/www.magnetenspecialist.nl\/de\/speichern\/osenmagnete\/magneet-met-oogmoer-32-x-16-x-9-mm\/\",\"url\":\"https:\/\/www.magnetenspecialist.nl\/de\/speichern\/osenmagnete\/magneet-met-oogmoer-32-x-16-x-9-mm\/\",\"name\":\"Ringschraube Magnet 32 x 16 x 9 mm - Magnetenspecialist.nl\",\"isPartOf\":{\"@id\":\"https:\/\/www.magnetenspecialist.nl\/de\/#website\"},\"primaryImageOfPage\":{\"@id\":\"https:\/\/www.magnetenspecialist.nl\/de\/speichern\/osenmagnete\/magneet-met-oogmoer-32-x-16-x-9-mm\/#primaryimage\"},\"image\":{\"@id\":\"https:\/\/www.magnetenspecialist.nl\/de\/speichern\/osenmagnete\/magneet-met-oogmoer-32-x-16-x-9-mm\/#primaryimage\"},\"thumbnailUrl\":\"https:\/\/www.magnetenspecialist.nl\/wp-content\/uploads\/2019\/03\/Magnetenspecialist.nl_Oogbout-magneet-32-x-16-x-9-mm_1.jpg\",\"datePublished\":\"2019-03-08T10:02:49+00:00\",\"dateModified\":\"2025-04-07T11:48:12+00:00\",\"description\":\"Entdecken Sie den starken Eyebolt Magneten 32 x 16 x 9 mm f\u00fcr jeden Arbeitsplatz. Bestellen Sie diese Neodym-Magnete jetzt einfach online!\",\"breadcrumb\":{\"@id\":\"https:\/\/www.magnetenspecialist.nl\/de\/speichern\/osenmagnete\/magneet-met-oogmoer-32-x-16-x-9-mm\/#breadcrumb\"},\"inLanguage\":\"de\",\"potentialAction\":[{\"@type\":\"ReadAction\",\"target\":[\"https:\/\/www.magnetenspecialist.nl\/de\/speichern\/osenmagnete\/magneet-met-oogmoer-32-x-16-x-9-mm\/\"]}]},{\"@type\":\"ImageObject\",\"inLanguage\":\"de\",\"@id\":\"https:\/\/www.magnetenspecialist.nl\/de\/speichern\/osenmagnete\/magneet-met-oogmoer-32-x-16-x-9-mm\/#primaryimage\",\"url\":\"https:\/\/www.magnetenspecialist.nl\/wp-content\/uploads\/2019\/03\/Magnetenspecialist.nl_Oogbout-magneet-32-x-16-x-9-mm_1.jpg\",\"contentUrl\":\"https:\/\/www.magnetenspecialist.nl\/wp-content\/uploads\/2019\/03\/Magnetenspecialist.nl_Oogbout-magneet-32-x-16-x-9-mm_1.jpg\",\"width\":1500,\"height\":1500,\"caption\":\"Krachtige neodymium oogboutmagneet \u00d832 mm \u2013 geschikt voor stevige bevestiging\"},{\"@type\":\"BreadcrumbList\",\"@id\":\"https:\/\/www.magnetenspecialist.nl\/de\/speichern\/osenmagnete\/magneet-met-oogmoer-32-x-16-x-9-mm\/#breadcrumb\",\"itemListElement\":[{\"@type\":\"ListItem\",\"position\":1,\"name\":\"Startseite\",\"item\":\"https:\/\/www.magnetenspecialist.nl\/de\/\"},{\"@type\":\"ListItem\",\"position\":2,\"name\":\"Shop\",\"item\":\"https:\/\/www.magnetenspecialist.nl\/de\/shop\/\"},{\"@type\":\"ListItem\",\"position\":3,\"name\":\"Ringschraube Magnet 32 x 16 x 9 mm\"}]},{\"@type\":\"WebSite\",\"@id\":\"https:\/\/www.magnetenspecialist.nl\/de\/#website\",\"url\":\"https:\/\/www.magnetenspecialist.nl\/de\/\",\"name\":\"Magnetenspecialist.nl\",\"description\":\"Umfangreiches Angebot an Neodym-Magneten\",\"publisher\":{\"@id\":\"https:\/\/www.magnetenspecialist.nl\/de\/#organization\"},\"potentialAction\":[{\"@type\":\"SearchAction\",\"target\":{\"@type\":\"EntryPoint\",\"urlTemplate\":\"https:\/\/www.magnetenspecialist.nl\/de\/?s={search_term_string}\"},\"query-input\":{\"@type\":\"PropertyValueSpecification\",\"valueRequired\":true,\"valueName\":\"search_term_string\"}}],\"inLanguage\":\"de\"},{\"@type\":\"Organization\",\"@id\":\"https:\/\/www.magnetenspecialist.nl\/de\/#organization\",\"name\":\"Magnetenspecialist.nl\",\"url\":\"https:\/\/www.magnetenspecialist.nl\/de\/\",\"logo\":{\"@type\":\"ImageObject\",\"inLanguage\":\"de\",\"@id\":\"https:\/\/www.magnetenspecialist.nl\/de\/#\/schema\/logo\/image\/\",\"url\":\"https:\/\/www.magnetenspecialist.nl\/wp-content\/uploads\/2018\/10\/magneten-logo.jpg\",\"contentUrl\":\"https:\/\/www.magnetenspecialist.nl\/wp-content\/uploads\/2018\/10\/magneten-logo.jpg\",\"width\":151,\"height\":151,\"caption\":\"Magnetenspecialist.nl\"},\"image\":{\"@id\":\"https:\/\/www.magnetenspecialist.nl\/de\/#\/schema\/logo\/image\/\"},\"sameAs\":[\"https:\/\/www.facebook.com\/Magnetenspecialist.nl\",\"https:\/\/x.com\/magnetenspecial\"]}]}<\/script>\n<meta property=\"product:price:amount\" content=\"5.16\" \/>\n<meta property=\"product:price:currency\" content=\"EUR\" \/>\n<meta property=\"og:availability\" content=\"instock\" \/>\n<meta property=\"product:availability\" content=\"instock\" \/>\n<meta property=\"product:retailer_item_id\" content=\"og032x016x0090-N\" \/>\n<meta property=\"product:condition\" content=\"new\" \/>\n<!-- \/ Yoast SEO Premium plugin. -->","yoast_head_json":{"title":"Ringschraube Magnet 32 x 16 x 9 mm - Magnetenspecialist.nl","description":"Entdecken Sie den starken Eyebolt Magneten 32 x 16 x 9 mm f\u00fcr jeden Arbeitsplatz. Bestellen Sie diese Neodym-Magnete jetzt einfach online!","robots":{"index":"index","follow":"follow","max-snippet":"max-snippet:-1","max-image-preview":"max-image-preview:large","max-video-preview":"max-video-preview:-1"},"canonical":"https:\/\/www.magnetenspecialist.nl\/de\/speichern\/osenmagnete\/magneet-met-oogmoer-32-x-16-x-9-mm\/","og_locale":"de_DE","og_type":"article","og_title":"Ringschraube Magnet 32 x 16 x 9 mm","og_description":"Entdecken Sie den starken Eyebolt Magneten 32 x 16 x 9 mm f\u00fcr jeden Arbeitsplatz. Bestellen Sie diese Neodym-Magnete jetzt einfach online!","og_url":"https:\/\/www.magnetenspecialist.nl\/de\/speichern\/osenmagnete\/magneet-met-oogmoer-32-x-16-x-9-mm\/","og_site_name":"Magnetenspecialist.nl","article_publisher":"https:\/\/www.facebook.com\/Magnetenspecialist.nl","article_modified_time":"2025-04-07T11:48:12+00:00","og_image":[{"width":1500,"height":1500,"url":"https:\/\/www.magnetenspecialist.nl\/wp-content\/uploads\/2019\/03\/Magnetenspecialist.nl_Oogbout-magneet-32-x-16-x-9-mm_1.jpg","type":"image\/jpeg"}],"twitter_card":"summary_large_image","twitter_site":"@magnetenspecial","twitter_misc":{"Preis":"&euro;&nbsp;5,16","Verf\u00fcgbarkeit":"Auf Lager"},"schema":{"@context":"https:\/\/schema.org","@graph":[{"@type":"WebPage","@id":"https:\/\/www.magnetenspecialist.nl\/de\/speichern\/osenmagnete\/magneet-met-oogmoer-32-x-16-x-9-mm\/","url":"https:\/\/www.magnetenspecialist.nl\/de\/speichern\/osenmagnete\/magneet-met-oogmoer-32-x-16-x-9-mm\/","name":"Ringschraube Magnet 32 x 16 x 9 mm - Magnetenspecialist.nl","isPartOf":{"@id":"https:\/\/www.magnetenspecialist.nl\/de\/#website"},"primaryImageOfPage":{"@id":"https:\/\/www.magnetenspecialist.nl\/de\/speichern\/osenmagnete\/magneet-met-oogmoer-32-x-16-x-9-mm\/#primaryimage"},"image":{"@id":"https:\/\/www.magnetenspecialist.nl\/de\/speichern\/osenmagnete\/magneet-met-oogmoer-32-x-16-x-9-mm\/#primaryimage"},"thumbnailUrl":"https:\/\/www.magnetenspecialist.nl\/wp-content\/uploads\/2019\/03\/Magnetenspecialist.nl_Oogbout-magneet-32-x-16-x-9-mm_1.jpg","datePublished":"2019-03-08T10:02:49+00:00","dateModified":"2025-04-07T11:48:12+00:00","description":"Entdecken Sie den starken Eyebolt Magneten 32 x 16 x 9 mm f\u00fcr jeden Arbeitsplatz. Bestellen Sie diese Neodym-Magnete jetzt einfach online!","breadcrumb":{"@id":"https:\/\/www.magnetenspecialist.nl\/de\/speichern\/osenmagnete\/magneet-met-oogmoer-32-x-16-x-9-mm\/#breadcrumb"},"inLanguage":"de","potentialAction":[{"@type":"ReadAction","target":["https:\/\/www.magnetenspecialist.nl\/de\/speichern\/osenmagnete\/magneet-met-oogmoer-32-x-16-x-9-mm\/"]}]},{"@type":"ImageObject","inLanguage":"de","@id":"https:\/\/www.magnetenspecialist.nl\/de\/speichern\/osenmagnete\/magneet-met-oogmoer-32-x-16-x-9-mm\/#primaryimage","url":"https:\/\/www.magnetenspecialist.nl\/wp-content\/uploads\/2019\/03\/Magnetenspecialist.nl_Oogbout-magneet-32-x-16-x-9-mm_1.jpg","contentUrl":"https:\/\/www.magnetenspecialist.nl\/wp-content\/uploads\/2019\/03\/Magnetenspecialist.nl_Oogbout-magneet-32-x-16-x-9-mm_1.jpg","width":1500,"height":1500,"caption":"Krachtige neodymium oogboutmagneet \u00d832 mm \u2013 geschikt voor stevige bevestiging"},{"@type":"BreadcrumbList","@id":"https:\/\/www.magnetenspecialist.nl\/de\/speichern\/osenmagnete\/magneet-met-oogmoer-32-x-16-x-9-mm\/#breadcrumb","itemListElement":[{"@type":"ListItem","position":1,"name":"Startseite","item":"https:\/\/www.magnetenspecialist.nl\/de\/"},{"@type":"ListItem","position":2,"name":"Shop","item":"https:\/\/www.magnetenspecialist.nl\/de\/shop\/"},{"@type":"ListItem","position":3,"name":"Ringschraube Magnet 32 x 16 x 9 mm"}]},{"@type":"WebSite","@id":"https:\/\/www.magnetenspecialist.nl\/de\/#website","url":"https:\/\/www.magnetenspecialist.nl\/de\/","name":"Magnetenspecialist.nl","description":"Umfangreiches Angebot an Neodym-Magneten","publisher":{"@id":"https:\/\/www.magnetenspecialist.nl\/de\/#organization"},"potentialAction":[{"@type":"SearchAction","target":{"@type":"EntryPoint","urlTemplate":"https:\/\/www.magnetenspecialist.nl\/de\/?s={search_term_string}"},"query-input":{"@type":"PropertyValueSpecification","valueRequired":true,"valueName":"search_term_string"}}],"inLanguage":"de"},{"@type":"Organization","@id":"https:\/\/www.magnetenspecialist.nl\/de\/#organization","name":"Magnetenspecialist.nl","url":"https:\/\/www.magnetenspecialist.nl\/de\/","logo":{"@type":"ImageObject","inLanguage":"de","@id":"https:\/\/www.magnetenspecialist.nl\/de\/#\/schema\/logo\/image\/","url":"https:\/\/www.magnetenspecialist.nl\/wp-content\/uploads\/2018\/10\/magneten-logo.jpg","contentUrl":"https:\/\/www.magnetenspecialist.nl\/wp-content\/uploads\/2018\/10\/magneten-logo.jpg","width":151,"height":151,"caption":"Magnetenspecialist.nl"},"image":{"@id":"https:\/\/www.magnetenspecialist.nl\/de\/#\/schema\/logo\/image\/"},"sameAs":["https:\/\/www.facebook.com\/Magnetenspecialist.nl","https:\/\/x.com\/magnetenspecial"]}]},"product_price_amount":"5.16","product_price_currency":"EUR","og_availability":"instock","product_availability":"instock","product_retailer_item_id":"og032x016x0090-N","product_condition":"new"},"_links":{"self":[{"href":"https:\/\/www.magnetenspecialist.nl\/de\/wp-json\/wp\/v2\/product\/95723","targetHints":{"allow":["GET"]}}],"collection":[{"href":"https:\/\/www.magnetenspecialist.nl\/de\/wp-json\/wp\/v2\/product"}],"about":[{"href":"https:\/\/www.magnetenspecialist.nl\/de\/wp-json\/wp\/v2\/types\/product"}],"wp:featuredmedia":[{"embeddable":true,"href":"https:\/\/www.magnetenspecialist.nl\/de\/wp-json\/wp\/v2\/media\/113574"}],"wp:attachment":[{"href":"https:\/\/www.magnetenspecialist.nl\/de\/wp-json\/wp\/v2\/media?parent=95723"}],"wp:term":[{"taxonomy":"product_brand","embeddable":true,"href":"https:\/\/www.magnetenspecialist.nl\/de\/wp-json\/wp\/v2\/product_brand?post=95723"},{"taxonomy":"product_cat","embeddable":true,"href":"https:\/\/www.magnetenspecialist.nl\/de\/wp-json\/wp\/v2\/product_cat?post=95723"},{"taxonomy":"product_tag","embeddable":true,"href":"https:\/\/www.magnetenspecialist.nl\/de\/wp-json\/wp\/v2\/product_tag?post=95723"}],"curies":[{"name":"wp","href":"https:\/\/api.w.org\/{rel}","templated":true}]}}