{"id":95847,"date":"2019-03-08T11:02:42","date_gmt":"2019-03-08T10:02:42","guid":{"rendered":"https:\/\/www.magnetenspecialist.nl\/winkel\/unkategorisiert\/topfmagnet-25-x-7-x-55-mm-mit-senkbohrung\/"},"modified":"2025-04-07T12:30:12","modified_gmt":"2025-04-07T10:30:12","slug":"topfmagnet-25-x-8-x-55-mm-mit-bohrungen-5-5-10-4-mm-und-verzinktem-loch-2-5-mm","status":"publish","type":"product","link":"https:\/\/www.magnetenspecialist.nl\/de\/speichern\/magnete-zum-anschrauben\/topfmagnet-25-x-8-x-55-mm-mit-bohrungen-5-5-10-4-mm-und-verzinktem-loch-2-5-mm\/","title":{"rendered":"Topfmagnet 25 x 8 x 5,5 mm, mit Bohrer\/verzinktem Loch"},"content":{"rendered":"<p class=\"\" data-start=\"100\" data-end=\"152\"><strong data-start=\"100\" data-end=\"152\">Topfmagnet 25 x 8 x 5,5 mm, mit Bohrer\/verzinktem Loch<\/strong><\/p>\n<p class=\"\" data-start=\"154\" data-end=\"629\">Dieser Topfmagnet misst 25 mm (Durchmesser) x 8 mm (H\u00f6he) x 5,5 mm und verf\u00fcgt \u00fcber ein Bohr- oder Senkungsloch zur einfachen und sicheren Befestigung. Die starke Magnetkraft macht diesen Magneten ideal f\u00fcr eine Vielzahl von Anwendungen, von industriellen Anwendungen bis hin zu kreativen Projekten. Durch die Bohrung kann der Magnet schnell in z.B. Metalloberfl\u00e4chen, Halterungen oder als Teil eines magnetischen Befestigungssystems angebracht werden.  <\/p>\n<p class=\"\" data-start=\"631\" data-end=\"645\"><strong data-start=\"631\" data-end=\"645\">Merkmale:<\/strong><\/p>\n<ul data-start=\"646\" data-end=\"1040\">\n<li class=\"\" data-start=\"646\" data-end=\"705\">\n<p class=\"\" data-start=\"648\" data-end=\"705\"><strong data-start=\"648\" data-end=\"662\">Abmessungen<\/strong>: 25 mm (Durchmesser) x 8 mm (H\u00f6he) x 5,5 mm<\/p>\n<\/li>\n<li class=\"\" data-start=\"706\" data-end=\"756\">\n<p class=\"\" data-start=\"708\" data-end=\"756\"><strong data-start=\"708\" data-end=\"728\">Bohrung\/Senkungsloch<\/strong> f\u00fcr einfache Installation<\/p>\n<\/li>\n<li class=\"\" data-start=\"757\" data-end=\"849\">\n<p class=\"\" data-start=\"759\" data-end=\"849\"><strong data-start=\"759\" data-end=\"772\">Material<\/strong>: Neodym, mit vernickelter Oberfl\u00e4che f\u00fcr zus\u00e4tzliche Haltbarkeit und Schutz<\/p>\n<\/li>\n<li class=\"\" data-start=\"850\" data-end=\"907\">\n<p class=\"\" data-start=\"852\" data-end=\"907\"><strong data-start=\"852\" data-end=\"881\">Starke Magnetkraft<\/strong> f\u00fcr zuverl\u00e4ssige Haftung<\/p>\n<\/li>\n<li class=\"\" data-start=\"908\" data-end=\"1040\">\n<p class=\"\" data-start=\"910\" data-end=\"1040\">Geeignet f\u00fcr eine Vielzahl von Anwendungen, wie z.B. die Befestigung von Gegenst\u00e4nden, magnetische Systeme und Industrieanlagen<\/p>\n<\/li>\n<\/ul>\n<p class=\"\" data-start=\"1042\" data-end=\"1179\">Mit diesem Topfmagneten schaffen Sie zuverl\u00e4ssige und starke magnetische Verbindungen sowohl f\u00fcr professionelle als auch f\u00fcr hobbybezogene Anwendungen.<\/p>\n","protected":false},"excerpt":{"rendered":"<p>Neodym-Magnet im Stahltopf mit Bohr- und Senkungsloch.<br \/>\nMax. Betriebstemperatur: 80\u00b0C<\/p>\n","protected":false},"featured_media":112804,"template":"","meta":{"_acf_changed":false},"product_brand":[3521],"product_cat":[2941,2942,1395],"product_tag":[3164],"class_list":{"0":"post-95847","1":"product","2":"type-product","3":"status-publish","4":"has-post-thumbnail","6":"product_brand-magnetenspecialist","7":"product_cat-magnete-zum-anschrauben","8":"product_cat-topfmagnet-mit-bohrung-und-senkung","9":"product_cat-topfmagnete","10":"product_tag-groep-4-de","11":"pa_houdkracht-17-de","12":"pa_magnetisering-n40-de","13":"pa_magnetiseringsrichting-axiaal-de","14":"pa_materiaal-vernickelt-ni-cu-ni-de-2","15":"pa_maximale-gebruikstemperatuur-80-de","16":"pa_model-topfmagnete","18":"first","19":"instock","20":"taxable","21":"shipping-taxable","22":"purchasable","23":"product-type-simple"},"supplier_id":null,"supplier_sku":"","barcode":null,"atum_controlled":true,"out_stock_date":null,"out_stock_threshold":null,"inheritable":false,"inbound_stock":1,"stock_on_hold":0,"sold_today":0,"sales_last_days":0,"reserved_stock":0,"customer_returns":0,"warehouse_damage":0,"lost_in_post":0,"other_logs":0,"out_stock_days":0,"lost_sales":0,"has_location":false,"update_date":"2026-04-03T08:06:25","atum_locations":[],"atum_stock_status":"instock","restock_status":false,"low_stock_amount":2000,"sales_update_date":"2026-04-03T08:06:25","calc_backorders":null,"acf":[],"yoast_head":"<!-- This site is optimized with the Yoast SEO Premium plugin v24.7 (Yoast SEO v24.7) - https:\/\/yoast.com\/wordpress\/plugins\/seo\/ -->\n<title>Topfmagnet 25 x 8 x 5,5 mm, mit Bohrung\/Senkbohrung - Magnetenspecialist.nl<\/title>\n<meta name=\"description\" content=\"Der Topfmagnet 25 x 8 x 5,5 mm, mit Bohrung\/Senkbohrung, vereint Benutzerfreundlichkeit und St\u00e4rke in sich. Befestigen Sie ihn einfach und sicher!\" \/>\n<meta name=\"robots\" content=\"index, follow, max-snippet:-1, max-image-preview:large, max-video-preview:-1\" \/>\n<link rel=\"canonical\" href=\"https:\/\/www.magnetenspecialist.nl\/de\/speichern\/magnete-zum-anschrauben\/topfmagnet-25-x-8-x-55-mm-mit-bohrungen-5-5-10-4-mm-und-verzinktem-loch-2-5-mm\/\" \/>\n<meta property=\"og:locale\" content=\"de_DE\" \/>\n<meta property=\"og:type\" content=\"article\" \/>\n<meta property=\"og:title\" content=\"Topfmagnet 25 x 8 x 5,5 mm, mit Bohrer\/verzinktem Loch\" \/>\n<meta property=\"og:description\" content=\"Der Topfmagnet 25 x 8 x 5,5 mm, mit Bohrung\/Senkbohrung, vereint Benutzerfreundlichkeit und St\u00e4rke in sich. Befestigen Sie ihn einfach und sicher!\" \/>\n<meta property=\"og:url\" content=\"https:\/\/www.magnetenspecialist.nl\/de\/speichern\/magnete-zum-anschrauben\/topfmagnet-25-x-8-x-55-mm-mit-bohrungen-5-5-10-4-mm-und-verzinktem-loch-2-5-mm\/\" \/>\n<meta property=\"og:site_name\" content=\"Magnetenspecialist.nl\" \/>\n<meta property=\"article:publisher\" content=\"https:\/\/www.facebook.com\/Magnetenspecialist.nl\" \/>\n<meta property=\"article:modified_time\" content=\"2025-04-07T10:30:12+00:00\" \/>\n<meta property=\"og:image\" content=\"https:\/\/www.magnetenspecialist.nl\/wp-content\/uploads\/2019\/03\/Magnetenspecialist.nl_Potmagneet-25-x-7-x-55-mm-met-boor-verzinkgat_1.jpg\" \/>\n\t<meta property=\"og:image:width\" content=\"1500\" \/>\n\t<meta property=\"og:image:height\" content=\"1500\" \/>\n\t<meta property=\"og:image:type\" content=\"image\/jpeg\" \/>\n<meta name=\"twitter:card\" content=\"summary_large_image\" \/>\n<meta name=\"twitter:site\" content=\"@magnetenspecial\" \/>\n<meta name=\"twitter:label1\" content=\"Preis\" \/>\n\t<meta name=\"twitter:data1\" content=\"&euro;&nbsp;4,30\" \/>\n\t<meta name=\"twitter:label2\" content=\"Verf\u00fcgbarkeit\" \/>\n\t<meta name=\"twitter:data2\" content=\"Auf Lager\" \/>\n<script type=\"application\/ld+json\" class=\"yoast-schema-graph\">{\"@context\":\"https:\/\/schema.org\",\"@graph\":[{\"@type\":\"WebPage\",\"@id\":\"https:\/\/www.magnetenspecialist.nl\/de\/speichern\/magnete-zum-anschrauben\/topfmagnet-25-x-8-x-55-mm-mit-bohrungen-5-5-10-4-mm-und-verzinktem-loch-2-5-mm\/\",\"url\":\"https:\/\/www.magnetenspecialist.nl\/de\/speichern\/magnete-zum-anschrauben\/topfmagnet-25-x-8-x-55-mm-mit-bohrungen-5-5-10-4-mm-und-verzinktem-loch-2-5-mm\/\",\"name\":\"Topfmagnet 25 x 8 x 5,5 mm, mit Bohrung\/Senkbohrung - Magnetenspecialist.nl\",\"isPartOf\":{\"@id\":\"https:\/\/www.magnetenspecialist.nl\/de\/#website\"},\"primaryImageOfPage\":{\"@id\":\"https:\/\/www.magnetenspecialist.nl\/de\/speichern\/magnete-zum-anschrauben\/topfmagnet-25-x-8-x-55-mm-mit-bohrungen-5-5-10-4-mm-und-verzinktem-loch-2-5-mm\/#primaryimage\"},\"image\":{\"@id\":\"https:\/\/www.magnetenspecialist.nl\/de\/speichern\/magnete-zum-anschrauben\/topfmagnet-25-x-8-x-55-mm-mit-bohrungen-5-5-10-4-mm-und-verzinktem-loch-2-5-mm\/#primaryimage\"},\"thumbnailUrl\":\"https:\/\/www.magnetenspecialist.nl\/wp-content\/uploads\/2019\/03\/Magnetenspecialist.nl_Potmagneet-25-x-7-x-55-mm-met-boor-verzinkgat_1.jpg\",\"datePublished\":\"2019-03-08T10:02:42+00:00\",\"dateModified\":\"2025-04-07T10:30:12+00:00\",\"description\":\"Der Topfmagnet 25 x 8 x 5,5 mm, mit Bohrung\/Senkbohrung, vereint Benutzerfreundlichkeit und St\u00e4rke in sich. Befestigen Sie ihn einfach und sicher!\",\"breadcrumb\":{\"@id\":\"https:\/\/www.magnetenspecialist.nl\/de\/speichern\/magnete-zum-anschrauben\/topfmagnet-25-x-8-x-55-mm-mit-bohrungen-5-5-10-4-mm-und-verzinktem-loch-2-5-mm\/#breadcrumb\"},\"inLanguage\":\"de\",\"potentialAction\":[{\"@type\":\"ReadAction\",\"target\":[\"https:\/\/www.magnetenspecialist.nl\/de\/speichern\/magnete-zum-anschrauben\/topfmagnet-25-x-8-x-55-mm-mit-bohrungen-5-5-10-4-mm-und-verzinktem-loch-2-5-mm\/\"]}]},{\"@type\":\"ImageObject\",\"inLanguage\":\"de\",\"@id\":\"https:\/\/www.magnetenspecialist.nl\/de\/speichern\/magnete-zum-anschrauben\/topfmagnet-25-x-8-x-55-mm-mit-bohrungen-5-5-10-4-mm-und-verzinktem-loch-2-5-mm\/#primaryimage\",\"url\":\"https:\/\/www.magnetenspecialist.nl\/wp-content\/uploads\/2019\/03\/Magnetenspecialist.nl_Potmagneet-25-x-7-x-55-mm-met-boor-verzinkgat_1.jpg\",\"contentUrl\":\"https:\/\/www.magnetenspecialist.nl\/wp-content\/uploads\/2019\/03\/Magnetenspecialist.nl_Potmagneet-25-x-7-x-55-mm-met-boor-verzinkgat_1.jpg\",\"width\":1500,\"height\":1500},{\"@type\":\"BreadcrumbList\",\"@id\":\"https:\/\/www.magnetenspecialist.nl\/de\/speichern\/magnete-zum-anschrauben\/topfmagnet-25-x-8-x-55-mm-mit-bohrungen-5-5-10-4-mm-und-verzinktem-loch-2-5-mm\/#breadcrumb\",\"itemListElement\":[{\"@type\":\"ListItem\",\"position\":1,\"name\":\"Startseite\",\"item\":\"https:\/\/www.magnetenspecialist.nl\/de\/\"},{\"@type\":\"ListItem\",\"position\":2,\"name\":\"Shop\",\"item\":\"https:\/\/www.magnetenspecialist.nl\/de\/shop\/\"},{\"@type\":\"ListItem\",\"position\":3,\"name\":\"Topfmagnet 25 x 8 x 5,5 mm, mit Bohrer\/verzinktem Loch\"}]},{\"@type\":\"WebSite\",\"@id\":\"https:\/\/www.magnetenspecialist.nl\/de\/#website\",\"url\":\"https:\/\/www.magnetenspecialist.nl\/de\/\",\"name\":\"Magnetenspecialist.nl\",\"description\":\"Umfangreiches Angebot an Neodym-Magneten\",\"publisher\":{\"@id\":\"https:\/\/www.magnetenspecialist.nl\/de\/#organization\"},\"potentialAction\":[{\"@type\":\"SearchAction\",\"target\":{\"@type\":\"EntryPoint\",\"urlTemplate\":\"https:\/\/www.magnetenspecialist.nl\/de\/?s={search_term_string}\"},\"query-input\":{\"@type\":\"PropertyValueSpecification\",\"valueRequired\":true,\"valueName\":\"search_term_string\"}}],\"inLanguage\":\"de\"},{\"@type\":\"Organization\",\"@id\":\"https:\/\/www.magnetenspecialist.nl\/de\/#organization\",\"name\":\"Magnetenspecialist.nl\",\"url\":\"https:\/\/www.magnetenspecialist.nl\/de\/\",\"logo\":{\"@type\":\"ImageObject\",\"inLanguage\":\"de\",\"@id\":\"https:\/\/www.magnetenspecialist.nl\/de\/#\/schema\/logo\/image\/\",\"url\":\"https:\/\/www.magnetenspecialist.nl\/wp-content\/uploads\/2018\/10\/magneten-logo.jpg\",\"contentUrl\":\"https:\/\/www.magnetenspecialist.nl\/wp-content\/uploads\/2018\/10\/magneten-logo.jpg\",\"width\":151,\"height\":151,\"caption\":\"Magnetenspecialist.nl\"},\"image\":{\"@id\":\"https:\/\/www.magnetenspecialist.nl\/de\/#\/schema\/logo\/image\/\"},\"sameAs\":[\"https:\/\/www.facebook.com\/Magnetenspecialist.nl\",\"https:\/\/x.com\/magnetenspecial\"]}]}<\/script>\n<meta property=\"product:price:amount\" content=\"4.30\" \/>\n<meta property=\"product:price:currency\" content=\"EUR\" \/>\n<meta property=\"og:availability\" content=\"instock\" \/>\n<meta property=\"product:availability\" content=\"instock\" \/>\n<meta property=\"product:retailer_item_id\" content=\"po025x008-N\" \/>\n<meta property=\"product:condition\" content=\"new\" \/>\n<!-- \/ Yoast SEO Premium plugin. -->","yoast_head_json":{"title":"Topfmagnet 25 x 8 x 5,5 mm, mit Bohrung\/Senkbohrung - Magnetenspecialist.nl","description":"Der Topfmagnet 25 x 8 x 5,5 mm, mit Bohrung\/Senkbohrung, vereint Benutzerfreundlichkeit und St\u00e4rke in sich. Befestigen Sie ihn einfach und sicher!","robots":{"index":"index","follow":"follow","max-snippet":"max-snippet:-1","max-image-preview":"max-image-preview:large","max-video-preview":"max-video-preview:-1"},"canonical":"https:\/\/www.magnetenspecialist.nl\/de\/speichern\/magnete-zum-anschrauben\/topfmagnet-25-x-8-x-55-mm-mit-bohrungen-5-5-10-4-mm-und-verzinktem-loch-2-5-mm\/","og_locale":"de_DE","og_type":"article","og_title":"Topfmagnet 25 x 8 x 5,5 mm, mit Bohrer\/verzinktem Loch","og_description":"Der Topfmagnet 25 x 8 x 5,5 mm, mit Bohrung\/Senkbohrung, vereint Benutzerfreundlichkeit und St\u00e4rke in sich. Befestigen Sie ihn einfach und sicher!","og_url":"https:\/\/www.magnetenspecialist.nl\/de\/speichern\/magnete-zum-anschrauben\/topfmagnet-25-x-8-x-55-mm-mit-bohrungen-5-5-10-4-mm-und-verzinktem-loch-2-5-mm\/","og_site_name":"Magnetenspecialist.nl","article_publisher":"https:\/\/www.facebook.com\/Magnetenspecialist.nl","article_modified_time":"2025-04-07T10:30:12+00:00","og_image":[{"width":1500,"height":1500,"url":"https:\/\/www.magnetenspecialist.nl\/wp-content\/uploads\/2019\/03\/Magnetenspecialist.nl_Potmagneet-25-x-7-x-55-mm-met-boor-verzinkgat_1.jpg","type":"image\/jpeg"}],"twitter_card":"summary_large_image","twitter_site":"@magnetenspecial","twitter_misc":{"Preis":"&euro;&nbsp;4,30","Verf\u00fcgbarkeit":"Auf Lager"},"schema":{"@context":"https:\/\/schema.org","@graph":[{"@type":"WebPage","@id":"https:\/\/www.magnetenspecialist.nl\/de\/speichern\/magnete-zum-anschrauben\/topfmagnet-25-x-8-x-55-mm-mit-bohrungen-5-5-10-4-mm-und-verzinktem-loch-2-5-mm\/","url":"https:\/\/www.magnetenspecialist.nl\/de\/speichern\/magnete-zum-anschrauben\/topfmagnet-25-x-8-x-55-mm-mit-bohrungen-5-5-10-4-mm-und-verzinktem-loch-2-5-mm\/","name":"Topfmagnet 25 x 8 x 5,5 mm, mit Bohrung\/Senkbohrung - Magnetenspecialist.nl","isPartOf":{"@id":"https:\/\/www.magnetenspecialist.nl\/de\/#website"},"primaryImageOfPage":{"@id":"https:\/\/www.magnetenspecialist.nl\/de\/speichern\/magnete-zum-anschrauben\/topfmagnet-25-x-8-x-55-mm-mit-bohrungen-5-5-10-4-mm-und-verzinktem-loch-2-5-mm\/#primaryimage"},"image":{"@id":"https:\/\/www.magnetenspecialist.nl\/de\/speichern\/magnete-zum-anschrauben\/topfmagnet-25-x-8-x-55-mm-mit-bohrungen-5-5-10-4-mm-und-verzinktem-loch-2-5-mm\/#primaryimage"},"thumbnailUrl":"https:\/\/www.magnetenspecialist.nl\/wp-content\/uploads\/2019\/03\/Magnetenspecialist.nl_Potmagneet-25-x-7-x-55-mm-met-boor-verzinkgat_1.jpg","datePublished":"2019-03-08T10:02:42+00:00","dateModified":"2025-04-07T10:30:12+00:00","description":"Der Topfmagnet 25 x 8 x 5,5 mm, mit Bohrung\/Senkbohrung, vereint Benutzerfreundlichkeit und St\u00e4rke in sich. Befestigen Sie ihn einfach und sicher!","breadcrumb":{"@id":"https:\/\/www.magnetenspecialist.nl\/de\/speichern\/magnete-zum-anschrauben\/topfmagnet-25-x-8-x-55-mm-mit-bohrungen-5-5-10-4-mm-und-verzinktem-loch-2-5-mm\/#breadcrumb"},"inLanguage":"de","potentialAction":[{"@type":"ReadAction","target":["https:\/\/www.magnetenspecialist.nl\/de\/speichern\/magnete-zum-anschrauben\/topfmagnet-25-x-8-x-55-mm-mit-bohrungen-5-5-10-4-mm-und-verzinktem-loch-2-5-mm\/"]}]},{"@type":"ImageObject","inLanguage":"de","@id":"https:\/\/www.magnetenspecialist.nl\/de\/speichern\/magnete-zum-anschrauben\/topfmagnet-25-x-8-x-55-mm-mit-bohrungen-5-5-10-4-mm-und-verzinktem-loch-2-5-mm\/#primaryimage","url":"https:\/\/www.magnetenspecialist.nl\/wp-content\/uploads\/2019\/03\/Magnetenspecialist.nl_Potmagneet-25-x-7-x-55-mm-met-boor-verzinkgat_1.jpg","contentUrl":"https:\/\/www.magnetenspecialist.nl\/wp-content\/uploads\/2019\/03\/Magnetenspecialist.nl_Potmagneet-25-x-7-x-55-mm-met-boor-verzinkgat_1.jpg","width":1500,"height":1500},{"@type":"BreadcrumbList","@id":"https:\/\/www.magnetenspecialist.nl\/de\/speichern\/magnete-zum-anschrauben\/topfmagnet-25-x-8-x-55-mm-mit-bohrungen-5-5-10-4-mm-und-verzinktem-loch-2-5-mm\/#breadcrumb","itemListElement":[{"@type":"ListItem","position":1,"name":"Startseite","item":"https:\/\/www.magnetenspecialist.nl\/de\/"},{"@type":"ListItem","position":2,"name":"Shop","item":"https:\/\/www.magnetenspecialist.nl\/de\/shop\/"},{"@type":"ListItem","position":3,"name":"Topfmagnet 25 x 8 x 5,5 mm, mit Bohrer\/verzinktem Loch"}]},{"@type":"WebSite","@id":"https:\/\/www.magnetenspecialist.nl\/de\/#website","url":"https:\/\/www.magnetenspecialist.nl\/de\/","name":"Magnetenspecialist.nl","description":"Umfangreiches Angebot an Neodym-Magneten","publisher":{"@id":"https:\/\/www.magnetenspecialist.nl\/de\/#organization"},"potentialAction":[{"@type":"SearchAction","target":{"@type":"EntryPoint","urlTemplate":"https:\/\/www.magnetenspecialist.nl\/de\/?s={search_term_string}"},"query-input":{"@type":"PropertyValueSpecification","valueRequired":true,"valueName":"search_term_string"}}],"inLanguage":"de"},{"@type":"Organization","@id":"https:\/\/www.magnetenspecialist.nl\/de\/#organization","name":"Magnetenspecialist.nl","url":"https:\/\/www.magnetenspecialist.nl\/de\/","logo":{"@type":"ImageObject","inLanguage":"de","@id":"https:\/\/www.magnetenspecialist.nl\/de\/#\/schema\/logo\/image\/","url":"https:\/\/www.magnetenspecialist.nl\/wp-content\/uploads\/2018\/10\/magneten-logo.jpg","contentUrl":"https:\/\/www.magnetenspecialist.nl\/wp-content\/uploads\/2018\/10\/magneten-logo.jpg","width":151,"height":151,"caption":"Magnetenspecialist.nl"},"image":{"@id":"https:\/\/www.magnetenspecialist.nl\/de\/#\/schema\/logo\/image\/"},"sameAs":["https:\/\/www.facebook.com\/Magnetenspecialist.nl","https:\/\/x.com\/magnetenspecial"]}]},"product_price_amount":"4.30","product_price_currency":"EUR","og_availability":"instock","product_availability":"instock","product_retailer_item_id":"po025x008-N","product_condition":"new"},"_links":{"self":[{"href":"https:\/\/www.magnetenspecialist.nl\/de\/wp-json\/wp\/v2\/product\/95847","targetHints":{"allow":["GET"]}}],"collection":[{"href":"https:\/\/www.magnetenspecialist.nl\/de\/wp-json\/wp\/v2\/product"}],"about":[{"href":"https:\/\/www.magnetenspecialist.nl\/de\/wp-json\/wp\/v2\/types\/product"}],"wp:featuredmedia":[{"embeddable":true,"href":"https:\/\/www.magnetenspecialist.nl\/de\/wp-json\/wp\/v2\/media\/112804"}],"wp:attachment":[{"href":"https:\/\/www.magnetenspecialist.nl\/de\/wp-json\/wp\/v2\/media?parent=95847"}],"wp:term":[{"taxonomy":"product_brand","embeddable":true,"href":"https:\/\/www.magnetenspecialist.nl\/de\/wp-json\/wp\/v2\/product_brand?post=95847"},{"taxonomy":"product_cat","embeddable":true,"href":"https:\/\/www.magnetenspecialist.nl\/de\/wp-json\/wp\/v2\/product_cat?post=95847"},{"taxonomy":"product_tag","embeddable":true,"href":"https:\/\/www.magnetenspecialist.nl\/de\/wp-json\/wp\/v2\/product_tag?post=95847"}],"curies":[{"name":"wp","href":"https:\/\/api.w.org\/{rel}","templated":true}]}}