{"id":95848,"date":"2019-03-08T11:02:42","date_gmt":"2019-03-08T10:02:42","guid":{"rendered":"https:\/\/www.magnetenspecialist.nl\/winkel\/unkategorisiert\/topfmagnet-20-x-6-mm-mit-senkbohrung\/"},"modified":"2025-04-07T12:16:45","modified_gmt":"2025-04-07T10:16:45","slug":"topfmagnet-20-x-6-mm-mit-bohrungen-4-2-8-6-mm-und-verzinktem-loch-2-2-mm","status":"publish","type":"product","link":"https:\/\/www.magnetenspecialist.nl\/de\/speichern\/topfmagnete\/topfmagnet-20-x-6-mm-mit-bohrungen-4-2-8-6-mm-und-verzinktem-loch-2-2-mm\/","title":{"rendered":"Topfmagnet 20 x 6 mm, mit Bohr-\/Verzinkungsloch"},"content":{"rendered":"<p class=\"\" data-start=\"94\" data-end=\"140\"><strong data-start=\"94\" data-end=\"140\">Topfmagnet 20 x 6 mm, mit Bohr-\/Verzinkungsloch<\/strong><\/p>\n<p class=\"\" data-start=\"142\" data-end=\"625\">Dieser Topfmagnet hat einen Durchmesser von 20 mm und eine H\u00f6he von 6 mm und verf\u00fcgt \u00fcber ein Bohr- oder Senkungsloch zur einfachen und sicheren Befestigung. Dieser starke Magnet ist ideal f\u00fcr Anwendungen, bei denen eine solide magnetische Verbindung erforderlich ist, wie z.B. bei der Befestigung von Gegenst\u00e4nden, bei der Herstellung von Magnethaltern oder bei industriellen und gewerblichen Anwendungen. Das Bohrloch erm\u00f6glicht eine schnelle und einfache Installation und macht den Magneten vielseitig einsetzbar.  <\/p>\n<p class=\"\" data-start=\"627\" data-end=\"641\"><strong data-start=\"627\" data-end=\"641\">Merkmale:<\/strong><\/p>\n<ul data-start=\"642\" data-end=\"1003\">\n<li class=\"\" data-start=\"642\" data-end=\"692\">\n<p class=\"\" data-start=\"644\" data-end=\"692\"><strong data-start=\"644\" data-end=\"658\">Abmessungen<\/strong>: 20 mm (Durchmesser) x 6 mm (H\u00f6he)<\/p>\n<\/li>\n<li class=\"\" data-start=\"693\" data-end=\"743\">\n<p class=\"\" data-start=\"695\" data-end=\"743\"><strong data-start=\"695\" data-end=\"715\">Bohrung\/Senkbohrung<\/strong> f\u00fcr einfache Befestigung<\/p>\n<\/li>\n<li class=\"\" data-start=\"744\" data-end=\"821\">\n<p class=\"\" data-start=\"746\" data-end=\"821\"><strong data-start=\"746\" data-end=\"759\">Material<\/strong>: Neodym, mit vernickelter Oberfl\u00e4che f\u00fcr zus\u00e4tzliche Haltbarkeit<\/p>\n<\/li>\n<li class=\"\" data-start=\"822\" data-end=\"879\">\n<p class=\"\" data-start=\"824\" data-end=\"879\"><strong data-start=\"824\" data-end=\"853\">Starke Magnetkraft<\/strong> f\u00fcr zuverl\u00e4ssige Haftung<\/p>\n<\/li>\n<li class=\"\" data-start=\"880\" data-end=\"1003\">\n<p class=\"\" data-start=\"882\" data-end=\"1003\">Geeignet f\u00fcr eine Vielzahl von Anwendungen, wie z.B. die Befestigung von Gegenst\u00e4nden und die Erstellung von Magnetsystemen<\/p>\n<\/li>\n<\/ul>\n<p class=\"\" data-start=\"1005\" data-end=\"1132\">Mit diesem Topfmagneten k\u00f6nnen Sie problemlos starke magnetische Verbindungen f\u00fcr professionelle und kreative Anwendungen herstellen.<\/p>\n","protected":false},"excerpt":{"rendered":"<p>Neodym-Magnet im Stahltopf mit Bohr- und Senkungsloch.<br \/>\nMax. Betriebstemperatur: 80\u00b0C<\/p>\n","protected":false},"featured_media":112684,"template":"","meta":{"_acf_changed":false},"product_brand":[3521],"product_cat":[1395],"product_tag":[3164],"class_list":{"0":"post-95848","1":"product","2":"type-product","3":"status-publish","4":"has-post-thumbnail","6":"product_brand-magnetenspecialist","7":"product_cat-topfmagnete","8":"product_tag-groep-4-de","9":"pa_houdkracht-7-5-de","10":"pa_magnetisering-n40-de","11":"pa_magnetiseringsrichting-axiaal-de","12":"pa_materiaal-vernickelt-ni-cu-ni-de-2","13":"pa_maximale-gebruikstemperatuur-80-de","14":"pa_model-topfmagnete","16":"first","17":"instock","18":"taxable","19":"shipping-taxable","20":"purchasable","21":"product-type-simple"},"supplier_id":null,"supplier_sku":"","barcode":null,"atum_controlled":true,"out_stock_date":null,"out_stock_threshold":null,"inheritable":false,"inbound_stock":0,"stock_on_hold":0,"sold_today":0,"sales_last_days":5,"reserved_stock":0,"customer_returns":0,"warehouse_damage":0,"lost_in_post":0,"other_logs":0,"out_stock_days":0,"lost_sales":0,"has_location":false,"update_date":"2026-04-21T10:03:01","atum_locations":[],"atum_stock_status":"instock","restock_status":false,"low_stock_amount":2000,"sales_update_date":"2026-04-08T07:27:48","calc_backorders":null,"acf":[],"yoast_head":"<!-- This site is optimized with the Yoast SEO Premium plugin v24.7 (Yoast SEO v24.7) - https:\/\/yoast.com\/wordpress\/plugins\/seo\/ -->\n<title>Topfmagnet 20 x 6 mm, mit Bohrung\/Senkbohrung kaufen - Magnetenspecialist.nl<\/title>\n<meta name=\"description\" content=\"Mit dem Topfmagnet 20 x 6 mm wird die Installation zum Kinderspiel! Mit praktischer Bohrung zum Befestigen von Gegenst\u00e4nden. Bestellen Sie noch heute!\" \/>\n<meta name=\"robots\" content=\"index, follow, max-snippet:-1, max-image-preview:large, max-video-preview:-1\" \/>\n<link rel=\"canonical\" href=\"https:\/\/www.magnetenspecialist.nl\/de\/speichern\/topfmagnete\/topfmagnet-20-x-6-mm-mit-bohrungen-4-2-8-6-mm-und-verzinktem-loch-2-2-mm\/\" \/>\n<meta property=\"og:locale\" content=\"de_DE\" \/>\n<meta property=\"og:type\" content=\"article\" \/>\n<meta property=\"og:title\" content=\"Topfmagnet 20 x 6 mm, mit Bohr-\/Verzinkungsloch\" \/>\n<meta property=\"og:description\" content=\"Mit dem Topfmagnet 20 x 6 mm wird die Installation zum Kinderspiel! Mit praktischer Bohrung zum Befestigen von Gegenst\u00e4nden. Bestellen Sie noch heute!\" \/>\n<meta property=\"og:url\" content=\"https:\/\/www.magnetenspecialist.nl\/de\/speichern\/topfmagnete\/topfmagnet-20-x-6-mm-mit-bohrungen-4-2-8-6-mm-und-verzinktem-loch-2-2-mm\/\" \/>\n<meta property=\"og:site_name\" content=\"Magnetenspecialist.nl\" \/>\n<meta property=\"article:publisher\" content=\"https:\/\/www.facebook.com\/Magnetenspecialist.nl\" \/>\n<meta property=\"article:modified_time\" content=\"2025-04-07T10:16:45+00:00\" \/>\n<meta property=\"og:image\" content=\"https:\/\/www.magnetenspecialist.nl\/wp-content\/uploads\/2019\/03\/Magnetenspecialist.nl_Potmagneet-20-x-6-mm-met-boor-verzinkgat_1.jpg\" \/>\n\t<meta property=\"og:image:width\" content=\"1500\" \/>\n\t<meta property=\"og:image:height\" content=\"1500\" \/>\n\t<meta property=\"og:image:type\" content=\"image\/jpeg\" \/>\n<meta name=\"twitter:card\" content=\"summary_large_image\" \/>\n<meta name=\"twitter:site\" content=\"@magnetenspecial\" \/>\n<meta name=\"twitter:label1\" content=\"Preis\" \/>\n\t<meta name=\"twitter:data1\" content=\"&euro;&nbsp;3,34\" \/>\n\t<meta name=\"twitter:label2\" content=\"Verf\u00fcgbarkeit\" \/>\n\t<meta name=\"twitter:data2\" content=\"Auf Lager\" \/>\n<script type=\"application\/ld+json\" class=\"yoast-schema-graph\">{\"@context\":\"https:\/\/schema.org\",\"@graph\":[{\"@type\":\"WebPage\",\"@id\":\"https:\/\/www.magnetenspecialist.nl\/de\/speichern\/topfmagnete\/topfmagnet-20-x-6-mm-mit-bohrungen-4-2-8-6-mm-und-verzinktem-loch-2-2-mm\/\",\"url\":\"https:\/\/www.magnetenspecialist.nl\/de\/speichern\/topfmagnete\/topfmagnet-20-x-6-mm-mit-bohrungen-4-2-8-6-mm-und-verzinktem-loch-2-2-mm\/\",\"name\":\"Topfmagnet 20 x 6 mm, mit Bohrung\/Senkbohrung kaufen - Magnetenspecialist.nl\",\"isPartOf\":{\"@id\":\"https:\/\/www.magnetenspecialist.nl\/de\/#website\"},\"primaryImageOfPage\":{\"@id\":\"https:\/\/www.magnetenspecialist.nl\/de\/speichern\/topfmagnete\/topfmagnet-20-x-6-mm-mit-bohrungen-4-2-8-6-mm-und-verzinktem-loch-2-2-mm\/#primaryimage\"},\"image\":{\"@id\":\"https:\/\/www.magnetenspecialist.nl\/de\/speichern\/topfmagnete\/topfmagnet-20-x-6-mm-mit-bohrungen-4-2-8-6-mm-und-verzinktem-loch-2-2-mm\/#primaryimage\"},\"thumbnailUrl\":\"https:\/\/www.magnetenspecialist.nl\/wp-content\/uploads\/2019\/03\/Magnetenspecialist.nl_Potmagneet-20-x-6-mm-met-boor-verzinkgat_1.jpg\",\"datePublished\":\"2019-03-08T10:02:42+00:00\",\"dateModified\":\"2025-04-07T10:16:45+00:00\",\"description\":\"Mit dem Topfmagnet 20 x 6 mm wird die Installation zum Kinderspiel! Mit praktischer Bohrung zum Befestigen von Gegenst\u00e4nden. Bestellen Sie noch heute!\",\"breadcrumb\":{\"@id\":\"https:\/\/www.magnetenspecialist.nl\/de\/speichern\/topfmagnete\/topfmagnet-20-x-6-mm-mit-bohrungen-4-2-8-6-mm-und-verzinktem-loch-2-2-mm\/#breadcrumb\"},\"inLanguage\":\"de\",\"potentialAction\":[{\"@type\":\"ReadAction\",\"target\":[\"https:\/\/www.magnetenspecialist.nl\/de\/speichern\/topfmagnete\/topfmagnet-20-x-6-mm-mit-bohrungen-4-2-8-6-mm-und-verzinktem-loch-2-2-mm\/\"]}]},{\"@type\":\"ImageObject\",\"inLanguage\":\"de\",\"@id\":\"https:\/\/www.magnetenspecialist.nl\/de\/speichern\/topfmagnete\/topfmagnet-20-x-6-mm-mit-bohrungen-4-2-8-6-mm-und-verzinktem-loch-2-2-mm\/#primaryimage\",\"url\":\"https:\/\/www.magnetenspecialist.nl\/wp-content\/uploads\/2019\/03\/Magnetenspecialist.nl_Potmagneet-20-x-6-mm-met-boor-verzinkgat_1.jpg\",\"contentUrl\":\"https:\/\/www.magnetenspecialist.nl\/wp-content\/uploads\/2019\/03\/Magnetenspecialist.nl_Potmagneet-20-x-6-mm-met-boor-verzinkgat_1.jpg\",\"width\":1500,\"height\":1500},{\"@type\":\"BreadcrumbList\",\"@id\":\"https:\/\/www.magnetenspecialist.nl\/de\/speichern\/topfmagnete\/topfmagnet-20-x-6-mm-mit-bohrungen-4-2-8-6-mm-und-verzinktem-loch-2-2-mm\/#breadcrumb\",\"itemListElement\":[{\"@type\":\"ListItem\",\"position\":1,\"name\":\"Startseite\",\"item\":\"https:\/\/www.magnetenspecialist.nl\/de\/\"},{\"@type\":\"ListItem\",\"position\":2,\"name\":\"Shop\",\"item\":\"https:\/\/www.magnetenspecialist.nl\/de\/shop\/\"},{\"@type\":\"ListItem\",\"position\":3,\"name\":\"Topfmagnet 20 x 6 mm, mit Bohr-\/Verzinkungsloch\"}]},{\"@type\":\"WebSite\",\"@id\":\"https:\/\/www.magnetenspecialist.nl\/de\/#website\",\"url\":\"https:\/\/www.magnetenspecialist.nl\/de\/\",\"name\":\"Magnetenspecialist.nl\",\"description\":\"Umfangreiches Angebot an Neodym-Magneten\",\"publisher\":{\"@id\":\"https:\/\/www.magnetenspecialist.nl\/de\/#organization\"},\"potentialAction\":[{\"@type\":\"SearchAction\",\"target\":{\"@type\":\"EntryPoint\",\"urlTemplate\":\"https:\/\/www.magnetenspecialist.nl\/de\/?s={search_term_string}\"},\"query-input\":{\"@type\":\"PropertyValueSpecification\",\"valueRequired\":true,\"valueName\":\"search_term_string\"}}],\"inLanguage\":\"de\"},{\"@type\":\"Organization\",\"@id\":\"https:\/\/www.magnetenspecialist.nl\/de\/#organization\",\"name\":\"Magnetenspecialist.nl\",\"url\":\"https:\/\/www.magnetenspecialist.nl\/de\/\",\"logo\":{\"@type\":\"ImageObject\",\"inLanguage\":\"de\",\"@id\":\"https:\/\/www.magnetenspecialist.nl\/de\/#\/schema\/logo\/image\/\",\"url\":\"https:\/\/www.magnetenspecialist.nl\/wp-content\/uploads\/2018\/10\/magneten-logo.jpg\",\"contentUrl\":\"https:\/\/www.magnetenspecialist.nl\/wp-content\/uploads\/2018\/10\/magneten-logo.jpg\",\"width\":151,\"height\":151,\"caption\":\"Magnetenspecialist.nl\"},\"image\":{\"@id\":\"https:\/\/www.magnetenspecialist.nl\/de\/#\/schema\/logo\/image\/\"},\"sameAs\":[\"https:\/\/www.facebook.com\/Magnetenspecialist.nl\",\"https:\/\/x.com\/magnetenspecial\"]}]}<\/script>\n<meta property=\"product:price:amount\" content=\"3.34\" \/>\n<meta property=\"product:price:currency\" content=\"EUR\" \/>\n<meta property=\"og:availability\" content=\"instock\" \/>\n<meta property=\"product:availability\" content=\"instock\" \/>\n<meta property=\"product:retailer_item_id\" content=\"po020x006-N\" \/>\n<meta property=\"product:condition\" content=\"new\" \/>\n<!-- \/ Yoast SEO Premium plugin. -->","yoast_head_json":{"title":"Topfmagnet 20 x 6 mm, mit Bohrung\/Senkbohrung kaufen - Magnetenspecialist.nl","description":"Mit dem Topfmagnet 20 x 6 mm wird die Installation zum Kinderspiel! Mit praktischer Bohrung zum Befestigen von Gegenst\u00e4nden. Bestellen Sie noch heute!","robots":{"index":"index","follow":"follow","max-snippet":"max-snippet:-1","max-image-preview":"max-image-preview:large","max-video-preview":"max-video-preview:-1"},"canonical":"https:\/\/www.magnetenspecialist.nl\/de\/speichern\/topfmagnete\/topfmagnet-20-x-6-mm-mit-bohrungen-4-2-8-6-mm-und-verzinktem-loch-2-2-mm\/","og_locale":"de_DE","og_type":"article","og_title":"Topfmagnet 20 x 6 mm, mit Bohr-\/Verzinkungsloch","og_description":"Mit dem Topfmagnet 20 x 6 mm wird die Installation zum Kinderspiel! Mit praktischer Bohrung zum Befestigen von Gegenst\u00e4nden. Bestellen Sie noch heute!","og_url":"https:\/\/www.magnetenspecialist.nl\/de\/speichern\/topfmagnete\/topfmagnet-20-x-6-mm-mit-bohrungen-4-2-8-6-mm-und-verzinktem-loch-2-2-mm\/","og_site_name":"Magnetenspecialist.nl","article_publisher":"https:\/\/www.facebook.com\/Magnetenspecialist.nl","article_modified_time":"2025-04-07T10:16:45+00:00","og_image":[{"width":1500,"height":1500,"url":"https:\/\/www.magnetenspecialist.nl\/wp-content\/uploads\/2019\/03\/Magnetenspecialist.nl_Potmagneet-20-x-6-mm-met-boor-verzinkgat_1.jpg","type":"image\/jpeg"}],"twitter_card":"summary_large_image","twitter_site":"@magnetenspecial","twitter_misc":{"Preis":"&euro;&nbsp;3,34","Verf\u00fcgbarkeit":"Auf Lager"},"schema":{"@context":"https:\/\/schema.org","@graph":[{"@type":"WebPage","@id":"https:\/\/www.magnetenspecialist.nl\/de\/speichern\/topfmagnete\/topfmagnet-20-x-6-mm-mit-bohrungen-4-2-8-6-mm-und-verzinktem-loch-2-2-mm\/","url":"https:\/\/www.magnetenspecialist.nl\/de\/speichern\/topfmagnete\/topfmagnet-20-x-6-mm-mit-bohrungen-4-2-8-6-mm-und-verzinktem-loch-2-2-mm\/","name":"Topfmagnet 20 x 6 mm, mit Bohrung\/Senkbohrung kaufen - Magnetenspecialist.nl","isPartOf":{"@id":"https:\/\/www.magnetenspecialist.nl\/de\/#website"},"primaryImageOfPage":{"@id":"https:\/\/www.magnetenspecialist.nl\/de\/speichern\/topfmagnete\/topfmagnet-20-x-6-mm-mit-bohrungen-4-2-8-6-mm-und-verzinktem-loch-2-2-mm\/#primaryimage"},"image":{"@id":"https:\/\/www.magnetenspecialist.nl\/de\/speichern\/topfmagnete\/topfmagnet-20-x-6-mm-mit-bohrungen-4-2-8-6-mm-und-verzinktem-loch-2-2-mm\/#primaryimage"},"thumbnailUrl":"https:\/\/www.magnetenspecialist.nl\/wp-content\/uploads\/2019\/03\/Magnetenspecialist.nl_Potmagneet-20-x-6-mm-met-boor-verzinkgat_1.jpg","datePublished":"2019-03-08T10:02:42+00:00","dateModified":"2025-04-07T10:16:45+00:00","description":"Mit dem Topfmagnet 20 x 6 mm wird die Installation zum Kinderspiel! Mit praktischer Bohrung zum Befestigen von Gegenst\u00e4nden. Bestellen Sie noch heute!","breadcrumb":{"@id":"https:\/\/www.magnetenspecialist.nl\/de\/speichern\/topfmagnete\/topfmagnet-20-x-6-mm-mit-bohrungen-4-2-8-6-mm-und-verzinktem-loch-2-2-mm\/#breadcrumb"},"inLanguage":"de","potentialAction":[{"@type":"ReadAction","target":["https:\/\/www.magnetenspecialist.nl\/de\/speichern\/topfmagnete\/topfmagnet-20-x-6-mm-mit-bohrungen-4-2-8-6-mm-und-verzinktem-loch-2-2-mm\/"]}]},{"@type":"ImageObject","inLanguage":"de","@id":"https:\/\/www.magnetenspecialist.nl\/de\/speichern\/topfmagnete\/topfmagnet-20-x-6-mm-mit-bohrungen-4-2-8-6-mm-und-verzinktem-loch-2-2-mm\/#primaryimage","url":"https:\/\/www.magnetenspecialist.nl\/wp-content\/uploads\/2019\/03\/Magnetenspecialist.nl_Potmagneet-20-x-6-mm-met-boor-verzinkgat_1.jpg","contentUrl":"https:\/\/www.magnetenspecialist.nl\/wp-content\/uploads\/2019\/03\/Magnetenspecialist.nl_Potmagneet-20-x-6-mm-met-boor-verzinkgat_1.jpg","width":1500,"height":1500},{"@type":"BreadcrumbList","@id":"https:\/\/www.magnetenspecialist.nl\/de\/speichern\/topfmagnete\/topfmagnet-20-x-6-mm-mit-bohrungen-4-2-8-6-mm-und-verzinktem-loch-2-2-mm\/#breadcrumb","itemListElement":[{"@type":"ListItem","position":1,"name":"Startseite","item":"https:\/\/www.magnetenspecialist.nl\/de\/"},{"@type":"ListItem","position":2,"name":"Shop","item":"https:\/\/www.magnetenspecialist.nl\/de\/shop\/"},{"@type":"ListItem","position":3,"name":"Topfmagnet 20 x 6 mm, mit Bohr-\/Verzinkungsloch"}]},{"@type":"WebSite","@id":"https:\/\/www.magnetenspecialist.nl\/de\/#website","url":"https:\/\/www.magnetenspecialist.nl\/de\/","name":"Magnetenspecialist.nl","description":"Umfangreiches Angebot an Neodym-Magneten","publisher":{"@id":"https:\/\/www.magnetenspecialist.nl\/de\/#organization"},"potentialAction":[{"@type":"SearchAction","target":{"@type":"EntryPoint","urlTemplate":"https:\/\/www.magnetenspecialist.nl\/de\/?s={search_term_string}"},"query-input":{"@type":"PropertyValueSpecification","valueRequired":true,"valueName":"search_term_string"}}],"inLanguage":"de"},{"@type":"Organization","@id":"https:\/\/www.magnetenspecialist.nl\/de\/#organization","name":"Magnetenspecialist.nl","url":"https:\/\/www.magnetenspecialist.nl\/de\/","logo":{"@type":"ImageObject","inLanguage":"de","@id":"https:\/\/www.magnetenspecialist.nl\/de\/#\/schema\/logo\/image\/","url":"https:\/\/www.magnetenspecialist.nl\/wp-content\/uploads\/2018\/10\/magneten-logo.jpg","contentUrl":"https:\/\/www.magnetenspecialist.nl\/wp-content\/uploads\/2018\/10\/magneten-logo.jpg","width":151,"height":151,"caption":"Magnetenspecialist.nl"},"image":{"@id":"https:\/\/www.magnetenspecialist.nl\/de\/#\/schema\/logo\/image\/"},"sameAs":["https:\/\/www.facebook.com\/Magnetenspecialist.nl","https:\/\/x.com\/magnetenspecial"]}]},"product_price_amount":"3.34","product_price_currency":"EUR","og_availability":"instock","product_availability":"instock","product_retailer_item_id":"po020x006-N","product_condition":"new"},"_links":{"self":[{"href":"https:\/\/www.magnetenspecialist.nl\/de\/wp-json\/wp\/v2\/product\/95848","targetHints":{"allow":["GET"]}}],"collection":[{"href":"https:\/\/www.magnetenspecialist.nl\/de\/wp-json\/wp\/v2\/product"}],"about":[{"href":"https:\/\/www.magnetenspecialist.nl\/de\/wp-json\/wp\/v2\/types\/product"}],"wp:featuredmedia":[{"embeddable":true,"href":"https:\/\/www.magnetenspecialist.nl\/de\/wp-json\/wp\/v2\/media\/112684"}],"wp:attachment":[{"href":"https:\/\/www.magnetenspecialist.nl\/de\/wp-json\/wp\/v2\/media?parent=95848"}],"wp:term":[{"taxonomy":"product_brand","embeddable":true,"href":"https:\/\/www.magnetenspecialist.nl\/de\/wp-json\/wp\/v2\/product_brand?post=95848"},{"taxonomy":"product_cat","embeddable":true,"href":"https:\/\/www.magnetenspecialist.nl\/de\/wp-json\/wp\/v2\/product_cat?post=95848"},{"taxonomy":"product_tag","embeddable":true,"href":"https:\/\/www.magnetenspecialist.nl\/de\/wp-json\/wp\/v2\/product_tag?post=95848"}],"curies":[{"name":"wp","href":"https:\/\/api.w.org\/{rel}","templated":true}]}}