{"id":95862,"date":"2019-03-08T11:02:35","date_gmt":"2019-03-08T10:02:35","guid":{"rendered":"https:\/\/www.magnetenspecialist.nl\/winkel\/unkategorisiert\/ring-20-x-51-x-98-x-5-mm-mit-bohr-senkbohrung-stahl-achtung-kein-magnet\/"},"modified":"2025-03-18T16:10:40","modified_gmt":"2025-03-18T15:10:40","slug":"ring-staal-20-x-51-x-98-x-5-mm-met-boor-verzinkgat","status":"publish","type":"product","link":"https:\/\/www.magnetenspecialist.nl\/de\/speichern\/stahl\/ring-staal-20-x-51-x-98-x-5-mm-met-boor-verzinkgat\/","title":{"rendered":"Ring 20 x 5,1 x 9,8 x 5 mm mit Bohrung\/Verzinkungsloch (Stahl &#8211; ACHTUNG &#8211; kein Magnet)"},"content":{"rendered":"<p><strong>Metallplatten<\/strong><\/p>\n<p>&nbsp;<\/p>\n<p>Metallplatten, die als Gegenst\u00fccke f\u00fcr Magnete verwendet werden k\u00f6nnen, so dass diese mit einer Schraube an einer nichtmagnetischen Oberfl\u00e4che befestigt werden k\u00f6nnen.<\/p>\n","protected":false},"excerpt":{"rendered":"<p>Stahlring als Gegenplatte f\u00fcr Magnetring oder Magnetscheibe<\/p>\n","protected":false},"featured_media":113911,"template":"","meta":{"_acf_changed":false},"product_brand":[3521],"product_cat":[1407],"product_tag":[3165],"class_list":{"0":"post-95862","1":"product","2":"type-product","3":"status-publish","4":"has-post-thumbnail","6":"product_brand-magnetenspecialist","7":"product_cat-stahl","8":"product_tag-groep-5-de","9":"pa_materiaal-stahl-201","10":"pa_model-ringmagnete","12":"first","13":"instock","14":"taxable","15":"shipping-taxable","16":"purchasable","17":"product-type-simple"},"supplier_id":null,"supplier_sku":"","barcode":null,"atum_controlled":true,"out_stock_date":null,"out_stock_threshold":null,"inheritable":false,"inbound_stock":0,"stock_on_hold":0,"sold_today":0,"sales_last_days":1,"reserved_stock":0,"customer_returns":0,"warehouse_damage":0,"lost_in_post":0,"other_logs":0,"out_stock_days":0,"lost_sales":0,"has_location":false,"update_date":"2026-04-03T08:06:26","atum_locations":[],"atum_stock_status":"instock","restock_status":false,"low_stock_amount":1000,"sales_update_date":"2026-04-03T08:06:26","calc_backorders":null,"acf":[],"yoast_head":"<!-- This site is optimized with the Yoast SEO Premium plugin v24.7 (Yoast SEO v24.7) - https:\/\/yoast.com\/wordpress\/plugins\/seo\/ -->\n<title>Ring 20 x 5,1 x 9,8 x 5 mm mit Bohrung\/Verzinkungsloch (Stahl - ACHTUNG - kein Magnet) - Magnetenspecialist.nl<\/title>\n<meta name=\"description\" content=\"Suchen Sie einen Ring 20 x 5,1 x 9,8 x 5 mm mit Bohrung\/Verzinkungsloch (Stahl - ACHTUNG - kein Magnet)? Magnete k\u00f6nnen bequem online gekauft werden Magnetenspecialist.nl 1 Werktag Lieferzeit \u2713 14 Tage Bedenkzeit \u2713 Versand oder Abholung *.\" \/>\n<meta name=\"robots\" content=\"index, follow, max-snippet:-1, max-image-preview:large, max-video-preview:-1\" \/>\n<link rel=\"canonical\" href=\"https:\/\/www.magnetenspecialist.nl\/de\/speichern\/stahl\/ring-staal-20-x-51-x-98-x-5-mm-met-boor-verzinkgat\/\" \/>\n<meta property=\"og:locale\" content=\"de_DE\" \/>\n<meta property=\"og:type\" content=\"article\" \/>\n<meta property=\"og:title\" content=\"Ring 20 x 5,1 x 9,8 x 5 mm mit Bohrung\/Verzinkungsloch (Stahl - ACHTUNG - kein Magnet)\" \/>\n<meta property=\"og:description\" content=\"Suchen Sie einen Ring 20 x 5,1 x 9,8 x 5 mm mit Bohrung\/Verzinkungsloch (Stahl - ACHTUNG - kein Magnet)? Magnete k\u00f6nnen bequem online gekauft werden Magnetenspecialist.nl 1 Werktag Lieferzeit \u2713 14 Tage Bedenkzeit \u2713 Versand oder Abholung *.\" \/>\n<meta property=\"og:url\" content=\"https:\/\/www.magnetenspecialist.nl\/de\/speichern\/stahl\/ring-staal-20-x-51-x-98-x-5-mm-met-boor-verzinkgat\/\" \/>\n<meta property=\"og:site_name\" content=\"Magnetenspecialist.nl\" \/>\n<meta property=\"article:publisher\" content=\"https:\/\/www.facebook.com\/Magnetenspecialist.nl\" \/>\n<meta property=\"article:modified_time\" content=\"2025-03-18T15:10:40+00:00\" \/>\n<meta property=\"og:image\" content=\"https:\/\/www.magnetenspecialist.nl\/wp-content\/uploads\/2019\/03\/Magnetenspecialist.nl_Ring-20-x-51-x-98-x-5-mm-staal_1.jpg\" \/>\n\t<meta property=\"og:image:width\" content=\"1500\" \/>\n\t<meta property=\"og:image:height\" content=\"1500\" \/>\n\t<meta property=\"og:image:type\" content=\"image\/jpeg\" \/>\n<meta name=\"twitter:card\" content=\"summary_large_image\" \/>\n<meta name=\"twitter:site\" content=\"@magnetenspecial\" \/>\n<meta name=\"twitter:label1\" content=\"Preis\" \/>\n\t<meta name=\"twitter:data1\" content=\"&euro;&nbsp;0,95\" \/>\n\t<meta name=\"twitter:label2\" content=\"Verf\u00fcgbarkeit\" \/>\n\t<meta name=\"twitter:data2\" content=\"Auf Lager\" \/>\n<script type=\"application\/ld+json\" class=\"yoast-schema-graph\">{\"@context\":\"https:\/\/schema.org\",\"@graph\":[{\"@type\":\"WebPage\",\"@id\":\"https:\/\/www.magnetenspecialist.nl\/de\/speichern\/stahl\/ring-staal-20-x-51-x-98-x-5-mm-met-boor-verzinkgat\/\",\"url\":\"https:\/\/www.magnetenspecialist.nl\/de\/speichern\/stahl\/ring-staal-20-x-51-x-98-x-5-mm-met-boor-verzinkgat\/\",\"name\":\"Ring 20 x 5,1 x 9,8 x 5 mm mit Bohrung\/Verzinkungsloch (Stahl - ACHTUNG - kein Magnet) - Magnetenspecialist.nl\",\"isPartOf\":{\"@id\":\"https:\/\/www.magnetenspecialist.nl\/de\/#website\"},\"primaryImageOfPage\":{\"@id\":\"https:\/\/www.magnetenspecialist.nl\/de\/speichern\/stahl\/ring-staal-20-x-51-x-98-x-5-mm-met-boor-verzinkgat\/#primaryimage\"},\"image\":{\"@id\":\"https:\/\/www.magnetenspecialist.nl\/de\/speichern\/stahl\/ring-staal-20-x-51-x-98-x-5-mm-met-boor-verzinkgat\/#primaryimage\"},\"thumbnailUrl\":\"https:\/\/www.magnetenspecialist.nl\/wp-content\/uploads\/2019\/03\/Magnetenspecialist.nl_Ring-20-x-51-x-98-x-5-mm-staal_1.jpg\",\"datePublished\":\"2019-03-08T10:02:35+00:00\",\"dateModified\":\"2025-03-18T15:10:40+00:00\",\"description\":\"Suchen Sie einen Ring 20 x 5,1 x 9,8 x 5 mm mit Bohrung\/Verzinkungsloch (Stahl - ACHTUNG - kein Magnet)? Magnete k\u00f6nnen bequem online gekauft werden Magnetenspecialist.nl 1 Werktag Lieferzeit \u2713 14 Tage Bedenkzeit \u2713 Versand oder Abholung *.\",\"breadcrumb\":{\"@id\":\"https:\/\/www.magnetenspecialist.nl\/de\/speichern\/stahl\/ring-staal-20-x-51-x-98-x-5-mm-met-boor-verzinkgat\/#breadcrumb\"},\"inLanguage\":\"de\",\"potentialAction\":[{\"@type\":\"ReadAction\",\"target\":[\"https:\/\/www.magnetenspecialist.nl\/de\/speichern\/stahl\/ring-staal-20-x-51-x-98-x-5-mm-met-boor-verzinkgat\/\"]}]},{\"@type\":\"ImageObject\",\"inLanguage\":\"de\",\"@id\":\"https:\/\/www.magnetenspecialist.nl\/de\/speichern\/stahl\/ring-staal-20-x-51-x-98-x-5-mm-met-boor-verzinkgat\/#primaryimage\",\"url\":\"https:\/\/www.magnetenspecialist.nl\/wp-content\/uploads\/2019\/03\/Magnetenspecialist.nl_Ring-20-x-51-x-98-x-5-mm-staal_1.jpg\",\"contentUrl\":\"https:\/\/www.magnetenspecialist.nl\/wp-content\/uploads\/2019\/03\/Magnetenspecialist.nl_Ring-20-x-51-x-98-x-5-mm-staal_1.jpg\",\"width\":1500,\"height\":1500},{\"@type\":\"BreadcrumbList\",\"@id\":\"https:\/\/www.magnetenspecialist.nl\/de\/speichern\/stahl\/ring-staal-20-x-51-x-98-x-5-mm-met-boor-verzinkgat\/#breadcrumb\",\"itemListElement\":[{\"@type\":\"ListItem\",\"position\":1,\"name\":\"Startseite\",\"item\":\"https:\/\/www.magnetenspecialist.nl\/de\/\"},{\"@type\":\"ListItem\",\"position\":2,\"name\":\"Shop\",\"item\":\"https:\/\/www.magnetenspecialist.nl\/de\/shop\/\"},{\"@type\":\"ListItem\",\"position\":3,\"name\":\"Ring 20 x 5,1 x 9,8 x 5 mm mit Bohrung\/Verzinkungsloch (Stahl &#8211; ACHTUNG &#8211; kein Magnet)\"}]},{\"@type\":\"WebSite\",\"@id\":\"https:\/\/www.magnetenspecialist.nl\/de\/#website\",\"url\":\"https:\/\/www.magnetenspecialist.nl\/de\/\",\"name\":\"Magnetenspecialist.nl\",\"description\":\"Umfangreiches Angebot an Neodym-Magneten\",\"publisher\":{\"@id\":\"https:\/\/www.magnetenspecialist.nl\/de\/#organization\"},\"potentialAction\":[{\"@type\":\"SearchAction\",\"target\":{\"@type\":\"EntryPoint\",\"urlTemplate\":\"https:\/\/www.magnetenspecialist.nl\/de\/?s={search_term_string}\"},\"query-input\":{\"@type\":\"PropertyValueSpecification\",\"valueRequired\":true,\"valueName\":\"search_term_string\"}}],\"inLanguage\":\"de\"},{\"@type\":\"Organization\",\"@id\":\"https:\/\/www.magnetenspecialist.nl\/de\/#organization\",\"name\":\"Magnetenspecialist.nl\",\"url\":\"https:\/\/www.magnetenspecialist.nl\/de\/\",\"logo\":{\"@type\":\"ImageObject\",\"inLanguage\":\"de\",\"@id\":\"https:\/\/www.magnetenspecialist.nl\/de\/#\/schema\/logo\/image\/\",\"url\":\"https:\/\/www.magnetenspecialist.nl\/wp-content\/uploads\/2018\/10\/magneten-logo.jpg\",\"contentUrl\":\"https:\/\/www.magnetenspecialist.nl\/wp-content\/uploads\/2018\/10\/magneten-logo.jpg\",\"width\":151,\"height\":151,\"caption\":\"Magnetenspecialist.nl\"},\"image\":{\"@id\":\"https:\/\/www.magnetenspecialist.nl\/de\/#\/schema\/logo\/image\/\"},\"sameAs\":[\"https:\/\/www.facebook.com\/Magnetenspecialist.nl\",\"https:\/\/x.com\/magnetenspecial\"]}]}<\/script>\n<meta property=\"product:price:amount\" content=\"0.95\" \/>\n<meta property=\"product:price:currency\" content=\"EUR\" \/>\n<meta property=\"og:availability\" content=\"instock\" \/>\n<meta property=\"product:availability\" content=\"instock\" \/>\n<meta property=\"product:retailer_item_id\" content=\"ri020x0051x0098x005-S\" \/>\n<meta property=\"product:condition\" content=\"new\" \/>\n<!-- \/ Yoast SEO Premium plugin. -->","yoast_head_json":{"title":"Ring 20 x 5,1 x 9,8 x 5 mm mit Bohrung\/Verzinkungsloch (Stahl - ACHTUNG - kein Magnet) - Magnetenspecialist.nl","description":"Suchen Sie einen Ring 20 x 5,1 x 9,8 x 5 mm mit Bohrung\/Verzinkungsloch (Stahl - ACHTUNG - kein Magnet)? Magnete k\u00f6nnen bequem online gekauft werden Magnetenspecialist.nl 1 Werktag Lieferzeit \u2713 14 Tage Bedenkzeit \u2713 Versand oder Abholung *.","robots":{"index":"index","follow":"follow","max-snippet":"max-snippet:-1","max-image-preview":"max-image-preview:large","max-video-preview":"max-video-preview:-1"},"canonical":"https:\/\/www.magnetenspecialist.nl\/de\/speichern\/stahl\/ring-staal-20-x-51-x-98-x-5-mm-met-boor-verzinkgat\/","og_locale":"de_DE","og_type":"article","og_title":"Ring 20 x 5,1 x 9,8 x 5 mm mit Bohrung\/Verzinkungsloch (Stahl - ACHTUNG - kein Magnet)","og_description":"Suchen Sie einen Ring 20 x 5,1 x 9,8 x 5 mm mit Bohrung\/Verzinkungsloch (Stahl - ACHTUNG - kein Magnet)? Magnete k\u00f6nnen bequem online gekauft werden Magnetenspecialist.nl 1 Werktag Lieferzeit \u2713 14 Tage Bedenkzeit \u2713 Versand oder Abholung *.","og_url":"https:\/\/www.magnetenspecialist.nl\/de\/speichern\/stahl\/ring-staal-20-x-51-x-98-x-5-mm-met-boor-verzinkgat\/","og_site_name":"Magnetenspecialist.nl","article_publisher":"https:\/\/www.facebook.com\/Magnetenspecialist.nl","article_modified_time":"2025-03-18T15:10:40+00:00","og_image":[{"width":1500,"height":1500,"url":"https:\/\/www.magnetenspecialist.nl\/wp-content\/uploads\/2019\/03\/Magnetenspecialist.nl_Ring-20-x-51-x-98-x-5-mm-staal_1.jpg","type":"image\/jpeg"}],"twitter_card":"summary_large_image","twitter_site":"@magnetenspecial","twitter_misc":{"Preis":"&euro;&nbsp;0,95","Verf\u00fcgbarkeit":"Auf Lager"},"schema":{"@context":"https:\/\/schema.org","@graph":[{"@type":"WebPage","@id":"https:\/\/www.magnetenspecialist.nl\/de\/speichern\/stahl\/ring-staal-20-x-51-x-98-x-5-mm-met-boor-verzinkgat\/","url":"https:\/\/www.magnetenspecialist.nl\/de\/speichern\/stahl\/ring-staal-20-x-51-x-98-x-5-mm-met-boor-verzinkgat\/","name":"Ring 20 x 5,1 x 9,8 x 5 mm mit Bohrung\/Verzinkungsloch (Stahl - ACHTUNG - kein Magnet) - Magnetenspecialist.nl","isPartOf":{"@id":"https:\/\/www.magnetenspecialist.nl\/de\/#website"},"primaryImageOfPage":{"@id":"https:\/\/www.magnetenspecialist.nl\/de\/speichern\/stahl\/ring-staal-20-x-51-x-98-x-5-mm-met-boor-verzinkgat\/#primaryimage"},"image":{"@id":"https:\/\/www.magnetenspecialist.nl\/de\/speichern\/stahl\/ring-staal-20-x-51-x-98-x-5-mm-met-boor-verzinkgat\/#primaryimage"},"thumbnailUrl":"https:\/\/www.magnetenspecialist.nl\/wp-content\/uploads\/2019\/03\/Magnetenspecialist.nl_Ring-20-x-51-x-98-x-5-mm-staal_1.jpg","datePublished":"2019-03-08T10:02:35+00:00","dateModified":"2025-03-18T15:10:40+00:00","description":"Suchen Sie einen Ring 20 x 5,1 x 9,8 x 5 mm mit Bohrung\/Verzinkungsloch (Stahl - ACHTUNG - kein Magnet)? Magnete k\u00f6nnen bequem online gekauft werden Magnetenspecialist.nl 1 Werktag Lieferzeit \u2713 14 Tage Bedenkzeit \u2713 Versand oder Abholung *.","breadcrumb":{"@id":"https:\/\/www.magnetenspecialist.nl\/de\/speichern\/stahl\/ring-staal-20-x-51-x-98-x-5-mm-met-boor-verzinkgat\/#breadcrumb"},"inLanguage":"de","potentialAction":[{"@type":"ReadAction","target":["https:\/\/www.magnetenspecialist.nl\/de\/speichern\/stahl\/ring-staal-20-x-51-x-98-x-5-mm-met-boor-verzinkgat\/"]}]},{"@type":"ImageObject","inLanguage":"de","@id":"https:\/\/www.magnetenspecialist.nl\/de\/speichern\/stahl\/ring-staal-20-x-51-x-98-x-5-mm-met-boor-verzinkgat\/#primaryimage","url":"https:\/\/www.magnetenspecialist.nl\/wp-content\/uploads\/2019\/03\/Magnetenspecialist.nl_Ring-20-x-51-x-98-x-5-mm-staal_1.jpg","contentUrl":"https:\/\/www.magnetenspecialist.nl\/wp-content\/uploads\/2019\/03\/Magnetenspecialist.nl_Ring-20-x-51-x-98-x-5-mm-staal_1.jpg","width":1500,"height":1500},{"@type":"BreadcrumbList","@id":"https:\/\/www.magnetenspecialist.nl\/de\/speichern\/stahl\/ring-staal-20-x-51-x-98-x-5-mm-met-boor-verzinkgat\/#breadcrumb","itemListElement":[{"@type":"ListItem","position":1,"name":"Startseite","item":"https:\/\/www.magnetenspecialist.nl\/de\/"},{"@type":"ListItem","position":2,"name":"Shop","item":"https:\/\/www.magnetenspecialist.nl\/de\/shop\/"},{"@type":"ListItem","position":3,"name":"Ring 20 x 5,1 x 9,8 x 5 mm mit Bohrung\/Verzinkungsloch (Stahl &#8211; ACHTUNG &#8211; kein Magnet)"}]},{"@type":"WebSite","@id":"https:\/\/www.magnetenspecialist.nl\/de\/#website","url":"https:\/\/www.magnetenspecialist.nl\/de\/","name":"Magnetenspecialist.nl","description":"Umfangreiches Angebot an Neodym-Magneten","publisher":{"@id":"https:\/\/www.magnetenspecialist.nl\/de\/#organization"},"potentialAction":[{"@type":"SearchAction","target":{"@type":"EntryPoint","urlTemplate":"https:\/\/www.magnetenspecialist.nl\/de\/?s={search_term_string}"},"query-input":{"@type":"PropertyValueSpecification","valueRequired":true,"valueName":"search_term_string"}}],"inLanguage":"de"},{"@type":"Organization","@id":"https:\/\/www.magnetenspecialist.nl\/de\/#organization","name":"Magnetenspecialist.nl","url":"https:\/\/www.magnetenspecialist.nl\/de\/","logo":{"@type":"ImageObject","inLanguage":"de","@id":"https:\/\/www.magnetenspecialist.nl\/de\/#\/schema\/logo\/image\/","url":"https:\/\/www.magnetenspecialist.nl\/wp-content\/uploads\/2018\/10\/magneten-logo.jpg","contentUrl":"https:\/\/www.magnetenspecialist.nl\/wp-content\/uploads\/2018\/10\/magneten-logo.jpg","width":151,"height":151,"caption":"Magnetenspecialist.nl"},"image":{"@id":"https:\/\/www.magnetenspecialist.nl\/de\/#\/schema\/logo\/image\/"},"sameAs":["https:\/\/www.facebook.com\/Magnetenspecialist.nl","https:\/\/x.com\/magnetenspecial"]}]},"product_price_amount":"0.95","product_price_currency":"EUR","og_availability":"instock","product_availability":"instock","product_retailer_item_id":"ri020x0051x0098x005-S","product_condition":"new"},"_links":{"self":[{"href":"https:\/\/www.magnetenspecialist.nl\/de\/wp-json\/wp\/v2\/product\/95862","targetHints":{"allow":["GET"]}}],"collection":[{"href":"https:\/\/www.magnetenspecialist.nl\/de\/wp-json\/wp\/v2\/product"}],"about":[{"href":"https:\/\/www.magnetenspecialist.nl\/de\/wp-json\/wp\/v2\/types\/product"}],"wp:featuredmedia":[{"embeddable":true,"href":"https:\/\/www.magnetenspecialist.nl\/de\/wp-json\/wp\/v2\/media\/113911"}],"wp:attachment":[{"href":"https:\/\/www.magnetenspecialist.nl\/de\/wp-json\/wp\/v2\/media?parent=95862"}],"wp:term":[{"taxonomy":"product_brand","embeddable":true,"href":"https:\/\/www.magnetenspecialist.nl\/de\/wp-json\/wp\/v2\/product_brand?post=95862"},{"taxonomy":"product_cat","embeddable":true,"href":"https:\/\/www.magnetenspecialist.nl\/de\/wp-json\/wp\/v2\/product_cat?post=95862"},{"taxonomy":"product_tag","embeddable":true,"href":"https:\/\/www.magnetenspecialist.nl\/de\/wp-json\/wp\/v2\/product_tag?post=95862"}],"curies":[{"name":"wp","href":"https:\/\/api.w.org\/{rel}","templated":true}]}}