{"id":95888,"date":"2019-03-08T11:01:39","date_gmt":"2019-03-08T10:01:39","guid":{"rendered":"https:\/\/www.magnetenspecialist.nl\/winkel\/unkategorisiert\/schatzsucher-magnet\/"},"modified":"2025-03-18T16:32:54","modified_gmt":"2025-03-18T15:32:54","slug":"vismagneet-75-x-25-mm-oogmoer-bout-musketon-20-meter-touw-250kg","status":"publish","type":"product","link":"https:\/\/www.magnetenspecialist.nl\/de\/speichern\/magnetfischen\/vismagneet-75-x-25-mm-oogmoer-bout-musketon-20-meter-touw-250kg\/","title":{"rendered":"Fischmagnet 75 x 25 mm + \u00d6senschraube aus Edelstahl, Muskete, 20 Meter Seil (250KG)"},"content":{"rendered":"<h3>Fischmagnet 75 x 25 mm + \u00d6senschraube aus Edelstahl, Muskete, 20 Meter Seil<\/h3>\n<p>Haltekraft 250 KG &#8211; Hinweis Die Haltekraft wird an mindestens 5 mm dickem, massivem Stahl ermittelt.<\/p>\n<p><img decoding=\"async\" class=\"alignnone size-medium wp-image-113140\" src=\"https:\/\/www.magnetenspecialist.nl\/wp-content\/uploads\/2019\/03\/Magnetenspecialist.nl_Vismagneet-75-x-25-mm_1-300x300.jpg\" alt=\"\" width=\"300\" height=\"300\" srcset=\"https:\/\/www.magnetenspecialist.nl\/wp-content\/uploads\/2019\/03\/Magnetenspecialist.nl_Vismagneet-75-x-25-mm_1-300x300.jpg 300w, https:\/\/www.magnetenspecialist.nl\/wp-content\/uploads\/2019\/03\/Magnetenspecialist.nl_Vismagneet-75-x-25-mm_1-1024x1024.jpg 1024w, https:\/\/www.magnetenspecialist.nl\/wp-content\/uploads\/2019\/03\/Magnetenspecialist.nl_Vismagneet-75-x-25-mm_1-150x150.jpg 150w, https:\/\/www.magnetenspecialist.nl\/wp-content\/uploads\/2019\/03\/Magnetenspecialist.nl_Vismagneet-75-x-25-mm_1-768x768.jpg 768w, https:\/\/www.magnetenspecialist.nl\/wp-content\/uploads\/2019\/03\/Magnetenspecialist.nl_Vismagneet-75-x-25-mm_1-600x600.jpg 600w, https:\/\/www.magnetenspecialist.nl\/wp-content\/uploads\/2019\/03\/Magnetenspecialist.nl_Vismagneet-75-x-25-mm_1-100x100.jpg 100w, https:\/\/www.magnetenspecialist.nl\/wp-content\/uploads\/2019\/03\/Magnetenspecialist.nl_Vismagneet-75-x-25-mm_1.jpg 1500w\" sizes=\"(max-width: 300px) 100vw, 300px\" \/><\/p>\n<p>Das Magnetfischen \u00e4hnelt oft dem normalen Angeln, wie es jeder kennt, aber hier wird es nicht nach echten Fischen gefischt, sondern nach Metallgegenst\u00e4nden, die im Wasser liegen. Sie k\u00f6nnen an Pf\u00fctzen, Gr\u00e4ben, Meer, Seen und Kan\u00e4le denken. Es wird Sie nicht \u00fcberraschen, dass es voller Metallgegenst\u00e4nde ist. Dies k\u00f6nnen die unterschiedlichsten Objekte sein. Zeitgen\u00f6ssisch, aber auch alt.<\/p>\n","protected":false},"excerpt":{"rendered":"<p>Fischmagnet 75 x 25 mm + \u00d6senschraube aus Edelstahl, Muskete, 20 Meter Seil Haltekraft 250 KG &#8211; Hinweis Die Haltekraft wird an mindestens 5 mm dickem, massivem Stahl ermittelt. Das Magnetfischen \u00e4hnelt oft dem normalen Angeln, wie es jeder kennt, aber hier wird es nicht nach echten Fischen gefischt, sondern nach Metallgegenst\u00e4nden, die im Wasser [&hellip;]<\/p>\n","protected":false},"featured_media":113147,"template":"","meta":{"_acf_changed":false},"product_brand":[3521],"product_cat":[1410],"product_tag":[3161],"class_list":{"0":"post-95888","1":"product","2":"type-product","3":"status-publish","4":"has-post-thumbnail","6":"product_brand-magnetenspecialist","7":"product_cat-magnetfischen","8":"product_tag-groep-1-de","9":"pa_houdkracht-250-de","10":"pa_magnetiseringsrichting-axiaal-de","11":"pa_materiaal-vernickelt-ni-cu-ni-de-2","12":"pa_model-topfmagnete","14":"first","15":"instock","16":"featured","17":"taxable","18":"shipping-taxable","19":"purchasable","20":"product-type-simple"},"supplier_id":null,"supplier_sku":"","barcode":null,"atum_controlled":true,"out_stock_date":null,"out_stock_threshold":null,"inheritable":false,"inbound_stock":0,"stock_on_hold":0,"sold_today":0,"sales_last_days":0,"reserved_stock":0,"customer_returns":0,"warehouse_damage":0,"lost_in_post":0,"other_logs":0,"out_stock_days":0,"lost_sales":0,"has_location":false,"update_date":"2026-04-21T10:35:36","atum_locations":[],"atum_stock_status":"instock","restock_status":false,"low_stock_amount":"","sales_update_date":"2026-04-03T08:06:33","calc_backorders":null,"acf":[],"yoast_head":"<!-- This site is optimized with the Yoast SEO Premium plugin v24.7 (Yoast SEO v24.7) - https:\/\/yoast.com\/wordpress\/plugins\/seo\/ -->\n<title>Fischmagnet 75 x 25 mm + \u00d6senschraube aus Edelstahl, Muskete, 20 Meter Seil (250KG) - Magnetenspecialist.nl<\/title>\n<meta name=\"description\" content=\"Suchen Sie einen Fischmagnet 75 x 25 mm + \u00d6senschraube aus Edelstahl, Muskete, 20 Meter Seil (250KG)? Magnete k\u00f6nnen bequem online gekauft werden Magnetenspecialist.nl 1 Werktag Lieferzeit \u2713 14 Tage Bedenkzeit \u2713 Versand oder Abholung *.\" \/>\n<meta name=\"robots\" content=\"index, follow, max-snippet:-1, max-image-preview:large, max-video-preview:-1\" \/>\n<link rel=\"canonical\" href=\"https:\/\/www.magnetenspecialist.nl\/de\/speichern\/magnetfischen\/vismagneet-75-x-25-mm-oogmoer-bout-musketon-20-meter-touw-250kg\/\" \/>\n<meta property=\"og:locale\" content=\"de_DE\" \/>\n<meta property=\"og:type\" content=\"article\" \/>\n<meta property=\"og:title\" content=\"Fischmagnet 75 x 25 mm + \u00d6senschraube aus Edelstahl, Muskete, 20 Meter Seil (250KG)\" \/>\n<meta property=\"og:description\" content=\"Suchen Sie einen Fischmagnet 75 x 25 mm + \u00d6senschraube aus Edelstahl, Muskete, 20 Meter Seil (250KG)? Magnete k\u00f6nnen bequem online gekauft werden Magnetenspecialist.nl 1 Werktag Lieferzeit \u2713 14 Tage Bedenkzeit \u2713 Versand oder Abholung *.\" \/>\n<meta property=\"og:url\" content=\"https:\/\/www.magnetenspecialist.nl\/de\/speichern\/magnetfischen\/vismagneet-75-x-25-mm-oogmoer-bout-musketon-20-meter-touw-250kg\/\" \/>\n<meta property=\"og:site_name\" content=\"Magnetenspecialist.nl\" \/>\n<meta property=\"article:publisher\" content=\"https:\/\/www.facebook.com\/Magnetenspecialist.nl\" \/>\n<meta property=\"article:modified_time\" content=\"2025-03-18T15:32:54+00:00\" \/>\n<meta property=\"og:image\" content=\"https:\/\/www.magnetenspecialist.nl\/wp-content\/uploads\/2019\/03\/Magnetenspecialist.nl_Vismagneet-75-x-25-mm_2.jpg\" \/>\n\t<meta property=\"og:image:width\" content=\"1500\" \/>\n\t<meta property=\"og:image:height\" content=\"1500\" \/>\n\t<meta property=\"og:image:type\" content=\"image\/jpeg\" \/>\n<meta name=\"twitter:card\" content=\"summary_large_image\" \/>\n<meta name=\"twitter:site\" content=\"@magnetenspecial\" \/>\n<meta name=\"twitter:label1\" content=\"Preis\" \/>\n\t<meta name=\"twitter:data1\" content=\"&euro;&nbsp;98,76\" \/>\n\t<meta name=\"twitter:label2\" content=\"Verf\u00fcgbarkeit\" \/>\n\t<meta name=\"twitter:data2\" content=\"Auf Lager\" \/>\n<script type=\"application\/ld+json\" class=\"yoast-schema-graph\">{\"@context\":\"https:\/\/schema.org\",\"@graph\":[{\"@type\":\"WebPage\",\"@id\":\"https:\/\/www.magnetenspecialist.nl\/de\/speichern\/magnetfischen\/vismagneet-75-x-25-mm-oogmoer-bout-musketon-20-meter-touw-250kg\/\",\"url\":\"https:\/\/www.magnetenspecialist.nl\/de\/speichern\/magnetfischen\/vismagneet-75-x-25-mm-oogmoer-bout-musketon-20-meter-touw-250kg\/\",\"name\":\"Fischmagnet 75 x 25 mm + \u00d6senschraube aus Edelstahl, Muskete, 20 Meter Seil (250KG) - Magnetenspecialist.nl\",\"isPartOf\":{\"@id\":\"https:\/\/www.magnetenspecialist.nl\/de\/#website\"},\"primaryImageOfPage\":{\"@id\":\"https:\/\/www.magnetenspecialist.nl\/de\/speichern\/magnetfischen\/vismagneet-75-x-25-mm-oogmoer-bout-musketon-20-meter-touw-250kg\/#primaryimage\"},\"image\":{\"@id\":\"https:\/\/www.magnetenspecialist.nl\/de\/speichern\/magnetfischen\/vismagneet-75-x-25-mm-oogmoer-bout-musketon-20-meter-touw-250kg\/#primaryimage\"},\"thumbnailUrl\":\"https:\/\/www.magnetenspecialist.nl\/wp-content\/uploads\/2019\/03\/Magnetenspecialist.nl_Vismagneet-75-x-25-mm_2.jpg\",\"datePublished\":\"2019-03-08T10:01:39+00:00\",\"dateModified\":\"2025-03-18T15:32:54+00:00\",\"description\":\"Suchen Sie einen Fischmagnet 75 x 25 mm + \u00d6senschraube aus Edelstahl, Muskete, 20 Meter Seil (250KG)? Magnete k\u00f6nnen bequem online gekauft werden Magnetenspecialist.nl 1 Werktag Lieferzeit \u2713 14 Tage Bedenkzeit \u2713 Versand oder Abholung *.\",\"breadcrumb\":{\"@id\":\"https:\/\/www.magnetenspecialist.nl\/de\/speichern\/magnetfischen\/vismagneet-75-x-25-mm-oogmoer-bout-musketon-20-meter-touw-250kg\/#breadcrumb\"},\"inLanguage\":\"de\",\"potentialAction\":[{\"@type\":\"ReadAction\",\"target\":[\"https:\/\/www.magnetenspecialist.nl\/de\/speichern\/magnetfischen\/vismagneet-75-x-25-mm-oogmoer-bout-musketon-20-meter-touw-250kg\/\"]}]},{\"@type\":\"ImageObject\",\"inLanguage\":\"de\",\"@id\":\"https:\/\/www.magnetenspecialist.nl\/de\/speichern\/magnetfischen\/vismagneet-75-x-25-mm-oogmoer-bout-musketon-20-meter-touw-250kg\/#primaryimage\",\"url\":\"https:\/\/www.magnetenspecialist.nl\/wp-content\/uploads\/2019\/03\/Magnetenspecialist.nl_Vismagneet-75-x-25-mm_2.jpg\",\"contentUrl\":\"https:\/\/www.magnetenspecialist.nl\/wp-content\/uploads\/2019\/03\/Magnetenspecialist.nl_Vismagneet-75-x-25-mm_2.jpg\",\"width\":1500,\"height\":1500},{\"@type\":\"BreadcrumbList\",\"@id\":\"https:\/\/www.magnetenspecialist.nl\/de\/speichern\/magnetfischen\/vismagneet-75-x-25-mm-oogmoer-bout-musketon-20-meter-touw-250kg\/#breadcrumb\",\"itemListElement\":[{\"@type\":\"ListItem\",\"position\":1,\"name\":\"Startseite\",\"item\":\"https:\/\/www.magnetenspecialist.nl\/de\/\"},{\"@type\":\"ListItem\",\"position\":2,\"name\":\"Shop\",\"item\":\"https:\/\/www.magnetenspecialist.nl\/de\/shop\/\"},{\"@type\":\"ListItem\",\"position\":3,\"name\":\"Fischmagnet 75 x 25 mm + \u00d6senschraube aus Edelstahl, Muskete, 20 Meter Seil (250KG)\"}]},{\"@type\":\"WebSite\",\"@id\":\"https:\/\/www.magnetenspecialist.nl\/de\/#website\",\"url\":\"https:\/\/www.magnetenspecialist.nl\/de\/\",\"name\":\"Magnetenspecialist.nl\",\"description\":\"Umfangreiches Angebot an Neodym-Magneten\",\"publisher\":{\"@id\":\"https:\/\/www.magnetenspecialist.nl\/de\/#organization\"},\"potentialAction\":[{\"@type\":\"SearchAction\",\"target\":{\"@type\":\"EntryPoint\",\"urlTemplate\":\"https:\/\/www.magnetenspecialist.nl\/de\/?s={search_term_string}\"},\"query-input\":{\"@type\":\"PropertyValueSpecification\",\"valueRequired\":true,\"valueName\":\"search_term_string\"}}],\"inLanguage\":\"de\"},{\"@type\":\"Organization\",\"@id\":\"https:\/\/www.magnetenspecialist.nl\/de\/#organization\",\"name\":\"Magnetenspecialist.nl\",\"url\":\"https:\/\/www.magnetenspecialist.nl\/de\/\",\"logo\":{\"@type\":\"ImageObject\",\"inLanguage\":\"de\",\"@id\":\"https:\/\/www.magnetenspecialist.nl\/de\/#\/schema\/logo\/image\/\",\"url\":\"https:\/\/www.magnetenspecialist.nl\/wp-content\/uploads\/2018\/10\/magneten-logo.jpg\",\"contentUrl\":\"https:\/\/www.magnetenspecialist.nl\/wp-content\/uploads\/2018\/10\/magneten-logo.jpg\",\"width\":151,\"height\":151,\"caption\":\"Magnetenspecialist.nl\"},\"image\":{\"@id\":\"https:\/\/www.magnetenspecialist.nl\/de\/#\/schema\/logo\/image\/\"},\"sameAs\":[\"https:\/\/www.facebook.com\/Magnetenspecialist.nl\",\"https:\/\/x.com\/magnetenspecial\"]}]}<\/script>\n<meta property=\"product:price:amount\" content=\"98.76\" \/>\n<meta property=\"product:price:currency\" content=\"EUR\" \/>\n<meta property=\"og:availability\" content=\"instock\" \/>\n<meta property=\"product:availability\" content=\"instock\" \/>\n<meta property=\"product:retailer_item_id\" content=\"vi075x040-N-1\" \/>\n<meta property=\"product:condition\" content=\"new\" \/>\n<!-- \/ Yoast SEO Premium plugin. -->","yoast_head_json":{"title":"Fischmagnet 75 x 25 mm + \u00d6senschraube aus Edelstahl, Muskete, 20 Meter Seil (250KG) - Magnetenspecialist.nl","description":"Suchen Sie einen Fischmagnet 75 x 25 mm + \u00d6senschraube aus Edelstahl, Muskete, 20 Meter Seil (250KG)? Magnete k\u00f6nnen bequem online gekauft werden Magnetenspecialist.nl 1 Werktag Lieferzeit \u2713 14 Tage Bedenkzeit \u2713 Versand oder Abholung *.","robots":{"index":"index","follow":"follow","max-snippet":"max-snippet:-1","max-image-preview":"max-image-preview:large","max-video-preview":"max-video-preview:-1"},"canonical":"https:\/\/www.magnetenspecialist.nl\/de\/speichern\/magnetfischen\/vismagneet-75-x-25-mm-oogmoer-bout-musketon-20-meter-touw-250kg\/","og_locale":"de_DE","og_type":"article","og_title":"Fischmagnet 75 x 25 mm + \u00d6senschraube aus Edelstahl, Muskete, 20 Meter Seil (250KG)","og_description":"Suchen Sie einen Fischmagnet 75 x 25 mm + \u00d6senschraube aus Edelstahl, Muskete, 20 Meter Seil (250KG)? Magnete k\u00f6nnen bequem online gekauft werden Magnetenspecialist.nl 1 Werktag Lieferzeit \u2713 14 Tage Bedenkzeit \u2713 Versand oder Abholung *.","og_url":"https:\/\/www.magnetenspecialist.nl\/de\/speichern\/magnetfischen\/vismagneet-75-x-25-mm-oogmoer-bout-musketon-20-meter-touw-250kg\/","og_site_name":"Magnetenspecialist.nl","article_publisher":"https:\/\/www.facebook.com\/Magnetenspecialist.nl","article_modified_time":"2025-03-18T15:32:54+00:00","og_image":[{"width":1500,"height":1500,"url":"https:\/\/www.magnetenspecialist.nl\/wp-content\/uploads\/2019\/03\/Magnetenspecialist.nl_Vismagneet-75-x-25-mm_2.jpg","type":"image\/jpeg"}],"twitter_card":"summary_large_image","twitter_site":"@magnetenspecial","twitter_misc":{"Preis":"&euro;&nbsp;98,76","Verf\u00fcgbarkeit":"Auf Lager"},"schema":{"@context":"https:\/\/schema.org","@graph":[{"@type":"WebPage","@id":"https:\/\/www.magnetenspecialist.nl\/de\/speichern\/magnetfischen\/vismagneet-75-x-25-mm-oogmoer-bout-musketon-20-meter-touw-250kg\/","url":"https:\/\/www.magnetenspecialist.nl\/de\/speichern\/magnetfischen\/vismagneet-75-x-25-mm-oogmoer-bout-musketon-20-meter-touw-250kg\/","name":"Fischmagnet 75 x 25 mm + \u00d6senschraube aus Edelstahl, Muskete, 20 Meter Seil (250KG) - Magnetenspecialist.nl","isPartOf":{"@id":"https:\/\/www.magnetenspecialist.nl\/de\/#website"},"primaryImageOfPage":{"@id":"https:\/\/www.magnetenspecialist.nl\/de\/speichern\/magnetfischen\/vismagneet-75-x-25-mm-oogmoer-bout-musketon-20-meter-touw-250kg\/#primaryimage"},"image":{"@id":"https:\/\/www.magnetenspecialist.nl\/de\/speichern\/magnetfischen\/vismagneet-75-x-25-mm-oogmoer-bout-musketon-20-meter-touw-250kg\/#primaryimage"},"thumbnailUrl":"https:\/\/www.magnetenspecialist.nl\/wp-content\/uploads\/2019\/03\/Magnetenspecialist.nl_Vismagneet-75-x-25-mm_2.jpg","datePublished":"2019-03-08T10:01:39+00:00","dateModified":"2025-03-18T15:32:54+00:00","description":"Suchen Sie einen Fischmagnet 75 x 25 mm + \u00d6senschraube aus Edelstahl, Muskete, 20 Meter Seil (250KG)? Magnete k\u00f6nnen bequem online gekauft werden Magnetenspecialist.nl 1 Werktag Lieferzeit \u2713 14 Tage Bedenkzeit \u2713 Versand oder Abholung *.","breadcrumb":{"@id":"https:\/\/www.magnetenspecialist.nl\/de\/speichern\/magnetfischen\/vismagneet-75-x-25-mm-oogmoer-bout-musketon-20-meter-touw-250kg\/#breadcrumb"},"inLanguage":"de","potentialAction":[{"@type":"ReadAction","target":["https:\/\/www.magnetenspecialist.nl\/de\/speichern\/magnetfischen\/vismagneet-75-x-25-mm-oogmoer-bout-musketon-20-meter-touw-250kg\/"]}]},{"@type":"ImageObject","inLanguage":"de","@id":"https:\/\/www.magnetenspecialist.nl\/de\/speichern\/magnetfischen\/vismagneet-75-x-25-mm-oogmoer-bout-musketon-20-meter-touw-250kg\/#primaryimage","url":"https:\/\/www.magnetenspecialist.nl\/wp-content\/uploads\/2019\/03\/Magnetenspecialist.nl_Vismagneet-75-x-25-mm_2.jpg","contentUrl":"https:\/\/www.magnetenspecialist.nl\/wp-content\/uploads\/2019\/03\/Magnetenspecialist.nl_Vismagneet-75-x-25-mm_2.jpg","width":1500,"height":1500},{"@type":"BreadcrumbList","@id":"https:\/\/www.magnetenspecialist.nl\/de\/speichern\/magnetfischen\/vismagneet-75-x-25-mm-oogmoer-bout-musketon-20-meter-touw-250kg\/#breadcrumb","itemListElement":[{"@type":"ListItem","position":1,"name":"Startseite","item":"https:\/\/www.magnetenspecialist.nl\/de\/"},{"@type":"ListItem","position":2,"name":"Shop","item":"https:\/\/www.magnetenspecialist.nl\/de\/shop\/"},{"@type":"ListItem","position":3,"name":"Fischmagnet 75 x 25 mm + \u00d6senschraube aus Edelstahl, Muskete, 20 Meter Seil (250KG)"}]},{"@type":"WebSite","@id":"https:\/\/www.magnetenspecialist.nl\/de\/#website","url":"https:\/\/www.magnetenspecialist.nl\/de\/","name":"Magnetenspecialist.nl","description":"Umfangreiches Angebot an Neodym-Magneten","publisher":{"@id":"https:\/\/www.magnetenspecialist.nl\/de\/#organization"},"potentialAction":[{"@type":"SearchAction","target":{"@type":"EntryPoint","urlTemplate":"https:\/\/www.magnetenspecialist.nl\/de\/?s={search_term_string}"},"query-input":{"@type":"PropertyValueSpecification","valueRequired":true,"valueName":"search_term_string"}}],"inLanguage":"de"},{"@type":"Organization","@id":"https:\/\/www.magnetenspecialist.nl\/de\/#organization","name":"Magnetenspecialist.nl","url":"https:\/\/www.magnetenspecialist.nl\/de\/","logo":{"@type":"ImageObject","inLanguage":"de","@id":"https:\/\/www.magnetenspecialist.nl\/de\/#\/schema\/logo\/image\/","url":"https:\/\/www.magnetenspecialist.nl\/wp-content\/uploads\/2018\/10\/magneten-logo.jpg","contentUrl":"https:\/\/www.magnetenspecialist.nl\/wp-content\/uploads\/2018\/10\/magneten-logo.jpg","width":151,"height":151,"caption":"Magnetenspecialist.nl"},"image":{"@id":"https:\/\/www.magnetenspecialist.nl\/de\/#\/schema\/logo\/image\/"},"sameAs":["https:\/\/www.facebook.com\/Magnetenspecialist.nl","https:\/\/x.com\/magnetenspecial"]}]},"product_price_amount":"98.76","product_price_currency":"EUR","og_availability":"instock","product_availability":"instock","product_retailer_item_id":"vi075x040-N-1","product_condition":"new"},"_links":{"self":[{"href":"https:\/\/www.magnetenspecialist.nl\/de\/wp-json\/wp\/v2\/product\/95888","targetHints":{"allow":["GET"]}}],"collection":[{"href":"https:\/\/www.magnetenspecialist.nl\/de\/wp-json\/wp\/v2\/product"}],"about":[{"href":"https:\/\/www.magnetenspecialist.nl\/de\/wp-json\/wp\/v2\/types\/product"}],"wp:featuredmedia":[{"embeddable":true,"href":"https:\/\/www.magnetenspecialist.nl\/de\/wp-json\/wp\/v2\/media\/113147"}],"wp:attachment":[{"href":"https:\/\/www.magnetenspecialist.nl\/de\/wp-json\/wp\/v2\/media?parent=95888"}],"wp:term":[{"taxonomy":"product_brand","embeddable":true,"href":"https:\/\/www.magnetenspecialist.nl\/de\/wp-json\/wp\/v2\/product_brand?post=95888"},{"taxonomy":"product_cat","embeddable":true,"href":"https:\/\/www.magnetenspecialist.nl\/de\/wp-json\/wp\/v2\/product_cat?post=95888"},{"taxonomy":"product_tag","embeddable":true,"href":"https:\/\/www.magnetenspecialist.nl\/de\/wp-json\/wp\/v2\/product_tag?post=95888"}],"curies":[{"name":"wp","href":"https:\/\/api.w.org\/{rel}","templated":true}]}}