{"id":95897,"date":"2019-03-08T11:02:57","date_gmt":"2019-03-08T10:02:57","guid":{"rendered":"https:\/\/www.magnetenspecialist.nl\/winkel\/unkategorisiert\/schatzsucher-magnet-48-x-10-mm-osenschraube-aus-edelstahl-karabinerhaken-20-meter-seil-88-kg\/"},"modified":"2025-03-18T16:03:00","modified_gmt":"2025-03-18T15:03:00","slug":"vismagneet-48-x-10-mm-oogmoer-bout-musketon-16-meter-touw-88kg","status":"publish","type":"product","link":"https:\/\/www.magnetenspecialist.nl\/de\/speichern\/magnetfischen\/vismagneet-48-x-10-mm-oogmoer-bout-musketon-16-meter-touw-88kg\/","title":{"rendered":"Fischmagnet 48 x 10 mm + Ringmutter, Schraube, Muskete, 16 Meter Seil (88KG)"},"content":{"rendered":"<h3>Unser kleinster Fischmagnet<\/h3>\n<h3>Fischmagnet 48 x 10 mm einschlie\u00dflich Augenmutter, Schraube, Muskete, 16 Meter Seil<\/h3>\n<p>  Haltekraft 88 KG &#8211; Hinweis Die Haltekraft wird an mindestens 5 mm dickem, massivem Stahl ermittelt.  <\/p>\n<h3><img decoding=\"async\" class=\"alignnone wp-image-110270\" style=\"font-size: 16px;\" src=\"https:\/\/www.magnetenspecialist.nl\/wp-content\/uploads\/2019\/03\/Magnetenspecialist.nl_Vismagneet-48mm_6-300x300.jpg\" alt=\"\" width=\"99\" height=\"99\" srcset=\"https:\/\/www.magnetenspecialist.nl\/wp-content\/uploads\/2019\/03\/Magnetenspecialist.nl_Vismagneet-48mm_6-300x300.jpg 300w, https:\/\/www.magnetenspecialist.nl\/wp-content\/uploads\/2019\/03\/Magnetenspecialist.nl_Vismagneet-48mm_6-150x150.jpg 150w, https:\/\/www.magnetenspecialist.nl\/wp-content\/uploads\/2019\/03\/Magnetenspecialist.nl_Vismagneet-48mm_6-768x768.jpg 768w, https:\/\/www.magnetenspecialist.nl\/wp-content\/uploads\/2019\/03\/Magnetenspecialist.nl_Vismagneet-48mm_6-600x600.jpg 600w, https:\/\/www.magnetenspecialist.nl\/wp-content\/uploads\/2019\/03\/Magnetenspecialist.nl_Vismagneet-48mm_6-100x100.jpg 100w, https:\/\/www.magnetenspecialist.nl\/wp-content\/uploads\/2019\/03\/Magnetenspecialist.nl_Vismagneet-48mm_6.jpg 1000w\" sizes=\"(max-width: 99px) 100vw, 99px\" \/><\/h3>\n<p>  Magnetisches Angeln \u00e4hnelt dem normalen Angeln, wie es jeder kennt, aber hier sind die Fische keine echten Fische, sondern Metallobjekte, die im Wasser liegen. Sie k\u00f6nnen an Pf\u00fctzen, Gr\u00e4ben, Meer, Seen und Kan\u00e4le denken. Es wird Sie nicht \u00fcberraschen, dass es voller Metallgegenst\u00e4nde ist. Dies k\u00f6nnen die unterschiedlichsten Objekte sein. Zeitgen\u00f6ssisch, aber auch alt.<\/p>\n","protected":false},"excerpt":{"rendered":"<p>Unser kleinster Fischmagnet Fischmagnet 48 x 10 mm einschlie\u00dflich Augenmutter, Schraube, Muskete, 16 Meter Seil Haltekraft 88 KG &#8211; Hinweis Die Haltekraft wird an mindestens 5 mm dickem, massivem Stahl ermittelt. Magnetisches Angeln \u00e4hnelt dem normalen Angeln, wie es jeder kennt, aber hier sind die Fische keine echten Fische, sondern Metallobjekte, die im Wasser liegen. [&hellip;]<\/p>\n","protected":false},"featured_media":110278,"template":"","meta":{"_acf_changed":false},"product_brand":[3521],"product_cat":[1410],"product_tag":[3163],"class_list":{"0":"post-95897","1":"product","2":"type-product","3":"status-publish","4":"has-post-thumbnail","6":"product_brand-magnetenspecialist","7":"product_cat-magnetfischen","8":"product_tag-groep-3-de","9":"pa_houdkracht-88-de","10":"pa_magnetiseringsrichting-axiaal-de","11":"pa_materiaal-vernickelt-ni-cu-ni-de-2","12":"pa_model-topfmagnete","14":"first","15":"instock","16":"sale","17":"taxable","18":"shipping-taxable","19":"purchasable","20":"product-type-simple"},"supplier_id":null,"supplier_sku":"","barcode":null,"atum_controlled":true,"out_stock_date":null,"out_stock_threshold":null,"inheritable":false,"inbound_stock":0,"stock_on_hold":0,"sold_today":0,"sales_last_days":1,"reserved_stock":0,"customer_returns":0,"warehouse_damage":0,"lost_in_post":0,"other_logs":0,"out_stock_days":0,"lost_sales":0,"has_location":false,"update_date":"2026-04-28T06:35:34","atum_locations":[],"atum_stock_status":"instock","restock_status":false,"low_stock_amount":300,"sales_update_date":"2026-04-28T06:35:33","calc_backorders":null,"acf":[],"yoast_head":"<!-- This site is optimized with the Yoast SEO Premium plugin v24.7 (Yoast SEO v24.7) - https:\/\/yoast.com\/wordpress\/plugins\/seo\/ -->\n<title>Fischmagnet 48 x 10 mm + Ringmutter, Schraube, Muskete, 16 Meter Seil (88KG) - Magnetenspecialist.nl<\/title>\n<meta name=\"description\" content=\"Suchen Sie einen Fischmagnet 48 x 10 mm + Ringmutter, Schraube, Muskete, 16 Meter Seil (88KG)? Magnete k\u00f6nnen bequem online gekauft werden Magnetenspecialist.nl 1 Werktag Lieferzeit \u2713 14 Tage Bedenkzeit \u2713 Versand oder Abholung *.\" \/>\n<meta name=\"robots\" content=\"index, follow, max-snippet:-1, max-image-preview:large, max-video-preview:-1\" \/>\n<link rel=\"canonical\" href=\"https:\/\/www.magnetenspecialist.nl\/de\/speichern\/magnetfischen\/vismagneet-48-x-10-mm-oogmoer-bout-musketon-16-meter-touw-88kg\/\" \/>\n<meta property=\"og:locale\" content=\"de_DE\" \/>\n<meta property=\"og:type\" content=\"article\" \/>\n<meta property=\"og:title\" content=\"Fischmagnet 48 x 10 mm + Ringmutter, Schraube, Muskete, 16 Meter Seil (88KG)\" \/>\n<meta property=\"og:description\" content=\"Suchen Sie einen Fischmagnet 48 x 10 mm + Ringmutter, Schraube, Muskete, 16 Meter Seil (88KG)? Magnete k\u00f6nnen bequem online gekauft werden Magnetenspecialist.nl 1 Werktag Lieferzeit \u2713 14 Tage Bedenkzeit \u2713 Versand oder Abholung *.\" \/>\n<meta property=\"og:url\" content=\"https:\/\/www.magnetenspecialist.nl\/de\/speichern\/magnetfischen\/vismagneet-48-x-10-mm-oogmoer-bout-musketon-16-meter-touw-88kg\/\" \/>\n<meta property=\"og:site_name\" content=\"Magnetenspecialist.nl\" \/>\n<meta property=\"article:publisher\" content=\"https:\/\/www.facebook.com\/Magnetenspecialist.nl\" \/>\n<meta property=\"article:modified_time\" content=\"2025-03-18T15:03:00+00:00\" \/>\n<meta property=\"og:image\" content=\"https:\/\/www.magnetenspecialist.nl\/wp-content\/uploads\/2019\/03\/Magnetenspecialist.nl_Vismagneet-48mm_2-1.jpg\" \/>\n\t<meta property=\"og:image:width\" content=\"1000\" \/>\n\t<meta property=\"og:image:height\" content=\"1000\" \/>\n\t<meta property=\"og:image:type\" content=\"image\/jpeg\" \/>\n<meta name=\"twitter:card\" content=\"summary_large_image\" \/>\n<meta name=\"twitter:site\" content=\"@magnetenspecial\" \/>\n<meta name=\"twitter:label1\" content=\"Preis\" \/>\n\t<meta name=\"twitter:data1\" content=\"&euro;&nbsp;19,42\" \/>\n\t<meta name=\"twitter:label2\" content=\"Verf\u00fcgbarkeit\" \/>\n\t<meta name=\"twitter:data2\" content=\"Auf Lager\" \/>\n<script type=\"application\/ld+json\" class=\"yoast-schema-graph\">{\"@context\":\"https:\/\/schema.org\",\"@graph\":[{\"@type\":\"WebPage\",\"@id\":\"https:\/\/www.magnetenspecialist.nl\/de\/speichern\/magnetfischen\/vismagneet-48-x-10-mm-oogmoer-bout-musketon-16-meter-touw-88kg\/\",\"url\":\"https:\/\/www.magnetenspecialist.nl\/de\/speichern\/magnetfischen\/vismagneet-48-x-10-mm-oogmoer-bout-musketon-16-meter-touw-88kg\/\",\"name\":\"Fischmagnet 48 x 10 mm + Ringmutter, Schraube, Muskete, 16 Meter Seil (88KG) - Magnetenspecialist.nl\",\"isPartOf\":{\"@id\":\"https:\/\/www.magnetenspecialist.nl\/de\/#website\"},\"primaryImageOfPage\":{\"@id\":\"https:\/\/www.magnetenspecialist.nl\/de\/speichern\/magnetfischen\/vismagneet-48-x-10-mm-oogmoer-bout-musketon-16-meter-touw-88kg\/#primaryimage\"},\"image\":{\"@id\":\"https:\/\/www.magnetenspecialist.nl\/de\/speichern\/magnetfischen\/vismagneet-48-x-10-mm-oogmoer-bout-musketon-16-meter-touw-88kg\/#primaryimage\"},\"thumbnailUrl\":\"https:\/\/www.magnetenspecialist.nl\/wp-content\/uploads\/2019\/03\/Magnetenspecialist.nl_Vismagneet-48mm_2-1.jpg\",\"datePublished\":\"2019-03-08T10:02:57+00:00\",\"dateModified\":\"2025-03-18T15:03:00+00:00\",\"description\":\"Suchen Sie einen Fischmagnet 48 x 10 mm + Ringmutter, Schraube, Muskete, 16 Meter Seil (88KG)? Magnete k\u00f6nnen bequem online gekauft werden Magnetenspecialist.nl 1 Werktag Lieferzeit \u2713 14 Tage Bedenkzeit \u2713 Versand oder Abholung *.\",\"breadcrumb\":{\"@id\":\"https:\/\/www.magnetenspecialist.nl\/de\/speichern\/magnetfischen\/vismagneet-48-x-10-mm-oogmoer-bout-musketon-16-meter-touw-88kg\/#breadcrumb\"},\"inLanguage\":\"de\",\"potentialAction\":[{\"@type\":\"ReadAction\",\"target\":[\"https:\/\/www.magnetenspecialist.nl\/de\/speichern\/magnetfischen\/vismagneet-48-x-10-mm-oogmoer-bout-musketon-16-meter-touw-88kg\/\"]}]},{\"@type\":\"ImageObject\",\"inLanguage\":\"de\",\"@id\":\"https:\/\/www.magnetenspecialist.nl\/de\/speichern\/magnetfischen\/vismagneet-48-x-10-mm-oogmoer-bout-musketon-16-meter-touw-88kg\/#primaryimage\",\"url\":\"https:\/\/www.magnetenspecialist.nl\/wp-content\/uploads\/2019\/03\/Magnetenspecialist.nl_Vismagneet-48mm_2-1.jpg\",\"contentUrl\":\"https:\/\/www.magnetenspecialist.nl\/wp-content\/uploads\/2019\/03\/Magnetenspecialist.nl_Vismagneet-48mm_2-1.jpg\",\"width\":1000,\"height\":1000},{\"@type\":\"BreadcrumbList\",\"@id\":\"https:\/\/www.magnetenspecialist.nl\/de\/speichern\/magnetfischen\/vismagneet-48-x-10-mm-oogmoer-bout-musketon-16-meter-touw-88kg\/#breadcrumb\",\"itemListElement\":[{\"@type\":\"ListItem\",\"position\":1,\"name\":\"Startseite\",\"item\":\"https:\/\/www.magnetenspecialist.nl\/de\/\"},{\"@type\":\"ListItem\",\"position\":2,\"name\":\"Shop\",\"item\":\"https:\/\/www.magnetenspecialist.nl\/de\/shop\/\"},{\"@type\":\"ListItem\",\"position\":3,\"name\":\"Fischmagnet 48 x 10 mm + Ringmutter, Schraube, Muskete, 16 Meter Seil (88KG)\"}]},{\"@type\":\"WebSite\",\"@id\":\"https:\/\/www.magnetenspecialist.nl\/de\/#website\",\"url\":\"https:\/\/www.magnetenspecialist.nl\/de\/\",\"name\":\"Magnetenspecialist.nl\",\"description\":\"Umfangreiches Angebot an Neodym-Magneten\",\"publisher\":{\"@id\":\"https:\/\/www.magnetenspecialist.nl\/de\/#organization\"},\"potentialAction\":[{\"@type\":\"SearchAction\",\"target\":{\"@type\":\"EntryPoint\",\"urlTemplate\":\"https:\/\/www.magnetenspecialist.nl\/de\/?s={search_term_string}\"},\"query-input\":{\"@type\":\"PropertyValueSpecification\",\"valueRequired\":true,\"valueName\":\"search_term_string\"}}],\"inLanguage\":\"de\"},{\"@type\":\"Organization\",\"@id\":\"https:\/\/www.magnetenspecialist.nl\/de\/#organization\",\"name\":\"Magnetenspecialist.nl\",\"url\":\"https:\/\/www.magnetenspecialist.nl\/de\/\",\"logo\":{\"@type\":\"ImageObject\",\"inLanguage\":\"de\",\"@id\":\"https:\/\/www.magnetenspecialist.nl\/de\/#\/schema\/logo\/image\/\",\"url\":\"https:\/\/www.magnetenspecialist.nl\/wp-content\/uploads\/2018\/10\/magneten-logo.jpg\",\"contentUrl\":\"https:\/\/www.magnetenspecialist.nl\/wp-content\/uploads\/2018\/10\/magneten-logo.jpg\",\"width\":151,\"height\":151,\"caption\":\"Magnetenspecialist.nl\"},\"image\":{\"@id\":\"https:\/\/www.magnetenspecialist.nl\/de\/#\/schema\/logo\/image\/\"},\"sameAs\":[\"https:\/\/www.facebook.com\/Magnetenspecialist.nl\",\"https:\/\/x.com\/magnetenspecial\"]}]}<\/script>\n<meta property=\"product:price:amount\" content=\"19.42\" \/>\n<meta property=\"product:price:currency\" content=\"EUR\" \/>\n<meta property=\"og:availability\" content=\"instock\" \/>\n<meta property=\"product:availability\" content=\"instock\" \/>\n<meta property=\"product:retailer_item_id\" content=\"vi048x010-N\" \/>\n<meta property=\"product:condition\" content=\"new\" \/>\n<!-- \/ Yoast SEO Premium plugin. -->","yoast_head_json":{"title":"Fischmagnet 48 x 10 mm + Ringmutter, Schraube, Muskete, 16 Meter Seil (88KG) - Magnetenspecialist.nl","description":"Suchen Sie einen Fischmagnet 48 x 10 mm + Ringmutter, Schraube, Muskete, 16 Meter Seil (88KG)? Magnete k\u00f6nnen bequem online gekauft werden Magnetenspecialist.nl 1 Werktag Lieferzeit \u2713 14 Tage Bedenkzeit \u2713 Versand oder Abholung *.","robots":{"index":"index","follow":"follow","max-snippet":"max-snippet:-1","max-image-preview":"max-image-preview:large","max-video-preview":"max-video-preview:-1"},"canonical":"https:\/\/www.magnetenspecialist.nl\/de\/speichern\/magnetfischen\/vismagneet-48-x-10-mm-oogmoer-bout-musketon-16-meter-touw-88kg\/","og_locale":"de_DE","og_type":"article","og_title":"Fischmagnet 48 x 10 mm + Ringmutter, Schraube, Muskete, 16 Meter Seil (88KG)","og_description":"Suchen Sie einen Fischmagnet 48 x 10 mm + Ringmutter, Schraube, Muskete, 16 Meter Seil (88KG)? Magnete k\u00f6nnen bequem online gekauft werden Magnetenspecialist.nl 1 Werktag Lieferzeit \u2713 14 Tage Bedenkzeit \u2713 Versand oder Abholung *.","og_url":"https:\/\/www.magnetenspecialist.nl\/de\/speichern\/magnetfischen\/vismagneet-48-x-10-mm-oogmoer-bout-musketon-16-meter-touw-88kg\/","og_site_name":"Magnetenspecialist.nl","article_publisher":"https:\/\/www.facebook.com\/Magnetenspecialist.nl","article_modified_time":"2025-03-18T15:03:00+00:00","og_image":[{"width":1000,"height":1000,"url":"https:\/\/www.magnetenspecialist.nl\/wp-content\/uploads\/2019\/03\/Magnetenspecialist.nl_Vismagneet-48mm_2-1.jpg","type":"image\/jpeg"}],"twitter_card":"summary_large_image","twitter_site":"@magnetenspecial","twitter_misc":{"Preis":"&euro;&nbsp;19,42","Verf\u00fcgbarkeit":"Auf Lager"},"schema":{"@context":"https:\/\/schema.org","@graph":[{"@type":"WebPage","@id":"https:\/\/www.magnetenspecialist.nl\/de\/speichern\/magnetfischen\/vismagneet-48-x-10-mm-oogmoer-bout-musketon-16-meter-touw-88kg\/","url":"https:\/\/www.magnetenspecialist.nl\/de\/speichern\/magnetfischen\/vismagneet-48-x-10-mm-oogmoer-bout-musketon-16-meter-touw-88kg\/","name":"Fischmagnet 48 x 10 mm + Ringmutter, Schraube, Muskete, 16 Meter Seil (88KG) - Magnetenspecialist.nl","isPartOf":{"@id":"https:\/\/www.magnetenspecialist.nl\/de\/#website"},"primaryImageOfPage":{"@id":"https:\/\/www.magnetenspecialist.nl\/de\/speichern\/magnetfischen\/vismagneet-48-x-10-mm-oogmoer-bout-musketon-16-meter-touw-88kg\/#primaryimage"},"image":{"@id":"https:\/\/www.magnetenspecialist.nl\/de\/speichern\/magnetfischen\/vismagneet-48-x-10-mm-oogmoer-bout-musketon-16-meter-touw-88kg\/#primaryimage"},"thumbnailUrl":"https:\/\/www.magnetenspecialist.nl\/wp-content\/uploads\/2019\/03\/Magnetenspecialist.nl_Vismagneet-48mm_2-1.jpg","datePublished":"2019-03-08T10:02:57+00:00","dateModified":"2025-03-18T15:03:00+00:00","description":"Suchen Sie einen Fischmagnet 48 x 10 mm + Ringmutter, Schraube, Muskete, 16 Meter Seil (88KG)? Magnete k\u00f6nnen bequem online gekauft werden Magnetenspecialist.nl 1 Werktag Lieferzeit \u2713 14 Tage Bedenkzeit \u2713 Versand oder Abholung *.","breadcrumb":{"@id":"https:\/\/www.magnetenspecialist.nl\/de\/speichern\/magnetfischen\/vismagneet-48-x-10-mm-oogmoer-bout-musketon-16-meter-touw-88kg\/#breadcrumb"},"inLanguage":"de","potentialAction":[{"@type":"ReadAction","target":["https:\/\/www.magnetenspecialist.nl\/de\/speichern\/magnetfischen\/vismagneet-48-x-10-mm-oogmoer-bout-musketon-16-meter-touw-88kg\/"]}]},{"@type":"ImageObject","inLanguage":"de","@id":"https:\/\/www.magnetenspecialist.nl\/de\/speichern\/magnetfischen\/vismagneet-48-x-10-mm-oogmoer-bout-musketon-16-meter-touw-88kg\/#primaryimage","url":"https:\/\/www.magnetenspecialist.nl\/wp-content\/uploads\/2019\/03\/Magnetenspecialist.nl_Vismagneet-48mm_2-1.jpg","contentUrl":"https:\/\/www.magnetenspecialist.nl\/wp-content\/uploads\/2019\/03\/Magnetenspecialist.nl_Vismagneet-48mm_2-1.jpg","width":1000,"height":1000},{"@type":"BreadcrumbList","@id":"https:\/\/www.magnetenspecialist.nl\/de\/speichern\/magnetfischen\/vismagneet-48-x-10-mm-oogmoer-bout-musketon-16-meter-touw-88kg\/#breadcrumb","itemListElement":[{"@type":"ListItem","position":1,"name":"Startseite","item":"https:\/\/www.magnetenspecialist.nl\/de\/"},{"@type":"ListItem","position":2,"name":"Shop","item":"https:\/\/www.magnetenspecialist.nl\/de\/shop\/"},{"@type":"ListItem","position":3,"name":"Fischmagnet 48 x 10 mm + Ringmutter, Schraube, Muskete, 16 Meter Seil (88KG)"}]},{"@type":"WebSite","@id":"https:\/\/www.magnetenspecialist.nl\/de\/#website","url":"https:\/\/www.magnetenspecialist.nl\/de\/","name":"Magnetenspecialist.nl","description":"Umfangreiches Angebot an Neodym-Magneten","publisher":{"@id":"https:\/\/www.magnetenspecialist.nl\/de\/#organization"},"potentialAction":[{"@type":"SearchAction","target":{"@type":"EntryPoint","urlTemplate":"https:\/\/www.magnetenspecialist.nl\/de\/?s={search_term_string}"},"query-input":{"@type":"PropertyValueSpecification","valueRequired":true,"valueName":"search_term_string"}}],"inLanguage":"de"},{"@type":"Organization","@id":"https:\/\/www.magnetenspecialist.nl\/de\/#organization","name":"Magnetenspecialist.nl","url":"https:\/\/www.magnetenspecialist.nl\/de\/","logo":{"@type":"ImageObject","inLanguage":"de","@id":"https:\/\/www.magnetenspecialist.nl\/de\/#\/schema\/logo\/image\/","url":"https:\/\/www.magnetenspecialist.nl\/wp-content\/uploads\/2018\/10\/magneten-logo.jpg","contentUrl":"https:\/\/www.magnetenspecialist.nl\/wp-content\/uploads\/2018\/10\/magneten-logo.jpg","width":151,"height":151,"caption":"Magnetenspecialist.nl"},"image":{"@id":"https:\/\/www.magnetenspecialist.nl\/de\/#\/schema\/logo\/image\/"},"sameAs":["https:\/\/www.facebook.com\/Magnetenspecialist.nl","https:\/\/x.com\/magnetenspecial"]}]},"product_price_amount":"19.42","product_price_currency":"EUR","og_availability":"instock","product_availability":"instock","product_retailer_item_id":"vi048x010-N","product_condition":"new"},"_links":{"self":[{"href":"https:\/\/www.magnetenspecialist.nl\/de\/wp-json\/wp\/v2\/product\/95897","targetHints":{"allow":["GET"]}}],"collection":[{"href":"https:\/\/www.magnetenspecialist.nl\/de\/wp-json\/wp\/v2\/product"}],"about":[{"href":"https:\/\/www.magnetenspecialist.nl\/de\/wp-json\/wp\/v2\/types\/product"}],"wp:featuredmedia":[{"embeddable":true,"href":"https:\/\/www.magnetenspecialist.nl\/de\/wp-json\/wp\/v2\/media\/110278"}],"wp:attachment":[{"href":"https:\/\/www.magnetenspecialist.nl\/de\/wp-json\/wp\/v2\/media?parent=95897"}],"wp:term":[{"taxonomy":"product_brand","embeddable":true,"href":"https:\/\/www.magnetenspecialist.nl\/de\/wp-json\/wp\/v2\/product_brand?post=95897"},{"taxonomy":"product_cat","embeddable":true,"href":"https:\/\/www.magnetenspecialist.nl\/de\/wp-json\/wp\/v2\/product_cat?post=95897"},{"taxonomy":"product_tag","embeddable":true,"href":"https:\/\/www.magnetenspecialist.nl\/de\/wp-json\/wp\/v2\/product_tag?post=95897"}],"curies":[{"name":"wp","href":"https:\/\/api.w.org\/{rel}","templated":true}]}}