{"id":99774,"date":"2021-05-03T15:38:04","date_gmt":"2021-05-03T13:38:04","guid":{"rendered":"https:\/\/www.magnetenspecialist.nl\/winkel\/unkategorisiert\/dual-switch-magnethalter-fur-90-grad-winkel-schweishilfe-maximale-zugkraft-50-kg\/"},"modified":"2025-03-18T15:53:49","modified_gmt":"2025-03-18T14:53:49","slug":"doppel-schaltmagnethalter-fur-90-grad-winkelhilfe-zum-schweisen-maximaler-zug-50-kg","status":"publish","type":"product","link":"https:\/\/www.magnetenspecialist.nl\/de\/speichern\/andere-magnete\/doppel-schaltmagnethalter-fur-90-grad-winkelhilfe-zum-schweisen-maximaler-zug-50-kg\/","title":{"rendered":"Dual Switch Magnethalter f\u00fcr 90-Grad-Winkel (Werkzeug zum Schwei\u00dfen) maximale Zugkraft 50 Kg"},"content":{"rendered":"<p class=\"tw-data-text tw-text-large XcVN5d tw-ta\" data-placeholder=\"Vertaling\"><strong><br \/>\n  <span class=\"Y2IQFc\" lang=\"nl\">Dual Switch Schwei\u00dfmagnet f\u00fcr 90 Grad Winkel <\/span><br \/>\n<\/strong><span class=\"Y2IQFc\" lang=\"nl\">ADJUSTABLE ARM SWITCH: Dieser Magnethalter hat zwei Magnetschalter, die den Magnetarm \u00f6ffnen und schlie\u00dfen k\u00f6nnen.<\/span><\/p>\n<p class=\"tw-data-text tw-text-large XcVN5d tw-ta\" data-placeholder=\"Vertaling\"><span class=\"Y2IQFc\" lang=\"nl\">90-GRADE MAGNETIC ANGLE: Dient zur Befestigung von magnetischem Material in einem 90-Grad-Winkel w\u00e4hrend des Schwei\u00dfvorgangs.  <\/span><\/p>\n<p class=\"tw-data-text tw-text-large XcVN5d tw-ta\" data-placeholder=\"Vertaling\"><span class=\"Y2IQFc\" lang=\"nl\">Getrennte Schalter: zwei getrennte Schalter, die jede Seite des Magneten steuern, machen die Bedienung einfacher, bequemer und sicherer.<\/span><\/p>\n<p class=\"tw-data-text tw-text-large XcVN5d tw-ta\" data-placeholder=\"Vertaling\"><span class=\"Y2IQFc\" lang=\"nl\">V-f\u00f6rmiger Montageboden: V-Nut-Design am Boden. Modell: WM2-90S Material: Magnet Gr\u00f6\u00dfe: 15 x 15 x 4cm Gewicht: 1402g  <\/span><\/p>\n<p id=\"tw-target-text\" class=\"tw-data-text tw-text-large XcVN5d tw-ta\" data-placeholder=\"Vertaling\">\n","protected":false},"excerpt":{"rendered":"<p>Dual Switch Schwei\u00dfmagnet f\u00fcr 90 Grad Winkel ADJUSTABLE ARM SWITCH: Dieser Magnethalter hat zwei Magnetschalter, die den Magnetarm \u00f6ffnen und schlie\u00dfen k\u00f6nnen. 90-GRADE MAGNETIC ANGLE: Dient zur Befestigung von magnetischem Material in einem 90-Grad-Winkel w\u00e4hrend des Schwei\u00dfvorgangs. Getrennte Schalter: zwei getrennte Schalter, die jede Seite des Magneten steuern, machen die Bedienung einfacher, bequemer und sicherer. [&hellip;]<\/p>\n","protected":false},"featured_media":114142,"template":"","meta":{"_acf_changed":false},"product_brand":[3521],"product_cat":[1392],"product_tag":[3161],"class_list":{"0":"post-99774","1":"product","2":"type-product","3":"status-publish","4":"has-post-thumbnail","6":"product_brand-magnetenspecialist","7":"product_cat-andere-magnete","8":"product_tag-groep-1-de","10":"first","11":"instock","12":"taxable","13":"shipping-taxable","14":"purchasable","15":"product-type-simple"},"supplier_id":null,"supplier_sku":"","barcode":null,"atum_controlled":true,"out_stock_date":null,"out_stock_threshold":null,"inheritable":false,"inbound_stock":0,"stock_on_hold":0,"sold_today":0,"sales_last_days":0,"reserved_stock":0,"customer_returns":0,"warehouse_damage":0,"lost_in_post":0,"other_logs":0,"out_stock_days":0,"lost_sales":0,"has_location":false,"update_date":"2026-04-21T09:51:23","atum_locations":[],"atum_stock_status":"instock","restock_status":false,"low_stock_amount":5,"sales_update_date":"2026-04-03T08:06:20","calc_backorders":null,"acf":[],"yoast_head":"<!-- This site is optimized with the Yoast SEO Premium plugin v24.7 (Yoast SEO v24.7) - https:\/\/yoast.com\/wordpress\/plugins\/seo\/ -->\n<title>Dual Switch Magnethalter f\u00fcr 90-Grad-Winkel (Werkzeug zum Schwei\u00dfen) maximale Zugkraft 50 Kg - Magnetenspecialist.nl<\/title>\n<meta name=\"description\" content=\"Suchen Sie einen Dual Switch Magnethalter f\u00fcr 90-Grad-Winkel (Werkzeug zum Schwei\u00dfen) maximale Zugkraft 50 Kg? Magnete k\u00f6nnen bequem online gekauft werden Magnetenspecialist.nl 1 Werktag Lieferzeit \u2713 14 Tage Bedenkzeit \u2713 Versand oder Abholung *.\" \/>\n<meta name=\"robots\" content=\"index, follow, max-snippet:-1, max-image-preview:large, max-video-preview:-1\" \/>\n<link rel=\"canonical\" href=\"https:\/\/www.magnetenspecialist.nl\/de\/speichern\/andere-magnete\/doppel-schaltmagnethalter-fur-90-grad-winkelhilfe-zum-schweisen-maximaler-zug-50-kg\/\" \/>\n<meta property=\"og:locale\" content=\"de_DE\" \/>\n<meta property=\"og:type\" content=\"article\" \/>\n<meta property=\"og:title\" content=\"Dual Switch Magnethalter f\u00fcr 90-Grad-Winkel (Werkzeug zum Schwei\u00dfen) maximale Zugkraft 50 Kg\" \/>\n<meta property=\"og:description\" content=\"Suchen Sie einen Dual Switch Magnethalter f\u00fcr 90-Grad-Winkel (Werkzeug zum Schwei\u00dfen) maximale Zugkraft 50 Kg? Magnete k\u00f6nnen bequem online gekauft werden Magnetenspecialist.nl 1 Werktag Lieferzeit \u2713 14 Tage Bedenkzeit \u2713 Versand oder Abholung *.\" \/>\n<meta property=\"og:url\" content=\"https:\/\/www.magnetenspecialist.nl\/de\/speichern\/andere-magnete\/doppel-schaltmagnethalter-fur-90-grad-winkelhilfe-zum-schweisen-maximaler-zug-50-kg\/\" \/>\n<meta property=\"og:site_name\" content=\"Magnetenspecialist.nl\" \/>\n<meta property=\"article:publisher\" content=\"https:\/\/www.facebook.com\/Magnetenspecialist.nl\" \/>\n<meta property=\"article:modified_time\" content=\"2025-03-18T14:53:49+00:00\" \/>\n<meta property=\"og:image\" content=\"https:\/\/www.magnetenspecialist.nl\/wp-content\/uploads\/2021\/05\/Magnetenspecialist.nl_Dual-Switch-magneethouder-voor-90-graden-hoek-hulpmiddel-voor-lassen-maximale-trekkracht-50-Kg_4.jpg\" \/>\n\t<meta property=\"og:image:width\" content=\"1500\" \/>\n\t<meta property=\"og:image:height\" content=\"1500\" \/>\n\t<meta property=\"og:image:type\" content=\"image\/jpeg\" \/>\n<meta name=\"twitter:card\" content=\"summary_large_image\" \/>\n<meta name=\"twitter:site\" content=\"@magnetenspecial\" \/>\n<meta name=\"twitter:label1\" content=\"Preis\" \/>\n\t<meta name=\"twitter:data1\" content=\"&euro;&nbsp;109,50\" \/>\n\t<meta name=\"twitter:label2\" content=\"Verf\u00fcgbarkeit\" \/>\n\t<meta name=\"twitter:data2\" content=\"Auf Lager\" \/>\n<script type=\"application\/ld+json\" class=\"yoast-schema-graph\">{\"@context\":\"https:\/\/schema.org\",\"@graph\":[{\"@type\":\"WebPage\",\"@id\":\"https:\/\/www.magnetenspecialist.nl\/de\/speichern\/andere-magnete\/doppel-schaltmagnethalter-fur-90-grad-winkelhilfe-zum-schweisen-maximaler-zug-50-kg\/\",\"url\":\"https:\/\/www.magnetenspecialist.nl\/de\/speichern\/andere-magnete\/doppel-schaltmagnethalter-fur-90-grad-winkelhilfe-zum-schweisen-maximaler-zug-50-kg\/\",\"name\":\"Dual Switch Magnethalter f\u00fcr 90-Grad-Winkel (Werkzeug zum Schwei\u00dfen) maximale Zugkraft 50 Kg - Magnetenspecialist.nl\",\"isPartOf\":{\"@id\":\"https:\/\/www.magnetenspecialist.nl\/de\/#website\"},\"primaryImageOfPage\":{\"@id\":\"https:\/\/www.magnetenspecialist.nl\/de\/speichern\/andere-magnete\/doppel-schaltmagnethalter-fur-90-grad-winkelhilfe-zum-schweisen-maximaler-zug-50-kg\/#primaryimage\"},\"image\":{\"@id\":\"https:\/\/www.magnetenspecialist.nl\/de\/speichern\/andere-magnete\/doppel-schaltmagnethalter-fur-90-grad-winkelhilfe-zum-schweisen-maximaler-zug-50-kg\/#primaryimage\"},\"thumbnailUrl\":\"https:\/\/www.magnetenspecialist.nl\/wp-content\/uploads\/2021\/05\/Magnetenspecialist.nl_Dual-Switch-magneethouder-voor-90-graden-hoek-hulpmiddel-voor-lassen-maximale-trekkracht-50-Kg_4.jpg\",\"datePublished\":\"2021-05-03T13:38:04+00:00\",\"dateModified\":\"2025-03-18T14:53:49+00:00\",\"description\":\"Suchen Sie einen Dual Switch Magnethalter f\u00fcr 90-Grad-Winkel (Werkzeug zum Schwei\u00dfen) maximale Zugkraft 50 Kg? Magnete k\u00f6nnen bequem online gekauft werden Magnetenspecialist.nl 1 Werktag Lieferzeit \u2713 14 Tage Bedenkzeit \u2713 Versand oder Abholung *.\",\"breadcrumb\":{\"@id\":\"https:\/\/www.magnetenspecialist.nl\/de\/speichern\/andere-magnete\/doppel-schaltmagnethalter-fur-90-grad-winkelhilfe-zum-schweisen-maximaler-zug-50-kg\/#breadcrumb\"},\"inLanguage\":\"de\",\"potentialAction\":[{\"@type\":\"ReadAction\",\"target\":[\"https:\/\/www.magnetenspecialist.nl\/de\/speichern\/andere-magnete\/doppel-schaltmagnethalter-fur-90-grad-winkelhilfe-zum-schweisen-maximaler-zug-50-kg\/\"]}]},{\"@type\":\"ImageObject\",\"inLanguage\":\"de\",\"@id\":\"https:\/\/www.magnetenspecialist.nl\/de\/speichern\/andere-magnete\/doppel-schaltmagnethalter-fur-90-grad-winkelhilfe-zum-schweisen-maximaler-zug-50-kg\/#primaryimage\",\"url\":\"https:\/\/www.magnetenspecialist.nl\/wp-content\/uploads\/2021\/05\/Magnetenspecialist.nl_Dual-Switch-magneethouder-voor-90-graden-hoek-hulpmiddel-voor-lassen-maximale-trekkracht-50-Kg_4.jpg\",\"contentUrl\":\"https:\/\/www.magnetenspecialist.nl\/wp-content\/uploads\/2021\/05\/Magnetenspecialist.nl_Dual-Switch-magneethouder-voor-90-graden-hoek-hulpmiddel-voor-lassen-maximale-trekkracht-50-Kg_4.jpg\",\"width\":1500,\"height\":1500},{\"@type\":\"BreadcrumbList\",\"@id\":\"https:\/\/www.magnetenspecialist.nl\/de\/speichern\/andere-magnete\/doppel-schaltmagnethalter-fur-90-grad-winkelhilfe-zum-schweisen-maximaler-zug-50-kg\/#breadcrumb\",\"itemListElement\":[{\"@type\":\"ListItem\",\"position\":1,\"name\":\"Startseite\",\"item\":\"https:\/\/www.magnetenspecialist.nl\/de\/\"},{\"@type\":\"ListItem\",\"position\":2,\"name\":\"Shop\",\"item\":\"https:\/\/www.magnetenspecialist.nl\/de\/shop\/\"},{\"@type\":\"ListItem\",\"position\":3,\"name\":\"Dual Switch Magnethalter f\u00fcr 90-Grad-Winkel (Werkzeug zum Schwei\u00dfen) maximale Zugkraft 50 Kg\"}]},{\"@type\":\"WebSite\",\"@id\":\"https:\/\/www.magnetenspecialist.nl\/de\/#website\",\"url\":\"https:\/\/www.magnetenspecialist.nl\/de\/\",\"name\":\"Magnetenspecialist.nl\",\"description\":\"Umfangreiches Angebot an Neodym-Magneten\",\"publisher\":{\"@id\":\"https:\/\/www.magnetenspecialist.nl\/de\/#organization\"},\"potentialAction\":[{\"@type\":\"SearchAction\",\"target\":{\"@type\":\"EntryPoint\",\"urlTemplate\":\"https:\/\/www.magnetenspecialist.nl\/de\/?s={search_term_string}\"},\"query-input\":{\"@type\":\"PropertyValueSpecification\",\"valueRequired\":true,\"valueName\":\"search_term_string\"}}],\"inLanguage\":\"de\"},{\"@type\":\"Organization\",\"@id\":\"https:\/\/www.magnetenspecialist.nl\/de\/#organization\",\"name\":\"Magnetenspecialist.nl\",\"url\":\"https:\/\/www.magnetenspecialist.nl\/de\/\",\"logo\":{\"@type\":\"ImageObject\",\"inLanguage\":\"de\",\"@id\":\"https:\/\/www.magnetenspecialist.nl\/de\/#\/schema\/logo\/image\/\",\"url\":\"https:\/\/www.magnetenspecialist.nl\/wp-content\/uploads\/2018\/10\/magneten-logo.jpg\",\"contentUrl\":\"https:\/\/www.magnetenspecialist.nl\/wp-content\/uploads\/2018\/10\/magneten-logo.jpg\",\"width\":151,\"height\":151,\"caption\":\"Magnetenspecialist.nl\"},\"image\":{\"@id\":\"https:\/\/www.magnetenspecialist.nl\/de\/#\/schema\/logo\/image\/\"},\"sameAs\":[\"https:\/\/www.facebook.com\/Magnetenspecialist.nl\",\"https:\/\/x.com\/magnetenspecial\"]}]}<\/script>\n<meta property=\"product:price:amount\" content=\"109.50\" \/>\n<meta property=\"product:price:currency\" content=\"EUR\" \/>\n<meta property=\"og:availability\" content=\"instock\" \/>\n<meta property=\"product:availability\" content=\"instock\" \/>\n<meta property=\"product:retailer_item_id\" content=\"DS9050\" \/>\n<meta property=\"product:condition\" content=\"new\" \/>\n<!-- \/ Yoast SEO Premium plugin. -->","yoast_head_json":{"title":"Dual Switch Magnethalter f\u00fcr 90-Grad-Winkel (Werkzeug zum Schwei\u00dfen) maximale Zugkraft 50 Kg - Magnetenspecialist.nl","description":"Suchen Sie einen Dual Switch Magnethalter f\u00fcr 90-Grad-Winkel (Werkzeug zum Schwei\u00dfen) maximale Zugkraft 50 Kg? Magnete k\u00f6nnen bequem online gekauft werden Magnetenspecialist.nl 1 Werktag Lieferzeit \u2713 14 Tage Bedenkzeit \u2713 Versand oder Abholung *.","robots":{"index":"index","follow":"follow","max-snippet":"max-snippet:-1","max-image-preview":"max-image-preview:large","max-video-preview":"max-video-preview:-1"},"canonical":"https:\/\/www.magnetenspecialist.nl\/de\/speichern\/andere-magnete\/doppel-schaltmagnethalter-fur-90-grad-winkelhilfe-zum-schweisen-maximaler-zug-50-kg\/","og_locale":"de_DE","og_type":"article","og_title":"Dual Switch Magnethalter f\u00fcr 90-Grad-Winkel (Werkzeug zum Schwei\u00dfen) maximale Zugkraft 50 Kg","og_description":"Suchen Sie einen Dual Switch Magnethalter f\u00fcr 90-Grad-Winkel (Werkzeug zum Schwei\u00dfen) maximale Zugkraft 50 Kg? Magnete k\u00f6nnen bequem online gekauft werden Magnetenspecialist.nl 1 Werktag Lieferzeit \u2713 14 Tage Bedenkzeit \u2713 Versand oder Abholung *.","og_url":"https:\/\/www.magnetenspecialist.nl\/de\/speichern\/andere-magnete\/doppel-schaltmagnethalter-fur-90-grad-winkelhilfe-zum-schweisen-maximaler-zug-50-kg\/","og_site_name":"Magnetenspecialist.nl","article_publisher":"https:\/\/www.facebook.com\/Magnetenspecialist.nl","article_modified_time":"2025-03-18T14:53:49+00:00","og_image":[{"width":1500,"height":1500,"url":"https:\/\/www.magnetenspecialist.nl\/wp-content\/uploads\/2021\/05\/Magnetenspecialist.nl_Dual-Switch-magneethouder-voor-90-graden-hoek-hulpmiddel-voor-lassen-maximale-trekkracht-50-Kg_4.jpg","type":"image\/jpeg"}],"twitter_card":"summary_large_image","twitter_site":"@magnetenspecial","twitter_misc":{"Preis":"&euro;&nbsp;109,50","Verf\u00fcgbarkeit":"Auf Lager"},"schema":{"@context":"https:\/\/schema.org","@graph":[{"@type":"WebPage","@id":"https:\/\/www.magnetenspecialist.nl\/de\/speichern\/andere-magnete\/doppel-schaltmagnethalter-fur-90-grad-winkelhilfe-zum-schweisen-maximaler-zug-50-kg\/","url":"https:\/\/www.magnetenspecialist.nl\/de\/speichern\/andere-magnete\/doppel-schaltmagnethalter-fur-90-grad-winkelhilfe-zum-schweisen-maximaler-zug-50-kg\/","name":"Dual Switch Magnethalter f\u00fcr 90-Grad-Winkel (Werkzeug zum Schwei\u00dfen) maximale Zugkraft 50 Kg - Magnetenspecialist.nl","isPartOf":{"@id":"https:\/\/www.magnetenspecialist.nl\/de\/#website"},"primaryImageOfPage":{"@id":"https:\/\/www.magnetenspecialist.nl\/de\/speichern\/andere-magnete\/doppel-schaltmagnethalter-fur-90-grad-winkelhilfe-zum-schweisen-maximaler-zug-50-kg\/#primaryimage"},"image":{"@id":"https:\/\/www.magnetenspecialist.nl\/de\/speichern\/andere-magnete\/doppel-schaltmagnethalter-fur-90-grad-winkelhilfe-zum-schweisen-maximaler-zug-50-kg\/#primaryimage"},"thumbnailUrl":"https:\/\/www.magnetenspecialist.nl\/wp-content\/uploads\/2021\/05\/Magnetenspecialist.nl_Dual-Switch-magneethouder-voor-90-graden-hoek-hulpmiddel-voor-lassen-maximale-trekkracht-50-Kg_4.jpg","datePublished":"2021-05-03T13:38:04+00:00","dateModified":"2025-03-18T14:53:49+00:00","description":"Suchen Sie einen Dual Switch Magnethalter f\u00fcr 90-Grad-Winkel (Werkzeug zum Schwei\u00dfen) maximale Zugkraft 50 Kg? Magnete k\u00f6nnen bequem online gekauft werden Magnetenspecialist.nl 1 Werktag Lieferzeit \u2713 14 Tage Bedenkzeit \u2713 Versand oder Abholung *.","breadcrumb":{"@id":"https:\/\/www.magnetenspecialist.nl\/de\/speichern\/andere-magnete\/doppel-schaltmagnethalter-fur-90-grad-winkelhilfe-zum-schweisen-maximaler-zug-50-kg\/#breadcrumb"},"inLanguage":"de","potentialAction":[{"@type":"ReadAction","target":["https:\/\/www.magnetenspecialist.nl\/de\/speichern\/andere-magnete\/doppel-schaltmagnethalter-fur-90-grad-winkelhilfe-zum-schweisen-maximaler-zug-50-kg\/"]}]},{"@type":"ImageObject","inLanguage":"de","@id":"https:\/\/www.magnetenspecialist.nl\/de\/speichern\/andere-magnete\/doppel-schaltmagnethalter-fur-90-grad-winkelhilfe-zum-schweisen-maximaler-zug-50-kg\/#primaryimage","url":"https:\/\/www.magnetenspecialist.nl\/wp-content\/uploads\/2021\/05\/Magnetenspecialist.nl_Dual-Switch-magneethouder-voor-90-graden-hoek-hulpmiddel-voor-lassen-maximale-trekkracht-50-Kg_4.jpg","contentUrl":"https:\/\/www.magnetenspecialist.nl\/wp-content\/uploads\/2021\/05\/Magnetenspecialist.nl_Dual-Switch-magneethouder-voor-90-graden-hoek-hulpmiddel-voor-lassen-maximale-trekkracht-50-Kg_4.jpg","width":1500,"height":1500},{"@type":"BreadcrumbList","@id":"https:\/\/www.magnetenspecialist.nl\/de\/speichern\/andere-magnete\/doppel-schaltmagnethalter-fur-90-grad-winkelhilfe-zum-schweisen-maximaler-zug-50-kg\/#breadcrumb","itemListElement":[{"@type":"ListItem","position":1,"name":"Startseite","item":"https:\/\/www.magnetenspecialist.nl\/de\/"},{"@type":"ListItem","position":2,"name":"Shop","item":"https:\/\/www.magnetenspecialist.nl\/de\/shop\/"},{"@type":"ListItem","position":3,"name":"Dual Switch Magnethalter f\u00fcr 90-Grad-Winkel (Werkzeug zum Schwei\u00dfen) maximale Zugkraft 50 Kg"}]},{"@type":"WebSite","@id":"https:\/\/www.magnetenspecialist.nl\/de\/#website","url":"https:\/\/www.magnetenspecialist.nl\/de\/","name":"Magnetenspecialist.nl","description":"Umfangreiches Angebot an Neodym-Magneten","publisher":{"@id":"https:\/\/www.magnetenspecialist.nl\/de\/#organization"},"potentialAction":[{"@type":"SearchAction","target":{"@type":"EntryPoint","urlTemplate":"https:\/\/www.magnetenspecialist.nl\/de\/?s={search_term_string}"},"query-input":{"@type":"PropertyValueSpecification","valueRequired":true,"valueName":"search_term_string"}}],"inLanguage":"de"},{"@type":"Organization","@id":"https:\/\/www.magnetenspecialist.nl\/de\/#organization","name":"Magnetenspecialist.nl","url":"https:\/\/www.magnetenspecialist.nl\/de\/","logo":{"@type":"ImageObject","inLanguage":"de","@id":"https:\/\/www.magnetenspecialist.nl\/de\/#\/schema\/logo\/image\/","url":"https:\/\/www.magnetenspecialist.nl\/wp-content\/uploads\/2018\/10\/magneten-logo.jpg","contentUrl":"https:\/\/www.magnetenspecialist.nl\/wp-content\/uploads\/2018\/10\/magneten-logo.jpg","width":151,"height":151,"caption":"Magnetenspecialist.nl"},"image":{"@id":"https:\/\/www.magnetenspecialist.nl\/de\/#\/schema\/logo\/image\/"},"sameAs":["https:\/\/www.facebook.com\/Magnetenspecialist.nl","https:\/\/x.com\/magnetenspecial"]}]},"product_price_amount":"109.50","product_price_currency":"EUR","og_availability":"instock","product_availability":"instock","product_retailer_item_id":"DS9050","product_condition":"new"},"_links":{"self":[{"href":"https:\/\/www.magnetenspecialist.nl\/de\/wp-json\/wp\/v2\/product\/99774","targetHints":{"allow":["GET"]}}],"collection":[{"href":"https:\/\/www.magnetenspecialist.nl\/de\/wp-json\/wp\/v2\/product"}],"about":[{"href":"https:\/\/www.magnetenspecialist.nl\/de\/wp-json\/wp\/v2\/types\/product"}],"wp:featuredmedia":[{"embeddable":true,"href":"https:\/\/www.magnetenspecialist.nl\/de\/wp-json\/wp\/v2\/media\/114142"}],"wp:attachment":[{"href":"https:\/\/www.magnetenspecialist.nl\/de\/wp-json\/wp\/v2\/media?parent=99774"}],"wp:term":[{"taxonomy":"product_brand","embeddable":true,"href":"https:\/\/www.magnetenspecialist.nl\/de\/wp-json\/wp\/v2\/product_brand?post=99774"},{"taxonomy":"product_cat","embeddable":true,"href":"https:\/\/www.magnetenspecialist.nl\/de\/wp-json\/wp\/v2\/product_cat?post=99774"},{"taxonomy":"product_tag","embeddable":true,"href":"https:\/\/www.magnetenspecialist.nl\/de\/wp-json\/wp\/v2\/product_tag?post=99774"}],"curies":[{"name":"wp","href":"https:\/\/api.w.org\/{rel}","templated":true}]}}