{"id":138830,"date":"2025-05-20T15:40:01","date_gmt":"2025-05-20T13:40:01","guid":{"rendered":"https:\/\/www.magnetenspecialist.nl\/winkel\/uncategorized\/neodymium-block-magnet-50-8-x-25-4-x-8-mm-with-plastic-coating-and-two-countersink-holes-set-of-2\/"},"modified":"2025-05-20T15:40:01","modified_gmt":"2025-05-20T13:40:01","slug":"neodymium-block-magnet-50-8-x-25-4-x-8-mm-with-plastic-coating-and-two-countersink-holes-set-of-2","status":"publish","type":"product","link":"https:\/\/www.magnetenspecialist.nl\/en\/store\/neodymium-magnet-set\/neodymium-block-magnet-50-8-x-25-4-x-8-mm-with-plastic-coating-and-two-countersink-holes-set-of-2\/","title":{"rendered":"Neodymium Block Magnet 50.8 \u00d7 25.4 \u00d7 8 mm with plastic coating and two countersink holes &#8211; Set of 2"},"content":{"rendered":"<h3 class=\"\" data-start=\"136\" data-end=\"264\"><strong data-start=\"143\" data-end=\"264\">Neodymium Block Magnet 50.8 \u00d7 25.4 \u00d7 8 mm with plastic coating and two countersink holes (Set of 2)<\/strong><\/h3>\n<p class=\"\" data-start=\"266\" data-end=\"688\">This <strong data-start=\"271\" data-end=\"317\">set of 2 powerful neodymium block magnets<\/strong> (N40) is designed for applications requiring a sturdy, permanent mount. Each magnet measures <strong data-start=\"445\" data-end=\"467\">50.8 \u00d7 25.4 \u00d7 8 mm<\/strong> and has a <strong data-start=\"491\" data-end=\"525\">protective plastic coating<\/strong> that protects the magnet from wear and corrosion. The two <strong data-start=\"588\" data-end=\"607\">countersunk holes<\/strong> per magnet allow them to be securely and flush-fixed with screws.  <\/p>\n<p class=\"\" data-start=\"690\" data-end=\"867\">Perfect for mounting on wooden, metal or plastic surfaces, these block magnets are widely used in furniture, workshops, displays and industrial structures.<\/p>\n<hr class=\"\" data-start=\"869\" data-end=\"872\">\n<h3 class=\"\" data-start=\"874\" data-end=\"897\">&#x2705; <strong data-start=\"880\" data-end=\"897\">Applications:<\/strong><\/h3>\n<ul data-start=\"899\" data-end=\"1104\">\n<li class=\"\" data-start=\"899\" data-end=\"955\">\n<p class=\"\" data-start=\"901\" data-end=\"955\">Strong fastening without visible screw heads<\/p>\n<\/li>\n<li class=\"\" data-start=\"956\" data-end=\"1009\">\n<p class=\"\" data-start=\"958\" data-end=\"1009\">Application in furniture, mechanical engineering, interior construction<\/p>\n<\/li>\n<li class=\"\" data-start=\"1010\" data-end=\"1051\">\n<p class=\"\" data-start=\"1012\" data-end=\"1051\">Creative and technical DIY projects<\/p>\n<\/li>\n<li class=\"\" data-start=\"1052\" data-end=\"1104\">\n<p class=\"\" data-start=\"1054\" data-end=\"1104\">Both horizontal and vertical mounting possible<\/p>\n<\/li>\n<\/ul>\n","protected":false},"excerpt":{"rendered":"<p>Neodymium Block Magnet 50.8 \u00d7 25.4 \u00d7 8 mm with plastic coating and two countersink holes (Set of 2) This set of 2 powerful neodymium block magnets (N40) is designed for applications requiring a sturdy, permanent mount. Each magnet measures 50.8 \u00d7 25.4 \u00d7 8 mm and has a protective plastic coating that protects the [&hellip;]<\/p>\n","protected":false},"featured_media":133447,"template":"","meta":{"_acf_changed":false},"product_brand":[3521],"product_cat":[3531],"product_tag":[],"class_list":{"0":"post-138830","1":"product","2":"type-product","3":"status-publish","4":"has-post-thumbnail","6":"product_brand-magnetenspecialist","7":"product_cat-neodymium-magnet-set","9":"first","10":"instock","11":"taxable","12":"shipping-taxable","13":"product-type-simple"},"supplier_id":null,"supplier_sku":"","barcode":null,"atum_controlled":true,"out_stock_date":null,"out_stock_threshold":null,"inheritable":false,"inbound_stock":0,"stock_on_hold":0,"sold_today":0,"sales_last_days":0,"reserved_stock":0,"customer_returns":0,"warehouse_damage":0,"lost_in_post":0,"other_logs":0,"out_stock_days":0,"lost_sales":0,"has_location":false,"update_date":"2026-04-03T08:06:11","atum_locations":[],"atum_stock_status":"instock","restock_status":false,"low_stock_amount":"","sales_update_date":"2026-04-03T08:06:11","calc_backorders":null,"acf":[],"yoast_head":"<!-- This site is optimized with the Yoast SEO Premium plugin v24.7 (Yoast SEO v24.7) - https:\/\/yoast.com\/wordpress\/plugins\/seo\/ -->\n<title>Neodymium Block Magnet 50.8 \u00d7 25.4 \u00d7 8 mm with plastic coating and two countersink holes - Set of 2 - Magnetenspecialist.nl<\/title>\n<meta name=\"description\" content=\"Looking for a Neodymium Block Magnet 50.8 \u00d7 25.4 \u00d7 8 mm with plastic coating and two countersink holes - Set of 2? Magnets easily buy online at Magnetenspecialist.nl \u2713 1 working day delivery time \u2713 14 days reflection time \u2713 Shipping or Pickup *.\" \/>\n<meta name=\"robots\" content=\"index, follow, max-snippet:-1, max-image-preview:large, max-video-preview:-1\" \/>\n<link rel=\"canonical\" href=\"https:\/\/www.magnetenspecialist.nl\/en\/store\/neodymium-magnet-set\/neodymium-block-magnet-50-8-x-25-4-x-8-mm-with-plastic-coating-and-two-countersink-holes-set-of-2\/\" \/>\n<meta property=\"og:locale\" content=\"en_US\" \/>\n<meta property=\"og:type\" content=\"article\" \/>\n<meta property=\"og:title\" content=\"Neodymium Block Magnet 50.8 \u00d7 25.4 \u00d7 8 mm with plastic coating and two countersink holes - Set of 2\" \/>\n<meta property=\"og:description\" content=\"Looking for a Neodymium Block Magnet 50.8 \u00d7 25.4 \u00d7 8 mm with plastic coating and two countersink holes - Set of 2? Magnets easily buy online at Magnetenspecialist.nl \u2713 1 working day delivery time \u2713 14 days reflection time \u2713 Shipping or Pickup *.\" \/>\n<meta property=\"og:url\" content=\"https:\/\/www.magnetenspecialist.nl\/en\/store\/neodymium-magnet-set\/neodymium-block-magnet-50-8-x-25-4-x-8-mm-with-plastic-coating-and-two-countersink-holes-set-of-2\/\" \/>\n<meta property=\"og:site_name\" content=\"Magnetenspecialist.nl\" \/>\n<meta property=\"article:publisher\" content=\"https:\/\/www.facebook.com\/Magnetenspecialist.nl\" \/>\n<meta property=\"og:image\" content=\"https:\/\/www.magnetenspecialist.nl\/wp-content\/uploads\/2024\/04\/Ontwerp-zonder-titel-3.png\" \/>\n\t<meta property=\"og:image:width\" content=\"1080\" \/>\n\t<meta property=\"og:image:height\" content=\"1080\" \/>\n\t<meta property=\"og:image:type\" content=\"image\/png\" \/>\n<meta name=\"twitter:card\" content=\"summary_large_image\" \/>\n<meta name=\"twitter:site\" content=\"@magnetenspecial\" \/>\n<meta name=\"twitter:label1\" content=\"Price\" \/>\n\t<meta name=\"twitter:data1\" content=\"\" \/>\n\t<meta name=\"twitter:label2\" content=\"Availability\" \/>\n\t<meta name=\"twitter:data2\" content=\"In stock\" \/>\n<script type=\"application\/ld+json\" class=\"yoast-schema-graph\">{\"@context\":\"https:\/\/schema.org\",\"@graph\":[{\"@type\":\"WebPage\",\"@id\":\"https:\/\/www.magnetenspecialist.nl\/en\/store\/neodymium-magnet-set\/neodymium-block-magnet-50-8-x-25-4-x-8-mm-with-plastic-coating-and-two-countersink-holes-set-of-2\/\",\"url\":\"https:\/\/www.magnetenspecialist.nl\/en\/store\/neodymium-magnet-set\/neodymium-block-magnet-50-8-x-25-4-x-8-mm-with-plastic-coating-and-two-countersink-holes-set-of-2\/\",\"name\":\"Neodymium Block Magnet 50.8 \u00d7 25.4 \u00d7 8 mm with plastic coating and two countersink holes - Set of 2 - Magnetenspecialist.nl\",\"isPartOf\":{\"@id\":\"https:\/\/www.magnetenspecialist.nl\/en\/#website\"},\"primaryImageOfPage\":{\"@id\":\"https:\/\/www.magnetenspecialist.nl\/en\/store\/neodymium-magnet-set\/neodymium-block-magnet-50-8-x-25-4-x-8-mm-with-plastic-coating-and-two-countersink-holes-set-of-2\/#primaryimage\"},\"image\":{\"@id\":\"https:\/\/www.magnetenspecialist.nl\/en\/store\/neodymium-magnet-set\/neodymium-block-magnet-50-8-x-25-4-x-8-mm-with-plastic-coating-and-two-countersink-holes-set-of-2\/#primaryimage\"},\"thumbnailUrl\":\"https:\/\/www.magnetenspecialist.nl\/wp-content\/uploads\/2024\/04\/Ontwerp-zonder-titel-3.png\",\"datePublished\":\"2025-05-20T13:40:01+00:00\",\"description\":\"Looking for a Neodymium Block Magnet 50.8 \u00d7 25.4 \u00d7 8 mm with plastic coating and two countersink holes - Set of 2? Magnets easily buy online at Magnetenspecialist.nl \u2713 1 working day delivery time \u2713 14 days reflection time \u2713 Shipping or Pickup *.\",\"breadcrumb\":{\"@id\":\"https:\/\/www.magnetenspecialist.nl\/en\/store\/neodymium-magnet-set\/neodymium-block-magnet-50-8-x-25-4-x-8-mm-with-plastic-coating-and-two-countersink-holes-set-of-2\/#breadcrumb\"},\"inLanguage\":\"en-US\",\"potentialAction\":[{\"@type\":\"ReadAction\",\"target\":[\"https:\/\/www.magnetenspecialist.nl\/en\/store\/neodymium-magnet-set\/neodymium-block-magnet-50-8-x-25-4-x-8-mm-with-plastic-coating-and-two-countersink-holes-set-of-2\/\"]}]},{\"@type\":\"ImageObject\",\"inLanguage\":\"en-US\",\"@id\":\"https:\/\/www.magnetenspecialist.nl\/en\/store\/neodymium-magnet-set\/neodymium-block-magnet-50-8-x-25-4-x-8-mm-with-plastic-coating-and-two-countersink-holes-set-of-2\/#primaryimage\",\"url\":\"https:\/\/www.magnetenspecialist.nl\/wp-content\/uploads\/2024\/04\/Ontwerp-zonder-titel-3.png\",\"contentUrl\":\"https:\/\/www.magnetenspecialist.nl\/wp-content\/uploads\/2024\/04\/Ontwerp-zonder-titel-3.png\",\"width\":1080,\"height\":1080,\"caption\":\"Blokmagneet van 50.8x25.4x8 mm met verzonken gaten en een kunststof omhulsel, geplaatst naast een 2-euromunt op een witte achtergrond. De munt dient als maatvergelijking om de afmetingen van de magneet te illustreren.\"},{\"@type\":\"BreadcrumbList\",\"@id\":\"https:\/\/www.magnetenspecialist.nl\/en\/store\/neodymium-magnet-set\/neodymium-block-magnet-50-8-x-25-4-x-8-mm-with-plastic-coating-and-two-countersink-holes-set-of-2\/#breadcrumb\",\"itemListElement\":[{\"@type\":\"ListItem\",\"position\":1,\"name\":\"Home\",\"item\":\"https:\/\/www.magnetenspecialist.nl\/en\/\"},{\"@type\":\"ListItem\",\"position\":2,\"name\":\"Store\",\"item\":\"https:\/\/www.magnetenspecialist.nl\/en\/shop\/\"},{\"@type\":\"ListItem\",\"position\":3,\"name\":\"Priv\u00e9: Neodymium Block Magnet 50.8 \u00d7 25.4 \u00d7 8 mm with plastic coating and two countersink holes &#8211; Set of 2\"}]},{\"@type\":\"WebSite\",\"@id\":\"https:\/\/www.magnetenspecialist.nl\/en\/#website\",\"url\":\"https:\/\/www.magnetenspecialist.nl\/en\/\",\"name\":\"Magnetenspecialist.nl\",\"description\":\"Wide range of neodymium magnets\",\"publisher\":{\"@id\":\"https:\/\/www.magnetenspecialist.nl\/en\/#organization\"},\"potentialAction\":[{\"@type\":\"SearchAction\",\"target\":{\"@type\":\"EntryPoint\",\"urlTemplate\":\"https:\/\/www.magnetenspecialist.nl\/en\/?s={search_term_string}\"},\"query-input\":{\"@type\":\"PropertyValueSpecification\",\"valueRequired\":true,\"valueName\":\"search_term_string\"}}],\"inLanguage\":\"en-US\"},{\"@type\":\"Organization\",\"@id\":\"https:\/\/www.magnetenspecialist.nl\/en\/#organization\",\"name\":\"Magnetenspecialist.nl\",\"url\":\"https:\/\/www.magnetenspecialist.nl\/en\/\",\"logo\":{\"@type\":\"ImageObject\",\"inLanguage\":\"en-US\",\"@id\":\"https:\/\/www.magnetenspecialist.nl\/en\/#\/schema\/logo\/image\/\",\"url\":\"https:\/\/www.magnetenspecialist.nl\/wp-content\/uploads\/2018\/10\/magneten-logo.jpg\",\"contentUrl\":\"https:\/\/www.magnetenspecialist.nl\/wp-content\/uploads\/2018\/10\/magneten-logo.jpg\",\"width\":151,\"height\":151,\"caption\":\"Magnetenspecialist.nl\"},\"image\":{\"@id\":\"https:\/\/www.magnetenspecialist.nl\/en\/#\/schema\/logo\/image\/\"},\"sameAs\":[\"https:\/\/www.facebook.com\/Magnetenspecialist.nl\",\"https:\/\/x.com\/magnetenspecial\"]}]}<\/script>\n<meta property=\"product:price:currency\" content=\"EUR\" \/>\n<meta property=\"og:availability\" content=\"instock\" \/>\n<meta property=\"product:availability\" content=\"instock\" \/>\n<meta property=\"product:retailer_item_id\" content=\"BLK20x25x8-N-2\" \/>\n<meta property=\"product:condition\" content=\"new\" \/>\n<!-- \/ Yoast SEO Premium plugin. -->","yoast_head_json":{"title":"Neodymium Block Magnet 50.8 \u00d7 25.4 \u00d7 8 mm with plastic coating and two countersink holes - Set of 2 - Magnetenspecialist.nl","description":"Looking for a Neodymium Block Magnet 50.8 \u00d7 25.4 \u00d7 8 mm with plastic coating and two countersink holes - Set of 2? Magnets easily buy online at Magnetenspecialist.nl \u2713 1 working day delivery time \u2713 14 days reflection time \u2713 Shipping or Pickup *.","robots":{"index":"index","follow":"follow","max-snippet":"max-snippet:-1","max-image-preview":"max-image-preview:large","max-video-preview":"max-video-preview:-1"},"canonical":"https:\/\/www.magnetenspecialist.nl\/en\/store\/neodymium-magnet-set\/neodymium-block-magnet-50-8-x-25-4-x-8-mm-with-plastic-coating-and-two-countersink-holes-set-of-2\/","og_locale":"en_US","og_type":"article","og_title":"Neodymium Block Magnet 50.8 \u00d7 25.4 \u00d7 8 mm with plastic coating and two countersink holes - Set of 2","og_description":"Looking for a Neodymium Block Magnet 50.8 \u00d7 25.4 \u00d7 8 mm with plastic coating and two countersink holes - Set of 2? Magnets easily buy online at Magnetenspecialist.nl \u2713 1 working day delivery time \u2713 14 days reflection time \u2713 Shipping or Pickup *.","og_url":"https:\/\/www.magnetenspecialist.nl\/en\/store\/neodymium-magnet-set\/neodymium-block-magnet-50-8-x-25-4-x-8-mm-with-plastic-coating-and-two-countersink-holes-set-of-2\/","og_site_name":"Magnetenspecialist.nl","article_publisher":"https:\/\/www.facebook.com\/Magnetenspecialist.nl","og_image":[{"width":1080,"height":1080,"url":"https:\/\/www.magnetenspecialist.nl\/wp-content\/uploads\/2024\/04\/Ontwerp-zonder-titel-3.png","type":"image\/png"}],"twitter_card":"summary_large_image","twitter_site":"@magnetenspecial","twitter_misc":{"Price":"","Availability":"In stock"},"schema":{"@context":"https:\/\/schema.org","@graph":[{"@type":"WebPage","@id":"https:\/\/www.magnetenspecialist.nl\/en\/store\/neodymium-magnet-set\/neodymium-block-magnet-50-8-x-25-4-x-8-mm-with-plastic-coating-and-two-countersink-holes-set-of-2\/","url":"https:\/\/www.magnetenspecialist.nl\/en\/store\/neodymium-magnet-set\/neodymium-block-magnet-50-8-x-25-4-x-8-mm-with-plastic-coating-and-two-countersink-holes-set-of-2\/","name":"Neodymium Block Magnet 50.8 \u00d7 25.4 \u00d7 8 mm with plastic coating and two countersink holes - Set of 2 - Magnetenspecialist.nl","isPartOf":{"@id":"https:\/\/www.magnetenspecialist.nl\/en\/#website"},"primaryImageOfPage":{"@id":"https:\/\/www.magnetenspecialist.nl\/en\/store\/neodymium-magnet-set\/neodymium-block-magnet-50-8-x-25-4-x-8-mm-with-plastic-coating-and-two-countersink-holes-set-of-2\/#primaryimage"},"image":{"@id":"https:\/\/www.magnetenspecialist.nl\/en\/store\/neodymium-magnet-set\/neodymium-block-magnet-50-8-x-25-4-x-8-mm-with-plastic-coating-and-two-countersink-holes-set-of-2\/#primaryimage"},"thumbnailUrl":"https:\/\/www.magnetenspecialist.nl\/wp-content\/uploads\/2024\/04\/Ontwerp-zonder-titel-3.png","datePublished":"2025-05-20T13:40:01+00:00","description":"Looking for a Neodymium Block Magnet 50.8 \u00d7 25.4 \u00d7 8 mm with plastic coating and two countersink holes - Set of 2? Magnets easily buy online at Magnetenspecialist.nl \u2713 1 working day delivery time \u2713 14 days reflection time \u2713 Shipping or Pickup *.","breadcrumb":{"@id":"https:\/\/www.magnetenspecialist.nl\/en\/store\/neodymium-magnet-set\/neodymium-block-magnet-50-8-x-25-4-x-8-mm-with-plastic-coating-and-two-countersink-holes-set-of-2\/#breadcrumb"},"inLanguage":"en-US","potentialAction":[{"@type":"ReadAction","target":["https:\/\/www.magnetenspecialist.nl\/en\/store\/neodymium-magnet-set\/neodymium-block-magnet-50-8-x-25-4-x-8-mm-with-plastic-coating-and-two-countersink-holes-set-of-2\/"]}]},{"@type":"ImageObject","inLanguage":"en-US","@id":"https:\/\/www.magnetenspecialist.nl\/en\/store\/neodymium-magnet-set\/neodymium-block-magnet-50-8-x-25-4-x-8-mm-with-plastic-coating-and-two-countersink-holes-set-of-2\/#primaryimage","url":"https:\/\/www.magnetenspecialist.nl\/wp-content\/uploads\/2024\/04\/Ontwerp-zonder-titel-3.png","contentUrl":"https:\/\/www.magnetenspecialist.nl\/wp-content\/uploads\/2024\/04\/Ontwerp-zonder-titel-3.png","width":1080,"height":1080,"caption":"Blokmagneet van 50.8x25.4x8 mm met verzonken gaten en een kunststof omhulsel, geplaatst naast een 2-euromunt op een witte achtergrond. De munt dient als maatvergelijking om de afmetingen van de magneet te illustreren."},{"@type":"BreadcrumbList","@id":"https:\/\/www.magnetenspecialist.nl\/en\/store\/neodymium-magnet-set\/neodymium-block-magnet-50-8-x-25-4-x-8-mm-with-plastic-coating-and-two-countersink-holes-set-of-2\/#breadcrumb","itemListElement":[{"@type":"ListItem","position":1,"name":"Home","item":"https:\/\/www.magnetenspecialist.nl\/en\/"},{"@type":"ListItem","position":2,"name":"Store","item":"https:\/\/www.magnetenspecialist.nl\/en\/shop\/"},{"@type":"ListItem","position":3,"name":"Priv\u00e9: Neodymium Block Magnet 50.8 \u00d7 25.4 \u00d7 8 mm with plastic coating and two countersink holes &#8211; Set of 2"}]},{"@type":"WebSite","@id":"https:\/\/www.magnetenspecialist.nl\/en\/#website","url":"https:\/\/www.magnetenspecialist.nl\/en\/","name":"Magnetenspecialist.nl","description":"Wide range of neodymium magnets","publisher":{"@id":"https:\/\/www.magnetenspecialist.nl\/en\/#organization"},"potentialAction":[{"@type":"SearchAction","target":{"@type":"EntryPoint","urlTemplate":"https:\/\/www.magnetenspecialist.nl\/en\/?s={search_term_string}"},"query-input":{"@type":"PropertyValueSpecification","valueRequired":true,"valueName":"search_term_string"}}],"inLanguage":"en-US"},{"@type":"Organization","@id":"https:\/\/www.magnetenspecialist.nl\/en\/#organization","name":"Magnetenspecialist.nl","url":"https:\/\/www.magnetenspecialist.nl\/en\/","logo":{"@type":"ImageObject","inLanguage":"en-US","@id":"https:\/\/www.magnetenspecialist.nl\/en\/#\/schema\/logo\/image\/","url":"https:\/\/www.magnetenspecialist.nl\/wp-content\/uploads\/2018\/10\/magneten-logo.jpg","contentUrl":"https:\/\/www.magnetenspecialist.nl\/wp-content\/uploads\/2018\/10\/magneten-logo.jpg","width":151,"height":151,"caption":"Magnetenspecialist.nl"},"image":{"@id":"https:\/\/www.magnetenspecialist.nl\/en\/#\/schema\/logo\/image\/"},"sameAs":["https:\/\/www.facebook.com\/Magnetenspecialist.nl","https:\/\/x.com\/magnetenspecial"]}]},"product_price_currency":"EUR","og_availability":"instock","product_availability":"instock","product_retailer_item_id":"BLK20x25x8-N-2","product_condition":"new"},"_links":{"self":[{"href":"https:\/\/www.magnetenspecialist.nl\/en\/wp-json\/wp\/v2\/product\/138830","targetHints":{"allow":["GET"]}}],"collection":[{"href":"https:\/\/www.magnetenspecialist.nl\/en\/wp-json\/wp\/v2\/product"}],"about":[{"href":"https:\/\/www.magnetenspecialist.nl\/en\/wp-json\/wp\/v2\/types\/product"}],"wp:featuredmedia":[{"embeddable":true,"href":"https:\/\/www.magnetenspecialist.nl\/en\/wp-json\/wp\/v2\/media\/133447"}],"wp:attachment":[{"href":"https:\/\/www.magnetenspecialist.nl\/en\/wp-json\/wp\/v2\/media?parent=138830"}],"wp:term":[{"taxonomy":"product_brand","embeddable":true,"href":"https:\/\/www.magnetenspecialist.nl\/en\/wp-json\/wp\/v2\/product_brand?post=138830"},{"taxonomy":"product_cat","embeddable":true,"href":"https:\/\/www.magnetenspecialist.nl\/en\/wp-json\/wp\/v2\/product_cat?post=138830"},{"taxonomy":"product_tag","embeddable":true,"href":"https:\/\/www.magnetenspecialist.nl\/en\/wp-json\/wp\/v2\/product_tag?post=138830"}],"curies":[{"name":"wp","href":"https:\/\/api.w.org\/{rel}","templated":true}]}}