{"id":139037,"date":"2025-05-20T16:02:16","date_gmt":"2025-05-20T14:02:16","guid":{"rendered":"https:\/\/www.magnetenspecialist.nl\/?post_type=product&p=139037"},"modified":"2025-05-20T16:02:16","modified_gmt":"2025-05-20T14:02:16","slug":"neodymium-block-magnet-50-8-x-25-4-x-12-7-mm-with-plastic-coating-and-two-countersink-holes-set-of-2","status":"publish","type":"product","link":"https:\/\/www.magnetenspecialist.nl\/en\/store\/neodymium-magnet-set\/neodymium-block-magnet-50-8-x-25-4-x-12-7-mm-with-plastic-coating-and-two-countersink-holes-set-of-2\/","title":{"rendered":"Neodymium Block Magnet 50.8 \u00d7 25.4 \u00d7 12.7 mm with plastic coating and two countersink holes &#8211; Set of 2"},"content":{"rendered":"<h3 class=\"\" data-start=\"235\" data-end=\"262\"><strong data-start=\"239\" data-end=\"262\">Product Description<\/strong><\/h3>\n<p class=\"\" data-start=\"264\" data-end=\"649\">This <strong data-start=\"269\" data-end=\"312\">set of 2 strong neodymium block magnets<\/strong> (N40) each measures <strong data-start=\"345\" data-end=\"370\">50.8 \u00d7 25.4 \u00d7 12.7 mm<\/strong> and has a <strong data-start=\"394\" data-end=\"426\">wear-resistant plastic coating<\/strong>. This not only protects the magnet from corrosion and impact, but also prevents scratches on the surface. The <strong data-start=\"538\" data-end=\"562\">two countersunk holes<\/strong> allow the magnet to be fixed firmly, flush and invisibly with screws.  <\/p>\n<p class=\"\" data-start=\"651\" data-end=\"854\">The extra thickness of <strong data-start=\"675\" data-end=\"686\">12.7 mm<\/strong> gives this magnet an <strong data-start=\"710\" data-end=\"735\">even higher holding power<\/strong>, making it ideal for heavier applications in workshops, interior construction or industrial projects.<\/p>\n<hr class=\"\" data-start=\"856\" data-end=\"859\">\n<h3 class=\"\" data-start=\"861\" data-end=\"883\">&#x2705; <strong data-start=\"867\" data-end=\"883\">Applications<\/strong><\/h3>\n<ul data-start=\"885\" data-end=\"1118\">\n<li class=\"\" data-start=\"885\" data-end=\"933\">\n<p class=\"\" data-start=\"887\" data-end=\"933\">Fixing metal or wooden parts<\/p>\n<\/li>\n<li class=\"\" data-start=\"934\" data-end=\"983\">\n<p class=\"\" data-start=\"936\" data-end=\"983\">Installations requiring high holding force<\/p>\n<\/li>\n<li class=\"\" data-start=\"984\" data-end=\"1057\">\n<p class=\"\" data-start=\"986\" data-end=\"1057\">Permanent or temporary mounting of tools, panels or devices<\/p>\n<\/li>\n<li class=\"\" data-start=\"1058\" data-end=\"1118\">\n<p class=\"\" data-start=\"1060\" data-end=\"1118\">Applicable in interior construction, furniture, machinery, displays<\/p>\n<\/li>\n<\/ul>\n","protected":false},"excerpt":{"rendered":"<p>Product Description This set of 2 strong neodymium block magnets (N40) each measures 50.8 \u00d7 25.4 \u00d7 12.7 mm and has a wear-resistant plastic coating. This not only protects the magnet from corrosion and impact, but also prevents scratches on the surface. The two countersunk holes allow the magnet to be fixed firmly, flush and [&hellip;]<\/p>\n","protected":false},"featured_media":133575,"template":"","meta":{"_acf_changed":false},"product_brand":[3521],"product_cat":[3531],"product_tag":[],"class_list":{"0":"post-139037","1":"product","2":"type-product","3":"status-publish","4":"has-post-thumbnail","6":"product_brand-magnetenspecialist","7":"product_cat-neodymium-magnet-set","9":"first","10":"instock","11":"taxable","12":"shipping-taxable","13":"product-type-simple"},"supplier_id":null,"supplier_sku":"","barcode":null,"atum_controlled":true,"out_stock_date":null,"out_stock_threshold":null,"inheritable":false,"inbound_stock":0,"stock_on_hold":0,"sold_today":0,"sales_last_days":0,"reserved_stock":0,"customer_returns":0,"warehouse_damage":0,"lost_in_post":0,"other_logs":0,"out_stock_days":0,"lost_sales":0,"has_location":false,"update_date":"2026-04-03T08:06:11","atum_locations":[],"atum_stock_status":"instock","restock_status":false,"low_stock_amount":"","sales_update_date":"2026-04-03T08:06:11","calc_backorders":null,"acf":[],"yoast_head":"<!-- This site is optimized with the Yoast SEO Premium plugin v24.7 (Yoast SEO v24.7) - https:\/\/yoast.com\/wordpress\/plugins\/seo\/ -->\n<title>Neodymium Block Magnet 50.8 \u00d7 25.4 \u00d7 12.7 mm with plastic coating and two countersink holes - Set of 2 - Magnetenspecialist.nl<\/title>\n<meta name=\"description\" content=\"Looking for a Neodymium Block Magnet 50.8 \u00d7 25.4 \u00d7 12.7 mm with plastic coating and two countersink holes - Set of 2? Magnets easily buy online at Magnetenspecialist.nl \u2713 1 working day delivery time \u2713 14 days reflection time \u2713 Shipping or Pickup *.\" \/>\n<meta name=\"robots\" content=\"index, follow, max-snippet:-1, max-image-preview:large, max-video-preview:-1\" \/>\n<link rel=\"canonical\" href=\"https:\/\/www.magnetenspecialist.nl\/en\/store\/neodymium-magnet-set\/neodymium-block-magnet-50-8-x-25-4-x-12-7-mm-with-plastic-coating-and-two-countersink-holes-set-of-2\/\" \/>\n<meta property=\"og:locale\" content=\"en_US\" \/>\n<meta property=\"og:type\" content=\"article\" \/>\n<meta property=\"og:title\" content=\"Neodymium Block Magnet 50.8 \u00d7 25.4 \u00d7 12.7 mm with plastic coating and two countersink holes - Set of 2\" \/>\n<meta property=\"og:description\" content=\"Looking for a Neodymium Block Magnet 50.8 \u00d7 25.4 \u00d7 12.7 mm with plastic coating and two countersink holes - Set of 2? Magnets easily buy online at Magnetenspecialist.nl \u2713 1 working day delivery time \u2713 14 days reflection time \u2713 Shipping or Pickup *.\" \/>\n<meta property=\"og:url\" content=\"https:\/\/www.magnetenspecialist.nl\/en\/store\/neodymium-magnet-set\/neodymium-block-magnet-50-8-x-25-4-x-12-7-mm-with-plastic-coating-and-two-countersink-holes-set-of-2\/\" \/>\n<meta property=\"og:site_name\" content=\"Magnetenspecialist.nl\" \/>\n<meta property=\"article:publisher\" content=\"https:\/\/www.facebook.com\/Magnetenspecialist.nl\" \/>\n<meta property=\"og:image\" content=\"https:\/\/www.magnetenspecialist.nl\/wp-content\/uploads\/2024\/04\/Ontwerp-zonder-titel-30.png\" \/>\n\t<meta property=\"og:image:width\" content=\"1080\" \/>\n\t<meta property=\"og:image:height\" content=\"1080\" \/>\n\t<meta property=\"og:image:type\" content=\"image\/png\" \/>\n<meta name=\"twitter:card\" content=\"summary_large_image\" \/>\n<meta name=\"twitter:site\" content=\"@magnetenspecial\" \/>\n<meta name=\"twitter:label1\" content=\"Price\" \/>\n\t<meta name=\"twitter:data1\" content=\"\" \/>\n\t<meta name=\"twitter:label2\" content=\"Availability\" \/>\n\t<meta name=\"twitter:data2\" content=\"In stock\" \/>\n<script type=\"application\/ld+json\" class=\"yoast-schema-graph\">{\"@context\":\"https:\/\/schema.org\",\"@graph\":[{\"@type\":\"WebPage\",\"@id\":\"https:\/\/www.magnetenspecialist.nl\/en\/store\/neodymium-magnet-set\/neodymium-block-magnet-50-8-x-25-4-x-12-7-mm-with-plastic-coating-and-two-countersink-holes-set-of-2\/\",\"url\":\"https:\/\/www.magnetenspecialist.nl\/en\/store\/neodymium-magnet-set\/neodymium-block-magnet-50-8-x-25-4-x-12-7-mm-with-plastic-coating-and-two-countersink-holes-set-of-2\/\",\"name\":\"Neodymium Block Magnet 50.8 \u00d7 25.4 \u00d7 12.7 mm with plastic coating and two countersink holes - Set of 2 - Magnetenspecialist.nl\",\"isPartOf\":{\"@id\":\"https:\/\/www.magnetenspecialist.nl\/en\/#website\"},\"primaryImageOfPage\":{\"@id\":\"https:\/\/www.magnetenspecialist.nl\/en\/store\/neodymium-magnet-set\/neodymium-block-magnet-50-8-x-25-4-x-12-7-mm-with-plastic-coating-and-two-countersink-holes-set-of-2\/#primaryimage\"},\"image\":{\"@id\":\"https:\/\/www.magnetenspecialist.nl\/en\/store\/neodymium-magnet-set\/neodymium-block-magnet-50-8-x-25-4-x-12-7-mm-with-plastic-coating-and-two-countersink-holes-set-of-2\/#primaryimage\"},\"thumbnailUrl\":\"https:\/\/www.magnetenspecialist.nl\/wp-content\/uploads\/2024\/04\/Ontwerp-zonder-titel-30.png\",\"datePublished\":\"2025-05-20T14:02:16+00:00\",\"description\":\"Looking for a Neodymium Block Magnet 50.8 \u00d7 25.4 \u00d7 12.7 mm with plastic coating and two countersink holes - Set of 2? Magnets easily buy online at Magnetenspecialist.nl \u2713 1 working day delivery time \u2713 14 days reflection time \u2713 Shipping or Pickup *.\",\"breadcrumb\":{\"@id\":\"https:\/\/www.magnetenspecialist.nl\/en\/store\/neodymium-magnet-set\/neodymium-block-magnet-50-8-x-25-4-x-12-7-mm-with-plastic-coating-and-two-countersink-holes-set-of-2\/#breadcrumb\"},\"inLanguage\":\"en-US\",\"potentialAction\":[{\"@type\":\"ReadAction\",\"target\":[\"https:\/\/www.magnetenspecialist.nl\/en\/store\/neodymium-magnet-set\/neodymium-block-magnet-50-8-x-25-4-x-12-7-mm-with-plastic-coating-and-two-countersink-holes-set-of-2\/\"]}]},{\"@type\":\"ImageObject\",\"inLanguage\":\"en-US\",\"@id\":\"https:\/\/www.magnetenspecialist.nl\/en\/store\/neodymium-magnet-set\/neodymium-block-magnet-50-8-x-25-4-x-12-7-mm-with-plastic-coating-and-two-countersink-holes-set-of-2\/#primaryimage\",\"url\":\"https:\/\/www.magnetenspecialist.nl\/wp-content\/uploads\/2024\/04\/Ontwerp-zonder-titel-30.png\",\"contentUrl\":\"https:\/\/www.magnetenspecialist.nl\/wp-content\/uploads\/2024\/04\/Ontwerp-zonder-titel-30.png\",\"width\":1080,\"height\":1080,\"caption\":\"Vooraanzicht van de blokmagneet (50,8 x 25,4 x 12,7 mm), omhuld met een duurzame kunststofmantel van polypropyleen, met twee verzonken gaten voor eenvoudige montage.\"},{\"@type\":\"BreadcrumbList\",\"@id\":\"https:\/\/www.magnetenspecialist.nl\/en\/store\/neodymium-magnet-set\/neodymium-block-magnet-50-8-x-25-4-x-12-7-mm-with-plastic-coating-and-two-countersink-holes-set-of-2\/#breadcrumb\",\"itemListElement\":[{\"@type\":\"ListItem\",\"position\":1,\"name\":\"Home\",\"item\":\"https:\/\/www.magnetenspecialist.nl\/en\/\"},{\"@type\":\"ListItem\",\"position\":2,\"name\":\"Store\",\"item\":\"https:\/\/www.magnetenspecialist.nl\/en\/shop\/\"},{\"@type\":\"ListItem\",\"position\":3,\"name\":\"Priv\u00e9: Neodymium Block Magnet 50.8 \u00d7 25.4 \u00d7 12.7 mm with plastic coating and two countersink holes &#8211; Set of 2\"}]},{\"@type\":\"WebSite\",\"@id\":\"https:\/\/www.magnetenspecialist.nl\/en\/#website\",\"url\":\"https:\/\/www.magnetenspecialist.nl\/en\/\",\"name\":\"Magnetenspecialist.nl\",\"description\":\"Wide range of neodymium magnets\",\"publisher\":{\"@id\":\"https:\/\/www.magnetenspecialist.nl\/en\/#organization\"},\"potentialAction\":[{\"@type\":\"SearchAction\",\"target\":{\"@type\":\"EntryPoint\",\"urlTemplate\":\"https:\/\/www.magnetenspecialist.nl\/en\/?s={search_term_string}\"},\"query-input\":{\"@type\":\"PropertyValueSpecification\",\"valueRequired\":true,\"valueName\":\"search_term_string\"}}],\"inLanguage\":\"en-US\"},{\"@type\":\"Organization\",\"@id\":\"https:\/\/www.magnetenspecialist.nl\/en\/#organization\",\"name\":\"Magnetenspecialist.nl\",\"url\":\"https:\/\/www.magnetenspecialist.nl\/en\/\",\"logo\":{\"@type\":\"ImageObject\",\"inLanguage\":\"en-US\",\"@id\":\"https:\/\/www.magnetenspecialist.nl\/en\/#\/schema\/logo\/image\/\",\"url\":\"https:\/\/www.magnetenspecialist.nl\/wp-content\/uploads\/2018\/10\/magneten-logo.jpg\",\"contentUrl\":\"https:\/\/www.magnetenspecialist.nl\/wp-content\/uploads\/2018\/10\/magneten-logo.jpg\",\"width\":151,\"height\":151,\"caption\":\"Magnetenspecialist.nl\"},\"image\":{\"@id\":\"https:\/\/www.magnetenspecialist.nl\/en\/#\/schema\/logo\/image\/\"},\"sameAs\":[\"https:\/\/www.facebook.com\/Magnetenspecialist.nl\",\"https:\/\/x.com\/magnetenspecial\"]}]}<\/script>\n<meta property=\"product:price:currency\" content=\"EUR\" \/>\n<meta property=\"og:availability\" content=\"instock\" \/>\n<meta property=\"product:availability\" content=\"instock\" \/>\n<meta property=\"product:retailer_item_id\" content=\"BLK50x25x12-N-2\" \/>\n<meta property=\"product:condition\" content=\"new\" \/>\n<!-- \/ Yoast SEO Premium plugin. -->","yoast_head_json":{"title":"Neodymium Block Magnet 50.8 \u00d7 25.4 \u00d7 12.7 mm with plastic coating and two countersink holes - Set of 2 - Magnetenspecialist.nl","description":"Looking for a Neodymium Block Magnet 50.8 \u00d7 25.4 \u00d7 12.7 mm with plastic coating and two countersink holes - Set of 2? Magnets easily buy online at Magnetenspecialist.nl \u2713 1 working day delivery time \u2713 14 days reflection time \u2713 Shipping or Pickup *.","robots":{"index":"index","follow":"follow","max-snippet":"max-snippet:-1","max-image-preview":"max-image-preview:large","max-video-preview":"max-video-preview:-1"},"canonical":"https:\/\/www.magnetenspecialist.nl\/en\/store\/neodymium-magnet-set\/neodymium-block-magnet-50-8-x-25-4-x-12-7-mm-with-plastic-coating-and-two-countersink-holes-set-of-2\/","og_locale":"en_US","og_type":"article","og_title":"Neodymium Block Magnet 50.8 \u00d7 25.4 \u00d7 12.7 mm with plastic coating and two countersink holes - Set of 2","og_description":"Looking for a Neodymium Block Magnet 50.8 \u00d7 25.4 \u00d7 12.7 mm with plastic coating and two countersink holes - Set of 2? Magnets easily buy online at Magnetenspecialist.nl \u2713 1 working day delivery time \u2713 14 days reflection time \u2713 Shipping or Pickup *.","og_url":"https:\/\/www.magnetenspecialist.nl\/en\/store\/neodymium-magnet-set\/neodymium-block-magnet-50-8-x-25-4-x-12-7-mm-with-plastic-coating-and-two-countersink-holes-set-of-2\/","og_site_name":"Magnetenspecialist.nl","article_publisher":"https:\/\/www.facebook.com\/Magnetenspecialist.nl","og_image":[{"width":1080,"height":1080,"url":"https:\/\/www.magnetenspecialist.nl\/wp-content\/uploads\/2024\/04\/Ontwerp-zonder-titel-30.png","type":"image\/png"}],"twitter_card":"summary_large_image","twitter_site":"@magnetenspecial","twitter_misc":{"Price":"","Availability":"In stock"},"schema":{"@context":"https:\/\/schema.org","@graph":[{"@type":"WebPage","@id":"https:\/\/www.magnetenspecialist.nl\/en\/store\/neodymium-magnet-set\/neodymium-block-magnet-50-8-x-25-4-x-12-7-mm-with-plastic-coating-and-two-countersink-holes-set-of-2\/","url":"https:\/\/www.magnetenspecialist.nl\/en\/store\/neodymium-magnet-set\/neodymium-block-magnet-50-8-x-25-4-x-12-7-mm-with-plastic-coating-and-two-countersink-holes-set-of-2\/","name":"Neodymium Block Magnet 50.8 \u00d7 25.4 \u00d7 12.7 mm with plastic coating and two countersink holes - Set of 2 - Magnetenspecialist.nl","isPartOf":{"@id":"https:\/\/www.magnetenspecialist.nl\/en\/#website"},"primaryImageOfPage":{"@id":"https:\/\/www.magnetenspecialist.nl\/en\/store\/neodymium-magnet-set\/neodymium-block-magnet-50-8-x-25-4-x-12-7-mm-with-plastic-coating-and-two-countersink-holes-set-of-2\/#primaryimage"},"image":{"@id":"https:\/\/www.magnetenspecialist.nl\/en\/store\/neodymium-magnet-set\/neodymium-block-magnet-50-8-x-25-4-x-12-7-mm-with-plastic-coating-and-two-countersink-holes-set-of-2\/#primaryimage"},"thumbnailUrl":"https:\/\/www.magnetenspecialist.nl\/wp-content\/uploads\/2024\/04\/Ontwerp-zonder-titel-30.png","datePublished":"2025-05-20T14:02:16+00:00","description":"Looking for a Neodymium Block Magnet 50.8 \u00d7 25.4 \u00d7 12.7 mm with plastic coating and two countersink holes - Set of 2? Magnets easily buy online at Magnetenspecialist.nl \u2713 1 working day delivery time \u2713 14 days reflection time \u2713 Shipping or Pickup *.","breadcrumb":{"@id":"https:\/\/www.magnetenspecialist.nl\/en\/store\/neodymium-magnet-set\/neodymium-block-magnet-50-8-x-25-4-x-12-7-mm-with-plastic-coating-and-two-countersink-holes-set-of-2\/#breadcrumb"},"inLanguage":"en-US","potentialAction":[{"@type":"ReadAction","target":["https:\/\/www.magnetenspecialist.nl\/en\/store\/neodymium-magnet-set\/neodymium-block-magnet-50-8-x-25-4-x-12-7-mm-with-plastic-coating-and-two-countersink-holes-set-of-2\/"]}]},{"@type":"ImageObject","inLanguage":"en-US","@id":"https:\/\/www.magnetenspecialist.nl\/en\/store\/neodymium-magnet-set\/neodymium-block-magnet-50-8-x-25-4-x-12-7-mm-with-plastic-coating-and-two-countersink-holes-set-of-2\/#primaryimage","url":"https:\/\/www.magnetenspecialist.nl\/wp-content\/uploads\/2024\/04\/Ontwerp-zonder-titel-30.png","contentUrl":"https:\/\/www.magnetenspecialist.nl\/wp-content\/uploads\/2024\/04\/Ontwerp-zonder-titel-30.png","width":1080,"height":1080,"caption":"Vooraanzicht van de blokmagneet (50,8 x 25,4 x 12,7 mm), omhuld met een duurzame kunststofmantel van polypropyleen, met twee verzonken gaten voor eenvoudige montage."},{"@type":"BreadcrumbList","@id":"https:\/\/www.magnetenspecialist.nl\/en\/store\/neodymium-magnet-set\/neodymium-block-magnet-50-8-x-25-4-x-12-7-mm-with-plastic-coating-and-two-countersink-holes-set-of-2\/#breadcrumb","itemListElement":[{"@type":"ListItem","position":1,"name":"Home","item":"https:\/\/www.magnetenspecialist.nl\/en\/"},{"@type":"ListItem","position":2,"name":"Store","item":"https:\/\/www.magnetenspecialist.nl\/en\/shop\/"},{"@type":"ListItem","position":3,"name":"Priv\u00e9: Neodymium Block Magnet 50.8 \u00d7 25.4 \u00d7 12.7 mm with plastic coating and two countersink holes &#8211; Set of 2"}]},{"@type":"WebSite","@id":"https:\/\/www.magnetenspecialist.nl\/en\/#website","url":"https:\/\/www.magnetenspecialist.nl\/en\/","name":"Magnetenspecialist.nl","description":"Wide range of neodymium magnets","publisher":{"@id":"https:\/\/www.magnetenspecialist.nl\/en\/#organization"},"potentialAction":[{"@type":"SearchAction","target":{"@type":"EntryPoint","urlTemplate":"https:\/\/www.magnetenspecialist.nl\/en\/?s={search_term_string}"},"query-input":{"@type":"PropertyValueSpecification","valueRequired":true,"valueName":"search_term_string"}}],"inLanguage":"en-US"},{"@type":"Organization","@id":"https:\/\/www.magnetenspecialist.nl\/en\/#organization","name":"Magnetenspecialist.nl","url":"https:\/\/www.magnetenspecialist.nl\/en\/","logo":{"@type":"ImageObject","inLanguage":"en-US","@id":"https:\/\/www.magnetenspecialist.nl\/en\/#\/schema\/logo\/image\/","url":"https:\/\/www.magnetenspecialist.nl\/wp-content\/uploads\/2018\/10\/magneten-logo.jpg","contentUrl":"https:\/\/www.magnetenspecialist.nl\/wp-content\/uploads\/2018\/10\/magneten-logo.jpg","width":151,"height":151,"caption":"Magnetenspecialist.nl"},"image":{"@id":"https:\/\/www.magnetenspecialist.nl\/en\/#\/schema\/logo\/image\/"},"sameAs":["https:\/\/www.facebook.com\/Magnetenspecialist.nl","https:\/\/x.com\/magnetenspecial"]}]},"product_price_currency":"EUR","og_availability":"instock","product_availability":"instock","product_retailer_item_id":"BLK50x25x12-N-2","product_condition":"new"},"_links":{"self":[{"href":"https:\/\/www.magnetenspecialist.nl\/en\/wp-json\/wp\/v2\/product\/139037","targetHints":{"allow":["GET"]}}],"collection":[{"href":"https:\/\/www.magnetenspecialist.nl\/en\/wp-json\/wp\/v2\/product"}],"about":[{"href":"https:\/\/www.magnetenspecialist.nl\/en\/wp-json\/wp\/v2\/types\/product"}],"wp:featuredmedia":[{"embeddable":true,"href":"https:\/\/www.magnetenspecialist.nl\/en\/wp-json\/wp\/v2\/media\/133575"}],"wp:attachment":[{"href":"https:\/\/www.magnetenspecialist.nl\/en\/wp-json\/wp\/v2\/media?parent=139037"}],"wp:term":[{"taxonomy":"product_brand","embeddable":true,"href":"https:\/\/www.magnetenspecialist.nl\/en\/wp-json\/wp\/v2\/product_brand?post=139037"},{"taxonomy":"product_cat","embeddable":true,"href":"https:\/\/www.magnetenspecialist.nl\/en\/wp-json\/wp\/v2\/product_cat?post=139037"},{"taxonomy":"product_tag","embeddable":true,"href":"https:\/\/www.magnetenspecialist.nl\/en\/wp-json\/wp\/v2\/product_tag?post=139037"}],"curies":[{"name":"wp","href":"https:\/\/api.w.org\/{rel}","templated":true}]}}