{"id":139206,"date":"2025-05-23T13:20:52","date_gmt":"2025-05-23T11:20:52","guid":{"rendered":"https:\/\/www.magnetenspecialist.nl\/?post_type=product&p=139206"},"modified":"2025-05-23T13:20:52","modified_gmt":"2025-05-23T11:20:52","slug":"magnet-specialist-adhesive-block-magnet-40-x-12-x-1-mm-neodymium-n48-set-of-30","status":"publish","type":"product","link":"https:\/\/www.magnetenspecialist.nl\/en\/store\/neodymium-magnet-set\/magnet-specialist-adhesive-block-magnet-40-x-12-x-1-mm-neodymium-n48-set-of-30\/","title":{"rendered":"Magnet Specialist Adhesive Block Magnet 40 \u00d7 12 \u00d7 1 mm Neodymium N48 &#8211; set of 30"},"content":{"rendered":"<h3 data-start=\"162\" data-end=\"232\"><strong data-start=\"166\" data-end=\"232\">Adhesive Block Magnet 40\u00d712\u00d71 mm Neodymium N48 &#8211; set of 30<\/strong><\/h3>\n<p data-start=\"234\" data-end=\"525\">These extra-long and flat 40\u00d712\u00d71 mm <strong data-start=\"261\" data-end=\"287\">neodymium block magnets<\/strong> feature a powerful <strong data-start=\"336\" data-end=\"359\">3M self-adhesive backing<\/strong>, making them perfect for applications where space is scarce but strong attachment is required. Ideal for creative, technical or decorative projects. <\/p>\n<h4 data-start=\"527\" data-end=\"544\">&#x2705; Advantages:<\/h4>\n<ul data-start=\"545\" data-end=\"1051\">\n<li data-start=\"545\" data-end=\"662\">\n<p data-start=\"547\" data-end=\"662\"><strong data-start=\"547\" data-end=\"574\">Ultra-thin but powerful:<\/strong> Only 1 mm thick, but features strong N48 magnetization for reliable adhesion.<\/p>\n<\/li>\n<li data-start=\"663\" data-end=\"762\">\n<p data-start=\"665\" data-end=\"762\"><strong data-start=\"665\" data-end=\"693\">Easy to attach:<\/strong> Thanks to the high-quality 3M tape, you don&#8217;t need screws or glue.<\/p>\n<\/li>\n<li data-start=\"763\" data-end=\"850\">\n<p data-start=\"765\" data-end=\"850\"><strong data-start=\"765\" data-end=\"785\">Large surface area:<\/strong> The long shape provides more contact area and therefore extra grip.<\/p>\n<\/li>\n<li data-start=\"851\" data-end=\"964\">\n<p data-start=\"853\" data-end=\"964\"><strong data-start=\"853\" data-end=\"878\">Versatile applications:<\/strong> Ideal for displays, packaging, furniture, hobby projects and interior applications.<\/p>\n<\/li>\n<li data-start=\"965\" data-end=\"1051\">\n<p data-start=\"967\" data-end=\"1051\"><strong data-start=\"967\" data-end=\"988\">Set of 30:<\/strong> Perfect for professional use or large-scale projects.<\/p>\n<\/li>\n<\/ul>\n<h4 data-start=\"1053\" data-end=\"1075\">&#x1f4d0; Specifications:<\/h4>\n<ul data-start=\"1076\" data-end=\"1285\">\n<li data-start=\"1076\" data-end=\"1133\">\n<p data-start=\"1078\" data-end=\"1133\"><strong data-start=\"1078\" data-end=\"1093\">Dimensions:<\/strong> 40\u00d712\u00d71 mm (length \u00d7 width \u00d7 thickness)<\/p>\n<\/li>\n<li data-start=\"1134\" data-end=\"1175\">\n<p data-start=\"1136\" data-end=\"1175\"><strong data-start=\"1136\" data-end=\"1150\">Material:<\/strong> Neodymium (NdFeB), N48<\/p>\n<\/li>\n<li data-start=\"1176\" data-end=\"1221\">\n<p data-start=\"1178\" data-end=\"1221\"><strong data-start=\"1178\" data-end=\"1194\">Fastening:<\/strong> Self-adhesive with 3M 467MP<\/p>\n<\/li>\n<li data-start=\"1222\" data-end=\"1260\">\n<p data-start=\"1224\" data-end=\"1260\"><strong data-start=\"1224\" data-end=\"1236\">Coating:<\/strong> Nickel-plated (Ni-Cu-Ni)<\/p>\n<\/li>\n<li data-start=\"1261\" data-end=\"1285\">\n<p data-start=\"1263\" data-end=\"1285\"><strong data-start=\"1263\" data-end=\"1274\">Number:<\/strong> 30 pieces<\/p>\n<\/li>\n<\/ul>\n<p data-start=\"1287\" data-end=\"1412\">Choose a sleek, reliable and professional fastening solution with these top quality self-adhesive block magnets.<\/p>\n","protected":false},"excerpt":{"rendered":"<p>Adhesive Block Magnet 40\u00d712\u00d71 mm Neodymium N48 &#8211; set of 30 These extra-long and flat 40\u00d712\u00d71 mm neodymium block magnets feature a powerful 3M self-adhesive backing, making them perfect for applications where space is scarce but strong attachment is required. Ideal for creative, technical or decorative projects. &#x2705; Advantages: Ultra-thin but powerful: Only 1 mm [&hellip;]<\/p>\n","protected":false},"featured_media":113424,"template":"","meta":{"_acf_changed":false},"product_brand":[3521],"product_cat":[3531],"product_tag":[],"class_list":{"0":"post-139206","1":"product","2":"type-product","3":"status-publish","4":"has-post-thumbnail","6":"product_brand-magnetenspecialist","7":"product_cat-neodymium-magnet-set","9":"first","10":"instock","11":"taxable","12":"shipping-taxable","13":"product-type-simple"},"supplier_id":null,"supplier_sku":"","barcode":null,"atum_controlled":true,"out_stock_date":null,"out_stock_threshold":null,"inheritable":false,"inbound_stock":0,"stock_on_hold":0,"sold_today":0,"sales_last_days":0,"reserved_stock":0,"customer_returns":0,"warehouse_damage":0,"lost_in_post":0,"other_logs":0,"out_stock_days":0,"lost_sales":0,"has_location":false,"update_date":"2026-04-03T08:06:11","atum_locations":[],"atum_stock_status":"instock","restock_status":false,"low_stock_amount":"","sales_update_date":"2026-04-03T08:06:11","calc_backorders":null,"acf":[],"yoast_head":"<!-- This site is optimized with the Yoast SEO Premium plugin v24.7 (Yoast SEO v24.7) - https:\/\/yoast.com\/wordpress\/plugins\/seo\/ -->\n<title>Magnet Specialist Adhesive Block Magnet 40 \u00d7 12 \u00d7 1 mm Neodymium N48 - set of 30 - Magnetenspecialist.nl<\/title>\n<meta name=\"description\" content=\"Looking for a Magnet Specialist Adhesive Block Magnet 40 \u00d7 12 \u00d7 1 mm Neodymium N48 - set of 30? Magnets easily buy online at Magnetenspecialist.nl \u2713 1 working day delivery time \u2713 14 days reflection time \u2713 Shipping or Pickup *.\" \/>\n<meta name=\"robots\" content=\"index, follow, max-snippet:-1, max-image-preview:large, max-video-preview:-1\" \/>\n<link rel=\"canonical\" href=\"https:\/\/www.magnetenspecialist.nl\/en\/store\/neodymium-magnet-set\/magnet-specialist-adhesive-block-magnet-40-x-12-x-1-mm-neodymium-n48-set-of-30\/\" \/>\n<meta property=\"og:locale\" content=\"en_US\" \/>\n<meta property=\"og:type\" content=\"article\" \/>\n<meta property=\"og:title\" content=\"Magnet Specialist Adhesive Block Magnet 40 \u00d7 12 \u00d7 1 mm Neodymium N48 - set of 30\" \/>\n<meta property=\"og:description\" content=\"Looking for a Magnet Specialist Adhesive Block Magnet 40 \u00d7 12 \u00d7 1 mm Neodymium N48 - set of 30? Magnets easily buy online at Magnetenspecialist.nl \u2713 1 working day delivery time \u2713 14 days reflection time \u2713 Shipping or Pickup *.\" \/>\n<meta property=\"og:url\" content=\"https:\/\/www.magnetenspecialist.nl\/en\/store\/neodymium-magnet-set\/magnet-specialist-adhesive-block-magnet-40-x-12-x-1-mm-neodymium-n48-set-of-30\/\" \/>\n<meta property=\"og:site_name\" content=\"Magnetenspecialist.nl\" \/>\n<meta property=\"article:publisher\" content=\"https:\/\/www.facebook.com\/Magnetenspecialist.nl\" \/>\n<meta property=\"og:image\" content=\"https:\/\/www.magnetenspecialist.nl\/wp-content\/uploads\/2019\/03\/Magnetenspecialist.nl_Blokmagneet-40-x-12-x-1-mm-zelfklevend_1.jpg\" \/>\n\t<meta property=\"og:image:width\" content=\"1500\" \/>\n\t<meta property=\"og:image:height\" content=\"1500\" \/>\n\t<meta property=\"og:image:type\" content=\"image\/jpeg\" \/>\n<meta name=\"twitter:card\" content=\"summary_large_image\" \/>\n<meta name=\"twitter:site\" content=\"@magnetenspecial\" \/>\n<meta name=\"twitter:label1\" content=\"Price\" \/>\n\t<meta name=\"twitter:data1\" content=\"\" \/>\n\t<meta name=\"twitter:label2\" content=\"Availability\" \/>\n\t<meta name=\"twitter:data2\" content=\"In stock\" \/>\n<script type=\"application\/ld+json\" class=\"yoast-schema-graph\">{\"@context\":\"https:\/\/schema.org\",\"@graph\":[{\"@type\":\"WebPage\",\"@id\":\"https:\/\/www.magnetenspecialist.nl\/en\/store\/neodymium-magnet-set\/magnet-specialist-adhesive-block-magnet-40-x-12-x-1-mm-neodymium-n48-set-of-30\/\",\"url\":\"https:\/\/www.magnetenspecialist.nl\/en\/store\/neodymium-magnet-set\/magnet-specialist-adhesive-block-magnet-40-x-12-x-1-mm-neodymium-n48-set-of-30\/\",\"name\":\"Magnet Specialist Adhesive Block Magnet 40 \u00d7 12 \u00d7 1 mm Neodymium N48 - set of 30 - Magnetenspecialist.nl\",\"isPartOf\":{\"@id\":\"https:\/\/www.magnetenspecialist.nl\/en\/#website\"},\"primaryImageOfPage\":{\"@id\":\"https:\/\/www.magnetenspecialist.nl\/en\/store\/neodymium-magnet-set\/magnet-specialist-adhesive-block-magnet-40-x-12-x-1-mm-neodymium-n48-set-of-30\/#primaryimage\"},\"image\":{\"@id\":\"https:\/\/www.magnetenspecialist.nl\/en\/store\/neodymium-magnet-set\/magnet-specialist-adhesive-block-magnet-40-x-12-x-1-mm-neodymium-n48-set-of-30\/#primaryimage\"},\"thumbnailUrl\":\"https:\/\/www.magnetenspecialist.nl\/wp-content\/uploads\/2019\/03\/Magnetenspecialist.nl_Blokmagneet-40-x-12-x-1-mm-zelfklevend_1.jpg\",\"datePublished\":\"2025-05-23T11:20:52+00:00\",\"description\":\"Looking for a Magnet Specialist Adhesive Block Magnet 40 \u00d7 12 \u00d7 1 mm Neodymium N48 - set of 30? Magnets easily buy online at Magnetenspecialist.nl \u2713 1 working day delivery time \u2713 14 days reflection time \u2713 Shipping or Pickup *.\",\"breadcrumb\":{\"@id\":\"https:\/\/www.magnetenspecialist.nl\/en\/store\/neodymium-magnet-set\/magnet-specialist-adhesive-block-magnet-40-x-12-x-1-mm-neodymium-n48-set-of-30\/#breadcrumb\"},\"inLanguage\":\"en-US\",\"potentialAction\":[{\"@type\":\"ReadAction\",\"target\":[\"https:\/\/www.magnetenspecialist.nl\/en\/store\/neodymium-magnet-set\/magnet-specialist-adhesive-block-magnet-40-x-12-x-1-mm-neodymium-n48-set-of-30\/\"]}]},{\"@type\":\"ImageObject\",\"inLanguage\":\"en-US\",\"@id\":\"https:\/\/www.magnetenspecialist.nl\/en\/store\/neodymium-magnet-set\/magnet-specialist-adhesive-block-magnet-40-x-12-x-1-mm-neodymium-n48-set-of-30\/#primaryimage\",\"url\":\"https:\/\/www.magnetenspecialist.nl\/wp-content\/uploads\/2019\/03\/Magnetenspecialist.nl_Blokmagneet-40-x-12-x-1-mm-zelfklevend_1.jpg\",\"contentUrl\":\"https:\/\/www.magnetenspecialist.nl\/wp-content\/uploads\/2019\/03\/Magnetenspecialist.nl_Blokmagneet-40-x-12-x-1-mm-zelfklevend_1.jpg\",\"width\":1500,\"height\":1500},{\"@type\":\"BreadcrumbList\",\"@id\":\"https:\/\/www.magnetenspecialist.nl\/en\/store\/neodymium-magnet-set\/magnet-specialist-adhesive-block-magnet-40-x-12-x-1-mm-neodymium-n48-set-of-30\/#breadcrumb\",\"itemListElement\":[{\"@type\":\"ListItem\",\"position\":1,\"name\":\"Home\",\"item\":\"https:\/\/www.magnetenspecialist.nl\/en\/\"},{\"@type\":\"ListItem\",\"position\":2,\"name\":\"Store\",\"item\":\"https:\/\/www.magnetenspecialist.nl\/en\/shop\/\"},{\"@type\":\"ListItem\",\"position\":3,\"name\":\"Priv\u00e9: Magnet Specialist Adhesive Block Magnet 40 \u00d7 12 \u00d7 1 mm Neodymium N48 &#8211; set of 30\"}]},{\"@type\":\"WebSite\",\"@id\":\"https:\/\/www.magnetenspecialist.nl\/en\/#website\",\"url\":\"https:\/\/www.magnetenspecialist.nl\/en\/\",\"name\":\"Magnetenspecialist.nl\",\"description\":\"Wide range of neodymium magnets\",\"publisher\":{\"@id\":\"https:\/\/www.magnetenspecialist.nl\/en\/#organization\"},\"potentialAction\":[{\"@type\":\"SearchAction\",\"target\":{\"@type\":\"EntryPoint\",\"urlTemplate\":\"https:\/\/www.magnetenspecialist.nl\/en\/?s={search_term_string}\"},\"query-input\":{\"@type\":\"PropertyValueSpecification\",\"valueRequired\":true,\"valueName\":\"search_term_string\"}}],\"inLanguage\":\"en-US\"},{\"@type\":\"Organization\",\"@id\":\"https:\/\/www.magnetenspecialist.nl\/en\/#organization\",\"name\":\"Magnetenspecialist.nl\",\"url\":\"https:\/\/www.magnetenspecialist.nl\/en\/\",\"logo\":{\"@type\":\"ImageObject\",\"inLanguage\":\"en-US\",\"@id\":\"https:\/\/www.magnetenspecialist.nl\/en\/#\/schema\/logo\/image\/\",\"url\":\"https:\/\/www.magnetenspecialist.nl\/wp-content\/uploads\/2018\/10\/magneten-logo.jpg\",\"contentUrl\":\"https:\/\/www.magnetenspecialist.nl\/wp-content\/uploads\/2018\/10\/magneten-logo.jpg\",\"width\":151,\"height\":151,\"caption\":\"Magnetenspecialist.nl\"},\"image\":{\"@id\":\"https:\/\/www.magnetenspecialist.nl\/en\/#\/schema\/logo\/image\/\"},\"sameAs\":[\"https:\/\/www.facebook.com\/Magnetenspecialist.nl\",\"https:\/\/x.com\/magnetenspecial\"]}]}<\/script>\n<meta property=\"product:price:currency\" content=\"EUR\" \/>\n<meta property=\"og:availability\" content=\"instock\" \/>\n<meta property=\"product:availability\" content=\"instock\" \/>\n<meta property=\"product:retailer_item_id\" content=\"BL40x12x1-N-30\" \/>\n<meta property=\"product:condition\" content=\"new\" \/>\n<!-- \/ Yoast SEO Premium plugin. -->","yoast_head_json":{"title":"Magnet Specialist Adhesive Block Magnet 40 \u00d7 12 \u00d7 1 mm Neodymium N48 - set of 30 - Magnetenspecialist.nl","description":"Looking for a Magnet Specialist Adhesive Block Magnet 40 \u00d7 12 \u00d7 1 mm Neodymium N48 - set of 30? Magnets easily buy online at Magnetenspecialist.nl \u2713 1 working day delivery time \u2713 14 days reflection time \u2713 Shipping or Pickup *.","robots":{"index":"index","follow":"follow","max-snippet":"max-snippet:-1","max-image-preview":"max-image-preview:large","max-video-preview":"max-video-preview:-1"},"canonical":"https:\/\/www.magnetenspecialist.nl\/en\/store\/neodymium-magnet-set\/magnet-specialist-adhesive-block-magnet-40-x-12-x-1-mm-neodymium-n48-set-of-30\/","og_locale":"en_US","og_type":"article","og_title":"Magnet Specialist Adhesive Block Magnet 40 \u00d7 12 \u00d7 1 mm Neodymium N48 - set of 30","og_description":"Looking for a Magnet Specialist Adhesive Block Magnet 40 \u00d7 12 \u00d7 1 mm Neodymium N48 - set of 30? Magnets easily buy online at Magnetenspecialist.nl \u2713 1 working day delivery time \u2713 14 days reflection time \u2713 Shipping or Pickup *.","og_url":"https:\/\/www.magnetenspecialist.nl\/en\/store\/neodymium-magnet-set\/magnet-specialist-adhesive-block-magnet-40-x-12-x-1-mm-neodymium-n48-set-of-30\/","og_site_name":"Magnetenspecialist.nl","article_publisher":"https:\/\/www.facebook.com\/Magnetenspecialist.nl","og_image":[{"width":1500,"height":1500,"url":"https:\/\/www.magnetenspecialist.nl\/wp-content\/uploads\/2019\/03\/Magnetenspecialist.nl_Blokmagneet-40-x-12-x-1-mm-zelfklevend_1.jpg","type":"image\/jpeg"}],"twitter_card":"summary_large_image","twitter_site":"@magnetenspecial","twitter_misc":{"Price":"","Availability":"In stock"},"schema":{"@context":"https:\/\/schema.org","@graph":[{"@type":"WebPage","@id":"https:\/\/www.magnetenspecialist.nl\/en\/store\/neodymium-magnet-set\/magnet-specialist-adhesive-block-magnet-40-x-12-x-1-mm-neodymium-n48-set-of-30\/","url":"https:\/\/www.magnetenspecialist.nl\/en\/store\/neodymium-magnet-set\/magnet-specialist-adhesive-block-magnet-40-x-12-x-1-mm-neodymium-n48-set-of-30\/","name":"Magnet Specialist Adhesive Block Magnet 40 \u00d7 12 \u00d7 1 mm Neodymium N48 - set of 30 - Magnetenspecialist.nl","isPartOf":{"@id":"https:\/\/www.magnetenspecialist.nl\/en\/#website"},"primaryImageOfPage":{"@id":"https:\/\/www.magnetenspecialist.nl\/en\/store\/neodymium-magnet-set\/magnet-specialist-adhesive-block-magnet-40-x-12-x-1-mm-neodymium-n48-set-of-30\/#primaryimage"},"image":{"@id":"https:\/\/www.magnetenspecialist.nl\/en\/store\/neodymium-magnet-set\/magnet-specialist-adhesive-block-magnet-40-x-12-x-1-mm-neodymium-n48-set-of-30\/#primaryimage"},"thumbnailUrl":"https:\/\/www.magnetenspecialist.nl\/wp-content\/uploads\/2019\/03\/Magnetenspecialist.nl_Blokmagneet-40-x-12-x-1-mm-zelfklevend_1.jpg","datePublished":"2025-05-23T11:20:52+00:00","description":"Looking for a Magnet Specialist Adhesive Block Magnet 40 \u00d7 12 \u00d7 1 mm Neodymium N48 - set of 30? Magnets easily buy online at Magnetenspecialist.nl \u2713 1 working day delivery time \u2713 14 days reflection time \u2713 Shipping or Pickup *.","breadcrumb":{"@id":"https:\/\/www.magnetenspecialist.nl\/en\/store\/neodymium-magnet-set\/magnet-specialist-adhesive-block-magnet-40-x-12-x-1-mm-neodymium-n48-set-of-30\/#breadcrumb"},"inLanguage":"en-US","potentialAction":[{"@type":"ReadAction","target":["https:\/\/www.magnetenspecialist.nl\/en\/store\/neodymium-magnet-set\/magnet-specialist-adhesive-block-magnet-40-x-12-x-1-mm-neodymium-n48-set-of-30\/"]}]},{"@type":"ImageObject","inLanguage":"en-US","@id":"https:\/\/www.magnetenspecialist.nl\/en\/store\/neodymium-magnet-set\/magnet-specialist-adhesive-block-magnet-40-x-12-x-1-mm-neodymium-n48-set-of-30\/#primaryimage","url":"https:\/\/www.magnetenspecialist.nl\/wp-content\/uploads\/2019\/03\/Magnetenspecialist.nl_Blokmagneet-40-x-12-x-1-mm-zelfklevend_1.jpg","contentUrl":"https:\/\/www.magnetenspecialist.nl\/wp-content\/uploads\/2019\/03\/Magnetenspecialist.nl_Blokmagneet-40-x-12-x-1-mm-zelfklevend_1.jpg","width":1500,"height":1500},{"@type":"BreadcrumbList","@id":"https:\/\/www.magnetenspecialist.nl\/en\/store\/neodymium-magnet-set\/magnet-specialist-adhesive-block-magnet-40-x-12-x-1-mm-neodymium-n48-set-of-30\/#breadcrumb","itemListElement":[{"@type":"ListItem","position":1,"name":"Home","item":"https:\/\/www.magnetenspecialist.nl\/en\/"},{"@type":"ListItem","position":2,"name":"Store","item":"https:\/\/www.magnetenspecialist.nl\/en\/shop\/"},{"@type":"ListItem","position":3,"name":"Priv\u00e9: Magnet Specialist Adhesive Block Magnet 40 \u00d7 12 \u00d7 1 mm Neodymium N48 &#8211; set of 30"}]},{"@type":"WebSite","@id":"https:\/\/www.magnetenspecialist.nl\/en\/#website","url":"https:\/\/www.magnetenspecialist.nl\/en\/","name":"Magnetenspecialist.nl","description":"Wide range of neodymium magnets","publisher":{"@id":"https:\/\/www.magnetenspecialist.nl\/en\/#organization"},"potentialAction":[{"@type":"SearchAction","target":{"@type":"EntryPoint","urlTemplate":"https:\/\/www.magnetenspecialist.nl\/en\/?s={search_term_string}"},"query-input":{"@type":"PropertyValueSpecification","valueRequired":true,"valueName":"search_term_string"}}],"inLanguage":"en-US"},{"@type":"Organization","@id":"https:\/\/www.magnetenspecialist.nl\/en\/#organization","name":"Magnetenspecialist.nl","url":"https:\/\/www.magnetenspecialist.nl\/en\/","logo":{"@type":"ImageObject","inLanguage":"en-US","@id":"https:\/\/www.magnetenspecialist.nl\/en\/#\/schema\/logo\/image\/","url":"https:\/\/www.magnetenspecialist.nl\/wp-content\/uploads\/2018\/10\/magneten-logo.jpg","contentUrl":"https:\/\/www.magnetenspecialist.nl\/wp-content\/uploads\/2018\/10\/magneten-logo.jpg","width":151,"height":151,"caption":"Magnetenspecialist.nl"},"image":{"@id":"https:\/\/www.magnetenspecialist.nl\/en\/#\/schema\/logo\/image\/"},"sameAs":["https:\/\/www.facebook.com\/Magnetenspecialist.nl","https:\/\/x.com\/magnetenspecial"]}]},"product_price_currency":"EUR","og_availability":"instock","product_availability":"instock","product_retailer_item_id":"BL40x12x1-N-30","product_condition":"new"},"_links":{"self":[{"href":"https:\/\/www.magnetenspecialist.nl\/en\/wp-json\/wp\/v2\/product\/139206","targetHints":{"allow":["GET"]}}],"collection":[{"href":"https:\/\/www.magnetenspecialist.nl\/en\/wp-json\/wp\/v2\/product"}],"about":[{"href":"https:\/\/www.magnetenspecialist.nl\/en\/wp-json\/wp\/v2\/types\/product"}],"wp:featuredmedia":[{"embeddable":true,"href":"https:\/\/www.magnetenspecialist.nl\/en\/wp-json\/wp\/v2\/media\/113424"}],"wp:attachment":[{"href":"https:\/\/www.magnetenspecialist.nl\/en\/wp-json\/wp\/v2\/media?parent=139206"}],"wp:term":[{"taxonomy":"product_brand","embeddable":true,"href":"https:\/\/www.magnetenspecialist.nl\/en\/wp-json\/wp\/v2\/product_brand?post=139206"},{"taxonomy":"product_cat","embeddable":true,"href":"https:\/\/www.magnetenspecialist.nl\/en\/wp-json\/wp\/v2\/product_cat?post=139206"},{"taxonomy":"product_tag","embeddable":true,"href":"https:\/\/www.magnetenspecialist.nl\/en\/wp-json\/wp\/v2\/product_tag?post=139206"}],"curies":[{"name":"wp","href":"https:\/\/api.w.org\/{rel}","templated":true}]}}