{"id":105006,"date":"2019-08-14T10:35:51","date_gmt":"2019-08-14T08:35:51","guid":{"rendered":"https:\/\/www.magnetenspecialist.nl\/aimants-permanents\/"},"modified":"2022-02-04T12:13:48","modified_gmt":"2022-02-04T11:13:48","slug":"aimants-permanents","status":"publish","type":"page","link":"https:\/\/www.magnetenspecialist.nl\/fr\/aimants-permanents\/","title":{"rendered":"Aimants permanents"},"content":{"rendered":"\n<div class=\"row d-flex align-items-center\">\n<div class=\"col-md-6 col-lg-4 col-xl-3\">\n<figure class=\"wp-block-image\"><img decoding=\"async\" src=\"https:\/\/www.magnetenspecialist.nl\/wp-content\/uploads\/2018\/12\/Logo-640x480.jpg\" alt=\"permanente magneet\" class=\"aligncenter\"\/><\/figure><\/div>\n\n<div class=\"col-md-6 col-lg-8 col-xl-9\">\n<h2>Aimants permanents du sp\u00e9cialiste des aimants<\/h2>\n<p>L&#8217;ensemble de l&#8217;assortiment de Magnet Specialist est compos\u00e9 d&#8217;aimants permanents. Dans le langage courant, le terme aimants d\u00e9signe g\u00e9n\u00e9ralement les aimants permanents. Ce sont des mat\u00e9riaux ferromagn\u00e9tiques qui pr\u00e9sentent un magn\u00e9tisme propre. Contrairement aux \u00e9lectro-aimants, o\u00f9 le magn\u00e9tisme est le r\u00e9sultat du passage d&#8217;un courant \u00e9lectrique dans une bobine. La propri\u00e9t\u00e9 magn\u00e9tique des \u00e9lectro-aimants peut donc \u00eatre activ\u00e9e et d\u00e9sactiv\u00e9e.<\/p>\n<\/div>\n<\/div>\n\n<h2 class=\"wp-block-heading\">Acheter des aimants permanents en ligne<\/h2>\n\n<p>De Magnetenspecialist dispose d&#8217;une large gamme d&#8217;aimants en stock. Nous assurons une livraison rapide et un service de haute qualit\u00e9 pour les questions ou lorsque vous avez besoin de conseils. Nos aimants permanents sont de haute qualit\u00e9. Cela signifie, entre autres, que nos aimants ne perdent pas leur magn\u00e9tisation avec le temps. Des aimants permanents de haute qualit\u00e9 peuvent donc \u00eatre command\u00e9s aupr\u00e8s du sp\u00e9cialiste Magneten 24 heures sur 24, 7 jours sur 7. Nous exp\u00e9dions g\u00e9n\u00e9ralement les aimants le jour m\u00eame, en fonction de l&#8217;heure de votre commande.<\/p>\n\n<div class=\"cta-banner\">\r\n    <h4>Vos aimants permanents rapidement chez vous<\/h4>\r\n    <a class=\"cta-banner-btn\" href=\"https:\/\/www.magnetenspecialist.nl\/fr\/boutique\/\" title=\"Trouvez vos aimants permanents dans notre boutique\">Nu bekijken<\/a>\r\n<\/div>\r\n\n<h3 class=\"wp-block-heading\">Les aimants permanents perdent-ils de leur force ?<\/h3>\n\n<p>Les aimants en n\u00e9odyme, les aimants en ferrite et tous nos autres produits aux propri\u00e9t\u00e9s magn\u00e9tiques ne perdent pas leur force dans des conditions normales d&#8217;utilisation. Dans des circonstances normales, nos aimants conservent leur force presque ind\u00e9finiment. Cependant, certaines influences ext\u00e9rieures peuvent affecter le magn\u00e9tisme de nos aimants permanents. Les aimants, par exemple, sont sensibles \u00e0 la chaleur. Par exemple, un aimant en n\u00e9odyme peut perdre de sa force lorsqu&#8217;il est expos\u00e9 \u00e0 plus de 80 degr\u00e9s Celsius. De plus, des chocs ou impacts r\u00e9p\u00e9t\u00e9s peuvent avoir une influence n\u00e9gative sur l&#8217;aimantation. Pensez aux coups de marteau et aux chutes r\u00e9p\u00e9t\u00e9es d&#8217;une grande hauteur. L&#8217;aimantation peut \u00e9galement changer lorsque les aimants sont expos\u00e9s \u00e0 d&#8217;autres champs magn\u00e9tiques puissants (par exemple de gros \u00e9lectroaimants).<\/p>\n","protected":false},"excerpt":{"rendered":"<p>Aimants permanents du sp\u00e9cialiste des aimants L&#8217;ensemble de l&#8217;assortiment de Magnet Specialist est compos\u00e9 d&#8217;aimants permanents. Dans le langage courant, le terme aimants d\u00e9signe g\u00e9n\u00e9ralement les aimants permanents. Ce sont des mat\u00e9riaux ferromagn\u00e9tiques qui pr\u00e9sentent un magn\u00e9tisme propre. Contrairement aux \u00e9lectro-aimants, o\u00f9 le magn\u00e9tisme est le r\u00e9sultat du passage d&#8217;un courant \u00e9lectrique dans une bobine. [&hellip;]<\/p>\n","protected":false},"author":1,"featured_media":0,"parent":0,"menu_order":0,"comment_status":"closed","ping_status":"closed","template":"template-full.php","meta":{"_acf_changed":false,"footnotes":""},"class_list":["post-105006","page","type-page","status-publish","hentry"],"acf":[],"yoast_head":"<!-- This site is optimized with the Yoast SEO Premium plugin v24.7 (Yoast SEO v24.7) - https:\/\/yoast.com\/wordpress\/plugins\/seo\/ -->\n<title>Commandez des aimants permanents en ligne chez le sp\u00e9cialiste des aimants<\/title>\n<meta name=\"description\" content=\"Les aimants permanents sont ce que l&#039;on appelle commun\u00e9ment des &quot;aimants&quot;. Ce sont des mat\u00e9riaux aux propri\u00e9t\u00e9s magn\u00e9tiques.\" \/>\n<meta name=\"robots\" content=\"index, follow, max-snippet:-1, max-image-preview:large, max-video-preview:-1\" \/>\n<link rel=\"canonical\" href=\"https:\/\/www.magnetenspecialist.nl\/fr\/aimants-permanents\/\" \/>\n<meta property=\"og:locale\" content=\"fr_FR\" \/>\n<meta property=\"og:type\" content=\"article\" \/>\n<meta property=\"og:title\" content=\"Aimants permanents\" \/>\n<meta property=\"og:description\" content=\"Les aimants permanents sont ce que l&#039;on appelle commun\u00e9ment des &quot;aimants&quot;. Ce sont des mat\u00e9riaux aux propri\u00e9t\u00e9s magn\u00e9tiques.\" \/>\n<meta property=\"og:url\" content=\"https:\/\/www.magnetenspecialist.nl\/fr\/aimants-permanents\/\" \/>\n<meta property=\"og:site_name\" content=\"Magnetenspecialist.nl\" \/>\n<meta property=\"article:publisher\" content=\"https:\/\/www.facebook.com\/Magnetenspecialist.nl\" \/>\n<meta property=\"article:modified_time\" content=\"2022-02-04T11:13:48+00:00\" \/>\n<meta property=\"og:image\" content=\"https:\/\/www.magnetenspecialist.nl\/wp-content\/uploads\/2018\/12\/Logo-640x480.jpg\" \/>\n<meta name=\"twitter:card\" content=\"summary_large_image\" \/>\n<meta name=\"twitter:site\" content=\"@magnetenspecial\" \/>\n<meta name=\"twitter:label1\" content=\"Dur\u00e9e de lecture estim\u00e9e\" \/>\n\t<meta name=\"twitter:data1\" content=\"2 minutes\" \/>\n<script type=\"application\/ld+json\" class=\"yoast-schema-graph\">{\"@context\":\"https:\/\/schema.org\",\"@graph\":[{\"@type\":\"WebPage\",\"@id\":\"https:\/\/www.magnetenspecialist.nl\/fr\/aimants-permanents\/\",\"url\":\"https:\/\/www.magnetenspecialist.nl\/fr\/aimants-permanents\/\",\"name\":\"Commandez des aimants permanents en ligne chez le sp\u00e9cialiste des aimants\",\"isPartOf\":{\"@id\":\"https:\/\/www.magnetenspecialist.nl\/fr\/#website\"},\"primaryImageOfPage\":{\"@id\":\"https:\/\/www.magnetenspecialist.nl\/fr\/aimants-permanents\/#primaryimage\"},\"image\":{\"@id\":\"https:\/\/www.magnetenspecialist.nl\/fr\/aimants-permanents\/#primaryimage\"},\"thumbnailUrl\":\"https:\/\/www.magnetenspecialist.nl\/wp-content\/uploads\/2018\/12\/Logo-640x480.jpg\",\"datePublished\":\"2019-08-14T08:35:51+00:00\",\"dateModified\":\"2022-02-04T11:13:48+00:00\",\"description\":\"Les aimants permanents sont ce que l'on appelle commun\u00e9ment des \\\"aimants\\\". Ce sont des mat\u00e9riaux aux propri\u00e9t\u00e9s magn\u00e9tiques.\",\"breadcrumb\":{\"@id\":\"https:\/\/www.magnetenspecialist.nl\/fr\/aimants-permanents\/#breadcrumb\"},\"inLanguage\":\"fr-FR\",\"potentialAction\":[{\"@type\":\"ReadAction\",\"target\":[\"https:\/\/www.magnetenspecialist.nl\/fr\/aimants-permanents\/\"]}]},{\"@type\":\"ImageObject\",\"inLanguage\":\"fr-FR\",\"@id\":\"https:\/\/www.magnetenspecialist.nl\/fr\/aimants-permanents\/#primaryimage\",\"url\":\"https:\/\/www.magnetenspecialist.nl\/wp-content\/uploads\/2018\/12\/Logo-640x480.jpg\",\"contentUrl\":\"https:\/\/www.magnetenspecialist.nl\/wp-content\/uploads\/2018\/12\/Logo-640x480.jpg\"},{\"@type\":\"BreadcrumbList\",\"@id\":\"https:\/\/www.magnetenspecialist.nl\/fr\/aimants-permanents\/#breadcrumb\",\"itemListElement\":[{\"@type\":\"ListItem\",\"position\":1,\"name\":\"Accueil\",\"item\":\"https:\/\/www.magnetenspecialist.nl\/fr\/accueil\/\"},{\"@type\":\"ListItem\",\"position\":2,\"name\":\"Aimants permanents\"}]},{\"@type\":\"WebSite\",\"@id\":\"https:\/\/www.magnetenspecialist.nl\/fr\/#website\",\"url\":\"https:\/\/www.magnetenspecialist.nl\/fr\/\",\"name\":\"Magnetenspecialist.nl\",\"description\":\"Vaste gamme d'aimants en n\u00e9odyme\",\"publisher\":{\"@id\":\"https:\/\/www.magnetenspecialist.nl\/fr\/#organization\"},\"potentialAction\":[{\"@type\":\"SearchAction\",\"target\":{\"@type\":\"EntryPoint\",\"urlTemplate\":\"https:\/\/www.magnetenspecialist.nl\/fr\/?s={search_term_string}\"},\"query-input\":{\"@type\":\"PropertyValueSpecification\",\"valueRequired\":true,\"valueName\":\"search_term_string\"}}],\"inLanguage\":\"fr-FR\"},{\"@type\":\"Organization\",\"@id\":\"https:\/\/www.magnetenspecialist.nl\/fr\/#organization\",\"name\":\"Magnetenspecialist.nl\",\"url\":\"https:\/\/www.magnetenspecialist.nl\/fr\/\",\"logo\":{\"@type\":\"ImageObject\",\"inLanguage\":\"fr-FR\",\"@id\":\"https:\/\/www.magnetenspecialist.nl\/fr\/#\/schema\/logo\/image\/\",\"url\":\"https:\/\/www.magnetenspecialist.nl\/wp-content\/uploads\/2018\/10\/magneten-logo.jpg\",\"contentUrl\":\"https:\/\/www.magnetenspecialist.nl\/wp-content\/uploads\/2018\/10\/magneten-logo.jpg\",\"width\":151,\"height\":151,\"caption\":\"Magnetenspecialist.nl\"},\"image\":{\"@id\":\"https:\/\/www.magnetenspecialist.nl\/fr\/#\/schema\/logo\/image\/\"},\"sameAs\":[\"https:\/\/www.facebook.com\/Magnetenspecialist.nl\",\"https:\/\/x.com\/magnetenspecial\"]}]}<\/script>\n<!-- \/ Yoast SEO Premium plugin. -->","yoast_head_json":{"title":"Commandez des aimants permanents en ligne chez le sp\u00e9cialiste des aimants","description":"Les aimants permanents sont ce que l'on appelle commun\u00e9ment des \"aimants\". Ce sont des mat\u00e9riaux aux propri\u00e9t\u00e9s magn\u00e9tiques.","robots":{"index":"index","follow":"follow","max-snippet":"max-snippet:-1","max-image-preview":"max-image-preview:large","max-video-preview":"max-video-preview:-1"},"canonical":"https:\/\/www.magnetenspecialist.nl\/fr\/aimants-permanents\/","og_locale":"fr_FR","og_type":"article","og_title":"Aimants permanents","og_description":"Les aimants permanents sont ce que l'on appelle commun\u00e9ment des \"aimants\". Ce sont des mat\u00e9riaux aux propri\u00e9t\u00e9s magn\u00e9tiques.","og_url":"https:\/\/www.magnetenspecialist.nl\/fr\/aimants-permanents\/","og_site_name":"Magnetenspecialist.nl","article_publisher":"https:\/\/www.facebook.com\/Magnetenspecialist.nl","article_modified_time":"2022-02-04T11:13:48+00:00","og_image":[{"url":"https:\/\/www.magnetenspecialist.nl\/wp-content\/uploads\/2018\/12\/Logo-640x480.jpg","type":"","width":"","height":""}],"twitter_card":"summary_large_image","twitter_site":"@magnetenspecial","twitter_misc":{"Dur\u00e9e de lecture estim\u00e9e":"2 minutes"},"schema":{"@context":"https:\/\/schema.org","@graph":[{"@type":"WebPage","@id":"https:\/\/www.magnetenspecialist.nl\/fr\/aimants-permanents\/","url":"https:\/\/www.magnetenspecialist.nl\/fr\/aimants-permanents\/","name":"Commandez des aimants permanents en ligne chez le sp\u00e9cialiste des aimants","isPartOf":{"@id":"https:\/\/www.magnetenspecialist.nl\/fr\/#website"},"primaryImageOfPage":{"@id":"https:\/\/www.magnetenspecialist.nl\/fr\/aimants-permanents\/#primaryimage"},"image":{"@id":"https:\/\/www.magnetenspecialist.nl\/fr\/aimants-permanents\/#primaryimage"},"thumbnailUrl":"https:\/\/www.magnetenspecialist.nl\/wp-content\/uploads\/2018\/12\/Logo-640x480.jpg","datePublished":"2019-08-14T08:35:51+00:00","dateModified":"2022-02-04T11:13:48+00:00","description":"Les aimants permanents sont ce que l'on appelle commun\u00e9ment des \"aimants\". Ce sont des mat\u00e9riaux aux propri\u00e9t\u00e9s magn\u00e9tiques.","breadcrumb":{"@id":"https:\/\/www.magnetenspecialist.nl\/fr\/aimants-permanents\/#breadcrumb"},"inLanguage":"fr-FR","potentialAction":[{"@type":"ReadAction","target":["https:\/\/www.magnetenspecialist.nl\/fr\/aimants-permanents\/"]}]},{"@type":"ImageObject","inLanguage":"fr-FR","@id":"https:\/\/www.magnetenspecialist.nl\/fr\/aimants-permanents\/#primaryimage","url":"https:\/\/www.magnetenspecialist.nl\/wp-content\/uploads\/2018\/12\/Logo-640x480.jpg","contentUrl":"https:\/\/www.magnetenspecialist.nl\/wp-content\/uploads\/2018\/12\/Logo-640x480.jpg"},{"@type":"BreadcrumbList","@id":"https:\/\/www.magnetenspecialist.nl\/fr\/aimants-permanents\/#breadcrumb","itemListElement":[{"@type":"ListItem","position":1,"name":"Accueil","item":"https:\/\/www.magnetenspecialist.nl\/fr\/accueil\/"},{"@type":"ListItem","position":2,"name":"Aimants permanents"}]},{"@type":"WebSite","@id":"https:\/\/www.magnetenspecialist.nl\/fr\/#website","url":"https:\/\/www.magnetenspecialist.nl\/fr\/","name":"Magnetenspecialist.nl","description":"Vaste gamme d'aimants en n\u00e9odyme","publisher":{"@id":"https:\/\/www.magnetenspecialist.nl\/fr\/#organization"},"potentialAction":[{"@type":"SearchAction","target":{"@type":"EntryPoint","urlTemplate":"https:\/\/www.magnetenspecialist.nl\/fr\/?s={search_term_string}"},"query-input":{"@type":"PropertyValueSpecification","valueRequired":true,"valueName":"search_term_string"}}],"inLanguage":"fr-FR"},{"@type":"Organization","@id":"https:\/\/www.magnetenspecialist.nl\/fr\/#organization","name":"Magnetenspecialist.nl","url":"https:\/\/www.magnetenspecialist.nl\/fr\/","logo":{"@type":"ImageObject","inLanguage":"fr-FR","@id":"https:\/\/www.magnetenspecialist.nl\/fr\/#\/schema\/logo\/image\/","url":"https:\/\/www.magnetenspecialist.nl\/wp-content\/uploads\/2018\/10\/magneten-logo.jpg","contentUrl":"https:\/\/www.magnetenspecialist.nl\/wp-content\/uploads\/2018\/10\/magneten-logo.jpg","width":151,"height":151,"caption":"Magnetenspecialist.nl"},"image":{"@id":"https:\/\/www.magnetenspecialist.nl\/fr\/#\/schema\/logo\/image\/"},"sameAs":["https:\/\/www.facebook.com\/Magnetenspecialist.nl","https:\/\/x.com\/magnetenspecial"]}]}},"_links":{"self":[{"href":"https:\/\/www.magnetenspecialist.nl\/fr\/wp-json\/wp\/v2\/pages\/105006","targetHints":{"allow":["GET"]}}],"collection":[{"href":"https:\/\/www.magnetenspecialist.nl\/fr\/wp-json\/wp\/v2\/pages"}],"about":[{"href":"https:\/\/www.magnetenspecialist.nl\/fr\/wp-json\/wp\/v2\/types\/page"}],"author":[{"embeddable":true,"href":"https:\/\/www.magnetenspecialist.nl\/fr\/wp-json\/wp\/v2\/users\/1"}],"replies":[{"embeddable":true,"href":"https:\/\/www.magnetenspecialist.nl\/fr\/wp-json\/wp\/v2\/comments?post=105006"}],"version-history":[{"count":0,"href":"https:\/\/www.magnetenspecialist.nl\/fr\/wp-json\/wp\/v2\/pages\/105006\/revisions"}],"wp:attachment":[{"href":"https:\/\/www.magnetenspecialist.nl\/fr\/wp-json\/wp\/v2\/media?parent=105006"}],"curies":[{"name":"wp","href":"https:\/\/api.w.org\/{rel}","templated":true}]}}