{"id":105016,"date":"2019-03-13T09:50:33","date_gmt":"2019-03-13T08:50:33","guid":{"rendered":"https:\/\/www.magnetenspecialist.nl\/aimants-pour-attacher-les-numeros-de-course-des-athletes\/"},"modified":"2024-09-10T15:03:58","modified_gmt":"2024-09-10T13:03:58","slug":"aimants-pour-attacher-les-numeros-de-course-des-athletes","status":"publish","type":"page","link":"https:\/\/www.magnetenspecialist.nl\/fr\/aimants-pour-attacher-les-numeros-de-course-des-athletes\/","title":{"rendered":"Aimant du num\u00e9ro de d\u00e9part"},"content":{"rendered":"\n<h2 class=\"wp-block-heading\" id=\"h-startnummer-magneten\">Aimants pour num\u00e9ros de d\u00e9part  <\/h2>\n\n<p>Les aimants sont la solution id\u00e9ale pour fixer un num\u00e9ro de d\u00e9part sur vos v\u00eatements de sport. Les aimants pour num\u00e9ros de dossard permettent, par exemple, de fixer un num\u00e9ro de dossard sur un v\u00eatement sans utiliser d&#8217;\u00e9pingles qui font des trous. Pour fixer un num\u00e9ro de d\u00e9part avec un aimant de num\u00e9ro de d\u00e9part, vous avez besoin de deux aimants.<\/p>\n\n<figure class=\"wp-block-image size-large\"><img decoding=\"async\" width=\"768\" height=\"1024\" src=\"https:\/\/www.magnetenspecialist.nl\/wp-content\/uploads\/2024\/04\/img_1863-scaled-1-768x1024.jpeg\" alt=\"\" class=\"wp-image-129649\" srcset=\"https:\/\/www.magnetenspecialist.nl\/wp-content\/uploads\/2024\/04\/img_1863-scaled-1-768x1024.jpeg 768w, https:\/\/www.magnetenspecialist.nl\/wp-content\/uploads\/2024\/04\/img_1863-scaled-1-225x300.jpeg 225w, https:\/\/www.magnetenspecialist.nl\/wp-content\/uploads\/2024\/04\/img_1863-scaled-1-1152x1536.jpeg 1152w, https:\/\/www.magnetenspecialist.nl\/wp-content\/uploads\/2024\/04\/img_1863-scaled-1-1536x2048.jpeg 1536w, https:\/\/www.magnetenspecialist.nl\/wp-content\/uploads\/2024\/04\/img_1863-scaled-1-600x800.jpeg 600w, https:\/\/www.magnetenspecialist.nl\/wp-content\/uploads\/2024\/04\/img_1863-scaled-1.jpeg 1920w\" sizes=\"(max-width: 768px) 100vw, 768px\" \/><\/figure>\n\n<div class=\"cta-banner\">\n    <h4>Voir nos aimants de num\u00e9ros de d\u00e9part<\/h4>\n    <a class=\"cta-banner-btn\" href=\"https:\/\/www.magnetenspecialist.nl\/?s=Startnummer+magneet&#038;post_type=product\" title=\"Voir nos aimants de num\u00e9ros de d\u00e9part\">Voir maintenant<\/a>\n<\/div>\n\n<h2 class=\"wp-block-heading\" id=\"h-startnummer-magneten-als-ideale-oplossing\">Les aimants de num\u00e9ros de d\u00e9part, une solution id\u00e9ale  <\/h2>\n\n<p>Un aimant pour num\u00e9ro de dossard se compose en fait de deux aimants : l&#8217;un se place \u00e0 l&#8217;int\u00e9rieur du v\u00eatement, l&#8217;autre sur l&#8217;objet (par exemple un num\u00e9ro de dossard) que vous souhaitez attacher \u00e0 votre v\u00eatement. Outre un num\u00e9ro de dossard, un aimant pour num\u00e9ro de dossard peut \u00e9galement \u00eatre utilis\u00e9 pour attacher un corsage \u00e0 votre v\u00eatement, par exemple. Quel que soit votre objectif, les aimants de num\u00e9ro de d\u00e9part vous permettent de fixer des objets \u00e0 vos v\u00eatements sans laisser de trous.  <\/p>\n","protected":false},"excerpt":{"rendered":"<p>Aimants pour num\u00e9ros de d\u00e9part Les aimants sont la solution id\u00e9ale pour fixer un num\u00e9ro de d\u00e9part sur vos v\u00eatements de sport. Les aimants pour num\u00e9ros de dossard permettent, par exemple, de fixer un num\u00e9ro de dossard sur un v\u00eatement sans utiliser d&#8217;\u00e9pingles qui font des trous. Pour fixer un num\u00e9ro de d\u00e9part avec un [&hellip;]<\/p>\n","protected":false},"author":1,"featured_media":129611,"parent":0,"menu_order":0,"comment_status":"closed","ping_status":"closed","template":"template-full.php","meta":{"_acf_changed":false,"footnotes":""},"class_list":["post-105016","page","type-page","status-publish","has-post-thumbnail","hentry"],"acf":[],"yoast_head":"<!-- This site is optimized with the Yoast SEO Premium plugin v24.7 (Yoast SEO v24.7) - https:\/\/yoast.com\/wordpress\/plugins\/seo\/ -->\n<title>Achat d&#039;aimants de num\u00e9ro de d\u00e9part chez Magnetenspecialist.co.uk<\/title>\n<meta name=\"description\" content=\"Nos aimants de num\u00e9ros de d\u00e9part sont livr\u00e9s par lot de 8 aimants. Vous pouvez donc toujours attacher 2 num\u00e9ros de d\u00e9part. Ils existent en 2 forces diff\u00e9rentes, consultez la boutique.\" \/>\n<meta name=\"robots\" content=\"index, follow, max-snippet:-1, max-image-preview:large, max-video-preview:-1\" \/>\n<link rel=\"canonical\" href=\"https:\/\/www.magnetenspecialist.nl\/fr\/aimants-pour-attacher-les-numeros-de-course-des-athletes\/\" \/>\n<meta property=\"og:locale\" content=\"fr_FR\" \/>\n<meta property=\"og:type\" content=\"article\" \/>\n<meta property=\"og:title\" content=\"Aimant du num\u00e9ro de d\u00e9part\" \/>\n<meta property=\"og:description\" content=\"Nos aimants de num\u00e9ros de d\u00e9part sont livr\u00e9s par lot de 8 aimants. Vous pouvez donc toujours attacher 2 num\u00e9ros de d\u00e9part. Ils existent en 2 forces diff\u00e9rentes, consultez la boutique.\" \/>\n<meta property=\"og:url\" content=\"https:\/\/www.magnetenspecialist.nl\/fr\/aimants-pour-attacher-les-numeros-de-course-des-athletes\/\" \/>\n<meta property=\"og:site_name\" content=\"Magnetenspecialist.nl\" \/>\n<meta property=\"article:publisher\" content=\"https:\/\/www.facebook.com\/Magnetenspecialist.nl\" \/>\n<meta property=\"article:modified_time\" content=\"2024-09-10T13:03:58+00:00\" \/>\n<meta property=\"og:image\" content=\"https:\/\/www.magnetenspecialist.nl\/wp-content\/uploads\/2024\/04\/img_1861-scaled.jpeg\" \/>\n\t<meta property=\"og:image:width\" content=\"1920\" \/>\n\t<meta property=\"og:image:height\" content=\"2560\" \/>\n\t<meta property=\"og:image:type\" content=\"image\/jpeg\" \/>\n<meta name=\"twitter:card\" content=\"summary_large_image\" \/>\n<meta name=\"twitter:site\" content=\"@magnetenspecial\" \/>\n<meta name=\"twitter:label1\" content=\"Dur\u00e9e de lecture estim\u00e9e\" \/>\n\t<meta name=\"twitter:data1\" content=\"1 minute\" \/>\n<script type=\"application\/ld+json\" class=\"yoast-schema-graph\">{\"@context\":\"https:\/\/schema.org\",\"@graph\":[{\"@type\":\"WebPage\",\"@id\":\"https:\/\/www.magnetenspecialist.nl\/fr\/aimants-pour-attacher-les-numeros-de-course-des-athletes\/\",\"url\":\"https:\/\/www.magnetenspecialist.nl\/fr\/aimants-pour-attacher-les-numeros-de-course-des-athletes\/\",\"name\":\"Achat d'aimants de num\u00e9ro de d\u00e9part chez Magnetenspecialist.co.uk\",\"isPartOf\":{\"@id\":\"https:\/\/www.magnetenspecialist.nl\/fr\/#website\"},\"primaryImageOfPage\":{\"@id\":\"https:\/\/www.magnetenspecialist.nl\/fr\/aimants-pour-attacher-les-numeros-de-course-des-athletes\/#primaryimage\"},\"image\":{\"@id\":\"https:\/\/www.magnetenspecialist.nl\/fr\/aimants-pour-attacher-les-numeros-de-course-des-athletes\/#primaryimage\"},\"thumbnailUrl\":\"https:\/\/www.magnetenspecialist.nl\/wp-content\/uploads\/2024\/04\/img_1861-scaled.jpeg\",\"datePublished\":\"2019-03-13T08:50:33+00:00\",\"dateModified\":\"2024-09-10T13:03:58+00:00\",\"description\":\"Nos aimants de num\u00e9ros de d\u00e9part sont livr\u00e9s par lot de 8 aimants. Vous pouvez donc toujours attacher 2 num\u00e9ros de d\u00e9part. Ils existent en 2 forces diff\u00e9rentes, consultez la boutique.\",\"breadcrumb\":{\"@id\":\"https:\/\/www.magnetenspecialist.nl\/fr\/aimants-pour-attacher-les-numeros-de-course-des-athletes\/#breadcrumb\"},\"inLanguage\":\"fr-FR\",\"potentialAction\":[{\"@type\":\"ReadAction\",\"target\":[\"https:\/\/www.magnetenspecialist.nl\/fr\/aimants-pour-attacher-les-numeros-de-course-des-athletes\/\"]}]},{\"@type\":\"ImageObject\",\"inLanguage\":\"fr-FR\",\"@id\":\"https:\/\/www.magnetenspecialist.nl\/fr\/aimants-pour-attacher-les-numeros-de-course-des-athletes\/#primaryimage\",\"url\":\"https:\/\/www.magnetenspecialist.nl\/wp-content\/uploads\/2024\/04\/img_1861-scaled.jpeg\",\"contentUrl\":\"https:\/\/www.magnetenspecialist.nl\/wp-content\/uploads\/2024\/04\/img_1861-scaled.jpeg\",\"width\":1920,\"height\":2560},{\"@type\":\"BreadcrumbList\",\"@id\":\"https:\/\/www.magnetenspecialist.nl\/fr\/aimants-pour-attacher-les-numeros-de-course-des-athletes\/#breadcrumb\",\"itemListElement\":[{\"@type\":\"ListItem\",\"position\":1,\"name\":\"Accueil\",\"item\":\"https:\/\/www.magnetenspecialist.nl\/fr\/accueil\/\"},{\"@type\":\"ListItem\",\"position\":2,\"name\":\"Aimant du num\u00e9ro de d\u00e9part\"}]},{\"@type\":\"WebSite\",\"@id\":\"https:\/\/www.magnetenspecialist.nl\/fr\/#website\",\"url\":\"https:\/\/www.magnetenspecialist.nl\/fr\/\",\"name\":\"Magnetenspecialist.nl\",\"description\":\"Vaste gamme d'aimants en n\u00e9odyme\",\"publisher\":{\"@id\":\"https:\/\/www.magnetenspecialist.nl\/fr\/#organization\"},\"potentialAction\":[{\"@type\":\"SearchAction\",\"target\":{\"@type\":\"EntryPoint\",\"urlTemplate\":\"https:\/\/www.magnetenspecialist.nl\/fr\/?s={search_term_string}\"},\"query-input\":{\"@type\":\"PropertyValueSpecification\",\"valueRequired\":true,\"valueName\":\"search_term_string\"}}],\"inLanguage\":\"fr-FR\"},{\"@type\":\"Organization\",\"@id\":\"https:\/\/www.magnetenspecialist.nl\/fr\/#organization\",\"name\":\"Magnetenspecialist.nl\",\"url\":\"https:\/\/www.magnetenspecialist.nl\/fr\/\",\"logo\":{\"@type\":\"ImageObject\",\"inLanguage\":\"fr-FR\",\"@id\":\"https:\/\/www.magnetenspecialist.nl\/fr\/#\/schema\/logo\/image\/\",\"url\":\"https:\/\/www.magnetenspecialist.nl\/wp-content\/uploads\/2018\/10\/magneten-logo.jpg\",\"contentUrl\":\"https:\/\/www.magnetenspecialist.nl\/wp-content\/uploads\/2018\/10\/magneten-logo.jpg\",\"width\":151,\"height\":151,\"caption\":\"Magnetenspecialist.nl\"},\"image\":{\"@id\":\"https:\/\/www.magnetenspecialist.nl\/fr\/#\/schema\/logo\/image\/\"},\"sameAs\":[\"https:\/\/www.facebook.com\/Magnetenspecialist.nl\",\"https:\/\/x.com\/magnetenspecial\"]}]}<\/script>\n<!-- \/ Yoast SEO Premium plugin. -->","yoast_head_json":{"title":"Achat d'aimants de num\u00e9ro de d\u00e9part chez Magnetenspecialist.co.uk","description":"Nos aimants de num\u00e9ros de d\u00e9part sont livr\u00e9s par lot de 8 aimants. Vous pouvez donc toujours attacher 2 num\u00e9ros de d\u00e9part. Ils existent en 2 forces diff\u00e9rentes, consultez la boutique.","robots":{"index":"index","follow":"follow","max-snippet":"max-snippet:-1","max-image-preview":"max-image-preview:large","max-video-preview":"max-video-preview:-1"},"canonical":"https:\/\/www.magnetenspecialist.nl\/fr\/aimants-pour-attacher-les-numeros-de-course-des-athletes\/","og_locale":"fr_FR","og_type":"article","og_title":"Aimant du num\u00e9ro de d\u00e9part","og_description":"Nos aimants de num\u00e9ros de d\u00e9part sont livr\u00e9s par lot de 8 aimants. Vous pouvez donc toujours attacher 2 num\u00e9ros de d\u00e9part. Ils existent en 2 forces diff\u00e9rentes, consultez la boutique.","og_url":"https:\/\/www.magnetenspecialist.nl\/fr\/aimants-pour-attacher-les-numeros-de-course-des-athletes\/","og_site_name":"Magnetenspecialist.nl","article_publisher":"https:\/\/www.facebook.com\/Magnetenspecialist.nl","article_modified_time":"2024-09-10T13:03:58+00:00","og_image":[{"width":1920,"height":2560,"url":"https:\/\/www.magnetenspecialist.nl\/wp-content\/uploads\/2024\/04\/img_1861-scaled.jpeg","type":"image\/jpeg"}],"twitter_card":"summary_large_image","twitter_site":"@magnetenspecial","twitter_misc":{"Dur\u00e9e de lecture estim\u00e9e":"1 minute"},"schema":{"@context":"https:\/\/schema.org","@graph":[{"@type":"WebPage","@id":"https:\/\/www.magnetenspecialist.nl\/fr\/aimants-pour-attacher-les-numeros-de-course-des-athletes\/","url":"https:\/\/www.magnetenspecialist.nl\/fr\/aimants-pour-attacher-les-numeros-de-course-des-athletes\/","name":"Achat d'aimants de num\u00e9ro de d\u00e9part chez Magnetenspecialist.co.uk","isPartOf":{"@id":"https:\/\/www.magnetenspecialist.nl\/fr\/#website"},"primaryImageOfPage":{"@id":"https:\/\/www.magnetenspecialist.nl\/fr\/aimants-pour-attacher-les-numeros-de-course-des-athletes\/#primaryimage"},"image":{"@id":"https:\/\/www.magnetenspecialist.nl\/fr\/aimants-pour-attacher-les-numeros-de-course-des-athletes\/#primaryimage"},"thumbnailUrl":"https:\/\/www.magnetenspecialist.nl\/wp-content\/uploads\/2024\/04\/img_1861-scaled.jpeg","datePublished":"2019-03-13T08:50:33+00:00","dateModified":"2024-09-10T13:03:58+00:00","description":"Nos aimants de num\u00e9ros de d\u00e9part sont livr\u00e9s par lot de 8 aimants. Vous pouvez donc toujours attacher 2 num\u00e9ros de d\u00e9part. Ils existent en 2 forces diff\u00e9rentes, consultez la boutique.","breadcrumb":{"@id":"https:\/\/www.magnetenspecialist.nl\/fr\/aimants-pour-attacher-les-numeros-de-course-des-athletes\/#breadcrumb"},"inLanguage":"fr-FR","potentialAction":[{"@type":"ReadAction","target":["https:\/\/www.magnetenspecialist.nl\/fr\/aimants-pour-attacher-les-numeros-de-course-des-athletes\/"]}]},{"@type":"ImageObject","inLanguage":"fr-FR","@id":"https:\/\/www.magnetenspecialist.nl\/fr\/aimants-pour-attacher-les-numeros-de-course-des-athletes\/#primaryimage","url":"https:\/\/www.magnetenspecialist.nl\/wp-content\/uploads\/2024\/04\/img_1861-scaled.jpeg","contentUrl":"https:\/\/www.magnetenspecialist.nl\/wp-content\/uploads\/2024\/04\/img_1861-scaled.jpeg","width":1920,"height":2560},{"@type":"BreadcrumbList","@id":"https:\/\/www.magnetenspecialist.nl\/fr\/aimants-pour-attacher-les-numeros-de-course-des-athletes\/#breadcrumb","itemListElement":[{"@type":"ListItem","position":1,"name":"Accueil","item":"https:\/\/www.magnetenspecialist.nl\/fr\/accueil\/"},{"@type":"ListItem","position":2,"name":"Aimant du num\u00e9ro de d\u00e9part"}]},{"@type":"WebSite","@id":"https:\/\/www.magnetenspecialist.nl\/fr\/#website","url":"https:\/\/www.magnetenspecialist.nl\/fr\/","name":"Magnetenspecialist.nl","description":"Vaste gamme d'aimants en n\u00e9odyme","publisher":{"@id":"https:\/\/www.magnetenspecialist.nl\/fr\/#organization"},"potentialAction":[{"@type":"SearchAction","target":{"@type":"EntryPoint","urlTemplate":"https:\/\/www.magnetenspecialist.nl\/fr\/?s={search_term_string}"},"query-input":{"@type":"PropertyValueSpecification","valueRequired":true,"valueName":"search_term_string"}}],"inLanguage":"fr-FR"},{"@type":"Organization","@id":"https:\/\/www.magnetenspecialist.nl\/fr\/#organization","name":"Magnetenspecialist.nl","url":"https:\/\/www.magnetenspecialist.nl\/fr\/","logo":{"@type":"ImageObject","inLanguage":"fr-FR","@id":"https:\/\/www.magnetenspecialist.nl\/fr\/#\/schema\/logo\/image\/","url":"https:\/\/www.magnetenspecialist.nl\/wp-content\/uploads\/2018\/10\/magneten-logo.jpg","contentUrl":"https:\/\/www.magnetenspecialist.nl\/wp-content\/uploads\/2018\/10\/magneten-logo.jpg","width":151,"height":151,"caption":"Magnetenspecialist.nl"},"image":{"@id":"https:\/\/www.magnetenspecialist.nl\/fr\/#\/schema\/logo\/image\/"},"sameAs":["https:\/\/www.facebook.com\/Magnetenspecialist.nl","https:\/\/x.com\/magnetenspecial"]}]}},"_links":{"self":[{"href":"https:\/\/www.magnetenspecialist.nl\/fr\/wp-json\/wp\/v2\/pages\/105016","targetHints":{"allow":["GET"]}}],"collection":[{"href":"https:\/\/www.magnetenspecialist.nl\/fr\/wp-json\/wp\/v2\/pages"}],"about":[{"href":"https:\/\/www.magnetenspecialist.nl\/fr\/wp-json\/wp\/v2\/types\/page"}],"author":[{"embeddable":true,"href":"https:\/\/www.magnetenspecialist.nl\/fr\/wp-json\/wp\/v2\/users\/1"}],"replies":[{"embeddable":true,"href":"https:\/\/www.magnetenspecialist.nl\/fr\/wp-json\/wp\/v2\/comments?post=105016"}],"version-history":[{"count":2,"href":"https:\/\/www.magnetenspecialist.nl\/fr\/wp-json\/wp\/v2\/pages\/105016\/revisions"}],"predecessor-version":[{"id":132801,"href":"https:\/\/www.magnetenspecialist.nl\/fr\/wp-json\/wp\/v2\/pages\/105016\/revisions\/132801"}],"wp:featuredmedia":[{"embeddable":true,"href":"https:\/\/www.magnetenspecialist.nl\/fr\/wp-json\/wp\/v2\/media\/129611"}],"wp:attachment":[{"href":"https:\/\/www.magnetenspecialist.nl\/fr\/wp-json\/wp\/v2\/media?parent=105016"}],"curies":[{"name":"wp","href":"https:\/\/api.w.org\/{rel}","templated":true}]}}