{"id":105038,"date":"2019-03-13T09:42:57","date_gmt":"2019-03-13T08:42:57","guid":{"rendered":"https:\/\/www.magnetenspecialist.nl\/aimants-de-corsage\/"},"modified":"2022-02-04T12:13:49","modified_gmt":"2022-02-04T11:13:49","slug":"aimants-de-corsage","status":"publish","type":"page","link":"https:\/\/www.magnetenspecialist.nl\/fr\/aimants-de-corsage\/","title":{"rendered":"Aimants de corsage"},"content":{"rendered":"\n<div class=\"row d-flex align-items-center\">\n<div class=\"col-md-6 col-lg-4 col-xl-3\">\n<figure class=\"wp-block-image\"><img decoding=\"async\" src=\"https:\/\/www.magnetenspecialist.nl\/wp-content\/uploads\/2019\/03\/Image-144.png\" alt=\"corsage magneten\" class=\"aligncenter\"\/><\/figure><\/div>\n\n<div class=\"col-md-6 col-lg-8 col-xl-9\">\n<h2>Des aimants \u00e0 corsage rapidement \u00e0 la maison  <\/h2>\n<p>Les aimants sont la solution id\u00e9ale pour attacher un corsage. Les aimants de corsage permettent d&#8217;attacher un corsage aux v\u00eatements sans utiliser d&#8217;\u00e9pingles qui provoquent des trous. Pour fixer un corsage avec des aimants, vous avez besoin de deux aimants. La fixation par aimant est aussi solide que celle par \u00e9pingle, vous n&#8217;avez donc pas \u00e0 craindre de perdre votre corsage.<\/p>\n<\/div>\n<\/div>\n\n<h2 class=\"wp-block-heading\">Les aimants corsage comme solution id\u00e9ale<\/h2>\n\n<p>Un aimant corsage se compose en fait de deux aimants, un aimant va \u00e0 l&#8217;int\u00e9rieur du v\u00eatement, l&#8217;autre sur l&#8217;objet que vous souhaitez attacher \u00e0 votre v\u00eatement. En plus d&#8217;un corsage, un aimant de corsage peut \u00e9galement \u00eatre utilis\u00e9 pour, par exemple, attacher le num\u00e9ro de d\u00e9part \u00e0 vos v\u00eatements lors d&#8217;une comp\u00e9tition sportive. Quel que soit le but pour vous, les aimants corsage vous permettent d&#8217;attacher des objets \u00e0 vos v\u00eatements sans laisser de trous.<\/p>\n\n<div class=\"cta-banner\">\n    <h4>Trouvez votre aimant \u00e0 corsage id\u00e9al<\/h4>\n    <a class=\"cta-banner-btn\" href=\"https:\/\/www.magnetenspecialist.nl\/?s=Corsage+magneten&#038;post_type=product\" title=\"Zoek uw ideale corsagemagneet\">Voir maintenant<\/a>\n<\/div>\n\n<h2 class=\"wp-block-heading\">\u00c9galement appel\u00e9 aimant de num\u00e9ro de d\u00e9part<\/h2>\n\n<p>Les aimants de corsage peuvent \u00e9galement servir d&#8217;aimants de num\u00e9ro de course. Pratique pour confirmer rapidement votre num\u00e9ro de d\u00e9part lors d&#8217;une comp\u00e9tition ou d&#8217;un \u00e9v\u00e9nement sportif. Dans ce cas, vous avez souvent besoin de 4 aimants pour une fixation solide. L&#8217;avantage est que vous n&#8217;avez pas \u00e0 percer des trous dans vos v\u00eatements de sport souvent co\u00fbteux. Nos aimants en n\u00e9odyme sont tr\u00e8s puissants et donc parfaitement adapt\u00e9s comme aimants de num\u00e9ro de d\u00e9part. M\u00eame avec des mouvements tr\u00e8s intenses, les aimants ne l\u00e2cheront pas leur connexion.<\/p>\n\n<h3 class=\"wp-block-heading\">Besoin d&#8217;un conseil? Le sp\u00e9cialiste des aimants aide.<\/h3>\n\n<p>Besoin de conseils sur l&#8217;aimant le mieux adapt\u00e9 \u00e0 vos besoins ? Contactez nous s&#8217;il vous plait. Nous pouvons vous en dire beaucoup sur nos aimants et leurs diverses applications gr\u00e2ce \u00e0 notre exp\u00e9rience.<\/p>\n","protected":false},"excerpt":{"rendered":"<p>Les aimants corsage comme solution id\u00e9ale Un aimant corsage se compose en fait de deux aimants, un aimant va \u00e0 l&#8217;int\u00e9rieur du v\u00eatement, l&#8217;autre sur l&#8217;objet que vous souhaitez attacher \u00e0 votre v\u00eatement. En plus d&#8217;un corsage, un aimant de corsage peut \u00e9galement \u00eatre utilis\u00e9 pour, par exemple, attacher le num\u00e9ro de d\u00e9part \u00e0 vos [&hellip;]<\/p>\n","protected":false},"author":1,"featured_media":0,"parent":0,"menu_order":0,"comment_status":"closed","ping_status":"closed","template":"template-full.php","meta":{"_acf_changed":false,"footnotes":""},"class_list":["post-105038","page","type-page","status-publish","hentry"],"acf":[],"yoast_head":"<!-- This site is optimized with the Yoast SEO Premium plugin v24.7 (Yoast SEO v24.7) - https:\/\/yoast.com\/wordpress\/plugins\/seo\/ -->\n<title>Aimants Corsage Acheter en ligne | Le sp\u00e9cialiste des aimants<\/title>\n<meta name=\"description\" content=\"Vous pouvez acheter des aimants de corsage en ligne chez Magnetenspecialist. Ces aimants peuvent \u00e9galement servir d&#039;aimants de num\u00e9ro de d\u00e9part. Le sp\u00e9cialiste des aimants en ligne.\" \/>\n<meta name=\"robots\" content=\"index, follow, max-snippet:-1, max-image-preview:large, max-video-preview:-1\" \/>\n<link rel=\"canonical\" href=\"https:\/\/www.magnetenspecialist.nl\/fr\/aimants-de-corsage\/\" \/>\n<meta property=\"og:locale\" content=\"fr_FR\" \/>\n<meta property=\"og:type\" content=\"article\" \/>\n<meta property=\"og:title\" content=\"Aimants de corsage\" \/>\n<meta property=\"og:description\" content=\"Vous pouvez acheter des aimants de corsage en ligne chez Magnetenspecialist. Ces aimants peuvent \u00e9galement servir d&#039;aimants de num\u00e9ro de d\u00e9part. Le sp\u00e9cialiste des aimants en ligne.\" \/>\n<meta property=\"og:url\" content=\"https:\/\/www.magnetenspecialist.nl\/fr\/aimants-de-corsage\/\" \/>\n<meta property=\"og:site_name\" content=\"Magnetenspecialist.nl\" \/>\n<meta property=\"article:publisher\" content=\"https:\/\/www.facebook.com\/Magnetenspecialist.nl\" \/>\n<meta property=\"article:modified_time\" content=\"2022-02-04T11:13:49+00:00\" \/>\n<meta name=\"twitter:card\" content=\"summary_large_image\" \/>\n<meta name=\"twitter:site\" content=\"@magnetenspecial\" \/>\n<meta name=\"twitter:label1\" content=\"Dur\u00e9e de lecture estim\u00e9e\" \/>\n\t<meta name=\"twitter:data1\" content=\"1 minute\" \/>\n<script type=\"application\/ld+json\" class=\"yoast-schema-graph\">{\"@context\":\"https:\/\/schema.org\",\"@graph\":[{\"@type\":\"WebPage\",\"@id\":\"https:\/\/www.magnetenspecialist.nl\/fr\/aimants-de-corsage\/\",\"url\":\"https:\/\/www.magnetenspecialist.nl\/fr\/aimants-de-corsage\/\",\"name\":\"Aimants Corsage Acheter en ligne | Le sp\u00e9cialiste des aimants\",\"isPartOf\":{\"@id\":\"https:\/\/www.magnetenspecialist.nl\/fr\/#website\"},\"datePublished\":\"2019-03-13T08:42:57+00:00\",\"dateModified\":\"2022-02-04T11:13:49+00:00\",\"description\":\"Vous pouvez acheter des aimants de corsage en ligne chez Magnetenspecialist. Ces aimants peuvent \u00e9galement servir d'aimants de num\u00e9ro de d\u00e9part. Le sp\u00e9cialiste des aimants en ligne.\",\"breadcrumb\":{\"@id\":\"https:\/\/www.magnetenspecialist.nl\/fr\/aimants-de-corsage\/#breadcrumb\"},\"inLanguage\":\"fr-FR\",\"potentialAction\":[{\"@type\":\"ReadAction\",\"target\":[\"https:\/\/www.magnetenspecialist.nl\/fr\/aimants-de-corsage\/\"]}]},{\"@type\":\"BreadcrumbList\",\"@id\":\"https:\/\/www.magnetenspecialist.nl\/fr\/aimants-de-corsage\/#breadcrumb\",\"itemListElement\":[{\"@type\":\"ListItem\",\"position\":1,\"name\":\"Accueil\",\"item\":\"https:\/\/www.magnetenspecialist.nl\/fr\/accueil\/\"},{\"@type\":\"ListItem\",\"position\":2,\"name\":\"Aimants de corsage\"}]},{\"@type\":\"WebSite\",\"@id\":\"https:\/\/www.magnetenspecialist.nl\/fr\/#website\",\"url\":\"https:\/\/www.magnetenspecialist.nl\/fr\/\",\"name\":\"Magnetenspecialist.nl\",\"description\":\"Vaste gamme d'aimants en n\u00e9odyme\",\"publisher\":{\"@id\":\"https:\/\/www.magnetenspecialist.nl\/fr\/#organization\"},\"potentialAction\":[{\"@type\":\"SearchAction\",\"target\":{\"@type\":\"EntryPoint\",\"urlTemplate\":\"https:\/\/www.magnetenspecialist.nl\/fr\/?s={search_term_string}\"},\"query-input\":{\"@type\":\"PropertyValueSpecification\",\"valueRequired\":true,\"valueName\":\"search_term_string\"}}],\"inLanguage\":\"fr-FR\"},{\"@type\":\"Organization\",\"@id\":\"https:\/\/www.magnetenspecialist.nl\/fr\/#organization\",\"name\":\"Magnetenspecialist.nl\",\"url\":\"https:\/\/www.magnetenspecialist.nl\/fr\/\",\"logo\":{\"@type\":\"ImageObject\",\"inLanguage\":\"fr-FR\",\"@id\":\"https:\/\/www.magnetenspecialist.nl\/fr\/#\/schema\/logo\/image\/\",\"url\":\"https:\/\/www.magnetenspecialist.nl\/wp-content\/uploads\/2018\/10\/magneten-logo.jpg\",\"contentUrl\":\"https:\/\/www.magnetenspecialist.nl\/wp-content\/uploads\/2018\/10\/magneten-logo.jpg\",\"width\":151,\"height\":151,\"caption\":\"Magnetenspecialist.nl\"},\"image\":{\"@id\":\"https:\/\/www.magnetenspecialist.nl\/fr\/#\/schema\/logo\/image\/\"},\"sameAs\":[\"https:\/\/www.facebook.com\/Magnetenspecialist.nl\",\"https:\/\/x.com\/magnetenspecial\"]}]}<\/script>\n<!-- \/ Yoast SEO Premium plugin. -->","yoast_head_json":{"title":"Aimants Corsage Acheter en ligne | Le sp\u00e9cialiste des aimants","description":"Vous pouvez acheter des aimants de corsage en ligne chez Magnetenspecialist. Ces aimants peuvent \u00e9galement servir d'aimants de num\u00e9ro de d\u00e9part. Le sp\u00e9cialiste des aimants en ligne.","robots":{"index":"index","follow":"follow","max-snippet":"max-snippet:-1","max-image-preview":"max-image-preview:large","max-video-preview":"max-video-preview:-1"},"canonical":"https:\/\/www.magnetenspecialist.nl\/fr\/aimants-de-corsage\/","og_locale":"fr_FR","og_type":"article","og_title":"Aimants de corsage","og_description":"Vous pouvez acheter des aimants de corsage en ligne chez Magnetenspecialist. Ces aimants peuvent \u00e9galement servir d'aimants de num\u00e9ro de d\u00e9part. Le sp\u00e9cialiste des aimants en ligne.","og_url":"https:\/\/www.magnetenspecialist.nl\/fr\/aimants-de-corsage\/","og_site_name":"Magnetenspecialist.nl","article_publisher":"https:\/\/www.facebook.com\/Magnetenspecialist.nl","article_modified_time":"2022-02-04T11:13:49+00:00","twitter_card":"summary_large_image","twitter_site":"@magnetenspecial","twitter_misc":{"Dur\u00e9e de lecture estim\u00e9e":"1 minute"},"schema":{"@context":"https:\/\/schema.org","@graph":[{"@type":"WebPage","@id":"https:\/\/www.magnetenspecialist.nl\/fr\/aimants-de-corsage\/","url":"https:\/\/www.magnetenspecialist.nl\/fr\/aimants-de-corsage\/","name":"Aimants Corsage Acheter en ligne | Le sp\u00e9cialiste des aimants","isPartOf":{"@id":"https:\/\/www.magnetenspecialist.nl\/fr\/#website"},"datePublished":"2019-03-13T08:42:57+00:00","dateModified":"2022-02-04T11:13:49+00:00","description":"Vous pouvez acheter des aimants de corsage en ligne chez Magnetenspecialist. Ces aimants peuvent \u00e9galement servir d'aimants de num\u00e9ro de d\u00e9part. Le sp\u00e9cialiste des aimants en ligne.","breadcrumb":{"@id":"https:\/\/www.magnetenspecialist.nl\/fr\/aimants-de-corsage\/#breadcrumb"},"inLanguage":"fr-FR","potentialAction":[{"@type":"ReadAction","target":["https:\/\/www.magnetenspecialist.nl\/fr\/aimants-de-corsage\/"]}]},{"@type":"BreadcrumbList","@id":"https:\/\/www.magnetenspecialist.nl\/fr\/aimants-de-corsage\/#breadcrumb","itemListElement":[{"@type":"ListItem","position":1,"name":"Accueil","item":"https:\/\/www.magnetenspecialist.nl\/fr\/accueil\/"},{"@type":"ListItem","position":2,"name":"Aimants de corsage"}]},{"@type":"WebSite","@id":"https:\/\/www.magnetenspecialist.nl\/fr\/#website","url":"https:\/\/www.magnetenspecialist.nl\/fr\/","name":"Magnetenspecialist.nl","description":"Vaste gamme d'aimants en n\u00e9odyme","publisher":{"@id":"https:\/\/www.magnetenspecialist.nl\/fr\/#organization"},"potentialAction":[{"@type":"SearchAction","target":{"@type":"EntryPoint","urlTemplate":"https:\/\/www.magnetenspecialist.nl\/fr\/?s={search_term_string}"},"query-input":{"@type":"PropertyValueSpecification","valueRequired":true,"valueName":"search_term_string"}}],"inLanguage":"fr-FR"},{"@type":"Organization","@id":"https:\/\/www.magnetenspecialist.nl\/fr\/#organization","name":"Magnetenspecialist.nl","url":"https:\/\/www.magnetenspecialist.nl\/fr\/","logo":{"@type":"ImageObject","inLanguage":"fr-FR","@id":"https:\/\/www.magnetenspecialist.nl\/fr\/#\/schema\/logo\/image\/","url":"https:\/\/www.magnetenspecialist.nl\/wp-content\/uploads\/2018\/10\/magneten-logo.jpg","contentUrl":"https:\/\/www.magnetenspecialist.nl\/wp-content\/uploads\/2018\/10\/magneten-logo.jpg","width":151,"height":151,"caption":"Magnetenspecialist.nl"},"image":{"@id":"https:\/\/www.magnetenspecialist.nl\/fr\/#\/schema\/logo\/image\/"},"sameAs":["https:\/\/www.facebook.com\/Magnetenspecialist.nl","https:\/\/x.com\/magnetenspecial"]}]}},"_links":{"self":[{"href":"https:\/\/www.magnetenspecialist.nl\/fr\/wp-json\/wp\/v2\/pages\/105038","targetHints":{"allow":["GET"]}}],"collection":[{"href":"https:\/\/www.magnetenspecialist.nl\/fr\/wp-json\/wp\/v2\/pages"}],"about":[{"href":"https:\/\/www.magnetenspecialist.nl\/fr\/wp-json\/wp\/v2\/types\/page"}],"author":[{"embeddable":true,"href":"https:\/\/www.magnetenspecialist.nl\/fr\/wp-json\/wp\/v2\/users\/1"}],"replies":[{"embeddable":true,"href":"https:\/\/www.magnetenspecialist.nl\/fr\/wp-json\/wp\/v2\/comments?post=105038"}],"version-history":[{"count":0,"href":"https:\/\/www.magnetenspecialist.nl\/fr\/wp-json\/wp\/v2\/pages\/105038\/revisions"}],"wp:attachment":[{"href":"https:\/\/www.magnetenspecialist.nl\/fr\/wp-json\/wp\/v2\/media?parent=105038"}],"curies":[{"name":"wp","href":"https:\/\/api.w.org\/{rel}","templated":true}]}}