{"id":105042,"date":"2018-10-26T11:45:05","date_gmt":"2018-10-26T09:45:05","guid":{"rendered":"https:\/\/www.magnetenspecialist.nl\/paiement\/"},"modified":"2022-02-04T12:13:46","modified_gmt":"2022-02-04T11:13:46","slug":"paiement","status":"publish","type":"page","link":"https:\/\/www.magnetenspecialist.nl\/fr\/service-clients\/paiement\/","title":{"rendered":"Paiement"},"content":{"rendered":"\n<p><strong>Quelles m\u00e9thodes de paiement puis-je utiliser ?<\/strong><br\/>\nVous pouvez utiliser les modes de paiement suivants :\n<\/p><ul><li>Contre-remboursement<\/li>\n<li>Paypal<\/li>\n<li>iDeal<\/li>\n<li>Transfert<\/li>\n<\/ul><p><strong>Comment sont structur\u00e9s les prix indiqu\u00e9s sur le site web ?<\/strong><br\/>\nTous les prix des aimants qui peuvent \u00eatre command\u00e9s sur magnetenspecialist.nl incluent la TVA. La date d&#8217;exp\u00e9dition est utilis\u00e9e comme date d&#8217;achat sur la facture que vous recevrez de nous par e-mail au format PDF.<\/p>\n\n<p><strong>Puis-je payer ma commande sur la base de la facture ?<\/strong><br\/>\nSi, vous le pouvez ! Vous pouvez choisir de payer en esp\u00e8ces \u00e0 la livraison ou d&#8217;effectuer un virement manuel sur la base de la facture. Lorsque vous payez directement en ligne, les aimants sont souvent exp\u00e9di\u00e9s le jour m\u00eame apr\u00e8s r\u00e9ception du paiement par nos soins. Vous avez command\u00e9 mais n&#8217;avez pas encore pay\u00e9 ? Vous pouvez ensuite effectuer votre paiement en utilisant un lien dans la confirmation de la commande.<\/p>\n\n<p>Voulez-vous transf\u00e9rer le montant manuellement ? Vous trouverez \u00e9galement nos coordonn\u00e9es bancaires dans l&#8217;e-mail de confirmation de votre commande. Bien s\u00fbr, il y a des exceptions et des possibilit\u00e9s. Consultez votre gestionnaire de compte personnel de Magnetenspecialist.nl \u00e0 ce sujet.<\/p>\n\n<p><\/p>\n","protected":false},"excerpt":{"rendered":"<p>Quelles m\u00e9thodes de paiement puis-je utiliser ? Vous pouvez utiliser les modes de paiement suivants : Contre-remboursement Paypal iDeal Transfert Comment sont structur\u00e9s les prix indiqu\u00e9s sur le site web ? Tous les prix des aimants qui peuvent \u00eatre command\u00e9s sur magnetenspecialist.nl incluent la TVA. La date d&#8217;exp\u00e9dition est utilis\u00e9e comme date d&#8217;achat sur la [&hellip;]<\/p>\n","protected":false},"author":1,"featured_media":89558,"parent":105050,"menu_order":0,"comment_status":"closed","ping_status":"closed","template":"template-service.php","meta":{"_acf_changed":false,"footnotes":""},"class_list":["post-105042","page","type-page","status-publish","has-post-thumbnail","hentry"],"acf":[],"yoast_head":"<!-- This site is optimized with the Yoast SEO Premium plugin v24.7 (Yoast SEO v24.7) - https:\/\/yoast.com\/wordpress\/plugins\/seo\/ -->\n<title>Magnetenspecialist.nl | Options de paiement | Lisez tout sur le paiement ici<\/title>\n<meta name=\"description\" content=\"Chez Magnetenspecialist, vous payez comme vous le souhaitez. Faites votre choix entre Paiement \u00e0 la livraison, Paypal, iDeal ou virement bancaire. Commandez vos aimants en ligne.\" \/>\n<meta name=\"robots\" content=\"index, follow, max-snippet:-1, max-image-preview:large, max-video-preview:-1\" \/>\n<link rel=\"canonical\" href=\"https:\/\/www.magnetenspecialist.nl\/fr\/service-clients\/paiement\/\" \/>\n<meta property=\"og:locale\" content=\"fr_FR\" \/>\n<meta property=\"og:type\" content=\"article\" \/>\n<meta property=\"og:title\" content=\"Paiement\" \/>\n<meta property=\"og:description\" content=\"Chez Magnetenspecialist, vous payez comme vous le souhaitez. Faites votre choix entre Paiement \u00e0 la livraison, Paypal, iDeal ou virement bancaire. Commandez vos aimants en ligne.\" \/>\n<meta property=\"og:url\" content=\"https:\/\/www.magnetenspecialist.nl\/fr\/service-clients\/paiement\/\" \/>\n<meta property=\"og:site_name\" content=\"Magnetenspecialist.nl\" \/>\n<meta property=\"article:publisher\" content=\"https:\/\/www.facebook.com\/Magnetenspecialist.nl\" \/>\n<meta property=\"article:modified_time\" content=\"2022-02-04T11:13:46+00:00\" \/>\n<meta name=\"twitter:card\" content=\"summary_large_image\" \/>\n<meta name=\"twitter:site\" content=\"@magnetenspecial\" \/>\n<meta name=\"twitter:label1\" content=\"Dur\u00e9e de lecture estim\u00e9e\" \/>\n\t<meta name=\"twitter:data1\" content=\"1 minute\" \/>\n<script type=\"application\/ld+json\" class=\"yoast-schema-graph\">{\"@context\":\"https:\/\/schema.org\",\"@graph\":[{\"@type\":\"WebPage\",\"@id\":\"https:\/\/www.magnetenspecialist.nl\/fr\/service-clients\/paiement\/\",\"url\":\"https:\/\/www.magnetenspecialist.nl\/fr\/service-clients\/paiement\/\",\"name\":\"Magnetenspecialist.nl | Options de paiement | Lisez tout sur le paiement ici\",\"isPartOf\":{\"@id\":\"https:\/\/www.magnetenspecialist.nl\/fr\/#website\"},\"primaryImageOfPage\":{\"@id\":\"https:\/\/www.magnetenspecialist.nl\/fr\/service-clients\/paiement\/#primaryimage\"},\"image\":{\"@id\":\"https:\/\/www.magnetenspecialist.nl\/fr\/service-clients\/paiement\/#primaryimage\"},\"thumbnailUrl\":\"https:\/\/www.magnetenspecialist.nl\/wp-content\/uploads\/2018\/10\/payment.svg\",\"datePublished\":\"2018-10-26T09:45:05+00:00\",\"dateModified\":\"2022-02-04T11:13:46+00:00\",\"description\":\"Chez Magnetenspecialist, vous payez comme vous le souhaitez. Faites votre choix entre Paiement \u00e0 la livraison, Paypal, iDeal ou virement bancaire. Commandez vos aimants en ligne.\",\"breadcrumb\":{\"@id\":\"https:\/\/www.magnetenspecialist.nl\/fr\/service-clients\/paiement\/#breadcrumb\"},\"inLanguage\":\"fr-FR\",\"potentialAction\":[{\"@type\":\"ReadAction\",\"target\":[\"https:\/\/www.magnetenspecialist.nl\/fr\/service-clients\/paiement\/\"]}]},{\"@type\":\"ImageObject\",\"inLanguage\":\"fr-FR\",\"@id\":\"https:\/\/www.magnetenspecialist.nl\/fr\/service-clients\/paiement\/#primaryimage\",\"url\":\"https:\/\/www.magnetenspecialist.nl\/wp-content\/uploads\/2018\/10\/payment.svg\",\"contentUrl\":\"https:\/\/www.magnetenspecialist.nl\/wp-content\/uploads\/2018\/10\/payment.svg\"},{\"@type\":\"BreadcrumbList\",\"@id\":\"https:\/\/www.magnetenspecialist.nl\/fr\/service-clients\/paiement\/#breadcrumb\",\"itemListElement\":[{\"@type\":\"ListItem\",\"position\":1,\"name\":\"Accueil\",\"item\":\"https:\/\/www.magnetenspecialist.nl\/fr\/accueil\/\"},{\"@type\":\"ListItem\",\"position\":2,\"name\":\"Service \u00e0 la client\u00e8le\",\"item\":\"https:\/\/www.magnetenspecialist.nl\/fr\/service-clients\/\"},{\"@type\":\"ListItem\",\"position\":3,\"name\":\"Paiement\"}]},{\"@type\":\"WebSite\",\"@id\":\"https:\/\/www.magnetenspecialist.nl\/fr\/#website\",\"url\":\"https:\/\/www.magnetenspecialist.nl\/fr\/\",\"name\":\"Magnetenspecialist.nl\",\"description\":\"Vaste gamme d'aimants en n\u00e9odyme\",\"publisher\":{\"@id\":\"https:\/\/www.magnetenspecialist.nl\/fr\/#organization\"},\"potentialAction\":[{\"@type\":\"SearchAction\",\"target\":{\"@type\":\"EntryPoint\",\"urlTemplate\":\"https:\/\/www.magnetenspecialist.nl\/fr\/?s={search_term_string}\"},\"query-input\":{\"@type\":\"PropertyValueSpecification\",\"valueRequired\":true,\"valueName\":\"search_term_string\"}}],\"inLanguage\":\"fr-FR\"},{\"@type\":\"Organization\",\"@id\":\"https:\/\/www.magnetenspecialist.nl\/fr\/#organization\",\"name\":\"Magnetenspecialist.nl\",\"url\":\"https:\/\/www.magnetenspecialist.nl\/fr\/\",\"logo\":{\"@type\":\"ImageObject\",\"inLanguage\":\"fr-FR\",\"@id\":\"https:\/\/www.magnetenspecialist.nl\/fr\/#\/schema\/logo\/image\/\",\"url\":\"https:\/\/www.magnetenspecialist.nl\/wp-content\/uploads\/2018\/10\/magneten-logo.jpg\",\"contentUrl\":\"https:\/\/www.magnetenspecialist.nl\/wp-content\/uploads\/2018\/10\/magneten-logo.jpg\",\"width\":151,\"height\":151,\"caption\":\"Magnetenspecialist.nl\"},\"image\":{\"@id\":\"https:\/\/www.magnetenspecialist.nl\/fr\/#\/schema\/logo\/image\/\"},\"sameAs\":[\"https:\/\/www.facebook.com\/Magnetenspecialist.nl\",\"https:\/\/x.com\/magnetenspecial\"]}]}<\/script>\n<!-- \/ Yoast SEO Premium plugin. -->","yoast_head_json":{"title":"Magnetenspecialist.nl | Options de paiement | Lisez tout sur le paiement ici","description":"Chez Magnetenspecialist, vous payez comme vous le souhaitez. Faites votre choix entre Paiement \u00e0 la livraison, Paypal, iDeal ou virement bancaire. Commandez vos aimants en ligne.","robots":{"index":"index","follow":"follow","max-snippet":"max-snippet:-1","max-image-preview":"max-image-preview:large","max-video-preview":"max-video-preview:-1"},"canonical":"https:\/\/www.magnetenspecialist.nl\/fr\/service-clients\/paiement\/","og_locale":"fr_FR","og_type":"article","og_title":"Paiement","og_description":"Chez Magnetenspecialist, vous payez comme vous le souhaitez. Faites votre choix entre Paiement \u00e0 la livraison, Paypal, iDeal ou virement bancaire. Commandez vos aimants en ligne.","og_url":"https:\/\/www.magnetenspecialist.nl\/fr\/service-clients\/paiement\/","og_site_name":"Magnetenspecialist.nl","article_publisher":"https:\/\/www.facebook.com\/Magnetenspecialist.nl","article_modified_time":"2022-02-04T11:13:46+00:00","twitter_card":"summary_large_image","twitter_site":"@magnetenspecial","twitter_misc":{"Dur\u00e9e de lecture estim\u00e9e":"1 minute"},"schema":{"@context":"https:\/\/schema.org","@graph":[{"@type":"WebPage","@id":"https:\/\/www.magnetenspecialist.nl\/fr\/service-clients\/paiement\/","url":"https:\/\/www.magnetenspecialist.nl\/fr\/service-clients\/paiement\/","name":"Magnetenspecialist.nl | Options de paiement | Lisez tout sur le paiement ici","isPartOf":{"@id":"https:\/\/www.magnetenspecialist.nl\/fr\/#website"},"primaryImageOfPage":{"@id":"https:\/\/www.magnetenspecialist.nl\/fr\/service-clients\/paiement\/#primaryimage"},"image":{"@id":"https:\/\/www.magnetenspecialist.nl\/fr\/service-clients\/paiement\/#primaryimage"},"thumbnailUrl":"https:\/\/www.magnetenspecialist.nl\/wp-content\/uploads\/2018\/10\/payment.svg","datePublished":"2018-10-26T09:45:05+00:00","dateModified":"2022-02-04T11:13:46+00:00","description":"Chez Magnetenspecialist, vous payez comme vous le souhaitez. Faites votre choix entre Paiement \u00e0 la livraison, Paypal, iDeal ou virement bancaire. Commandez vos aimants en ligne.","breadcrumb":{"@id":"https:\/\/www.magnetenspecialist.nl\/fr\/service-clients\/paiement\/#breadcrumb"},"inLanguage":"fr-FR","potentialAction":[{"@type":"ReadAction","target":["https:\/\/www.magnetenspecialist.nl\/fr\/service-clients\/paiement\/"]}]},{"@type":"ImageObject","inLanguage":"fr-FR","@id":"https:\/\/www.magnetenspecialist.nl\/fr\/service-clients\/paiement\/#primaryimage","url":"https:\/\/www.magnetenspecialist.nl\/wp-content\/uploads\/2018\/10\/payment.svg","contentUrl":"https:\/\/www.magnetenspecialist.nl\/wp-content\/uploads\/2018\/10\/payment.svg"},{"@type":"BreadcrumbList","@id":"https:\/\/www.magnetenspecialist.nl\/fr\/service-clients\/paiement\/#breadcrumb","itemListElement":[{"@type":"ListItem","position":1,"name":"Accueil","item":"https:\/\/www.magnetenspecialist.nl\/fr\/accueil\/"},{"@type":"ListItem","position":2,"name":"Service \u00e0 la client\u00e8le","item":"https:\/\/www.magnetenspecialist.nl\/fr\/service-clients\/"},{"@type":"ListItem","position":3,"name":"Paiement"}]},{"@type":"WebSite","@id":"https:\/\/www.magnetenspecialist.nl\/fr\/#website","url":"https:\/\/www.magnetenspecialist.nl\/fr\/","name":"Magnetenspecialist.nl","description":"Vaste gamme d'aimants en n\u00e9odyme","publisher":{"@id":"https:\/\/www.magnetenspecialist.nl\/fr\/#organization"},"potentialAction":[{"@type":"SearchAction","target":{"@type":"EntryPoint","urlTemplate":"https:\/\/www.magnetenspecialist.nl\/fr\/?s={search_term_string}"},"query-input":{"@type":"PropertyValueSpecification","valueRequired":true,"valueName":"search_term_string"}}],"inLanguage":"fr-FR"},{"@type":"Organization","@id":"https:\/\/www.magnetenspecialist.nl\/fr\/#organization","name":"Magnetenspecialist.nl","url":"https:\/\/www.magnetenspecialist.nl\/fr\/","logo":{"@type":"ImageObject","inLanguage":"fr-FR","@id":"https:\/\/www.magnetenspecialist.nl\/fr\/#\/schema\/logo\/image\/","url":"https:\/\/www.magnetenspecialist.nl\/wp-content\/uploads\/2018\/10\/magneten-logo.jpg","contentUrl":"https:\/\/www.magnetenspecialist.nl\/wp-content\/uploads\/2018\/10\/magneten-logo.jpg","width":151,"height":151,"caption":"Magnetenspecialist.nl"},"image":{"@id":"https:\/\/www.magnetenspecialist.nl\/fr\/#\/schema\/logo\/image\/"},"sameAs":["https:\/\/www.facebook.com\/Magnetenspecialist.nl","https:\/\/x.com\/magnetenspecial"]}]}},"_links":{"self":[{"href":"https:\/\/www.magnetenspecialist.nl\/fr\/wp-json\/wp\/v2\/pages\/105042","targetHints":{"allow":["GET"]}}],"collection":[{"href":"https:\/\/www.magnetenspecialist.nl\/fr\/wp-json\/wp\/v2\/pages"}],"about":[{"href":"https:\/\/www.magnetenspecialist.nl\/fr\/wp-json\/wp\/v2\/types\/page"}],"author":[{"embeddable":true,"href":"https:\/\/www.magnetenspecialist.nl\/fr\/wp-json\/wp\/v2\/users\/1"}],"replies":[{"embeddable":true,"href":"https:\/\/www.magnetenspecialist.nl\/fr\/wp-json\/wp\/v2\/comments?post=105042"}],"version-history":[{"count":0,"href":"https:\/\/www.magnetenspecialist.nl\/fr\/wp-json\/wp\/v2\/pages\/105042\/revisions"}],"up":[{"embeddable":true,"href":"https:\/\/www.magnetenspecialist.nl\/fr\/wp-json\/wp\/v2\/pages\/105050"}],"wp:featuredmedia":[{"embeddable":true,"href":"https:\/\/www.magnetenspecialist.nl\/fr\/wp-json\/wp\/v2\/media\/89558"}],"wp:attachment":[{"href":"https:\/\/www.magnetenspecialist.nl\/fr\/wp-json\/wp\/v2\/media?parent=105042"}],"curies":[{"name":"wp","href":"https:\/\/api.w.org\/{rel}","templated":true}]}}