{"id":105050,"date":"2013-03-15T18:16:08","date_gmt":"2013-03-15T17:16:08","guid":{"rendered":"https:\/\/www.magnetenspecialist.nl\/service-clients\/"},"modified":"2022-02-04T12:13:45","modified_gmt":"2022-02-04T11:13:45","slug":"service-clients","status":"publish","type":"page","link":"https:\/\/www.magnetenspecialist.nl\/fr\/service-clients\/","title":{"rendered":"Service \u00e0 la client\u00e8le"},"content":{"rendered":"<p>Le Service Desk du sp\u00e9cialiste des aimants se fera un plaisir de r\u00e9pondre \u00e0 toutes vos questions dans les meilleurs d\u00e9lais. Peut-\u00eatre quelqu&#8217;un d&#8217;autre a-t-il d\u00e9j\u00e0 pos\u00e9 la m\u00eame question et vous trouverez la r\u00e9ponse parmi les questions fr\u00e9quemment pos\u00e9es sur cette page.<\/p>\n\n<p><strong>Heures d&#8217;ouverture :<\/strong><br\/>\nLa boutique en ligne du sp\u00e9cialiste des aimants est ouverte en permanence, 24 heures sur 24 et 7 jours sur 7. Vous pouvez \u00e9galement vous y rendre sur rendez-vous.<\/p>\n\n<p><strong>Posez-nous votre question !<\/strong><br\/>\nSi votre question n&#8217;a pas encore \u00e9t\u00e9 trait\u00e9e, veuillez envoyer un e-mail \u00e0 <a class=\"email\" href=\"mailto:info@magnetenspecialist.nl\" title=\"email naar Magnetenspecialist\">info@magnetenspecialist.nl<\/a> ou remplir le <a href=\"https:\/\/www.magnetenspecialist.nl\/fr\/service-clients\/contact\/\" title=\"Contactformulier van de Magnetenspecialist\">formulaire de contact<\/a> pour soumettre votre question, demande ou plainte.<\/p>\n\n<p><strong>Notre adresse et nos coordonn\u00e9es :<\/strong><br\/>\nSi vous commandez vos aimants chez nous \u00e0 l&#8217;avenir, vous pouvez v\u00e9rifier l&#8217;\u00e9tat de votre commande en temps r\u00e9el. Si vous souhaitez modifier votre commande d\u00e9j\u00e0 pass\u00e9e, vous pouvez contacter le <a href=\"https:\/\/www.magnetenspecialist.nl\/fr\/service-clients\/contact\/\" title=\"Servicedesk van de Magnetenspecialist\">bureau de service du sp\u00e9cialiste des aimants<\/a>. Vous pouvez appeler le Service Desk du lundi au vendredi de 9h00 \u00e0 18h00.<\/p>\n","protected":false},"excerpt":{"rendered":"<p>Le Service Desk du sp\u00e9cialiste des aimants se fera un plaisir de r\u00e9pondre \u00e0 toutes vos questions dans les meilleurs d\u00e9lais. Peut-\u00eatre quelqu&#8217;un d&#8217;autre a-t-il d\u00e9j\u00e0 pos\u00e9 la m\u00eame question et vous trouverez la r\u00e9ponse parmi les questions fr\u00e9quemment pos\u00e9es sur cette page. Heures d&#8217;ouverture : La boutique en ligne du sp\u00e9cialiste des aimants est [&hellip;]<\/p>\n","protected":false},"author":1,"featured_media":0,"parent":0,"menu_order":0,"comment_status":"open","ping_status":"open","template":"template-services.php","meta":{"_acf_changed":false,"footnotes":""},"class_list":["post-105050","page","type-page","status-publish","hentry"],"acf":[],"yoast_head":"<!-- This site is optimized with the Yoast SEO Premium plugin v24.7 (Yoast SEO v24.7) - https:\/\/yoast.com\/wordpress\/plugins\/seo\/ -->\n<title>De Magnetenspecialist.nl | Service client\u00e8le | Nous r\u00e9pondons \u00e0 votre question<\/title>\n<meta name=\"description\" content=\"Vous trouverez ici toutes les informations dont vous avez besoin pour acheter des aimants sur Magnetenspecialist.nl, y compris des informations sur l&#039;exp\u00e9dition et les retours, les d\u00e9lais de livraison, le paiement, la garantie et les conditions.\" \/>\n<meta name=\"robots\" content=\"index, follow, max-snippet:-1, max-image-preview:large, max-video-preview:-1\" \/>\n<link rel=\"canonical\" href=\"https:\/\/www.magnetenspecialist.nl\/fr\/service-clients\/\" \/>\n<meta property=\"og:locale\" content=\"fr_FR\" \/>\n<meta property=\"og:type\" content=\"article\" \/>\n<meta property=\"og:title\" content=\"Service \u00e0 la client\u00e8le\" \/>\n<meta property=\"og:description\" content=\"Vous trouverez ici toutes les informations dont vous avez besoin pour acheter des aimants sur Magnetenspecialist.nl, y compris des informations sur l&#039;exp\u00e9dition et les retours, les d\u00e9lais de livraison, le paiement, la garantie et les conditions.\" \/>\n<meta property=\"og:url\" content=\"https:\/\/www.magnetenspecialist.nl\/fr\/service-clients\/\" \/>\n<meta property=\"og:site_name\" content=\"Magnetenspecialist.nl\" \/>\n<meta property=\"article:publisher\" content=\"https:\/\/www.facebook.com\/Magnetenspecialist.nl\" \/>\n<meta property=\"article:modified_time\" content=\"2022-02-04T11:13:45+00:00\" \/>\n<meta name=\"twitter:card\" content=\"summary_large_image\" \/>\n<meta name=\"twitter:site\" content=\"@magnetenspecial\" \/>\n<meta name=\"twitter:label1\" content=\"Dur\u00e9e de lecture estim\u00e9e\" \/>\n\t<meta name=\"twitter:data1\" content=\"1 minute\" \/>\n<script type=\"application\/ld+json\" class=\"yoast-schema-graph\">{\"@context\":\"https:\/\/schema.org\",\"@graph\":[{\"@type\":\"WebPage\",\"@id\":\"https:\/\/www.magnetenspecialist.nl\/fr\/service-clients\/\",\"url\":\"https:\/\/www.magnetenspecialist.nl\/fr\/service-clients\/\",\"name\":\"De Magnetenspecialist.nl | Service client\u00e8le | Nous r\u00e9pondons \u00e0 votre question\",\"isPartOf\":{\"@id\":\"https:\/\/www.magnetenspecialist.nl\/fr\/#website\"},\"datePublished\":\"2013-03-15T17:16:08+00:00\",\"dateModified\":\"2022-02-04T11:13:45+00:00\",\"description\":\"Vous trouverez ici toutes les informations dont vous avez besoin pour acheter des aimants sur Magnetenspecialist.nl, y compris des informations sur l'exp\u00e9dition et les retours, les d\u00e9lais de livraison, le paiement, la garantie et les conditions.\",\"breadcrumb\":{\"@id\":\"https:\/\/www.magnetenspecialist.nl\/fr\/service-clients\/#breadcrumb\"},\"inLanguage\":\"fr-FR\",\"potentialAction\":[{\"@type\":\"ReadAction\",\"target\":[\"https:\/\/www.magnetenspecialist.nl\/fr\/service-clients\/\"]}]},{\"@type\":\"BreadcrumbList\",\"@id\":\"https:\/\/www.magnetenspecialist.nl\/fr\/service-clients\/#breadcrumb\",\"itemListElement\":[{\"@type\":\"ListItem\",\"position\":1,\"name\":\"Accueil\",\"item\":\"https:\/\/www.magnetenspecialist.nl\/fr\/accueil\/\"},{\"@type\":\"ListItem\",\"position\":2,\"name\":\"Service \u00e0 la client\u00e8le\"}]},{\"@type\":\"WebSite\",\"@id\":\"https:\/\/www.magnetenspecialist.nl\/fr\/#website\",\"url\":\"https:\/\/www.magnetenspecialist.nl\/fr\/\",\"name\":\"Magnetenspecialist.nl\",\"description\":\"Vaste gamme d'aimants en n\u00e9odyme\",\"publisher\":{\"@id\":\"https:\/\/www.magnetenspecialist.nl\/fr\/#organization\"},\"potentialAction\":[{\"@type\":\"SearchAction\",\"target\":{\"@type\":\"EntryPoint\",\"urlTemplate\":\"https:\/\/www.magnetenspecialist.nl\/fr\/?s={search_term_string}\"},\"query-input\":{\"@type\":\"PropertyValueSpecification\",\"valueRequired\":true,\"valueName\":\"search_term_string\"}}],\"inLanguage\":\"fr-FR\"},{\"@type\":\"Organization\",\"@id\":\"https:\/\/www.magnetenspecialist.nl\/fr\/#organization\",\"name\":\"Magnetenspecialist.nl\",\"url\":\"https:\/\/www.magnetenspecialist.nl\/fr\/\",\"logo\":{\"@type\":\"ImageObject\",\"inLanguage\":\"fr-FR\",\"@id\":\"https:\/\/www.magnetenspecialist.nl\/fr\/#\/schema\/logo\/image\/\",\"url\":\"https:\/\/www.magnetenspecialist.nl\/wp-content\/uploads\/2018\/10\/magneten-logo.jpg\",\"contentUrl\":\"https:\/\/www.magnetenspecialist.nl\/wp-content\/uploads\/2018\/10\/magneten-logo.jpg\",\"width\":151,\"height\":151,\"caption\":\"Magnetenspecialist.nl\"},\"image\":{\"@id\":\"https:\/\/www.magnetenspecialist.nl\/fr\/#\/schema\/logo\/image\/\"},\"sameAs\":[\"https:\/\/www.facebook.com\/Magnetenspecialist.nl\",\"https:\/\/x.com\/magnetenspecial\"]}]}<\/script>\n<!-- \/ Yoast SEO Premium plugin. -->","yoast_head_json":{"title":"De Magnetenspecialist.nl | Service client\u00e8le | Nous r\u00e9pondons \u00e0 votre question","description":"Vous trouverez ici toutes les informations dont vous avez besoin pour acheter des aimants sur Magnetenspecialist.nl, y compris des informations sur l'exp\u00e9dition et les retours, les d\u00e9lais de livraison, le paiement, la garantie et les conditions.","robots":{"index":"index","follow":"follow","max-snippet":"max-snippet:-1","max-image-preview":"max-image-preview:large","max-video-preview":"max-video-preview:-1"},"canonical":"https:\/\/www.magnetenspecialist.nl\/fr\/service-clients\/","og_locale":"fr_FR","og_type":"article","og_title":"Service \u00e0 la client\u00e8le","og_description":"Vous trouverez ici toutes les informations dont vous avez besoin pour acheter des aimants sur Magnetenspecialist.nl, y compris des informations sur l'exp\u00e9dition et les retours, les d\u00e9lais de livraison, le paiement, la garantie et les conditions.","og_url":"https:\/\/www.magnetenspecialist.nl\/fr\/service-clients\/","og_site_name":"Magnetenspecialist.nl","article_publisher":"https:\/\/www.facebook.com\/Magnetenspecialist.nl","article_modified_time":"2022-02-04T11:13:45+00:00","twitter_card":"summary_large_image","twitter_site":"@magnetenspecial","twitter_misc":{"Dur\u00e9e de lecture estim\u00e9e":"1 minute"},"schema":{"@context":"https:\/\/schema.org","@graph":[{"@type":"WebPage","@id":"https:\/\/www.magnetenspecialist.nl\/fr\/service-clients\/","url":"https:\/\/www.magnetenspecialist.nl\/fr\/service-clients\/","name":"De Magnetenspecialist.nl | Service client\u00e8le | Nous r\u00e9pondons \u00e0 votre question","isPartOf":{"@id":"https:\/\/www.magnetenspecialist.nl\/fr\/#website"},"datePublished":"2013-03-15T17:16:08+00:00","dateModified":"2022-02-04T11:13:45+00:00","description":"Vous trouverez ici toutes les informations dont vous avez besoin pour acheter des aimants sur Magnetenspecialist.nl, y compris des informations sur l'exp\u00e9dition et les retours, les d\u00e9lais de livraison, le paiement, la garantie et les conditions.","breadcrumb":{"@id":"https:\/\/www.magnetenspecialist.nl\/fr\/service-clients\/#breadcrumb"},"inLanguage":"fr-FR","potentialAction":[{"@type":"ReadAction","target":["https:\/\/www.magnetenspecialist.nl\/fr\/service-clients\/"]}]},{"@type":"BreadcrumbList","@id":"https:\/\/www.magnetenspecialist.nl\/fr\/service-clients\/#breadcrumb","itemListElement":[{"@type":"ListItem","position":1,"name":"Accueil","item":"https:\/\/www.magnetenspecialist.nl\/fr\/accueil\/"},{"@type":"ListItem","position":2,"name":"Service \u00e0 la client\u00e8le"}]},{"@type":"WebSite","@id":"https:\/\/www.magnetenspecialist.nl\/fr\/#website","url":"https:\/\/www.magnetenspecialist.nl\/fr\/","name":"Magnetenspecialist.nl","description":"Vaste gamme d'aimants en n\u00e9odyme","publisher":{"@id":"https:\/\/www.magnetenspecialist.nl\/fr\/#organization"},"potentialAction":[{"@type":"SearchAction","target":{"@type":"EntryPoint","urlTemplate":"https:\/\/www.magnetenspecialist.nl\/fr\/?s={search_term_string}"},"query-input":{"@type":"PropertyValueSpecification","valueRequired":true,"valueName":"search_term_string"}}],"inLanguage":"fr-FR"},{"@type":"Organization","@id":"https:\/\/www.magnetenspecialist.nl\/fr\/#organization","name":"Magnetenspecialist.nl","url":"https:\/\/www.magnetenspecialist.nl\/fr\/","logo":{"@type":"ImageObject","inLanguage":"fr-FR","@id":"https:\/\/www.magnetenspecialist.nl\/fr\/#\/schema\/logo\/image\/","url":"https:\/\/www.magnetenspecialist.nl\/wp-content\/uploads\/2018\/10\/magneten-logo.jpg","contentUrl":"https:\/\/www.magnetenspecialist.nl\/wp-content\/uploads\/2018\/10\/magneten-logo.jpg","width":151,"height":151,"caption":"Magnetenspecialist.nl"},"image":{"@id":"https:\/\/www.magnetenspecialist.nl\/fr\/#\/schema\/logo\/image\/"},"sameAs":["https:\/\/www.facebook.com\/Magnetenspecialist.nl","https:\/\/x.com\/magnetenspecial"]}]}},"_links":{"self":[{"href":"https:\/\/www.magnetenspecialist.nl\/fr\/wp-json\/wp\/v2\/pages\/105050","targetHints":{"allow":["GET"]}}],"collection":[{"href":"https:\/\/www.magnetenspecialist.nl\/fr\/wp-json\/wp\/v2\/pages"}],"about":[{"href":"https:\/\/www.magnetenspecialist.nl\/fr\/wp-json\/wp\/v2\/types\/page"}],"author":[{"embeddable":true,"href":"https:\/\/www.magnetenspecialist.nl\/fr\/wp-json\/wp\/v2\/users\/1"}],"replies":[{"embeddable":true,"href":"https:\/\/www.magnetenspecialist.nl\/fr\/wp-json\/wp\/v2\/comments?post=105050"}],"version-history":[{"count":0,"href":"https:\/\/www.magnetenspecialist.nl\/fr\/wp-json\/wp\/v2\/pages\/105050\/revisions"}],"wp:attachment":[{"href":"https:\/\/www.magnetenspecialist.nl\/fr\/wp-json\/wp\/v2\/media?parent=105050"}],"curies":[{"name":"wp","href":"https:\/\/api.w.org\/{rel}","templated":true}]}}