{"id":107400,"date":"2018-09-21T08:51:19","date_gmt":"2018-09-21T06:51:19","guid":{"rendered":"https:\/\/www.magnetenspecialist.nl\/politique-de-confidentialite\/"},"modified":"2022-02-04T10:19:27","modified_gmt":"2022-02-04T09:19:27","slug":"politique-de-confidentialite","status":"publish","type":"page","link":"https:\/\/www.magnetenspecialist.nl\/fr\/politique-de-confidentialite\/","title":{"rendered":"Politique de confidentialit\u00e9"},"content":{"rendered":"\n<p>Le sp\u00e9cialiste des aimants est\nresponsable du traitement des donn\u00e9es personnelles. Dans cette vie priv\u00e9e\nexplication nous expliquons quelles donn\u00e9es personnelles nous traitons, avec quelles\net comment nous s\u00e9curisons vos donn\u00e9es.  <\/p>\n\n<p><strong>Coordonn\u00e9es :<\/strong><\/p>\n\n<p>Sp\u00e9cialiste des aimants<br\/>Avenue Buddy Bolden 40  <br\/>NL-5629 RD Eindhoven  <br\/>+31 (0)6-24 77 10 59  <\/p>\n\n<p><a href=\"mailto:info@magnetenspecialist.nl\">info@magnetenspecialist.nl<\/a>\n<\/p>\n\n<p><strong>Donn\u00e9es personnelles\nque nous traitons  <\/strong><\/p>\n\n<p>Le sp\u00e9cialiste des aimants traite votre\ndonn\u00e9es personnelles parce que vous utilisez nos services et\/ou parce que vous les utilisez\nnous a \u00e9t\u00e9 fourni vous-m\u00eame.  <\/p>\n\n<p>Lorsque vous passez une commande\nnous vous demandons les informations suivantes afin de pouvoir remplir nos obligations\nsuffire:<\/p>\n\n<ul class=\"wp-block-list\"><li>pr\u00e9nom et nom;<\/li><li>les d\u00e9tails de l\u2019adresse;<\/li><li>num\u00e9ro de t\u00e9l\u00e9phone;<\/li><li>adresse e-mail.<\/li><\/ul>\n<p><strong>Autres donn\u00e9es que nous traitons :<\/strong><\/p>\n\n<ul class=\"wp-block-list\"><li>Adresse IP;<\/li><li>donn\u00e9es de localisation;<\/li><li>des informations sur vos activit\u00e9s sur notre site Web;<\/li><li>d\u2019autres donn\u00e9es personnelles que vous fournissez activement, par exemple par\ncr\u00e9er un compte sur ce site, par correspondance et par t\u00e9l\u00e9phone.<\/li><\/ul>\n<p><strong>Donn\u00e9es personnelles sp\u00e9ciales\n que nous traitons<\/strong>\u2028<\/p>\n\n<p>Donn\u00e9es des personnes de moins de 16 ans. Notre site web et\/ou\nle service n\u2019a pas l\u2019intention de collecter des donn\u00e9es aupr\u00e8s des visiteurs du site Web qui\nont moins de 16 ans. Cependant, nous ne pouvons pas v\u00e9rifier si un visiteur\na plus de 16 ans. Nous conseillons donc aux parents de participer aux activit\u00e9s en ligne\nde leurs enfants, afin d\u2019\u00e9viter que des donn\u00e9es ne soient collect\u00e9es aupr\u00e8s d\u2019enfants\nsans le consentement des parents. Si vous \u00eates convaincu que nous sommes involontairement\navoir collect\u00e9 des donn\u00e9es personnelles aupr\u00e8s d\u2019un\nmineur, s\u2019il vous pla\u00eet <a href=\"mailto:info@magnetenspecialist.nl\">contactez-nous via info@magnetenspecialist.nl<\/a> et nous supprimerons\nces informations.<\/p>\n\n<p><strong>Sp\u00e9cialiste des aimants\n<\/strong> <strong>traite vos\n donn\u00e9es personnelles aux fins suivantes : <\/strong> <\/p>\n\n<ul class=\"wp-block-list\"><li>Traitement de votre commande.<\/li><li>Envoi de notre newsletter et\/ou d\u00e9pliants publicitaires.<\/li><li>Pour pouvoir vous appeler ou vous envoyer un e-mail si cela est n\u00e9cessaire pour\npour \u00eatre en mesure d\u2019ex\u00e9cuter des services.<\/li><li>Pour vous informer des modifications apport\u00e9es \u00e0 nos services et\nProduits.<\/li><li>Pour vous offrir la possibilit\u00e9 de cr\u00e9er un compte.<\/li><li>Pour vous livrer des marchandises.<\/li><li>Un sp\u00e9cialiste des aimants analyse votre\ncomportement sur le site Web afin d\u2019am\u00e9liorer le site Web et l\u2019offre de\nadapter les produits et services \u00e0 vos pr\u00e9f\u00e9rences.<\/li><li>Le sp\u00e9cialiste des aimants traite \u00e9galement\ndonn\u00e9es personnelles si nous sommes l\u00e9galement tenus de le faire, telles que les donn\u00e9es\ndont nous avons besoin pour notre d\u00e9claration de revenus.<\/li><\/ul>\n<p><strong>Automatis\u00e9\nprise de d\u00e9cision  <\/strong><\/p>\n\n<p>Le sp\u00e9cialiste des aimants n\u2019enregistre en aucun cas\nsur la base d\u2019un traitement automatis\u00e9 et de d\u00e9cisions sur des questions qui\npeut avoir des cons\u00e9quences (importantes) pour les personnes. Il s\u2019agit de\nles d\u00e9cisions prises par des programmes ou des syst\u00e8mes d\u2019ordinateur, sans\nqu\u2019il y a un \u00eatre humain entre les deux.  <\/p>\n\n<p><strong>Comment\ncombien de temps nous conservons les donn\u00e9es personnelles  <\/strong><\/p>\n\n<p>Le sp\u00e9cialiste magnet stocke votre\ndonn\u00e9es \u00e0 caract\u00e8re personnel ne d\u00e9passant pas ce qui est strictement n\u00e9cessaire pour atteindre les objectifs\nr\u00e9aliser \u00e0 quoi servent vos donn\u00e9es. Vous pouvez soumettre une demande \u00e0 tout moment pour fournir vos donn\u00e9es personnelles\nfaites-le enlever. Cela peut \u00eatre fait en envoyant votre demande par e-mail \u00e0 <a href=\"mailto:info@magnetenspecialist.nl\">info@magnetenspecialist.nl<\/a>\nou par\nenvoyer un courrier \u00e0 Magnetenspecialist.<\/p>\n\n<p>Si une p\u00e9riode de conservation minimale l\u00e9galement \u00e9tablie s\u2019applique\nvos donn\u00e9es ne peuvent \u00eatre supprim\u00e9es qu\u2019apr\u00e8s la p\u00e9riode d\u00e9finie.<\/p>\n\n<p>La dur\u00e9e minimale de conservation des d\u00e9biteurs et des cr\u00e9anciers\nl\u2019administration est de 7 ans, sur la base de la loi sur les imp\u00f4ts de l\u2019\u00c9tat.<\/p>\n\n<p><strong>Partager\nde donn\u00e9es personnelles avec des tiers  <\/strong><\/p>\n\n<p>Magnetenspecialist partage vos donn\u00e9es personnelles\nuniquement avec des tiers si cela est n\u00e9cessaire \u00e0 l\u2019ex\u00e9cution de la\net pour se conformer \u00e0 toute obligation l\u00e9gale. Ceci\nles parties n\u2019ont acc\u00e8s qu\u2019aux donn\u00e9es dont elles ont besoin\npour pouvoir effectuer une mission.  <\/p>\n\n<p>Avec les entreprises qui traitent vos donn\u00e9es en notre nom, fermez\nnous avons un accord pour assurer le m\u00eame niveau de s\u00e9curit\u00e9 et de confidentialit\u00e9\nde vos donn\u00e9es. Le sp\u00e9cialiste des aimants reste responsable\npour ces op\u00e9rations de traitement.  <\/p>\n\n<p><strong>Cookies\nou des techniques similaires que nous utilisons  <\/strong><\/p>\n\n<p>Le sp\u00e9cialiste des aimants utilise des utilisations techniques, fonctionnelles,\net les cookies analytiques. Un cookie est un petit fichier texte qui est utilis\u00e9 au premier\nla visite de ce site Web est stock\u00e9e dans le navigateur de votre ordinateur, tablette\nou smartphone. Magnetenspecialist utilise des cookies avec\nune fonctionnalit\u00e9 technique. Ceux-ci garantissent que le site Web est correctement\nfonctionne et que, par exemple, vos param\u00e8tres pr\u00e9f\u00e9r\u00e9s sont m\u00e9moris\u00e9s.  <\/p>\n\n<p>Les cookies analytiques traitent des donn\u00e9es sur l\u2019utilisation du\nsite web toujours anonyme. Ces cookies sont utilis\u00e9s pour observer comment le\nle site Web est utilis\u00e9. Avec ces informations, nous pouvons optimiser le site Web.<\/p>\n\n<p>En outre, nous pla\u00e7ons des cookies qui gardent une trace de votre comportement de navigation afin que nous\n\u00eatre en mesure d\u2019offrir du contenu et des publicit\u00e9s sur mesure.  <\/p>\n\n<p>Lors de votre premi\u00e8re visite sur notre site, nous vous avons d\u00e9j\u00e0 inform\u00e9\n\u00e0 propos de ces cookies et de l\u2019autorisation demand\u00e9e pour leur placement. Vous pouvez\nd\u00e9sactiver les cookies en configurant votre navigateur Internet de mani\u00e8re \u00e0 ce qu\u2019il ne le fasse pas\ncookies plus.  <\/p>\n\n<p>Remarque: Si vous d\u00e9sactivez les cookies, vous pouvez toujours utiliser le site Web\nmais ne passez pas de commande. Il est \u00e9galement possible que certains\nle contenu n\u2019est pas affich\u00e9.  <\/p>\n\n<p>En outre, vous pouvez \u00e9galement acc\u00e9der \u00e0 toutes les informations pr\u00e9c\u00e9demment stock\u00e9es via\nsupprimer les param\u00e8tres de votre navigateur. Lorsque vous faites cela, tous\nparam\u00e8tres de pr\u00e9f\u00e9rence perdus.  <\/p>\n\n<p>Pour une explication, voir: <a href=\"https:\/\/veiliginternetten.nl\/themes\/situatie\/cookies-wat-zijn-het-en-wat-doe-ik-ermee\/\">https:\/\/veiliginternetten.nl\/themes\/situatie\/cookies-wat-zijn-het-en-wat-doe-ik-ermee\/<\/a><\/p>\n\n<p><strong>Donn\u00e9es\nafficher, modifier ou supprimer  <\/strong><\/p>\n\n<p>Vous avez le droit de consulter et de corriger vos donn\u00e9es personnelles\nou supprimer. En outre, vous avez le droit d\u2019obtenir votre consentement, le cas \u00e9ch\u00e9ant, \u00e0\nretirer le traitement des donn\u00e9es ou s\u2019opposer au traitement des\nvos donn\u00e9es personnelles par Magnetenspecialist et disposez-vous des\ndroit \u00e0 la portabilit\u00e9 des donn\u00e9es. Cela signifie que vous pouvez nous faire une demande\nsoumettre les donn\u00e9es personnelles que nous d\u00e9tenons \u00e0 votre sujet dans un fichier informatique\n\u00e0 vous ou \u00e0 une autre organisation que vous avez mentionn\u00e9e.  <\/p>\n\n<p>Vous pouvez demander l\u2019acc\u00e8s, la correction, la suppression,\ntransfert de donn\u00e9es de vos donn\u00e9es personnelles, demande de retrait de votre\nenvoyer une autorisation ou une opposition au traitement de vos donn\u00e9es personnelles par e-mail\n\u00e0 <a href=\"mailto:info@magnetenspecialist.nl\">info@magnetenspecialist.nl<\/a>.  <\/p>\n\n<p>Si cela n\u2019est pas possible, vous pouvez envoyer une lettre \u00e0 notre adresse postale\nEnvoyer. Pour vous assurer que la demande d\u2019acc\u00e8s a \u00e9t\u00e9 faite par vous,\nnous vous demandons d\u2019envoyer une copie de votre preuve d\u2019identit\u00e9 avec la demande.\nFaites dans cette copie votre photo de passeport, MRZ (zone lisible par machine, la bande avec\nnum\u00e9ros au bas du passeport), num\u00e9ro de passeport et num\u00e9ro de service aux citoyens (BSN)\nnoir. C\u2019est pour prot\u00e9ger votre vie priv\u00e9e. Nous vous r\u00e9pondrons dans les plus brefs d\u00e9lais, mais\ndans un d\u00e9lai de quatre semaines, \u00e0 votre demande. Le sp\u00e9cialiste des aimants vous veut aussi l\u00e0-bas\nindiquer que vous avez la possibilit\u00e9 de d\u00e9poser une plainte aupr\u00e8s du\nautorit\u00e9 de contr\u00f4le nationale, l\u2019autorit\u00e9 n\u00e9erlandaise de protection des donn\u00e9es.  <\/p>\n\n<p>Cela peut \u00eatre fait via le lien suivant: <a href=\"https:\/\/autoriteitpersoonsgegevens.nl\/nl\/contact-met-de-autoriteit-persoonsgegevens\/tip-ons\">https:\/\/autoriteitpersoonsgegevens.nl\/nl\/contact-met-de-autoriteit-persoonsgegevens\/tip-ons<\/a> <\/p>\n\n<p><strong>Comment\nnous prot\u00e9geons les donn\u00e9es personnelles  <\/strong><\/p>\n\n<p>Le sp\u00e9cialiste des aimants prend la protection\nde vos donn\u00e9es au s\u00e9rieux et prend les mesures appropri\u00e9es pour pr\u00e9venir l\u2019utilisation abusive, la perte,\nacc\u00e8s non autoris\u00e9, divulgation non d\u00e9sir\u00e9e et modification non autoris\u00e9e contre\npour y aller.  <\/p>\n\n<p>Vos donn\u00e9es sont prot\u00e9g\u00e9es par un online moderne\nsyst\u00e8mes de s\u00e9curit\u00e9. La transmission de vos donn\u00e9es est crypt\u00e9e via un\nconnexion s\u00e9curis\u00e9e. Si vous avez l\u2019impression que vos donn\u00e9es ne sont pas bonnes\nsont s\u00e9curis\u00e9s ou il y a des indications d\u2019abus, s\u2019il vous pla\u00eet contactez-nous par t\u00e9l\u00e9phone\navec nous, par e-mail sur <a href=\"mailto:info@magnetenspecialist.nl\">info@magnetenspecialist.nl<\/a> ou par\ncourrier.<\/p>\n\n<p><strong>Modifications\ndans cette d\u00e9claration de confidentialit\u00e9<\/strong><\/p>\n\n<p>Magnetenspecialist peut fournir cette confidentialit\u00e9\nmodifier l\u2019instruction. Par cons\u00e9quent, consultez\nr\u00e9guli\u00e8rement le site, il y a toujours la version la plus r\u00e9cente \u00e0 trouver.<\/p>\n\n<p>D\u00e9claration de confidentialit\u00e9 juin 2019<\/p>\n","protected":false},"excerpt":{"rendered":"<p>Le sp\u00e9cialiste des aimants est responsable du traitement des donn\u00e9es personnelles. Dans cette vie priv\u00e9e explication nous expliquons quelles donn\u00e9es personnelles nous traitons, avec quelles et comment nous s\u00e9curisons vos donn\u00e9es. Coordonn\u00e9es : Sp\u00e9cialiste des aimantsAvenue Buddy Bolden 40 NL-5629 RD Eindhoven +31 (0)6-24 77 10 59 info@magnetenspecialist.nl Donn\u00e9es personnelles que nous traitons Le sp\u00e9cialiste [&hellip;]<\/p>\n","protected":false},"author":1,"featured_media":0,"parent":0,"menu_order":0,"comment_status":"closed","ping_status":"open","template":"template-legals.php","meta":{"_acf_changed":false,"footnotes":""},"class_list":["post-107400","page","type-page","status-publish","hentry"],"acf":[],"yoast_head":"<!-- This site is optimized with the Yoast SEO Premium plugin v24.7 (Yoast SEO v24.7) - https:\/\/yoast.com\/wordpress\/plugins\/seo\/ -->\n<title>Politique de confidentialit\u00e9 - Magnetenspecialist.nl<\/title>\n<meta name=\"robots\" content=\"index, follow, max-snippet:-1, max-image-preview:large, max-video-preview:-1\" \/>\n<link rel=\"canonical\" href=\"https:\/\/www.magnetenspecialist.nl\/fr\/politique-de-confidentialite\/\" \/>\n<meta property=\"og:locale\" content=\"fr_FR\" \/>\n<meta property=\"og:type\" content=\"article\" \/>\n<meta property=\"og:title\" content=\"Politique de confidentialit\u00e9\" \/>\n<meta property=\"og:description\" content=\"Le sp\u00e9cialiste des aimants est responsable du traitement des donn\u00e9es personnelles. Dans cette vie priv\u00e9e explication nous expliquons quelles donn\u00e9es personnelles nous traitons, avec quelles et comment nous s\u00e9curisons vos donn\u00e9es. Coordonn\u00e9es : Sp\u00e9cialiste des aimantsAvenue Buddy Bolden 40 NL-5629 RD Eindhoven +31 (0)6-24 77 10 59 info@magnetenspecialist.nl Donn\u00e9es personnelles que nous traitons Le sp\u00e9cialiste [&hellip;]\" \/>\n<meta property=\"og:url\" content=\"https:\/\/www.magnetenspecialist.nl\/fr\/politique-de-confidentialite\/\" \/>\n<meta property=\"og:site_name\" content=\"Magnetenspecialist.nl\" \/>\n<meta property=\"article:publisher\" content=\"https:\/\/www.facebook.com\/Magnetenspecialist.nl\" \/>\n<meta property=\"article:modified_time\" content=\"2022-02-04T09:19:27+00:00\" \/>\n<meta name=\"twitter:card\" content=\"summary_large_image\" \/>\n<meta name=\"twitter:site\" content=\"@magnetenspecial\" \/>\n<meta name=\"twitter:label1\" content=\"Dur\u00e9e de lecture estim\u00e9e\" \/>\n\t<meta name=\"twitter:data1\" content=\"7 minutes\" \/>\n<script type=\"application\/ld+json\" class=\"yoast-schema-graph\">{\"@context\":\"https:\/\/schema.org\",\"@graph\":[{\"@type\":\"WebPage\",\"@id\":\"https:\/\/www.magnetenspecialist.nl\/fr\/politique-de-confidentialite\/\",\"url\":\"https:\/\/www.magnetenspecialist.nl\/fr\/politique-de-confidentialite\/\",\"name\":\"Politique de confidentialit\u00e9 - Magnetenspecialist.nl\",\"isPartOf\":{\"@id\":\"https:\/\/www.magnetenspecialist.nl\/fr\/#website\"},\"datePublished\":\"2018-09-21T06:51:19+00:00\",\"dateModified\":\"2022-02-04T09:19:27+00:00\",\"breadcrumb\":{\"@id\":\"https:\/\/www.magnetenspecialist.nl\/fr\/politique-de-confidentialite\/#breadcrumb\"},\"inLanguage\":\"fr-FR\",\"potentialAction\":[{\"@type\":\"ReadAction\",\"target\":[\"https:\/\/www.magnetenspecialist.nl\/fr\/politique-de-confidentialite\/\"]}]},{\"@type\":\"BreadcrumbList\",\"@id\":\"https:\/\/www.magnetenspecialist.nl\/fr\/politique-de-confidentialite\/#breadcrumb\",\"itemListElement\":[{\"@type\":\"ListItem\",\"position\":1,\"name\":\"Accueil\",\"item\":\"https:\/\/www.magnetenspecialist.nl\/fr\/accueil\/\"},{\"@type\":\"ListItem\",\"position\":2,\"name\":\"Politique de confidentialit\u00e9\"}]},{\"@type\":\"WebSite\",\"@id\":\"https:\/\/www.magnetenspecialist.nl\/fr\/#website\",\"url\":\"https:\/\/www.magnetenspecialist.nl\/fr\/\",\"name\":\"Magnetenspecialist.nl\",\"description\":\"Vaste gamme d'aimants en n\u00e9odyme\",\"publisher\":{\"@id\":\"https:\/\/www.magnetenspecialist.nl\/fr\/#organization\"},\"potentialAction\":[{\"@type\":\"SearchAction\",\"target\":{\"@type\":\"EntryPoint\",\"urlTemplate\":\"https:\/\/www.magnetenspecialist.nl\/fr\/?s={search_term_string}\"},\"query-input\":{\"@type\":\"PropertyValueSpecification\",\"valueRequired\":true,\"valueName\":\"search_term_string\"}}],\"inLanguage\":\"fr-FR\"},{\"@type\":\"Organization\",\"@id\":\"https:\/\/www.magnetenspecialist.nl\/fr\/#organization\",\"name\":\"Magnetenspecialist.nl\",\"url\":\"https:\/\/www.magnetenspecialist.nl\/fr\/\",\"logo\":{\"@type\":\"ImageObject\",\"inLanguage\":\"fr-FR\",\"@id\":\"https:\/\/www.magnetenspecialist.nl\/fr\/#\/schema\/logo\/image\/\",\"url\":\"https:\/\/www.magnetenspecialist.nl\/wp-content\/uploads\/2018\/10\/magneten-logo.jpg\",\"contentUrl\":\"https:\/\/www.magnetenspecialist.nl\/wp-content\/uploads\/2018\/10\/magneten-logo.jpg\",\"width\":151,\"height\":151,\"caption\":\"Magnetenspecialist.nl\"},\"image\":{\"@id\":\"https:\/\/www.magnetenspecialist.nl\/fr\/#\/schema\/logo\/image\/\"},\"sameAs\":[\"https:\/\/www.facebook.com\/Magnetenspecialist.nl\",\"https:\/\/x.com\/magnetenspecial\"]}]}<\/script>\n<!-- \/ Yoast SEO Premium plugin. -->","yoast_head_json":{"title":"Politique de confidentialit\u00e9 - Magnetenspecialist.nl","robots":{"index":"index","follow":"follow","max-snippet":"max-snippet:-1","max-image-preview":"max-image-preview:large","max-video-preview":"max-video-preview:-1"},"canonical":"https:\/\/www.magnetenspecialist.nl\/fr\/politique-de-confidentialite\/","og_locale":"fr_FR","og_type":"article","og_title":"Politique de confidentialit\u00e9","og_description":"Le sp\u00e9cialiste des aimants est responsable du traitement des donn\u00e9es personnelles. Dans cette vie priv\u00e9e explication nous expliquons quelles donn\u00e9es personnelles nous traitons, avec quelles et comment nous s\u00e9curisons vos donn\u00e9es. Coordonn\u00e9es : Sp\u00e9cialiste des aimantsAvenue Buddy Bolden 40 NL-5629 RD Eindhoven +31 (0)6-24 77 10 59 info@magnetenspecialist.nl Donn\u00e9es personnelles que nous traitons Le sp\u00e9cialiste [&hellip;]","og_url":"https:\/\/www.magnetenspecialist.nl\/fr\/politique-de-confidentialite\/","og_site_name":"Magnetenspecialist.nl","article_publisher":"https:\/\/www.facebook.com\/Magnetenspecialist.nl","article_modified_time":"2022-02-04T09:19:27+00:00","twitter_card":"summary_large_image","twitter_site":"@magnetenspecial","twitter_misc":{"Dur\u00e9e de lecture estim\u00e9e":"7 minutes"},"schema":{"@context":"https:\/\/schema.org","@graph":[{"@type":"WebPage","@id":"https:\/\/www.magnetenspecialist.nl\/fr\/politique-de-confidentialite\/","url":"https:\/\/www.magnetenspecialist.nl\/fr\/politique-de-confidentialite\/","name":"Politique de confidentialit\u00e9 - Magnetenspecialist.nl","isPartOf":{"@id":"https:\/\/www.magnetenspecialist.nl\/fr\/#website"},"datePublished":"2018-09-21T06:51:19+00:00","dateModified":"2022-02-04T09:19:27+00:00","breadcrumb":{"@id":"https:\/\/www.magnetenspecialist.nl\/fr\/politique-de-confidentialite\/#breadcrumb"},"inLanguage":"fr-FR","potentialAction":[{"@type":"ReadAction","target":["https:\/\/www.magnetenspecialist.nl\/fr\/politique-de-confidentialite\/"]}]},{"@type":"BreadcrumbList","@id":"https:\/\/www.magnetenspecialist.nl\/fr\/politique-de-confidentialite\/#breadcrumb","itemListElement":[{"@type":"ListItem","position":1,"name":"Accueil","item":"https:\/\/www.magnetenspecialist.nl\/fr\/accueil\/"},{"@type":"ListItem","position":2,"name":"Politique de confidentialit\u00e9"}]},{"@type":"WebSite","@id":"https:\/\/www.magnetenspecialist.nl\/fr\/#website","url":"https:\/\/www.magnetenspecialist.nl\/fr\/","name":"Magnetenspecialist.nl","description":"Vaste gamme d'aimants en n\u00e9odyme","publisher":{"@id":"https:\/\/www.magnetenspecialist.nl\/fr\/#organization"},"potentialAction":[{"@type":"SearchAction","target":{"@type":"EntryPoint","urlTemplate":"https:\/\/www.magnetenspecialist.nl\/fr\/?s={search_term_string}"},"query-input":{"@type":"PropertyValueSpecification","valueRequired":true,"valueName":"search_term_string"}}],"inLanguage":"fr-FR"},{"@type":"Organization","@id":"https:\/\/www.magnetenspecialist.nl\/fr\/#organization","name":"Magnetenspecialist.nl","url":"https:\/\/www.magnetenspecialist.nl\/fr\/","logo":{"@type":"ImageObject","inLanguage":"fr-FR","@id":"https:\/\/www.magnetenspecialist.nl\/fr\/#\/schema\/logo\/image\/","url":"https:\/\/www.magnetenspecialist.nl\/wp-content\/uploads\/2018\/10\/magneten-logo.jpg","contentUrl":"https:\/\/www.magnetenspecialist.nl\/wp-content\/uploads\/2018\/10\/magneten-logo.jpg","width":151,"height":151,"caption":"Magnetenspecialist.nl"},"image":{"@id":"https:\/\/www.magnetenspecialist.nl\/fr\/#\/schema\/logo\/image\/"},"sameAs":["https:\/\/www.facebook.com\/Magnetenspecialist.nl","https:\/\/x.com\/magnetenspecial"]}]}},"_links":{"self":[{"href":"https:\/\/www.magnetenspecialist.nl\/fr\/wp-json\/wp\/v2\/pages\/107400","targetHints":{"allow":["GET"]}}],"collection":[{"href":"https:\/\/www.magnetenspecialist.nl\/fr\/wp-json\/wp\/v2\/pages"}],"about":[{"href":"https:\/\/www.magnetenspecialist.nl\/fr\/wp-json\/wp\/v2\/types\/page"}],"author":[{"embeddable":true,"href":"https:\/\/www.magnetenspecialist.nl\/fr\/wp-json\/wp\/v2\/users\/1"}],"replies":[{"embeddable":true,"href":"https:\/\/www.magnetenspecialist.nl\/fr\/wp-json\/wp\/v2\/comments?post=107400"}],"version-history":[{"count":0,"href":"https:\/\/www.magnetenspecialist.nl\/fr\/wp-json\/wp\/v2\/pages\/107400\/revisions"}],"wp:attachment":[{"href":"https:\/\/www.magnetenspecialist.nl\/fr\/wp-json\/wp\/v2\/media?parent=107400"}],"curies":[{"name":"wp","href":"https:\/\/api.w.org\/{rel}","templated":true}]}}