{"id":107407,"date":"2019-03-12T16:07:53","date_gmt":"2019-03-12T15:07:53","guid":{"rendered":"https:\/\/www.magnetenspecialist.nl\/prix-des-aimants\/"},"modified":"2022-02-04T12:13:54","modified_gmt":"2022-02-04T11:13:54","slug":"prix-des-aimants","status":"publish","type":"page","link":"https:\/\/www.magnetenspecialist.nl\/fr\/prix-des-aimants\/","title":{"rendered":"Prix des aimants"},"content":{"rendered":"\n<div class=\"row d-flex align-items-center\">\n<div class=\"col-md-6 col-lg-4 col-xl-3\">\n<figure class=\"wp-block-image\"><img decoding=\"async\" src=\"https:\/\/www.magnetenspecialist.nl\/wp-content\/uploads\/2018\/12\/Logo-640x480.jpg\" alt=\"magneet prijs\" class=\"aligncenter\"\/><\/figure><\/div>\n\n<div class=\"col-md-6 col-lg-8 col-xl-9\">\n<h2>Prix de tous les aimants en ligne chez Magnet Specialist<\/h2>\n<p>Vous \u00eates \u00e0 la recherche d&#8217;un aimant et vous voulez savoir o\u00f9 trouver le meilleur prix ? Jetez ensuite un coup d&#8217;\u0153il dans la boutique en ligne du sp\u00e9cialiste des aimants. Une gamme compl\u00e8te et claire d&#8217;aimants, class\u00e9s par forme et par pouvoir d&#8217;attraction. Le prix est clairement indiqu\u00e9 pour chaque aimant. Vous achetez toujours un aimant chez Magnetenspecialist \u00e0 un prix tr\u00e8s bas et comp\u00e9titif.<\/p>\n<\/div>\n<\/div>\n\n<h2 class=\"wp-block-heading\">Prix aimant comp\u00e9titif et excellent service  <\/h2>\n\n<p>Le prix d&#8217;un aimant chez Magnetenspecialist est toujours avantageux, mais la qualit\u00e9 et le service sont \u00e9galement excellents. Si vous avez command\u00e9 avant 17 heures, le sp\u00e9cialiste des aimants vous livrera votre commande d\u00e8s le lendemain. Gr\u00e2ce \u00e0 la rapidit\u00e9 des d\u00e9lais de livraison, plus de 10 000 clients passent r\u00e9guli\u00e8rement commande aupr\u00e8s du sp\u00e9cialiste des aimants. Commandez votre aimant en ligne d\u00e8s maintenant, le prix vous surprendra certainement.  <\/p>\n\n<div class=\"cta-banner\">\n    <h4>Afficher les prix des aimants de Magnet Specialist<\/h4>\n    <a class=\"cta-banner-btn\" href=\"https:\/\/www.magnetenspecialist.nl\/?s=Corsage+magneten&#038;post_type=product\" title=\"Afficher les prix des aimants de Magnet Specialist\">Voir maintenant<\/a>\n<\/div>\n\n<h3 class=\"wp-block-heading\">M\u00eame les aimants les plus puissants et peu co\u00fbteux<\/h3>\n\n<p>Gr\u00e2ce \u00e0 de bons canaux d&#8217;achat, le sp\u00e9cialiste des aimants peut fournir n&#8217;importe quel aimant \u00e0 un prix avantageux. Vous pouvez acheter les <a href=\"https:\/\/www.magnetenspecialist.nl\/winkel\/?orderby=price-desc\">aimants<\/a> les <a href=\"https:\/\/www.magnetenspecialist.nl\/winkel\/?orderby=price-desc\">plus grands et les plus lourds<\/a> dans la boutique en ligne du sp\u00e9cialiste des aimants \u00e0 un prix abordable. Tous nos aimants en n\u00e9odyme sont de la plus haute qualit\u00e9. Cela signifie que la composition des mat\u00e9riaux est de haute qualit\u00e9, ce qui garantit que nos aimants ne perdent pas leur force au fil du temps. Contrairement \u00e0 certains autres aimants qui sont trop bon march\u00e9 pour \u00eatre de bonne qualit\u00e9, nous ne fournissons que des aimants de la meilleure qualit\u00e9 au meilleur prix que vous puissiez trouver pour eux.  <\/p>\n","protected":false},"excerpt":{"rendered":"<p>Prix de tous les aimants en ligne chez Magnet Specialist Vous \u00eates \u00e0 la recherche d&#8217;un aimant et vous voulez savoir o\u00f9 trouver le meilleur prix ? Jetez ensuite un coup d&#8217;\u0153il dans la boutique en ligne du sp\u00e9cialiste des aimants. Une gamme compl\u00e8te et claire d&#8217;aimants, class\u00e9s par forme et par pouvoir d&#8217;attraction. Le [&hellip;]<\/p>\n","protected":false},"author":1,"featured_media":0,"parent":0,"menu_order":0,"comment_status":"closed","ping_status":"closed","template":"template-full.php","meta":{"_acf_changed":false,"footnotes":""},"class_list":["post-107407","page","type-page","status-publish","hentry"],"acf":[],"yoast_head":"<!-- This site is optimized with the Yoast SEO Premium plugin v24.7 (Yoast SEO v24.7) - https:\/\/yoast.com\/wordpress\/plugins\/seo\/ -->\n<title>Un prix imbattable sur les aimants chez Magnetenspecialist.nl<\/title>\n<meta name=\"description\" content=\"Des aimants de qualit\u00e9 \u00e0 un prix imbattable. Le prix des aimants chez le sp\u00e9cialiste des aimants est tr\u00e8s avantageux compte tenu de la qualit\u00e9 que nous fournissons.\" \/>\n<meta name=\"robots\" content=\"index, follow, max-snippet:-1, max-image-preview:large, max-video-preview:-1\" \/>\n<link rel=\"canonical\" href=\"https:\/\/www.magnetenspecialist.nl\/fr\/prix-des-aimants\/\" \/>\n<meta property=\"og:locale\" content=\"fr_FR\" \/>\n<meta property=\"og:type\" content=\"article\" \/>\n<meta property=\"og:title\" content=\"Prix des aimants\" \/>\n<meta property=\"og:description\" content=\"Des aimants de qualit\u00e9 \u00e0 un prix imbattable. Le prix des aimants chez le sp\u00e9cialiste des aimants est tr\u00e8s avantageux compte tenu de la qualit\u00e9 que nous fournissons.\" \/>\n<meta property=\"og:url\" content=\"https:\/\/www.magnetenspecialist.nl\/fr\/prix-des-aimants\/\" \/>\n<meta property=\"og:site_name\" content=\"Magnetenspecialist.nl\" \/>\n<meta property=\"article:publisher\" content=\"https:\/\/www.facebook.com\/Magnetenspecialist.nl\" \/>\n<meta property=\"article:modified_time\" content=\"2022-02-04T11:13:54+00:00\" \/>\n<meta property=\"og:image\" content=\"https:\/\/www.magnetenspecialist.nl\/wp-content\/uploads\/2018\/12\/Logo-640x480.jpg\" \/>\n<meta name=\"twitter:card\" content=\"summary_large_image\" \/>\n<meta name=\"twitter:site\" content=\"@magnetenspecial\" \/>\n<meta name=\"twitter:label1\" content=\"Dur\u00e9e de lecture estim\u00e9e\" \/>\n\t<meta name=\"twitter:data1\" content=\"1 minute\" \/>\n<script type=\"application\/ld+json\" class=\"yoast-schema-graph\">{\"@context\":\"https:\/\/schema.org\",\"@graph\":[{\"@type\":\"WebPage\",\"@id\":\"https:\/\/www.magnetenspecialist.nl\/fr\/prix-des-aimants\/\",\"url\":\"https:\/\/www.magnetenspecialist.nl\/fr\/prix-des-aimants\/\",\"name\":\"Un prix imbattable sur les aimants chez Magnetenspecialist.nl\",\"isPartOf\":{\"@id\":\"https:\/\/www.magnetenspecialist.nl\/fr\/#website\"},\"primaryImageOfPage\":{\"@id\":\"https:\/\/www.magnetenspecialist.nl\/fr\/prix-des-aimants\/#primaryimage\"},\"image\":{\"@id\":\"https:\/\/www.magnetenspecialist.nl\/fr\/prix-des-aimants\/#primaryimage\"},\"thumbnailUrl\":\"https:\/\/www.magnetenspecialist.nl\/wp-content\/uploads\/2018\/12\/Logo-640x480.jpg\",\"datePublished\":\"2019-03-12T15:07:53+00:00\",\"dateModified\":\"2022-02-04T11:13:54+00:00\",\"description\":\"Des aimants de qualit\u00e9 \u00e0 un prix imbattable. Le prix des aimants chez le sp\u00e9cialiste des aimants est tr\u00e8s avantageux compte tenu de la qualit\u00e9 que nous fournissons.\",\"breadcrumb\":{\"@id\":\"https:\/\/www.magnetenspecialist.nl\/fr\/prix-des-aimants\/#breadcrumb\"},\"inLanguage\":\"fr-FR\",\"potentialAction\":[{\"@type\":\"ReadAction\",\"target\":[\"https:\/\/www.magnetenspecialist.nl\/fr\/prix-des-aimants\/\"]}]},{\"@type\":\"ImageObject\",\"inLanguage\":\"fr-FR\",\"@id\":\"https:\/\/www.magnetenspecialist.nl\/fr\/prix-des-aimants\/#primaryimage\",\"url\":\"https:\/\/www.magnetenspecialist.nl\/wp-content\/uploads\/2018\/12\/Logo-640x480.jpg\",\"contentUrl\":\"https:\/\/www.magnetenspecialist.nl\/wp-content\/uploads\/2018\/12\/Logo-640x480.jpg\"},{\"@type\":\"BreadcrumbList\",\"@id\":\"https:\/\/www.magnetenspecialist.nl\/fr\/prix-des-aimants\/#breadcrumb\",\"itemListElement\":[{\"@type\":\"ListItem\",\"position\":1,\"name\":\"Accueil\",\"item\":\"https:\/\/www.magnetenspecialist.nl\/fr\/accueil\/\"},{\"@type\":\"ListItem\",\"position\":2,\"name\":\"Prix des aimants\"}]},{\"@type\":\"WebSite\",\"@id\":\"https:\/\/www.magnetenspecialist.nl\/fr\/#website\",\"url\":\"https:\/\/www.magnetenspecialist.nl\/fr\/\",\"name\":\"Magnetenspecialist.nl\",\"description\":\"Vaste gamme d'aimants en n\u00e9odyme\",\"publisher\":{\"@id\":\"https:\/\/www.magnetenspecialist.nl\/fr\/#organization\"},\"potentialAction\":[{\"@type\":\"SearchAction\",\"target\":{\"@type\":\"EntryPoint\",\"urlTemplate\":\"https:\/\/www.magnetenspecialist.nl\/fr\/?s={search_term_string}\"},\"query-input\":{\"@type\":\"PropertyValueSpecification\",\"valueRequired\":true,\"valueName\":\"search_term_string\"}}],\"inLanguage\":\"fr-FR\"},{\"@type\":\"Organization\",\"@id\":\"https:\/\/www.magnetenspecialist.nl\/fr\/#organization\",\"name\":\"Magnetenspecialist.nl\",\"url\":\"https:\/\/www.magnetenspecialist.nl\/fr\/\",\"logo\":{\"@type\":\"ImageObject\",\"inLanguage\":\"fr-FR\",\"@id\":\"https:\/\/www.magnetenspecialist.nl\/fr\/#\/schema\/logo\/image\/\",\"url\":\"https:\/\/www.magnetenspecialist.nl\/wp-content\/uploads\/2018\/10\/magneten-logo.jpg\",\"contentUrl\":\"https:\/\/www.magnetenspecialist.nl\/wp-content\/uploads\/2018\/10\/magneten-logo.jpg\",\"width\":151,\"height\":151,\"caption\":\"Magnetenspecialist.nl\"},\"image\":{\"@id\":\"https:\/\/www.magnetenspecialist.nl\/fr\/#\/schema\/logo\/image\/\"},\"sameAs\":[\"https:\/\/www.facebook.com\/Magnetenspecialist.nl\",\"https:\/\/x.com\/magnetenspecial\"]}]}<\/script>\n<!-- \/ Yoast SEO Premium plugin. -->","yoast_head_json":{"title":"Un prix imbattable sur les aimants chez Magnetenspecialist.nl","description":"Des aimants de qualit\u00e9 \u00e0 un prix imbattable. Le prix des aimants chez le sp\u00e9cialiste des aimants est tr\u00e8s avantageux compte tenu de la qualit\u00e9 que nous fournissons.","robots":{"index":"index","follow":"follow","max-snippet":"max-snippet:-1","max-image-preview":"max-image-preview:large","max-video-preview":"max-video-preview:-1"},"canonical":"https:\/\/www.magnetenspecialist.nl\/fr\/prix-des-aimants\/","og_locale":"fr_FR","og_type":"article","og_title":"Prix des aimants","og_description":"Des aimants de qualit\u00e9 \u00e0 un prix imbattable. Le prix des aimants chez le sp\u00e9cialiste des aimants est tr\u00e8s avantageux compte tenu de la qualit\u00e9 que nous fournissons.","og_url":"https:\/\/www.magnetenspecialist.nl\/fr\/prix-des-aimants\/","og_site_name":"Magnetenspecialist.nl","article_publisher":"https:\/\/www.facebook.com\/Magnetenspecialist.nl","article_modified_time":"2022-02-04T11:13:54+00:00","og_image":[{"url":"https:\/\/www.magnetenspecialist.nl\/wp-content\/uploads\/2018\/12\/Logo-640x480.jpg","type":"","width":"","height":""}],"twitter_card":"summary_large_image","twitter_site":"@magnetenspecial","twitter_misc":{"Dur\u00e9e de lecture estim\u00e9e":"1 minute"},"schema":{"@context":"https:\/\/schema.org","@graph":[{"@type":"WebPage","@id":"https:\/\/www.magnetenspecialist.nl\/fr\/prix-des-aimants\/","url":"https:\/\/www.magnetenspecialist.nl\/fr\/prix-des-aimants\/","name":"Un prix imbattable sur les aimants chez Magnetenspecialist.nl","isPartOf":{"@id":"https:\/\/www.magnetenspecialist.nl\/fr\/#website"},"primaryImageOfPage":{"@id":"https:\/\/www.magnetenspecialist.nl\/fr\/prix-des-aimants\/#primaryimage"},"image":{"@id":"https:\/\/www.magnetenspecialist.nl\/fr\/prix-des-aimants\/#primaryimage"},"thumbnailUrl":"https:\/\/www.magnetenspecialist.nl\/wp-content\/uploads\/2018\/12\/Logo-640x480.jpg","datePublished":"2019-03-12T15:07:53+00:00","dateModified":"2022-02-04T11:13:54+00:00","description":"Des aimants de qualit\u00e9 \u00e0 un prix imbattable. Le prix des aimants chez le sp\u00e9cialiste des aimants est tr\u00e8s avantageux compte tenu de la qualit\u00e9 que nous fournissons.","breadcrumb":{"@id":"https:\/\/www.magnetenspecialist.nl\/fr\/prix-des-aimants\/#breadcrumb"},"inLanguage":"fr-FR","potentialAction":[{"@type":"ReadAction","target":["https:\/\/www.magnetenspecialist.nl\/fr\/prix-des-aimants\/"]}]},{"@type":"ImageObject","inLanguage":"fr-FR","@id":"https:\/\/www.magnetenspecialist.nl\/fr\/prix-des-aimants\/#primaryimage","url":"https:\/\/www.magnetenspecialist.nl\/wp-content\/uploads\/2018\/12\/Logo-640x480.jpg","contentUrl":"https:\/\/www.magnetenspecialist.nl\/wp-content\/uploads\/2018\/12\/Logo-640x480.jpg"},{"@type":"BreadcrumbList","@id":"https:\/\/www.magnetenspecialist.nl\/fr\/prix-des-aimants\/#breadcrumb","itemListElement":[{"@type":"ListItem","position":1,"name":"Accueil","item":"https:\/\/www.magnetenspecialist.nl\/fr\/accueil\/"},{"@type":"ListItem","position":2,"name":"Prix des aimants"}]},{"@type":"WebSite","@id":"https:\/\/www.magnetenspecialist.nl\/fr\/#website","url":"https:\/\/www.magnetenspecialist.nl\/fr\/","name":"Magnetenspecialist.nl","description":"Vaste gamme d'aimants en n\u00e9odyme","publisher":{"@id":"https:\/\/www.magnetenspecialist.nl\/fr\/#organization"},"potentialAction":[{"@type":"SearchAction","target":{"@type":"EntryPoint","urlTemplate":"https:\/\/www.magnetenspecialist.nl\/fr\/?s={search_term_string}"},"query-input":{"@type":"PropertyValueSpecification","valueRequired":true,"valueName":"search_term_string"}}],"inLanguage":"fr-FR"},{"@type":"Organization","@id":"https:\/\/www.magnetenspecialist.nl\/fr\/#organization","name":"Magnetenspecialist.nl","url":"https:\/\/www.magnetenspecialist.nl\/fr\/","logo":{"@type":"ImageObject","inLanguage":"fr-FR","@id":"https:\/\/www.magnetenspecialist.nl\/fr\/#\/schema\/logo\/image\/","url":"https:\/\/www.magnetenspecialist.nl\/wp-content\/uploads\/2018\/10\/magneten-logo.jpg","contentUrl":"https:\/\/www.magnetenspecialist.nl\/wp-content\/uploads\/2018\/10\/magneten-logo.jpg","width":151,"height":151,"caption":"Magnetenspecialist.nl"},"image":{"@id":"https:\/\/www.magnetenspecialist.nl\/fr\/#\/schema\/logo\/image\/"},"sameAs":["https:\/\/www.facebook.com\/Magnetenspecialist.nl","https:\/\/x.com\/magnetenspecial"]}]}},"_links":{"self":[{"href":"https:\/\/www.magnetenspecialist.nl\/fr\/wp-json\/wp\/v2\/pages\/107407","targetHints":{"allow":["GET"]}}],"collection":[{"href":"https:\/\/www.magnetenspecialist.nl\/fr\/wp-json\/wp\/v2\/pages"}],"about":[{"href":"https:\/\/www.magnetenspecialist.nl\/fr\/wp-json\/wp\/v2\/types\/page"}],"author":[{"embeddable":true,"href":"https:\/\/www.magnetenspecialist.nl\/fr\/wp-json\/wp\/v2\/users\/1"}],"replies":[{"embeddable":true,"href":"https:\/\/www.magnetenspecialist.nl\/fr\/wp-json\/wp\/v2\/comments?post=107407"}],"version-history":[{"count":0,"href":"https:\/\/www.magnetenspecialist.nl\/fr\/wp-json\/wp\/v2\/pages\/107407\/revisions"}],"wp:attachment":[{"href":"https:\/\/www.magnetenspecialist.nl\/fr\/wp-json\/wp\/v2\/media?parent=107407"}],"curies":[{"name":"wp","href":"https:\/\/api.w.org\/{rel}","templated":true}]}}