{"id":107416,"date":"2019-03-12T14:40:20","date_gmt":"2019-03-12T13:40:20","guid":{"rendered":"https:\/\/www.magnetenspecialist.nl\/en-savoir-plus-sur-la-magnetisation-et-la-qualite\/"},"modified":"2022-02-04T12:13:51","modified_gmt":"2022-02-04T11:13:51","slug":"en-savoir-plus-sur-la-magnetisation-et-la-qualite","status":"publish","type":"page","link":"https:\/\/www.magnetenspecialist.nl\/fr\/en-savoir-plus-sur-la-magnetisation-et-la-qualite\/","title":{"rendered":"En savoir plus sur la magn\u00e9tisation et la qualit\u00e9"},"content":{"rendered":"\n<div class=\"row d-flex align-items-center\">\n<div class=\"col-md-6 col-lg-4 col-xl-3\">\n<figure class=\"wp-block-image\"><img decoding=\"async\" src=\"https:\/\/www.magnetenspecialist.nl\/wp-content\/uploads\/2018\/10\/magnets_4.jpg\" alt=\"Magnetisering kwaliteit\" class=\"aligncenter\"\/><\/figure><\/div>\n\n<div class=\"col-md-6 col-lg-8 col-xl-9\">\n<h2>Signification des expressions<\/h2>\n<p>Quelle est la signification des expressions N40, N42, N45 etc. ? Ces expressions sont une mesure de la qualit\u00e9 du mat\u00e9riau magn\u00e9tique utilis\u00e9. On peut en d\u00e9duire deux choses, \u00e0 savoir la quantit\u00e9 d'&#8221;\u00e9nergie magn\u00e9tique&#8221; par volume stock\u00e9e dans ce mat\u00e9riau magn\u00e9tique et la temp\u00e9rature maximale \u00e0 laquelle l&#8217;aimant peut \u00eatre utilis\u00e9.<\/p>\n<\/div>\n<\/div>\n\n<hr\/>\n<p>Le nombre (par exemple 40, 42, 45) correspond approximativement au produit \u00e9nerg\u00e9tique maximal de l&#8217;aimant (en MGOe). La lettre N devant les chiffres signifie Neodymium et ils ont une temp\u00e9rature de fonctionnement maximale de 80 \u00b0C. Les lettres derri\u00e8re les chiffres correspondent aux temp\u00e9ratures d&#8217;utilisation maximales de M=100 \u00b0C, H=120 \u00b0C, SH=150 \u00b0C, EH=180 \u00b0C et UH=200 \u00b0C. S&#8217;il n&#8217;est suivi d&#8217;aucun \u00e9l\u00e9ment, il s&#8217;agit automatiquement de 80 \u00b0C.  <\/p>\n\n<p>Lorsque nous parlons de la &#8220;force&#8221; d&#8217;un aimant, nous faisons g\u00e9n\u00e9ralement r\u00e9f\u00e9rence \u00e0 son pouvoir de r\u00e9tention en contact direct avec une plaque de m\u00e9tal, ou \u00e0 son attraction sur un morceau de fer (ou un autre aimant) \u00e0 une certaine distance. La &#8220;force&#8221; ne d\u00e9pend pas uniquement du mat\u00e9riau magn\u00e9tique utilis\u00e9.  <\/p>\n\n<p>Le volume de l&#8217;aimant, sa forme, ses proportions (par exemple, le rapport entre le diam\u00e8tre et l&#8217;\u00e9paisseur pour un disque magn\u00e9tique) ainsi que la combinaison avec d&#8217;autres mat\u00e9riaux sont tout aussi importants, par exemple, si l&#8217;aimant est mont\u00e9 sur une pi\u00e8ce de m\u00e9tal ou dans un pot m\u00e9tallique ou s&#8217;il est ind\u00e9pendant.  <\/p>\n\n<p>Il en va de m\u00eame pour la temp\u00e9rature de fonctionnement. La temp\u00e9rature maximale sp\u00e9cifi\u00e9e ne peut \u00eatre appliqu\u00e9e sans probl\u00e8me que si les proportions de l&#8217;aimant sont optimales. Par exemple, si un aimant est tr\u00e8s fin par rapport \u00e0 son diam\u00e8tre (ou sa longueur), la temp\u00e9rature maximale est atteinte plus rapidement.  <\/p>\n\n<p>Si vous prenez deux aimants de notre gamme qui ont des tailles et une magn\u00e9tisation diff\u00e9rentes, la diff\u00e9rence de volume est g\u00e9n\u00e9ralement plus d\u00e9terminante pour la force de l&#8217;aimant que la diff\u00e9rence de magn\u00e9tisation. Par cons\u00e9quent, le plus gros aimant est g\u00e9n\u00e9ralement le plus puissant, m\u00eame si l&#8217;indice de magn\u00e9tisation est plus faible. La corr\u00e9lation exacte entre ce nombre caract\u00e9ristique et les valeurs magn\u00e9tiques physiques peut \u00eatre trouv\u00e9e dans le tableau.<\/p>\n\n<div class=\"table-responsive\">\n<table class=\"table\" style=\"min-width:720px;\"><thead><tr><th> <\/th>\n  <th> <\/th>\n  <th colspan=\"4\">  R\u00e9manence  <\/th>\n  <th colspan=\"3\">  Coercivit\u00e9  <\/th>\n<\/tr><tr><th> <\/th>\n  <th> <\/th>\n  <th colspan=\"2\">  Br (T)  <\/th>\n  <th colspan=\"2\">  bHc (kA\/m)  <\/th>\n  <th>  iHc  <\/th>\n  <th colspan=\"2\">  (BH) max<br\/>  (KJ\/m3)  <\/th>\n<\/tr><tr><th>  Qualit\u00e9  <\/th>\n  <th>  Temp\u00e9rature d&#8217;utilisation maximale  <\/th>\n  <th>  Nom  <\/th>\n  <th>  Min  <\/th>\n  <th>  Nom  <\/th>\n  <th>  Min  <\/th>\n  <th>  (kA\/m)  <\/th>\n  <th>  Nom  <\/th>\n  <th>  Min  <\/th>\n<\/tr><\/thead><tbody><tr><td>  N35  <\/td>\n      <td>  80  <\/td>\n      <td>  1.21  <\/td>\n      <td>  1.17  <\/td>\n      <td>  899  <\/td>\n      <td>  876  <\/td>\n      <td>  955  <\/td>\n      <td>  279  <\/td>\n      <td>  263  <\/td>\n    <\/tr><tr><td>  N38  <\/td>\n      <td>  80  <\/td>\n      <td>  1.26  <\/td>\n      <td>  1.22  <\/td>\n      <td>  923  <\/td>\n      <td>  876  <\/td>\n      <td>  955  <\/td>\n      <td>  303  <\/td>\n      <td>  287  <\/td>\n    <\/tr><tr><td>  N40  <\/td>\n      <td>  80  <\/td>\n      <td>  1.29  <\/td>\n      <td>  1.26  <\/td>\n      <td>  923  <\/td>\n      <td>  876  <\/td>\n      <td>  955  <\/td>\n      <td>  318  <\/td>\n      <td>  303  <\/td>\n    <\/tr><tr><td>  N42  <\/td>\n      <td>  80  <\/td>\n      <td>  1.33  <\/td>\n      <td>  1.3  <\/td>\n      <td>  926  <\/td>\n      <td>  876  <\/td>\n      <td>  955  <\/td>\n      <td>  334  <\/td>\n      <td>  318  <\/td>\n    <\/tr><tr><td>  N45  <\/td>\n      <td>  80  <\/td>\n      <td>  1.37  <\/td>\n      <td>  1.33  <\/td>\n      <td>  926  <\/td>\n      <td>  876  <\/td>\n      <td>  955  <\/td>\n      <td>  358  <\/td>\n      <td>  342  <\/td>\n    <\/tr><tr><td>  N48  <\/td>\n      <td>  80  <\/td>\n      <td>  1.42  <\/td>\n      <td>  1.36  <\/td>\n      <td>  926  <\/td>\n      <td>  876  <\/td>\n      <td>  955  <\/td>\n      <td>  382  <\/td>\n      <td>  358  <\/td>\n    <\/tr><tr><td>  N50  <\/td>\n      <td>  80  <\/td>\n      <td>  1.45  <\/td>\n      <td>  1.41  <\/td>\n      <td>  907  <\/td>\n      <td>  828  <\/td>\n      <td>  876  <\/td>\n      <td>  398  <\/td>\n      <td>  382  <\/td>\n    <\/tr><tr><td>  N52  <\/td>\n      <td>  80  <\/td>\n      <td>  1.48  <\/td>\n      <td>  1.44  <\/td>\n      <td>  907  <\/td>\n      <td>  828  <\/td>\n      <td>  876  <\/td>\n      <td>  414  <\/td>\n      <td>  394  <\/td>\n    <\/tr><tr><td>  35M  <\/td>\n      <td>  100  <\/td>\n      <td>  1.21  <\/td>\n      <td>  1.17  <\/td>\n      <td>  915  <\/td>\n      <td>  892  <\/td>\n      <td>  1114  <\/td>\n      <td>  279  <\/td>\n      <td>  263  <\/td>\n    <\/tr><tr><td>  38M  <\/td>\n      <td>  100  <\/td>\n      <td>  1.26  <\/td>\n      <td>  1.22  <\/td>\n      <td>  931  <\/td>\n      <td>  907  <\/td>\n      <td>  1114  <\/td>\n      <td>  303  <\/td>\n      <td>  287  <\/td>\n    <\/tr><tr><td>  40M  <\/td>\n      <td>  100  <\/td>\n      <td>  1.29  <\/td>\n      <td>  1.26  <\/td>\n      <td>  947  <\/td>\n      <td>  907  <\/td>\n      <td>  1114  <\/td>\n      <td>  318  <\/td>\n      <td>  303  <\/td>\n    <\/tr><tr><td>  42M  <\/td>\n      <td>  100  <\/td>\n      <td>  1.33  <\/td>\n      <td>  1.3  <\/td>\n      <td>  947  <\/td>\n      <td>  907  <\/td>\n      <td>  1114  <\/td>\n      <td>  334  <\/td>\n      <td>  318  <\/td>\n    <\/tr><tr><td>  45M  <\/td>\n      <td>  100  <\/td>\n      <td>  1.37  <\/td>\n      <td>  1.33  <\/td>\n      <td>  955  <\/td>\n      <td>  907  <\/td>\n      <td>  1114  <\/td>\n      <td>  358  <\/td>\n      <td>  334  <\/td>\n    <\/tr><tr><td>  48M  <\/td>\n      <td>  100  <\/td>\n      <td>  1.42  <\/td>\n      <td>  1.36  <\/td>\n      <td>  955  <\/td>\n      <td>  907  <\/td>\n      <td>  1114  <\/td>\n      <td>  382  <\/td>\n      <td>  358  <\/td>\n    <\/tr><tr><td>  33H  <\/td>\n      <td>  120  <\/td>\n      <td>  1.17  <\/td>\n      <td>  1.14  <\/td>\n      <td>  876  <\/td>\n      <td>  820  <\/td>\n      <td>  1353  <\/td>\n      <td>  263  <\/td>\n      <td>  247  <\/td>\n    <\/tr><tr><td>  35H  <\/td>\n      <td>  120  <\/td>\n      <td>  1.21  <\/td>\n      <td>  1.17  <\/td>\n      <td>  907  <\/td>\n      <td>  860  <\/td>\n      <td>  1353  <\/td>\n      <td>  279  <\/td>\n      <td>  263  <\/td>\n    <\/tr><tr><td>  38H  <\/td>\n      <td>  120  <\/td>\n      <td>  1.26  <\/td>\n      <td>  1.22  <\/td>\n      <td>  947  <\/td>\n      <td>  907  <\/td>\n      <td>  1353  <\/td>\n      <td>  303  <\/td>\n      <td>  287  <\/td>\n    <\/tr><tr><td>  40H  <\/td>\n      <td>  120  <\/td>\n      <td>  1.29  <\/td>\n      <td>  1.26  <\/td>\n      <td>  947  <\/td>\n      <td>  907  <\/td>\n      <td>  1353  <\/td>\n      <td>  318  <\/td>\n      <td>  303  <\/td>\n    <\/tr><tr><td>  42H  <\/td>\n      <td>  120  <\/td>\n      <td>  1.33  <\/td>\n      <td>  1.3  <\/td>\n      <td>  947  <\/td>\n      <td>  907  <\/td>\n      <td>  1353  <\/td>\n      <td>  334  <\/td>\n      <td>  318  <\/td>\n    <\/tr><tr><td>  44H  <\/td>\n      <td>  120  <\/td>\n      <td>  1.36  <\/td>\n      <td>  1.33  <\/td>\n      <td>  947  <\/td>\n      <td>  907  <\/td>\n      <td>  1274  <\/td>\n      <td>  350  <\/td>\n      <td>  334  <\/td>\n    <\/tr><tr><td>  30SH  <\/td>\n      <td>  150  <\/td>\n      <td>  1.12  <\/td>\n      <td>  1.08  <\/td>\n      <td>  844  <\/td>\n      <td>  804  <\/td>\n      <td>  1592  <\/td>\n      <td>  239  <\/td>\n      <td>  223  <\/td>\n    <\/tr><tr><td>  33SH  <\/td>\n      <td>  150  <\/td>\n      <td>  1.17  <\/td>\n      <td>  1.14  <\/td>\n      <td>  876  <\/td>\n      <td>  820  <\/td>\n      <td>  1592  <\/td>\n      <td>  263  <\/td>\n      <td>  247  <\/td>\n    <\/tr><tr><td>  35SH  <\/td>\n      <td>  150  <\/td>\n      <td>  1.21  <\/td>\n      <td>  1.17  <\/td>\n      <td>  907  <\/td>\n      <td>  860  <\/td>\n      <td>  1592  <\/td>\n      <td>  279  <\/td>\n      <td>  263  <\/td>\n    <\/tr><tr><td>  38SH  <\/td>\n      <td>  150  <\/td>\n      <td>  1.26  <\/td>\n      <td>  1.22  <\/td>\n      <td>  947  <\/td>\n      <td>  907  <\/td>\n      <td>  1592  <\/td>\n      <td>  303  <\/td>\n      <td>  287  <\/td>\n    <\/tr><tr><td>  40SH  <\/td>\n      <td>  150  <\/td>\n      <td>  1.29  <\/td>\n      <td>  1.26  <\/td>\n      <td>  947  <\/td>\n      <td>  907  <\/td>\n      <td>  1592  <\/td>\n      <td>  318  <\/td>\n      <td>  303  <\/td>\n    <\/tr><tr><td>  42SH  <\/td>\n      <td>  150  <\/td>\n      <td>  1.33  <\/td>\n      <td>  1.3  <\/td>\n      <td>  947  <\/td>\n      <td>  907  <\/td>\n      <td>  1512  <\/td>\n      <td>  334  <\/td>\n      <td>  318  <\/td>\n    <\/tr><tr><td>  28UH  <\/td>\n      <td>  180  <\/td>\n      <td>  1.08  <\/td>\n      <td>  1.04  <\/td>\n      <td>  812  <\/td>\n      <td>  780  <\/td>\n      <td>  1990  <\/td>\n      <td>  223  <\/td>\n      <td>  207  <\/td>\n    <\/tr><tr><td>  30UH  <\/td>\n      <td>  180  <\/td>\n      <td>  1.12  <\/td>\n      <td>  1.08  <\/td>\n      <td>  844  <\/td>\n      <td>  804  <\/td>\n      <td>  1990  <\/td>\n      <td>  239  <\/td>\n      <td>  223  <\/td>\n    <\/tr><tr><td>  33UH  <\/td>\n      <td>  180  <\/td>\n      <td>  1.17  <\/td>\n      <td>  1.14  <\/td>\n      <td>  876  <\/td>\n      <td>  820  <\/td>\n      <td>  1990  <\/td>\n      <td>  263  <\/td>\n      <td>  247  <\/td>\n    <\/tr><tr><td>  35UH  <\/td>\n      <td>  180  <\/td>\n      <td>  1.21  <\/td>\n      <td>  1.17  <\/td>\n      <td>  907  <\/td>\n      <td>  860  <\/td>\n      <td>  1990  <\/td>\n      <td>  279  <\/td>\n      <td>  263  <\/td>\n    <\/tr><tr><td>  38UH  <\/td>\n      <td>  180  <\/td>\n      <td>  1.26  <\/td>\n      <td>  1.22  <\/td>\n      <td>  947  <\/td>\n      <td>  907  <\/td>\n      <td>  1990  <\/td>\n      <td>  303  <\/td>\n      <td>  287  <\/td>\n    <\/tr><tr><td>  28EH  <\/td>\n      <td>  200  <\/td>\n      <td>  1.08  <\/td>\n      <td>  1.04  <\/td>\n      <td>  812  <\/td>\n      <td>  780  <\/td>\n      <td>  2388  <\/td>\n      <td>  223  <\/td>\n      <td>  207  <\/td>\n    <\/tr><tr><td>  30EH  <\/td>\n      <td>  200  <\/td>\n      <td>  1.12  <\/td>\n      <td>  1.08  <\/td>\n      <td>  844  <\/td>\n      <td>  804  <\/td>\n      <td>  2388  <\/td>\n      <td>  239  <\/td>\n      <td>  223  <\/td>\n    <\/tr><tr><td>  33EH  <\/td>\n      <td>  200  <\/td>\n      <td>  1.17  <\/td>\n      <td>  1.14  <\/td>\n      <td>  876  <\/td>\n      <td>  820  <\/td>\n      <td>  2388  <\/td>\n      <td>  263  <\/td>\n      <td>  247  <\/td>\n    <\/tr><tr><td>  35EH  <\/td>\n      <td>  200  <\/td>\n      <td>  1.21  <\/td>\n      <td>  1.17  <\/td>\n      <td>  907  <\/td>\n      <td>  860  <\/td>\n      <td>  2388  <\/td>\n      <td>  279  <\/td>\n      <td>  263  <\/td>\n    <\/tr><tr><td>  30AH  <\/td>\n      <td>  220  <\/td>\n      <td>  1.12  <\/td>\n      <td>  1.08  <\/td>\n      <td>  899  <\/td>\n      <td>  804  <\/td>\n      <td>  2786  <\/td>\n      <td>  255  <\/td>\n      <td>  223  <\/td>\n    <\/tr><tr><td>  35AH  <\/td>\n      <td>  220  <\/td>\n      <td>  1.21  <\/td>\n      <td>  1.17  <\/td>\n      <td>  947  <\/td>\n      <td>  852  <\/td>\n      <td>  2786  <\/td>\n      <td>  287  <\/td>\n      <td>  255  <\/td>\n    <\/tr><\/tbody><\/table><\/div>\n","protected":false},"excerpt":{"rendered":"<p>Signification des expressions Quelle est la signification des expressions N40, N42, N45 etc. ? Ces expressions sont une mesure de la qualit\u00e9 du mat\u00e9riau magn\u00e9tique utilis\u00e9. On peut en d\u00e9duire deux choses, \u00e0 savoir la quantit\u00e9 d&#8217;&#8221;\u00e9nergie magn\u00e9tique&#8221; par volume stock\u00e9e dans ce mat\u00e9riau magn\u00e9tique et la temp\u00e9rature maximale \u00e0 laquelle l&#8217;aimant peut \u00eatre utilis\u00e9. [&hellip;]<\/p>\n","protected":false},"author":1,"featured_media":0,"parent":0,"menu_order":0,"comment_status":"closed","ping_status":"closed","template":"template-full.php","meta":{"_acf_changed":false,"footnotes":""},"class_list":["post-107416","page","type-page","status-publish","hentry"],"acf":[],"yoast_head":"<!-- This site is optimized with the Yoast SEO Premium plugin v24.7 (Yoast SEO v24.7) - https:\/\/yoast.com\/wordpress\/plugins\/seo\/ -->\n<title>Informations sur la magn\u00e9tisation - Le sp\u00e9cialiste de l&#039;aimant explique<\/title>\n<meta name=\"description\" content=\"Tout ce qui concerne les expressions, la magn\u00e9tisation, la direction des p\u00f4les, les temp\u00e9ratures de fonctionnement, la composition des mat\u00e9riaux, etc. Vous pouvez le trouver sur Magnetenspecialist.nl\" \/>\n<meta name=\"robots\" content=\"index, follow, max-snippet:-1, max-image-preview:large, max-video-preview:-1\" \/>\n<link rel=\"canonical\" href=\"https:\/\/www.magnetenspecialist.nl\/fr\/en-savoir-plus-sur-la-magnetisation-et-la-qualite\/\" \/>\n<meta property=\"og:locale\" content=\"fr_FR\" \/>\n<meta property=\"og:type\" content=\"article\" \/>\n<meta property=\"og:title\" content=\"En savoir plus sur la magn\u00e9tisation et la qualit\u00e9\" \/>\n<meta property=\"og:description\" content=\"Tout ce qui concerne les expressions, la magn\u00e9tisation, la direction des p\u00f4les, les temp\u00e9ratures de fonctionnement, la composition des mat\u00e9riaux, etc. Vous pouvez le trouver sur Magnetenspecialist.nl\" \/>\n<meta property=\"og:url\" content=\"https:\/\/www.magnetenspecialist.nl\/fr\/en-savoir-plus-sur-la-magnetisation-et-la-qualite\/\" \/>\n<meta property=\"og:site_name\" content=\"Magnetenspecialist.nl\" \/>\n<meta property=\"article:publisher\" content=\"https:\/\/www.facebook.com\/Magnetenspecialist.nl\" \/>\n<meta property=\"article:modified_time\" content=\"2022-02-04T11:13:51+00:00\" \/>\n<meta property=\"og:image\" content=\"https:\/\/www.magnetenspecialist.nl\/wp-content\/uploads\/2018\/10\/magnets_4.jpg\" \/>\n<meta name=\"twitter:card\" content=\"summary_large_image\" \/>\n<meta name=\"twitter:site\" content=\"@magnetenspecial\" \/>\n<meta name=\"twitter:label1\" content=\"Dur\u00e9e de lecture estim\u00e9e\" \/>\n\t<meta name=\"twitter:data1\" content=\"2 minutes\" \/>\n<script type=\"application\/ld+json\" class=\"yoast-schema-graph\">{\"@context\":\"https:\/\/schema.org\",\"@graph\":[{\"@type\":\"WebPage\",\"@id\":\"https:\/\/www.magnetenspecialist.nl\/fr\/en-savoir-plus-sur-la-magnetisation-et-la-qualite\/\",\"url\":\"https:\/\/www.magnetenspecialist.nl\/fr\/en-savoir-plus-sur-la-magnetisation-et-la-qualite\/\",\"name\":\"Informations sur la magn\u00e9tisation - Le sp\u00e9cialiste de l'aimant explique\",\"isPartOf\":{\"@id\":\"https:\/\/www.magnetenspecialist.nl\/fr\/#website\"},\"primaryImageOfPage\":{\"@id\":\"https:\/\/www.magnetenspecialist.nl\/fr\/en-savoir-plus-sur-la-magnetisation-et-la-qualite\/#primaryimage\"},\"image\":{\"@id\":\"https:\/\/www.magnetenspecialist.nl\/fr\/en-savoir-plus-sur-la-magnetisation-et-la-qualite\/#primaryimage\"},\"thumbnailUrl\":\"https:\/\/www.magnetenspecialist.nl\/wp-content\/uploads\/2018\/10\/magnets_4.jpg\",\"datePublished\":\"2019-03-12T13:40:20+00:00\",\"dateModified\":\"2022-02-04T11:13:51+00:00\",\"description\":\"Tout ce qui concerne les expressions, la magn\u00e9tisation, la direction des p\u00f4les, les temp\u00e9ratures de fonctionnement, la composition des mat\u00e9riaux, etc. Vous pouvez le trouver sur Magnetenspecialist.nl\",\"breadcrumb\":{\"@id\":\"https:\/\/www.magnetenspecialist.nl\/fr\/en-savoir-plus-sur-la-magnetisation-et-la-qualite\/#breadcrumb\"},\"inLanguage\":\"fr-FR\",\"potentialAction\":[{\"@type\":\"ReadAction\",\"target\":[\"https:\/\/www.magnetenspecialist.nl\/fr\/en-savoir-plus-sur-la-magnetisation-et-la-qualite\/\"]}]},{\"@type\":\"ImageObject\",\"inLanguage\":\"fr-FR\",\"@id\":\"https:\/\/www.magnetenspecialist.nl\/fr\/en-savoir-plus-sur-la-magnetisation-et-la-qualite\/#primaryimage\",\"url\":\"https:\/\/www.magnetenspecialist.nl\/wp-content\/uploads\/2018\/10\/magnets_4.jpg\",\"contentUrl\":\"https:\/\/www.magnetenspecialist.nl\/wp-content\/uploads\/2018\/10\/magnets_4.jpg\"},{\"@type\":\"BreadcrumbList\",\"@id\":\"https:\/\/www.magnetenspecialist.nl\/fr\/en-savoir-plus-sur-la-magnetisation-et-la-qualite\/#breadcrumb\",\"itemListElement\":[{\"@type\":\"ListItem\",\"position\":1,\"name\":\"Accueil\",\"item\":\"https:\/\/www.magnetenspecialist.nl\/fr\/accueil\/\"},{\"@type\":\"ListItem\",\"position\":2,\"name\":\"En savoir plus sur la magn\u00e9tisation et la qualit\u00e9\"}]},{\"@type\":\"WebSite\",\"@id\":\"https:\/\/www.magnetenspecialist.nl\/fr\/#website\",\"url\":\"https:\/\/www.magnetenspecialist.nl\/fr\/\",\"name\":\"Magnetenspecialist.nl\",\"description\":\"Vaste gamme d'aimants en n\u00e9odyme\",\"publisher\":{\"@id\":\"https:\/\/www.magnetenspecialist.nl\/fr\/#organization\"},\"potentialAction\":[{\"@type\":\"SearchAction\",\"target\":{\"@type\":\"EntryPoint\",\"urlTemplate\":\"https:\/\/www.magnetenspecialist.nl\/fr\/?s={search_term_string}\"},\"query-input\":{\"@type\":\"PropertyValueSpecification\",\"valueRequired\":true,\"valueName\":\"search_term_string\"}}],\"inLanguage\":\"fr-FR\"},{\"@type\":\"Organization\",\"@id\":\"https:\/\/www.magnetenspecialist.nl\/fr\/#organization\",\"name\":\"Magnetenspecialist.nl\",\"url\":\"https:\/\/www.magnetenspecialist.nl\/fr\/\",\"logo\":{\"@type\":\"ImageObject\",\"inLanguage\":\"fr-FR\",\"@id\":\"https:\/\/www.magnetenspecialist.nl\/fr\/#\/schema\/logo\/image\/\",\"url\":\"https:\/\/www.magnetenspecialist.nl\/wp-content\/uploads\/2018\/10\/magneten-logo.jpg\",\"contentUrl\":\"https:\/\/www.magnetenspecialist.nl\/wp-content\/uploads\/2018\/10\/magneten-logo.jpg\",\"width\":151,\"height\":151,\"caption\":\"Magnetenspecialist.nl\"},\"image\":{\"@id\":\"https:\/\/www.magnetenspecialist.nl\/fr\/#\/schema\/logo\/image\/\"},\"sameAs\":[\"https:\/\/www.facebook.com\/Magnetenspecialist.nl\",\"https:\/\/x.com\/magnetenspecial\"]}]}<\/script>\n<!-- \/ Yoast SEO Premium plugin. -->","yoast_head_json":{"title":"Informations sur la magn\u00e9tisation - Le sp\u00e9cialiste de l'aimant explique","description":"Tout ce qui concerne les expressions, la magn\u00e9tisation, la direction des p\u00f4les, les temp\u00e9ratures de fonctionnement, la composition des mat\u00e9riaux, etc. Vous pouvez le trouver sur Magnetenspecialist.nl","robots":{"index":"index","follow":"follow","max-snippet":"max-snippet:-1","max-image-preview":"max-image-preview:large","max-video-preview":"max-video-preview:-1"},"canonical":"https:\/\/www.magnetenspecialist.nl\/fr\/en-savoir-plus-sur-la-magnetisation-et-la-qualite\/","og_locale":"fr_FR","og_type":"article","og_title":"En savoir plus sur la magn\u00e9tisation et la qualit\u00e9","og_description":"Tout ce qui concerne les expressions, la magn\u00e9tisation, la direction des p\u00f4les, les temp\u00e9ratures de fonctionnement, la composition des mat\u00e9riaux, etc. Vous pouvez le trouver sur Magnetenspecialist.nl","og_url":"https:\/\/www.magnetenspecialist.nl\/fr\/en-savoir-plus-sur-la-magnetisation-et-la-qualite\/","og_site_name":"Magnetenspecialist.nl","article_publisher":"https:\/\/www.facebook.com\/Magnetenspecialist.nl","article_modified_time":"2022-02-04T11:13:51+00:00","og_image":[{"url":"https:\/\/www.magnetenspecialist.nl\/wp-content\/uploads\/2018\/10\/magnets_4.jpg","type":"","width":"","height":""}],"twitter_card":"summary_large_image","twitter_site":"@magnetenspecial","twitter_misc":{"Dur\u00e9e de lecture estim\u00e9e":"2 minutes"},"schema":{"@context":"https:\/\/schema.org","@graph":[{"@type":"WebPage","@id":"https:\/\/www.magnetenspecialist.nl\/fr\/en-savoir-plus-sur-la-magnetisation-et-la-qualite\/","url":"https:\/\/www.magnetenspecialist.nl\/fr\/en-savoir-plus-sur-la-magnetisation-et-la-qualite\/","name":"Informations sur la magn\u00e9tisation - Le sp\u00e9cialiste de l'aimant explique","isPartOf":{"@id":"https:\/\/www.magnetenspecialist.nl\/fr\/#website"},"primaryImageOfPage":{"@id":"https:\/\/www.magnetenspecialist.nl\/fr\/en-savoir-plus-sur-la-magnetisation-et-la-qualite\/#primaryimage"},"image":{"@id":"https:\/\/www.magnetenspecialist.nl\/fr\/en-savoir-plus-sur-la-magnetisation-et-la-qualite\/#primaryimage"},"thumbnailUrl":"https:\/\/www.magnetenspecialist.nl\/wp-content\/uploads\/2018\/10\/magnets_4.jpg","datePublished":"2019-03-12T13:40:20+00:00","dateModified":"2022-02-04T11:13:51+00:00","description":"Tout ce qui concerne les expressions, la magn\u00e9tisation, la direction des p\u00f4les, les temp\u00e9ratures de fonctionnement, la composition des mat\u00e9riaux, etc. Vous pouvez le trouver sur Magnetenspecialist.nl","breadcrumb":{"@id":"https:\/\/www.magnetenspecialist.nl\/fr\/en-savoir-plus-sur-la-magnetisation-et-la-qualite\/#breadcrumb"},"inLanguage":"fr-FR","potentialAction":[{"@type":"ReadAction","target":["https:\/\/www.magnetenspecialist.nl\/fr\/en-savoir-plus-sur-la-magnetisation-et-la-qualite\/"]}]},{"@type":"ImageObject","inLanguage":"fr-FR","@id":"https:\/\/www.magnetenspecialist.nl\/fr\/en-savoir-plus-sur-la-magnetisation-et-la-qualite\/#primaryimage","url":"https:\/\/www.magnetenspecialist.nl\/wp-content\/uploads\/2018\/10\/magnets_4.jpg","contentUrl":"https:\/\/www.magnetenspecialist.nl\/wp-content\/uploads\/2018\/10\/magnets_4.jpg"},{"@type":"BreadcrumbList","@id":"https:\/\/www.magnetenspecialist.nl\/fr\/en-savoir-plus-sur-la-magnetisation-et-la-qualite\/#breadcrumb","itemListElement":[{"@type":"ListItem","position":1,"name":"Accueil","item":"https:\/\/www.magnetenspecialist.nl\/fr\/accueil\/"},{"@type":"ListItem","position":2,"name":"En savoir plus sur la magn\u00e9tisation et la qualit\u00e9"}]},{"@type":"WebSite","@id":"https:\/\/www.magnetenspecialist.nl\/fr\/#website","url":"https:\/\/www.magnetenspecialist.nl\/fr\/","name":"Magnetenspecialist.nl","description":"Vaste gamme d'aimants en n\u00e9odyme","publisher":{"@id":"https:\/\/www.magnetenspecialist.nl\/fr\/#organization"},"potentialAction":[{"@type":"SearchAction","target":{"@type":"EntryPoint","urlTemplate":"https:\/\/www.magnetenspecialist.nl\/fr\/?s={search_term_string}"},"query-input":{"@type":"PropertyValueSpecification","valueRequired":true,"valueName":"search_term_string"}}],"inLanguage":"fr-FR"},{"@type":"Organization","@id":"https:\/\/www.magnetenspecialist.nl\/fr\/#organization","name":"Magnetenspecialist.nl","url":"https:\/\/www.magnetenspecialist.nl\/fr\/","logo":{"@type":"ImageObject","inLanguage":"fr-FR","@id":"https:\/\/www.magnetenspecialist.nl\/fr\/#\/schema\/logo\/image\/","url":"https:\/\/www.magnetenspecialist.nl\/wp-content\/uploads\/2018\/10\/magneten-logo.jpg","contentUrl":"https:\/\/www.magnetenspecialist.nl\/wp-content\/uploads\/2018\/10\/magneten-logo.jpg","width":151,"height":151,"caption":"Magnetenspecialist.nl"},"image":{"@id":"https:\/\/www.magnetenspecialist.nl\/fr\/#\/schema\/logo\/image\/"},"sameAs":["https:\/\/www.facebook.com\/Magnetenspecialist.nl","https:\/\/x.com\/magnetenspecial"]}]}},"_links":{"self":[{"href":"https:\/\/www.magnetenspecialist.nl\/fr\/wp-json\/wp\/v2\/pages\/107416","targetHints":{"allow":["GET"]}}],"collection":[{"href":"https:\/\/www.magnetenspecialist.nl\/fr\/wp-json\/wp\/v2\/pages"}],"about":[{"href":"https:\/\/www.magnetenspecialist.nl\/fr\/wp-json\/wp\/v2\/types\/page"}],"author":[{"embeddable":true,"href":"https:\/\/www.magnetenspecialist.nl\/fr\/wp-json\/wp\/v2\/users\/1"}],"replies":[{"embeddable":true,"href":"https:\/\/www.magnetenspecialist.nl\/fr\/wp-json\/wp\/v2\/comments?post=107416"}],"version-history":[{"count":0,"href":"https:\/\/www.magnetenspecialist.nl\/fr\/wp-json\/wp\/v2\/pages\/107416\/revisions"}],"wp:attachment":[{"href":"https:\/\/www.magnetenspecialist.nl\/fr\/wp-json\/wp\/v2\/media?parent=107416"}],"curies":[{"name":"wp","href":"https:\/\/api.w.org\/{rel}","templated":true}]}}