{"id":107418,"date":"2019-03-12T15:58:13","date_gmt":"2019-03-12T14:58:13","guid":{"rendered":"https:\/\/www.magnetenspecialist.nl\/aimants-industriels\/"},"modified":"2022-02-04T12:13:52","modified_gmt":"2022-02-04T11:13:52","slug":"aimants-industriels","status":"publish","type":"page","link":"https:\/\/www.magnetenspecialist.nl\/fr\/aimants-industriels\/","title":{"rendered":"Aimants industriels"},"content":{"rendered":"\n<div class=\"row d-flex align-items-center\">\n<div class=\"col-md-6 col-lg-4 col-xl-3\">\n<figure class=\"wp-block-image\"><img decoding=\"async\" src=\"https:\/\/www.magnetenspecialist.nl\/wp-content\/uploads\/2019\/03\/Image-191-300x300.png\" alt=\"industri\u00eble magneet\" class=\"aligncenter\"\/><\/figure><\/div>\n\n<div class=\"col-md-6 col-lg-8 col-xl-9\">\n<h2>Commander des aimants industriels en ligne aupr\u00e8s du sp\u00e9cialiste des aimants<\/h2>\n<p>Les aimants industriels sont principalement utilis\u00e9s pour le levage de charges lourdes. Par exemple, le triage du (vieux) fer. Ces applications industrielles n\u00e9cessitent souvent des forces magn\u00e9tiques tr\u00e8s importantes. C&#8217;est pourquoi le sp\u00e9cialiste des aimants fournit, entre autres, des aimants de bloc d&#8217;une puissance de retenue de plus de 500 kg. Applicable dans de nombreux secteurs industriels diff\u00e9rents. Vous pouvez commander ces aimants facilement en ligne chez le sp\u00e9cialiste des aimants, nous les livrons rapidement.<\/p>\n<\/div>\n<\/div>\n\n<h2 class=\"wp-block-heading\">Aimants industriels disponibles en grandes quantit\u00e9s  <\/h2>\n\n<p>Le sp\u00e9cialiste des aimants assure une livraison rapide aux Pays-Bas et en Belgique. Magnetenspecialist.nl n&#8217;est pas li\u00e9 \u00e0 un seul fournisseur, mais avec plus de 25 ans d&#8217;exp\u00e9rience a s\u00e9lectionn\u00e9 cinq fournisseurs fiables sur le prix et la qualit\u00e9. Service, qualit\u00e9 sup\u00e9rieure et passion sont quelques-unes des caract\u00e9ristiques de notre entreprise. Nous fournissons nos aimants, entre autres, \u00e0 l&#8217;industrie, \u00e0 la construction et au commerce.  <\/p>\n\n<div class=\"cta-banner\">\n    <h4>Trouvez vos aimants industriels<\/h4>\n    <a class=\"cta-banner-btn\" href=\"https:\/\/www.magnetenspecialist.nl\/winkel\/\" title=\"Zoek uw industri\u00eble magneten\">Voir maintenant<\/a>\n<\/div>\n\n\n<h3 class=\"wp-block-heading\">Livraison rapide sur l&#8217;ensemble de notre gamme de produits<\/h3>\n\n<p>Commandez facilement des aimants industriels en ligne, m\u00eame si vous avez besoin de grandes quantit\u00e9s. En fonction de l&#8217;heure de la commande, nous pouvons souvent exp\u00e9dier votre commande le jour m\u00eame. Pour les colis plus volumineux, nous exp\u00e9dions avec GLS. Nous vous tiendrons inform\u00e9 de l&#8217;avancement de votre commande tout au long du processus. Gr\u00e2ce au syst\u00e8me de suivi et de localisation que vous recevez par courrier \u00e9lectronique, vous pouvez suivre le colis. Si vous avez des questions concernant votre commande, veuillez nous contacter. Ou consultez notre page <a href=\"https:\/\/www.magnetenspecialist.nl\/fr\/service-clients\/commander-et-expedier\/\">&#8220;Commande et exp\u00e9dition&#8221;<\/a>.  <\/p>\n\n<h3 class=\"wp-block-heading\">Aimants pour l&#8217;industrie  <\/h3>\n\n<p>Les aimants industriels sont souvent de grande taille et ont une forte capacit\u00e9 de charge. Le sp\u00e9cialiste des aimants sait comment exp\u00e9dier et livrer ces aimants puissants en toute s\u00e9curit\u00e9. Lorsque vous fournissez des aimants en n\u00e9odyme puissants, la mani\u00e8re dont ils sont exp\u00e9di\u00e9s et emball\u00e9s est tr\u00e8s importante. Commandez donc aupr\u00e8s du sp\u00e9cialiste des aimants. Nous nous occupons de tout de mani\u00e8re professionnelle.<\/p>\n","protected":false},"excerpt":{"rendered":"<p>Commander des aimants industriels en ligne aupr\u00e8s du sp\u00e9cialiste des aimants Les aimants industriels sont principalement utilis\u00e9s pour le levage de charges lourdes. Par exemple, le triage du (vieux) fer. Ces applications industrielles n\u00e9cessitent souvent des forces magn\u00e9tiques tr\u00e8s importantes. C&#8217;est pourquoi le sp\u00e9cialiste des aimants fournit, entre autres, des aimants de bloc d&#8217;une puissance [&hellip;]<\/p>\n","protected":false},"author":1,"featured_media":0,"parent":0,"menu_order":0,"comment_status":"closed","ping_status":"closed","template":"template-full.php","meta":{"_acf_changed":false,"footnotes":""},"class_list":["post-107418","page","type-page","status-publish","hentry"],"acf":[],"yoast_head":"<!-- This site is optimized with the Yoast SEO Premium plugin v24.7 (Yoast SEO v24.7) - https:\/\/yoast.com\/wordpress\/plugins\/seo\/ -->\n<title>Achetez des aimants industriels en ligne chez The Magnet Specialist<\/title>\n<meta name=\"description\" content=\"Vous pouvez acheter des aimants pour l&#039;industrie aupr\u00e8s du sp\u00e9cialiste des aimants en ligne. Nous disposons d&#039;une large gamme d&#039;aimants, y compris des aimants industriels.\" \/>\n<meta name=\"robots\" content=\"index, follow, max-snippet:-1, max-image-preview:large, max-video-preview:-1\" \/>\n<link rel=\"canonical\" href=\"https:\/\/www.magnetenspecialist.nl\/fr\/aimants-industriels\/\" \/>\n<meta property=\"og:locale\" content=\"fr_FR\" \/>\n<meta property=\"og:type\" content=\"article\" \/>\n<meta property=\"og:title\" content=\"Aimants industriels\" \/>\n<meta property=\"og:description\" content=\"Vous pouvez acheter des aimants pour l&#039;industrie aupr\u00e8s du sp\u00e9cialiste des aimants en ligne. Nous disposons d&#039;une large gamme d&#039;aimants, y compris des aimants industriels.\" \/>\n<meta property=\"og:url\" content=\"https:\/\/www.magnetenspecialist.nl\/fr\/aimants-industriels\/\" \/>\n<meta property=\"og:site_name\" content=\"Magnetenspecialist.nl\" \/>\n<meta property=\"article:publisher\" content=\"https:\/\/www.facebook.com\/Magnetenspecialist.nl\" \/>\n<meta property=\"article:modified_time\" content=\"2022-02-04T11:13:52+00:00\" \/>\n<meta property=\"og:image\" content=\"https:\/\/www.magnetenspecialist.nl\/wp-content\/uploads\/2019\/03\/Image-191-300x300.png\" \/>\n<meta name=\"twitter:card\" content=\"summary_large_image\" \/>\n<meta name=\"twitter:site\" content=\"@magnetenspecial\" \/>\n<meta name=\"twitter:label1\" content=\"Dur\u00e9e de lecture estim\u00e9e\" \/>\n\t<meta name=\"twitter:data1\" content=\"2 minutes\" \/>\n<script type=\"application\/ld+json\" class=\"yoast-schema-graph\">{\"@context\":\"https:\/\/schema.org\",\"@graph\":[{\"@type\":\"WebPage\",\"@id\":\"https:\/\/www.magnetenspecialist.nl\/fr\/aimants-industriels\/\",\"url\":\"https:\/\/www.magnetenspecialist.nl\/fr\/aimants-industriels\/\",\"name\":\"Achetez des aimants industriels en ligne chez The Magnet Specialist\",\"isPartOf\":{\"@id\":\"https:\/\/www.magnetenspecialist.nl\/fr\/#website\"},\"primaryImageOfPage\":{\"@id\":\"https:\/\/www.magnetenspecialist.nl\/fr\/aimants-industriels\/#primaryimage\"},\"image\":{\"@id\":\"https:\/\/www.magnetenspecialist.nl\/fr\/aimants-industriels\/#primaryimage\"},\"thumbnailUrl\":\"https:\/\/www.magnetenspecialist.nl\/wp-content\/uploads\/2019\/03\/Image-191-300x300.png\",\"datePublished\":\"2019-03-12T14:58:13+00:00\",\"dateModified\":\"2022-02-04T11:13:52+00:00\",\"description\":\"Vous pouvez acheter des aimants pour l'industrie aupr\u00e8s du sp\u00e9cialiste des aimants en ligne. Nous disposons d'une large gamme d'aimants, y compris des aimants industriels.\",\"breadcrumb\":{\"@id\":\"https:\/\/www.magnetenspecialist.nl\/fr\/aimants-industriels\/#breadcrumb\"},\"inLanguage\":\"fr-FR\",\"potentialAction\":[{\"@type\":\"ReadAction\",\"target\":[\"https:\/\/www.magnetenspecialist.nl\/fr\/aimants-industriels\/\"]}]},{\"@type\":\"ImageObject\",\"inLanguage\":\"fr-FR\",\"@id\":\"https:\/\/www.magnetenspecialist.nl\/fr\/aimants-industriels\/#primaryimage\",\"url\":\"https:\/\/www.magnetenspecialist.nl\/wp-content\/uploads\/2019\/03\/Image-191-300x300.png\",\"contentUrl\":\"https:\/\/www.magnetenspecialist.nl\/wp-content\/uploads\/2019\/03\/Image-191-300x300.png\"},{\"@type\":\"BreadcrumbList\",\"@id\":\"https:\/\/www.magnetenspecialist.nl\/fr\/aimants-industriels\/#breadcrumb\",\"itemListElement\":[{\"@type\":\"ListItem\",\"position\":1,\"name\":\"Accueil\",\"item\":\"https:\/\/www.magnetenspecialist.nl\/fr\/accueil\/\"},{\"@type\":\"ListItem\",\"position\":2,\"name\":\"Aimants industriels\"}]},{\"@type\":\"WebSite\",\"@id\":\"https:\/\/www.magnetenspecialist.nl\/fr\/#website\",\"url\":\"https:\/\/www.magnetenspecialist.nl\/fr\/\",\"name\":\"Magnetenspecialist.nl\",\"description\":\"Vaste gamme d'aimants en n\u00e9odyme\",\"publisher\":{\"@id\":\"https:\/\/www.magnetenspecialist.nl\/fr\/#organization\"},\"potentialAction\":[{\"@type\":\"SearchAction\",\"target\":{\"@type\":\"EntryPoint\",\"urlTemplate\":\"https:\/\/www.magnetenspecialist.nl\/fr\/?s={search_term_string}\"},\"query-input\":{\"@type\":\"PropertyValueSpecification\",\"valueRequired\":true,\"valueName\":\"search_term_string\"}}],\"inLanguage\":\"fr-FR\"},{\"@type\":\"Organization\",\"@id\":\"https:\/\/www.magnetenspecialist.nl\/fr\/#organization\",\"name\":\"Magnetenspecialist.nl\",\"url\":\"https:\/\/www.magnetenspecialist.nl\/fr\/\",\"logo\":{\"@type\":\"ImageObject\",\"inLanguage\":\"fr-FR\",\"@id\":\"https:\/\/www.magnetenspecialist.nl\/fr\/#\/schema\/logo\/image\/\",\"url\":\"https:\/\/www.magnetenspecialist.nl\/wp-content\/uploads\/2018\/10\/magneten-logo.jpg\",\"contentUrl\":\"https:\/\/www.magnetenspecialist.nl\/wp-content\/uploads\/2018\/10\/magneten-logo.jpg\",\"width\":151,\"height\":151,\"caption\":\"Magnetenspecialist.nl\"},\"image\":{\"@id\":\"https:\/\/www.magnetenspecialist.nl\/fr\/#\/schema\/logo\/image\/\"},\"sameAs\":[\"https:\/\/www.facebook.com\/Magnetenspecialist.nl\",\"https:\/\/x.com\/magnetenspecial\"]}]}<\/script>\n<!-- \/ Yoast SEO Premium plugin. -->","yoast_head_json":{"title":"Achetez des aimants industriels en ligne chez The Magnet Specialist","description":"Vous pouvez acheter des aimants pour l'industrie aupr\u00e8s du sp\u00e9cialiste des aimants en ligne. Nous disposons d'une large gamme d'aimants, y compris des aimants industriels.","robots":{"index":"index","follow":"follow","max-snippet":"max-snippet:-1","max-image-preview":"max-image-preview:large","max-video-preview":"max-video-preview:-1"},"canonical":"https:\/\/www.magnetenspecialist.nl\/fr\/aimants-industriels\/","og_locale":"fr_FR","og_type":"article","og_title":"Aimants industriels","og_description":"Vous pouvez acheter des aimants pour l'industrie aupr\u00e8s du sp\u00e9cialiste des aimants en ligne. Nous disposons d'une large gamme d'aimants, y compris des aimants industriels.","og_url":"https:\/\/www.magnetenspecialist.nl\/fr\/aimants-industriels\/","og_site_name":"Magnetenspecialist.nl","article_publisher":"https:\/\/www.facebook.com\/Magnetenspecialist.nl","article_modified_time":"2022-02-04T11:13:52+00:00","og_image":[{"url":"https:\/\/www.magnetenspecialist.nl\/wp-content\/uploads\/2019\/03\/Image-191-300x300.png","type":"","width":"","height":""}],"twitter_card":"summary_large_image","twitter_site":"@magnetenspecial","twitter_misc":{"Dur\u00e9e de lecture estim\u00e9e":"2 minutes"},"schema":{"@context":"https:\/\/schema.org","@graph":[{"@type":"WebPage","@id":"https:\/\/www.magnetenspecialist.nl\/fr\/aimants-industriels\/","url":"https:\/\/www.magnetenspecialist.nl\/fr\/aimants-industriels\/","name":"Achetez des aimants industriels en ligne chez The Magnet Specialist","isPartOf":{"@id":"https:\/\/www.magnetenspecialist.nl\/fr\/#website"},"primaryImageOfPage":{"@id":"https:\/\/www.magnetenspecialist.nl\/fr\/aimants-industriels\/#primaryimage"},"image":{"@id":"https:\/\/www.magnetenspecialist.nl\/fr\/aimants-industriels\/#primaryimage"},"thumbnailUrl":"https:\/\/www.magnetenspecialist.nl\/wp-content\/uploads\/2019\/03\/Image-191-300x300.png","datePublished":"2019-03-12T14:58:13+00:00","dateModified":"2022-02-04T11:13:52+00:00","description":"Vous pouvez acheter des aimants pour l'industrie aupr\u00e8s du sp\u00e9cialiste des aimants en ligne. Nous disposons d'une large gamme d'aimants, y compris des aimants industriels.","breadcrumb":{"@id":"https:\/\/www.magnetenspecialist.nl\/fr\/aimants-industriels\/#breadcrumb"},"inLanguage":"fr-FR","potentialAction":[{"@type":"ReadAction","target":["https:\/\/www.magnetenspecialist.nl\/fr\/aimants-industriels\/"]}]},{"@type":"ImageObject","inLanguage":"fr-FR","@id":"https:\/\/www.magnetenspecialist.nl\/fr\/aimants-industriels\/#primaryimage","url":"https:\/\/www.magnetenspecialist.nl\/wp-content\/uploads\/2019\/03\/Image-191-300x300.png","contentUrl":"https:\/\/www.magnetenspecialist.nl\/wp-content\/uploads\/2019\/03\/Image-191-300x300.png"},{"@type":"BreadcrumbList","@id":"https:\/\/www.magnetenspecialist.nl\/fr\/aimants-industriels\/#breadcrumb","itemListElement":[{"@type":"ListItem","position":1,"name":"Accueil","item":"https:\/\/www.magnetenspecialist.nl\/fr\/accueil\/"},{"@type":"ListItem","position":2,"name":"Aimants industriels"}]},{"@type":"WebSite","@id":"https:\/\/www.magnetenspecialist.nl\/fr\/#website","url":"https:\/\/www.magnetenspecialist.nl\/fr\/","name":"Magnetenspecialist.nl","description":"Vaste gamme d'aimants en n\u00e9odyme","publisher":{"@id":"https:\/\/www.magnetenspecialist.nl\/fr\/#organization"},"potentialAction":[{"@type":"SearchAction","target":{"@type":"EntryPoint","urlTemplate":"https:\/\/www.magnetenspecialist.nl\/fr\/?s={search_term_string}"},"query-input":{"@type":"PropertyValueSpecification","valueRequired":true,"valueName":"search_term_string"}}],"inLanguage":"fr-FR"},{"@type":"Organization","@id":"https:\/\/www.magnetenspecialist.nl\/fr\/#organization","name":"Magnetenspecialist.nl","url":"https:\/\/www.magnetenspecialist.nl\/fr\/","logo":{"@type":"ImageObject","inLanguage":"fr-FR","@id":"https:\/\/www.magnetenspecialist.nl\/fr\/#\/schema\/logo\/image\/","url":"https:\/\/www.magnetenspecialist.nl\/wp-content\/uploads\/2018\/10\/magneten-logo.jpg","contentUrl":"https:\/\/www.magnetenspecialist.nl\/wp-content\/uploads\/2018\/10\/magneten-logo.jpg","width":151,"height":151,"caption":"Magnetenspecialist.nl"},"image":{"@id":"https:\/\/www.magnetenspecialist.nl\/fr\/#\/schema\/logo\/image\/"},"sameAs":["https:\/\/www.facebook.com\/Magnetenspecialist.nl","https:\/\/x.com\/magnetenspecial"]}]}},"_links":{"self":[{"href":"https:\/\/www.magnetenspecialist.nl\/fr\/wp-json\/wp\/v2\/pages\/107418","targetHints":{"allow":["GET"]}}],"collection":[{"href":"https:\/\/www.magnetenspecialist.nl\/fr\/wp-json\/wp\/v2\/pages"}],"about":[{"href":"https:\/\/www.magnetenspecialist.nl\/fr\/wp-json\/wp\/v2\/types\/page"}],"author":[{"embeddable":true,"href":"https:\/\/www.magnetenspecialist.nl\/fr\/wp-json\/wp\/v2\/users\/1"}],"replies":[{"embeddable":true,"href":"https:\/\/www.magnetenspecialist.nl\/fr\/wp-json\/wp\/v2\/comments?post=107418"}],"version-history":[{"count":0,"href":"https:\/\/www.magnetenspecialist.nl\/fr\/wp-json\/wp\/v2\/pages\/107418\/revisions"}],"wp:attachment":[{"href":"https:\/\/www.magnetenspecialist.nl\/fr\/wp-json\/wp\/v2\/media?parent=107418"}],"curies":[{"name":"wp","href":"https:\/\/api.w.org\/{rel}","templated":true}]}}