{"id":107425,"date":"2019-03-12T16:05:04","date_gmt":"2019-03-12T15:05:04","guid":{"rendered":"https:\/\/www.magnetenspecialist.nl\/mini-aimants\/"},"modified":"2022-02-04T12:13:53","modified_gmt":"2022-02-04T11:13:53","slug":"mini-aimants","status":"publish","type":"page","link":"https:\/\/www.magnetenspecialist.nl\/fr\/mini-aimants\/","title":{"rendered":"Mini aimants"},"content":{"rendered":"<div class=\"row d-flex align-items-center\">\n<div class=\"col-md-6 col-lg-4 col-xl-3\">\n<figure class=\"wp-block-image\"><img decoding=\"async\" src=\"https:\/\/www.magnetenspecialist.nl\/wp-content\/uploads\/2019\/03\/Image-11.png\" alt=\"mini magneten\" class=\"aligncenter\"\/><\/figure><\/div>\n\n<div class=\"col-md-6 col-lg-8 col-xl-9\">\n<h2>Mini aimants puissants<\/h2>\n<p>Ne vous laissez pas tromper par la taille. M\u00eame les plus petits aimants de Magnetenspecialist.nl sont super puissants. Gr\u00e2ce \u00e0 la qualit\u00e9 de nos aimants, nous garantissons une capacit\u00e9 de charge \u00e9lev\u00e9e et durable, m\u00eame pour les plus petits aimants en n\u00e9odyme. Nos <a href=\"https:\/\/www.magnetenspecialist.nl\/fr\/magasin\/aimants-a-disque\/aimant-disque-2-x-2-mm\/\">mini aimants les plus petits<\/a> ont une taille de seulement 2 x 2 mm ! Ils sont encore assez solides pour maintenir une note sur un mur magn\u00e9tique. Ils sont \u00e9galement utilis\u00e9s par les chercheurs et les amateurs pour maintenir les plus petites particules\/objets sous le microscope.  \n<\/p>\n<\/div>\n<\/div><h2 class=\"wp-block-heading\">De petits aimants aux multiples usages  <\/h2><p>L&#8217;utilisation de mini aimants pour les particuliers ou les entreprises a de nombreuses applications possibles. \u00c0 la maison, ils sont tr\u00e8s pratiques pour fixer des dessins sur un r\u00e9frig\u00e9rateur, par exemple, ou dans la chambre des enfants, ils constituent un syst\u00e8me d&#8217;attache pratique pour les posters, par exemple. Dans le monde des affaires, ils sont utilis\u00e9s, entre autres, pour inscrire des m\u00e9mos sur un tableau blanc. Ils sont utiles partout et extr\u00eamement pratiques.<\/p><h2 class=\"wp-block-heading\">Commandez rapidement des aimants en ligne  <\/h2><p>Les mini-magnets peuvent \u00eatre command\u00e9s en ligne dans la boutique en ligne du sp\u00e9cialiste des aimants, en petites ou grandes quantit\u00e9s. Vous pouvez commander dans un environnement s\u00fbr et vous pouvez choisir parmi plusieurs options de paiement. En r\u00e8gle g\u00e9n\u00e9rale, si vous passez votre commande avant 16 heures, vous pouvez l&#8217;attendre le jour ouvrable suivant. Les mini aimants sont livr\u00e9s aux Pays-Bas et en Belgique.  <\/p><div class=\"cta-banner\">\n    <h4>Voir nos mini-magnets<\/h4>\n    <a class=\"cta-banner-btn\" href=\"https:\/\/www.magnetenspecialist.nl\/winkel\/?orderby=price\" title=\"bekijk onze mini magneetjes\">Voir maintenant<\/a>\n<\/div>","protected":false},"excerpt":{"rendered":"<p>Mini aimants puissants Ne vous laissez pas tromper par la taille. M\u00eame les plus petits aimants de Magnetenspecialist.nl sont super puissants. Gr\u00e2ce \u00e0 la qualit\u00e9 de nos aimants, nous garantissons une capacit\u00e9 de charge \u00e9lev\u00e9e et durable, m\u00eame pour les plus petits aimants en n\u00e9odyme. Nos mini aimants les plus petits ont une taille de [&hellip;]<\/p>\n","protected":false},"author":1,"featured_media":0,"parent":0,"menu_order":0,"comment_status":"closed","ping_status":"closed","template":"template-full.php","meta":{"_acf_changed":false,"footnotes":""},"class_list":["post-107425","page","type-page","status-publish","hentry"],"acf":[],"yoast_head":"<!-- This site is optimized with the Yoast SEO Premium plugin v24.7 (Yoast SEO v24.7) - https:\/\/yoast.com\/wordpress\/plugins\/seo\/ -->\n<title>Mini aimants de Magnetenspecialist.nl |Petits mais puissants<\/title>\n<meta name=\"description\" content=\"Les mini-aimants de Magnetenspecialist.nl sont tr\u00e8s r\u00e9sistants gr\u00e2ce \u00e0 la qualit\u00e9 de nos aimants. Ils ne perdent pas non plus leur magn\u00e9tisation.\" \/>\n<meta name=\"robots\" content=\"index, follow, max-snippet:-1, max-image-preview:large, max-video-preview:-1\" \/>\n<link rel=\"canonical\" href=\"https:\/\/www.magnetenspecialist.nl\/fr\/mini-aimants\/\" \/>\n<meta property=\"og:locale\" content=\"fr_FR\" \/>\n<meta property=\"og:type\" content=\"article\" \/>\n<meta property=\"og:title\" content=\"Mini aimants\" \/>\n<meta property=\"og:description\" content=\"Les mini-aimants de Magnetenspecialist.nl sont tr\u00e8s r\u00e9sistants gr\u00e2ce \u00e0 la qualit\u00e9 de nos aimants. Ils ne perdent pas non plus leur magn\u00e9tisation.\" \/>\n<meta property=\"og:url\" content=\"https:\/\/www.magnetenspecialist.nl\/fr\/mini-aimants\/\" \/>\n<meta property=\"og:site_name\" content=\"Magnetenspecialist.nl\" \/>\n<meta property=\"article:publisher\" content=\"https:\/\/www.facebook.com\/Magnetenspecialist.nl\" \/>\n<meta property=\"article:modified_time\" content=\"2022-02-04T11:13:53+00:00\" \/>\n<meta property=\"og:image\" content=\"https:\/\/www.magnetenspecialist.nl\/wp-content\/uploads\/2019\/03\/Image-11.png\" \/>\n<meta name=\"twitter:card\" content=\"summary_large_image\" \/>\n<meta name=\"twitter:site\" content=\"@magnetenspecial\" \/>\n<meta name=\"twitter:label1\" content=\"Dur\u00e9e de lecture estim\u00e9e\" \/>\n\t<meta name=\"twitter:data1\" content=\"1 minute\" \/>\n<script type=\"application\/ld+json\" class=\"yoast-schema-graph\">{\"@context\":\"https:\/\/schema.org\",\"@graph\":[{\"@type\":\"WebPage\",\"@id\":\"https:\/\/www.magnetenspecialist.nl\/fr\/mini-aimants\/\",\"url\":\"https:\/\/www.magnetenspecialist.nl\/fr\/mini-aimants\/\",\"name\":\"Mini aimants de Magnetenspecialist.nl |Petits mais puissants\",\"isPartOf\":{\"@id\":\"https:\/\/www.magnetenspecialist.nl\/fr\/#website\"},\"primaryImageOfPage\":{\"@id\":\"https:\/\/www.magnetenspecialist.nl\/fr\/mini-aimants\/#primaryimage\"},\"image\":{\"@id\":\"https:\/\/www.magnetenspecialist.nl\/fr\/mini-aimants\/#primaryimage\"},\"thumbnailUrl\":\"https:\/\/www.magnetenspecialist.nl\/wp-content\/uploads\/2019\/03\/Image-11.png\",\"datePublished\":\"2019-03-12T15:05:04+00:00\",\"dateModified\":\"2022-02-04T11:13:53+00:00\",\"description\":\"Les mini-aimants de Magnetenspecialist.nl sont tr\u00e8s r\u00e9sistants gr\u00e2ce \u00e0 la qualit\u00e9 de nos aimants. Ils ne perdent pas non plus leur magn\u00e9tisation.\",\"breadcrumb\":{\"@id\":\"https:\/\/www.magnetenspecialist.nl\/fr\/mini-aimants\/#breadcrumb\"},\"inLanguage\":\"fr-FR\",\"potentialAction\":[{\"@type\":\"ReadAction\",\"target\":[\"https:\/\/www.magnetenspecialist.nl\/fr\/mini-aimants\/\"]}]},{\"@type\":\"ImageObject\",\"inLanguage\":\"fr-FR\",\"@id\":\"https:\/\/www.magnetenspecialist.nl\/fr\/mini-aimants\/#primaryimage\",\"url\":\"https:\/\/www.magnetenspecialist.nl\/wp-content\/uploads\/2019\/03\/Image-11.png\",\"contentUrl\":\"https:\/\/www.magnetenspecialist.nl\/wp-content\/uploads\/2019\/03\/Image-11.png\"},{\"@type\":\"BreadcrumbList\",\"@id\":\"https:\/\/www.magnetenspecialist.nl\/fr\/mini-aimants\/#breadcrumb\",\"itemListElement\":[{\"@type\":\"ListItem\",\"position\":1,\"name\":\"Accueil\",\"item\":\"https:\/\/www.magnetenspecialist.nl\/fr\/accueil\/\"},{\"@type\":\"ListItem\",\"position\":2,\"name\":\"Mini aimants\"}]},{\"@type\":\"WebSite\",\"@id\":\"https:\/\/www.magnetenspecialist.nl\/fr\/#website\",\"url\":\"https:\/\/www.magnetenspecialist.nl\/fr\/\",\"name\":\"Magnetenspecialist.nl\",\"description\":\"Vaste gamme d'aimants en n\u00e9odyme\",\"publisher\":{\"@id\":\"https:\/\/www.magnetenspecialist.nl\/fr\/#organization\"},\"potentialAction\":[{\"@type\":\"SearchAction\",\"target\":{\"@type\":\"EntryPoint\",\"urlTemplate\":\"https:\/\/www.magnetenspecialist.nl\/fr\/?s={search_term_string}\"},\"query-input\":{\"@type\":\"PropertyValueSpecification\",\"valueRequired\":true,\"valueName\":\"search_term_string\"}}],\"inLanguage\":\"fr-FR\"},{\"@type\":\"Organization\",\"@id\":\"https:\/\/www.magnetenspecialist.nl\/fr\/#organization\",\"name\":\"Magnetenspecialist.nl\",\"url\":\"https:\/\/www.magnetenspecialist.nl\/fr\/\",\"logo\":{\"@type\":\"ImageObject\",\"inLanguage\":\"fr-FR\",\"@id\":\"https:\/\/www.magnetenspecialist.nl\/fr\/#\/schema\/logo\/image\/\",\"url\":\"https:\/\/www.magnetenspecialist.nl\/wp-content\/uploads\/2018\/10\/magneten-logo.jpg\",\"contentUrl\":\"https:\/\/www.magnetenspecialist.nl\/wp-content\/uploads\/2018\/10\/magneten-logo.jpg\",\"width\":151,\"height\":151,\"caption\":\"Magnetenspecialist.nl\"},\"image\":{\"@id\":\"https:\/\/www.magnetenspecialist.nl\/fr\/#\/schema\/logo\/image\/\"},\"sameAs\":[\"https:\/\/www.facebook.com\/Magnetenspecialist.nl\",\"https:\/\/x.com\/magnetenspecial\"]}]}<\/script>\n<!-- \/ Yoast SEO Premium plugin. -->","yoast_head_json":{"title":"Mini aimants de Magnetenspecialist.nl |Petits mais puissants","description":"Les mini-aimants de Magnetenspecialist.nl sont tr\u00e8s r\u00e9sistants gr\u00e2ce \u00e0 la qualit\u00e9 de nos aimants. Ils ne perdent pas non plus leur magn\u00e9tisation.","robots":{"index":"index","follow":"follow","max-snippet":"max-snippet:-1","max-image-preview":"max-image-preview:large","max-video-preview":"max-video-preview:-1"},"canonical":"https:\/\/www.magnetenspecialist.nl\/fr\/mini-aimants\/","og_locale":"fr_FR","og_type":"article","og_title":"Mini aimants","og_description":"Les mini-aimants de Magnetenspecialist.nl sont tr\u00e8s r\u00e9sistants gr\u00e2ce \u00e0 la qualit\u00e9 de nos aimants. Ils ne perdent pas non plus leur magn\u00e9tisation.","og_url":"https:\/\/www.magnetenspecialist.nl\/fr\/mini-aimants\/","og_site_name":"Magnetenspecialist.nl","article_publisher":"https:\/\/www.facebook.com\/Magnetenspecialist.nl","article_modified_time":"2022-02-04T11:13:53+00:00","og_image":[{"url":"https:\/\/www.magnetenspecialist.nl\/wp-content\/uploads\/2019\/03\/Image-11.png","type":"","width":"","height":""}],"twitter_card":"summary_large_image","twitter_site":"@magnetenspecial","twitter_misc":{"Dur\u00e9e de lecture estim\u00e9e":"1 minute"},"schema":{"@context":"https:\/\/schema.org","@graph":[{"@type":"WebPage","@id":"https:\/\/www.magnetenspecialist.nl\/fr\/mini-aimants\/","url":"https:\/\/www.magnetenspecialist.nl\/fr\/mini-aimants\/","name":"Mini aimants de Magnetenspecialist.nl |Petits mais puissants","isPartOf":{"@id":"https:\/\/www.magnetenspecialist.nl\/fr\/#website"},"primaryImageOfPage":{"@id":"https:\/\/www.magnetenspecialist.nl\/fr\/mini-aimants\/#primaryimage"},"image":{"@id":"https:\/\/www.magnetenspecialist.nl\/fr\/mini-aimants\/#primaryimage"},"thumbnailUrl":"https:\/\/www.magnetenspecialist.nl\/wp-content\/uploads\/2019\/03\/Image-11.png","datePublished":"2019-03-12T15:05:04+00:00","dateModified":"2022-02-04T11:13:53+00:00","description":"Les mini-aimants de Magnetenspecialist.nl sont tr\u00e8s r\u00e9sistants gr\u00e2ce \u00e0 la qualit\u00e9 de nos aimants. Ils ne perdent pas non plus leur magn\u00e9tisation.","breadcrumb":{"@id":"https:\/\/www.magnetenspecialist.nl\/fr\/mini-aimants\/#breadcrumb"},"inLanguage":"fr-FR","potentialAction":[{"@type":"ReadAction","target":["https:\/\/www.magnetenspecialist.nl\/fr\/mini-aimants\/"]}]},{"@type":"ImageObject","inLanguage":"fr-FR","@id":"https:\/\/www.magnetenspecialist.nl\/fr\/mini-aimants\/#primaryimage","url":"https:\/\/www.magnetenspecialist.nl\/wp-content\/uploads\/2019\/03\/Image-11.png","contentUrl":"https:\/\/www.magnetenspecialist.nl\/wp-content\/uploads\/2019\/03\/Image-11.png"},{"@type":"BreadcrumbList","@id":"https:\/\/www.magnetenspecialist.nl\/fr\/mini-aimants\/#breadcrumb","itemListElement":[{"@type":"ListItem","position":1,"name":"Accueil","item":"https:\/\/www.magnetenspecialist.nl\/fr\/accueil\/"},{"@type":"ListItem","position":2,"name":"Mini aimants"}]},{"@type":"WebSite","@id":"https:\/\/www.magnetenspecialist.nl\/fr\/#website","url":"https:\/\/www.magnetenspecialist.nl\/fr\/","name":"Magnetenspecialist.nl","description":"Vaste gamme d'aimants en n\u00e9odyme","publisher":{"@id":"https:\/\/www.magnetenspecialist.nl\/fr\/#organization"},"potentialAction":[{"@type":"SearchAction","target":{"@type":"EntryPoint","urlTemplate":"https:\/\/www.magnetenspecialist.nl\/fr\/?s={search_term_string}"},"query-input":{"@type":"PropertyValueSpecification","valueRequired":true,"valueName":"search_term_string"}}],"inLanguage":"fr-FR"},{"@type":"Organization","@id":"https:\/\/www.magnetenspecialist.nl\/fr\/#organization","name":"Magnetenspecialist.nl","url":"https:\/\/www.magnetenspecialist.nl\/fr\/","logo":{"@type":"ImageObject","inLanguage":"fr-FR","@id":"https:\/\/www.magnetenspecialist.nl\/fr\/#\/schema\/logo\/image\/","url":"https:\/\/www.magnetenspecialist.nl\/wp-content\/uploads\/2018\/10\/magneten-logo.jpg","contentUrl":"https:\/\/www.magnetenspecialist.nl\/wp-content\/uploads\/2018\/10\/magneten-logo.jpg","width":151,"height":151,"caption":"Magnetenspecialist.nl"},"image":{"@id":"https:\/\/www.magnetenspecialist.nl\/fr\/#\/schema\/logo\/image\/"},"sameAs":["https:\/\/www.facebook.com\/Magnetenspecialist.nl","https:\/\/x.com\/magnetenspecial"]}]}},"_links":{"self":[{"href":"https:\/\/www.magnetenspecialist.nl\/fr\/wp-json\/wp\/v2\/pages\/107425"}],"collection":[{"href":"https:\/\/www.magnetenspecialist.nl\/fr\/wp-json\/wp\/v2\/pages"}],"about":[{"href":"https:\/\/www.magnetenspecialist.nl\/fr\/wp-json\/wp\/v2\/types\/page"}],"author":[{"embeddable":true,"href":"https:\/\/www.magnetenspecialist.nl\/fr\/wp-json\/wp\/v2\/users\/1"}],"replies":[{"embeddable":true,"href":"https:\/\/www.magnetenspecialist.nl\/fr\/wp-json\/wp\/v2\/comments?post=107425"}],"version-history":[{"count":0,"href":"https:\/\/www.magnetenspecialist.nl\/fr\/wp-json\/wp\/v2\/pages\/107425\/revisions"}],"wp:attachment":[{"href":"https:\/\/www.magnetenspecialist.nl\/fr\/wp-json\/wp\/v2\/media?parent=107425"}],"curies":[{"name":"wp","href":"https:\/\/api.w.org\/{rel}","templated":true}]}}