{"id":107434,"date":"2019-03-12T16:09:29","date_gmt":"2019-03-12T15:09:29","guid":{"rendered":"https:\/\/www.magnetenspecialist.nl\/aimants\/"},"modified":"2022-02-04T12:13:54","modified_gmt":"2022-02-04T11:13:54","slug":"aimants","status":"publish","type":"page","link":"https:\/\/www.magnetenspecialist.nl\/fr\/aimants\/","title":{"rendered":"Aimants"},"content":{"rendered":"\n<div class=\"row d-flex align-items-center\">\n<div class=\"col-md-6 col-lg-4 col-xl-3\">\n<figure class=\"wp-block-image\"><img decoding=\"async\" src=\"https:\/\/www.magnetenspecialist.nl\/wp-content\/uploads\/2019\/03\/Image-128.png\" alt=\"magneetjes\" class=\"aligncenter\"\/><\/figure><\/div>\n\n<div class=\"col-md-6 col-lg-8 col-xl-9\">\n<h2>Aimants du sp\u00e9cialiste des aimants  <\/h2>\n<p>Quels que soient les aimants dont vous avez besoin, le sp\u00e9cialiste des aimants les a certainement dans sa gamme. Disponibles en plusieurs formes, comme les aimants en bloc, en barre, en boule et en cube. Mais ils sont \u00e9galement disponibles sous forme d&#8217;aimants en anneau, en disque, en pot et en crochet. Et tous ces aimants sont disponibles avec diff\u00e9rentes puissances de maintien, de sorte qu&#8217;ils peuvent \u00eatre utilis\u00e9s pour n&#8217;importe quel travail. Les aimants du sp\u00e9cialiste des aimants sont disponibles \u00e0 des prix comp\u00e9titifs.  <\/p>\n<\/div>\n<\/div>\n\n\n<h2 class=\"wp-block-heading\">Commande en ligne rapide et s\u00fbre  <\/h2>\n\n<p>Les aimants sont toujours s\u00fbrs et rapides \u00e0 commander en ligne, 24 heures sur 24. Vous pouvez \u00e9galement choisir parmi plusieurs options de paiement. Le sp\u00e9cialiste des aimants assure une livraison rapide aux Pays-Bas et en Belgique. La livraison de grandes quantit\u00e9s ne pose \u00e9galement aucun probl\u00e8me. Que vous ayez besoin d&#8217;aimants ou de super-aimants, un service personnalis\u00e9 et une qualit\u00e9 irr\u00e9prochable, voil\u00e0 ce qu&#8217;est le sp\u00e9cialiste des aimants.  <\/p>\n\n<div class=\"cta-banner\">\n    <h4>Voir nos petits aimants<\/h4>\n    <a class=\"cta-banner-btn\" href=\"https:\/\/www.magnetenspecialist.nl\/winkel\/?orderby=price\" title=\"Bekijk onze kleine magneetjes\">Voir maintenant<\/a>\n<\/div>\n\n<h3 class=\"wp-block-heading\">Petits aimants puissants<\/h3>\n\n<p>Nos petits aimants sont \u00e9galement tr\u00e8s puissants. Comme nos aimants sont de la plus haute qualit\u00e9, m\u00eame les plus petits aimants ont une capacit\u00e9 de charge relativement \u00e9lev\u00e9e. Ils sont donc utilis\u00e9s \u00e0 de nombreuses fins et trouvent souvent leur application dans le mod\u00e9lisme, la construction artistique et comme petit mat\u00e9riel de construction.  <\/p>\n\n<h3 class=\"wp-block-heading\">Vous avez besoin de conseils ? Le sp\u00e9cialiste des aimants aide.<\/h3>\n\n<p>Vous avez besoin de conseils pour savoir quel aimant convient le mieux \u00e0 vos besoins ?  <a href=\"https:\/\/www.magnetenspecialist.nl\/fr\/service-clients\/contact\/\">Veuillez alors nous contacter.<\/a>  Gr\u00e2ce \u00e0 notre exp\u00e9rience, nous pouvons vous en dire beaucoup sur nos aimants et leurs diverses applications. Nous aussi, nous sommes chaque fois surpris par l&#8217;utilisation des aimants par nos clients.  <\/p>\n","protected":false},"excerpt":{"rendered":"<p>Aimants du sp\u00e9cialiste des aimants Quels que soient les aimants dont vous avez besoin, le sp\u00e9cialiste des aimants les a certainement dans sa gamme. Disponibles en plusieurs formes, comme les aimants en bloc, en barre, en boule et en cube. Mais ils sont \u00e9galement disponibles sous forme d&#8217;aimants en anneau, en disque, en pot et [&hellip;]<\/p>\n","protected":false},"author":1,"featured_media":0,"parent":0,"menu_order":0,"comment_status":"closed","ping_status":"closed","template":"template-full.php","meta":{"_acf_changed":false,"footnotes":""},"class_list":["post-107434","page","type-page","status-publish","hentry"],"acf":[],"yoast_head":"<!-- This site is optimized with the Yoast SEO Premium plugin v24.7 (Yoast SEO v24.7) - https:\/\/yoast.com\/wordpress\/plugins\/seo\/ -->\n<title>Aimants du sp\u00e9cialiste de l&#039;aimantation Aimants puissants en n\u00e9odyme<\/title>\n<meta name=\"description\" content=\"Achetez des aimants en ligne chez le sp\u00e9cialiste des aimants. Nous livrons nos aimants rapidement. Vous avez command\u00e9 avant 16 heures ? 1 jour ouvrable apr\u00e8s votre commande.\" \/>\n<meta name=\"robots\" content=\"index, follow, max-snippet:-1, max-image-preview:large, max-video-preview:-1\" \/>\n<link rel=\"canonical\" href=\"https:\/\/www.magnetenspecialist.nl\/fr\/aimants\/\" \/>\n<meta property=\"og:locale\" content=\"fr_FR\" \/>\n<meta property=\"og:type\" content=\"article\" \/>\n<meta property=\"og:title\" content=\"Aimants\" \/>\n<meta property=\"og:description\" content=\"Achetez des aimants en ligne chez le sp\u00e9cialiste des aimants. Nous livrons nos aimants rapidement. Vous avez command\u00e9 avant 16 heures ? 1 jour ouvrable apr\u00e8s votre commande.\" \/>\n<meta property=\"og:url\" content=\"https:\/\/www.magnetenspecialist.nl\/fr\/aimants\/\" \/>\n<meta property=\"og:site_name\" content=\"Magnetenspecialist.nl\" \/>\n<meta property=\"article:publisher\" content=\"https:\/\/www.facebook.com\/Magnetenspecialist.nl\" \/>\n<meta property=\"article:modified_time\" content=\"2022-02-04T11:13:54+00:00\" \/>\n<meta property=\"og:image\" content=\"https:\/\/www.magnetenspecialist.nl\/wp-content\/uploads\/2019\/03\/Image-128.png\" \/>\n<meta name=\"twitter:card\" content=\"summary_large_image\" \/>\n<meta name=\"twitter:site\" content=\"@magnetenspecial\" \/>\n<meta name=\"twitter:label1\" content=\"Dur\u00e9e de lecture estim\u00e9e\" \/>\n\t<meta name=\"twitter:data1\" content=\"2 minutes\" \/>\n<script type=\"application\/ld+json\" class=\"yoast-schema-graph\">{\"@context\":\"https:\/\/schema.org\",\"@graph\":[{\"@type\":\"WebPage\",\"@id\":\"https:\/\/www.magnetenspecialist.nl\/fr\/aimants\/\",\"url\":\"https:\/\/www.magnetenspecialist.nl\/fr\/aimants\/\",\"name\":\"Aimants du sp\u00e9cialiste de l'aimantation Aimants puissants en n\u00e9odyme\",\"isPartOf\":{\"@id\":\"https:\/\/www.magnetenspecialist.nl\/fr\/#website\"},\"primaryImageOfPage\":{\"@id\":\"https:\/\/www.magnetenspecialist.nl\/fr\/aimants\/#primaryimage\"},\"image\":{\"@id\":\"https:\/\/www.magnetenspecialist.nl\/fr\/aimants\/#primaryimage\"},\"thumbnailUrl\":\"https:\/\/www.magnetenspecialist.nl\/wp-content\/uploads\/2019\/03\/Image-128.png\",\"datePublished\":\"2019-03-12T15:09:29+00:00\",\"dateModified\":\"2022-02-04T11:13:54+00:00\",\"description\":\"Achetez des aimants en ligne chez le sp\u00e9cialiste des aimants. Nous livrons nos aimants rapidement. Vous avez command\u00e9 avant 16 heures ? 1 jour ouvrable apr\u00e8s votre commande.\",\"breadcrumb\":{\"@id\":\"https:\/\/www.magnetenspecialist.nl\/fr\/aimants\/#breadcrumb\"},\"inLanguage\":\"fr-FR\",\"potentialAction\":[{\"@type\":\"ReadAction\",\"target\":[\"https:\/\/www.magnetenspecialist.nl\/fr\/aimants\/\"]}]},{\"@type\":\"ImageObject\",\"inLanguage\":\"fr-FR\",\"@id\":\"https:\/\/www.magnetenspecialist.nl\/fr\/aimants\/#primaryimage\",\"url\":\"https:\/\/www.magnetenspecialist.nl\/wp-content\/uploads\/2019\/03\/Image-128.png\",\"contentUrl\":\"https:\/\/www.magnetenspecialist.nl\/wp-content\/uploads\/2019\/03\/Image-128.png\"},{\"@type\":\"BreadcrumbList\",\"@id\":\"https:\/\/www.magnetenspecialist.nl\/fr\/aimants\/#breadcrumb\",\"itemListElement\":[{\"@type\":\"ListItem\",\"position\":1,\"name\":\"Accueil\",\"item\":\"https:\/\/www.magnetenspecialist.nl\/fr\/accueil\/\"},{\"@type\":\"ListItem\",\"position\":2,\"name\":\"Aimants\"}]},{\"@type\":\"WebSite\",\"@id\":\"https:\/\/www.magnetenspecialist.nl\/fr\/#website\",\"url\":\"https:\/\/www.magnetenspecialist.nl\/fr\/\",\"name\":\"Magnetenspecialist.nl\",\"description\":\"Vaste gamme d'aimants en n\u00e9odyme\",\"publisher\":{\"@id\":\"https:\/\/www.magnetenspecialist.nl\/fr\/#organization\"},\"potentialAction\":[{\"@type\":\"SearchAction\",\"target\":{\"@type\":\"EntryPoint\",\"urlTemplate\":\"https:\/\/www.magnetenspecialist.nl\/fr\/?s={search_term_string}\"},\"query-input\":{\"@type\":\"PropertyValueSpecification\",\"valueRequired\":true,\"valueName\":\"search_term_string\"}}],\"inLanguage\":\"fr-FR\"},{\"@type\":\"Organization\",\"@id\":\"https:\/\/www.magnetenspecialist.nl\/fr\/#organization\",\"name\":\"Magnetenspecialist.nl\",\"url\":\"https:\/\/www.magnetenspecialist.nl\/fr\/\",\"logo\":{\"@type\":\"ImageObject\",\"inLanguage\":\"fr-FR\",\"@id\":\"https:\/\/www.magnetenspecialist.nl\/fr\/#\/schema\/logo\/image\/\",\"url\":\"https:\/\/www.magnetenspecialist.nl\/wp-content\/uploads\/2018\/10\/magneten-logo.jpg\",\"contentUrl\":\"https:\/\/www.magnetenspecialist.nl\/wp-content\/uploads\/2018\/10\/magneten-logo.jpg\",\"width\":151,\"height\":151,\"caption\":\"Magnetenspecialist.nl\"},\"image\":{\"@id\":\"https:\/\/www.magnetenspecialist.nl\/fr\/#\/schema\/logo\/image\/\"},\"sameAs\":[\"https:\/\/www.facebook.com\/Magnetenspecialist.nl\",\"https:\/\/x.com\/magnetenspecial\"]}]}<\/script>\n<!-- \/ Yoast SEO Premium plugin. -->","yoast_head_json":{"title":"Aimants du sp\u00e9cialiste de l'aimantation Aimants puissants en n\u00e9odyme","description":"Achetez des aimants en ligne chez le sp\u00e9cialiste des aimants. Nous livrons nos aimants rapidement. Vous avez command\u00e9 avant 16 heures ? 1 jour ouvrable apr\u00e8s votre commande.","robots":{"index":"index","follow":"follow","max-snippet":"max-snippet:-1","max-image-preview":"max-image-preview:large","max-video-preview":"max-video-preview:-1"},"canonical":"https:\/\/www.magnetenspecialist.nl\/fr\/aimants\/","og_locale":"fr_FR","og_type":"article","og_title":"Aimants","og_description":"Achetez des aimants en ligne chez le sp\u00e9cialiste des aimants. Nous livrons nos aimants rapidement. Vous avez command\u00e9 avant 16 heures ? 1 jour ouvrable apr\u00e8s votre commande.","og_url":"https:\/\/www.magnetenspecialist.nl\/fr\/aimants\/","og_site_name":"Magnetenspecialist.nl","article_publisher":"https:\/\/www.facebook.com\/Magnetenspecialist.nl","article_modified_time":"2022-02-04T11:13:54+00:00","og_image":[{"url":"https:\/\/www.magnetenspecialist.nl\/wp-content\/uploads\/2019\/03\/Image-128.png","type":"","width":"","height":""}],"twitter_card":"summary_large_image","twitter_site":"@magnetenspecial","twitter_misc":{"Dur\u00e9e de lecture estim\u00e9e":"2 minutes"},"schema":{"@context":"https:\/\/schema.org","@graph":[{"@type":"WebPage","@id":"https:\/\/www.magnetenspecialist.nl\/fr\/aimants\/","url":"https:\/\/www.magnetenspecialist.nl\/fr\/aimants\/","name":"Aimants du sp\u00e9cialiste de l'aimantation Aimants puissants en n\u00e9odyme","isPartOf":{"@id":"https:\/\/www.magnetenspecialist.nl\/fr\/#website"},"primaryImageOfPage":{"@id":"https:\/\/www.magnetenspecialist.nl\/fr\/aimants\/#primaryimage"},"image":{"@id":"https:\/\/www.magnetenspecialist.nl\/fr\/aimants\/#primaryimage"},"thumbnailUrl":"https:\/\/www.magnetenspecialist.nl\/wp-content\/uploads\/2019\/03\/Image-128.png","datePublished":"2019-03-12T15:09:29+00:00","dateModified":"2022-02-04T11:13:54+00:00","description":"Achetez des aimants en ligne chez le sp\u00e9cialiste des aimants. Nous livrons nos aimants rapidement. Vous avez command\u00e9 avant 16 heures ? 1 jour ouvrable apr\u00e8s votre commande.","breadcrumb":{"@id":"https:\/\/www.magnetenspecialist.nl\/fr\/aimants\/#breadcrumb"},"inLanguage":"fr-FR","potentialAction":[{"@type":"ReadAction","target":["https:\/\/www.magnetenspecialist.nl\/fr\/aimants\/"]}]},{"@type":"ImageObject","inLanguage":"fr-FR","@id":"https:\/\/www.magnetenspecialist.nl\/fr\/aimants\/#primaryimage","url":"https:\/\/www.magnetenspecialist.nl\/wp-content\/uploads\/2019\/03\/Image-128.png","contentUrl":"https:\/\/www.magnetenspecialist.nl\/wp-content\/uploads\/2019\/03\/Image-128.png"},{"@type":"BreadcrumbList","@id":"https:\/\/www.magnetenspecialist.nl\/fr\/aimants\/#breadcrumb","itemListElement":[{"@type":"ListItem","position":1,"name":"Accueil","item":"https:\/\/www.magnetenspecialist.nl\/fr\/accueil\/"},{"@type":"ListItem","position":2,"name":"Aimants"}]},{"@type":"WebSite","@id":"https:\/\/www.magnetenspecialist.nl\/fr\/#website","url":"https:\/\/www.magnetenspecialist.nl\/fr\/","name":"Magnetenspecialist.nl","description":"Vaste gamme d'aimants en n\u00e9odyme","publisher":{"@id":"https:\/\/www.magnetenspecialist.nl\/fr\/#organization"},"potentialAction":[{"@type":"SearchAction","target":{"@type":"EntryPoint","urlTemplate":"https:\/\/www.magnetenspecialist.nl\/fr\/?s={search_term_string}"},"query-input":{"@type":"PropertyValueSpecification","valueRequired":true,"valueName":"search_term_string"}}],"inLanguage":"fr-FR"},{"@type":"Organization","@id":"https:\/\/www.magnetenspecialist.nl\/fr\/#organization","name":"Magnetenspecialist.nl","url":"https:\/\/www.magnetenspecialist.nl\/fr\/","logo":{"@type":"ImageObject","inLanguage":"fr-FR","@id":"https:\/\/www.magnetenspecialist.nl\/fr\/#\/schema\/logo\/image\/","url":"https:\/\/www.magnetenspecialist.nl\/wp-content\/uploads\/2018\/10\/magneten-logo.jpg","contentUrl":"https:\/\/www.magnetenspecialist.nl\/wp-content\/uploads\/2018\/10\/magneten-logo.jpg","width":151,"height":151,"caption":"Magnetenspecialist.nl"},"image":{"@id":"https:\/\/www.magnetenspecialist.nl\/fr\/#\/schema\/logo\/image\/"},"sameAs":["https:\/\/www.facebook.com\/Magnetenspecialist.nl","https:\/\/x.com\/magnetenspecial"]}]}},"_links":{"self":[{"href":"https:\/\/www.magnetenspecialist.nl\/fr\/wp-json\/wp\/v2\/pages\/107434","targetHints":{"allow":["GET"]}}],"collection":[{"href":"https:\/\/www.magnetenspecialist.nl\/fr\/wp-json\/wp\/v2\/pages"}],"about":[{"href":"https:\/\/www.magnetenspecialist.nl\/fr\/wp-json\/wp\/v2\/types\/page"}],"author":[{"embeddable":true,"href":"https:\/\/www.magnetenspecialist.nl\/fr\/wp-json\/wp\/v2\/users\/1"}],"replies":[{"embeddable":true,"href":"https:\/\/www.magnetenspecialist.nl\/fr\/wp-json\/wp\/v2\/comments?post=107434"}],"version-history":[{"count":0,"href":"https:\/\/www.magnetenspecialist.nl\/fr\/wp-json\/wp\/v2\/pages\/107434\/revisions"}],"wp:attachment":[{"href":"https:\/\/www.magnetenspecialist.nl\/fr\/wp-json\/wp\/v2\/media?parent=107434"}],"curies":[{"name":"wp","href":"https:\/\/api.w.org\/{rel}","templated":true}]}}