{"id":107435,"date":"2019-03-12T15:52:09","date_gmt":"2019-03-12T14:52:09","guid":{"rendered":"https:\/\/www.magnetenspecialist.nl\/grands-aimants\/"},"modified":"2022-02-04T12:13:46","modified_gmt":"2022-02-04T11:13:46","slug":"grands-aimants","status":"publish","type":"page","link":"https:\/\/www.magnetenspecialist.nl\/fr\/grands-aimants\/","title":{"rendered":"Grands aimants"},"content":{"rendered":"\n<div class=\"row d-flex align-items-center\">\n<div class=\"col-md-6 col-lg-4 col-xl-3\">\n<figure class=\"wp-block-image\"><img decoding=\"async\" src=\"https:\/\/www.magnetenspecialist.nl\/wp-content\/uploads\/2019\/03\/Image-72.png\" alt=\"Grands aimants\" class=\"aligncenter\"\/><\/figure><\/div>\n\n<div class=\"col-md-6 col-lg-8 col-xl-9\">\n<h2>Grands aimants disponibles dans de nombreuses formes et tailles<\/h2>\n<p>De Magnetenspecialist, sp\u00e9cialis\u00e9 dans les aimants en n\u00e9odyme, vend des aimants en ligne dans de nombreuses formes et tailles. Les aimants sont disponibles sous forme de blocs, de boules, d&#8217;anneaux ou de barres, mais aussi sous forme de crochets tr\u00e8s pratiques. Notre gamme est disponible avec diff\u00e9rentes magn\u00e9tisations et puissances de maintien. Applicable \u00e0 des fins industrielles, mais aussi pratique \u00e0 utiliser \u00e0 la maison. Commande en ligne simple aupr\u00e8s du sp\u00e9cialiste des aimants.<\/p>\n<\/div>\n<\/div>\n\n<h2 class=\"wp-block-heading\">Commandez des aimants en ligne rapidement et facilement  <\/h2>\n\n<p>Les aimants peuvent d\u00e9sormais \u00eatre facilement command\u00e9s en ligne aupr\u00e8s du sp\u00e9cialiste des aimants. Vous pouvez choisir parmi plusieurs options de paiement et votre commande sera livr\u00e9e rapidement. Les grands nombres ne sont pas non plus un probl\u00e8me pour le sp\u00e9cialiste des aimants. Des aimants de grande taille, quelle que soit leur forme ou leur taille, commandez-les maintenant et le sp\u00e9cialiste des aimants assurera une livraison rapide.  <\/p>\n\n<div class=\"cta-banner\">\n    <h4>Trouvez votre grand aimant id\u00e9al<\/h4>\n    <a class=\"cta-banner-btn\" href=\"https:\/\/www.magnetenspecialist.nl\/winkel\/?orderby=price-desc\" title=\"Zoek uw ideale grote\">Voir maintenant<\/a>\n<\/div>\n\n<h3 class=\"wp-block-heading\">Vous cherchez un grand aimant sp\u00e9cifique ?<\/h3>\n\n<p>Alors, jetez un coup d&#8217;\u0153il \u00e0 notre large gamme. Vous ne trouvez pas ce que vous cherchez ? Alors n&#8217;h\u00e9sitez pas \u00e0 <a href=\"https:\/\/www.magnetenspecialist.nl\/fr\/service-clients\/contact\/\">nous contacter<\/a>. Nous pouvons souvent vous aider dans votre recherche d&#8217;aimants sp\u00e9cifiques. Nous pouvons \u00e9galement fournir des produits avec vos sp\u00e9cifications pr\u00e9f\u00e9r\u00e9es pour un usage industriel.  <\/p>\n\n<h3 class=\"wp-block-heading\">Le sp\u00e9cialiste d\u00e9sign\u00e9 pour les aimants en ligne<\/h3>\n\n<p>Avec notre haut niveau de service, le sp\u00e9cialiste des aimants est le bon endroit pour acheter vos aimants en ligne. Comme nous avons toute notre gamme en stock, nous pouvons toujours livrer votre commande rapidement. Nous exp\u00e9dions souvent le jour m\u00eame, en fonction de l&#8217;heure \u00e0 laquelle vous passez votre commande. Nous vous tiendrons toujours inform\u00e9 de l&#8217;\u00e9tat de votre commande. Ainsi, vous savez toujours o\u00f9 vous en \u00eates. Vous voulez en savoir plus ? Jetez un coup d&#8217;\u0153il \u00e0 notre <a href=\"https:\/\/www.magnetenspecialist.nl\/fr\/service-clients\/\">section service client\u00e8le <\/a>, vous y trouverez peut-\u00eatre la r\u00e9ponse \u00e0 vos questions. Bien entendu, vous pouvez \u00e9galement nous contacter sans probl\u00e8me.<\/p>\n","protected":false},"excerpt":{"rendered":"<p>Grands aimants disponibles dans de nombreuses formes et tailles De Magnetenspecialist, sp\u00e9cialis\u00e9 dans les aimants en n\u00e9odyme, vend des aimants en ligne dans de nombreuses formes et tailles. Les aimants sont disponibles sous forme de blocs, de boules, d&#8217;anneaux ou de barres, mais aussi sous forme de crochets tr\u00e8s pratiques. Notre gamme est disponible avec [&hellip;]<\/p>\n","protected":false},"author":1,"featured_media":0,"parent":0,"menu_order":0,"comment_status":"closed","ping_status":"closed","template":"template-full.php","meta":{"_acf_changed":false,"footnotes":""},"class_list":["post-107435","page","type-page","status-publish","hentry"],"acf":[],"yoast_head":"<!-- This site is optimized with the Yoast SEO Premium plugin v24.7 (Yoast SEO v24.7) - https:\/\/yoast.com\/wordpress\/plugins\/seo\/ -->\n<title>Acheter des aimants de grande taille en ligne chez le sp\u00e9cialiste des aimants<\/title>\n<meta name=\"description\" content=\"Achetez vos grands aimants en ligne avec une livraison rapide. Le sp\u00e9cialiste des aimants est \u00e0 votre service. Vous avez besoin d&#039;un grand aimant rapidement ? Commandez maintenant !\" \/>\n<meta name=\"robots\" content=\"index, follow, max-snippet:-1, max-image-preview:large, max-video-preview:-1\" \/>\n<link rel=\"canonical\" href=\"https:\/\/www.magnetenspecialist.nl\/fr\/grands-aimants\/\" \/>\n<meta property=\"og:locale\" content=\"fr_FR\" \/>\n<meta property=\"og:type\" content=\"article\" \/>\n<meta property=\"og:title\" content=\"Grands aimants\" \/>\n<meta property=\"og:description\" content=\"Achetez vos grands aimants en ligne avec une livraison rapide. Le sp\u00e9cialiste des aimants est \u00e0 votre service. Vous avez besoin d&#039;un grand aimant rapidement ? Commandez maintenant !\" \/>\n<meta property=\"og:url\" content=\"https:\/\/www.magnetenspecialist.nl\/fr\/grands-aimants\/\" \/>\n<meta property=\"og:site_name\" content=\"Magnetenspecialist.nl\" \/>\n<meta property=\"article:publisher\" content=\"https:\/\/www.facebook.com\/Magnetenspecialist.nl\" \/>\n<meta property=\"article:modified_time\" content=\"2022-02-04T11:13:46+00:00\" \/>\n<meta property=\"og:image\" content=\"https:\/\/www.magnetenspecialist.nl\/wp-content\/uploads\/2019\/03\/Image-72.png\" \/>\n<meta name=\"twitter:card\" content=\"summary_large_image\" \/>\n<meta name=\"twitter:site\" content=\"@magnetenspecial\" \/>\n<meta name=\"twitter:label1\" content=\"Dur\u00e9e de lecture estim\u00e9e\" \/>\n\t<meta name=\"twitter:data1\" content=\"2 minutes\" \/>\n<script type=\"application\/ld+json\" class=\"yoast-schema-graph\">{\"@context\":\"https:\/\/schema.org\",\"@graph\":[{\"@type\":\"WebPage\",\"@id\":\"https:\/\/www.magnetenspecialist.nl\/fr\/grands-aimants\/\",\"url\":\"https:\/\/www.magnetenspecialist.nl\/fr\/grands-aimants\/\",\"name\":\"Acheter des aimants de grande taille en ligne chez le sp\u00e9cialiste des aimants\",\"isPartOf\":{\"@id\":\"https:\/\/www.magnetenspecialist.nl\/fr\/#website\"},\"primaryImageOfPage\":{\"@id\":\"https:\/\/www.magnetenspecialist.nl\/fr\/grands-aimants\/#primaryimage\"},\"image\":{\"@id\":\"https:\/\/www.magnetenspecialist.nl\/fr\/grands-aimants\/#primaryimage\"},\"thumbnailUrl\":\"https:\/\/www.magnetenspecialist.nl\/wp-content\/uploads\/2019\/03\/Image-72.png\",\"datePublished\":\"2019-03-12T14:52:09+00:00\",\"dateModified\":\"2022-02-04T11:13:46+00:00\",\"description\":\"Achetez vos grands aimants en ligne avec une livraison rapide. Le sp\u00e9cialiste des aimants est \u00e0 votre service. Vous avez besoin d'un grand aimant rapidement ? Commandez maintenant !\",\"breadcrumb\":{\"@id\":\"https:\/\/www.magnetenspecialist.nl\/fr\/grands-aimants\/#breadcrumb\"},\"inLanguage\":\"fr-FR\",\"potentialAction\":[{\"@type\":\"ReadAction\",\"target\":[\"https:\/\/www.magnetenspecialist.nl\/fr\/grands-aimants\/\"]}]},{\"@type\":\"ImageObject\",\"inLanguage\":\"fr-FR\",\"@id\":\"https:\/\/www.magnetenspecialist.nl\/fr\/grands-aimants\/#primaryimage\",\"url\":\"https:\/\/www.magnetenspecialist.nl\/wp-content\/uploads\/2019\/03\/Image-72.png\",\"contentUrl\":\"https:\/\/www.magnetenspecialist.nl\/wp-content\/uploads\/2019\/03\/Image-72.png\"},{\"@type\":\"BreadcrumbList\",\"@id\":\"https:\/\/www.magnetenspecialist.nl\/fr\/grands-aimants\/#breadcrumb\",\"itemListElement\":[{\"@type\":\"ListItem\",\"position\":1,\"name\":\"Accueil\",\"item\":\"https:\/\/www.magnetenspecialist.nl\/fr\/accueil\/\"},{\"@type\":\"ListItem\",\"position\":2,\"name\":\"Grands aimants\"}]},{\"@type\":\"WebSite\",\"@id\":\"https:\/\/www.magnetenspecialist.nl\/fr\/#website\",\"url\":\"https:\/\/www.magnetenspecialist.nl\/fr\/\",\"name\":\"Magnetenspecialist.nl\",\"description\":\"Vaste gamme d'aimants en n\u00e9odyme\",\"publisher\":{\"@id\":\"https:\/\/www.magnetenspecialist.nl\/fr\/#organization\"},\"potentialAction\":[{\"@type\":\"SearchAction\",\"target\":{\"@type\":\"EntryPoint\",\"urlTemplate\":\"https:\/\/www.magnetenspecialist.nl\/fr\/?s={search_term_string}\"},\"query-input\":{\"@type\":\"PropertyValueSpecification\",\"valueRequired\":true,\"valueName\":\"search_term_string\"}}],\"inLanguage\":\"fr-FR\"},{\"@type\":\"Organization\",\"@id\":\"https:\/\/www.magnetenspecialist.nl\/fr\/#organization\",\"name\":\"Magnetenspecialist.nl\",\"url\":\"https:\/\/www.magnetenspecialist.nl\/fr\/\",\"logo\":{\"@type\":\"ImageObject\",\"inLanguage\":\"fr-FR\",\"@id\":\"https:\/\/www.magnetenspecialist.nl\/fr\/#\/schema\/logo\/image\/\",\"url\":\"https:\/\/www.magnetenspecialist.nl\/wp-content\/uploads\/2018\/10\/magneten-logo.jpg\",\"contentUrl\":\"https:\/\/www.magnetenspecialist.nl\/wp-content\/uploads\/2018\/10\/magneten-logo.jpg\",\"width\":151,\"height\":151,\"caption\":\"Magnetenspecialist.nl\"},\"image\":{\"@id\":\"https:\/\/www.magnetenspecialist.nl\/fr\/#\/schema\/logo\/image\/\"},\"sameAs\":[\"https:\/\/www.facebook.com\/Magnetenspecialist.nl\",\"https:\/\/x.com\/magnetenspecial\"]}]}<\/script>\n<!-- \/ Yoast SEO Premium plugin. -->","yoast_head_json":{"title":"Acheter des aimants de grande taille en ligne chez le sp\u00e9cialiste des aimants","description":"Achetez vos grands aimants en ligne avec une livraison rapide. Le sp\u00e9cialiste des aimants est \u00e0 votre service. Vous avez besoin d'un grand aimant rapidement ? Commandez maintenant !","robots":{"index":"index","follow":"follow","max-snippet":"max-snippet:-1","max-image-preview":"max-image-preview:large","max-video-preview":"max-video-preview:-1"},"canonical":"https:\/\/www.magnetenspecialist.nl\/fr\/grands-aimants\/","og_locale":"fr_FR","og_type":"article","og_title":"Grands aimants","og_description":"Achetez vos grands aimants en ligne avec une livraison rapide. Le sp\u00e9cialiste des aimants est \u00e0 votre service. Vous avez besoin d'un grand aimant rapidement ? Commandez maintenant !","og_url":"https:\/\/www.magnetenspecialist.nl\/fr\/grands-aimants\/","og_site_name":"Magnetenspecialist.nl","article_publisher":"https:\/\/www.facebook.com\/Magnetenspecialist.nl","article_modified_time":"2022-02-04T11:13:46+00:00","og_image":[{"url":"https:\/\/www.magnetenspecialist.nl\/wp-content\/uploads\/2019\/03\/Image-72.png","type":"","width":"","height":""}],"twitter_card":"summary_large_image","twitter_site":"@magnetenspecial","twitter_misc":{"Dur\u00e9e de lecture estim\u00e9e":"2 minutes"},"schema":{"@context":"https:\/\/schema.org","@graph":[{"@type":"WebPage","@id":"https:\/\/www.magnetenspecialist.nl\/fr\/grands-aimants\/","url":"https:\/\/www.magnetenspecialist.nl\/fr\/grands-aimants\/","name":"Acheter des aimants de grande taille en ligne chez le sp\u00e9cialiste des aimants","isPartOf":{"@id":"https:\/\/www.magnetenspecialist.nl\/fr\/#website"},"primaryImageOfPage":{"@id":"https:\/\/www.magnetenspecialist.nl\/fr\/grands-aimants\/#primaryimage"},"image":{"@id":"https:\/\/www.magnetenspecialist.nl\/fr\/grands-aimants\/#primaryimage"},"thumbnailUrl":"https:\/\/www.magnetenspecialist.nl\/wp-content\/uploads\/2019\/03\/Image-72.png","datePublished":"2019-03-12T14:52:09+00:00","dateModified":"2022-02-04T11:13:46+00:00","description":"Achetez vos grands aimants en ligne avec une livraison rapide. Le sp\u00e9cialiste des aimants est \u00e0 votre service. Vous avez besoin d'un grand aimant rapidement ? Commandez maintenant !","breadcrumb":{"@id":"https:\/\/www.magnetenspecialist.nl\/fr\/grands-aimants\/#breadcrumb"},"inLanguage":"fr-FR","potentialAction":[{"@type":"ReadAction","target":["https:\/\/www.magnetenspecialist.nl\/fr\/grands-aimants\/"]}]},{"@type":"ImageObject","inLanguage":"fr-FR","@id":"https:\/\/www.magnetenspecialist.nl\/fr\/grands-aimants\/#primaryimage","url":"https:\/\/www.magnetenspecialist.nl\/wp-content\/uploads\/2019\/03\/Image-72.png","contentUrl":"https:\/\/www.magnetenspecialist.nl\/wp-content\/uploads\/2019\/03\/Image-72.png"},{"@type":"BreadcrumbList","@id":"https:\/\/www.magnetenspecialist.nl\/fr\/grands-aimants\/#breadcrumb","itemListElement":[{"@type":"ListItem","position":1,"name":"Accueil","item":"https:\/\/www.magnetenspecialist.nl\/fr\/accueil\/"},{"@type":"ListItem","position":2,"name":"Grands aimants"}]},{"@type":"WebSite","@id":"https:\/\/www.magnetenspecialist.nl\/fr\/#website","url":"https:\/\/www.magnetenspecialist.nl\/fr\/","name":"Magnetenspecialist.nl","description":"Vaste gamme d'aimants en n\u00e9odyme","publisher":{"@id":"https:\/\/www.magnetenspecialist.nl\/fr\/#organization"},"potentialAction":[{"@type":"SearchAction","target":{"@type":"EntryPoint","urlTemplate":"https:\/\/www.magnetenspecialist.nl\/fr\/?s={search_term_string}"},"query-input":{"@type":"PropertyValueSpecification","valueRequired":true,"valueName":"search_term_string"}}],"inLanguage":"fr-FR"},{"@type":"Organization","@id":"https:\/\/www.magnetenspecialist.nl\/fr\/#organization","name":"Magnetenspecialist.nl","url":"https:\/\/www.magnetenspecialist.nl\/fr\/","logo":{"@type":"ImageObject","inLanguage":"fr-FR","@id":"https:\/\/www.magnetenspecialist.nl\/fr\/#\/schema\/logo\/image\/","url":"https:\/\/www.magnetenspecialist.nl\/wp-content\/uploads\/2018\/10\/magneten-logo.jpg","contentUrl":"https:\/\/www.magnetenspecialist.nl\/wp-content\/uploads\/2018\/10\/magneten-logo.jpg","width":151,"height":151,"caption":"Magnetenspecialist.nl"},"image":{"@id":"https:\/\/www.magnetenspecialist.nl\/fr\/#\/schema\/logo\/image\/"},"sameAs":["https:\/\/www.facebook.com\/Magnetenspecialist.nl","https:\/\/x.com\/magnetenspecial"]}]}},"_links":{"self":[{"href":"https:\/\/www.magnetenspecialist.nl\/fr\/wp-json\/wp\/v2\/pages\/107435","targetHints":{"allow":["GET"]}}],"collection":[{"href":"https:\/\/www.magnetenspecialist.nl\/fr\/wp-json\/wp\/v2\/pages"}],"about":[{"href":"https:\/\/www.magnetenspecialist.nl\/fr\/wp-json\/wp\/v2\/types\/page"}],"author":[{"embeddable":true,"href":"https:\/\/www.magnetenspecialist.nl\/fr\/wp-json\/wp\/v2\/users\/1"}],"replies":[{"embeddable":true,"href":"https:\/\/www.magnetenspecialist.nl\/fr\/wp-json\/wp\/v2\/comments?post=107435"}],"version-history":[{"count":0,"href":"https:\/\/www.magnetenspecialist.nl\/fr\/wp-json\/wp\/v2\/pages\/107435\/revisions"}],"wp:attachment":[{"href":"https:\/\/www.magnetenspecialist.nl\/fr\/wp-json\/wp\/v2\/media?parent=107435"}],"curies":[{"name":"wp","href":"https:\/\/api.w.org\/{rel}","templated":true}]}}