{"id":107448,"date":"2019-03-12T16:03:24","date_gmt":"2019-03-12T15:03:24","guid":{"rendered":"https:\/\/www.magnetenspecialist.nl\/petits-aimants\/"},"modified":"2022-02-04T12:13:53","modified_gmt":"2022-02-04T11:13:53","slug":"petits-aimants","status":"publish","type":"page","link":"https:\/\/www.magnetenspecialist.nl\/fr\/petits-aimants\/","title":{"rendered":"Petits aimants"},"content":{"rendered":"\n<div class=\"row d-flex align-items-center\">\n<div class=\"col-md-6 col-lg-4 col-xl-3\">\n<figure class=\"wp-block-image\"><img decoding=\"async\" src=\"https:\/\/www.magnetenspecialist.nl\/wp-content\/uploads\/2019\/03\/Image-117.png\" alt=\"Petits aimants\" class=\"aligncenter\"\/><\/figure><\/div>\n\n<div class=\"col-md-6 col-lg-8 col-xl-9\">\n<h2>Commander des petits aimants en ligne<\/h2>\n<p>Vous pouvez \u00e9galement acheter les plus petits aimants chez le sp\u00e9cialiste des aimants. Ils sont utilis\u00e9s \u00e0 de nombreuses fins. Les petits aimants en forme de cube illustr\u00e9s sur la photo sont utilis\u00e9s dans de nombreux projets de loisirs. Qu&#8217;il s&#8217;agisse de r\u00e9aliser de petits moteurs \u00e9lectriques ou de construire des sculptures, les petits cubes aimant\u00e9s font appel \u00e0 l&#8217;imagination de beaucoup. <strong>Petits mais puissants<\/strong>, m\u00eame les petits aimants sont des aimants puissants, en proportion, bien s\u00fbr, ils sont aussi puissants que tous nos autres aimants en n\u00e9odyme.  <\/p>\n<\/div>\n<\/div>\n\n<h3 class=\"wp-block-heading\">Voir, par exemple, nos aimants \u00e0 balles<\/h3>\n\n<p>Les petits aimants en forme de balles sont populaires. En effet, les boules magn\u00e9tiques peuvent \u00eatre utilis\u00e9es \u00e0 de nombreuses fins diff\u00e9rentes. Des choses pratiques aux constructions cr\u00e9atives. Les <a title=\"kogelmagneten\" href=\"https:\/\/www.magnetenspecialist.nl\/fr\/categorie-de-produit\/aimants-a-balles\/\">aimants \u00e0 billes<\/a> sont int\u00e9ressants \u00e0 utiliser pour un projet cr\u00e9atif. Nous avons vu les cr\u00e9ations les plus belles et les plus surprenantes. Travaillerez-vous \u00e9galement avec nos boules magn\u00e9tiques ?<\/p>\n\n<h2 class=\"wp-block-heading\">Toujours le meilleur service  <\/h2>\n\n<p>Qu&#8217;il s&#8217;agisse de petits ou de grands aimants, le sp\u00e9cialiste des aimants vous offre toujours le meilleur service personnalis\u00e9. Nous disposons d&#8217;une tr\u00e8s vaste collection en ligne d&#8217;aimants en n\u00e9odyme super puissants. Des achats en ligne pratiques dans un environnement s\u00fbr et un service orient\u00e9 client avec un choix d&#8217;options de paiement. Mais aussi si vous avez besoin de grands aimants super puissants, vous les trouverez certainement chez le sp\u00e9cialiste des aimants.  <\/p>\n\n<div class=\"cta-banner\">\n    <h4>Voir nos petits aimants<\/h4>\n    <a class=\"cta-banner-btn\" href=\"https:\/\/www.magnetenspecialist.nl\/winkel\/?orderby=price\" title=\"bekijk onze kleine magneten\">Voir maintenant<\/a>\n<\/div>\n\n\n<h3 class=\"wp-block-heading\">Commande en ligne facile et livraison rapide \u00e0 domicile<\/h3>\n\nChez le sp\u00e9cialiste des aimants, vous pouvez facilement faire vos achats en ligne. Nous fournissons autant d&#8217;informations pratiques que possible sur tous nos aimants. Vous voulez toujours en savoir plus ? Veuillez alors nous <a title=\"contact\" href=\"https:\/\/www.magnetenspecialist.nl\/fr\/service-clients\/contact\/\">contacter<\/a>. Nous nous ferons un plaisir de vous fournir les informations n\u00e9cessaires. Vous voulez tout savoir sur la garantie, les d\u00e9lais de livraison, le paiement et les retours ? Jetez alors un coup d&#8217;\u0153il \u00e0 notre <a title=\"klantenservice pagina\" href=\"https:\/\/www.magnetenspecialist.nl\/fr\/service-clients\/\">page de service \u00e0 la client\u00e8le.<\/a> Vous y trouverez de nombreuses informations utiles ainsi que les questions les plus fr\u00e9quemment pos\u00e9es.\n","protected":false},"excerpt":{"rendered":"<p>Commander des petits aimants en ligne Vous pouvez \u00e9galement acheter les plus petits aimants chez le sp\u00e9cialiste des aimants. Ils sont utilis\u00e9s \u00e0 de nombreuses fins. Les petits aimants en forme de cube illustr\u00e9s sur la photo sont utilis\u00e9s dans de nombreux projets de loisirs. Qu&#8217;il s&#8217;agisse de r\u00e9aliser de petits moteurs \u00e9lectriques ou de [&hellip;]<\/p>\n","protected":false},"author":1,"featured_media":0,"parent":0,"menu_order":0,"comment_status":"closed","ping_status":"closed","template":"template-full.php","meta":{"_acf_changed":false,"footnotes":""},"class_list":["post-107448","page","type-page","status-publish","hentry"],"acf":[],"yoast_head":"<!-- This site is optimized with the Yoast SEO Premium plugin v24.7 (Yoast SEO v24.7) - https:\/\/yoast.com\/wordpress\/plugins\/seo\/ -->\n<title>Acheter des petits aimants en ligne sur Magnetenspecialist | Petits mais forts<\/title>\n<meta name=\"description\" content=\"M\u00eame nos plus petits aimants en n\u00e9odyme ont une grande capacit\u00e9 de charge. Ils se pr\u00e9sentent sous de nombreuses formes et tailles. Jetez un coup d&#039;\u0153il \u00e0 notre boutique d&#039;aimants en ligne.\" \/>\n<meta name=\"robots\" content=\"index, follow, max-snippet:-1, max-image-preview:large, max-video-preview:-1\" \/>\n<link rel=\"canonical\" href=\"https:\/\/www.magnetenspecialist.nl\/fr\/petits-aimants\/\" \/>\n<meta property=\"og:locale\" content=\"fr_FR\" \/>\n<meta property=\"og:type\" content=\"article\" \/>\n<meta property=\"og:title\" content=\"Petits aimants\" \/>\n<meta property=\"og:description\" content=\"M\u00eame nos plus petits aimants en n\u00e9odyme ont une grande capacit\u00e9 de charge. Ils se pr\u00e9sentent sous de nombreuses formes et tailles. Jetez un coup d&#039;\u0153il \u00e0 notre boutique d&#039;aimants en ligne.\" \/>\n<meta property=\"og:url\" content=\"https:\/\/www.magnetenspecialist.nl\/fr\/petits-aimants\/\" \/>\n<meta property=\"og:site_name\" content=\"Magnetenspecialist.nl\" \/>\n<meta property=\"article:publisher\" content=\"https:\/\/www.facebook.com\/Magnetenspecialist.nl\" \/>\n<meta property=\"article:modified_time\" content=\"2022-02-04T11:13:53+00:00\" \/>\n<meta property=\"og:image\" content=\"https:\/\/www.magnetenspecialist.nl\/wp-content\/uploads\/2019\/03\/Image-117.png\" \/>\n<meta name=\"twitter:card\" content=\"summary_large_image\" \/>\n<meta name=\"twitter:site\" content=\"@magnetenspecial\" \/>\n<meta name=\"twitter:label1\" content=\"Dur\u00e9e de lecture estim\u00e9e\" \/>\n\t<meta name=\"twitter:data1\" content=\"2 minutes\" \/>\n<script type=\"application\/ld+json\" class=\"yoast-schema-graph\">{\"@context\":\"https:\/\/schema.org\",\"@graph\":[{\"@type\":\"WebPage\",\"@id\":\"https:\/\/www.magnetenspecialist.nl\/fr\/petits-aimants\/\",\"url\":\"https:\/\/www.magnetenspecialist.nl\/fr\/petits-aimants\/\",\"name\":\"Acheter des petits aimants en ligne sur Magnetenspecialist | Petits mais forts\",\"isPartOf\":{\"@id\":\"https:\/\/www.magnetenspecialist.nl\/fr\/#website\"},\"primaryImageOfPage\":{\"@id\":\"https:\/\/www.magnetenspecialist.nl\/fr\/petits-aimants\/#primaryimage\"},\"image\":{\"@id\":\"https:\/\/www.magnetenspecialist.nl\/fr\/petits-aimants\/#primaryimage\"},\"thumbnailUrl\":\"https:\/\/www.magnetenspecialist.nl\/wp-content\/uploads\/2019\/03\/Image-117.png\",\"datePublished\":\"2019-03-12T15:03:24+00:00\",\"dateModified\":\"2022-02-04T11:13:53+00:00\",\"description\":\"M\u00eame nos plus petits aimants en n\u00e9odyme ont une grande capacit\u00e9 de charge. Ils se pr\u00e9sentent sous de nombreuses formes et tailles. Jetez un coup d'\u0153il \u00e0 notre boutique d'aimants en ligne.\",\"breadcrumb\":{\"@id\":\"https:\/\/www.magnetenspecialist.nl\/fr\/petits-aimants\/#breadcrumb\"},\"inLanguage\":\"fr-FR\",\"potentialAction\":[{\"@type\":\"ReadAction\",\"target\":[\"https:\/\/www.magnetenspecialist.nl\/fr\/petits-aimants\/\"]}]},{\"@type\":\"ImageObject\",\"inLanguage\":\"fr-FR\",\"@id\":\"https:\/\/www.magnetenspecialist.nl\/fr\/petits-aimants\/#primaryimage\",\"url\":\"https:\/\/www.magnetenspecialist.nl\/wp-content\/uploads\/2019\/03\/Image-117.png\",\"contentUrl\":\"https:\/\/www.magnetenspecialist.nl\/wp-content\/uploads\/2019\/03\/Image-117.png\"},{\"@type\":\"BreadcrumbList\",\"@id\":\"https:\/\/www.magnetenspecialist.nl\/fr\/petits-aimants\/#breadcrumb\",\"itemListElement\":[{\"@type\":\"ListItem\",\"position\":1,\"name\":\"Accueil\",\"item\":\"https:\/\/www.magnetenspecialist.nl\/fr\/accueil\/\"},{\"@type\":\"ListItem\",\"position\":2,\"name\":\"Petits aimants\"}]},{\"@type\":\"WebSite\",\"@id\":\"https:\/\/www.magnetenspecialist.nl\/fr\/#website\",\"url\":\"https:\/\/www.magnetenspecialist.nl\/fr\/\",\"name\":\"Magnetenspecialist.nl\",\"description\":\"Vaste gamme d'aimants en n\u00e9odyme\",\"publisher\":{\"@id\":\"https:\/\/www.magnetenspecialist.nl\/fr\/#organization\"},\"potentialAction\":[{\"@type\":\"SearchAction\",\"target\":{\"@type\":\"EntryPoint\",\"urlTemplate\":\"https:\/\/www.magnetenspecialist.nl\/fr\/?s={search_term_string}\"},\"query-input\":{\"@type\":\"PropertyValueSpecification\",\"valueRequired\":true,\"valueName\":\"search_term_string\"}}],\"inLanguage\":\"fr-FR\"},{\"@type\":\"Organization\",\"@id\":\"https:\/\/www.magnetenspecialist.nl\/fr\/#organization\",\"name\":\"Magnetenspecialist.nl\",\"url\":\"https:\/\/www.magnetenspecialist.nl\/fr\/\",\"logo\":{\"@type\":\"ImageObject\",\"inLanguage\":\"fr-FR\",\"@id\":\"https:\/\/www.magnetenspecialist.nl\/fr\/#\/schema\/logo\/image\/\",\"url\":\"https:\/\/www.magnetenspecialist.nl\/wp-content\/uploads\/2018\/10\/magneten-logo.jpg\",\"contentUrl\":\"https:\/\/www.magnetenspecialist.nl\/wp-content\/uploads\/2018\/10\/magneten-logo.jpg\",\"width\":151,\"height\":151,\"caption\":\"Magnetenspecialist.nl\"},\"image\":{\"@id\":\"https:\/\/www.magnetenspecialist.nl\/fr\/#\/schema\/logo\/image\/\"},\"sameAs\":[\"https:\/\/www.facebook.com\/Magnetenspecialist.nl\",\"https:\/\/x.com\/magnetenspecial\"]}]}<\/script>\n<!-- \/ Yoast SEO Premium plugin. -->","yoast_head_json":{"title":"Acheter des petits aimants en ligne sur Magnetenspecialist | Petits mais forts","description":"M\u00eame nos plus petits aimants en n\u00e9odyme ont une grande capacit\u00e9 de charge. Ils se pr\u00e9sentent sous de nombreuses formes et tailles. Jetez un coup d'\u0153il \u00e0 notre boutique d'aimants en ligne.","robots":{"index":"index","follow":"follow","max-snippet":"max-snippet:-1","max-image-preview":"max-image-preview:large","max-video-preview":"max-video-preview:-1"},"canonical":"https:\/\/www.magnetenspecialist.nl\/fr\/petits-aimants\/","og_locale":"fr_FR","og_type":"article","og_title":"Petits aimants","og_description":"M\u00eame nos plus petits aimants en n\u00e9odyme ont une grande capacit\u00e9 de charge. Ils se pr\u00e9sentent sous de nombreuses formes et tailles. Jetez un coup d'\u0153il \u00e0 notre boutique d'aimants en ligne.","og_url":"https:\/\/www.magnetenspecialist.nl\/fr\/petits-aimants\/","og_site_name":"Magnetenspecialist.nl","article_publisher":"https:\/\/www.facebook.com\/Magnetenspecialist.nl","article_modified_time":"2022-02-04T11:13:53+00:00","og_image":[{"url":"https:\/\/www.magnetenspecialist.nl\/wp-content\/uploads\/2019\/03\/Image-117.png","type":"","width":"","height":""}],"twitter_card":"summary_large_image","twitter_site":"@magnetenspecial","twitter_misc":{"Dur\u00e9e de lecture estim\u00e9e":"2 minutes"},"schema":{"@context":"https:\/\/schema.org","@graph":[{"@type":"WebPage","@id":"https:\/\/www.magnetenspecialist.nl\/fr\/petits-aimants\/","url":"https:\/\/www.magnetenspecialist.nl\/fr\/petits-aimants\/","name":"Acheter des petits aimants en ligne sur Magnetenspecialist | Petits mais forts","isPartOf":{"@id":"https:\/\/www.magnetenspecialist.nl\/fr\/#website"},"primaryImageOfPage":{"@id":"https:\/\/www.magnetenspecialist.nl\/fr\/petits-aimants\/#primaryimage"},"image":{"@id":"https:\/\/www.magnetenspecialist.nl\/fr\/petits-aimants\/#primaryimage"},"thumbnailUrl":"https:\/\/www.magnetenspecialist.nl\/wp-content\/uploads\/2019\/03\/Image-117.png","datePublished":"2019-03-12T15:03:24+00:00","dateModified":"2022-02-04T11:13:53+00:00","description":"M\u00eame nos plus petits aimants en n\u00e9odyme ont une grande capacit\u00e9 de charge. Ils se pr\u00e9sentent sous de nombreuses formes et tailles. Jetez un coup d'\u0153il \u00e0 notre boutique d'aimants en ligne.","breadcrumb":{"@id":"https:\/\/www.magnetenspecialist.nl\/fr\/petits-aimants\/#breadcrumb"},"inLanguage":"fr-FR","potentialAction":[{"@type":"ReadAction","target":["https:\/\/www.magnetenspecialist.nl\/fr\/petits-aimants\/"]}]},{"@type":"ImageObject","inLanguage":"fr-FR","@id":"https:\/\/www.magnetenspecialist.nl\/fr\/petits-aimants\/#primaryimage","url":"https:\/\/www.magnetenspecialist.nl\/wp-content\/uploads\/2019\/03\/Image-117.png","contentUrl":"https:\/\/www.magnetenspecialist.nl\/wp-content\/uploads\/2019\/03\/Image-117.png"},{"@type":"BreadcrumbList","@id":"https:\/\/www.magnetenspecialist.nl\/fr\/petits-aimants\/#breadcrumb","itemListElement":[{"@type":"ListItem","position":1,"name":"Accueil","item":"https:\/\/www.magnetenspecialist.nl\/fr\/accueil\/"},{"@type":"ListItem","position":2,"name":"Petits aimants"}]},{"@type":"WebSite","@id":"https:\/\/www.magnetenspecialist.nl\/fr\/#website","url":"https:\/\/www.magnetenspecialist.nl\/fr\/","name":"Magnetenspecialist.nl","description":"Vaste gamme d'aimants en n\u00e9odyme","publisher":{"@id":"https:\/\/www.magnetenspecialist.nl\/fr\/#organization"},"potentialAction":[{"@type":"SearchAction","target":{"@type":"EntryPoint","urlTemplate":"https:\/\/www.magnetenspecialist.nl\/fr\/?s={search_term_string}"},"query-input":{"@type":"PropertyValueSpecification","valueRequired":true,"valueName":"search_term_string"}}],"inLanguage":"fr-FR"},{"@type":"Organization","@id":"https:\/\/www.magnetenspecialist.nl\/fr\/#organization","name":"Magnetenspecialist.nl","url":"https:\/\/www.magnetenspecialist.nl\/fr\/","logo":{"@type":"ImageObject","inLanguage":"fr-FR","@id":"https:\/\/www.magnetenspecialist.nl\/fr\/#\/schema\/logo\/image\/","url":"https:\/\/www.magnetenspecialist.nl\/wp-content\/uploads\/2018\/10\/magneten-logo.jpg","contentUrl":"https:\/\/www.magnetenspecialist.nl\/wp-content\/uploads\/2018\/10\/magneten-logo.jpg","width":151,"height":151,"caption":"Magnetenspecialist.nl"},"image":{"@id":"https:\/\/www.magnetenspecialist.nl\/fr\/#\/schema\/logo\/image\/"},"sameAs":["https:\/\/www.facebook.com\/Magnetenspecialist.nl","https:\/\/x.com\/magnetenspecial"]}]}},"_links":{"self":[{"href":"https:\/\/www.magnetenspecialist.nl\/fr\/wp-json\/wp\/v2\/pages\/107448","targetHints":{"allow":["GET"]}}],"collection":[{"href":"https:\/\/www.magnetenspecialist.nl\/fr\/wp-json\/wp\/v2\/pages"}],"about":[{"href":"https:\/\/www.magnetenspecialist.nl\/fr\/wp-json\/wp\/v2\/types\/page"}],"author":[{"embeddable":true,"href":"https:\/\/www.magnetenspecialist.nl\/fr\/wp-json\/wp\/v2\/users\/1"}],"replies":[{"embeddable":true,"href":"https:\/\/www.magnetenspecialist.nl\/fr\/wp-json\/wp\/v2\/comments?post=107448"}],"version-history":[{"count":0,"href":"https:\/\/www.magnetenspecialist.nl\/fr\/wp-json\/wp\/v2\/pages\/107448\/revisions"}],"wp:attachment":[{"href":"https:\/\/www.magnetenspecialist.nl\/fr\/wp-json\/wp\/v2\/media?parent=107448"}],"curies":[{"name":"wp","href":"https:\/\/api.w.org\/{rel}","templated":true}]}}