{"id":107455,"date":"2019-03-12T16:13:51","date_gmt":"2019-03-12T15:13:51","guid":{"rendered":"https:\/\/www.magnetenspecialist.nl\/aimants-ronds\/"},"modified":"2022-02-04T12:13:55","modified_gmt":"2022-02-04T11:13:55","slug":"aimants-ronds","status":"publish","type":"page","link":"https:\/\/www.magnetenspecialist.nl\/fr\/aimants-ronds\/","title":{"rendered":"Aimants ronds"},"content":{"rendered":"\n<div class=\"row d-flex align-items-center\">\n<div class=\"col-md-6 col-lg-4 col-xl-3\">\n<figure class=\"wp-block-image\"><img decoding=\"async\" src=\"https:\/\/www.magnetenspecialist.nl\/wp-content\/uploads\/2019\/03\/Image-58-300x300.png\" alt=\"ronde magneten\" class=\"aligncenter\"\/><\/figure><\/div>\n\n<div class=\"col-md-6 col-lg-8 col-xl-9\">\n<h2>Vous avez besoin d&#8217;un aimant rond ?<\/h2>\n<p>Le sp\u00e9cialiste des aimants dispose d&#8217;aimants ronds disponibles dans de nombreux types, tailles, designs et applications diff\u00e9rents. Nos aimants sont d&#8217;excellente qualit\u00e9. Ce sont tous des aimants en n\u00e9odyme puissants qui ne perdent pas leur pouvoir de r\u00e9tention. Vous pouvez \u00e9galement trouver ici des aimants ronds sp\u00e9cialement con\u00e7us. Par exemple, avec un trou frais\u00e9, une tige filet\u00e9e, une enveloppe en caoutchouc, etc. Faites le tour de notre boutique et trouvez l&#8217;aimant que vous avez en t\u00eate.<\/p>\n<\/div>\n<\/div>\n\n<h2 class=\"wp-block-heading\">Commander des aimants ronds en ligne sur le site Magnetenspecialist  <\/h2>\n\n<p>Commandez des aimants ronds facilement et rapidement chez le sp\u00e9cialiste des aimants. Vous avez un large choix de tailles et de pouvoir de r\u00e9tention des aimants. Quel que soit l&#8217;usage que vous souhaitez faire des aimants, vous les trouverez ici. Vous pouvez venir ici tous les jours de la semaine, 24 heures sur 24. Si vous avez command\u00e9 les aimants ronds avant 17 heures, ils seront livr\u00e9s le jour suivant. Ou vous pouvez le ramasser vous-m\u00eame.  <\/p>\n\n<h2 class=\"wp-block-heading\">Aimants pour l&#8217;industrie, la construction et le commerce  <\/h2>\n\n<p>Les aimants sont command\u00e9s chez Magnetenspecialist par l&#8217;industrie, la construction et le commerce, entre autres, mais les particuliers sont \u00e9galement les bienvenus. Service, qualit\u00e9 sup\u00e9rieure, passion, autant de caract\u00e9ristiques du sp\u00e9cialiste des aimants. La boutique en ligne moderne, s\u00fbre et bien agenc\u00e9e est conforme aux derni\u00e8res technologies. Vous trouverez ici toutes les informations concernant le sp\u00e9cialiste des aimants et la gamme d&#8217;aimants. Pour les aimants ronds, il existe un large choix, mais un grand assortiment est \u00e9galement disponible en ligne pour les autres formes.  <\/p>\n\n<div class=\"cta-banner\">\n    <h4>Trouvez votre aimant rond id\u00e9al<\/h4>\n    <a class=\"cta-banner-btn\" href=\"https:\/\/www.magnetenspecialist.nl\/winkel\/\" title=\"Zoek uw ideale ronde magneet\">Voir nos aimants<\/a>\n<\/div>\n","protected":false},"excerpt":{"rendered":"<p>Vous avez besoin d&#8217;un aimant rond ? Le sp\u00e9cialiste des aimants dispose d&#8217;aimants ronds disponibles dans de nombreux types, tailles, designs et applications diff\u00e9rents. Nos aimants sont d&#8217;excellente qualit\u00e9. Ce sont tous des aimants en n\u00e9odyme puissants qui ne perdent pas leur pouvoir de r\u00e9tention. Vous pouvez \u00e9galement trouver ici des aimants ronds sp\u00e9cialement con\u00e7us. [&hellip;]<\/p>\n","protected":false},"author":1,"featured_media":0,"parent":0,"menu_order":0,"comment_status":"closed","ping_status":"closed","template":"template-full.php","meta":{"_acf_changed":false,"footnotes":""},"class_list":["post-107455","page","type-page","status-publish","hentry"],"acf":[],"yoast_head":"<!-- This site is optimized with the Yoast SEO Premium plugin v24.7 (Yoast SEO v24.7) - https:\/\/yoast.com\/wordpress\/plugins\/seo\/ -->\n<title>Aimants ronds dans de nombreux designs diff\u00e9rents | Magnet Specialist<\/title>\n<meta name=\"description\" content=\"Vous pouvez acheter des aimants ronds chez le sp\u00e9cialiste des aimants. Nous disposons d&#039;une large gamme d&#039;aimants ronds dans de nombreux mod\u00e8les diff\u00e9rents.\" \/>\n<meta name=\"robots\" content=\"index, follow, max-snippet:-1, max-image-preview:large, max-video-preview:-1\" \/>\n<link rel=\"canonical\" href=\"https:\/\/www.magnetenspecialist.nl\/fr\/aimants-ronds\/\" \/>\n<meta property=\"og:locale\" content=\"fr_FR\" \/>\n<meta property=\"og:type\" content=\"article\" \/>\n<meta property=\"og:title\" content=\"Aimants ronds\" \/>\n<meta property=\"og:description\" content=\"Vous pouvez acheter des aimants ronds chez le sp\u00e9cialiste des aimants. Nous disposons d&#039;une large gamme d&#039;aimants ronds dans de nombreux mod\u00e8les diff\u00e9rents.\" \/>\n<meta property=\"og:url\" content=\"https:\/\/www.magnetenspecialist.nl\/fr\/aimants-ronds\/\" \/>\n<meta property=\"og:site_name\" content=\"Magnetenspecialist.nl\" \/>\n<meta property=\"article:publisher\" content=\"https:\/\/www.facebook.com\/Magnetenspecialist.nl\" \/>\n<meta property=\"article:modified_time\" content=\"2022-02-04T11:13:55+00:00\" \/>\n<meta property=\"og:image\" content=\"https:\/\/www.magnetenspecialist.nl\/wp-content\/uploads\/2019\/03\/Image-58-300x300.png\" \/>\n<meta name=\"twitter:card\" content=\"summary_large_image\" \/>\n<meta name=\"twitter:site\" content=\"@magnetenspecial\" \/>\n<meta name=\"twitter:label1\" content=\"Dur\u00e9e de lecture estim\u00e9e\" \/>\n\t<meta name=\"twitter:data1\" content=\"1 minute\" \/>\n<script type=\"application\/ld+json\" class=\"yoast-schema-graph\">{\"@context\":\"https:\/\/schema.org\",\"@graph\":[{\"@type\":\"WebPage\",\"@id\":\"https:\/\/www.magnetenspecialist.nl\/fr\/aimants-ronds\/\",\"url\":\"https:\/\/www.magnetenspecialist.nl\/fr\/aimants-ronds\/\",\"name\":\"Aimants ronds dans de nombreux designs diff\u00e9rents | Magnet Specialist\",\"isPartOf\":{\"@id\":\"https:\/\/www.magnetenspecialist.nl\/fr\/#website\"},\"primaryImageOfPage\":{\"@id\":\"https:\/\/www.magnetenspecialist.nl\/fr\/aimants-ronds\/#primaryimage\"},\"image\":{\"@id\":\"https:\/\/www.magnetenspecialist.nl\/fr\/aimants-ronds\/#primaryimage\"},\"thumbnailUrl\":\"https:\/\/www.magnetenspecialist.nl\/wp-content\/uploads\/2019\/03\/Image-58-300x300.png\",\"datePublished\":\"2019-03-12T15:13:51+00:00\",\"dateModified\":\"2022-02-04T11:13:55+00:00\",\"description\":\"Vous pouvez acheter des aimants ronds chez le sp\u00e9cialiste des aimants. Nous disposons d'une large gamme d'aimants ronds dans de nombreux mod\u00e8les diff\u00e9rents.\",\"breadcrumb\":{\"@id\":\"https:\/\/www.magnetenspecialist.nl\/fr\/aimants-ronds\/#breadcrumb\"},\"inLanguage\":\"fr-FR\",\"potentialAction\":[{\"@type\":\"ReadAction\",\"target\":[\"https:\/\/www.magnetenspecialist.nl\/fr\/aimants-ronds\/\"]}]},{\"@type\":\"ImageObject\",\"inLanguage\":\"fr-FR\",\"@id\":\"https:\/\/www.magnetenspecialist.nl\/fr\/aimants-ronds\/#primaryimage\",\"url\":\"https:\/\/www.magnetenspecialist.nl\/wp-content\/uploads\/2019\/03\/Image-58-300x300.png\",\"contentUrl\":\"https:\/\/www.magnetenspecialist.nl\/wp-content\/uploads\/2019\/03\/Image-58-300x300.png\"},{\"@type\":\"BreadcrumbList\",\"@id\":\"https:\/\/www.magnetenspecialist.nl\/fr\/aimants-ronds\/#breadcrumb\",\"itemListElement\":[{\"@type\":\"ListItem\",\"position\":1,\"name\":\"Accueil\",\"item\":\"https:\/\/www.magnetenspecialist.nl\/fr\/accueil\/\"},{\"@type\":\"ListItem\",\"position\":2,\"name\":\"Aimants ronds\"}]},{\"@type\":\"WebSite\",\"@id\":\"https:\/\/www.magnetenspecialist.nl\/fr\/#website\",\"url\":\"https:\/\/www.magnetenspecialist.nl\/fr\/\",\"name\":\"Magnetenspecialist.nl\",\"description\":\"Vaste gamme d'aimants en n\u00e9odyme\",\"publisher\":{\"@id\":\"https:\/\/www.magnetenspecialist.nl\/fr\/#organization\"},\"potentialAction\":[{\"@type\":\"SearchAction\",\"target\":{\"@type\":\"EntryPoint\",\"urlTemplate\":\"https:\/\/www.magnetenspecialist.nl\/fr\/?s={search_term_string}\"},\"query-input\":{\"@type\":\"PropertyValueSpecification\",\"valueRequired\":true,\"valueName\":\"search_term_string\"}}],\"inLanguage\":\"fr-FR\"},{\"@type\":\"Organization\",\"@id\":\"https:\/\/www.magnetenspecialist.nl\/fr\/#organization\",\"name\":\"Magnetenspecialist.nl\",\"url\":\"https:\/\/www.magnetenspecialist.nl\/fr\/\",\"logo\":{\"@type\":\"ImageObject\",\"inLanguage\":\"fr-FR\",\"@id\":\"https:\/\/www.magnetenspecialist.nl\/fr\/#\/schema\/logo\/image\/\",\"url\":\"https:\/\/www.magnetenspecialist.nl\/wp-content\/uploads\/2018\/10\/magneten-logo.jpg\",\"contentUrl\":\"https:\/\/www.magnetenspecialist.nl\/wp-content\/uploads\/2018\/10\/magneten-logo.jpg\",\"width\":151,\"height\":151,\"caption\":\"Magnetenspecialist.nl\"},\"image\":{\"@id\":\"https:\/\/www.magnetenspecialist.nl\/fr\/#\/schema\/logo\/image\/\"},\"sameAs\":[\"https:\/\/www.facebook.com\/Magnetenspecialist.nl\",\"https:\/\/x.com\/magnetenspecial\"]}]}<\/script>\n<!-- \/ Yoast SEO Premium plugin. -->","yoast_head_json":{"title":"Aimants ronds dans de nombreux designs diff\u00e9rents | Magnet Specialist","description":"Vous pouvez acheter des aimants ronds chez le sp\u00e9cialiste des aimants. Nous disposons d'une large gamme d'aimants ronds dans de nombreux mod\u00e8les diff\u00e9rents.","robots":{"index":"index","follow":"follow","max-snippet":"max-snippet:-1","max-image-preview":"max-image-preview:large","max-video-preview":"max-video-preview:-1"},"canonical":"https:\/\/www.magnetenspecialist.nl\/fr\/aimants-ronds\/","og_locale":"fr_FR","og_type":"article","og_title":"Aimants ronds","og_description":"Vous pouvez acheter des aimants ronds chez le sp\u00e9cialiste des aimants. Nous disposons d'une large gamme d'aimants ronds dans de nombreux mod\u00e8les diff\u00e9rents.","og_url":"https:\/\/www.magnetenspecialist.nl\/fr\/aimants-ronds\/","og_site_name":"Magnetenspecialist.nl","article_publisher":"https:\/\/www.facebook.com\/Magnetenspecialist.nl","article_modified_time":"2022-02-04T11:13:55+00:00","og_image":[{"url":"https:\/\/www.magnetenspecialist.nl\/wp-content\/uploads\/2019\/03\/Image-58-300x300.png","type":"","width":"","height":""}],"twitter_card":"summary_large_image","twitter_site":"@magnetenspecial","twitter_misc":{"Dur\u00e9e de lecture estim\u00e9e":"1 minute"},"schema":{"@context":"https:\/\/schema.org","@graph":[{"@type":"WebPage","@id":"https:\/\/www.magnetenspecialist.nl\/fr\/aimants-ronds\/","url":"https:\/\/www.magnetenspecialist.nl\/fr\/aimants-ronds\/","name":"Aimants ronds dans de nombreux designs diff\u00e9rents | Magnet Specialist","isPartOf":{"@id":"https:\/\/www.magnetenspecialist.nl\/fr\/#website"},"primaryImageOfPage":{"@id":"https:\/\/www.magnetenspecialist.nl\/fr\/aimants-ronds\/#primaryimage"},"image":{"@id":"https:\/\/www.magnetenspecialist.nl\/fr\/aimants-ronds\/#primaryimage"},"thumbnailUrl":"https:\/\/www.magnetenspecialist.nl\/wp-content\/uploads\/2019\/03\/Image-58-300x300.png","datePublished":"2019-03-12T15:13:51+00:00","dateModified":"2022-02-04T11:13:55+00:00","description":"Vous pouvez acheter des aimants ronds chez le sp\u00e9cialiste des aimants. Nous disposons d'une large gamme d'aimants ronds dans de nombreux mod\u00e8les diff\u00e9rents.","breadcrumb":{"@id":"https:\/\/www.magnetenspecialist.nl\/fr\/aimants-ronds\/#breadcrumb"},"inLanguage":"fr-FR","potentialAction":[{"@type":"ReadAction","target":["https:\/\/www.magnetenspecialist.nl\/fr\/aimants-ronds\/"]}]},{"@type":"ImageObject","inLanguage":"fr-FR","@id":"https:\/\/www.magnetenspecialist.nl\/fr\/aimants-ronds\/#primaryimage","url":"https:\/\/www.magnetenspecialist.nl\/wp-content\/uploads\/2019\/03\/Image-58-300x300.png","contentUrl":"https:\/\/www.magnetenspecialist.nl\/wp-content\/uploads\/2019\/03\/Image-58-300x300.png"},{"@type":"BreadcrumbList","@id":"https:\/\/www.magnetenspecialist.nl\/fr\/aimants-ronds\/#breadcrumb","itemListElement":[{"@type":"ListItem","position":1,"name":"Accueil","item":"https:\/\/www.magnetenspecialist.nl\/fr\/accueil\/"},{"@type":"ListItem","position":2,"name":"Aimants ronds"}]},{"@type":"WebSite","@id":"https:\/\/www.magnetenspecialist.nl\/fr\/#website","url":"https:\/\/www.magnetenspecialist.nl\/fr\/","name":"Magnetenspecialist.nl","description":"Vaste gamme d'aimants en n\u00e9odyme","publisher":{"@id":"https:\/\/www.magnetenspecialist.nl\/fr\/#organization"},"potentialAction":[{"@type":"SearchAction","target":{"@type":"EntryPoint","urlTemplate":"https:\/\/www.magnetenspecialist.nl\/fr\/?s={search_term_string}"},"query-input":{"@type":"PropertyValueSpecification","valueRequired":true,"valueName":"search_term_string"}}],"inLanguage":"fr-FR"},{"@type":"Organization","@id":"https:\/\/www.magnetenspecialist.nl\/fr\/#organization","name":"Magnetenspecialist.nl","url":"https:\/\/www.magnetenspecialist.nl\/fr\/","logo":{"@type":"ImageObject","inLanguage":"fr-FR","@id":"https:\/\/www.magnetenspecialist.nl\/fr\/#\/schema\/logo\/image\/","url":"https:\/\/www.magnetenspecialist.nl\/wp-content\/uploads\/2018\/10\/magneten-logo.jpg","contentUrl":"https:\/\/www.magnetenspecialist.nl\/wp-content\/uploads\/2018\/10\/magneten-logo.jpg","width":151,"height":151,"caption":"Magnetenspecialist.nl"},"image":{"@id":"https:\/\/www.magnetenspecialist.nl\/fr\/#\/schema\/logo\/image\/"},"sameAs":["https:\/\/www.facebook.com\/Magnetenspecialist.nl","https:\/\/x.com\/magnetenspecial"]}]}},"_links":{"self":[{"href":"https:\/\/www.magnetenspecialist.nl\/fr\/wp-json\/wp\/v2\/pages\/107455","targetHints":{"allow":["GET"]}}],"collection":[{"href":"https:\/\/www.magnetenspecialist.nl\/fr\/wp-json\/wp\/v2\/pages"}],"about":[{"href":"https:\/\/www.magnetenspecialist.nl\/fr\/wp-json\/wp\/v2\/types\/page"}],"author":[{"embeddable":true,"href":"https:\/\/www.magnetenspecialist.nl\/fr\/wp-json\/wp\/v2\/users\/1"}],"replies":[{"embeddable":true,"href":"https:\/\/www.magnetenspecialist.nl\/fr\/wp-json\/wp\/v2\/comments?post=107455"}],"version-history":[{"count":0,"href":"https:\/\/www.magnetenspecialist.nl\/fr\/wp-json\/wp\/v2\/pages\/107455\/revisions"}],"wp:attachment":[{"href":"https:\/\/www.magnetenspecialist.nl\/fr\/wp-json\/wp\/v2\/media?parent=107455"}],"curies":[{"name":"wp","href":"https:\/\/api.w.org\/{rel}","templated":true}]}}