{"id":107459,"date":"2019-03-13T09:39:02","date_gmt":"2019-03-13T08:39:02","guid":{"rendered":"https:\/\/www.magnetenspecialist.nl\/boutique-daimants\/"},"modified":"2022-02-04T12:14:00","modified_gmt":"2022-02-04T11:14:00","slug":"boutique-daimants","status":"publish","type":"page","link":"https:\/\/www.magnetenspecialist.nl\/fr\/boutique-daimants\/","title":{"rendered":"Boutique d&#8217;aimants"},"content":{"rendered":"\n<div class=\"row d-flex align-items-center\">\n<div class=\"col-md-6 col-lg-4 col-xl-3\">\n<figure class=\"wp-block-image\"><img decoding=\"async\" src=\"https:\/\/www.magnetenspecialist.nl\/wp-content\/uploads\/2018\/12\/Logo-640x480.jpg\" alt=\"Boutique d'aimants\" class=\"aligncenter\"\/><\/figure><\/div>\n\n<div class=\"col-md-6 col-lg-8 col-xl-9\">\n<h2>Tous les types d&#8217;aimants dans une seule boutique en ligne<\/h2>\n<p>Vous trouverez dans la boutique d&#8217;aimants des aimants puissants d&#8217;une capacit\u00e9 de charge de plus de 500 kg et les aimants les plus sp\u00e9cialis\u00e9s pour des applications sp\u00e9cifiques. Commandez facilement dans notre boutique en ligne et payez en ligne en toute s\u00e9curit\u00e9. Nous assurons ensuite une livraison rapide et, si n\u00e9cessaire, le meilleur service !<\/p>\n<\/div>\n<\/div>\n\n<h2 class=\"wp-block-heading\">Boutique d&#8217;aimants en ligne avec un excellent service.  <\/h2>\n\n<p>Les aimants sont des produits sp\u00e9cialis\u00e9s. Le sp\u00e9cialiste des aimants ne porte pas son nom pour rien, nous savons tout sur les aimants et pouvons vous donner des conseils avis\u00e9s si n\u00e9cessaire. Lorsque vous passez une commande, vous pouvez choisir de venir la chercher vous-m\u00eame ou de vous faire livrer. Si vous commandez avant 16 heures un jour ouvrable et payez avec IDEAL, nous exp\u00e9dions g\u00e9n\u00e9ralement votre commande le jour m\u00eame. Le service client\u00e8le, ils sont pr\u00eats \u00e0 r\u00e9pondre rapidement \u00e0 toutes vos questions et \u00e0 vous donner des conseils honn\u00eates.  <\/p>\n\n<p>Nous ne facturons pas de frais de livraison pour les commandes sup\u00e9rieures \u00e0 100 \u20ac. Il est \u00e9galement possible de commander de grandes quantit\u00e9s d&#8217;aimants chez le sp\u00e9cialiste des aimants. Avez-vous des questions ? Alors n&#8217;h\u00e9sitez pas \u00e0 contacter notre service client\u00e8le, il est pr\u00eat \u00e0 r\u00e9pondre rapidement \u00e0 toutes vos questions et \u00e0 vous donner des conseils honn\u00eates.  <\/p>\n\n<div class=\"cta-banner\">\n    <h4>Consultez notre offre compl\u00e8te dans la boutique en ligne des aimants.<\/h4>\n    <a class=\"cta-banner-btn\" href=\"https:\/\/www.magnetenspecialist.nl\/winkel\/\" title=\"Bekijk ons complete aanbod\">Voir maintenant<\/a>\n<\/div>\n","protected":false},"excerpt":{"rendered":"<p>Tous les types d&#8217;aimants dans une seule boutique en ligne Vous trouverez dans la boutique d&#8217;aimants des aimants puissants d&#8217;une capacit\u00e9 de charge de plus de 500 kg et les aimants les plus sp\u00e9cialis\u00e9s pour des applications sp\u00e9cifiques. Commandez facilement dans notre boutique en ligne et payez en ligne en toute s\u00e9curit\u00e9. Nous assurons ensuite [&hellip;]<\/p>\n","protected":false},"author":1,"featured_media":0,"parent":0,"menu_order":0,"comment_status":"closed","ping_status":"closed","template":"template-full.php","meta":{"_acf_changed":false,"footnotes":""},"class_list":["post-107459","page","type-page","status-publish","hentry"],"acf":[],"yoast_head":"<!-- This site is optimized with the Yoast SEO Premium plugin v24.7 (Yoast SEO v24.7) - https:\/\/yoast.com\/wordpress\/plugins\/seo\/ -->\n<title>Magnet Shop | Magnet Specialist | La boutique compl\u00e8te de magnets en ligne<\/title>\n<meta name=\"description\" content=\"La boutique d&#039;aimants de Magnetenspecialist.nl propose une large gamme d&#039;aimants en n\u00e9odyme. Jetez un coup d&#039;\u0153il, nous avons probablement l&#039;aimant que vous recherchez.\" \/>\n<meta name=\"robots\" content=\"index, follow, max-snippet:-1, max-image-preview:large, max-video-preview:-1\" \/>\n<link rel=\"canonical\" href=\"https:\/\/www.magnetenspecialist.nl\/fr\/boutique-daimants\/\" \/>\n<meta property=\"og:locale\" content=\"fr_FR\" \/>\n<meta property=\"og:type\" content=\"article\" \/>\n<meta property=\"og:title\" content=\"Boutique d&#039;aimants\" \/>\n<meta property=\"og:description\" content=\"La boutique d&#039;aimants de Magnetenspecialist.nl propose une large gamme d&#039;aimants en n\u00e9odyme. Jetez un coup d&#039;\u0153il, nous avons probablement l&#039;aimant que vous recherchez.\" \/>\n<meta property=\"og:url\" content=\"https:\/\/www.magnetenspecialist.nl\/fr\/boutique-daimants\/\" \/>\n<meta property=\"og:site_name\" content=\"Magnetenspecialist.nl\" \/>\n<meta property=\"article:publisher\" content=\"https:\/\/www.facebook.com\/Magnetenspecialist.nl\" \/>\n<meta property=\"article:modified_time\" content=\"2022-02-04T11:14:00+00:00\" \/>\n<meta property=\"og:image\" content=\"https:\/\/www.magnetenspecialist.nl\/wp-content\/uploads\/2018\/12\/Logo-640x480.jpg\" \/>\n<meta name=\"twitter:card\" content=\"summary_large_image\" \/>\n<meta name=\"twitter:site\" content=\"@magnetenspecial\" \/>\n<meta name=\"twitter:label1\" content=\"Dur\u00e9e de lecture estim\u00e9e\" \/>\n\t<meta name=\"twitter:data1\" content=\"1 minute\" \/>\n<script type=\"application\/ld+json\" class=\"yoast-schema-graph\">{\"@context\":\"https:\/\/schema.org\",\"@graph\":[{\"@type\":\"WebPage\",\"@id\":\"https:\/\/www.magnetenspecialist.nl\/fr\/boutique-daimants\/\",\"url\":\"https:\/\/www.magnetenspecialist.nl\/fr\/boutique-daimants\/\",\"name\":\"Magnet Shop | Magnet Specialist | La boutique compl\u00e8te de magnets en ligne\",\"isPartOf\":{\"@id\":\"https:\/\/www.magnetenspecialist.nl\/fr\/#website\"},\"primaryImageOfPage\":{\"@id\":\"https:\/\/www.magnetenspecialist.nl\/fr\/boutique-daimants\/#primaryimage\"},\"image\":{\"@id\":\"https:\/\/www.magnetenspecialist.nl\/fr\/boutique-daimants\/#primaryimage\"},\"thumbnailUrl\":\"https:\/\/www.magnetenspecialist.nl\/wp-content\/uploads\/2018\/12\/Logo-640x480.jpg\",\"datePublished\":\"2019-03-13T08:39:02+00:00\",\"dateModified\":\"2022-02-04T11:14:00+00:00\",\"description\":\"La boutique d'aimants de Magnetenspecialist.nl propose une large gamme d'aimants en n\u00e9odyme. Jetez un coup d'\u0153il, nous avons probablement l'aimant que vous recherchez.\",\"breadcrumb\":{\"@id\":\"https:\/\/www.magnetenspecialist.nl\/fr\/boutique-daimants\/#breadcrumb\"},\"inLanguage\":\"fr-FR\",\"potentialAction\":[{\"@type\":\"ReadAction\",\"target\":[\"https:\/\/www.magnetenspecialist.nl\/fr\/boutique-daimants\/\"]}]},{\"@type\":\"ImageObject\",\"inLanguage\":\"fr-FR\",\"@id\":\"https:\/\/www.magnetenspecialist.nl\/fr\/boutique-daimants\/#primaryimage\",\"url\":\"https:\/\/www.magnetenspecialist.nl\/wp-content\/uploads\/2018\/12\/Logo-640x480.jpg\",\"contentUrl\":\"https:\/\/www.magnetenspecialist.nl\/wp-content\/uploads\/2018\/12\/Logo-640x480.jpg\"},{\"@type\":\"BreadcrumbList\",\"@id\":\"https:\/\/www.magnetenspecialist.nl\/fr\/boutique-daimants\/#breadcrumb\",\"itemListElement\":[{\"@type\":\"ListItem\",\"position\":1,\"name\":\"Accueil\",\"item\":\"https:\/\/www.magnetenspecialist.nl\/fr\/accueil\/\"},{\"@type\":\"ListItem\",\"position\":2,\"name\":\"Boutique d&#8217;aimants\"}]},{\"@type\":\"WebSite\",\"@id\":\"https:\/\/www.magnetenspecialist.nl\/fr\/#website\",\"url\":\"https:\/\/www.magnetenspecialist.nl\/fr\/\",\"name\":\"Magnetenspecialist.nl\",\"description\":\"Vaste gamme d'aimants en n\u00e9odyme\",\"publisher\":{\"@id\":\"https:\/\/www.magnetenspecialist.nl\/fr\/#organization\"},\"potentialAction\":[{\"@type\":\"SearchAction\",\"target\":{\"@type\":\"EntryPoint\",\"urlTemplate\":\"https:\/\/www.magnetenspecialist.nl\/fr\/?s={search_term_string}\"},\"query-input\":{\"@type\":\"PropertyValueSpecification\",\"valueRequired\":true,\"valueName\":\"search_term_string\"}}],\"inLanguage\":\"fr-FR\"},{\"@type\":\"Organization\",\"@id\":\"https:\/\/www.magnetenspecialist.nl\/fr\/#organization\",\"name\":\"Magnetenspecialist.nl\",\"url\":\"https:\/\/www.magnetenspecialist.nl\/fr\/\",\"logo\":{\"@type\":\"ImageObject\",\"inLanguage\":\"fr-FR\",\"@id\":\"https:\/\/www.magnetenspecialist.nl\/fr\/#\/schema\/logo\/image\/\",\"url\":\"https:\/\/www.magnetenspecialist.nl\/wp-content\/uploads\/2018\/10\/magneten-logo.jpg\",\"contentUrl\":\"https:\/\/www.magnetenspecialist.nl\/wp-content\/uploads\/2018\/10\/magneten-logo.jpg\",\"width\":151,\"height\":151,\"caption\":\"Magnetenspecialist.nl\"},\"image\":{\"@id\":\"https:\/\/www.magnetenspecialist.nl\/fr\/#\/schema\/logo\/image\/\"},\"sameAs\":[\"https:\/\/www.facebook.com\/Magnetenspecialist.nl\",\"https:\/\/x.com\/magnetenspecial\"]}]}<\/script>\n<!-- \/ Yoast SEO Premium plugin. -->","yoast_head_json":{"title":"Magnet Shop | Magnet Specialist | La boutique compl\u00e8te de magnets en ligne","description":"La boutique d'aimants de Magnetenspecialist.nl propose une large gamme d'aimants en n\u00e9odyme. Jetez un coup d'\u0153il, nous avons probablement l'aimant que vous recherchez.","robots":{"index":"index","follow":"follow","max-snippet":"max-snippet:-1","max-image-preview":"max-image-preview:large","max-video-preview":"max-video-preview:-1"},"canonical":"https:\/\/www.magnetenspecialist.nl\/fr\/boutique-daimants\/","og_locale":"fr_FR","og_type":"article","og_title":"Boutique d'aimants","og_description":"La boutique d'aimants de Magnetenspecialist.nl propose une large gamme d'aimants en n\u00e9odyme. Jetez un coup d'\u0153il, nous avons probablement l'aimant que vous recherchez.","og_url":"https:\/\/www.magnetenspecialist.nl\/fr\/boutique-daimants\/","og_site_name":"Magnetenspecialist.nl","article_publisher":"https:\/\/www.facebook.com\/Magnetenspecialist.nl","article_modified_time":"2022-02-04T11:14:00+00:00","og_image":[{"url":"https:\/\/www.magnetenspecialist.nl\/wp-content\/uploads\/2018\/12\/Logo-640x480.jpg","type":"","width":"","height":""}],"twitter_card":"summary_large_image","twitter_site":"@magnetenspecial","twitter_misc":{"Dur\u00e9e de lecture estim\u00e9e":"1 minute"},"schema":{"@context":"https:\/\/schema.org","@graph":[{"@type":"WebPage","@id":"https:\/\/www.magnetenspecialist.nl\/fr\/boutique-daimants\/","url":"https:\/\/www.magnetenspecialist.nl\/fr\/boutique-daimants\/","name":"Magnet Shop | Magnet Specialist | La boutique compl\u00e8te de magnets en ligne","isPartOf":{"@id":"https:\/\/www.magnetenspecialist.nl\/fr\/#website"},"primaryImageOfPage":{"@id":"https:\/\/www.magnetenspecialist.nl\/fr\/boutique-daimants\/#primaryimage"},"image":{"@id":"https:\/\/www.magnetenspecialist.nl\/fr\/boutique-daimants\/#primaryimage"},"thumbnailUrl":"https:\/\/www.magnetenspecialist.nl\/wp-content\/uploads\/2018\/12\/Logo-640x480.jpg","datePublished":"2019-03-13T08:39:02+00:00","dateModified":"2022-02-04T11:14:00+00:00","description":"La boutique d'aimants de Magnetenspecialist.nl propose une large gamme d'aimants en n\u00e9odyme. Jetez un coup d'\u0153il, nous avons probablement l'aimant que vous recherchez.","breadcrumb":{"@id":"https:\/\/www.magnetenspecialist.nl\/fr\/boutique-daimants\/#breadcrumb"},"inLanguage":"fr-FR","potentialAction":[{"@type":"ReadAction","target":["https:\/\/www.magnetenspecialist.nl\/fr\/boutique-daimants\/"]}]},{"@type":"ImageObject","inLanguage":"fr-FR","@id":"https:\/\/www.magnetenspecialist.nl\/fr\/boutique-daimants\/#primaryimage","url":"https:\/\/www.magnetenspecialist.nl\/wp-content\/uploads\/2018\/12\/Logo-640x480.jpg","contentUrl":"https:\/\/www.magnetenspecialist.nl\/wp-content\/uploads\/2018\/12\/Logo-640x480.jpg"},{"@type":"BreadcrumbList","@id":"https:\/\/www.magnetenspecialist.nl\/fr\/boutique-daimants\/#breadcrumb","itemListElement":[{"@type":"ListItem","position":1,"name":"Accueil","item":"https:\/\/www.magnetenspecialist.nl\/fr\/accueil\/"},{"@type":"ListItem","position":2,"name":"Boutique d&#8217;aimants"}]},{"@type":"WebSite","@id":"https:\/\/www.magnetenspecialist.nl\/fr\/#website","url":"https:\/\/www.magnetenspecialist.nl\/fr\/","name":"Magnetenspecialist.nl","description":"Vaste gamme d'aimants en n\u00e9odyme","publisher":{"@id":"https:\/\/www.magnetenspecialist.nl\/fr\/#organization"},"potentialAction":[{"@type":"SearchAction","target":{"@type":"EntryPoint","urlTemplate":"https:\/\/www.magnetenspecialist.nl\/fr\/?s={search_term_string}"},"query-input":{"@type":"PropertyValueSpecification","valueRequired":true,"valueName":"search_term_string"}}],"inLanguage":"fr-FR"},{"@type":"Organization","@id":"https:\/\/www.magnetenspecialist.nl\/fr\/#organization","name":"Magnetenspecialist.nl","url":"https:\/\/www.magnetenspecialist.nl\/fr\/","logo":{"@type":"ImageObject","inLanguage":"fr-FR","@id":"https:\/\/www.magnetenspecialist.nl\/fr\/#\/schema\/logo\/image\/","url":"https:\/\/www.magnetenspecialist.nl\/wp-content\/uploads\/2018\/10\/magneten-logo.jpg","contentUrl":"https:\/\/www.magnetenspecialist.nl\/wp-content\/uploads\/2018\/10\/magneten-logo.jpg","width":151,"height":151,"caption":"Magnetenspecialist.nl"},"image":{"@id":"https:\/\/www.magnetenspecialist.nl\/fr\/#\/schema\/logo\/image\/"},"sameAs":["https:\/\/www.facebook.com\/Magnetenspecialist.nl","https:\/\/x.com\/magnetenspecial"]}]}},"_links":{"self":[{"href":"https:\/\/www.magnetenspecialist.nl\/fr\/wp-json\/wp\/v2\/pages\/107459","targetHints":{"allow":["GET"]}}],"collection":[{"href":"https:\/\/www.magnetenspecialist.nl\/fr\/wp-json\/wp\/v2\/pages"}],"about":[{"href":"https:\/\/www.magnetenspecialist.nl\/fr\/wp-json\/wp\/v2\/types\/page"}],"author":[{"embeddable":true,"href":"https:\/\/www.magnetenspecialist.nl\/fr\/wp-json\/wp\/v2\/users\/1"}],"replies":[{"embeddable":true,"href":"https:\/\/www.magnetenspecialist.nl\/fr\/wp-json\/wp\/v2\/comments?post=107459"}],"version-history":[{"count":0,"href":"https:\/\/www.magnetenspecialist.nl\/fr\/wp-json\/wp\/v2\/pages\/107459\/revisions"}],"wp:attachment":[{"href":"https:\/\/www.magnetenspecialist.nl\/fr\/wp-json\/wp\/v2\/media?parent=107459"}],"curies":[{"name":"wp","href":"https:\/\/api.w.org\/{rel}","templated":true}]}}