{"id":107461,"date":"2019-03-12T16:20:19","date_gmt":"2019-03-12T15:20:19","guid":{"rendered":"https:\/\/www.magnetenspecialist.nl\/aimants-a-tige\/"},"modified":"2022-02-04T12:13:56","modified_gmt":"2022-02-04T11:13:56","slug":"aimants-a-tige","status":"publish","type":"page","link":"https:\/\/www.magnetenspecialist.nl\/fr\/aimants-a-tige\/","title":{"rendered":"Aimants \u00e0 tige"},"content":{"rendered":"\n<div class=\"row d-flex align-items-center\">\n<div class=\"col-md-6 col-lg-4 col-xl-3\">\n<figure class=\"wp-block-image\"><img decoding=\"async\" src=\"https:\/\/www.magnetenspecialist.nl\/wp-content\/uploads\/2019\/03\/Image-103.png\" alt=\"Aimants \u00e0 tige\" class=\"aligncenter\"\/><\/figure><\/div>\n\n<div class=\"col-md-6 col-lg-8 col-xl-9\">\n<h2>Aimants \u00e0 barres du sp\u00e9cialiste des aimants<\/h2>\n<p>Les barres magn\u00e9tiques que le sp\u00e9cialiste des aimants a dans sa gamme peuvent \u00eatre command\u00e9es en ligne 24 heures sur 24, 7 jours sur 7. Il existe un large choix de puissance de retenue et de taille. Les grands nombres ne sont pas un probl\u00e8me, le sp\u00e9cialiste des aimants a d\u00e9j\u00e0 pu servir plus de 10 000 clients, qui passent aussi r\u00e9guli\u00e8rement une autre commande. Vous avez besoin d&#8217;aimants \u00e0 barres ? Commandez-les facilement et rapidement aupr\u00e8s du sp\u00e9cialiste des aimants.  <\/p>\n<\/div>\n<\/div>\n\n<h2 class=\"wp-block-heading\">Aimants de qualit\u00e9 sup\u00e9rieure avec un bon service  <\/h2>\n\n<p>Les barres magn\u00e9tiques que le sp\u00e9cialiste des aimants a dans sa gamme sont toutes de haute qualit\u00e9. Service, qualit\u00e9 sup\u00e9rieure, passion, sont quelques-unes des caract\u00e9ristiques de cette entreprise. Nous fournissons l&#8217;industrie, la construction et le commerce, mais aussi les particuliers. Que vous ayez besoin d&#8217;un petit ou d&#8217;un grand nombre de barres magn\u00e9tiques, Magnetenspecialist vous assure une livraison super rapide aux Pays-Bas et en Belgique.  <\/p>\n\n<div class=\"cta-banner\">\n    <h4>Aimants \u00e0 tige &#8211; Voir la gamme compl\u00e8te ici<\/h4>\n    <a class=\"cta-banner-btn\" href=\"https:\/\/www.magnetenspecialist.nl\/fr\/categorie-de-produit\/aimants-cylindriques\/\" title=\"Staafmagneten - Bekijk hier het complete assortiment\">Voir maintenant<\/a>\n<\/div>\n\n<h2 class=\"wp-block-heading\">Applications des barreaux magn\u00e9tiques  <\/h2>\n\n<p>Les aimants pour le personnel, comme tous les autres aimants, sont utilis\u00e9s \u00e0 de nombreuses fins diff\u00e9rentes. Par exemple, utilisez un long barreau aimant\u00e9 pour attraper et recueillir tout ce qui est m\u00e9tallique pendant le travail. Il s&#8217;agit de vis, de clous, de boulons, d&#8217;\u00e9crous, de limaille, etc. Vous pouvez \u00e9galement utiliser des barreaux aimant\u00e9s en combinaison avec, par exemple, des aimants \u00e0 bille pour fabriquer des charni\u00e8res\/joints pour des mod\u00e8les et des sculptures.<\/p>\n\n<h3 class=\"wp-block-heading\">Barres magn\u00e9tiques par pi\u00e8ce ou en vrac<\/h3>\n\n<p>Chez Magnetenspecialist.nl, vous pouvez acheter des barres magn\u00e9tiques \u00e0 l&#8217;unit\u00e9 ou en vrac. Les grandes quantit\u00e9s ne sont pas un probl\u00e8me pour nous. De Magnetenspecialist a l&#8217;exp\u00e9rience de la fourniture en vrac \u00e0 l&#8217;industrie et aux autres professionnels. Vous pouvez \u00e9galement <a href=\"https:\/\/www.magnetenspecialist.nl\/fr\/service-clients\/\">nous<\/a> contacter pour toute demande sp\u00e9ciale. Nous savons et livrons tout ce qui concerne les aimants. Apr\u00e8s tout, nous sommes le sp\u00e9cialiste des aimants.<\/p>\n","protected":false},"excerpt":{"rendered":"<p>Aimants \u00e0 barres du sp\u00e9cialiste des aimants Les barres magn\u00e9tiques que le sp\u00e9cialiste des aimants a dans sa gamme peuvent \u00eatre command\u00e9es en ligne 24 heures sur 24, 7 jours sur 7. Il existe un large choix de puissance de retenue et de taille. Les grands nombres ne sont pas un probl\u00e8me, le sp\u00e9cialiste des [&hellip;]<\/p>\n","protected":false},"author":1,"featured_media":0,"parent":0,"menu_order":0,"comment_status":"closed","ping_status":"closed","template":"template-full.php","meta":{"_acf_changed":false,"footnotes":""},"class_list":["post-107461","page","type-page","status-publish","hentry"],"acf":[],"yoast_head":"<!-- This site is optimized with the Yoast SEO Premium plugin v24.7 (Yoast SEO v24.7) - https:\/\/yoast.com\/wordpress\/plugins\/seo\/ -->\n<title>Acheter des aimants \u00e0 barreaux en ligne chez Magnetenspecialist.nl<\/title>\n<meta name=\"description\" content=\"Les aimants en forme de tige existent dans de nombreux types et tailles diff\u00e9rents. Vous pouvez acheter des aimants puissants en barreaux de n\u00e9odyme \u00e0 bas prix en ligne sur magnetenspecialist.nl.\" \/>\n<meta name=\"robots\" content=\"index, follow, max-snippet:-1, max-image-preview:large, max-video-preview:-1\" \/>\n<link rel=\"canonical\" href=\"https:\/\/www.magnetenspecialist.nl\/fr\/aimants-a-tige\/\" \/>\n<meta property=\"og:locale\" content=\"fr_FR\" \/>\n<meta property=\"og:type\" content=\"article\" \/>\n<meta property=\"og:title\" content=\"Aimants \u00e0 tige\" \/>\n<meta property=\"og:description\" content=\"Les aimants en forme de tige existent dans de nombreux types et tailles diff\u00e9rents. Vous pouvez acheter des aimants puissants en barreaux de n\u00e9odyme \u00e0 bas prix en ligne sur magnetenspecialist.nl.\" \/>\n<meta property=\"og:url\" content=\"https:\/\/www.magnetenspecialist.nl\/fr\/aimants-a-tige\/\" \/>\n<meta property=\"og:site_name\" content=\"Magnetenspecialist.nl\" \/>\n<meta property=\"article:publisher\" content=\"https:\/\/www.facebook.com\/Magnetenspecialist.nl\" \/>\n<meta property=\"article:modified_time\" content=\"2022-02-04T11:13:56+00:00\" \/>\n<meta property=\"og:image\" content=\"https:\/\/www.magnetenspecialist.nl\/wp-content\/uploads\/2019\/03\/Image-103.png\" \/>\n<meta name=\"twitter:card\" content=\"summary_large_image\" \/>\n<meta name=\"twitter:site\" content=\"@magnetenspecial\" \/>\n<meta name=\"twitter:label1\" content=\"Dur\u00e9e de lecture estim\u00e9e\" \/>\n\t<meta name=\"twitter:data1\" content=\"2 minutes\" \/>\n<script type=\"application\/ld+json\" class=\"yoast-schema-graph\">{\"@context\":\"https:\/\/schema.org\",\"@graph\":[{\"@type\":\"WebPage\",\"@id\":\"https:\/\/www.magnetenspecialist.nl\/fr\/aimants-a-tige\/\",\"url\":\"https:\/\/www.magnetenspecialist.nl\/fr\/aimants-a-tige\/\",\"name\":\"Acheter des aimants \u00e0 barreaux en ligne chez Magnetenspecialist.nl\",\"isPartOf\":{\"@id\":\"https:\/\/www.magnetenspecialist.nl\/fr\/#website\"},\"primaryImageOfPage\":{\"@id\":\"https:\/\/www.magnetenspecialist.nl\/fr\/aimants-a-tige\/#primaryimage\"},\"image\":{\"@id\":\"https:\/\/www.magnetenspecialist.nl\/fr\/aimants-a-tige\/#primaryimage\"},\"thumbnailUrl\":\"https:\/\/www.magnetenspecialist.nl\/wp-content\/uploads\/2019\/03\/Image-103.png\",\"datePublished\":\"2019-03-12T15:20:19+00:00\",\"dateModified\":\"2022-02-04T11:13:56+00:00\",\"description\":\"Les aimants en forme de tige existent dans de nombreux types et tailles diff\u00e9rents. Vous pouvez acheter des aimants puissants en barreaux de n\u00e9odyme \u00e0 bas prix en ligne sur magnetenspecialist.nl.\",\"breadcrumb\":{\"@id\":\"https:\/\/www.magnetenspecialist.nl\/fr\/aimants-a-tige\/#breadcrumb\"},\"inLanguage\":\"fr-FR\",\"potentialAction\":[{\"@type\":\"ReadAction\",\"target\":[\"https:\/\/www.magnetenspecialist.nl\/fr\/aimants-a-tige\/\"]}]},{\"@type\":\"ImageObject\",\"inLanguage\":\"fr-FR\",\"@id\":\"https:\/\/www.magnetenspecialist.nl\/fr\/aimants-a-tige\/#primaryimage\",\"url\":\"https:\/\/www.magnetenspecialist.nl\/wp-content\/uploads\/2019\/03\/Image-103.png\",\"contentUrl\":\"https:\/\/www.magnetenspecialist.nl\/wp-content\/uploads\/2019\/03\/Image-103.png\"},{\"@type\":\"BreadcrumbList\",\"@id\":\"https:\/\/www.magnetenspecialist.nl\/fr\/aimants-a-tige\/#breadcrumb\",\"itemListElement\":[{\"@type\":\"ListItem\",\"position\":1,\"name\":\"Accueil\",\"item\":\"https:\/\/www.magnetenspecialist.nl\/fr\/accueil\/\"},{\"@type\":\"ListItem\",\"position\":2,\"name\":\"Aimants \u00e0 tige\"}]},{\"@type\":\"WebSite\",\"@id\":\"https:\/\/www.magnetenspecialist.nl\/fr\/#website\",\"url\":\"https:\/\/www.magnetenspecialist.nl\/fr\/\",\"name\":\"Magnetenspecialist.nl\",\"description\":\"Vaste gamme d'aimants en n\u00e9odyme\",\"publisher\":{\"@id\":\"https:\/\/www.magnetenspecialist.nl\/fr\/#organization\"},\"potentialAction\":[{\"@type\":\"SearchAction\",\"target\":{\"@type\":\"EntryPoint\",\"urlTemplate\":\"https:\/\/www.magnetenspecialist.nl\/fr\/?s={search_term_string}\"},\"query-input\":{\"@type\":\"PropertyValueSpecification\",\"valueRequired\":true,\"valueName\":\"search_term_string\"}}],\"inLanguage\":\"fr-FR\"},{\"@type\":\"Organization\",\"@id\":\"https:\/\/www.magnetenspecialist.nl\/fr\/#organization\",\"name\":\"Magnetenspecialist.nl\",\"url\":\"https:\/\/www.magnetenspecialist.nl\/fr\/\",\"logo\":{\"@type\":\"ImageObject\",\"inLanguage\":\"fr-FR\",\"@id\":\"https:\/\/www.magnetenspecialist.nl\/fr\/#\/schema\/logo\/image\/\",\"url\":\"https:\/\/www.magnetenspecialist.nl\/wp-content\/uploads\/2018\/10\/magneten-logo.jpg\",\"contentUrl\":\"https:\/\/www.magnetenspecialist.nl\/wp-content\/uploads\/2018\/10\/magneten-logo.jpg\",\"width\":151,\"height\":151,\"caption\":\"Magnetenspecialist.nl\"},\"image\":{\"@id\":\"https:\/\/www.magnetenspecialist.nl\/fr\/#\/schema\/logo\/image\/\"},\"sameAs\":[\"https:\/\/www.facebook.com\/Magnetenspecialist.nl\",\"https:\/\/x.com\/magnetenspecial\"]}]}<\/script>\n<!-- \/ Yoast SEO Premium plugin. -->","yoast_head_json":{"title":"Acheter des aimants \u00e0 barreaux en ligne chez Magnetenspecialist.nl","description":"Les aimants en forme de tige existent dans de nombreux types et tailles diff\u00e9rents. Vous pouvez acheter des aimants puissants en barreaux de n\u00e9odyme \u00e0 bas prix en ligne sur magnetenspecialist.nl.","robots":{"index":"index","follow":"follow","max-snippet":"max-snippet:-1","max-image-preview":"max-image-preview:large","max-video-preview":"max-video-preview:-1"},"canonical":"https:\/\/www.magnetenspecialist.nl\/fr\/aimants-a-tige\/","og_locale":"fr_FR","og_type":"article","og_title":"Aimants \u00e0 tige","og_description":"Les aimants en forme de tige existent dans de nombreux types et tailles diff\u00e9rents. Vous pouvez acheter des aimants puissants en barreaux de n\u00e9odyme \u00e0 bas prix en ligne sur magnetenspecialist.nl.","og_url":"https:\/\/www.magnetenspecialist.nl\/fr\/aimants-a-tige\/","og_site_name":"Magnetenspecialist.nl","article_publisher":"https:\/\/www.facebook.com\/Magnetenspecialist.nl","article_modified_time":"2022-02-04T11:13:56+00:00","og_image":[{"url":"https:\/\/www.magnetenspecialist.nl\/wp-content\/uploads\/2019\/03\/Image-103.png","type":"","width":"","height":""}],"twitter_card":"summary_large_image","twitter_site":"@magnetenspecial","twitter_misc":{"Dur\u00e9e de lecture estim\u00e9e":"2 minutes"},"schema":{"@context":"https:\/\/schema.org","@graph":[{"@type":"WebPage","@id":"https:\/\/www.magnetenspecialist.nl\/fr\/aimants-a-tige\/","url":"https:\/\/www.magnetenspecialist.nl\/fr\/aimants-a-tige\/","name":"Acheter des aimants \u00e0 barreaux en ligne chez Magnetenspecialist.nl","isPartOf":{"@id":"https:\/\/www.magnetenspecialist.nl\/fr\/#website"},"primaryImageOfPage":{"@id":"https:\/\/www.magnetenspecialist.nl\/fr\/aimants-a-tige\/#primaryimage"},"image":{"@id":"https:\/\/www.magnetenspecialist.nl\/fr\/aimants-a-tige\/#primaryimage"},"thumbnailUrl":"https:\/\/www.magnetenspecialist.nl\/wp-content\/uploads\/2019\/03\/Image-103.png","datePublished":"2019-03-12T15:20:19+00:00","dateModified":"2022-02-04T11:13:56+00:00","description":"Les aimants en forme de tige existent dans de nombreux types et tailles diff\u00e9rents. Vous pouvez acheter des aimants puissants en barreaux de n\u00e9odyme \u00e0 bas prix en ligne sur magnetenspecialist.nl.","breadcrumb":{"@id":"https:\/\/www.magnetenspecialist.nl\/fr\/aimants-a-tige\/#breadcrumb"},"inLanguage":"fr-FR","potentialAction":[{"@type":"ReadAction","target":["https:\/\/www.magnetenspecialist.nl\/fr\/aimants-a-tige\/"]}]},{"@type":"ImageObject","inLanguage":"fr-FR","@id":"https:\/\/www.magnetenspecialist.nl\/fr\/aimants-a-tige\/#primaryimage","url":"https:\/\/www.magnetenspecialist.nl\/wp-content\/uploads\/2019\/03\/Image-103.png","contentUrl":"https:\/\/www.magnetenspecialist.nl\/wp-content\/uploads\/2019\/03\/Image-103.png"},{"@type":"BreadcrumbList","@id":"https:\/\/www.magnetenspecialist.nl\/fr\/aimants-a-tige\/#breadcrumb","itemListElement":[{"@type":"ListItem","position":1,"name":"Accueil","item":"https:\/\/www.magnetenspecialist.nl\/fr\/accueil\/"},{"@type":"ListItem","position":2,"name":"Aimants \u00e0 tige"}]},{"@type":"WebSite","@id":"https:\/\/www.magnetenspecialist.nl\/fr\/#website","url":"https:\/\/www.magnetenspecialist.nl\/fr\/","name":"Magnetenspecialist.nl","description":"Vaste gamme d'aimants en n\u00e9odyme","publisher":{"@id":"https:\/\/www.magnetenspecialist.nl\/fr\/#organization"},"potentialAction":[{"@type":"SearchAction","target":{"@type":"EntryPoint","urlTemplate":"https:\/\/www.magnetenspecialist.nl\/fr\/?s={search_term_string}"},"query-input":{"@type":"PropertyValueSpecification","valueRequired":true,"valueName":"search_term_string"}}],"inLanguage":"fr-FR"},{"@type":"Organization","@id":"https:\/\/www.magnetenspecialist.nl\/fr\/#organization","name":"Magnetenspecialist.nl","url":"https:\/\/www.magnetenspecialist.nl\/fr\/","logo":{"@type":"ImageObject","inLanguage":"fr-FR","@id":"https:\/\/www.magnetenspecialist.nl\/fr\/#\/schema\/logo\/image\/","url":"https:\/\/www.magnetenspecialist.nl\/wp-content\/uploads\/2018\/10\/magneten-logo.jpg","contentUrl":"https:\/\/www.magnetenspecialist.nl\/wp-content\/uploads\/2018\/10\/magneten-logo.jpg","width":151,"height":151,"caption":"Magnetenspecialist.nl"},"image":{"@id":"https:\/\/www.magnetenspecialist.nl\/fr\/#\/schema\/logo\/image\/"},"sameAs":["https:\/\/www.facebook.com\/Magnetenspecialist.nl","https:\/\/x.com\/magnetenspecial"]}]}},"_links":{"self":[{"href":"https:\/\/www.magnetenspecialist.nl\/fr\/wp-json\/wp\/v2\/pages\/107461","targetHints":{"allow":["GET"]}}],"collection":[{"href":"https:\/\/www.magnetenspecialist.nl\/fr\/wp-json\/wp\/v2\/pages"}],"about":[{"href":"https:\/\/www.magnetenspecialist.nl\/fr\/wp-json\/wp\/v2\/types\/page"}],"author":[{"embeddable":true,"href":"https:\/\/www.magnetenspecialist.nl\/fr\/wp-json\/wp\/v2\/users\/1"}],"replies":[{"embeddable":true,"href":"https:\/\/www.magnetenspecialist.nl\/fr\/wp-json\/wp\/v2\/comments?post=107461"}],"version-history":[{"count":0,"href":"https:\/\/www.magnetenspecialist.nl\/fr\/wp-json\/wp\/v2\/pages\/107461\/revisions"}],"wp:attachment":[{"href":"https:\/\/www.magnetenspecialist.nl\/fr\/wp-json\/wp\/v2\/media?parent=107461"}],"curies":[{"name":"wp","href":"https:\/\/api.w.org\/{rel}","templated":true}]}}