{"id":107464,"date":"2019-03-13T09:17:20","date_gmt":"2019-03-13T08:17:20","guid":{"rendered":"https:\/\/www.magnetenspecialist.nl\/aimants-lourds\/"},"modified":"2022-02-04T12:13:58","modified_gmt":"2022-02-04T11:13:58","slug":"aimants-lourds","status":"publish","type":"page","link":"https:\/\/www.magnetenspecialist.nl\/fr\/aimants-lourds\/","title":{"rendered":"Aimants lourds"},"content":{"rendered":"\n<div class=\"row d-flex align-items-center\">\n<div class=\"col-md-6 col-lg-4 col-xl-3\">\n<figure class=\"wp-block-image\"><img decoding=\"async\" src=\"https:\/\/www.magnetenspecialist.nl\/wp-content\/uploads\/2019\/03\/Image-189.png\" alt=\"zware magneten\" class=\"aligncenter\"\/><\/figure><\/div>\n\n<div class=\"col-md-6 col-lg-8 col-xl-9\">\n<h2>Aimants r\u00e9sistants disponibles dans de nombreuses formes et tailles  <\/h2>\n<p>Les aimants lourds sont disponibles chez le sp\u00e9cialiste des aimants, sp\u00e9cialis\u00e9 dans les aimants en n\u00e9odyme, dans de nombreuses formes et tailles. Pensez aux aimants en bloc, en boule, en anneau ou en barre, mais nous pouvons \u00e9galement vous proposer des aimants \u00e0 usage intensif, tels que des aimants \u00e0 crochet tr\u00e8s pratiques. Les aimants lourds sont disponibles avec une magn\u00e9tisation et un pouvoir de r\u00e9tention diff\u00e9rents. Vous recherchez, par exemple, des aimants qui peuvent \u00eatre utilis\u00e9s \u00e0 des fins industrielles ? Ou pour un usage domestique ? Chez le sp\u00e9cialiste des aimants, vous \u00eates s\u00fbr de trouver l&#8217;aimant que vous cherchez. Commandez-les facilement en ligne via notre boutique en ligne.<\/p>\n<\/div>\n<\/div>\n\n<h2 class=\"wp-block-heading\">Commandez des aimants en ligne rapidement et facilement  <\/h2>\n\n<p>Il suffit de commander en ligne l&#8217;aimant que vous recherchez aupr\u00e8s du sp\u00e9cialiste des aimants. Nous proposons plusieurs modes de paiement et garantissons toujours une livraison rapide \u00e0 domicile. Les grandes quantit\u00e9s d&#8217;aimants lourds ne sont pas non plus un probl\u00e8me pour le sp\u00e9cialiste des aimants. Aimants de toute forme, taille ou capacit\u00e9 de charge. Vous pouvez les commander facilement en ligne et nous, le sp\u00e9cialiste des aimants, vous assurons une livraison rapide.  <\/p>\n\n<div class=\"cta-banner\">\n    <h4>Voir les aimants \u00e0 usage intensif dans notre boutique<\/h4>\n    <a class=\"cta-banner-btn\" href=\"https:\/\/www.magnetenspecialist.nl\/winkel\/?orderby=price-desc\" title=\"Bekijk de zware magneten in onze shop\">Voir maintenant<\/a>\n<\/div>\n\n<h3 class=\"wp-block-heading\">Aimants en n\u00e9odyme puissants et r\u00e9sistants.<\/h3>\n\n<p>Avec les aimants, la force est d\u00e9termin\u00e9e, entre autres, par le volume de l&#8217;aimant. On peut donc dire que si l&#8217;aimant devient plus grand (plus lourd), il devient aussi plus fort. En outre, la forme de l&#8217;aimant, les proportions de l&#8217;aimant (par exemple, le rapport entre le diam\u00e8tre et l&#8217;\u00e9paisseur pour un disque magn\u00e9tique) et la combinaison avec d&#8217;autres mat\u00e9riaux, par exemple, si l&#8217;aimant est mont\u00e9 sur une pi\u00e8ce de m\u00e9tal ou dans un pot m\u00e9tallique ou s&#8217;il est ind\u00e9pendant, jouent un r\u00f4le dans la force de l&#8217;aimant. Les aimants lourds sont donc, en r\u00e8gle g\u00e9n\u00e9rale, \u00e9galement des aimants forts.<\/p>\n","protected":false},"excerpt":{"rendered":"<p>Aimants r\u00e9sistants disponibles dans de nombreuses formes et tailles Les aimants lourds sont disponibles chez le sp\u00e9cialiste des aimants, sp\u00e9cialis\u00e9 dans les aimants en n\u00e9odyme, dans de nombreuses formes et tailles. Pensez aux aimants en bloc, en boule, en anneau ou en barre, mais nous pouvons \u00e9galement vous proposer des aimants \u00e0 usage intensif, tels [&hellip;]<\/p>\n","protected":false},"author":1,"featured_media":0,"parent":0,"menu_order":0,"comment_status":"closed","ping_status":"closed","template":"template-full.php","meta":{"_acf_changed":false,"footnotes":""},"class_list":["post-107464","page","type-page","status-publish","hentry"],"acf":[],"yoast_head":"<!-- This site is optimized with the Yoast SEO Premium plugin v24.7 (Yoast SEO v24.7) - https:\/\/yoast.com\/wordpress\/plugins\/seo\/ -->\n<title>Achetez des aimants lourds en ligne sur Magnetenspecialist.nl<\/title>\n<meta name=\"description\" content=\"Diff\u00e9rents types et tailles d&#039;aimants lourds en stock avec une puissance de r\u00e9tention allant jusqu&#039;\u00e0 800 kg ! Si vous recherchez des aimants lourds, le sp\u00e9cialiste des aimants est l&#039;endroit id\u00e9al.\" \/>\n<meta name=\"robots\" content=\"index, follow, max-snippet:-1, max-image-preview:large, max-video-preview:-1\" \/>\n<link rel=\"canonical\" href=\"https:\/\/www.magnetenspecialist.nl\/fr\/aimants-lourds\/\" \/>\n<meta property=\"og:locale\" content=\"fr_FR\" \/>\n<meta property=\"og:type\" content=\"article\" \/>\n<meta property=\"og:title\" content=\"Aimants lourds\" \/>\n<meta property=\"og:description\" content=\"Diff\u00e9rents types et tailles d&#039;aimants lourds en stock avec une puissance de r\u00e9tention allant jusqu&#039;\u00e0 800 kg ! Si vous recherchez des aimants lourds, le sp\u00e9cialiste des aimants est l&#039;endroit id\u00e9al.\" \/>\n<meta property=\"og:url\" content=\"https:\/\/www.magnetenspecialist.nl\/fr\/aimants-lourds\/\" \/>\n<meta property=\"og:site_name\" content=\"Magnetenspecialist.nl\" \/>\n<meta property=\"article:publisher\" content=\"https:\/\/www.facebook.com\/Magnetenspecialist.nl\" \/>\n<meta property=\"article:modified_time\" content=\"2022-02-04T11:13:58+00:00\" \/>\n<meta property=\"og:image\" content=\"https:\/\/www.magnetenspecialist.nl\/wp-content\/uploads\/2019\/03\/Image-189.png\" \/>\n<meta name=\"twitter:card\" content=\"summary_large_image\" \/>\n<meta name=\"twitter:site\" content=\"@magnetenspecial\" \/>\n<meta name=\"twitter:label1\" content=\"Dur\u00e9e de lecture estim\u00e9e\" \/>\n\t<meta name=\"twitter:data1\" content=\"2 minutes\" \/>\n<script type=\"application\/ld+json\" class=\"yoast-schema-graph\">{\"@context\":\"https:\/\/schema.org\",\"@graph\":[{\"@type\":\"WebPage\",\"@id\":\"https:\/\/www.magnetenspecialist.nl\/fr\/aimants-lourds\/\",\"url\":\"https:\/\/www.magnetenspecialist.nl\/fr\/aimants-lourds\/\",\"name\":\"Achetez des aimants lourds en ligne sur Magnetenspecialist.nl\",\"isPartOf\":{\"@id\":\"https:\/\/www.magnetenspecialist.nl\/fr\/#website\"},\"primaryImageOfPage\":{\"@id\":\"https:\/\/www.magnetenspecialist.nl\/fr\/aimants-lourds\/#primaryimage\"},\"image\":{\"@id\":\"https:\/\/www.magnetenspecialist.nl\/fr\/aimants-lourds\/#primaryimage\"},\"thumbnailUrl\":\"https:\/\/www.magnetenspecialist.nl\/wp-content\/uploads\/2019\/03\/Image-189.png\",\"datePublished\":\"2019-03-13T08:17:20+00:00\",\"dateModified\":\"2022-02-04T11:13:58+00:00\",\"description\":\"Diff\u00e9rents types et tailles d'aimants lourds en stock avec une puissance de r\u00e9tention allant jusqu'\u00e0 800 kg ! Si vous recherchez des aimants lourds, le sp\u00e9cialiste des aimants est l'endroit id\u00e9al.\",\"breadcrumb\":{\"@id\":\"https:\/\/www.magnetenspecialist.nl\/fr\/aimants-lourds\/#breadcrumb\"},\"inLanguage\":\"fr-FR\",\"potentialAction\":[{\"@type\":\"ReadAction\",\"target\":[\"https:\/\/www.magnetenspecialist.nl\/fr\/aimants-lourds\/\"]}]},{\"@type\":\"ImageObject\",\"inLanguage\":\"fr-FR\",\"@id\":\"https:\/\/www.magnetenspecialist.nl\/fr\/aimants-lourds\/#primaryimage\",\"url\":\"https:\/\/www.magnetenspecialist.nl\/wp-content\/uploads\/2019\/03\/Image-189.png\",\"contentUrl\":\"https:\/\/www.magnetenspecialist.nl\/wp-content\/uploads\/2019\/03\/Image-189.png\"},{\"@type\":\"BreadcrumbList\",\"@id\":\"https:\/\/www.magnetenspecialist.nl\/fr\/aimants-lourds\/#breadcrumb\",\"itemListElement\":[{\"@type\":\"ListItem\",\"position\":1,\"name\":\"Accueil\",\"item\":\"https:\/\/www.magnetenspecialist.nl\/fr\/accueil\/\"},{\"@type\":\"ListItem\",\"position\":2,\"name\":\"Aimants lourds\"}]},{\"@type\":\"WebSite\",\"@id\":\"https:\/\/www.magnetenspecialist.nl\/fr\/#website\",\"url\":\"https:\/\/www.magnetenspecialist.nl\/fr\/\",\"name\":\"Magnetenspecialist.nl\",\"description\":\"Vaste gamme d'aimants en n\u00e9odyme\",\"publisher\":{\"@id\":\"https:\/\/www.magnetenspecialist.nl\/fr\/#organization\"},\"potentialAction\":[{\"@type\":\"SearchAction\",\"target\":{\"@type\":\"EntryPoint\",\"urlTemplate\":\"https:\/\/www.magnetenspecialist.nl\/fr\/?s={search_term_string}\"},\"query-input\":{\"@type\":\"PropertyValueSpecification\",\"valueRequired\":true,\"valueName\":\"search_term_string\"}}],\"inLanguage\":\"fr-FR\"},{\"@type\":\"Organization\",\"@id\":\"https:\/\/www.magnetenspecialist.nl\/fr\/#organization\",\"name\":\"Magnetenspecialist.nl\",\"url\":\"https:\/\/www.magnetenspecialist.nl\/fr\/\",\"logo\":{\"@type\":\"ImageObject\",\"inLanguage\":\"fr-FR\",\"@id\":\"https:\/\/www.magnetenspecialist.nl\/fr\/#\/schema\/logo\/image\/\",\"url\":\"https:\/\/www.magnetenspecialist.nl\/wp-content\/uploads\/2018\/10\/magneten-logo.jpg\",\"contentUrl\":\"https:\/\/www.magnetenspecialist.nl\/wp-content\/uploads\/2018\/10\/magneten-logo.jpg\",\"width\":151,\"height\":151,\"caption\":\"Magnetenspecialist.nl\"},\"image\":{\"@id\":\"https:\/\/www.magnetenspecialist.nl\/fr\/#\/schema\/logo\/image\/\"},\"sameAs\":[\"https:\/\/www.facebook.com\/Magnetenspecialist.nl\",\"https:\/\/x.com\/magnetenspecial\"]}]}<\/script>\n<!-- \/ Yoast SEO Premium plugin. -->","yoast_head_json":{"title":"Achetez des aimants lourds en ligne sur Magnetenspecialist.nl","description":"Diff\u00e9rents types et tailles d'aimants lourds en stock avec une puissance de r\u00e9tention allant jusqu'\u00e0 800 kg ! Si vous recherchez des aimants lourds, le sp\u00e9cialiste des aimants est l'endroit id\u00e9al.","robots":{"index":"index","follow":"follow","max-snippet":"max-snippet:-1","max-image-preview":"max-image-preview:large","max-video-preview":"max-video-preview:-1"},"canonical":"https:\/\/www.magnetenspecialist.nl\/fr\/aimants-lourds\/","og_locale":"fr_FR","og_type":"article","og_title":"Aimants lourds","og_description":"Diff\u00e9rents types et tailles d'aimants lourds en stock avec une puissance de r\u00e9tention allant jusqu'\u00e0 800 kg ! Si vous recherchez des aimants lourds, le sp\u00e9cialiste des aimants est l'endroit id\u00e9al.","og_url":"https:\/\/www.magnetenspecialist.nl\/fr\/aimants-lourds\/","og_site_name":"Magnetenspecialist.nl","article_publisher":"https:\/\/www.facebook.com\/Magnetenspecialist.nl","article_modified_time":"2022-02-04T11:13:58+00:00","og_image":[{"url":"https:\/\/www.magnetenspecialist.nl\/wp-content\/uploads\/2019\/03\/Image-189.png","type":"","width":"","height":""}],"twitter_card":"summary_large_image","twitter_site":"@magnetenspecial","twitter_misc":{"Dur\u00e9e de lecture estim\u00e9e":"2 minutes"},"schema":{"@context":"https:\/\/schema.org","@graph":[{"@type":"WebPage","@id":"https:\/\/www.magnetenspecialist.nl\/fr\/aimants-lourds\/","url":"https:\/\/www.magnetenspecialist.nl\/fr\/aimants-lourds\/","name":"Achetez des aimants lourds en ligne sur Magnetenspecialist.nl","isPartOf":{"@id":"https:\/\/www.magnetenspecialist.nl\/fr\/#website"},"primaryImageOfPage":{"@id":"https:\/\/www.magnetenspecialist.nl\/fr\/aimants-lourds\/#primaryimage"},"image":{"@id":"https:\/\/www.magnetenspecialist.nl\/fr\/aimants-lourds\/#primaryimage"},"thumbnailUrl":"https:\/\/www.magnetenspecialist.nl\/wp-content\/uploads\/2019\/03\/Image-189.png","datePublished":"2019-03-13T08:17:20+00:00","dateModified":"2022-02-04T11:13:58+00:00","description":"Diff\u00e9rents types et tailles d'aimants lourds en stock avec une puissance de r\u00e9tention allant jusqu'\u00e0 800 kg ! Si vous recherchez des aimants lourds, le sp\u00e9cialiste des aimants est l'endroit id\u00e9al.","breadcrumb":{"@id":"https:\/\/www.magnetenspecialist.nl\/fr\/aimants-lourds\/#breadcrumb"},"inLanguage":"fr-FR","potentialAction":[{"@type":"ReadAction","target":["https:\/\/www.magnetenspecialist.nl\/fr\/aimants-lourds\/"]}]},{"@type":"ImageObject","inLanguage":"fr-FR","@id":"https:\/\/www.magnetenspecialist.nl\/fr\/aimants-lourds\/#primaryimage","url":"https:\/\/www.magnetenspecialist.nl\/wp-content\/uploads\/2019\/03\/Image-189.png","contentUrl":"https:\/\/www.magnetenspecialist.nl\/wp-content\/uploads\/2019\/03\/Image-189.png"},{"@type":"BreadcrumbList","@id":"https:\/\/www.magnetenspecialist.nl\/fr\/aimants-lourds\/#breadcrumb","itemListElement":[{"@type":"ListItem","position":1,"name":"Accueil","item":"https:\/\/www.magnetenspecialist.nl\/fr\/accueil\/"},{"@type":"ListItem","position":2,"name":"Aimants lourds"}]},{"@type":"WebSite","@id":"https:\/\/www.magnetenspecialist.nl\/fr\/#website","url":"https:\/\/www.magnetenspecialist.nl\/fr\/","name":"Magnetenspecialist.nl","description":"Vaste gamme d'aimants en n\u00e9odyme","publisher":{"@id":"https:\/\/www.magnetenspecialist.nl\/fr\/#organization"},"potentialAction":[{"@type":"SearchAction","target":{"@type":"EntryPoint","urlTemplate":"https:\/\/www.magnetenspecialist.nl\/fr\/?s={search_term_string}"},"query-input":{"@type":"PropertyValueSpecification","valueRequired":true,"valueName":"search_term_string"}}],"inLanguage":"fr-FR"},{"@type":"Organization","@id":"https:\/\/www.magnetenspecialist.nl\/fr\/#organization","name":"Magnetenspecialist.nl","url":"https:\/\/www.magnetenspecialist.nl\/fr\/","logo":{"@type":"ImageObject","inLanguage":"fr-FR","@id":"https:\/\/www.magnetenspecialist.nl\/fr\/#\/schema\/logo\/image\/","url":"https:\/\/www.magnetenspecialist.nl\/wp-content\/uploads\/2018\/10\/magneten-logo.jpg","contentUrl":"https:\/\/www.magnetenspecialist.nl\/wp-content\/uploads\/2018\/10\/magneten-logo.jpg","width":151,"height":151,"caption":"Magnetenspecialist.nl"},"image":{"@id":"https:\/\/www.magnetenspecialist.nl\/fr\/#\/schema\/logo\/image\/"},"sameAs":["https:\/\/www.facebook.com\/Magnetenspecialist.nl","https:\/\/x.com\/magnetenspecial"]}]}},"_links":{"self":[{"href":"https:\/\/www.magnetenspecialist.nl\/fr\/wp-json\/wp\/v2\/pages\/107464","targetHints":{"allow":["GET"]}}],"collection":[{"href":"https:\/\/www.magnetenspecialist.nl\/fr\/wp-json\/wp\/v2\/pages"}],"about":[{"href":"https:\/\/www.magnetenspecialist.nl\/fr\/wp-json\/wp\/v2\/types\/page"}],"author":[{"embeddable":true,"href":"https:\/\/www.magnetenspecialist.nl\/fr\/wp-json\/wp\/v2\/users\/1"}],"replies":[{"embeddable":true,"href":"https:\/\/www.magnetenspecialist.nl\/fr\/wp-json\/wp\/v2\/comments?post=107464"}],"version-history":[{"count":0,"href":"https:\/\/www.magnetenspecialist.nl\/fr\/wp-json\/wp\/v2\/pages\/107464\/revisions"}],"wp:attachment":[{"href":"https:\/\/www.magnetenspecialist.nl\/fr\/wp-json\/wp\/v2\/media?parent=107464"}],"curies":[{"name":"wp","href":"https:\/\/api.w.org\/{rel}","templated":true}]}}