{"id":107478,"date":"2019-03-12T16:17:22","date_gmt":"2019-03-12T15:17:22","guid":{"rendered":"https:\/\/www.magnetenspecialist.nl\/aimant-en-neodyme\/"},"modified":"2022-02-04T12:13:56","modified_gmt":"2022-02-04T11:13:56","slug":"aimant-en-neodyme","status":"publish","type":"page","link":"https:\/\/www.magnetenspecialist.nl\/fr\/aimant-en-neodyme\/","title":{"rendered":"Aimant en n\u00e9odyme"},"content":{"rendered":"\n<div class=\"row d-flex align-items-center\">\n<div class=\"col-md-6 col-lg-4 col-xl-3\">\n<figure class=\"wp-block-image\"><img decoding=\"async\" src=\"https:\/\/www.magnetenspecialist.nl\/wp-content\/uploads\/2019\/03\/Image-144.png\" alt=\"corsage magneet\" class=\"aligncenter\"\/><\/figure><\/div>\n\n<div class=\"col-md-6 col-lg-8 col-xl-9\">\n<h2>Un aimant en n\u00e9odyme est tr\u00e8s puissant.<\/h2>\n<p>Les aimants en n\u00e9odyme ont un pouvoir de r\u00e9tention tr\u00e8s fort et peuvent \u00eatre command\u00e9s en ligne aupr\u00e8s de Magnet Specialist. Commande simple, paiement s\u00e9curis\u00e9 par diff\u00e9rents moyens et les commandes pass\u00e9es avant 16 heures seront livr\u00e9es le jour suivant. La qualit\u00e9 sup\u00e9rieure, le service et l&#8217;assistance sont importants pour Magnetenspecialist. Que l&#8217;aimant en n\u00e9odyme que vous commandez soit destin\u00e9 \u00e0 l&#8217;industrie, \u00e0 la construction, au commerce ou \u00e0 un usage priv\u00e9, vous b\u00e9n\u00e9ficiez du m\u00eame service.<\/p>\n<\/div>\n<\/div>\n\n\n<h2 class=\"wp-block-heading\">Disponible avec une force de maintien &gt;500 kg  <\/h2>\n\n<p>Le sp\u00e9cialiste des aimants propose un aimant dont la force de retenue peut atteindre plus de 500 kg. Ainsi, quel que soit le travail difficile pour lequel vous en avez besoin, cet aimant en n\u00e9odyme peut certainement y faire face. Disponible sous forme de bloc aux dimensions de 80x80x40 mm. Un aimant de qualit\u00e9 sup\u00e9rieure que vous pouvez d\u00e9sormais facilement commander en ligne 24 heures sur 24, 7 jours sur 7.  <\/p>\n\n<div class=\"cta-banner\">\n    <h4>Aimants en n\u00e9odyme<\/h4>\n    <a class=\"cta-banner-btn\" href=\"https:\/\/www.magnetenspecialist.nl\/winkel\/\" title=\"Bekijk onze Neodymium magneten\">Voir maintenant<\/a>\n<\/div>\n\n<p><em>Aimants en n\u00e9odyme pour les travaux lourds<\/em><\/p>\n\n<h2 class=\"wp-block-heading\">Aimants du sp\u00e9cialiste des aimants<\/h2>\n\n<p>Les aimants en n\u00e9odyme sont connus pour leur pouvoir de maintien tr\u00e8s fort et Magnet Specialist s&#8217;est sp\u00e9cialis\u00e9 dans ces aimants tr\u00e8s forts. Les aimants sont de qualit\u00e9 sup\u00e9rieure et le <a href=\"https:\/\/www.magnetenspecialist.nl\/fr\/service-clients\/\">service et l&#8217;assistance<\/a> sont tr\u00e8s appr\u00e9ci\u00e9s par Magnetenspecialist. Les livraisons sont destin\u00e9es \u00e0 l&#8217;industrie, \u00e0 la construction et au commerce, mais aussi aux particuliers. Il est facile de les commander en ligne, vous pouvez payer en toute s\u00e9curit\u00e9 et les commandes pass\u00e9es avant 17 heures seront livr\u00e9es le jour suivant.<br\/><\/p>\n\n<h2 class=\"wp-block-heading\">Aimants en n\u00e9odyme et autres aimants fa\u00e7onn\u00e9s<\/h2>\n\n<p>Le sp\u00e9cialiste des aimants propose un aimant en n\u00e9odyme d&#8217;une puissance de retenue de plus de 500 kg. Il existe donc des aimants adapt\u00e9s \u00e0 chaque t\u00e2che lourde. Achetez-les, par exemple, sous forme de blocs et avec une dimension maximale de 80x80x40 mm. Mais aussi pour de nombreuses autres formes d&#8217;aimants, vous pouvez vous adresser \u00e0 Magnetenspecialist. Aimants de qualit\u00e9 sup\u00e9rieure, \u00e0 commander rapidement en ligne d\u00e8s maintenant.<\/p>\n","protected":false},"excerpt":{"rendered":"<p>Un aimant en n\u00e9odyme est tr\u00e8s puissant. Les aimants en n\u00e9odyme ont un pouvoir de r\u00e9tention tr\u00e8s fort et peuvent \u00eatre command\u00e9s en ligne aupr\u00e8s de Magnet Specialist. Commande simple, paiement s\u00e9curis\u00e9 par diff\u00e9rents moyens et les commandes pass\u00e9es avant 16 heures seront livr\u00e9es le jour suivant. La qualit\u00e9 sup\u00e9rieure, le service et l&#8217;assistance sont [&hellip;]<\/p>\n","protected":false},"author":1,"featured_media":0,"parent":0,"menu_order":0,"comment_status":"closed","ping_status":"closed","template":"template-full.php","meta":{"_acf_changed":false,"footnotes":""},"class_list":["post-107478","page","type-page","status-publish","hentry"],"acf":[],"yoast_head":"<!-- This site is optimized with the Yoast SEO Premium plugin v24.7 (Yoast SEO v24.7) - https:\/\/yoast.com\/wordpress\/plugins\/seo\/ -->\n<title>Acheter un aimant en n\u00e9odyme sur Magnetenspecialist.nl<\/title>\n<meta name=\"description\" content=\"Vous pouvez acheter un aimant en n\u00e9odyme en ligne sur Magnetenspecialist.nl. Nous assurons une livraison rapide et avons tous les types et toutes les tailles en stock.\" \/>\n<meta name=\"robots\" content=\"index, follow, max-snippet:-1, max-image-preview:large, max-video-preview:-1\" \/>\n<link rel=\"canonical\" href=\"https:\/\/www.magnetenspecialist.nl\/fr\/aimant-en-neodyme\/\" \/>\n<meta property=\"og:locale\" content=\"fr_FR\" \/>\n<meta property=\"og:type\" content=\"article\" \/>\n<meta property=\"og:title\" content=\"Aimant en n\u00e9odyme\" \/>\n<meta property=\"og:description\" content=\"Vous pouvez acheter un aimant en n\u00e9odyme en ligne sur Magnetenspecialist.nl. Nous assurons une livraison rapide et avons tous les types et toutes les tailles en stock.\" \/>\n<meta property=\"og:url\" content=\"https:\/\/www.magnetenspecialist.nl\/fr\/aimant-en-neodyme\/\" \/>\n<meta property=\"og:site_name\" content=\"Magnetenspecialist.nl\" \/>\n<meta property=\"article:publisher\" content=\"https:\/\/www.facebook.com\/Magnetenspecialist.nl\" \/>\n<meta property=\"article:modified_time\" content=\"2022-02-04T11:13:56+00:00\" \/>\n<meta property=\"og:image\" content=\"https:\/\/www.magnetenspecialist.nl\/wp-content\/uploads\/2019\/03\/Image-144.png\" \/>\n<meta name=\"twitter:card\" content=\"summary_large_image\" \/>\n<meta name=\"twitter:site\" content=\"@magnetenspecial\" \/>\n<meta name=\"twitter:label1\" content=\"Dur\u00e9e de lecture estim\u00e9e\" \/>\n\t<meta name=\"twitter:data1\" content=\"2 minutes\" \/>\n<script type=\"application\/ld+json\" class=\"yoast-schema-graph\">{\"@context\":\"https:\/\/schema.org\",\"@graph\":[{\"@type\":\"WebPage\",\"@id\":\"https:\/\/www.magnetenspecialist.nl\/fr\/aimant-en-neodyme\/\",\"url\":\"https:\/\/www.magnetenspecialist.nl\/fr\/aimant-en-neodyme\/\",\"name\":\"Acheter un aimant en n\u00e9odyme sur Magnetenspecialist.nl\",\"isPartOf\":{\"@id\":\"https:\/\/www.magnetenspecialist.nl\/fr\/#website\"},\"primaryImageOfPage\":{\"@id\":\"https:\/\/www.magnetenspecialist.nl\/fr\/aimant-en-neodyme\/#primaryimage\"},\"image\":{\"@id\":\"https:\/\/www.magnetenspecialist.nl\/fr\/aimant-en-neodyme\/#primaryimage\"},\"thumbnailUrl\":\"https:\/\/www.magnetenspecialist.nl\/wp-content\/uploads\/2019\/03\/Image-144.png\",\"datePublished\":\"2019-03-12T15:17:22+00:00\",\"dateModified\":\"2022-02-04T11:13:56+00:00\",\"description\":\"Vous pouvez acheter un aimant en n\u00e9odyme en ligne sur Magnetenspecialist.nl. Nous assurons une livraison rapide et avons tous les types et toutes les tailles en stock.\",\"breadcrumb\":{\"@id\":\"https:\/\/www.magnetenspecialist.nl\/fr\/aimant-en-neodyme\/#breadcrumb\"},\"inLanguage\":\"fr-FR\",\"potentialAction\":[{\"@type\":\"ReadAction\",\"target\":[\"https:\/\/www.magnetenspecialist.nl\/fr\/aimant-en-neodyme\/\"]}]},{\"@type\":\"ImageObject\",\"inLanguage\":\"fr-FR\",\"@id\":\"https:\/\/www.magnetenspecialist.nl\/fr\/aimant-en-neodyme\/#primaryimage\",\"url\":\"https:\/\/www.magnetenspecialist.nl\/wp-content\/uploads\/2019\/03\/Image-144.png\",\"contentUrl\":\"https:\/\/www.magnetenspecialist.nl\/wp-content\/uploads\/2019\/03\/Image-144.png\"},{\"@type\":\"BreadcrumbList\",\"@id\":\"https:\/\/www.magnetenspecialist.nl\/fr\/aimant-en-neodyme\/#breadcrumb\",\"itemListElement\":[{\"@type\":\"ListItem\",\"position\":1,\"name\":\"Accueil\",\"item\":\"https:\/\/www.magnetenspecialist.nl\/fr\/accueil\/\"},{\"@type\":\"ListItem\",\"position\":2,\"name\":\"Aimant en n\u00e9odyme\"}]},{\"@type\":\"WebSite\",\"@id\":\"https:\/\/www.magnetenspecialist.nl\/fr\/#website\",\"url\":\"https:\/\/www.magnetenspecialist.nl\/fr\/\",\"name\":\"Magnetenspecialist.nl\",\"description\":\"Vaste gamme d'aimants en n\u00e9odyme\",\"publisher\":{\"@id\":\"https:\/\/www.magnetenspecialist.nl\/fr\/#organization\"},\"potentialAction\":[{\"@type\":\"SearchAction\",\"target\":{\"@type\":\"EntryPoint\",\"urlTemplate\":\"https:\/\/www.magnetenspecialist.nl\/fr\/?s={search_term_string}\"},\"query-input\":{\"@type\":\"PropertyValueSpecification\",\"valueRequired\":true,\"valueName\":\"search_term_string\"}}],\"inLanguage\":\"fr-FR\"},{\"@type\":\"Organization\",\"@id\":\"https:\/\/www.magnetenspecialist.nl\/fr\/#organization\",\"name\":\"Magnetenspecialist.nl\",\"url\":\"https:\/\/www.magnetenspecialist.nl\/fr\/\",\"logo\":{\"@type\":\"ImageObject\",\"inLanguage\":\"fr-FR\",\"@id\":\"https:\/\/www.magnetenspecialist.nl\/fr\/#\/schema\/logo\/image\/\",\"url\":\"https:\/\/www.magnetenspecialist.nl\/wp-content\/uploads\/2018\/10\/magneten-logo.jpg\",\"contentUrl\":\"https:\/\/www.magnetenspecialist.nl\/wp-content\/uploads\/2018\/10\/magneten-logo.jpg\",\"width\":151,\"height\":151,\"caption\":\"Magnetenspecialist.nl\"},\"image\":{\"@id\":\"https:\/\/www.magnetenspecialist.nl\/fr\/#\/schema\/logo\/image\/\"},\"sameAs\":[\"https:\/\/www.facebook.com\/Magnetenspecialist.nl\",\"https:\/\/x.com\/magnetenspecial\"]}]}<\/script>\n<!-- \/ Yoast SEO Premium plugin. -->","yoast_head_json":{"title":"Acheter un aimant en n\u00e9odyme sur Magnetenspecialist.nl","description":"Vous pouvez acheter un aimant en n\u00e9odyme en ligne sur Magnetenspecialist.nl. Nous assurons une livraison rapide et avons tous les types et toutes les tailles en stock.","robots":{"index":"index","follow":"follow","max-snippet":"max-snippet:-1","max-image-preview":"max-image-preview:large","max-video-preview":"max-video-preview:-1"},"canonical":"https:\/\/www.magnetenspecialist.nl\/fr\/aimant-en-neodyme\/","og_locale":"fr_FR","og_type":"article","og_title":"Aimant en n\u00e9odyme","og_description":"Vous pouvez acheter un aimant en n\u00e9odyme en ligne sur Magnetenspecialist.nl. Nous assurons une livraison rapide et avons tous les types et toutes les tailles en stock.","og_url":"https:\/\/www.magnetenspecialist.nl\/fr\/aimant-en-neodyme\/","og_site_name":"Magnetenspecialist.nl","article_publisher":"https:\/\/www.facebook.com\/Magnetenspecialist.nl","article_modified_time":"2022-02-04T11:13:56+00:00","og_image":[{"url":"https:\/\/www.magnetenspecialist.nl\/wp-content\/uploads\/2019\/03\/Image-144.png","type":"","width":"","height":""}],"twitter_card":"summary_large_image","twitter_site":"@magnetenspecial","twitter_misc":{"Dur\u00e9e de lecture estim\u00e9e":"2 minutes"},"schema":{"@context":"https:\/\/schema.org","@graph":[{"@type":"WebPage","@id":"https:\/\/www.magnetenspecialist.nl\/fr\/aimant-en-neodyme\/","url":"https:\/\/www.magnetenspecialist.nl\/fr\/aimant-en-neodyme\/","name":"Acheter un aimant en n\u00e9odyme sur Magnetenspecialist.nl","isPartOf":{"@id":"https:\/\/www.magnetenspecialist.nl\/fr\/#website"},"primaryImageOfPage":{"@id":"https:\/\/www.magnetenspecialist.nl\/fr\/aimant-en-neodyme\/#primaryimage"},"image":{"@id":"https:\/\/www.magnetenspecialist.nl\/fr\/aimant-en-neodyme\/#primaryimage"},"thumbnailUrl":"https:\/\/www.magnetenspecialist.nl\/wp-content\/uploads\/2019\/03\/Image-144.png","datePublished":"2019-03-12T15:17:22+00:00","dateModified":"2022-02-04T11:13:56+00:00","description":"Vous pouvez acheter un aimant en n\u00e9odyme en ligne sur Magnetenspecialist.nl. Nous assurons une livraison rapide et avons tous les types et toutes les tailles en stock.","breadcrumb":{"@id":"https:\/\/www.magnetenspecialist.nl\/fr\/aimant-en-neodyme\/#breadcrumb"},"inLanguage":"fr-FR","potentialAction":[{"@type":"ReadAction","target":["https:\/\/www.magnetenspecialist.nl\/fr\/aimant-en-neodyme\/"]}]},{"@type":"ImageObject","inLanguage":"fr-FR","@id":"https:\/\/www.magnetenspecialist.nl\/fr\/aimant-en-neodyme\/#primaryimage","url":"https:\/\/www.magnetenspecialist.nl\/wp-content\/uploads\/2019\/03\/Image-144.png","contentUrl":"https:\/\/www.magnetenspecialist.nl\/wp-content\/uploads\/2019\/03\/Image-144.png"},{"@type":"BreadcrumbList","@id":"https:\/\/www.magnetenspecialist.nl\/fr\/aimant-en-neodyme\/#breadcrumb","itemListElement":[{"@type":"ListItem","position":1,"name":"Accueil","item":"https:\/\/www.magnetenspecialist.nl\/fr\/accueil\/"},{"@type":"ListItem","position":2,"name":"Aimant en n\u00e9odyme"}]},{"@type":"WebSite","@id":"https:\/\/www.magnetenspecialist.nl\/fr\/#website","url":"https:\/\/www.magnetenspecialist.nl\/fr\/","name":"Magnetenspecialist.nl","description":"Vaste gamme d'aimants en n\u00e9odyme","publisher":{"@id":"https:\/\/www.magnetenspecialist.nl\/fr\/#organization"},"potentialAction":[{"@type":"SearchAction","target":{"@type":"EntryPoint","urlTemplate":"https:\/\/www.magnetenspecialist.nl\/fr\/?s={search_term_string}"},"query-input":{"@type":"PropertyValueSpecification","valueRequired":true,"valueName":"search_term_string"}}],"inLanguage":"fr-FR"},{"@type":"Organization","@id":"https:\/\/www.magnetenspecialist.nl\/fr\/#organization","name":"Magnetenspecialist.nl","url":"https:\/\/www.magnetenspecialist.nl\/fr\/","logo":{"@type":"ImageObject","inLanguage":"fr-FR","@id":"https:\/\/www.magnetenspecialist.nl\/fr\/#\/schema\/logo\/image\/","url":"https:\/\/www.magnetenspecialist.nl\/wp-content\/uploads\/2018\/10\/magneten-logo.jpg","contentUrl":"https:\/\/www.magnetenspecialist.nl\/wp-content\/uploads\/2018\/10\/magneten-logo.jpg","width":151,"height":151,"caption":"Magnetenspecialist.nl"},"image":{"@id":"https:\/\/www.magnetenspecialist.nl\/fr\/#\/schema\/logo\/image\/"},"sameAs":["https:\/\/www.facebook.com\/Magnetenspecialist.nl","https:\/\/x.com\/magnetenspecial"]}]}},"_links":{"self":[{"href":"https:\/\/www.magnetenspecialist.nl\/fr\/wp-json\/wp\/v2\/pages\/107478","targetHints":{"allow":["GET"]}}],"collection":[{"href":"https:\/\/www.magnetenspecialist.nl\/fr\/wp-json\/wp\/v2\/pages"}],"about":[{"href":"https:\/\/www.magnetenspecialist.nl\/fr\/wp-json\/wp\/v2\/types\/page"}],"author":[{"embeddable":true,"href":"https:\/\/www.magnetenspecialist.nl\/fr\/wp-json\/wp\/v2\/users\/1"}],"replies":[{"embeddable":true,"href":"https:\/\/www.magnetenspecialist.nl\/fr\/wp-json\/wp\/v2\/comments?post=107478"}],"version-history":[{"count":0,"href":"https:\/\/www.magnetenspecialist.nl\/fr\/wp-json\/wp\/v2\/pages\/107478\/revisions"}],"wp:attachment":[{"href":"https:\/\/www.magnetenspecialist.nl\/fr\/wp-json\/wp\/v2\/media?parent=107478"}],"curies":[{"name":"wp","href":"https:\/\/api.w.org\/{rel}","templated":true}]}}