{"id":107486,"date":"2019-03-13T09:35:17","date_gmt":"2019-03-13T08:35:17","guid":{"rendered":"https:\/\/www.magnetenspecialist.nl\/aimants-du-specialiste-des-aimants\/"},"modified":"2022-02-04T12:13:59","modified_gmt":"2022-02-04T11:13:59","slug":"aimants-du-specialiste-des-aimants","status":"publish","type":"page","link":"https:\/\/www.magnetenspecialist.nl\/fr\/aimants-du-specialiste-des-aimants\/","title":{"rendered":"Aimants du sp\u00e9cialiste des aimants."},"content":{"rendered":"\n<div class=\"row d-flex align-items-center\">\n<div class=\"col-md-6 col-lg-4 col-xl-3\">\n<figure class=\"wp-block-image\"><img decoding=\"async\" src=\"https:\/\/www.magnetenspecialist.nl\/wp-content\/uploads\/2018\/12\/Logo-640x480.jpg\" alt=\"Magnetenspecialist Magneten\" class=\"aligncenter\"\/><\/figure><\/div>\n\n<div class=\"col-md-6 col-lg-8 col-xl-9\">\n<h2>Achetez un large \u00e9ventail d&#8217;aimants.<\/h2>\n<p>Le sp\u00e9cialiste des aimants dispose d&#8217;une gamme tr\u00e8s \u00e9tendue d&#8217;aimants de toutes formes, tailles et capacit\u00e9s de charge. Si vous cherchez des aimants de toutes sortes, vous pouvez visiter la boutique en ligne du sp\u00e9cialiste des aimants. Utilisez les filtres de notre boutique en ligne pour trouver ce que vous cherchez, nous avons sans doute l&#8217;aimant qu&#8217;il vous faut.<\/p>\n<\/div>\n<\/div>\n\n<p><strong><em>Le sp\u00e9cialiste des aimants dispose d&#8217;une gamme tr\u00e8s \u00e9tendue dans tous les types, tailles, formes et capacit\u00e9s de charge.  <\/em><\/strong> <\/p>\n\n<h2 class=\"wp-block-heading\">Une large gamme de produits avec une livraison rapide et un excellent service.  <\/h2>\n\n<p>Chez le sp\u00e9cialiste des aimants, vous pouvez toujours compter sur une livraison rapide et un excellent service. Nous pouvons \u00e9galement assurer une livraison rapide \u00e0 votre porte pour les envois importants. Nous vendons aux particuliers et aux professionnels. Les aimants du sp\u00e9cialiste des aimants sont non seulement de toutes formes, tailles et capacit\u00e9s de charge, mais aussi adapt\u00e9s \u00e0 des applications sp\u00e9cifiques. Par exemple, des aimants en forme de coin pratique, pour <a href=\"https:\/\/www.magnetenspecialist.nl\/fr\/magasin\/autres-aimants\/aimant-de-ramassage-de-boule-boule\/\">jouer aux boules<\/a> ou comme outil de ramassage.  <\/p>\n\n<div class=\"cta-banner\">\n    <h4>Voir notre vaste gamme<\/h4>\n    <a class=\"cta-banner-btn\" href=\"https:\/\/www.magnetenspecialist.nl\/winkel\/\" title=\"Bekijk ons uitgebreide assortiment\">Voir maintenant<\/a>\n<\/div>\n\n<h2 class=\"wp-block-heading\">Le plus grand magasin d&#8217;aimants en ligne<\/h2>\n\n<p>Pour la gamme la plus \u00e9tendue d&#8217;aimants en n\u00e9odyme, vous \u00eates au bon endroit ! Si vous avez des conseils ou si vous voyez quelque chose qui ne va pas <a href=\"https:\/\/www.magnetenspecialist.nl\/?page\/17152\/contactgegevens.aspx\">, faites-le nous savoir.<\/a> Vous pouvez \u00e9galement nous contacter pour obtenir des conseils, nous ne sommes pas les sp\u00e9cialistes des aimants pour rien. Nous connaissons les applications de nos aimants et apprenons chaque jour de nos clients et fournisseurs. Le sp\u00e9cialiste des aimants est heureux de partager ses connaissances avec vous, alors n&#8217;h\u00e9sitez pas \u00e0 <a href=\"https:\/\/www.magnetenspecialist.nl\/fr\/service-clients\/contact\/\">nous<\/a> contacter pour des conseils et des questions.<\/p>\n","protected":false},"excerpt":{"rendered":"<p>Achetez un large \u00e9ventail d&#8217;aimants. Le sp\u00e9cialiste des aimants dispose d&#8217;une gamme tr\u00e8s \u00e9tendue d&#8217;aimants de toutes formes, tailles et capacit\u00e9s de charge. Si vous cherchez des aimants de toutes sortes, vous pouvez visiter la boutique en ligne du sp\u00e9cialiste des aimants. Utilisez les filtres de notre boutique en ligne pour trouver ce que vous [&hellip;]<\/p>\n","protected":false},"author":1,"featured_media":0,"parent":0,"menu_order":0,"comment_status":"closed","ping_status":"closed","template":"template-full.php","meta":{"_acf_changed":false,"footnotes":""},"class_list":["post-107486","page","type-page","status-publish","hentry"],"acf":[],"yoast_head":"<!-- This site is optimized with the Yoast SEO Premium plugin v24.7 (Yoast SEO v24.7) - https:\/\/yoast.com\/wordpress\/plugins\/seo\/ -->\n<title>Aimants de The Magnet Specialist | Le plus grand magasin d&#039;aimants en ligne<\/title>\n<meta name=\"description\" content=\"Achetez vos aimants en ligne en toute s\u00e9curit\u00e9 et rapidement sur Magnetenspecialist.nl. Nous sommes \u00e9galement pr\u00eats \u00e0 vous donner des conseils en mati\u00e8re d&#039;aimants.\" \/>\n<meta name=\"robots\" content=\"index, follow, max-snippet:-1, max-image-preview:large, max-video-preview:-1\" \/>\n<link rel=\"canonical\" href=\"https:\/\/www.magnetenspecialist.nl\/fr\/aimants-du-specialiste-des-aimants\/\" \/>\n<meta property=\"og:locale\" content=\"fr_FR\" \/>\n<meta property=\"og:type\" content=\"article\" \/>\n<meta property=\"og:title\" content=\"Aimants du sp\u00e9cialiste des aimants.\" \/>\n<meta property=\"og:description\" content=\"Achetez vos aimants en ligne en toute s\u00e9curit\u00e9 et rapidement sur Magnetenspecialist.nl. Nous sommes \u00e9galement pr\u00eats \u00e0 vous donner des conseils en mati\u00e8re d&#039;aimants.\" \/>\n<meta property=\"og:url\" content=\"https:\/\/www.magnetenspecialist.nl\/fr\/aimants-du-specialiste-des-aimants\/\" \/>\n<meta property=\"og:site_name\" content=\"Magnetenspecialist.nl\" \/>\n<meta property=\"article:publisher\" content=\"https:\/\/www.facebook.com\/Magnetenspecialist.nl\" \/>\n<meta property=\"article:modified_time\" content=\"2022-02-04T11:13:59+00:00\" \/>\n<meta property=\"og:image\" content=\"https:\/\/www.magnetenspecialist.nl\/wp-content\/uploads\/2018\/12\/Logo-640x480.jpg\" \/>\n<meta name=\"twitter:card\" content=\"summary_large_image\" \/>\n<meta name=\"twitter:site\" content=\"@magnetenspecial\" \/>\n<meta name=\"twitter:label1\" content=\"Dur\u00e9e de lecture estim\u00e9e\" \/>\n\t<meta name=\"twitter:data1\" content=\"1 minute\" \/>\n<script type=\"application\/ld+json\" class=\"yoast-schema-graph\">{\"@context\":\"https:\/\/schema.org\",\"@graph\":[{\"@type\":\"WebPage\",\"@id\":\"https:\/\/www.magnetenspecialist.nl\/fr\/aimants-du-specialiste-des-aimants\/\",\"url\":\"https:\/\/www.magnetenspecialist.nl\/fr\/aimants-du-specialiste-des-aimants\/\",\"name\":\"Aimants de The Magnet Specialist | Le plus grand magasin d'aimants en ligne\",\"isPartOf\":{\"@id\":\"https:\/\/www.magnetenspecialist.nl\/fr\/#website\"},\"primaryImageOfPage\":{\"@id\":\"https:\/\/www.magnetenspecialist.nl\/fr\/aimants-du-specialiste-des-aimants\/#primaryimage\"},\"image\":{\"@id\":\"https:\/\/www.magnetenspecialist.nl\/fr\/aimants-du-specialiste-des-aimants\/#primaryimage\"},\"thumbnailUrl\":\"https:\/\/www.magnetenspecialist.nl\/wp-content\/uploads\/2018\/12\/Logo-640x480.jpg\",\"datePublished\":\"2019-03-13T08:35:17+00:00\",\"dateModified\":\"2022-02-04T11:13:59+00:00\",\"description\":\"Achetez vos aimants en ligne en toute s\u00e9curit\u00e9 et rapidement sur Magnetenspecialist.nl. Nous sommes \u00e9galement pr\u00eats \u00e0 vous donner des conseils en mati\u00e8re d'aimants.\",\"breadcrumb\":{\"@id\":\"https:\/\/www.magnetenspecialist.nl\/fr\/aimants-du-specialiste-des-aimants\/#breadcrumb\"},\"inLanguage\":\"fr-FR\",\"potentialAction\":[{\"@type\":\"ReadAction\",\"target\":[\"https:\/\/www.magnetenspecialist.nl\/fr\/aimants-du-specialiste-des-aimants\/\"]}]},{\"@type\":\"ImageObject\",\"inLanguage\":\"fr-FR\",\"@id\":\"https:\/\/www.magnetenspecialist.nl\/fr\/aimants-du-specialiste-des-aimants\/#primaryimage\",\"url\":\"https:\/\/www.magnetenspecialist.nl\/wp-content\/uploads\/2018\/12\/Logo-640x480.jpg\",\"contentUrl\":\"https:\/\/www.magnetenspecialist.nl\/wp-content\/uploads\/2018\/12\/Logo-640x480.jpg\"},{\"@type\":\"BreadcrumbList\",\"@id\":\"https:\/\/www.magnetenspecialist.nl\/fr\/aimants-du-specialiste-des-aimants\/#breadcrumb\",\"itemListElement\":[{\"@type\":\"ListItem\",\"position\":1,\"name\":\"Accueil\",\"item\":\"https:\/\/www.magnetenspecialist.nl\/fr\/accueil\/\"},{\"@type\":\"ListItem\",\"position\":2,\"name\":\"Aimants du sp\u00e9cialiste des aimants.\"}]},{\"@type\":\"WebSite\",\"@id\":\"https:\/\/www.magnetenspecialist.nl\/fr\/#website\",\"url\":\"https:\/\/www.magnetenspecialist.nl\/fr\/\",\"name\":\"Magnetenspecialist.nl\",\"description\":\"Vaste gamme d'aimants en n\u00e9odyme\",\"publisher\":{\"@id\":\"https:\/\/www.magnetenspecialist.nl\/fr\/#organization\"},\"potentialAction\":[{\"@type\":\"SearchAction\",\"target\":{\"@type\":\"EntryPoint\",\"urlTemplate\":\"https:\/\/www.magnetenspecialist.nl\/fr\/?s={search_term_string}\"},\"query-input\":{\"@type\":\"PropertyValueSpecification\",\"valueRequired\":true,\"valueName\":\"search_term_string\"}}],\"inLanguage\":\"fr-FR\"},{\"@type\":\"Organization\",\"@id\":\"https:\/\/www.magnetenspecialist.nl\/fr\/#organization\",\"name\":\"Magnetenspecialist.nl\",\"url\":\"https:\/\/www.magnetenspecialist.nl\/fr\/\",\"logo\":{\"@type\":\"ImageObject\",\"inLanguage\":\"fr-FR\",\"@id\":\"https:\/\/www.magnetenspecialist.nl\/fr\/#\/schema\/logo\/image\/\",\"url\":\"https:\/\/www.magnetenspecialist.nl\/wp-content\/uploads\/2018\/10\/magneten-logo.jpg\",\"contentUrl\":\"https:\/\/www.magnetenspecialist.nl\/wp-content\/uploads\/2018\/10\/magneten-logo.jpg\",\"width\":151,\"height\":151,\"caption\":\"Magnetenspecialist.nl\"},\"image\":{\"@id\":\"https:\/\/www.magnetenspecialist.nl\/fr\/#\/schema\/logo\/image\/\"},\"sameAs\":[\"https:\/\/www.facebook.com\/Magnetenspecialist.nl\",\"https:\/\/x.com\/magnetenspecial\"]}]}<\/script>\n<!-- \/ Yoast SEO Premium plugin. -->","yoast_head_json":{"title":"Aimants de The Magnet Specialist | Le plus grand magasin d'aimants en ligne","description":"Achetez vos aimants en ligne en toute s\u00e9curit\u00e9 et rapidement sur Magnetenspecialist.nl. Nous sommes \u00e9galement pr\u00eats \u00e0 vous donner des conseils en mati\u00e8re d'aimants.","robots":{"index":"index","follow":"follow","max-snippet":"max-snippet:-1","max-image-preview":"max-image-preview:large","max-video-preview":"max-video-preview:-1"},"canonical":"https:\/\/www.magnetenspecialist.nl\/fr\/aimants-du-specialiste-des-aimants\/","og_locale":"fr_FR","og_type":"article","og_title":"Aimants du sp\u00e9cialiste des aimants.","og_description":"Achetez vos aimants en ligne en toute s\u00e9curit\u00e9 et rapidement sur Magnetenspecialist.nl. Nous sommes \u00e9galement pr\u00eats \u00e0 vous donner des conseils en mati\u00e8re d'aimants.","og_url":"https:\/\/www.magnetenspecialist.nl\/fr\/aimants-du-specialiste-des-aimants\/","og_site_name":"Magnetenspecialist.nl","article_publisher":"https:\/\/www.facebook.com\/Magnetenspecialist.nl","article_modified_time":"2022-02-04T11:13:59+00:00","og_image":[{"url":"https:\/\/www.magnetenspecialist.nl\/wp-content\/uploads\/2018\/12\/Logo-640x480.jpg","type":"","width":"","height":""}],"twitter_card":"summary_large_image","twitter_site":"@magnetenspecial","twitter_misc":{"Dur\u00e9e de lecture estim\u00e9e":"1 minute"},"schema":{"@context":"https:\/\/schema.org","@graph":[{"@type":"WebPage","@id":"https:\/\/www.magnetenspecialist.nl\/fr\/aimants-du-specialiste-des-aimants\/","url":"https:\/\/www.magnetenspecialist.nl\/fr\/aimants-du-specialiste-des-aimants\/","name":"Aimants de The Magnet Specialist | Le plus grand magasin d'aimants en ligne","isPartOf":{"@id":"https:\/\/www.magnetenspecialist.nl\/fr\/#website"},"primaryImageOfPage":{"@id":"https:\/\/www.magnetenspecialist.nl\/fr\/aimants-du-specialiste-des-aimants\/#primaryimage"},"image":{"@id":"https:\/\/www.magnetenspecialist.nl\/fr\/aimants-du-specialiste-des-aimants\/#primaryimage"},"thumbnailUrl":"https:\/\/www.magnetenspecialist.nl\/wp-content\/uploads\/2018\/12\/Logo-640x480.jpg","datePublished":"2019-03-13T08:35:17+00:00","dateModified":"2022-02-04T11:13:59+00:00","description":"Achetez vos aimants en ligne en toute s\u00e9curit\u00e9 et rapidement sur Magnetenspecialist.nl. Nous sommes \u00e9galement pr\u00eats \u00e0 vous donner des conseils en mati\u00e8re d'aimants.","breadcrumb":{"@id":"https:\/\/www.magnetenspecialist.nl\/fr\/aimants-du-specialiste-des-aimants\/#breadcrumb"},"inLanguage":"fr-FR","potentialAction":[{"@type":"ReadAction","target":["https:\/\/www.magnetenspecialist.nl\/fr\/aimants-du-specialiste-des-aimants\/"]}]},{"@type":"ImageObject","inLanguage":"fr-FR","@id":"https:\/\/www.magnetenspecialist.nl\/fr\/aimants-du-specialiste-des-aimants\/#primaryimage","url":"https:\/\/www.magnetenspecialist.nl\/wp-content\/uploads\/2018\/12\/Logo-640x480.jpg","contentUrl":"https:\/\/www.magnetenspecialist.nl\/wp-content\/uploads\/2018\/12\/Logo-640x480.jpg"},{"@type":"BreadcrumbList","@id":"https:\/\/www.magnetenspecialist.nl\/fr\/aimants-du-specialiste-des-aimants\/#breadcrumb","itemListElement":[{"@type":"ListItem","position":1,"name":"Accueil","item":"https:\/\/www.magnetenspecialist.nl\/fr\/accueil\/"},{"@type":"ListItem","position":2,"name":"Aimants du sp\u00e9cialiste des aimants."}]},{"@type":"WebSite","@id":"https:\/\/www.magnetenspecialist.nl\/fr\/#website","url":"https:\/\/www.magnetenspecialist.nl\/fr\/","name":"Magnetenspecialist.nl","description":"Vaste gamme d'aimants en n\u00e9odyme","publisher":{"@id":"https:\/\/www.magnetenspecialist.nl\/fr\/#organization"},"potentialAction":[{"@type":"SearchAction","target":{"@type":"EntryPoint","urlTemplate":"https:\/\/www.magnetenspecialist.nl\/fr\/?s={search_term_string}"},"query-input":{"@type":"PropertyValueSpecification","valueRequired":true,"valueName":"search_term_string"}}],"inLanguage":"fr-FR"},{"@type":"Organization","@id":"https:\/\/www.magnetenspecialist.nl\/fr\/#organization","name":"Magnetenspecialist.nl","url":"https:\/\/www.magnetenspecialist.nl\/fr\/","logo":{"@type":"ImageObject","inLanguage":"fr-FR","@id":"https:\/\/www.magnetenspecialist.nl\/fr\/#\/schema\/logo\/image\/","url":"https:\/\/www.magnetenspecialist.nl\/wp-content\/uploads\/2018\/10\/magneten-logo.jpg","contentUrl":"https:\/\/www.magnetenspecialist.nl\/wp-content\/uploads\/2018\/10\/magneten-logo.jpg","width":151,"height":151,"caption":"Magnetenspecialist.nl"},"image":{"@id":"https:\/\/www.magnetenspecialist.nl\/fr\/#\/schema\/logo\/image\/"},"sameAs":["https:\/\/www.facebook.com\/Magnetenspecialist.nl","https:\/\/x.com\/magnetenspecial"]}]}},"_links":{"self":[{"href":"https:\/\/www.magnetenspecialist.nl\/fr\/wp-json\/wp\/v2\/pages\/107486","targetHints":{"allow":["GET"]}}],"collection":[{"href":"https:\/\/www.magnetenspecialist.nl\/fr\/wp-json\/wp\/v2\/pages"}],"about":[{"href":"https:\/\/www.magnetenspecialist.nl\/fr\/wp-json\/wp\/v2\/types\/page"}],"author":[{"embeddable":true,"href":"https:\/\/www.magnetenspecialist.nl\/fr\/wp-json\/wp\/v2\/users\/1"}],"replies":[{"embeddable":true,"href":"https:\/\/www.magnetenspecialist.nl\/fr\/wp-json\/wp\/v2\/comments?post=107486"}],"version-history":[{"count":0,"href":"https:\/\/www.magnetenspecialist.nl\/fr\/wp-json\/wp\/v2\/pages\/107486\/revisions"}],"wp:attachment":[{"href":"https:\/\/www.magnetenspecialist.nl\/fr\/wp-json\/wp\/v2\/media?parent=107486"}],"curies":[{"name":"wp","href":"https:\/\/api.w.org\/{rel}","templated":true}]}}