{"id":107488,"date":"2019-03-13T09:40:41","date_gmt":"2019-03-13T08:40:41","guid":{"rendered":"https:\/\/www.magnetenspecialist.nl\/vous-voulez-acheter-un-aimant-puissant\/"},"modified":"2022-02-04T12:14:00","modified_gmt":"2022-02-04T11:14:00","slug":"vous-voulez-acheter-un-aimant-puissant","status":"publish","type":"page","link":"https:\/\/www.magnetenspecialist.nl\/fr\/vous-voulez-acheter-un-aimant-puissant\/","title":{"rendered":"Vous voulez acheter un aimant puissant ?"},"content":{"rendered":"\n<div class=\"row d-flex align-items-center\">\n<div class=\"col-md-6 col-lg-4 col-xl-3\">\n<figure class=\"wp-block-image\"><img decoding=\"async\" src=\"https:\/\/www.magnetenspecialist.nl\/wp-content\/uploads\/2019\/03\/Image-255.png\" alt=\"Aimant puissant\" class=\"aligncenter\"\/><\/figure><\/div>\n\n<div class=\"col-md-6 col-lg-8 col-xl-9\">\n<h2>Le sp\u00e9cialiste des aimants les a.<\/h2>\n<p>Nous disposons d&#8217;une large gamme d&#8217;aimants n\u00e9odymes puissants. Par exemple, un aimant puissant n&#8217;a pas besoin d&#8217;\u00eatre grand. Nous vendons \u00e9galement de petits aimants tr\u00e8s puissants. Jetez un coup d&#8217;\u0153il \u00e0 l&#8217;<a href=\"https:\/\/www.magnetenspecialist.nl\/fr\/magasin\/aimant-avec-oeillet\/aimant-avec-oeillet-60-x-18-x-10-mm\/\" title=\"krachtige magneet met oogmoer zoals in de afbeelding.\">aimant puissant avec \u00e9crou \u00e0 \u0153il tel qu&#8217;il appara\u00eet sur la photo.<\/a> Il a une capacit\u00e9 de charge de 110 kg ! Il est utilis\u00e9, par exemple, dans l&#8217;industrie et la construction pour le levage de grandes t\u00f4les.  <\/p>\n<\/div>\n<\/div>\n\n<h2 class=\"wp-block-heading\">Un aimant puissant, livr\u00e9 rapidement.  <\/h2>\n\n<p>Les v\u00e9ritables centrales de notre gamme ont une capacit\u00e9 de charge de plus de 500 kg ! Mais vous pouvez \u00e9galement commander tout ce qui se trouve entre les deux dans notre boutique en ligne. Un aimant puissant est toujours un aimant en n\u00e9odyme. Dans notre boutique en ligne, vous pouvez facilement voir les sp\u00e9cifications de chaque aimant dans les d\u00e9tails du produit. Vous vous rendrez vite compte que m\u00eame les petits aimants peuvent \u00eatre tr\u00e8s puissants. Cela d\u00e9pend simplement de ce que vous recherchez.  <\/p>\n\n<p>Ainsi, que vous recherchiez un petit ou un grand aimant puissant, le sp\u00e9cialiste des aimants vous aidera. Nous vendons des aimants puissants pour toutes les applications, des applications industrielles aux aimants puissants pour les particuliers.  <\/p>\n\n<div class=\"cta-banner\">\n    <h4>Recherche par puissance de maintien dans notre boutique<\/h4>\n    <a class=\"cta-banner-btn\" href=\"https:\/\/www.magnetenspecialist.nl\/winkel\/\" title=\"Zoek op houdkracht in onze winkel\">Voir maintenant<\/a>\n<\/div>\n\n<h3 class=\"wp-block-heading\">Voir par exemple nos aimants de p\u00eache<\/h3>\n\nLes aimants de p\u00eache sont utilis\u00e9s pour la p\u00eache magn\u00e9tique. Pour de nombreuses personnes, il s&#8217;agit d&#8217;un passe-temps agr\u00e9able. La p\u00eache magn\u00e9tique ne consiste pas \u00e0 p\u00eacher, mais \u00e0 rechercher des objets magn\u00e9tiques sous l&#8217;eau. Le sp\u00e9cialiste des aimants vend les <a title=\"krachtigste vismagneten\" href=\"https:\/\/www.magnetenspecialist.nl\/fr\/categorie-de-produit\/aimants-pour-la-peche-aux-tresors\/\">aimants de p\u00eache les plus puissants<\/a> afin que vous puissiez rep\u00eacher les objets magn\u00e9tiques les plus lourds dans l&#8217;eau ! Notre aimant de p\u00eache le plus puissant a un pouvoir de r\u00e9tention de 500Kg ! Le puissant aimant est livr\u00e9 pr\u00eat \u00e0 p\u00eacher, avec 20 m\u00e8tres de la corde la plus solide, un \u0153il rempla\u00e7able et un mousqueton (clip) pratique pour ancrer l&#8217;aimant de p\u00eache afin qu&#8217;il ne se perde jamais dans l&#8217;eau.\n","protected":false},"excerpt":{"rendered":"<p>Le sp\u00e9cialiste des aimants les a. Nous disposons d&#8217;une large gamme d&#8217;aimants n\u00e9odymes puissants. Par exemple, un aimant puissant n&#8217;a pas besoin d&#8217;\u00eatre grand. Nous vendons \u00e9galement de petits aimants tr\u00e8s puissants. Jetez un coup d&#8217;\u0153il \u00e0 l&#8217;aimant puissant avec \u00e9crou \u00e0 \u0153il tel qu&#8217;il appara\u00eet sur la photo. Il a une capacit\u00e9 de charge [&hellip;]<\/p>\n","protected":false},"author":1,"featured_media":90158,"parent":0,"menu_order":0,"comment_status":"closed","ping_status":"closed","template":"template-full.php","meta":{"_acf_changed":false,"footnotes":""},"class_list":["post-107488","page","type-page","status-publish","has-post-thumbnail","hentry"],"acf":[],"yoast_head":"<!-- This site is optimized with the Yoast SEO Premium plugin v24.7 (Yoast SEO v24.7) - https:\/\/yoast.com\/wordpress\/plugins\/seo\/ -->\n<title>Commandez un aimant puissant en ligne - Le sp\u00e9cialiste des aimants les propose.<\/title>\n<meta name=\"description\" content=\"Vous voulez acheter un aimant puissant ? Ne cherchez pas plus loin, Magnetenspecialist a des aimants d&#039;une puissance de maintien de 500 kg dans la maison ! Mais aussi de petits aimants puissants\" \/>\n<meta name=\"robots\" content=\"index, follow, max-snippet:-1, max-image-preview:large, max-video-preview:-1\" \/>\n<link rel=\"canonical\" href=\"https:\/\/www.magnetenspecialist.nl\/fr\/vous-voulez-acheter-un-aimant-puissant\/\" \/>\n<meta property=\"og:locale\" content=\"fr_FR\" \/>\n<meta property=\"og:type\" content=\"article\" \/>\n<meta property=\"og:title\" content=\"Vous voulez acheter un aimant puissant ?\" \/>\n<meta property=\"og:description\" content=\"Vous voulez acheter un aimant puissant ? Ne cherchez pas plus loin, Magnetenspecialist a des aimants d&#039;une puissance de maintien de 500 kg dans la maison ! Mais aussi de petits aimants puissants\" \/>\n<meta property=\"og:url\" content=\"https:\/\/www.magnetenspecialist.nl\/fr\/vous-voulez-acheter-un-aimant-puissant\/\" \/>\n<meta property=\"og:site_name\" content=\"Magnetenspecialist.nl\" \/>\n<meta property=\"article:publisher\" content=\"https:\/\/www.facebook.com\/Magnetenspecialist.nl\" \/>\n<meta property=\"article:modified_time\" content=\"2022-02-04T11:14:00+00:00\" \/>\n<meta property=\"og:image\" content=\"https:\/\/www.magnetenspecialist.nl\/wp-content\/uploads\/2019\/03\/Image-189.png\" \/>\n\t<meta property=\"og:image:width\" content=\"600\" \/>\n\t<meta property=\"og:image:height\" content=\"450\" \/>\n\t<meta property=\"og:image:type\" content=\"image\/png\" \/>\n<meta name=\"twitter:card\" content=\"summary_large_image\" \/>\n<meta name=\"twitter:site\" content=\"@magnetenspecial\" \/>\n<meta name=\"twitter:label1\" content=\"Dur\u00e9e de lecture estim\u00e9e\" \/>\n\t<meta name=\"twitter:data1\" content=\"2 minutes\" \/>\n<script type=\"application\/ld+json\" class=\"yoast-schema-graph\">{\"@context\":\"https:\/\/schema.org\",\"@graph\":[{\"@type\":\"WebPage\",\"@id\":\"https:\/\/www.magnetenspecialist.nl\/fr\/vous-voulez-acheter-un-aimant-puissant\/\",\"url\":\"https:\/\/www.magnetenspecialist.nl\/fr\/vous-voulez-acheter-un-aimant-puissant\/\",\"name\":\"Commandez un aimant puissant en ligne - Le sp\u00e9cialiste des aimants les propose.\",\"isPartOf\":{\"@id\":\"https:\/\/www.magnetenspecialist.nl\/fr\/#website\"},\"primaryImageOfPage\":{\"@id\":\"https:\/\/www.magnetenspecialist.nl\/fr\/vous-voulez-acheter-un-aimant-puissant\/#primaryimage\"},\"image\":{\"@id\":\"https:\/\/www.magnetenspecialist.nl\/fr\/vous-voulez-acheter-un-aimant-puissant\/#primaryimage\"},\"thumbnailUrl\":\"https:\/\/www.magnetenspecialist.nl\/wp-content\/uploads\/2019\/03\/Image-189.png\",\"datePublished\":\"2019-03-13T08:40:41+00:00\",\"dateModified\":\"2022-02-04T11:14:00+00:00\",\"description\":\"Vous voulez acheter un aimant puissant ? Ne cherchez pas plus loin, Magnetenspecialist a des aimants d'une puissance de maintien de 500 kg dans la maison ! Mais aussi de petits aimants puissants\",\"breadcrumb\":{\"@id\":\"https:\/\/www.magnetenspecialist.nl\/fr\/vous-voulez-acheter-un-aimant-puissant\/#breadcrumb\"},\"inLanguage\":\"fr-FR\",\"potentialAction\":[{\"@type\":\"ReadAction\",\"target\":[\"https:\/\/www.magnetenspecialist.nl\/fr\/vous-voulez-acheter-un-aimant-puissant\/\"]}]},{\"@type\":\"ImageObject\",\"inLanguage\":\"fr-FR\",\"@id\":\"https:\/\/www.magnetenspecialist.nl\/fr\/vous-voulez-acheter-un-aimant-puissant\/#primaryimage\",\"url\":\"https:\/\/www.magnetenspecialist.nl\/wp-content\/uploads\/2019\/03\/Image-189.png\",\"contentUrl\":\"https:\/\/www.magnetenspecialist.nl\/wp-content\/uploads\/2019\/03\/Image-189.png\",\"width\":600,\"height\":450,\"caption\":\"aimant puissant\"},{\"@type\":\"BreadcrumbList\",\"@id\":\"https:\/\/www.magnetenspecialist.nl\/fr\/vous-voulez-acheter-un-aimant-puissant\/#breadcrumb\",\"itemListElement\":[{\"@type\":\"ListItem\",\"position\":1,\"name\":\"Accueil\",\"item\":\"https:\/\/www.magnetenspecialist.nl\/fr\/accueil\/\"},{\"@type\":\"ListItem\",\"position\":2,\"name\":\"Vous voulez acheter un aimant puissant ?\"}]},{\"@type\":\"WebSite\",\"@id\":\"https:\/\/www.magnetenspecialist.nl\/fr\/#website\",\"url\":\"https:\/\/www.magnetenspecialist.nl\/fr\/\",\"name\":\"Magnetenspecialist.nl\",\"description\":\"Vaste gamme d'aimants en n\u00e9odyme\",\"publisher\":{\"@id\":\"https:\/\/www.magnetenspecialist.nl\/fr\/#organization\"},\"potentialAction\":[{\"@type\":\"SearchAction\",\"target\":{\"@type\":\"EntryPoint\",\"urlTemplate\":\"https:\/\/www.magnetenspecialist.nl\/fr\/?s={search_term_string}\"},\"query-input\":{\"@type\":\"PropertyValueSpecification\",\"valueRequired\":true,\"valueName\":\"search_term_string\"}}],\"inLanguage\":\"fr-FR\"},{\"@type\":\"Organization\",\"@id\":\"https:\/\/www.magnetenspecialist.nl\/fr\/#organization\",\"name\":\"Magnetenspecialist.nl\",\"url\":\"https:\/\/www.magnetenspecialist.nl\/fr\/\",\"logo\":{\"@type\":\"ImageObject\",\"inLanguage\":\"fr-FR\",\"@id\":\"https:\/\/www.magnetenspecialist.nl\/fr\/#\/schema\/logo\/image\/\",\"url\":\"https:\/\/www.magnetenspecialist.nl\/wp-content\/uploads\/2018\/10\/magneten-logo.jpg\",\"contentUrl\":\"https:\/\/www.magnetenspecialist.nl\/wp-content\/uploads\/2018\/10\/magneten-logo.jpg\",\"width\":151,\"height\":151,\"caption\":\"Magnetenspecialist.nl\"},\"image\":{\"@id\":\"https:\/\/www.magnetenspecialist.nl\/fr\/#\/schema\/logo\/image\/\"},\"sameAs\":[\"https:\/\/www.facebook.com\/Magnetenspecialist.nl\",\"https:\/\/x.com\/magnetenspecial\"]}]}<\/script>\n<!-- \/ Yoast SEO Premium plugin. -->","yoast_head_json":{"title":"Commandez un aimant puissant en ligne - Le sp\u00e9cialiste des aimants les propose.","description":"Vous voulez acheter un aimant puissant ? Ne cherchez pas plus loin, Magnetenspecialist a des aimants d'une puissance de maintien de 500 kg dans la maison ! Mais aussi de petits aimants puissants","robots":{"index":"index","follow":"follow","max-snippet":"max-snippet:-1","max-image-preview":"max-image-preview:large","max-video-preview":"max-video-preview:-1"},"canonical":"https:\/\/www.magnetenspecialist.nl\/fr\/vous-voulez-acheter-un-aimant-puissant\/","og_locale":"fr_FR","og_type":"article","og_title":"Vous voulez acheter un aimant puissant ?","og_description":"Vous voulez acheter un aimant puissant ? Ne cherchez pas plus loin, Magnetenspecialist a des aimants d'une puissance de maintien de 500 kg dans la maison ! Mais aussi de petits aimants puissants","og_url":"https:\/\/www.magnetenspecialist.nl\/fr\/vous-voulez-acheter-un-aimant-puissant\/","og_site_name":"Magnetenspecialist.nl","article_publisher":"https:\/\/www.facebook.com\/Magnetenspecialist.nl","article_modified_time":"2022-02-04T11:14:00+00:00","og_image":[{"width":600,"height":450,"url":"https:\/\/www.magnetenspecialist.nl\/wp-content\/uploads\/2019\/03\/Image-189.png","type":"image\/png"}],"twitter_card":"summary_large_image","twitter_site":"@magnetenspecial","twitter_misc":{"Dur\u00e9e de lecture estim\u00e9e":"2 minutes"},"schema":{"@context":"https:\/\/schema.org","@graph":[{"@type":"WebPage","@id":"https:\/\/www.magnetenspecialist.nl\/fr\/vous-voulez-acheter-un-aimant-puissant\/","url":"https:\/\/www.magnetenspecialist.nl\/fr\/vous-voulez-acheter-un-aimant-puissant\/","name":"Commandez un aimant puissant en ligne - Le sp\u00e9cialiste des aimants les propose.","isPartOf":{"@id":"https:\/\/www.magnetenspecialist.nl\/fr\/#website"},"primaryImageOfPage":{"@id":"https:\/\/www.magnetenspecialist.nl\/fr\/vous-voulez-acheter-un-aimant-puissant\/#primaryimage"},"image":{"@id":"https:\/\/www.magnetenspecialist.nl\/fr\/vous-voulez-acheter-un-aimant-puissant\/#primaryimage"},"thumbnailUrl":"https:\/\/www.magnetenspecialist.nl\/wp-content\/uploads\/2019\/03\/Image-189.png","datePublished":"2019-03-13T08:40:41+00:00","dateModified":"2022-02-04T11:14:00+00:00","description":"Vous voulez acheter un aimant puissant ? Ne cherchez pas plus loin, Magnetenspecialist a des aimants d'une puissance de maintien de 500 kg dans la maison ! Mais aussi de petits aimants puissants","breadcrumb":{"@id":"https:\/\/www.magnetenspecialist.nl\/fr\/vous-voulez-acheter-un-aimant-puissant\/#breadcrumb"},"inLanguage":"fr-FR","potentialAction":[{"@type":"ReadAction","target":["https:\/\/www.magnetenspecialist.nl\/fr\/vous-voulez-acheter-un-aimant-puissant\/"]}]},{"@type":"ImageObject","inLanguage":"fr-FR","@id":"https:\/\/www.magnetenspecialist.nl\/fr\/vous-voulez-acheter-un-aimant-puissant\/#primaryimage","url":"https:\/\/www.magnetenspecialist.nl\/wp-content\/uploads\/2019\/03\/Image-189.png","contentUrl":"https:\/\/www.magnetenspecialist.nl\/wp-content\/uploads\/2019\/03\/Image-189.png","width":600,"height":450,"caption":"aimant puissant"},{"@type":"BreadcrumbList","@id":"https:\/\/www.magnetenspecialist.nl\/fr\/vous-voulez-acheter-un-aimant-puissant\/#breadcrumb","itemListElement":[{"@type":"ListItem","position":1,"name":"Accueil","item":"https:\/\/www.magnetenspecialist.nl\/fr\/accueil\/"},{"@type":"ListItem","position":2,"name":"Vous voulez acheter un aimant puissant ?"}]},{"@type":"WebSite","@id":"https:\/\/www.magnetenspecialist.nl\/fr\/#website","url":"https:\/\/www.magnetenspecialist.nl\/fr\/","name":"Magnetenspecialist.nl","description":"Vaste gamme d'aimants en n\u00e9odyme","publisher":{"@id":"https:\/\/www.magnetenspecialist.nl\/fr\/#organization"},"potentialAction":[{"@type":"SearchAction","target":{"@type":"EntryPoint","urlTemplate":"https:\/\/www.magnetenspecialist.nl\/fr\/?s={search_term_string}"},"query-input":{"@type":"PropertyValueSpecification","valueRequired":true,"valueName":"search_term_string"}}],"inLanguage":"fr-FR"},{"@type":"Organization","@id":"https:\/\/www.magnetenspecialist.nl\/fr\/#organization","name":"Magnetenspecialist.nl","url":"https:\/\/www.magnetenspecialist.nl\/fr\/","logo":{"@type":"ImageObject","inLanguage":"fr-FR","@id":"https:\/\/www.magnetenspecialist.nl\/fr\/#\/schema\/logo\/image\/","url":"https:\/\/www.magnetenspecialist.nl\/wp-content\/uploads\/2018\/10\/magneten-logo.jpg","contentUrl":"https:\/\/www.magnetenspecialist.nl\/wp-content\/uploads\/2018\/10\/magneten-logo.jpg","width":151,"height":151,"caption":"Magnetenspecialist.nl"},"image":{"@id":"https:\/\/www.magnetenspecialist.nl\/fr\/#\/schema\/logo\/image\/"},"sameAs":["https:\/\/www.facebook.com\/Magnetenspecialist.nl","https:\/\/x.com\/magnetenspecial"]}]}},"_links":{"self":[{"href":"https:\/\/www.magnetenspecialist.nl\/fr\/wp-json\/wp\/v2\/pages\/107488","targetHints":{"allow":["GET"]}}],"collection":[{"href":"https:\/\/www.magnetenspecialist.nl\/fr\/wp-json\/wp\/v2\/pages"}],"about":[{"href":"https:\/\/www.magnetenspecialist.nl\/fr\/wp-json\/wp\/v2\/types\/page"}],"author":[{"embeddable":true,"href":"https:\/\/www.magnetenspecialist.nl\/fr\/wp-json\/wp\/v2\/users\/1"}],"replies":[{"embeddable":true,"href":"https:\/\/www.magnetenspecialist.nl\/fr\/wp-json\/wp\/v2\/comments?post=107488"}],"version-history":[{"count":0,"href":"https:\/\/www.magnetenspecialist.nl\/fr\/wp-json\/wp\/v2\/pages\/107488\/revisions"}],"wp:featuredmedia":[{"embeddable":true,"href":"https:\/\/www.magnetenspecialist.nl\/fr\/wp-json\/wp\/v2\/media\/90158"}],"wp:attachment":[{"href":"https:\/\/www.magnetenspecialist.nl\/fr\/wp-json\/wp\/v2\/media?parent=107488"}],"curies":[{"name":"wp","href":"https:\/\/api.w.org\/{rel}","templated":true}]}}