{"id":107490,"date":"2019-03-12T16:22:01","date_gmt":"2019-03-12T15:22:01","guid":{"rendered":"https:\/\/www.magnetenspecialist.nl\/aimants-a-poissons\/"},"modified":"2024-09-10T15:04:01","modified_gmt":"2024-09-10T13:04:01","slug":"aimants-a-poissons","status":"publish","type":"page","link":"https:\/\/www.magnetenspecialist.nl\/fr\/aimants-a-poissons\/","title":{"rendered":"Aimants \u00e0 poissons"},"content":{"rendered":"\n<div class=\"row d-flex align-items-center\">\n<div class=\"col-md-6 col-lg-4 col-xl-3\">\n<figure class=\"wp-block-image\"><img decoding=\"async\" src=\"https:\/\/www.magnetenspecialist.nl\/wp-content\/uploads\/2019\/03\/Image-267.png\" alt=\"sterkste vismagneet\" class=\"aligncenter\"\/><\/figure>\n<\/div>\n\n<div class=\"col-md-6 col-lg-8 col-xl-9\">\n<h2>Aimants pour poissons du sp\u00e9cialiste des aimants<\/h2>\n<p>Le sp\u00e9cialiste des aimants a en stock de nombreux types et tailles d&#8217;aimants pour poissons, tous exp\u00e9di\u00e9s et livr\u00e9s rapidement. Des aimants pour poissons d&#8217;une puissance de retenue de 88 kg \u00e0 500 kg ! Vous pouvez acheter l&#8217;aimant de p\u00eache le plus puissant chez le sp\u00e9cialiste des aimants. Ils sont tous livr\u00e9s avec 20 ou 25 m\u00e8tres de corde attach\u00e9e \u00e0 un \u00e9crou \u00e0 \u0153il robuste. L&#8217;\u00e9crou \u00e0 \u0153il est solidement fix\u00e9 \u00e0 l&#8217;aimant, ce qui vous permet de p\u00eacher les objets les plus lourds.<\/p>\n<\/div>\n<\/div>\n\n<h2 class=\"wp-block-heading\">Comment fonctionne la p\u00eache magn\u00e9tique ?<\/h2>\n\n<p>L&#8217;aimant est attach\u00e9 \u00e0 une corde d&#8217;un m\u00e8tre de long et est disponible en diff\u00e9rentes r\u00e9sistances \u00e0 la traction ; plus la r\u00e9sistance \u00e0 la traction est \u00e9lev\u00e9e, plus il est possible de soulever des m\u00e9taux lourds. L&#8217;aimant est jet\u00e9 dans une piscine, un \u00e9tang ou une douve afin de r\u00e9cup\u00e9rer des objets en fer ; les arch\u00e9ologues travaillent avec lui depuis longtemps afin de retrouver des objets historiques de l&#8217;Antiquit\u00e9. L&#8217;excitation r\u00e9side principalement dans ce qui en d\u00e9coule.  <\/p>\n\n<h3 class=\"wp-block-heading\">La p\u00eache magn\u00e9tique fait appel \u00e0 l&#8217;imagination.<\/h3>\n\n<p>On ne sait jamais ce qu&#8217;on peut rencontrer. Nous avons vu suffisamment d&#8217;histoires de munitions perdues pendant les guerres qui ont \u00e9t\u00e9 r\u00e9cup\u00e9r\u00e9es. Cependant, la plupart des objets rep\u00each\u00e9s sont simplement int\u00e9ressants, \u00e9tranges ou parfois m\u00eame antiques et valent beaucoup d&#8217;argent ! Un ferrailleur peut s&#8217;en donner \u00e0 c\u0153ur joie, car les canaux sont souvent remplis de vieilles bicyclettes desquelles on peut tirer des kilos de ferraille.  <\/p>\n\n<div class=\"cta-banner\">\n    <h4>Voir tous nos aimants de p\u00eache puissants<\/h4>\n    <a class=\"cta-banner-btn\" href=\"https:\/\/www.magnetenspecialist.nl\/?s=Vismagneet&#038;post_type=product\" title=\"Voir tous nos aimants de p\u00eache puissants\">Voir maintenant<\/a>\n<\/div>\n\n<h2 class=\"wp-block-heading\">Aimants pour poissons de qualit\u00e9 sup\u00e9rieure avec un bon service  <\/h2>\n\n<p>Tous nos aimants de p\u00eache sont de qualit\u00e9 sup\u00e9rieure et sp\u00e9cialement con\u00e7us pour la p\u00eache magn\u00e9tique. Les plus gros aimants \u00e0 poissons sont plac\u00e9s dans un pot en acier afin que le fond de l&#8217;aimant puisse faire le travail. Les aimants \u00e0 poissons les plus lourds sont \u00e9quip\u00e9s d&#8217;\u00e9crous \u00e0 \u0153il lourds qui sont fix\u00e9s \u00e0 travers l&#8217;aimant au moyen d&#8217;un boulon \u00e9pais. Ils conviennent parfaitement aux travaux lourds.  <\/p>\n","protected":false},"excerpt":{"rendered":"<p>Aimants pour poissons du sp\u00e9cialiste des aimants Le sp\u00e9cialiste des aimants a en stock de nombreux types et tailles d&#8217;aimants pour poissons, tous exp\u00e9di\u00e9s et livr\u00e9s rapidement. Des aimants pour poissons d&#8217;une puissance de retenue de 88 kg \u00e0 500 kg ! Vous pouvez acheter l&#8217;aimant de p\u00eache le plus puissant chez le sp\u00e9cialiste des [&hellip;]<\/p>\n","protected":false},"author":1,"featured_media":0,"parent":0,"menu_order":0,"comment_status":"closed","ping_status":"closed","template":"template-full.php","meta":{"_acf_changed":false,"footnotes":""},"class_list":["post-107490","page","type-page","status-publish","hentry"],"acf":[],"yoast_head":"<!-- This site is optimized with the Yoast SEO Premium plugin v24.7 (Yoast SEO v24.7) - https:\/\/yoast.com\/wordpress\/plugins\/seo\/ -->\n<title>Aimants pour poissons | L&#039;aimant pour poissons le plus puissant<\/title>\n<meta name=\"description\" content=\"Des aimants \u00e0 poissons d&#039;une capacit\u00e9 de charge allant jusqu&#039;\u00e0 500 kg ! Vous trouverez les aimants \u00e0 poissons les plus forts, les aimants \u00e0 poissons les plus grands et les aimants \u00e0 poissons les plus lourds chez Magnet Specialist.\" \/>\n<meta name=\"robots\" content=\"index, follow, max-snippet:-1, max-image-preview:large, max-video-preview:-1\" \/>\n<link rel=\"canonical\" href=\"https:\/\/www.magnetenspecialist.nl\/fr\/aimants-a-poissons\/\" \/>\n<meta property=\"og:locale\" content=\"fr_FR\" \/>\n<meta property=\"og:type\" content=\"article\" \/>\n<meta property=\"og:title\" content=\"Aimants \u00e0 poissons\" \/>\n<meta property=\"og:description\" content=\"Des aimants \u00e0 poissons d&#039;une capacit\u00e9 de charge allant jusqu&#039;\u00e0 500 kg ! Vous trouverez les aimants \u00e0 poissons les plus forts, les aimants \u00e0 poissons les plus grands et les aimants \u00e0 poissons les plus lourds chez Magnet Specialist.\" \/>\n<meta property=\"og:url\" content=\"https:\/\/www.magnetenspecialist.nl\/fr\/aimants-a-poissons\/\" \/>\n<meta property=\"og:site_name\" content=\"Magnetenspecialist.nl\" \/>\n<meta property=\"article:publisher\" content=\"https:\/\/www.facebook.com\/Magnetenspecialist.nl\" \/>\n<meta property=\"article:modified_time\" content=\"2024-09-10T13:04:01+00:00\" \/>\n<meta property=\"og:image\" content=\"https:\/\/www.magnetenspecialist.nl\/wp-content\/uploads\/2019\/03\/Image-267.png\" \/>\n<meta name=\"twitter:card\" content=\"summary_large_image\" \/>\n<meta name=\"twitter:site\" content=\"@magnetenspecial\" \/>\n<meta name=\"twitter:label1\" content=\"Dur\u00e9e de lecture estim\u00e9e\" \/>\n\t<meta name=\"twitter:data1\" content=\"2 minutes\" \/>\n<script type=\"application\/ld+json\" class=\"yoast-schema-graph\">{\"@context\":\"https:\/\/schema.org\",\"@graph\":[{\"@type\":\"WebPage\",\"@id\":\"https:\/\/www.magnetenspecialist.nl\/fr\/aimants-a-poissons\/\",\"url\":\"https:\/\/www.magnetenspecialist.nl\/fr\/aimants-a-poissons\/\",\"name\":\"Aimants pour poissons | L'aimant pour poissons le plus puissant\",\"isPartOf\":{\"@id\":\"https:\/\/www.magnetenspecialist.nl\/fr\/#website\"},\"primaryImageOfPage\":{\"@id\":\"https:\/\/www.magnetenspecialist.nl\/fr\/aimants-a-poissons\/#primaryimage\"},\"image\":{\"@id\":\"https:\/\/www.magnetenspecialist.nl\/fr\/aimants-a-poissons\/#primaryimage\"},\"thumbnailUrl\":\"https:\/\/www.magnetenspecialist.nl\/wp-content\/uploads\/2019\/03\/Image-267.png\",\"datePublished\":\"2019-03-12T15:22:01+00:00\",\"dateModified\":\"2024-09-10T13:04:01+00:00\",\"description\":\"Des aimants \u00e0 poissons d'une capacit\u00e9 de charge allant jusqu'\u00e0 500 kg ! Vous trouverez les aimants \u00e0 poissons les plus forts, les aimants \u00e0 poissons les plus grands et les aimants \u00e0 poissons les plus lourds chez Magnet Specialist.\",\"breadcrumb\":{\"@id\":\"https:\/\/www.magnetenspecialist.nl\/fr\/aimants-a-poissons\/#breadcrumb\"},\"inLanguage\":\"fr-FR\",\"potentialAction\":[{\"@type\":\"ReadAction\",\"target\":[\"https:\/\/www.magnetenspecialist.nl\/fr\/aimants-a-poissons\/\"]}]},{\"@type\":\"ImageObject\",\"inLanguage\":\"fr-FR\",\"@id\":\"https:\/\/www.magnetenspecialist.nl\/fr\/aimants-a-poissons\/#primaryimage\",\"url\":\"https:\/\/www.magnetenspecialist.nl\/wp-content\/uploads\/2019\/03\/Image-267.png\",\"contentUrl\":\"https:\/\/www.magnetenspecialist.nl\/wp-content\/uploads\/2019\/03\/Image-267.png\"},{\"@type\":\"BreadcrumbList\",\"@id\":\"https:\/\/www.magnetenspecialist.nl\/fr\/aimants-a-poissons\/#breadcrumb\",\"itemListElement\":[{\"@type\":\"ListItem\",\"position\":1,\"name\":\"Accueil\",\"item\":\"https:\/\/www.magnetenspecialist.nl\/fr\/accueil\/\"},{\"@type\":\"ListItem\",\"position\":2,\"name\":\"Aimants \u00e0 poissons\"}]},{\"@type\":\"WebSite\",\"@id\":\"https:\/\/www.magnetenspecialist.nl\/fr\/#website\",\"url\":\"https:\/\/www.magnetenspecialist.nl\/fr\/\",\"name\":\"Magnetenspecialist.nl\",\"description\":\"Vaste gamme d'aimants en n\u00e9odyme\",\"publisher\":{\"@id\":\"https:\/\/www.magnetenspecialist.nl\/fr\/#organization\"},\"potentialAction\":[{\"@type\":\"SearchAction\",\"target\":{\"@type\":\"EntryPoint\",\"urlTemplate\":\"https:\/\/www.magnetenspecialist.nl\/fr\/?s={search_term_string}\"},\"query-input\":{\"@type\":\"PropertyValueSpecification\",\"valueRequired\":true,\"valueName\":\"search_term_string\"}}],\"inLanguage\":\"fr-FR\"},{\"@type\":\"Organization\",\"@id\":\"https:\/\/www.magnetenspecialist.nl\/fr\/#organization\",\"name\":\"Magnetenspecialist.nl\",\"url\":\"https:\/\/www.magnetenspecialist.nl\/fr\/\",\"logo\":{\"@type\":\"ImageObject\",\"inLanguage\":\"fr-FR\",\"@id\":\"https:\/\/www.magnetenspecialist.nl\/fr\/#\/schema\/logo\/image\/\",\"url\":\"https:\/\/www.magnetenspecialist.nl\/wp-content\/uploads\/2018\/10\/magneten-logo.jpg\",\"contentUrl\":\"https:\/\/www.magnetenspecialist.nl\/wp-content\/uploads\/2018\/10\/magneten-logo.jpg\",\"width\":151,\"height\":151,\"caption\":\"Magnetenspecialist.nl\"},\"image\":{\"@id\":\"https:\/\/www.magnetenspecialist.nl\/fr\/#\/schema\/logo\/image\/\"},\"sameAs\":[\"https:\/\/www.facebook.com\/Magnetenspecialist.nl\",\"https:\/\/x.com\/magnetenspecial\"]}]}<\/script>\n<!-- \/ Yoast SEO Premium plugin. -->","yoast_head_json":{"title":"Aimants pour poissons | L'aimant pour poissons le plus puissant","description":"Des aimants \u00e0 poissons d'une capacit\u00e9 de charge allant jusqu'\u00e0 500 kg ! Vous trouverez les aimants \u00e0 poissons les plus forts, les aimants \u00e0 poissons les plus grands et les aimants \u00e0 poissons les plus lourds chez Magnet Specialist.","robots":{"index":"index","follow":"follow","max-snippet":"max-snippet:-1","max-image-preview":"max-image-preview:large","max-video-preview":"max-video-preview:-1"},"canonical":"https:\/\/www.magnetenspecialist.nl\/fr\/aimants-a-poissons\/","og_locale":"fr_FR","og_type":"article","og_title":"Aimants \u00e0 poissons","og_description":"Des aimants \u00e0 poissons d'une capacit\u00e9 de charge allant jusqu'\u00e0 500 kg ! Vous trouverez les aimants \u00e0 poissons les plus forts, les aimants \u00e0 poissons les plus grands et les aimants \u00e0 poissons les plus lourds chez Magnet Specialist.","og_url":"https:\/\/www.magnetenspecialist.nl\/fr\/aimants-a-poissons\/","og_site_name":"Magnetenspecialist.nl","article_publisher":"https:\/\/www.facebook.com\/Magnetenspecialist.nl","article_modified_time":"2024-09-10T13:04:01+00:00","og_image":[{"url":"https:\/\/www.magnetenspecialist.nl\/wp-content\/uploads\/2019\/03\/Image-267.png","type":"","width":"","height":""}],"twitter_card":"summary_large_image","twitter_site":"@magnetenspecial","twitter_misc":{"Dur\u00e9e de lecture estim\u00e9e":"2 minutes"},"schema":{"@context":"https:\/\/schema.org","@graph":[{"@type":"WebPage","@id":"https:\/\/www.magnetenspecialist.nl\/fr\/aimants-a-poissons\/","url":"https:\/\/www.magnetenspecialist.nl\/fr\/aimants-a-poissons\/","name":"Aimants pour poissons | L'aimant pour poissons le plus puissant","isPartOf":{"@id":"https:\/\/www.magnetenspecialist.nl\/fr\/#website"},"primaryImageOfPage":{"@id":"https:\/\/www.magnetenspecialist.nl\/fr\/aimants-a-poissons\/#primaryimage"},"image":{"@id":"https:\/\/www.magnetenspecialist.nl\/fr\/aimants-a-poissons\/#primaryimage"},"thumbnailUrl":"https:\/\/www.magnetenspecialist.nl\/wp-content\/uploads\/2019\/03\/Image-267.png","datePublished":"2019-03-12T15:22:01+00:00","dateModified":"2024-09-10T13:04:01+00:00","description":"Des aimants \u00e0 poissons d'une capacit\u00e9 de charge allant jusqu'\u00e0 500 kg ! Vous trouverez les aimants \u00e0 poissons les plus forts, les aimants \u00e0 poissons les plus grands et les aimants \u00e0 poissons les plus lourds chez Magnet Specialist.","breadcrumb":{"@id":"https:\/\/www.magnetenspecialist.nl\/fr\/aimants-a-poissons\/#breadcrumb"},"inLanguage":"fr-FR","potentialAction":[{"@type":"ReadAction","target":["https:\/\/www.magnetenspecialist.nl\/fr\/aimants-a-poissons\/"]}]},{"@type":"ImageObject","inLanguage":"fr-FR","@id":"https:\/\/www.magnetenspecialist.nl\/fr\/aimants-a-poissons\/#primaryimage","url":"https:\/\/www.magnetenspecialist.nl\/wp-content\/uploads\/2019\/03\/Image-267.png","contentUrl":"https:\/\/www.magnetenspecialist.nl\/wp-content\/uploads\/2019\/03\/Image-267.png"},{"@type":"BreadcrumbList","@id":"https:\/\/www.magnetenspecialist.nl\/fr\/aimants-a-poissons\/#breadcrumb","itemListElement":[{"@type":"ListItem","position":1,"name":"Accueil","item":"https:\/\/www.magnetenspecialist.nl\/fr\/accueil\/"},{"@type":"ListItem","position":2,"name":"Aimants \u00e0 poissons"}]},{"@type":"WebSite","@id":"https:\/\/www.magnetenspecialist.nl\/fr\/#website","url":"https:\/\/www.magnetenspecialist.nl\/fr\/","name":"Magnetenspecialist.nl","description":"Vaste gamme d'aimants en n\u00e9odyme","publisher":{"@id":"https:\/\/www.magnetenspecialist.nl\/fr\/#organization"},"potentialAction":[{"@type":"SearchAction","target":{"@type":"EntryPoint","urlTemplate":"https:\/\/www.magnetenspecialist.nl\/fr\/?s={search_term_string}"},"query-input":{"@type":"PropertyValueSpecification","valueRequired":true,"valueName":"search_term_string"}}],"inLanguage":"fr-FR"},{"@type":"Organization","@id":"https:\/\/www.magnetenspecialist.nl\/fr\/#organization","name":"Magnetenspecialist.nl","url":"https:\/\/www.magnetenspecialist.nl\/fr\/","logo":{"@type":"ImageObject","inLanguage":"fr-FR","@id":"https:\/\/www.magnetenspecialist.nl\/fr\/#\/schema\/logo\/image\/","url":"https:\/\/www.magnetenspecialist.nl\/wp-content\/uploads\/2018\/10\/magneten-logo.jpg","contentUrl":"https:\/\/www.magnetenspecialist.nl\/wp-content\/uploads\/2018\/10\/magneten-logo.jpg","width":151,"height":151,"caption":"Magnetenspecialist.nl"},"image":{"@id":"https:\/\/www.magnetenspecialist.nl\/fr\/#\/schema\/logo\/image\/"},"sameAs":["https:\/\/www.facebook.com\/Magnetenspecialist.nl","https:\/\/x.com\/magnetenspecial"]}]}},"_links":{"self":[{"href":"https:\/\/www.magnetenspecialist.nl\/fr\/wp-json\/wp\/v2\/pages\/107490","targetHints":{"allow":["GET"]}}],"collection":[{"href":"https:\/\/www.magnetenspecialist.nl\/fr\/wp-json\/wp\/v2\/pages"}],"about":[{"href":"https:\/\/www.magnetenspecialist.nl\/fr\/wp-json\/wp\/v2\/types\/page"}],"author":[{"embeddable":true,"href":"https:\/\/www.magnetenspecialist.nl\/fr\/wp-json\/wp\/v2\/users\/1"}],"replies":[{"embeddable":true,"href":"https:\/\/www.magnetenspecialist.nl\/fr\/wp-json\/wp\/v2\/comments?post=107490"}],"version-history":[{"count":2,"href":"https:\/\/www.magnetenspecialist.nl\/fr\/wp-json\/wp\/v2\/pages\/107490\/revisions"}],"predecessor-version":[{"id":132807,"href":"https:\/\/www.magnetenspecialist.nl\/fr\/wp-json\/wp\/v2\/pages\/107490\/revisions\/132807"}],"wp:attachment":[{"href":"https:\/\/www.magnetenspecialist.nl\/fr\/wp-json\/wp\/v2\/media?parent=107490"}],"curies":[{"name":"wp","href":"https:\/\/api.w.org\/{rel}","templated":true}]}}