{"id":107492,"date":"2019-03-13T09:22:03","date_gmt":"2019-03-13T08:22:03","guid":{"rendered":"https:\/\/www.magnetenspecialist.nl\/aimants-puissants\/"},"modified":"2022-02-04T12:13:58","modified_gmt":"2022-02-04T11:13:58","slug":"aimants-puissants","status":"publish","type":"page","link":"https:\/\/www.magnetenspecialist.nl\/fr\/aimants-puissants\/","title":{"rendered":"Aimants puissants"},"content":{"rendered":"\n<div class=\"row d-flex align-items-center\">\n<div class=\"col-md-6 col-lg-4 col-xl-3\">\n<figure class=\"wp-block-image\"><img decoding=\"async\" src=\"https:\/\/www.magnetenspecialist.nl\/wp-content\/uploads\/2019\/03\/Image-191.png\" alt=\"Aimants puissants\" class=\"aligncenter\"\/><\/figure><\/div>\n\n<div class=\"col-md-6 col-lg-8 col-xl-9\">\n<h2>Le sp\u00e9cialiste des aimants est le bon endroit pour trouver des aimants puissants de toutes formes et de toutes tailles.<\/h2>\n<p>Nous fournissons une grande vari\u00e9t\u00e9 d&#8217;aimants puissants. Dans notre boutique en ligne, vous pouvez d\u00e9terminer le pouvoir de r\u00e9tention de l&#8217;aimant puissant que vous recherchez. En outre, nous disposons d&#8217;aimants puissants, de formes vari\u00e9es et adapt\u00e9s \u00e0 toutes sortes d&#8217;applications. Nous sommes des sp\u00e9cialistes des aimants en n\u00e9odyme, les v\u00e9ritables centrales \u00e9lectriques parmi les aimants puissants.<\/p>\n<\/div>\n<\/div>\n\n<h2 class=\"wp-block-heading\">Aimants d&#8217;une puissance de retenue de 500 kilogrammes ou plus !  <\/h2>\n\n<p>Le sp\u00e9cialiste des aimants livre rapidement les aimants les plus puissants \u00e0 votre porte. Vous pouvez choisir des aimants puissants dont la puissance de retenue peut atteindre 800 kg. Ces puissants aimants en n\u00e9odyme sont disponibles chez le sp\u00e9cialiste des aimants \u00e0 un prix tr\u00e8s comp\u00e9titif. Jetez un coup d&#8217;\u0153il dans notre boutique en ligne, vous trouverez certainement l&#8217;aimant puissant que vous recherchez. Filtrez par taille, capacit\u00e9 de charge ou groupe de produits et trouvez l&#8217;aimant que vous voulez. Nous assurons une livraison rapide \u00e0 domicile. \u00c9galement pour les grandes quantit\u00e9s !  <\/p>\n\n<div class=\"cta-banner\">\n    <h4>Filtre sur le pouvoir de r\u00e9tention dans notre magasin<\/h4>\n    <a class=\"cta-banner-btn\" href=\"https:\/\/www.magnetenspecialist.nl\/winkel\" title=\"Filter op houdkracht in onze shop\">Voir maintenant<\/a>\n<\/div>\n\n<h3 class=\"wp-block-heading\">Petits et grands aimants puissants<\/h3>\n\n<p>Un aimant puissant ne doit pas n\u00e9cessairement \u00eatre grand, cela d\u00e9pend simplement de ce que vous recherchez. Qu&#8217;il s&#8217;agisse des <a href=\"https:\/\/www.magnetenspecialist.nl\/fr\/aimants-a-poissons\/\">aimants pour poissons<\/a> les plus grands et les <a href=\"https:\/\/www.magnetenspecialist.nl\/fr\/aimants-a-poissons\/\">plus puissants<\/a> avec une force de retenue de 500 kg ou de notre <a href=\"https:\/\/www.magnetenspecialist.nl\/winkel\/?orderby=price-desc\">bloc magn\u00e9tique<\/a> le plus grand et le plus puissant <a href=\"https:\/\/www.magnetenspecialist.nl\/winkel\/?orderby=price-desc\">avec une force de retenue de 800 kg !<\/a> En plus de ces aimants puissants et de grande taille, nos plus petits aimants en n\u00e9odyme sont aussi comparativement tr\u00e8s puissants. Les petits aimants puissants peuvent \u00eatre tr\u00e8s utiles. Par exemple, nous voyons parfois des applications de<a href=\"https:\/\/www.magnetenspecialist.nl\/fr\/categorie-de-produit\/aimants-a-disque\/\"> petits aimants \u00e0 disque puissants<\/a> dans les v\u00eatements. Remplacez, par exemple, les boutons-pression par des aimants en n\u00e9odyme puissants, pratiques et efficaces.<\/p>\n","protected":false},"excerpt":{"rendered":"<p>Le sp\u00e9cialiste des aimants est le bon endroit pour trouver des aimants puissants de toutes formes et de toutes tailles. Nous fournissons une grande vari\u00e9t\u00e9 d&#8217;aimants puissants. Dans notre boutique en ligne, vous pouvez d\u00e9terminer le pouvoir de r\u00e9tention de l&#8217;aimant puissant que vous recherchez. En outre, nous disposons d&#8217;aimants puissants, de formes vari\u00e9es et [&hellip;]<\/p>\n","protected":false},"author":1,"featured_media":0,"parent":0,"menu_order":0,"comment_status":"closed","ping_status":"closed","template":"template-full.php","meta":{"_acf_changed":false,"footnotes":""},"class_list":["post-107492","page","type-page","status-publish","hentry"],"acf":[],"yoast_head":"<!-- This site is optimized with the Yoast SEO Premium plugin v24.7 (Yoast SEO v24.7) - https:\/\/yoast.com\/wordpress\/plugins\/seo\/ -->\n<title>Aimants forts | Sp\u00e9cialiste des aimants | Aimants puissants en n\u00e9odyme<\/title>\n<meta name=\"description\" content=\"Achetez vos aimants puissants en n\u00e9odyme en ligne sur Magnetenspecialist.nl. Des aimants puissants de toutes formes, types et tailles. Livraison rapide, haut niveau de service.\" \/>\n<meta name=\"robots\" content=\"index, follow, max-snippet:-1, max-image-preview:large, max-video-preview:-1\" \/>\n<link rel=\"canonical\" href=\"https:\/\/www.magnetenspecialist.nl\/fr\/aimants-puissants\/\" \/>\n<meta property=\"og:locale\" content=\"fr_FR\" \/>\n<meta property=\"og:type\" content=\"article\" \/>\n<meta property=\"og:title\" content=\"Aimants puissants\" \/>\n<meta property=\"og:description\" content=\"Achetez vos aimants puissants en n\u00e9odyme en ligne sur Magnetenspecialist.nl. Des aimants puissants de toutes formes, types et tailles. Livraison rapide, haut niveau de service.\" \/>\n<meta property=\"og:url\" content=\"https:\/\/www.magnetenspecialist.nl\/fr\/aimants-puissants\/\" \/>\n<meta property=\"og:site_name\" content=\"Magnetenspecialist.nl\" \/>\n<meta property=\"article:publisher\" content=\"https:\/\/www.facebook.com\/Magnetenspecialist.nl\" \/>\n<meta property=\"article:modified_time\" content=\"2022-02-04T11:13:58+00:00\" \/>\n<meta property=\"og:image\" content=\"https:\/\/www.magnetenspecialist.nl\/wp-content\/uploads\/2019\/03\/Image-191.png\" \/>\n<meta name=\"twitter:card\" content=\"summary_large_image\" \/>\n<meta name=\"twitter:site\" content=\"@magnetenspecial\" \/>\n<meta name=\"twitter:label1\" content=\"Dur\u00e9e de lecture estim\u00e9e\" \/>\n\t<meta name=\"twitter:data1\" content=\"2 minutes\" \/>\n<script type=\"application\/ld+json\" class=\"yoast-schema-graph\">{\"@context\":\"https:\/\/schema.org\",\"@graph\":[{\"@type\":\"WebPage\",\"@id\":\"https:\/\/www.magnetenspecialist.nl\/fr\/aimants-puissants\/\",\"url\":\"https:\/\/www.magnetenspecialist.nl\/fr\/aimants-puissants\/\",\"name\":\"Aimants forts | Sp\u00e9cialiste des aimants | Aimants puissants en n\u00e9odyme\",\"isPartOf\":{\"@id\":\"https:\/\/www.magnetenspecialist.nl\/fr\/#website\"},\"primaryImageOfPage\":{\"@id\":\"https:\/\/www.magnetenspecialist.nl\/fr\/aimants-puissants\/#primaryimage\"},\"image\":{\"@id\":\"https:\/\/www.magnetenspecialist.nl\/fr\/aimants-puissants\/#primaryimage\"},\"thumbnailUrl\":\"https:\/\/www.magnetenspecialist.nl\/wp-content\/uploads\/2019\/03\/Image-191.png\",\"datePublished\":\"2019-03-13T08:22:03+00:00\",\"dateModified\":\"2022-02-04T11:13:58+00:00\",\"description\":\"Achetez vos aimants puissants en n\u00e9odyme en ligne sur Magnetenspecialist.nl. Des aimants puissants de toutes formes, types et tailles. Livraison rapide, haut niveau de service.\",\"breadcrumb\":{\"@id\":\"https:\/\/www.magnetenspecialist.nl\/fr\/aimants-puissants\/#breadcrumb\"},\"inLanguage\":\"fr-FR\",\"potentialAction\":[{\"@type\":\"ReadAction\",\"target\":[\"https:\/\/www.magnetenspecialist.nl\/fr\/aimants-puissants\/\"]}]},{\"@type\":\"ImageObject\",\"inLanguage\":\"fr-FR\",\"@id\":\"https:\/\/www.magnetenspecialist.nl\/fr\/aimants-puissants\/#primaryimage\",\"url\":\"https:\/\/www.magnetenspecialist.nl\/wp-content\/uploads\/2019\/03\/Image-191.png\",\"contentUrl\":\"https:\/\/www.magnetenspecialist.nl\/wp-content\/uploads\/2019\/03\/Image-191.png\"},{\"@type\":\"BreadcrumbList\",\"@id\":\"https:\/\/www.magnetenspecialist.nl\/fr\/aimants-puissants\/#breadcrumb\",\"itemListElement\":[{\"@type\":\"ListItem\",\"position\":1,\"name\":\"Accueil\",\"item\":\"https:\/\/www.magnetenspecialist.nl\/fr\/accueil\/\"},{\"@type\":\"ListItem\",\"position\":2,\"name\":\"Aimants puissants\"}]},{\"@type\":\"WebSite\",\"@id\":\"https:\/\/www.magnetenspecialist.nl\/fr\/#website\",\"url\":\"https:\/\/www.magnetenspecialist.nl\/fr\/\",\"name\":\"Magnetenspecialist.nl\",\"description\":\"Vaste gamme d'aimants en n\u00e9odyme\",\"publisher\":{\"@id\":\"https:\/\/www.magnetenspecialist.nl\/fr\/#organization\"},\"potentialAction\":[{\"@type\":\"SearchAction\",\"target\":{\"@type\":\"EntryPoint\",\"urlTemplate\":\"https:\/\/www.magnetenspecialist.nl\/fr\/?s={search_term_string}\"},\"query-input\":{\"@type\":\"PropertyValueSpecification\",\"valueRequired\":true,\"valueName\":\"search_term_string\"}}],\"inLanguage\":\"fr-FR\"},{\"@type\":\"Organization\",\"@id\":\"https:\/\/www.magnetenspecialist.nl\/fr\/#organization\",\"name\":\"Magnetenspecialist.nl\",\"url\":\"https:\/\/www.magnetenspecialist.nl\/fr\/\",\"logo\":{\"@type\":\"ImageObject\",\"inLanguage\":\"fr-FR\",\"@id\":\"https:\/\/www.magnetenspecialist.nl\/fr\/#\/schema\/logo\/image\/\",\"url\":\"https:\/\/www.magnetenspecialist.nl\/wp-content\/uploads\/2018\/10\/magneten-logo.jpg\",\"contentUrl\":\"https:\/\/www.magnetenspecialist.nl\/wp-content\/uploads\/2018\/10\/magneten-logo.jpg\",\"width\":151,\"height\":151,\"caption\":\"Magnetenspecialist.nl\"},\"image\":{\"@id\":\"https:\/\/www.magnetenspecialist.nl\/fr\/#\/schema\/logo\/image\/\"},\"sameAs\":[\"https:\/\/www.facebook.com\/Magnetenspecialist.nl\",\"https:\/\/x.com\/magnetenspecial\"]}]}<\/script>\n<!-- \/ Yoast SEO Premium plugin. -->","yoast_head_json":{"title":"Aimants forts | Sp\u00e9cialiste des aimants | Aimants puissants en n\u00e9odyme","description":"Achetez vos aimants puissants en n\u00e9odyme en ligne sur Magnetenspecialist.nl. Des aimants puissants de toutes formes, types et tailles. Livraison rapide, haut niveau de service.","robots":{"index":"index","follow":"follow","max-snippet":"max-snippet:-1","max-image-preview":"max-image-preview:large","max-video-preview":"max-video-preview:-1"},"canonical":"https:\/\/www.magnetenspecialist.nl\/fr\/aimants-puissants\/","og_locale":"fr_FR","og_type":"article","og_title":"Aimants puissants","og_description":"Achetez vos aimants puissants en n\u00e9odyme en ligne sur Magnetenspecialist.nl. Des aimants puissants de toutes formes, types et tailles. Livraison rapide, haut niveau de service.","og_url":"https:\/\/www.magnetenspecialist.nl\/fr\/aimants-puissants\/","og_site_name":"Magnetenspecialist.nl","article_publisher":"https:\/\/www.facebook.com\/Magnetenspecialist.nl","article_modified_time":"2022-02-04T11:13:58+00:00","og_image":[{"url":"https:\/\/www.magnetenspecialist.nl\/wp-content\/uploads\/2019\/03\/Image-191.png","type":"","width":"","height":""}],"twitter_card":"summary_large_image","twitter_site":"@magnetenspecial","twitter_misc":{"Dur\u00e9e de lecture estim\u00e9e":"2 minutes"},"schema":{"@context":"https:\/\/schema.org","@graph":[{"@type":"WebPage","@id":"https:\/\/www.magnetenspecialist.nl\/fr\/aimants-puissants\/","url":"https:\/\/www.magnetenspecialist.nl\/fr\/aimants-puissants\/","name":"Aimants forts | Sp\u00e9cialiste des aimants | Aimants puissants en n\u00e9odyme","isPartOf":{"@id":"https:\/\/www.magnetenspecialist.nl\/fr\/#website"},"primaryImageOfPage":{"@id":"https:\/\/www.magnetenspecialist.nl\/fr\/aimants-puissants\/#primaryimage"},"image":{"@id":"https:\/\/www.magnetenspecialist.nl\/fr\/aimants-puissants\/#primaryimage"},"thumbnailUrl":"https:\/\/www.magnetenspecialist.nl\/wp-content\/uploads\/2019\/03\/Image-191.png","datePublished":"2019-03-13T08:22:03+00:00","dateModified":"2022-02-04T11:13:58+00:00","description":"Achetez vos aimants puissants en n\u00e9odyme en ligne sur Magnetenspecialist.nl. Des aimants puissants de toutes formes, types et tailles. Livraison rapide, haut niveau de service.","breadcrumb":{"@id":"https:\/\/www.magnetenspecialist.nl\/fr\/aimants-puissants\/#breadcrumb"},"inLanguage":"fr-FR","potentialAction":[{"@type":"ReadAction","target":["https:\/\/www.magnetenspecialist.nl\/fr\/aimants-puissants\/"]}]},{"@type":"ImageObject","inLanguage":"fr-FR","@id":"https:\/\/www.magnetenspecialist.nl\/fr\/aimants-puissants\/#primaryimage","url":"https:\/\/www.magnetenspecialist.nl\/wp-content\/uploads\/2019\/03\/Image-191.png","contentUrl":"https:\/\/www.magnetenspecialist.nl\/wp-content\/uploads\/2019\/03\/Image-191.png"},{"@type":"BreadcrumbList","@id":"https:\/\/www.magnetenspecialist.nl\/fr\/aimants-puissants\/#breadcrumb","itemListElement":[{"@type":"ListItem","position":1,"name":"Accueil","item":"https:\/\/www.magnetenspecialist.nl\/fr\/accueil\/"},{"@type":"ListItem","position":2,"name":"Aimants puissants"}]},{"@type":"WebSite","@id":"https:\/\/www.magnetenspecialist.nl\/fr\/#website","url":"https:\/\/www.magnetenspecialist.nl\/fr\/","name":"Magnetenspecialist.nl","description":"Vaste gamme d'aimants en n\u00e9odyme","publisher":{"@id":"https:\/\/www.magnetenspecialist.nl\/fr\/#organization"},"potentialAction":[{"@type":"SearchAction","target":{"@type":"EntryPoint","urlTemplate":"https:\/\/www.magnetenspecialist.nl\/fr\/?s={search_term_string}"},"query-input":{"@type":"PropertyValueSpecification","valueRequired":true,"valueName":"search_term_string"}}],"inLanguage":"fr-FR"},{"@type":"Organization","@id":"https:\/\/www.magnetenspecialist.nl\/fr\/#organization","name":"Magnetenspecialist.nl","url":"https:\/\/www.magnetenspecialist.nl\/fr\/","logo":{"@type":"ImageObject","inLanguage":"fr-FR","@id":"https:\/\/www.magnetenspecialist.nl\/fr\/#\/schema\/logo\/image\/","url":"https:\/\/www.magnetenspecialist.nl\/wp-content\/uploads\/2018\/10\/magneten-logo.jpg","contentUrl":"https:\/\/www.magnetenspecialist.nl\/wp-content\/uploads\/2018\/10\/magneten-logo.jpg","width":151,"height":151,"caption":"Magnetenspecialist.nl"},"image":{"@id":"https:\/\/www.magnetenspecialist.nl\/fr\/#\/schema\/logo\/image\/"},"sameAs":["https:\/\/www.facebook.com\/Magnetenspecialist.nl","https:\/\/x.com\/magnetenspecial"]}]}},"_links":{"self":[{"href":"https:\/\/www.magnetenspecialist.nl\/fr\/wp-json\/wp\/v2\/pages\/107492","targetHints":{"allow":["GET"]}}],"collection":[{"href":"https:\/\/www.magnetenspecialist.nl\/fr\/wp-json\/wp\/v2\/pages"}],"about":[{"href":"https:\/\/www.magnetenspecialist.nl\/fr\/wp-json\/wp\/v2\/types\/page"}],"author":[{"embeddable":true,"href":"https:\/\/www.magnetenspecialist.nl\/fr\/wp-json\/wp\/v2\/users\/1"}],"replies":[{"embeddable":true,"href":"https:\/\/www.magnetenspecialist.nl\/fr\/wp-json\/wp\/v2\/comments?post=107492"}],"version-history":[{"count":0,"href":"https:\/\/www.magnetenspecialist.nl\/fr\/wp-json\/wp\/v2\/pages\/107492\/revisions"}],"wp:attachment":[{"href":"https:\/\/www.magnetenspecialist.nl\/fr\/wp-json\/wp\/v2\/media?parent=107492"}],"curies":[{"name":"wp","href":"https:\/\/api.w.org\/{rel}","templated":true}]}}