{"id":107514,"date":"2019-03-13T09:45:23","date_gmt":"2019-03-13T08:45:23","guid":{"rendered":"https:\/\/www.magnetenspecialist.nl\/aimants-de-decouplage\/"},"modified":"2022-02-04T12:14:02","modified_gmt":"2022-02-04T11:14:02","slug":"aimants-de-decouplage","status":"publish","type":"page","link":"https:\/\/www.magnetenspecialist.nl\/fr\/aimants-de-decouplage\/","title":{"rendered":"Aimants de d\u00e9couplage"},"content":{"rendered":"\n<div class=\"row d-flex align-items-center\">\n<div class=\"col-md-6 col-lg-4 col-xl-3\">\n<figure class=\"wp-block-image\"><img decoding=\"async\" src=\"https:\/\/www.magnetenspecialist.nl\/wp-content\/uploads\/2019\/03\/Image-287.png\" alt=\"Aimants de d\u00e9couplage\" class=\"aligncenter\"\/><\/figure><\/div>\n\n<div class=\"col-md-6 col-lg-8 col-xl-9\">\n<h2>Acheter un aimant de d\u00e9couplage en ligne<\/h2>\n<p>Les aimants de d\u00e9tachement vous permettent de d\u00e9tacher les \u00e9tiquettes antivol des produits. Nous vendons diff\u00e9rents types d&#8217;aimants de d\u00e9couplage. Chaque aimant est capable de d\u00e9tacher de nombreux types diff\u00e9rents d&#8217;\u00e9tiquettes antivol. Vous voulez savoir de quel aimant de d\u00e9couplage vous avez besoin ? Alors, prenez contact avec nous. Nous sommes heureux de vous aider.<\/p>\n<\/div>\n<\/div>\n\n<h2 class=\"wp-block-heading\">Aimants de d\u00e9tachement pour la protection contre le vol dans le secteur de la vente au d\u00e9tail<\/h2>\n\n<p>Un aimant de d\u00e9couplage est principalement utilis\u00e9 dans le secteur du commerce de d\u00e9tail. Par exemple, dans les magasins de v\u00eatements, \u00e0 la caisse, le personnel d\u00e9tache l&#8217;\u00e9tiquette antivol et l&#8217;article peut \u00eatre vendu. Vous pouvez acheter rapidement des aimants de d\u00e9couplage en ligne aupr\u00e8s du sp\u00e9cialiste des aimants. Dans la boutique en ligne de magnetenspecialist.nl, vous trouverez diff\u00e9rents types et tailles d&#8217;aimants de d\u00e9couplage. Nous vous offrons un large choix et une livraison rapide. Les grands lots ne sont pas un probl\u00e8me pour nous non plus. Nous fournissons un aper\u00e7u d\u00e9taill\u00e9 des sp\u00e9cifications de chaque produit, de sorte qu&#8217;il est presque impossible de faire une erreur.  <\/p>\n\n<h2 class=\"wp-block-heading\">Aimant de d\u00e9couplage pour le commerce de d\u00e9tail  <\/h2>\n\n<p>Vous recherchez un aimant de d\u00e9couplage sp\u00e9cifique pour le secteur du commerce de d\u00e9tail ? Le sp\u00e9cialiste des aimants vous aidera. Cliquez sur le lien ci-dessous pour voir notre gamme compl\u00e8te d&#8217;aimants de d\u00e9couplage. Passez une commande et profitez de notre livraison rapide. Nous pouvons \u00e9galement vous livrer rapidement et sans probl\u00e8me de grands lots d&#8217;aimants de d\u00e9couplage.  <\/p>\n\n<div class=\"cta-banner\">\n    <h4>Voir nos aimants de d\u00e9couplage<\/h4>\n    <a class=\"cta-banner-btn\" href=\"https:\/\/www.magnetenspecialist.nl\/?s=Ontkoppelmagneet&#038;post_type=product\" title=\"Bekijk onze ontkoppelmagneten\">Voir maintenant<\/a>\n<\/div>\n","protected":false},"excerpt":{"rendered":"<p>Acheter un aimant de d\u00e9couplage en ligne Les aimants de d\u00e9tachement vous permettent de d\u00e9tacher les \u00e9tiquettes antivol des produits. Nous vendons diff\u00e9rents types d&#8217;aimants de d\u00e9couplage. Chaque aimant est capable de d\u00e9tacher de nombreux types diff\u00e9rents d&#8217;\u00e9tiquettes antivol. Vous voulez savoir de quel aimant de d\u00e9couplage vous avez besoin ? Alors, prenez contact avec [&hellip;]<\/p>\n","protected":false},"author":1,"featured_media":0,"parent":0,"menu_order":0,"comment_status":"closed","ping_status":"closed","template":"template-full.php","meta":{"_acf_changed":false,"footnotes":""},"class_list":["post-107514","page","type-page","status-publish","hentry"],"acf":[],"yoast_head":"<!-- This site is optimized with the Yoast SEO Premium plugin v24.7 (Yoast SEO v24.7) - https:\/\/yoast.com\/wordpress\/plugins\/seo\/ -->\n<title>Aimants de d\u00e9connexion pour \u00e9tiquettes antivol | De Magnetenspecialist.nl<\/title>\n<meta name=\"description\" content=\"Vous avez besoin d&#039;aimants de d\u00e9couplage pour le secteur de la vente au d\u00e9tail ? Jetez un coup d&#039;\u0153il aux aimants de d\u00e9couplage de Magnet Specialist. \u00c0 des prix comp\u00e9titifs, livraison rapide.\" \/>\n<meta name=\"robots\" content=\"index, follow, max-snippet:-1, max-image-preview:large, max-video-preview:-1\" \/>\n<link rel=\"canonical\" href=\"https:\/\/www.magnetenspecialist.nl\/fr\/aimants-de-decouplage\/\" \/>\n<meta property=\"og:locale\" content=\"fr_FR\" \/>\n<meta property=\"og:type\" content=\"article\" \/>\n<meta property=\"og:title\" content=\"Aimants de d\u00e9couplage\" \/>\n<meta property=\"og:description\" content=\"Vous avez besoin d&#039;aimants de d\u00e9couplage pour le secteur de la vente au d\u00e9tail ? Jetez un coup d&#039;\u0153il aux aimants de d\u00e9couplage de Magnet Specialist. \u00c0 des prix comp\u00e9titifs, livraison rapide.\" \/>\n<meta property=\"og:url\" content=\"https:\/\/www.magnetenspecialist.nl\/fr\/aimants-de-decouplage\/\" \/>\n<meta property=\"og:site_name\" content=\"Magnetenspecialist.nl\" \/>\n<meta property=\"article:publisher\" content=\"https:\/\/www.facebook.com\/Magnetenspecialist.nl\" \/>\n<meta property=\"article:modified_time\" content=\"2022-02-04T11:14:02+00:00\" \/>\n<meta property=\"og:image\" content=\"https:\/\/www.magnetenspecialist.nl\/wp-content\/uploads\/2019\/03\/Image-287.png\" \/>\n<meta name=\"twitter:card\" content=\"summary_large_image\" \/>\n<meta name=\"twitter:site\" content=\"@magnetenspecial\" \/>\n<meta name=\"twitter:label1\" content=\"Dur\u00e9e de lecture estim\u00e9e\" \/>\n\t<meta name=\"twitter:data1\" content=\"1 minute\" \/>\n<script type=\"application\/ld+json\" class=\"yoast-schema-graph\">{\"@context\":\"https:\/\/schema.org\",\"@graph\":[{\"@type\":\"WebPage\",\"@id\":\"https:\/\/www.magnetenspecialist.nl\/fr\/aimants-de-decouplage\/\",\"url\":\"https:\/\/www.magnetenspecialist.nl\/fr\/aimants-de-decouplage\/\",\"name\":\"Aimants de d\u00e9connexion pour \u00e9tiquettes antivol | De Magnetenspecialist.nl\",\"isPartOf\":{\"@id\":\"https:\/\/www.magnetenspecialist.nl\/fr\/#website\"},\"primaryImageOfPage\":{\"@id\":\"https:\/\/www.magnetenspecialist.nl\/fr\/aimants-de-decouplage\/#primaryimage\"},\"image\":{\"@id\":\"https:\/\/www.magnetenspecialist.nl\/fr\/aimants-de-decouplage\/#primaryimage\"},\"thumbnailUrl\":\"https:\/\/www.magnetenspecialist.nl\/wp-content\/uploads\/2019\/03\/Image-287.png\",\"datePublished\":\"2019-03-13T08:45:23+00:00\",\"dateModified\":\"2022-02-04T11:14:02+00:00\",\"description\":\"Vous avez besoin d'aimants de d\u00e9couplage pour le secteur de la vente au d\u00e9tail ? Jetez un coup d'\u0153il aux aimants de d\u00e9couplage de Magnet Specialist. \u00c0 des prix comp\u00e9titifs, livraison rapide.\",\"breadcrumb\":{\"@id\":\"https:\/\/www.magnetenspecialist.nl\/fr\/aimants-de-decouplage\/#breadcrumb\"},\"inLanguage\":\"fr-FR\",\"potentialAction\":[{\"@type\":\"ReadAction\",\"target\":[\"https:\/\/www.magnetenspecialist.nl\/fr\/aimants-de-decouplage\/\"]}]},{\"@type\":\"ImageObject\",\"inLanguage\":\"fr-FR\",\"@id\":\"https:\/\/www.magnetenspecialist.nl\/fr\/aimants-de-decouplage\/#primaryimage\",\"url\":\"https:\/\/www.magnetenspecialist.nl\/wp-content\/uploads\/2019\/03\/Image-287.png\",\"contentUrl\":\"https:\/\/www.magnetenspecialist.nl\/wp-content\/uploads\/2019\/03\/Image-287.png\"},{\"@type\":\"BreadcrumbList\",\"@id\":\"https:\/\/www.magnetenspecialist.nl\/fr\/aimants-de-decouplage\/#breadcrumb\",\"itemListElement\":[{\"@type\":\"ListItem\",\"position\":1,\"name\":\"Accueil\",\"item\":\"https:\/\/www.magnetenspecialist.nl\/fr\/accueil\/\"},{\"@type\":\"ListItem\",\"position\":2,\"name\":\"Aimants de d\u00e9couplage\"}]},{\"@type\":\"WebSite\",\"@id\":\"https:\/\/www.magnetenspecialist.nl\/fr\/#website\",\"url\":\"https:\/\/www.magnetenspecialist.nl\/fr\/\",\"name\":\"Magnetenspecialist.nl\",\"description\":\"Vaste gamme d'aimants en n\u00e9odyme\",\"publisher\":{\"@id\":\"https:\/\/www.magnetenspecialist.nl\/fr\/#organization\"},\"potentialAction\":[{\"@type\":\"SearchAction\",\"target\":{\"@type\":\"EntryPoint\",\"urlTemplate\":\"https:\/\/www.magnetenspecialist.nl\/fr\/?s={search_term_string}\"},\"query-input\":{\"@type\":\"PropertyValueSpecification\",\"valueRequired\":true,\"valueName\":\"search_term_string\"}}],\"inLanguage\":\"fr-FR\"},{\"@type\":\"Organization\",\"@id\":\"https:\/\/www.magnetenspecialist.nl\/fr\/#organization\",\"name\":\"Magnetenspecialist.nl\",\"url\":\"https:\/\/www.magnetenspecialist.nl\/fr\/\",\"logo\":{\"@type\":\"ImageObject\",\"inLanguage\":\"fr-FR\",\"@id\":\"https:\/\/www.magnetenspecialist.nl\/fr\/#\/schema\/logo\/image\/\",\"url\":\"https:\/\/www.magnetenspecialist.nl\/wp-content\/uploads\/2018\/10\/magneten-logo.jpg\",\"contentUrl\":\"https:\/\/www.magnetenspecialist.nl\/wp-content\/uploads\/2018\/10\/magneten-logo.jpg\",\"width\":151,\"height\":151,\"caption\":\"Magnetenspecialist.nl\"},\"image\":{\"@id\":\"https:\/\/www.magnetenspecialist.nl\/fr\/#\/schema\/logo\/image\/\"},\"sameAs\":[\"https:\/\/www.facebook.com\/Magnetenspecialist.nl\",\"https:\/\/x.com\/magnetenspecial\"]}]}<\/script>\n<!-- \/ Yoast SEO Premium plugin. -->","yoast_head_json":{"title":"Aimants de d\u00e9connexion pour \u00e9tiquettes antivol | De Magnetenspecialist.nl","description":"Vous avez besoin d'aimants de d\u00e9couplage pour le secteur de la vente au d\u00e9tail ? Jetez un coup d'\u0153il aux aimants de d\u00e9couplage de Magnet Specialist. \u00c0 des prix comp\u00e9titifs, livraison rapide.","robots":{"index":"index","follow":"follow","max-snippet":"max-snippet:-1","max-image-preview":"max-image-preview:large","max-video-preview":"max-video-preview:-1"},"canonical":"https:\/\/www.magnetenspecialist.nl\/fr\/aimants-de-decouplage\/","og_locale":"fr_FR","og_type":"article","og_title":"Aimants de d\u00e9couplage","og_description":"Vous avez besoin d'aimants de d\u00e9couplage pour le secteur de la vente au d\u00e9tail ? Jetez un coup d'\u0153il aux aimants de d\u00e9couplage de Magnet Specialist. \u00c0 des prix comp\u00e9titifs, livraison rapide.","og_url":"https:\/\/www.magnetenspecialist.nl\/fr\/aimants-de-decouplage\/","og_site_name":"Magnetenspecialist.nl","article_publisher":"https:\/\/www.facebook.com\/Magnetenspecialist.nl","article_modified_time":"2022-02-04T11:14:02+00:00","og_image":[{"url":"https:\/\/www.magnetenspecialist.nl\/wp-content\/uploads\/2019\/03\/Image-287.png","type":"","width":"","height":""}],"twitter_card":"summary_large_image","twitter_site":"@magnetenspecial","twitter_misc":{"Dur\u00e9e de lecture estim\u00e9e":"1 minute"},"schema":{"@context":"https:\/\/schema.org","@graph":[{"@type":"WebPage","@id":"https:\/\/www.magnetenspecialist.nl\/fr\/aimants-de-decouplage\/","url":"https:\/\/www.magnetenspecialist.nl\/fr\/aimants-de-decouplage\/","name":"Aimants de d\u00e9connexion pour \u00e9tiquettes antivol | De Magnetenspecialist.nl","isPartOf":{"@id":"https:\/\/www.magnetenspecialist.nl\/fr\/#website"},"primaryImageOfPage":{"@id":"https:\/\/www.magnetenspecialist.nl\/fr\/aimants-de-decouplage\/#primaryimage"},"image":{"@id":"https:\/\/www.magnetenspecialist.nl\/fr\/aimants-de-decouplage\/#primaryimage"},"thumbnailUrl":"https:\/\/www.magnetenspecialist.nl\/wp-content\/uploads\/2019\/03\/Image-287.png","datePublished":"2019-03-13T08:45:23+00:00","dateModified":"2022-02-04T11:14:02+00:00","description":"Vous avez besoin d'aimants de d\u00e9couplage pour le secteur de la vente au d\u00e9tail ? Jetez un coup d'\u0153il aux aimants de d\u00e9couplage de Magnet Specialist. \u00c0 des prix comp\u00e9titifs, livraison rapide.","breadcrumb":{"@id":"https:\/\/www.magnetenspecialist.nl\/fr\/aimants-de-decouplage\/#breadcrumb"},"inLanguage":"fr-FR","potentialAction":[{"@type":"ReadAction","target":["https:\/\/www.magnetenspecialist.nl\/fr\/aimants-de-decouplage\/"]}]},{"@type":"ImageObject","inLanguage":"fr-FR","@id":"https:\/\/www.magnetenspecialist.nl\/fr\/aimants-de-decouplage\/#primaryimage","url":"https:\/\/www.magnetenspecialist.nl\/wp-content\/uploads\/2019\/03\/Image-287.png","contentUrl":"https:\/\/www.magnetenspecialist.nl\/wp-content\/uploads\/2019\/03\/Image-287.png"},{"@type":"BreadcrumbList","@id":"https:\/\/www.magnetenspecialist.nl\/fr\/aimants-de-decouplage\/#breadcrumb","itemListElement":[{"@type":"ListItem","position":1,"name":"Accueil","item":"https:\/\/www.magnetenspecialist.nl\/fr\/accueil\/"},{"@type":"ListItem","position":2,"name":"Aimants de d\u00e9couplage"}]},{"@type":"WebSite","@id":"https:\/\/www.magnetenspecialist.nl\/fr\/#website","url":"https:\/\/www.magnetenspecialist.nl\/fr\/","name":"Magnetenspecialist.nl","description":"Vaste gamme d'aimants en n\u00e9odyme","publisher":{"@id":"https:\/\/www.magnetenspecialist.nl\/fr\/#organization"},"potentialAction":[{"@type":"SearchAction","target":{"@type":"EntryPoint","urlTemplate":"https:\/\/www.magnetenspecialist.nl\/fr\/?s={search_term_string}"},"query-input":{"@type":"PropertyValueSpecification","valueRequired":true,"valueName":"search_term_string"}}],"inLanguage":"fr-FR"},{"@type":"Organization","@id":"https:\/\/www.magnetenspecialist.nl\/fr\/#organization","name":"Magnetenspecialist.nl","url":"https:\/\/www.magnetenspecialist.nl\/fr\/","logo":{"@type":"ImageObject","inLanguage":"fr-FR","@id":"https:\/\/www.magnetenspecialist.nl\/fr\/#\/schema\/logo\/image\/","url":"https:\/\/www.magnetenspecialist.nl\/wp-content\/uploads\/2018\/10\/magneten-logo.jpg","contentUrl":"https:\/\/www.magnetenspecialist.nl\/wp-content\/uploads\/2018\/10\/magneten-logo.jpg","width":151,"height":151,"caption":"Magnetenspecialist.nl"},"image":{"@id":"https:\/\/www.magnetenspecialist.nl\/fr\/#\/schema\/logo\/image\/"},"sameAs":["https:\/\/www.facebook.com\/Magnetenspecialist.nl","https:\/\/x.com\/magnetenspecial"]}]}},"_links":{"self":[{"href":"https:\/\/www.magnetenspecialist.nl\/fr\/wp-json\/wp\/v2\/pages\/107514","targetHints":{"allow":["GET"]}}],"collection":[{"href":"https:\/\/www.magnetenspecialist.nl\/fr\/wp-json\/wp\/v2\/pages"}],"about":[{"href":"https:\/\/www.magnetenspecialist.nl\/fr\/wp-json\/wp\/v2\/types\/page"}],"author":[{"embeddable":true,"href":"https:\/\/www.magnetenspecialist.nl\/fr\/wp-json\/wp\/v2\/users\/1"}],"replies":[{"embeddable":true,"href":"https:\/\/www.magnetenspecialist.nl\/fr\/wp-json\/wp\/v2\/comments?post=107514"}],"version-history":[{"count":0,"href":"https:\/\/www.magnetenspecialist.nl\/fr\/wp-json\/wp\/v2\/pages\/107514\/revisions"}],"wp:attachment":[{"href":"https:\/\/www.magnetenspecialist.nl\/fr\/wp-json\/wp\/v2\/media?parent=107514"}],"curies":[{"name":"wp","href":"https:\/\/api.w.org\/{rel}","templated":true}]}}