{"id":107526,"date":"2019-03-13T09:47:14","date_gmt":"2019-03-13T08:47:14","guid":{"rendered":"https:\/\/www.magnetenspecialist.nl\/peinture-magnetique\/"},"modified":"2022-02-04T12:14:03","modified_gmt":"2022-02-04T11:14:03","slug":"peinture-magnetique","status":"publish","type":"page","link":"https:\/\/www.magnetenspecialist.nl\/fr\/peinture-magnetique\/","title":{"rendered":"Peinture magn\u00e9tique"},"content":{"rendered":"\n<div class=\"row d-flex align-items-center\">\n<div class=\"col-md-6 col-lg-4 col-xl-3\">\n<figure class=\"wp-block-image\"><img decoding=\"async\" src=\"https:\/\/www.magnetenspecialist.nl\/wp-content\/uploads\/2019\/03\/Image-273.png\" alt=\"sterke magnetische verf\" class=\"aligncenter\"\/><\/figure><\/div>\n\n<div class=\"col-md-6 col-lg-8 col-xl-9\">\n<h2>Commander de la peinture magn\u00e9tique en ligne<\/h2>\n<p>Transformez n&#8217;importe quelle surface en tableau magn\u00e9tique avec la peinture magn\u00e9tique du sp\u00e9cialiste des aimants. De cette fa\u00e7on, vous pouvez facilement cr\u00e9er un tableau magn\u00e9tique de n&#8217;importe quelle taille. Appliquez la peinture magn\u00e9tique en au moins trois couches g\u00e9n\u00e9reuses pour obtenir une bonne surface magn\u00e9tique. Vous pouvez ensuite repeindre la surface avec n&#8217;importe quelle couleur sans perdre les propri\u00e9t\u00e9s magn\u00e9tiques de la peinture.<\/p>\n<\/div>\n<\/div>\n\n<h2 class=\"wp-block-heading\">De Magnetenspecialist a dans sa gamme une peinture magn\u00e9tique de haute qualit\u00e9  <\/h2>\n\n<p>Une peinture magn\u00e9tique pour le consommateur exigeant qui convient aussi parfaitement au professionnel. La peinture magn\u00e9tique du sp\u00e9cialiste des aimants ne peut pas \u00eatre compar\u00e9e \u00e0 la peinture magn\u00e9tique du magasin de bricolage. Au lieu d&#8217;utiliser des particules magn\u00e9tiques de ferrite noire, notre peinture magn\u00e9tique utilise de l&#8217;oxyde de fer et des charges professionnelles. Cela signifie que la peinture appliqu\u00e9e reste infiniment magn\u00e9tique, contrairement \u00e0 la peinture ferrite, qui perd de sa force.  <\/p>\n\n<h2 class=\"wp-block-heading\">Peinture magn\u00e9tique de haute qualit\u00e9 qui ne perd pas sa force<\/h2>\n\n<p>Gr\u00e2ce \u00e0 l&#8217;utilisation de produits de remplissage professionnels, la peinture magn\u00e9tique du sp\u00e9cialiste des aimants est de couleur plus claire, ce qui est utile pour couvrir votre couche sup\u00e9rieure. Gr\u00e2ce aux charges professionnelles, cette peinture assure un bon \u00e9coulement (moins de traces) et comble les petites irr\u00e9gularit\u00e9s. Utilisable sur tous les mat\u00e9riaux et excellent en combinaison avec nos aimants en n\u00e9odyme. Cette peinture est \u00e0 base d&#8217;eau.  <\/p>\n\n<div class=\"cta-banner\">\n    <h4>Voir notre peinture magn\u00e9tique extra forte<\/h4>\n    <a class=\"cta-banner-btn\" href=\"https:\/\/www.magnetenspecialist.nl\/fr\/magasin\/autres-aimants\/peinture-magnetique-extra-forte-gris-clair-10-l\/\" title=\"Bekijk onze extra sterke magneetverf\">Voir maintenant<\/a>\n<\/div>\n","protected":false},"excerpt":{"rendered":"<p>Commander de la peinture magn\u00e9tique en ligne Transformez n&#8217;importe quelle surface en tableau magn\u00e9tique avec la peinture magn\u00e9tique du sp\u00e9cialiste des aimants. De cette fa\u00e7on, vous pouvez facilement cr\u00e9er un tableau magn\u00e9tique de n&#8217;importe quelle taille. Appliquez la peinture magn\u00e9tique en au moins trois couches g\u00e9n\u00e9reuses pour obtenir une bonne surface magn\u00e9tique. Vous pouvez ensuite [&hellip;]<\/p>\n","protected":false},"author":1,"featured_media":0,"parent":0,"menu_order":0,"comment_status":"closed","ping_status":"closed","template":"template-full.php","meta":{"_acf_changed":false,"footnotes":""},"class_list":["post-107526","page","type-page","status-publish","hentry"],"acf":[],"yoast_head":"<!-- This site is optimized with the Yoast SEO Premium plugin v24.7 (Yoast SEO v24.7) - https:\/\/yoast.com\/wordpress\/plugins\/seo\/ -->\n<title>Achetez de la peinture magn\u00e9tique extra forte chez Magnetenspecialist.nl<\/title>\n<meta name=\"description\" content=\"Vous pouvez acheter de la peinture magn\u00e9tique facilement en ligne sur le site Magnet Specialist. Notre peinture magn\u00e9tique extra-forte ne peut \u00eatre compar\u00e9e \u00e0 la peinture du march\u00e9 du bricolage.\" \/>\n<meta name=\"robots\" content=\"index, follow, max-snippet:-1, max-image-preview:large, max-video-preview:-1\" \/>\n<link rel=\"canonical\" href=\"https:\/\/www.magnetenspecialist.nl\/fr\/peinture-magnetique\/\" \/>\n<meta property=\"og:locale\" content=\"fr_FR\" \/>\n<meta property=\"og:type\" content=\"article\" \/>\n<meta property=\"og:title\" content=\"Peinture magn\u00e9tique\" \/>\n<meta property=\"og:description\" content=\"Vous pouvez acheter de la peinture magn\u00e9tique facilement en ligne sur le site Magnet Specialist. Notre peinture magn\u00e9tique extra-forte ne peut \u00eatre compar\u00e9e \u00e0 la peinture du march\u00e9 du bricolage.\" \/>\n<meta property=\"og:url\" content=\"https:\/\/www.magnetenspecialist.nl\/fr\/peinture-magnetique\/\" \/>\n<meta property=\"og:site_name\" content=\"Magnetenspecialist.nl\" \/>\n<meta property=\"article:publisher\" content=\"https:\/\/www.facebook.com\/Magnetenspecialist.nl\" \/>\n<meta property=\"article:modified_time\" content=\"2022-02-04T11:14:03+00:00\" \/>\n<meta property=\"og:image\" content=\"https:\/\/www.magnetenspecialist.nl\/wp-content\/uploads\/2019\/03\/Image-273.png\" \/>\n<meta name=\"twitter:card\" content=\"summary_large_image\" \/>\n<meta name=\"twitter:site\" content=\"@magnetenspecial\" \/>\n<meta name=\"twitter:label1\" content=\"Dur\u00e9e de lecture estim\u00e9e\" \/>\n\t<meta name=\"twitter:data1\" content=\"1 minute\" \/>\n<script type=\"application\/ld+json\" class=\"yoast-schema-graph\">{\"@context\":\"https:\/\/schema.org\",\"@graph\":[{\"@type\":\"WebPage\",\"@id\":\"https:\/\/www.magnetenspecialist.nl\/fr\/peinture-magnetique\/\",\"url\":\"https:\/\/www.magnetenspecialist.nl\/fr\/peinture-magnetique\/\",\"name\":\"Achetez de la peinture magn\u00e9tique extra forte chez Magnetenspecialist.nl\",\"isPartOf\":{\"@id\":\"https:\/\/www.magnetenspecialist.nl\/fr\/#website\"},\"primaryImageOfPage\":{\"@id\":\"https:\/\/www.magnetenspecialist.nl\/fr\/peinture-magnetique\/#primaryimage\"},\"image\":{\"@id\":\"https:\/\/www.magnetenspecialist.nl\/fr\/peinture-magnetique\/#primaryimage\"},\"thumbnailUrl\":\"https:\/\/www.magnetenspecialist.nl\/wp-content\/uploads\/2019\/03\/Image-273.png\",\"datePublished\":\"2019-03-13T08:47:14+00:00\",\"dateModified\":\"2022-02-04T11:14:03+00:00\",\"description\":\"Vous pouvez acheter de la peinture magn\u00e9tique facilement en ligne sur le site Magnet Specialist. Notre peinture magn\u00e9tique extra-forte ne peut \u00eatre compar\u00e9e \u00e0 la peinture du march\u00e9 du bricolage.\",\"breadcrumb\":{\"@id\":\"https:\/\/www.magnetenspecialist.nl\/fr\/peinture-magnetique\/#breadcrumb\"},\"inLanguage\":\"fr-FR\",\"potentialAction\":[{\"@type\":\"ReadAction\",\"target\":[\"https:\/\/www.magnetenspecialist.nl\/fr\/peinture-magnetique\/\"]}]},{\"@type\":\"ImageObject\",\"inLanguage\":\"fr-FR\",\"@id\":\"https:\/\/www.magnetenspecialist.nl\/fr\/peinture-magnetique\/#primaryimage\",\"url\":\"https:\/\/www.magnetenspecialist.nl\/wp-content\/uploads\/2019\/03\/Image-273.png\",\"contentUrl\":\"https:\/\/www.magnetenspecialist.nl\/wp-content\/uploads\/2019\/03\/Image-273.png\"},{\"@type\":\"BreadcrumbList\",\"@id\":\"https:\/\/www.magnetenspecialist.nl\/fr\/peinture-magnetique\/#breadcrumb\",\"itemListElement\":[{\"@type\":\"ListItem\",\"position\":1,\"name\":\"Accueil\",\"item\":\"https:\/\/www.magnetenspecialist.nl\/fr\/accueil\/\"},{\"@type\":\"ListItem\",\"position\":2,\"name\":\"Peinture magn\u00e9tique\"}]},{\"@type\":\"WebSite\",\"@id\":\"https:\/\/www.magnetenspecialist.nl\/fr\/#website\",\"url\":\"https:\/\/www.magnetenspecialist.nl\/fr\/\",\"name\":\"Magnetenspecialist.nl\",\"description\":\"Vaste gamme d'aimants en n\u00e9odyme\",\"publisher\":{\"@id\":\"https:\/\/www.magnetenspecialist.nl\/fr\/#organization\"},\"potentialAction\":[{\"@type\":\"SearchAction\",\"target\":{\"@type\":\"EntryPoint\",\"urlTemplate\":\"https:\/\/www.magnetenspecialist.nl\/fr\/?s={search_term_string}\"},\"query-input\":{\"@type\":\"PropertyValueSpecification\",\"valueRequired\":true,\"valueName\":\"search_term_string\"}}],\"inLanguage\":\"fr-FR\"},{\"@type\":\"Organization\",\"@id\":\"https:\/\/www.magnetenspecialist.nl\/fr\/#organization\",\"name\":\"Magnetenspecialist.nl\",\"url\":\"https:\/\/www.magnetenspecialist.nl\/fr\/\",\"logo\":{\"@type\":\"ImageObject\",\"inLanguage\":\"fr-FR\",\"@id\":\"https:\/\/www.magnetenspecialist.nl\/fr\/#\/schema\/logo\/image\/\",\"url\":\"https:\/\/www.magnetenspecialist.nl\/wp-content\/uploads\/2018\/10\/magneten-logo.jpg\",\"contentUrl\":\"https:\/\/www.magnetenspecialist.nl\/wp-content\/uploads\/2018\/10\/magneten-logo.jpg\",\"width\":151,\"height\":151,\"caption\":\"Magnetenspecialist.nl\"},\"image\":{\"@id\":\"https:\/\/www.magnetenspecialist.nl\/fr\/#\/schema\/logo\/image\/\"},\"sameAs\":[\"https:\/\/www.facebook.com\/Magnetenspecialist.nl\",\"https:\/\/x.com\/magnetenspecial\"]}]}<\/script>\n<!-- \/ Yoast SEO Premium plugin. -->","yoast_head_json":{"title":"Achetez de la peinture magn\u00e9tique extra forte chez Magnetenspecialist.nl","description":"Vous pouvez acheter de la peinture magn\u00e9tique facilement en ligne sur le site Magnet Specialist. Notre peinture magn\u00e9tique extra-forte ne peut \u00eatre compar\u00e9e \u00e0 la peinture du march\u00e9 du bricolage.","robots":{"index":"index","follow":"follow","max-snippet":"max-snippet:-1","max-image-preview":"max-image-preview:large","max-video-preview":"max-video-preview:-1"},"canonical":"https:\/\/www.magnetenspecialist.nl\/fr\/peinture-magnetique\/","og_locale":"fr_FR","og_type":"article","og_title":"Peinture magn\u00e9tique","og_description":"Vous pouvez acheter de la peinture magn\u00e9tique facilement en ligne sur le site Magnet Specialist. Notre peinture magn\u00e9tique extra-forte ne peut \u00eatre compar\u00e9e \u00e0 la peinture du march\u00e9 du bricolage.","og_url":"https:\/\/www.magnetenspecialist.nl\/fr\/peinture-magnetique\/","og_site_name":"Magnetenspecialist.nl","article_publisher":"https:\/\/www.facebook.com\/Magnetenspecialist.nl","article_modified_time":"2022-02-04T11:14:03+00:00","og_image":[{"url":"https:\/\/www.magnetenspecialist.nl\/wp-content\/uploads\/2019\/03\/Image-273.png","type":"","width":"","height":""}],"twitter_card":"summary_large_image","twitter_site":"@magnetenspecial","twitter_misc":{"Dur\u00e9e de lecture estim\u00e9e":"1 minute"},"schema":{"@context":"https:\/\/schema.org","@graph":[{"@type":"WebPage","@id":"https:\/\/www.magnetenspecialist.nl\/fr\/peinture-magnetique\/","url":"https:\/\/www.magnetenspecialist.nl\/fr\/peinture-magnetique\/","name":"Achetez de la peinture magn\u00e9tique extra forte chez Magnetenspecialist.nl","isPartOf":{"@id":"https:\/\/www.magnetenspecialist.nl\/fr\/#website"},"primaryImageOfPage":{"@id":"https:\/\/www.magnetenspecialist.nl\/fr\/peinture-magnetique\/#primaryimage"},"image":{"@id":"https:\/\/www.magnetenspecialist.nl\/fr\/peinture-magnetique\/#primaryimage"},"thumbnailUrl":"https:\/\/www.magnetenspecialist.nl\/wp-content\/uploads\/2019\/03\/Image-273.png","datePublished":"2019-03-13T08:47:14+00:00","dateModified":"2022-02-04T11:14:03+00:00","description":"Vous pouvez acheter de la peinture magn\u00e9tique facilement en ligne sur le site Magnet Specialist. Notre peinture magn\u00e9tique extra-forte ne peut \u00eatre compar\u00e9e \u00e0 la peinture du march\u00e9 du bricolage.","breadcrumb":{"@id":"https:\/\/www.magnetenspecialist.nl\/fr\/peinture-magnetique\/#breadcrumb"},"inLanguage":"fr-FR","potentialAction":[{"@type":"ReadAction","target":["https:\/\/www.magnetenspecialist.nl\/fr\/peinture-magnetique\/"]}]},{"@type":"ImageObject","inLanguage":"fr-FR","@id":"https:\/\/www.magnetenspecialist.nl\/fr\/peinture-magnetique\/#primaryimage","url":"https:\/\/www.magnetenspecialist.nl\/wp-content\/uploads\/2019\/03\/Image-273.png","contentUrl":"https:\/\/www.magnetenspecialist.nl\/wp-content\/uploads\/2019\/03\/Image-273.png"},{"@type":"BreadcrumbList","@id":"https:\/\/www.magnetenspecialist.nl\/fr\/peinture-magnetique\/#breadcrumb","itemListElement":[{"@type":"ListItem","position":1,"name":"Accueil","item":"https:\/\/www.magnetenspecialist.nl\/fr\/accueil\/"},{"@type":"ListItem","position":2,"name":"Peinture magn\u00e9tique"}]},{"@type":"WebSite","@id":"https:\/\/www.magnetenspecialist.nl\/fr\/#website","url":"https:\/\/www.magnetenspecialist.nl\/fr\/","name":"Magnetenspecialist.nl","description":"Vaste gamme d'aimants en n\u00e9odyme","publisher":{"@id":"https:\/\/www.magnetenspecialist.nl\/fr\/#organization"},"potentialAction":[{"@type":"SearchAction","target":{"@type":"EntryPoint","urlTemplate":"https:\/\/www.magnetenspecialist.nl\/fr\/?s={search_term_string}"},"query-input":{"@type":"PropertyValueSpecification","valueRequired":true,"valueName":"search_term_string"}}],"inLanguage":"fr-FR"},{"@type":"Organization","@id":"https:\/\/www.magnetenspecialist.nl\/fr\/#organization","name":"Magnetenspecialist.nl","url":"https:\/\/www.magnetenspecialist.nl\/fr\/","logo":{"@type":"ImageObject","inLanguage":"fr-FR","@id":"https:\/\/www.magnetenspecialist.nl\/fr\/#\/schema\/logo\/image\/","url":"https:\/\/www.magnetenspecialist.nl\/wp-content\/uploads\/2018\/10\/magneten-logo.jpg","contentUrl":"https:\/\/www.magnetenspecialist.nl\/wp-content\/uploads\/2018\/10\/magneten-logo.jpg","width":151,"height":151,"caption":"Magnetenspecialist.nl"},"image":{"@id":"https:\/\/www.magnetenspecialist.nl\/fr\/#\/schema\/logo\/image\/"},"sameAs":["https:\/\/www.facebook.com\/Magnetenspecialist.nl","https:\/\/x.com\/magnetenspecial"]}]}},"_links":{"self":[{"href":"https:\/\/www.magnetenspecialist.nl\/fr\/wp-json\/wp\/v2\/pages\/107526","targetHints":{"allow":["GET"]}}],"collection":[{"href":"https:\/\/www.magnetenspecialist.nl\/fr\/wp-json\/wp\/v2\/pages"}],"about":[{"href":"https:\/\/www.magnetenspecialist.nl\/fr\/wp-json\/wp\/v2\/types\/page"}],"author":[{"embeddable":true,"href":"https:\/\/www.magnetenspecialist.nl\/fr\/wp-json\/wp\/v2\/users\/1"}],"replies":[{"embeddable":true,"href":"https:\/\/www.magnetenspecialist.nl\/fr\/wp-json\/wp\/v2\/comments?post=107526"}],"version-history":[{"count":0,"href":"https:\/\/www.magnetenspecialist.nl\/fr\/wp-json\/wp\/v2\/pages\/107526\/revisions"}],"wp:attachment":[{"href":"https:\/\/www.magnetenspecialist.nl\/fr\/wp-json\/wp\/v2\/media?parent=107526"}],"curies":[{"name":"wp","href":"https:\/\/api.w.org\/{rel}","templated":true}]}}