{"id":102527,"date":"2021-08-23T13:26:40","date_gmt":"2021-08-23T11:26:40","guid":{"rendered":"https:\/\/www.magnetenspecialist.nl\/?post_type=product&#038;p=102527"},"modified":"2025-04-07T12:48:34","modified_gmt":"2025-04-07T10:48:34","slug":"blokmagneet-25-x-8-x-3-mm-kopie","status":"publish","type":"product","link":"https:\/\/www.magnetenspecialist.nl\/fr\/magasin\/parallelepipedes-magnetiques\/blokmagneet-25-x-8-x-3-mm-kopie\/","title":{"rendered":"Bloc aimant 25 x 8 x 3 mm, N45"},"content":{"rendered":"<h2 class=\"mt-2 mt-sm-0 mb-1\">Bloc magn\u00e9tique 25 x 8 x 3 mm, N45, force de maintien 2,8 KG<img decoding=\"async\" class=\"alignnone wp-image-111745\" src=\"https:\/\/www.magnetenspecialist.nl\/wp-content\/uploads\/2021\/08\/Magnetenspecialist.nl_Blokmagneet-25-x-8-x-3-mm_2-300x300.jpg\" alt=\"\" width=\"176\" height=\"176\" srcset=\"https:\/\/www.magnetenspecialist.nl\/wp-content\/uploads\/2021\/08\/Magnetenspecialist.nl_Blokmagneet-25-x-8-x-3-mm_2-300x300.jpg 300w, https:\/\/www.magnetenspecialist.nl\/wp-content\/uploads\/2021\/08\/Magnetenspecialist.nl_Blokmagneet-25-x-8-x-3-mm_2-1024x1024.jpg 1024w, https:\/\/www.magnetenspecialist.nl\/wp-content\/uploads\/2021\/08\/Magnetenspecialist.nl_Blokmagneet-25-x-8-x-3-mm_2-150x150.jpg 150w, https:\/\/www.magnetenspecialist.nl\/wp-content\/uploads\/2021\/08\/Magnetenspecialist.nl_Blokmagneet-25-x-8-x-3-mm_2-768x768.jpg 768w, https:\/\/www.magnetenspecialist.nl\/wp-content\/uploads\/2021\/08\/Magnetenspecialist.nl_Blokmagneet-25-x-8-x-3-mm_2-600x600.jpg 600w, https:\/\/www.magnetenspecialist.nl\/wp-content\/uploads\/2021\/08\/Magnetenspecialist.nl_Blokmagneet-25-x-8-x-3-mm_2-100x100.jpg 100w, https:\/\/www.magnetenspecialist.nl\/wp-content\/uploads\/2021\/08\/Magnetenspecialist.nl_Blokmagneet-25-x-8-x-3-mm_2.jpg 1500w\" sizes=\"(max-width: 176px) 100vw, 176px\" \/><\/h2>\n<p class=\"\" data-start=\"101\" data-end=\"154\"><strong data-start=\"101\" data-end=\"154\">Bloc magn\u00e9tique 25 x 8 x 3 mm, N45, force de maintien 2,8 KG<\/strong><\/p>\n<p class=\"\" data-start=\"156\" data-end=\"588\">Mesurant 25 mm x 8 mm x 3 mm, ce bloc magn\u00e9tique est de haute qualit\u00e9 (N45) et offre une force magn\u00e9tique exceptionnellement forte. Avec une force de r\u00e9tention impressionnante de 2,8 KG, cet aimant est id\u00e9al pour un large \u00e9ventail d&#8217;applications, qu&#8217;il s&#8217;agisse de projets industriels, commerciaux ou de loisirs. Gr\u00e2ce \u00e0 sa force magn\u00e9tique \u00e9lev\u00e9e, cet aimant offre une adh\u00e9rence fiable, m\u00eame pour les objets les plus lourds.  <\/p>\n<p class=\"\" data-start=\"590\" data-end=\"604\"><strong data-start=\"590\" data-end=\"604\">Caract\u00e9ristiques :<\/strong><\/p>\n<ul data-start=\"605\" data-end=\"1109\">\n<li class=\"\" data-start=\"605\" data-end=\"670\">\n<p class=\"\" data-start=\"607\" data-end=\"670\"><strong data-start=\"607\" data-end=\"621\">Dimensions<\/strong>: 25 mm (longueur) x 8 mm (largeur) x 3 mm (hauteur)<\/p>\n<\/li>\n<li class=\"\" data-start=\"671\" data-end=\"726\">\n<p class=\"\" data-start=\"673\" data-end=\"726\"><strong data-start=\"673\" data-end=\"686\">Qualit\u00e9<\/strong>: N45 (aimant n\u00e9odyme tr\u00e8s puissant)<\/p>\n<\/li>\n<li class=\"\" data-start=\"727\" data-end=\"808\">\n<p class=\"\" data-start=\"729\" data-end=\"808\"><strong data-start=\"729\" data-end=\"743\">Force de maintien<\/strong>: jusqu&#8217;\u00e0 2,8 KG (en fonction de la surface et des conditions)<\/p>\n<\/li>\n<li class=\"\" data-start=\"809\" data-end=\"901\">\n<p class=\"\" data-start=\"811\" data-end=\"901\"><strong data-start=\"811\" data-end=\"824\">Mat\u00e9riau<\/strong>: N\u00e9odyme, avec finition nickel\u00e9e pour une durabilit\u00e9 et une protection accrues.<\/p>\n<\/li>\n<li class=\"\" data-start=\"902\" data-end=\"959\">\n<p class=\"\" data-start=\"904\" data-end=\"959\"><strong data-start=\"904\" data-end=\"933\">Forte force magn\u00e9tique<\/strong> pour une adh\u00e9sion fiable<\/p>\n<\/li>\n<li class=\"\" data-start=\"960\" data-end=\"1109\">\n<p class=\"\" data-start=\"962\" data-end=\"1109\">Convient \u00e0 un large \u00e9ventail d&#8217;applications, telles que la fixation d&#8217;objets, les applications industrielles et la cr\u00e9ation de syst\u00e8mes magn\u00e9tiques.<\/p>\n<\/li>\n<\/ul>\n<p class=\"\" data-start=\"1111\" data-end=\"1235\">Cet aimant bloc offre d&#8217;excellentes performances pour les applications n\u00e9cessitant une connexion magn\u00e9tique forte et fiable.<\/p>\n","protected":false},"excerpt":{"rendered":"<p>Ce bloc aimant\u00e9 en n\u00e9odyme mesure 25 x 8 x 3 millim\u00e8tres et est fabriqu\u00e9 \u00e0 partir du mat\u00e9riau magn\u00e9tique le plus puissant actuellement disponible. Il s&#8217;agit d&#8217;un aimant tr\u00e8s puissant qui peut \u00eatre utilis\u00e9 pour diverses applications, telles que la fixation d&#8217;objets sur des surfaces m\u00e9talliques ou la fabrication d&#8217;attaches magn\u00e9tiques. Il est important d&#8217;\u00eatre prudent lors de la manipulation de cet aimant car il a le pouvoir de tirer et d&#8217;affecter le m\u00e9tal.<\/p>\n","protected":false},"featured_media":111743,"template":"","meta":{"_acf_changed":false},"product_brand":[3521],"product_cat":[1376],"product_tag":[3159],"class_list":{"0":"post-102527","1":"product","2":"type-product","3":"status-publish","4":"has-post-thumbnail","6":"product_brand-magnetenspecialist","7":"product_cat-parallelepipedes-magnetiques","8":"product_tag-groep-4-fr","9":"pa_herkomst-chine","10":"pa_houdkracht-2-8-fr","11":"pa_magnetisering-n45-fr","12":"pa_magnetiseringsrichting-axiaal-fr","13":"pa_materiaal-neodyme","14":"pa_materiaal-nickele-ni-cu-ni-fr-2","15":"pa_maximale-gebruikstemperatuur-80-fr","16":"pa_model-bloc","17":"pa_preferentiele-oorsprong-non","18":"pa_taric-code-8505-1110-99-0-fr","20":"first","21":"instock","22":"taxable","23":"shipping-taxable","24":"purchasable","25":"product-type-simple"},"supplier_id":null,"supplier_sku":"","barcode":null,"atum_controlled":true,"out_stock_date":null,"out_stock_threshold":null,"inheritable":false,"inbound_stock":0,"stock_on_hold":0,"sold_today":0,"sales_last_days":40,"reserved_stock":0,"customer_returns":0,"warehouse_damage":0,"lost_in_post":0,"other_logs":0,"out_stock_days":0,"lost_sales":0,"has_location":false,"update_date":"2026-04-14T08:30:38","atum_locations":[],"atum_stock_status":"instock","restock_status":false,"low_stock_amount":2000,"sales_update_date":"2026-04-14T08:30:36","calc_backorders":null,"acf":[],"yoast_head":"<!-- This site is optimized with the Yoast SEO Premium plugin v24.7 (Yoast SEO v24.7) - https:\/\/yoast.com\/wordpress\/plugins\/seo\/ -->\n<title>Aimant en bloc 25 x 8 x 3 mm, N45 avec un fort pouvoir de r\u00e9tention<\/title>\n<meta name=\"description\" content=\"D\u00e9couvrez le puissant aimant bloc 25 x 8 x 3 mm, N45 avec une force de r\u00e9tention de 2,8 KG. Parfait pour tous vos projets industriels et de loisirs !\" \/>\n<meta name=\"robots\" content=\"index, follow, max-snippet:-1, max-image-preview:large, max-video-preview:-1\" \/>\n<link rel=\"canonical\" href=\"https:\/\/www.magnetenspecialist.nl\/fr\/magasin\/parallelepipedes-magnetiques\/blokmagneet-25-x-8-x-3-mm-kopie\/\" \/>\n<meta property=\"og:locale\" content=\"fr_FR\" \/>\n<meta property=\"og:type\" content=\"article\" \/>\n<meta property=\"og:title\" content=\"Bloc aimant 25 x 8 x 3 mm, N45\" \/>\n<meta property=\"og:description\" content=\"D\u00e9couvrez le puissant aimant bloc 25 x 8 x 3 mm, N45 avec une force de r\u00e9tention de 2,8 KG. Parfait pour tous vos projets industriels et de loisirs !\" \/>\n<meta property=\"og:url\" content=\"https:\/\/www.magnetenspecialist.nl\/fr\/magasin\/parallelepipedes-magnetiques\/blokmagneet-25-x-8-x-3-mm-kopie\/\" \/>\n<meta property=\"og:site_name\" content=\"Magnetenspecialist.nl\" \/>\n<meta property=\"article:publisher\" content=\"https:\/\/www.facebook.com\/Magnetenspecialist.nl\" \/>\n<meta property=\"article:modified_time\" content=\"2025-04-07T10:48:34+00:00\" \/>\n<meta property=\"og:image\" content=\"https:\/\/www.magnetenspecialist.nl\/wp-content\/uploads\/2021\/08\/Magnetenspecialist.nl_Blokmagneet-25-x-8-x-3-mm_1.jpg\" \/>\n\t<meta property=\"og:image:width\" content=\"1500\" \/>\n\t<meta property=\"og:image:height\" content=\"1500\" \/>\n\t<meta property=\"og:image:type\" content=\"image\/jpeg\" \/>\n<meta name=\"twitter:card\" content=\"summary_large_image\" \/>\n<meta name=\"twitter:site\" content=\"@magnetenspecial\" \/>\n<meta name=\"twitter:label1\" content=\"Prix\" \/>\n\t<meta name=\"twitter:data1\" content=\"&euro;&nbsp;1,53\" \/>\n\t<meta name=\"twitter:label2\" content=\"Disponibilit\u00e9\" \/>\n\t<meta name=\"twitter:data2\" content=\"En stock\" \/>\n<script type=\"application\/ld+json\" class=\"yoast-schema-graph\">{\"@context\":\"https:\/\/schema.org\",\"@graph\":[{\"@type\":\"WebPage\",\"@id\":\"https:\/\/www.magnetenspecialist.nl\/fr\/magasin\/parallelepipedes-magnetiques\/blokmagneet-25-x-8-x-3-mm-kopie\/\",\"url\":\"https:\/\/www.magnetenspecialist.nl\/fr\/magasin\/parallelepipedes-magnetiques\/blokmagneet-25-x-8-x-3-mm-kopie\/\",\"name\":\"Aimant en bloc 25 x 8 x 3 mm, N45 avec un fort pouvoir de r\u00e9tention\",\"isPartOf\":{\"@id\":\"https:\/\/www.magnetenspecialist.nl\/fr\/#website\"},\"primaryImageOfPage\":{\"@id\":\"https:\/\/www.magnetenspecialist.nl\/fr\/magasin\/parallelepipedes-magnetiques\/blokmagneet-25-x-8-x-3-mm-kopie\/#primaryimage\"},\"image\":{\"@id\":\"https:\/\/www.magnetenspecialist.nl\/fr\/magasin\/parallelepipedes-magnetiques\/blokmagneet-25-x-8-x-3-mm-kopie\/#primaryimage\"},\"thumbnailUrl\":\"https:\/\/www.magnetenspecialist.nl\/wp-content\/uploads\/2021\/08\/Magnetenspecialist.nl_Blokmagneet-25-x-8-x-3-mm_1.jpg\",\"datePublished\":\"2021-08-23T11:26:40+00:00\",\"dateModified\":\"2025-04-07T10:48:34+00:00\",\"description\":\"D\u00e9couvrez le puissant aimant bloc 25 x 8 x 3 mm, N45 avec une force de r\u00e9tention de 2,8 KG. Parfait pour tous vos projets industriels et de loisirs !\",\"breadcrumb\":{\"@id\":\"https:\/\/www.magnetenspecialist.nl\/fr\/magasin\/parallelepipedes-magnetiques\/blokmagneet-25-x-8-x-3-mm-kopie\/#breadcrumb\"},\"inLanguage\":\"fr-FR\",\"potentialAction\":[{\"@type\":\"ReadAction\",\"target\":[\"https:\/\/www.magnetenspecialist.nl\/fr\/magasin\/parallelepipedes-magnetiques\/blokmagneet-25-x-8-x-3-mm-kopie\/\"]}]},{\"@type\":\"ImageObject\",\"inLanguage\":\"fr-FR\",\"@id\":\"https:\/\/www.magnetenspecialist.nl\/fr\/magasin\/parallelepipedes-magnetiques\/blokmagneet-25-x-8-x-3-mm-kopie\/#primaryimage\",\"url\":\"https:\/\/www.magnetenspecialist.nl\/wp-content\/uploads\/2021\/08\/Magnetenspecialist.nl_Blokmagneet-25-x-8-x-3-mm_1.jpg\",\"contentUrl\":\"https:\/\/www.magnetenspecialist.nl\/wp-content\/uploads\/2021\/08\/Magnetenspecialist.nl_Blokmagneet-25-x-8-x-3-mm_1.jpg\",\"width\":1500,\"height\":1500},{\"@type\":\"BreadcrumbList\",\"@id\":\"https:\/\/www.magnetenspecialist.nl\/fr\/magasin\/parallelepipedes-magnetiques\/blokmagneet-25-x-8-x-3-mm-kopie\/#breadcrumb\",\"itemListElement\":[{\"@type\":\"ListItem\",\"position\":1,\"name\":\"Accueil\",\"item\":\"https:\/\/www.magnetenspecialist.nl\/fr\/accueil\/\"},{\"@type\":\"ListItem\",\"position\":2,\"name\":\"Boutique\",\"item\":\"https:\/\/www.magnetenspecialist.nl\/fr\/boutique\/\"},{\"@type\":\"ListItem\",\"position\":3,\"name\":\"Bloc aimant 25 x 8 x 3 mm, N45\"}]},{\"@type\":\"WebSite\",\"@id\":\"https:\/\/www.magnetenspecialist.nl\/fr\/#website\",\"url\":\"https:\/\/www.magnetenspecialist.nl\/fr\/\",\"name\":\"Magnetenspecialist.nl\",\"description\":\"Vaste gamme d'aimants en n\u00e9odyme\",\"publisher\":{\"@id\":\"https:\/\/www.magnetenspecialist.nl\/fr\/#organization\"},\"potentialAction\":[{\"@type\":\"SearchAction\",\"target\":{\"@type\":\"EntryPoint\",\"urlTemplate\":\"https:\/\/www.magnetenspecialist.nl\/fr\/?s={search_term_string}\"},\"query-input\":{\"@type\":\"PropertyValueSpecification\",\"valueRequired\":true,\"valueName\":\"search_term_string\"}}],\"inLanguage\":\"fr-FR\"},{\"@type\":\"Organization\",\"@id\":\"https:\/\/www.magnetenspecialist.nl\/fr\/#organization\",\"name\":\"Magnetenspecialist.nl\",\"url\":\"https:\/\/www.magnetenspecialist.nl\/fr\/\",\"logo\":{\"@type\":\"ImageObject\",\"inLanguage\":\"fr-FR\",\"@id\":\"https:\/\/www.magnetenspecialist.nl\/fr\/#\/schema\/logo\/image\/\",\"url\":\"https:\/\/www.magnetenspecialist.nl\/wp-content\/uploads\/2018\/10\/magneten-logo.jpg\",\"contentUrl\":\"https:\/\/www.magnetenspecialist.nl\/wp-content\/uploads\/2018\/10\/magneten-logo.jpg\",\"width\":151,\"height\":151,\"caption\":\"Magnetenspecialist.nl\"},\"image\":{\"@id\":\"https:\/\/www.magnetenspecialist.nl\/fr\/#\/schema\/logo\/image\/\"},\"sameAs\":[\"https:\/\/www.facebook.com\/Magnetenspecialist.nl\",\"https:\/\/x.com\/magnetenspecial\"]}]}<\/script>\n<meta property=\"product:price:amount\" content=\"1.53\" \/>\n<meta property=\"product:price:currency\" content=\"EUR\" \/>\n<meta property=\"og:availability\" content=\"instock\" \/>\n<meta property=\"product:availability\" content=\"instock\" \/>\n<meta property=\"product:retailer_item_id\" content=\"bl025x008x003-N\" \/>\n<meta property=\"product:condition\" content=\"new\" \/>\n<!-- \/ Yoast SEO Premium plugin. -->","yoast_head_json":{"title":"Aimant en bloc 25 x 8 x 3 mm, N45 avec un fort pouvoir de r\u00e9tention","description":"D\u00e9couvrez le puissant aimant bloc 25 x 8 x 3 mm, N45 avec une force de r\u00e9tention de 2,8 KG. Parfait pour tous vos projets industriels et de loisirs !","robots":{"index":"index","follow":"follow","max-snippet":"max-snippet:-1","max-image-preview":"max-image-preview:large","max-video-preview":"max-video-preview:-1"},"canonical":"https:\/\/www.magnetenspecialist.nl\/fr\/magasin\/parallelepipedes-magnetiques\/blokmagneet-25-x-8-x-3-mm-kopie\/","og_locale":"fr_FR","og_type":"article","og_title":"Bloc aimant 25 x 8 x 3 mm, N45","og_description":"D\u00e9couvrez le puissant aimant bloc 25 x 8 x 3 mm, N45 avec une force de r\u00e9tention de 2,8 KG. Parfait pour tous vos projets industriels et de loisirs !","og_url":"https:\/\/www.magnetenspecialist.nl\/fr\/magasin\/parallelepipedes-magnetiques\/blokmagneet-25-x-8-x-3-mm-kopie\/","og_site_name":"Magnetenspecialist.nl","article_publisher":"https:\/\/www.facebook.com\/Magnetenspecialist.nl","article_modified_time":"2025-04-07T10:48:34+00:00","og_image":[{"width":1500,"height":1500,"url":"https:\/\/www.magnetenspecialist.nl\/wp-content\/uploads\/2021\/08\/Magnetenspecialist.nl_Blokmagneet-25-x-8-x-3-mm_1.jpg","type":"image\/jpeg"}],"twitter_card":"summary_large_image","twitter_site":"@magnetenspecial","twitter_misc":{"Prix":"&euro;&nbsp;1,53","Disponibilit\u00e9":"En stock"},"schema":{"@context":"https:\/\/schema.org","@graph":[{"@type":"WebPage","@id":"https:\/\/www.magnetenspecialist.nl\/fr\/magasin\/parallelepipedes-magnetiques\/blokmagneet-25-x-8-x-3-mm-kopie\/","url":"https:\/\/www.magnetenspecialist.nl\/fr\/magasin\/parallelepipedes-magnetiques\/blokmagneet-25-x-8-x-3-mm-kopie\/","name":"Aimant en bloc 25 x 8 x 3 mm, N45 avec un fort pouvoir de r\u00e9tention","isPartOf":{"@id":"https:\/\/www.magnetenspecialist.nl\/fr\/#website"},"primaryImageOfPage":{"@id":"https:\/\/www.magnetenspecialist.nl\/fr\/magasin\/parallelepipedes-magnetiques\/blokmagneet-25-x-8-x-3-mm-kopie\/#primaryimage"},"image":{"@id":"https:\/\/www.magnetenspecialist.nl\/fr\/magasin\/parallelepipedes-magnetiques\/blokmagneet-25-x-8-x-3-mm-kopie\/#primaryimage"},"thumbnailUrl":"https:\/\/www.magnetenspecialist.nl\/wp-content\/uploads\/2021\/08\/Magnetenspecialist.nl_Blokmagneet-25-x-8-x-3-mm_1.jpg","datePublished":"2021-08-23T11:26:40+00:00","dateModified":"2025-04-07T10:48:34+00:00","description":"D\u00e9couvrez le puissant aimant bloc 25 x 8 x 3 mm, N45 avec une force de r\u00e9tention de 2,8 KG. Parfait pour tous vos projets industriels et de loisirs !","breadcrumb":{"@id":"https:\/\/www.magnetenspecialist.nl\/fr\/magasin\/parallelepipedes-magnetiques\/blokmagneet-25-x-8-x-3-mm-kopie\/#breadcrumb"},"inLanguage":"fr-FR","potentialAction":[{"@type":"ReadAction","target":["https:\/\/www.magnetenspecialist.nl\/fr\/magasin\/parallelepipedes-magnetiques\/blokmagneet-25-x-8-x-3-mm-kopie\/"]}]},{"@type":"ImageObject","inLanguage":"fr-FR","@id":"https:\/\/www.magnetenspecialist.nl\/fr\/magasin\/parallelepipedes-magnetiques\/blokmagneet-25-x-8-x-3-mm-kopie\/#primaryimage","url":"https:\/\/www.magnetenspecialist.nl\/wp-content\/uploads\/2021\/08\/Magnetenspecialist.nl_Blokmagneet-25-x-8-x-3-mm_1.jpg","contentUrl":"https:\/\/www.magnetenspecialist.nl\/wp-content\/uploads\/2021\/08\/Magnetenspecialist.nl_Blokmagneet-25-x-8-x-3-mm_1.jpg","width":1500,"height":1500},{"@type":"BreadcrumbList","@id":"https:\/\/www.magnetenspecialist.nl\/fr\/magasin\/parallelepipedes-magnetiques\/blokmagneet-25-x-8-x-3-mm-kopie\/#breadcrumb","itemListElement":[{"@type":"ListItem","position":1,"name":"Accueil","item":"https:\/\/www.magnetenspecialist.nl\/fr\/accueil\/"},{"@type":"ListItem","position":2,"name":"Boutique","item":"https:\/\/www.magnetenspecialist.nl\/fr\/boutique\/"},{"@type":"ListItem","position":3,"name":"Bloc aimant 25 x 8 x 3 mm, N45"}]},{"@type":"WebSite","@id":"https:\/\/www.magnetenspecialist.nl\/fr\/#website","url":"https:\/\/www.magnetenspecialist.nl\/fr\/","name":"Magnetenspecialist.nl","description":"Vaste gamme d'aimants en n\u00e9odyme","publisher":{"@id":"https:\/\/www.magnetenspecialist.nl\/fr\/#organization"},"potentialAction":[{"@type":"SearchAction","target":{"@type":"EntryPoint","urlTemplate":"https:\/\/www.magnetenspecialist.nl\/fr\/?s={search_term_string}"},"query-input":{"@type":"PropertyValueSpecification","valueRequired":true,"valueName":"search_term_string"}}],"inLanguage":"fr-FR"},{"@type":"Organization","@id":"https:\/\/www.magnetenspecialist.nl\/fr\/#organization","name":"Magnetenspecialist.nl","url":"https:\/\/www.magnetenspecialist.nl\/fr\/","logo":{"@type":"ImageObject","inLanguage":"fr-FR","@id":"https:\/\/www.magnetenspecialist.nl\/fr\/#\/schema\/logo\/image\/","url":"https:\/\/www.magnetenspecialist.nl\/wp-content\/uploads\/2018\/10\/magneten-logo.jpg","contentUrl":"https:\/\/www.magnetenspecialist.nl\/wp-content\/uploads\/2018\/10\/magneten-logo.jpg","width":151,"height":151,"caption":"Magnetenspecialist.nl"},"image":{"@id":"https:\/\/www.magnetenspecialist.nl\/fr\/#\/schema\/logo\/image\/"},"sameAs":["https:\/\/www.facebook.com\/Magnetenspecialist.nl","https:\/\/x.com\/magnetenspecial"]}]},"product_price_amount":"1.53","product_price_currency":"EUR","og_availability":"instock","product_availability":"instock","product_retailer_item_id":"bl025x008x003-N","product_condition":"new"},"_links":{"self":[{"href":"https:\/\/www.magnetenspecialist.nl\/fr\/wp-json\/wp\/v2\/product\/102527","targetHints":{"allow":["GET"]}}],"collection":[{"href":"https:\/\/www.magnetenspecialist.nl\/fr\/wp-json\/wp\/v2\/product"}],"about":[{"href":"https:\/\/www.magnetenspecialist.nl\/fr\/wp-json\/wp\/v2\/types\/product"}],"wp:featuredmedia":[{"embeddable":true,"href":"https:\/\/www.magnetenspecialist.nl\/fr\/wp-json\/wp\/v2\/media\/111743"}],"wp:attachment":[{"href":"https:\/\/www.magnetenspecialist.nl\/fr\/wp-json\/wp\/v2\/media?parent=102527"}],"wp:term":[{"taxonomy":"product_brand","embeddable":true,"href":"https:\/\/www.magnetenspecialist.nl\/fr\/wp-json\/wp\/v2\/product_brand?post=102527"},{"taxonomy":"product_cat","embeddable":true,"href":"https:\/\/www.magnetenspecialist.nl\/fr\/wp-json\/wp\/v2\/product_cat?post=102527"},{"taxonomy":"product_tag","embeddable":true,"href":"https:\/\/www.magnetenspecialist.nl\/fr\/wp-json\/wp\/v2\/product_tag?post=102527"}],"curies":[{"name":"wp","href":"https:\/\/api.w.org\/{rel}","templated":true}]}}