{"id":104298,"date":"2021-09-17T17:32:39","date_gmt":"2021-09-17T15:32:39","guid":{"rendered":"https:\/\/www.magnetenspecialist.nl\/winkel\/non%20class\u00e9\/aimant-pour-lestomac-avec-aimant-neodyme-extra-puissant-pour-la-protection-de-lestomac-des-vaches\/"},"modified":"2025-03-18T15:49:19","modified_gmt":"2025-03-18T14:49:19","slug":"aimant-destomac-avec-aimant-neodymium-extra-puissant-pour-la-protection-de-lestomac-de-la-vache","status":"publish","type":"product","link":"https:\/\/www.magnetenspecialist.nl\/fr\/magasin\/autres-aimants\/aimant-destomac-avec-aimant-neodymium-extra-puissant-pour-la-protection-de-lestomac-de-la-vache\/","title":{"rendered":"Aimant pour l&#8217;estomac avec aimant n\u00e9odyme extra puissant pour la protection de l&#8217;estomac de la vache."},"content":{"rendered":"<p><strong>Aimant \u00e0 estomac pour les vaches<\/strong><\/p>\n<p>&nbsp;<\/p>\n<p>Cet aimant stomacal dot\u00e9 d&#8217;un aimant en n\u00e9odyme, enti\u00e8rement envelopp\u00e9 de plastique, sert \u00e0 attirer les parties en fer (tranchantes) dans l&#8217;estomac de la vache afin de ne pas l&#8217;endommager. Si la vache devait ing\u00e9rer du fer par le biais, par exemple, de la liti\u00e8re pr\u00e9sente, l&#8217;aimant plac\u00e9 dans le r\u00e9ticulum attirera ces parties afin que la paroi de l&#8217;estomac ne soit pas endommag\u00e9e. Cet aimant en n\u00e9odyme pour l&#8217;estomac est plusieurs fois plus puissant que les aimants en ferrite pour l&#8217;estomac.<\/p>\n<p>Poids, bo\u00eetier en plastique inclus : 146 grammes<\/p>\n<p><b>Application :<\/b> Insertion par l&#8217;interm\u00e9diaire d&#8217;un donneur d&#8217;aimant dans l&#8217;estomac.<\/p>\n","protected":false},"excerpt":{"rendered":"<p>Aimant \u00e0 estomac pour les vaches &nbsp; Cet aimant stomacal dot\u00e9 d&#8217;un aimant en n\u00e9odyme, enti\u00e8rement envelopp\u00e9 de plastique, sert \u00e0 attirer les parties en fer (tranchantes) dans l&#8217;estomac de la vache afin de ne pas l&#8217;endommager. Si la vache devait ing\u00e9rer du fer par le biais, par exemple, de la liti\u00e8re pr\u00e9sente, l&#8217;aimant plac\u00e9 [&hellip;]<\/p>\n","protected":false},"featured_media":114081,"template":"","meta":{"_acf_changed":false},"product_brand":[3521],"product_cat":[1391],"product_tag":[3158],"class_list":{"0":"post-104298","1":"product","2":"type-product","3":"status-publish","4":"has-post-thumbnail","6":"product_brand-magnetenspecialist","7":"product_cat-autres-aimants","8":"product_tag-groep-3-fr","10":"first","11":"outofstock","12":"taxable","13":"shipping-taxable","14":"purchasable","15":"product-type-simple"},"supplier_id":null,"supplier_sku":"","barcode":null,"atum_controlled":true,"out_stock_date":"2025-03-27 11:07:08","out_stock_threshold":null,"inheritable":false,"inbound_stock":0,"stock_on_hold":0,"sold_today":0,"sales_last_days":0,"reserved_stock":0,"customer_returns":0,"warehouse_damage":0,"lost_in_post":0,"other_logs":0,"out_stock_days":371,"lost_sales":0,"has_location":false,"update_date":"2026-04-03T08:06:18","atum_locations":[],"atum_stock_status":"outofstock","restock_status":false,"low_stock_amount":0,"sales_update_date":"2026-04-03T08:06:18","calc_backorders":null,"acf":[],"yoast_head":"<!-- This site is optimized with the Yoast SEO Premium plugin v24.7 (Yoast SEO v24.7) - https:\/\/yoast.com\/wordpress\/plugins\/seo\/ -->\n<title>Aimant pour Estomac avec Aimant N\u00e9odyme Extra Puissant - Protection de l&#039;Estomac de la Vache<\/title>\n<meta name=\"description\" content=\"Vous cherchez un Aimant pour l&#039;estomac avec aimant n\u00e9odyme extra puissant pour la protection de l&#039;estomac de la vache.? Les aimants peuvent \u00eatre achet\u00e9s facilement en ligne sur Magnetenspecialist.nl \u2713 1 jour ouvrable de d\u00e9lai de livraison \u2713 14 jours de d\u00e9lai de r\u00e9flexion \u2713 Exp\u00e9dition ou enl\u00e8vement *.\" \/>\n<meta name=\"robots\" content=\"index, follow, max-snippet:-1, max-image-preview:large, max-video-preview:-1\" \/>\n<link rel=\"canonical\" href=\"https:\/\/www.magnetenspecialist.nl\/fr\/magasin\/autres-aimants\/aimant-destomac-avec-aimant-neodymium-extra-puissant-pour-la-protection-de-lestomac-de-la-vache\/\" \/>\n<meta property=\"og:locale\" content=\"fr_FR\" \/>\n<meta property=\"og:type\" content=\"article\" \/>\n<meta property=\"og:title\" content=\"Aimant pour l&#039;estomac avec aimant n\u00e9odyme extra puissant pour la protection de l&#039;estomac de la vache.\" \/>\n<meta property=\"og:description\" content=\"Vous cherchez un Aimant pour l&#039;estomac avec aimant n\u00e9odyme extra puissant pour la protection de l&#039;estomac de la vache.? Les aimants peuvent \u00eatre achet\u00e9s facilement en ligne sur Magnetenspecialist.nl \u2713 1 jour ouvrable de d\u00e9lai de livraison \u2713 14 jours de d\u00e9lai de r\u00e9flexion \u2713 Exp\u00e9dition ou enl\u00e8vement *.\" \/>\n<meta property=\"og:url\" content=\"https:\/\/www.magnetenspecialist.nl\/fr\/magasin\/autres-aimants\/aimant-destomac-avec-aimant-neodymium-extra-puissant-pour-la-protection-de-lestomac-de-la-vache\/\" \/>\n<meta property=\"og:site_name\" content=\"Magnetenspecialist.nl\" \/>\n<meta property=\"article:publisher\" content=\"https:\/\/www.facebook.com\/Magnetenspecialist.nl\" \/>\n<meta property=\"article:modified_time\" content=\"2025-03-18T14:49:19+00:00\" \/>\n<meta property=\"og:image\" content=\"https:\/\/www.magnetenspecialist.nl\/wp-content\/uploads\/2021\/09\/Magnetenspecialist.nl_Maagmagneet-met-extra-krachtige-neodymium-magneet-voor-bescherming-maag-koe_1.jpg\" \/>\n\t<meta property=\"og:image:width\" content=\"1500\" \/>\n\t<meta property=\"og:image:height\" content=\"1500\" \/>\n\t<meta property=\"og:image:type\" content=\"image\/jpeg\" \/>\n<meta name=\"twitter:card\" content=\"summary_large_image\" \/>\n<meta name=\"twitter:site\" content=\"@magnetenspecial\" \/>\n<meta name=\"twitter:label1\" content=\"Prix\" \/>\n\t<meta name=\"twitter:data1\" content=\"&euro;&nbsp;24,38\" \/>\n\t<meta name=\"twitter:label2\" content=\"Disponibilit\u00e9\" \/>\n\t<meta name=\"twitter:data2\" content=\"Rupture de stock\" \/>\n<script type=\"application\/ld+json\" class=\"yoast-schema-graph\">{\"@context\":\"https:\/\/schema.org\",\"@graph\":[{\"@type\":\"WebPage\",\"@id\":\"https:\/\/www.magnetenspecialist.nl\/fr\/magasin\/autres-aimants\/aimant-destomac-avec-aimant-neodymium-extra-puissant-pour-la-protection-de-lestomac-de-la-vache\/\",\"url\":\"https:\/\/www.magnetenspecialist.nl\/fr\/magasin\/autres-aimants\/aimant-destomac-avec-aimant-neodymium-extra-puissant-pour-la-protection-de-lestomac-de-la-vache\/\",\"name\":\"Aimant pour Estomac avec Aimant N\u00e9odyme Extra Puissant - Protection de l'Estomac de la Vache\",\"isPartOf\":{\"@id\":\"https:\/\/www.magnetenspecialist.nl\/fr\/#website\"},\"primaryImageOfPage\":{\"@id\":\"https:\/\/www.magnetenspecialist.nl\/fr\/magasin\/autres-aimants\/aimant-destomac-avec-aimant-neodymium-extra-puissant-pour-la-protection-de-lestomac-de-la-vache\/#primaryimage\"},\"image\":{\"@id\":\"https:\/\/www.magnetenspecialist.nl\/fr\/magasin\/autres-aimants\/aimant-destomac-avec-aimant-neodymium-extra-puissant-pour-la-protection-de-lestomac-de-la-vache\/#primaryimage\"},\"thumbnailUrl\":\"https:\/\/www.magnetenspecialist.nl\/wp-content\/uploads\/2021\/09\/Magnetenspecialist.nl_Maagmagneet-met-extra-krachtige-neodymium-magneet-voor-bescherming-maag-koe_1.jpg\",\"datePublished\":\"2021-09-17T15:32:39+00:00\",\"dateModified\":\"2025-03-18T14:49:19+00:00\",\"description\":\"Vous cherchez un Aimant pour l'estomac avec aimant n\u00e9odyme extra puissant pour la protection de l'estomac de la vache.? Les aimants peuvent \u00eatre achet\u00e9s facilement en ligne sur Magnetenspecialist.nl \u2713 1 jour ouvrable de d\u00e9lai de livraison \u2713 14 jours de d\u00e9lai de r\u00e9flexion \u2713 Exp\u00e9dition ou enl\u00e8vement *.\",\"breadcrumb\":{\"@id\":\"https:\/\/www.magnetenspecialist.nl\/fr\/magasin\/autres-aimants\/aimant-destomac-avec-aimant-neodymium-extra-puissant-pour-la-protection-de-lestomac-de-la-vache\/#breadcrumb\"},\"inLanguage\":\"fr-FR\",\"potentialAction\":[{\"@type\":\"ReadAction\",\"target\":[\"https:\/\/www.magnetenspecialist.nl\/fr\/magasin\/autres-aimants\/aimant-destomac-avec-aimant-neodymium-extra-puissant-pour-la-protection-de-lestomac-de-la-vache\/\"]}]},{\"@type\":\"ImageObject\",\"inLanguage\":\"fr-FR\",\"@id\":\"https:\/\/www.magnetenspecialist.nl\/fr\/magasin\/autres-aimants\/aimant-destomac-avec-aimant-neodymium-extra-puissant-pour-la-protection-de-lestomac-de-la-vache\/#primaryimage\",\"url\":\"https:\/\/www.magnetenspecialist.nl\/wp-content\/uploads\/2021\/09\/Magnetenspecialist.nl_Maagmagneet-met-extra-krachtige-neodymium-magneet-voor-bescherming-maag-koe_1.jpg\",\"contentUrl\":\"https:\/\/www.magnetenspecialist.nl\/wp-content\/uploads\/2021\/09\/Magnetenspecialist.nl_Maagmagneet-met-extra-krachtige-neodymium-magneet-voor-bescherming-maag-koe_1.jpg\",\"width\":1500,\"height\":1500},{\"@type\":\"BreadcrumbList\",\"@id\":\"https:\/\/www.magnetenspecialist.nl\/fr\/magasin\/autres-aimants\/aimant-destomac-avec-aimant-neodymium-extra-puissant-pour-la-protection-de-lestomac-de-la-vache\/#breadcrumb\",\"itemListElement\":[{\"@type\":\"ListItem\",\"position\":1,\"name\":\"Accueil\",\"item\":\"https:\/\/www.magnetenspecialist.nl\/fr\/accueil\/\"},{\"@type\":\"ListItem\",\"position\":2,\"name\":\"Boutique\",\"item\":\"https:\/\/www.magnetenspecialist.nl\/fr\/boutique\/\"},{\"@type\":\"ListItem\",\"position\":3,\"name\":\"Aimant pour l&#8217;estomac avec aimant n\u00e9odyme extra puissant pour la protection de l&#8217;estomac de la vache.\"}]},{\"@type\":\"WebSite\",\"@id\":\"https:\/\/www.magnetenspecialist.nl\/fr\/#website\",\"url\":\"https:\/\/www.magnetenspecialist.nl\/fr\/\",\"name\":\"Magnetenspecialist.nl\",\"description\":\"Vaste gamme d'aimants en n\u00e9odyme\",\"publisher\":{\"@id\":\"https:\/\/www.magnetenspecialist.nl\/fr\/#organization\"},\"potentialAction\":[{\"@type\":\"SearchAction\",\"target\":{\"@type\":\"EntryPoint\",\"urlTemplate\":\"https:\/\/www.magnetenspecialist.nl\/fr\/?s={search_term_string}\"},\"query-input\":{\"@type\":\"PropertyValueSpecification\",\"valueRequired\":true,\"valueName\":\"search_term_string\"}}],\"inLanguage\":\"fr-FR\"},{\"@type\":\"Organization\",\"@id\":\"https:\/\/www.magnetenspecialist.nl\/fr\/#organization\",\"name\":\"Magnetenspecialist.nl\",\"url\":\"https:\/\/www.magnetenspecialist.nl\/fr\/\",\"logo\":{\"@type\":\"ImageObject\",\"inLanguage\":\"fr-FR\",\"@id\":\"https:\/\/www.magnetenspecialist.nl\/fr\/#\/schema\/logo\/image\/\",\"url\":\"https:\/\/www.magnetenspecialist.nl\/wp-content\/uploads\/2018\/10\/magneten-logo.jpg\",\"contentUrl\":\"https:\/\/www.magnetenspecialist.nl\/wp-content\/uploads\/2018\/10\/magneten-logo.jpg\",\"width\":151,\"height\":151,\"caption\":\"Magnetenspecialist.nl\"},\"image\":{\"@id\":\"https:\/\/www.magnetenspecialist.nl\/fr\/#\/schema\/logo\/image\/\"},\"sameAs\":[\"https:\/\/www.facebook.com\/Magnetenspecialist.nl\",\"https:\/\/x.com\/magnetenspecial\"]}]}<\/script>\n<meta property=\"product:price:amount\" content=\"24.38\" \/>\n<meta property=\"product:price:currency\" content=\"EUR\" \/>\n<meta property=\"og:availability\" content=\"out of stock\" \/>\n<meta property=\"product:availability\" content=\"out of stock\" \/>\n<meta property=\"product:retailer_item_id\" content=\"MM01N\" \/>\n<meta property=\"product:condition\" content=\"new\" \/>\n<!-- \/ Yoast SEO Premium plugin. -->","yoast_head_json":{"title":"Aimant pour Estomac avec Aimant N\u00e9odyme Extra Puissant - Protection de l'Estomac de la Vache","description":"Vous cherchez un Aimant pour l'estomac avec aimant n\u00e9odyme extra puissant pour la protection de l'estomac de la vache.? Les aimants peuvent \u00eatre achet\u00e9s facilement en ligne sur Magnetenspecialist.nl \u2713 1 jour ouvrable de d\u00e9lai de livraison \u2713 14 jours de d\u00e9lai de r\u00e9flexion \u2713 Exp\u00e9dition ou enl\u00e8vement *.","robots":{"index":"index","follow":"follow","max-snippet":"max-snippet:-1","max-image-preview":"max-image-preview:large","max-video-preview":"max-video-preview:-1"},"canonical":"https:\/\/www.magnetenspecialist.nl\/fr\/magasin\/autres-aimants\/aimant-destomac-avec-aimant-neodymium-extra-puissant-pour-la-protection-de-lestomac-de-la-vache\/","og_locale":"fr_FR","og_type":"article","og_title":"Aimant pour l'estomac avec aimant n\u00e9odyme extra puissant pour la protection de l'estomac de la vache.","og_description":"Vous cherchez un Aimant pour l'estomac avec aimant n\u00e9odyme extra puissant pour la protection de l'estomac de la vache.? Les aimants peuvent \u00eatre achet\u00e9s facilement en ligne sur Magnetenspecialist.nl \u2713 1 jour ouvrable de d\u00e9lai de livraison \u2713 14 jours de d\u00e9lai de r\u00e9flexion \u2713 Exp\u00e9dition ou enl\u00e8vement *.","og_url":"https:\/\/www.magnetenspecialist.nl\/fr\/magasin\/autres-aimants\/aimant-destomac-avec-aimant-neodymium-extra-puissant-pour-la-protection-de-lestomac-de-la-vache\/","og_site_name":"Magnetenspecialist.nl","article_publisher":"https:\/\/www.facebook.com\/Magnetenspecialist.nl","article_modified_time":"2025-03-18T14:49:19+00:00","og_image":[{"width":1500,"height":1500,"url":"https:\/\/www.magnetenspecialist.nl\/wp-content\/uploads\/2021\/09\/Magnetenspecialist.nl_Maagmagneet-met-extra-krachtige-neodymium-magneet-voor-bescherming-maag-koe_1.jpg","type":"image\/jpeg"}],"twitter_card":"summary_large_image","twitter_site":"@magnetenspecial","twitter_misc":{"Prix":"&euro;&nbsp;24,38","Disponibilit\u00e9":"Rupture de stock"},"schema":{"@context":"https:\/\/schema.org","@graph":[{"@type":"WebPage","@id":"https:\/\/www.magnetenspecialist.nl\/fr\/magasin\/autres-aimants\/aimant-destomac-avec-aimant-neodymium-extra-puissant-pour-la-protection-de-lestomac-de-la-vache\/","url":"https:\/\/www.magnetenspecialist.nl\/fr\/magasin\/autres-aimants\/aimant-destomac-avec-aimant-neodymium-extra-puissant-pour-la-protection-de-lestomac-de-la-vache\/","name":"Aimant pour Estomac avec Aimant N\u00e9odyme Extra Puissant - Protection de l'Estomac de la Vache","isPartOf":{"@id":"https:\/\/www.magnetenspecialist.nl\/fr\/#website"},"primaryImageOfPage":{"@id":"https:\/\/www.magnetenspecialist.nl\/fr\/magasin\/autres-aimants\/aimant-destomac-avec-aimant-neodymium-extra-puissant-pour-la-protection-de-lestomac-de-la-vache\/#primaryimage"},"image":{"@id":"https:\/\/www.magnetenspecialist.nl\/fr\/magasin\/autres-aimants\/aimant-destomac-avec-aimant-neodymium-extra-puissant-pour-la-protection-de-lestomac-de-la-vache\/#primaryimage"},"thumbnailUrl":"https:\/\/www.magnetenspecialist.nl\/wp-content\/uploads\/2021\/09\/Magnetenspecialist.nl_Maagmagneet-met-extra-krachtige-neodymium-magneet-voor-bescherming-maag-koe_1.jpg","datePublished":"2021-09-17T15:32:39+00:00","dateModified":"2025-03-18T14:49:19+00:00","description":"Vous cherchez un Aimant pour l'estomac avec aimant n\u00e9odyme extra puissant pour la protection de l'estomac de la vache.? Les aimants peuvent \u00eatre achet\u00e9s facilement en ligne sur Magnetenspecialist.nl \u2713 1 jour ouvrable de d\u00e9lai de livraison \u2713 14 jours de d\u00e9lai de r\u00e9flexion \u2713 Exp\u00e9dition ou enl\u00e8vement *.","breadcrumb":{"@id":"https:\/\/www.magnetenspecialist.nl\/fr\/magasin\/autres-aimants\/aimant-destomac-avec-aimant-neodymium-extra-puissant-pour-la-protection-de-lestomac-de-la-vache\/#breadcrumb"},"inLanguage":"fr-FR","potentialAction":[{"@type":"ReadAction","target":["https:\/\/www.magnetenspecialist.nl\/fr\/magasin\/autres-aimants\/aimant-destomac-avec-aimant-neodymium-extra-puissant-pour-la-protection-de-lestomac-de-la-vache\/"]}]},{"@type":"ImageObject","inLanguage":"fr-FR","@id":"https:\/\/www.magnetenspecialist.nl\/fr\/magasin\/autres-aimants\/aimant-destomac-avec-aimant-neodymium-extra-puissant-pour-la-protection-de-lestomac-de-la-vache\/#primaryimage","url":"https:\/\/www.magnetenspecialist.nl\/wp-content\/uploads\/2021\/09\/Magnetenspecialist.nl_Maagmagneet-met-extra-krachtige-neodymium-magneet-voor-bescherming-maag-koe_1.jpg","contentUrl":"https:\/\/www.magnetenspecialist.nl\/wp-content\/uploads\/2021\/09\/Magnetenspecialist.nl_Maagmagneet-met-extra-krachtige-neodymium-magneet-voor-bescherming-maag-koe_1.jpg","width":1500,"height":1500},{"@type":"BreadcrumbList","@id":"https:\/\/www.magnetenspecialist.nl\/fr\/magasin\/autres-aimants\/aimant-destomac-avec-aimant-neodymium-extra-puissant-pour-la-protection-de-lestomac-de-la-vache\/#breadcrumb","itemListElement":[{"@type":"ListItem","position":1,"name":"Accueil","item":"https:\/\/www.magnetenspecialist.nl\/fr\/accueil\/"},{"@type":"ListItem","position":2,"name":"Boutique","item":"https:\/\/www.magnetenspecialist.nl\/fr\/boutique\/"},{"@type":"ListItem","position":3,"name":"Aimant pour l&#8217;estomac avec aimant n\u00e9odyme extra puissant pour la protection de l&#8217;estomac de la vache."}]},{"@type":"WebSite","@id":"https:\/\/www.magnetenspecialist.nl\/fr\/#website","url":"https:\/\/www.magnetenspecialist.nl\/fr\/","name":"Magnetenspecialist.nl","description":"Vaste gamme d'aimants en n\u00e9odyme","publisher":{"@id":"https:\/\/www.magnetenspecialist.nl\/fr\/#organization"},"potentialAction":[{"@type":"SearchAction","target":{"@type":"EntryPoint","urlTemplate":"https:\/\/www.magnetenspecialist.nl\/fr\/?s={search_term_string}"},"query-input":{"@type":"PropertyValueSpecification","valueRequired":true,"valueName":"search_term_string"}}],"inLanguage":"fr-FR"},{"@type":"Organization","@id":"https:\/\/www.magnetenspecialist.nl\/fr\/#organization","name":"Magnetenspecialist.nl","url":"https:\/\/www.magnetenspecialist.nl\/fr\/","logo":{"@type":"ImageObject","inLanguage":"fr-FR","@id":"https:\/\/www.magnetenspecialist.nl\/fr\/#\/schema\/logo\/image\/","url":"https:\/\/www.magnetenspecialist.nl\/wp-content\/uploads\/2018\/10\/magneten-logo.jpg","contentUrl":"https:\/\/www.magnetenspecialist.nl\/wp-content\/uploads\/2018\/10\/magneten-logo.jpg","width":151,"height":151,"caption":"Magnetenspecialist.nl"},"image":{"@id":"https:\/\/www.magnetenspecialist.nl\/fr\/#\/schema\/logo\/image\/"},"sameAs":["https:\/\/www.facebook.com\/Magnetenspecialist.nl","https:\/\/x.com\/magnetenspecial"]}]},"product_price_amount":"24.38","product_price_currency":"EUR","og_availability":"out of stock","product_availability":"out of stock","product_retailer_item_id":"MM01N","product_condition":"new"},"_links":{"self":[{"href":"https:\/\/www.magnetenspecialist.nl\/fr\/wp-json\/wp\/v2\/product\/104298","targetHints":{"allow":["GET"]}}],"collection":[{"href":"https:\/\/www.magnetenspecialist.nl\/fr\/wp-json\/wp\/v2\/product"}],"about":[{"href":"https:\/\/www.magnetenspecialist.nl\/fr\/wp-json\/wp\/v2\/types\/product"}],"wp:featuredmedia":[{"embeddable":true,"href":"https:\/\/www.magnetenspecialist.nl\/fr\/wp-json\/wp\/v2\/media\/114081"}],"wp:attachment":[{"href":"https:\/\/www.magnetenspecialist.nl\/fr\/wp-json\/wp\/v2\/media?parent=104298"}],"wp:term":[{"taxonomy":"product_brand","embeddable":true,"href":"https:\/\/www.magnetenspecialist.nl\/fr\/wp-json\/wp\/v2\/product_brand?post=104298"},{"taxonomy":"product_cat","embeddable":true,"href":"https:\/\/www.magnetenspecialist.nl\/fr\/wp-json\/wp\/v2\/product_cat?post=104298"},{"taxonomy":"product_tag","embeddable":true,"href":"https:\/\/www.magnetenspecialist.nl\/fr\/wp-json\/wp\/v2\/product_tag?post=104298"}],"curies":[{"name":"wp","href":"https:\/\/api.w.org\/{rel}","templated":true}]}}