{"id":111851,"date":"2022-05-27T16:14:49","date_gmt":"2022-05-27T14:14:49","guid":{"rendered":"https:\/\/www.magnetenspecialist.nl\/?post_type=product&#038;p=111851"},"modified":"2025-05-20T13:32:19","modified_gmt":"2025-05-20T11:32:19","slug":"oogbout-magneet-50-x-12-x-11-mm-kopie","status":"publish","type":"product","link":"https:\/\/www.magnetenspecialist.nl\/fr\/magasin\/aimant-de-boulon-a-oeil\/oogbout-magneet-50-x-12-x-11-mm-kopie\/","title":{"rendered":"Aimant pour boulon \u00e0 \u0153il 50 x 12 x 11 mm &#8211; Aimant en n\u00e9odyme N40 dans un bo\u00eetier en acier"},"content":{"rendered":"<p class=\"\" data-start=\"81\" data-end=\"115\"><strong data-start=\"81\" data-end=\"115\">Aimant pour boulon \u00e0 \u0153il 50 x 12 x 11 mm<\/strong><\/p>\n<p class=\"\" data-start=\"117\" data-end=\"651\">Cet aimant \u00e0 \u0153illet mesure 50 mm (diam\u00e8tre) x 12 mm (hauteur) et est dot\u00e9 d&#8217;un \u0153illet de 11 mm, ce qui permet de le fixer facilement \u00e0 un crochet, \u00e0 une cha\u00eene ou \u00e0 tout autre syst\u00e8me de fixation. Fabriqu\u00e9 en n\u00e9odyme, le mat\u00e9riau magn\u00e9tique permanent le plus puissant, cet aimant offre une forte puissance magn\u00e9tique pour suspendre des objets plus lourds ou cr\u00e9er des connexions magn\u00e9tiques solides. Cet aimant \u00e0 \u0153il est id\u00e9al pour les applications industrielles, les ateliers, les entrep\u00f4ts et divers projets de loisirs.  <\/p>\n<p class=\"\" data-start=\"653\" data-end=\"667\"><strong data-start=\"653\" data-end=\"667\">Caract\u00e9ristiques :<\/strong><\/p>\n<ul data-start=\"668\" data-end=\"1207\">\n<li class=\"\" data-start=\"668\" data-end=\"719\">\n<p class=\"\" data-start=\"670\" data-end=\"719\"><strong data-start=\"670\" data-end=\"684\">Dimensions<\/strong>: 50 mm (diam\u00e8tre) x 12 mm (hauteur)<\/p>\n<\/li>\n<li class=\"\" data-start=\"720\" data-end=\"794\">\n<p class=\"\" data-start=\"722\" data-end=\"794\"><strong data-start=\"722\" data-end=\"739\">Longueur de l&#8217;\u0153illet<\/strong>: 11 mm pour une fixation facile au crochet ou \u00e0 la cha\u00eene<\/p>\n<\/li>\n<li class=\"\" data-start=\"795\" data-end=\"855\">\n<p class=\"\" data-start=\"797\" data-end=\"855\"><strong data-start=\"797\" data-end=\"810\">Mat\u00e9riau<\/strong>: N\u00e9odyme pour une force magn\u00e9tique puissante<\/p>\n<\/li>\n<li class=\"\" data-start=\"856\" data-end=\"931\">\n<p class=\"\" data-start=\"858\" data-end=\"931\"><strong data-start=\"858\" data-end=\"869\">Rev\u00eatement<\/strong>: nickel\u00e9 pour une protection suppl\u00e9mentaire contre la corrosion et l&#8217;abrasion<\/p>\n<\/li>\n<li class=\"\" data-start=\"932\" data-end=\"1033\">\n<p class=\"\" data-start=\"934\" data-end=\"1033\"><strong data-start=\"934\" data-end=\"948\">Force d&#8217;adh\u00e9rence<\/strong>: forte force magn\u00e9tique pour une adh\u00e9sion fiable (d\u00e9pendante de la surface)<\/p>\n<\/li>\n<li class=\"\" data-start=\"1034\" data-end=\"1207\">\n<p class=\"\" data-start=\"1036\" data-end=\"1207\"><strong data-start=\"1036\" data-end=\"1052\">Applications<\/strong>: Parfait pour les applications industrielles, la suspension d&#8217;objets et la cr\u00e9ation de syst\u00e8mes de suspension magn\u00e9tique dans les ateliers ou les environnements commerciaux.<\/p>\n<\/li>\n<\/ul>\n<p class=\"\" data-start=\"1209\" data-end=\"1411\">Cet aimant \u00e0 \u0153il offre une solution robuste pour suspendre et fixer des objets lourds. Le puissant aimant en n\u00e9odyme assure une connexion magn\u00e9tique fiable et durable.<\/p>\n","protected":false},"excerpt":{"rendered":"<p>Aimant \u00e0 \u0153il <strong data-start=\"182\" data-end=\"260\">50 x 12 x 11 mm &#8211; Aimant en n\u00e9odyme N40 dans un bo\u00eetier en acier<\/strong><br data-start=\"260\" data-end=\"263\">Cet aimant \u00e0 \u0153il a un diam\u00e8tre de 50 mm, comporte un puissant aimant en n\u00e9odyme N40 et est int\u00e9gr\u00e9 dans un robuste bo\u00eetier en acier. Con\u00e7u pour les situations o\u00f9 une puissance de traction \u00e9lev\u00e9e est n\u00e9cessaire. Id\u00e9al pour les entrep\u00f4ts, les ateliers, les applications industrielles et les chantiers de construction. Le boulon \u00e0 \u0153il robuste permet de fixer facilement des c\u00e2bles, des outils ou des panneaux.   <\/p>\n","protected":false},"featured_media":113556,"template":"","meta":{"_acf_changed":false},"product_brand":[3521],"product_cat":[1388],"product_tag":[3158],"class_list":{"0":"post-111851","1":"product","2":"type-product","3":"status-publish","4":"has-post-thumbnail","6":"product_brand-magnetenspecialist","7":"product_cat-aimant-de-boulon-a-oeil","8":"product_tag-groep-3-fr","9":"pa_houdkracht-95-fr","10":"pa_magnetisering-n40-fr","11":"pa_magnetiseringsrichting-axiaal-fr","12":"pa_materiaal-neodyme-nickele","13":"pa_model-aimant-avec-oeillet","15":"first","16":"instock","17":"taxable","18":"shipping-taxable","19":"purchasable","20":"product-type-simple"},"supplier_id":null,"supplier_sku":"","barcode":null,"atum_controlled":true,"out_stock_date":null,"out_stock_threshold":null,"inheritable":false,"inbound_stock":0,"stock_on_hold":0,"sold_today":0,"sales_last_days":7,"reserved_stock":0,"customer_returns":0,"warehouse_damage":0,"lost_in_post":0,"other_logs":0,"out_stock_days":0,"lost_sales":0,"has_location":false,"update_date":"2026-04-03T08:06:17","atum_locations":[],"atum_stock_status":"instock","restock_status":false,"low_stock_amount":250,"sales_update_date":"2026-04-03T08:06:17","calc_backorders":null,"acf":[],"yoast_head":"<!-- This site is optimized with the Yoast SEO Premium plugin v24.7 (Yoast SEO v24.7) - https:\/\/yoast.com\/wordpress\/plugins\/seo\/ -->\n<title>Aimant pour boulon \u00e0 \u0153il 50 x 12 x 11 mm - Forte adh\u00e9rence - Magnetenspecialist.nl<\/title>\n<meta name=\"description\" content=\"D\u00e9couvrez le puissant aimant Eyebolt 50 x 12 x 11 mm - aimant en n\u00e9odyme N40 pour des connexions solides. Parfait pour les ateliers et les projets de loisirs !\" \/>\n<meta name=\"robots\" content=\"index, follow, max-snippet:-1, max-image-preview:large, max-video-preview:-1\" \/>\n<link rel=\"canonical\" href=\"https:\/\/www.magnetenspecialist.nl\/fr\/magasin\/aimant-de-boulon-a-oeil\/oogbout-magneet-50-x-12-x-11-mm-kopie\/\" \/>\n<meta property=\"og:locale\" content=\"fr_FR\" \/>\n<meta property=\"og:type\" content=\"article\" \/>\n<meta property=\"og:title\" content=\"Aimant pour boulon \u00e0 \u0153il 50 x 12 x 11 mm - Aimant en n\u00e9odyme N40 dans un bo\u00eetier en acier\" \/>\n<meta property=\"og:description\" content=\"D\u00e9couvrez le puissant aimant Eyebolt 50 x 12 x 11 mm - aimant en n\u00e9odyme N40 pour des connexions solides. Parfait pour les ateliers et les projets de loisirs !\" \/>\n<meta property=\"og:url\" content=\"https:\/\/www.magnetenspecialist.nl\/fr\/magasin\/aimant-de-boulon-a-oeil\/oogbout-magneet-50-x-12-x-11-mm-kopie\/\" \/>\n<meta property=\"og:site_name\" content=\"Magnetenspecialist.nl\" \/>\n<meta property=\"article:publisher\" content=\"https:\/\/www.facebook.com\/Magnetenspecialist.nl\" \/>\n<meta property=\"article:modified_time\" content=\"2025-05-20T11:32:19+00:00\" \/>\n<meta property=\"og:image\" content=\"https:\/\/www.magnetenspecialist.nl\/wp-content\/uploads\/2022\/05\/Magnetenspecialist.nl_Oogbout-magneet-50-x-12-x-11-mm_1-1.jpg\" \/>\n\t<meta property=\"og:image:width\" content=\"1500\" \/>\n\t<meta property=\"og:image:height\" content=\"1500\" \/>\n\t<meta property=\"og:image:type\" content=\"image\/jpeg\" \/>\n<meta name=\"twitter:card\" content=\"summary_large_image\" \/>\n<meta name=\"twitter:site\" content=\"@magnetenspecial\" \/>\n<meta name=\"twitter:label1\" content=\"Prix\" \/>\n\t<meta name=\"twitter:data1\" content=\"&euro;&nbsp;16,27\" \/>\n\t<meta name=\"twitter:label2\" content=\"Disponibilit\u00e9\" \/>\n\t<meta name=\"twitter:data2\" content=\"En stock\" \/>\n<script type=\"application\/ld+json\" class=\"yoast-schema-graph\">{\"@context\":\"https:\/\/schema.org\",\"@graph\":[{\"@type\":\"WebPage\",\"@id\":\"https:\/\/www.magnetenspecialist.nl\/fr\/magasin\/aimant-de-boulon-a-oeil\/oogbout-magneet-50-x-12-x-11-mm-kopie\/\",\"url\":\"https:\/\/www.magnetenspecialist.nl\/fr\/magasin\/aimant-de-boulon-a-oeil\/oogbout-magneet-50-x-12-x-11-mm-kopie\/\",\"name\":\"Aimant pour boulon \u00e0 \u0153il 50 x 12 x 11 mm - Forte adh\u00e9rence - Magnetenspecialist.nl\",\"isPartOf\":{\"@id\":\"https:\/\/www.magnetenspecialist.nl\/fr\/#website\"},\"primaryImageOfPage\":{\"@id\":\"https:\/\/www.magnetenspecialist.nl\/fr\/magasin\/aimant-de-boulon-a-oeil\/oogbout-magneet-50-x-12-x-11-mm-kopie\/#primaryimage\"},\"image\":{\"@id\":\"https:\/\/www.magnetenspecialist.nl\/fr\/magasin\/aimant-de-boulon-a-oeil\/oogbout-magneet-50-x-12-x-11-mm-kopie\/#primaryimage\"},\"thumbnailUrl\":\"https:\/\/www.magnetenspecialist.nl\/wp-content\/uploads\/2022\/05\/Magnetenspecialist.nl_Oogbout-magneet-50-x-12-x-11-mm_1-1.jpg\",\"datePublished\":\"2022-05-27T14:14:49+00:00\",\"dateModified\":\"2025-05-20T11:32:19+00:00\",\"description\":\"D\u00e9couvrez le puissant aimant Eyebolt 50 x 12 x 11 mm - aimant en n\u00e9odyme N40 pour des connexions solides. Parfait pour les ateliers et les projets de loisirs !\",\"breadcrumb\":{\"@id\":\"https:\/\/www.magnetenspecialist.nl\/fr\/magasin\/aimant-de-boulon-a-oeil\/oogbout-magneet-50-x-12-x-11-mm-kopie\/#breadcrumb\"},\"inLanguage\":\"fr-FR\",\"potentialAction\":[{\"@type\":\"ReadAction\",\"target\":[\"https:\/\/www.magnetenspecialist.nl\/fr\/magasin\/aimant-de-boulon-a-oeil\/oogbout-magneet-50-x-12-x-11-mm-kopie\/\"]}]},{\"@type\":\"ImageObject\",\"inLanguage\":\"fr-FR\",\"@id\":\"https:\/\/www.magnetenspecialist.nl\/fr\/magasin\/aimant-de-boulon-a-oeil\/oogbout-magneet-50-x-12-x-11-mm-kopie\/#primaryimage\",\"url\":\"https:\/\/www.magnetenspecialist.nl\/wp-content\/uploads\/2022\/05\/Magnetenspecialist.nl_Oogbout-magneet-50-x-12-x-11-mm_1-1.jpg\",\"contentUrl\":\"https:\/\/www.magnetenspecialist.nl\/wp-content\/uploads\/2022\/05\/Magnetenspecialist.nl_Oogbout-magneet-50-x-12-x-11-mm_1-1.jpg\",\"width\":1500,\"height\":1500,\"caption\":\"Sterke oogboutmagneet \u00d850 mm \u2013 ideaal voor industri\u00eble bevestiging\"},{\"@type\":\"BreadcrumbList\",\"@id\":\"https:\/\/www.magnetenspecialist.nl\/fr\/magasin\/aimant-de-boulon-a-oeil\/oogbout-magneet-50-x-12-x-11-mm-kopie\/#breadcrumb\",\"itemListElement\":[{\"@type\":\"ListItem\",\"position\":1,\"name\":\"Accueil\",\"item\":\"https:\/\/www.magnetenspecialist.nl\/fr\/accueil\/\"},{\"@type\":\"ListItem\",\"position\":2,\"name\":\"Boutique\",\"item\":\"https:\/\/www.magnetenspecialist.nl\/fr\/boutique\/\"},{\"@type\":\"ListItem\",\"position\":3,\"name\":\"Aimant pour boulon \u00e0 \u0153il 50 x 12 x 11 mm &#8211; Aimant en n\u00e9odyme N40 dans un bo\u00eetier en acier\"}]},{\"@type\":\"WebSite\",\"@id\":\"https:\/\/www.magnetenspecialist.nl\/fr\/#website\",\"url\":\"https:\/\/www.magnetenspecialist.nl\/fr\/\",\"name\":\"Magnetenspecialist.nl\",\"description\":\"Vaste gamme d'aimants en n\u00e9odyme\",\"publisher\":{\"@id\":\"https:\/\/www.magnetenspecialist.nl\/fr\/#organization\"},\"potentialAction\":[{\"@type\":\"SearchAction\",\"target\":{\"@type\":\"EntryPoint\",\"urlTemplate\":\"https:\/\/www.magnetenspecialist.nl\/fr\/?s={search_term_string}\"},\"query-input\":{\"@type\":\"PropertyValueSpecification\",\"valueRequired\":true,\"valueName\":\"search_term_string\"}}],\"inLanguage\":\"fr-FR\"},{\"@type\":\"Organization\",\"@id\":\"https:\/\/www.magnetenspecialist.nl\/fr\/#organization\",\"name\":\"Magnetenspecialist.nl\",\"url\":\"https:\/\/www.magnetenspecialist.nl\/fr\/\",\"logo\":{\"@type\":\"ImageObject\",\"inLanguage\":\"fr-FR\",\"@id\":\"https:\/\/www.magnetenspecialist.nl\/fr\/#\/schema\/logo\/image\/\",\"url\":\"https:\/\/www.magnetenspecialist.nl\/wp-content\/uploads\/2018\/10\/magneten-logo.jpg\",\"contentUrl\":\"https:\/\/www.magnetenspecialist.nl\/wp-content\/uploads\/2018\/10\/magneten-logo.jpg\",\"width\":151,\"height\":151,\"caption\":\"Magnetenspecialist.nl\"},\"image\":{\"@id\":\"https:\/\/www.magnetenspecialist.nl\/fr\/#\/schema\/logo\/image\/\"},\"sameAs\":[\"https:\/\/www.facebook.com\/Magnetenspecialist.nl\",\"https:\/\/x.com\/magnetenspecial\"]}]}<\/script>\n<meta property=\"product:price:amount\" content=\"16.27\" \/>\n<meta property=\"product:price:currency\" content=\"EUR\" \/>\n<meta property=\"og:availability\" content=\"instock\" \/>\n<meta property=\"product:availability\" content=\"instock\" \/>\n<meta property=\"product:retailer_item_id\" content=\"og050x012x0110-N\" \/>\n<meta property=\"product:condition\" content=\"new\" \/>\n<!-- \/ Yoast SEO Premium plugin. -->","yoast_head_json":{"title":"Aimant pour boulon \u00e0 \u0153il 50 x 12 x 11 mm - Forte adh\u00e9rence - Magnetenspecialist.nl","description":"D\u00e9couvrez le puissant aimant Eyebolt 50 x 12 x 11 mm - aimant en n\u00e9odyme N40 pour des connexions solides. Parfait pour les ateliers et les projets de loisirs !","robots":{"index":"index","follow":"follow","max-snippet":"max-snippet:-1","max-image-preview":"max-image-preview:large","max-video-preview":"max-video-preview:-1"},"canonical":"https:\/\/www.magnetenspecialist.nl\/fr\/magasin\/aimant-de-boulon-a-oeil\/oogbout-magneet-50-x-12-x-11-mm-kopie\/","og_locale":"fr_FR","og_type":"article","og_title":"Aimant pour boulon \u00e0 \u0153il 50 x 12 x 11 mm - Aimant en n\u00e9odyme N40 dans un bo\u00eetier en acier","og_description":"D\u00e9couvrez le puissant aimant Eyebolt 50 x 12 x 11 mm - aimant en n\u00e9odyme N40 pour des connexions solides. Parfait pour les ateliers et les projets de loisirs !","og_url":"https:\/\/www.magnetenspecialist.nl\/fr\/magasin\/aimant-de-boulon-a-oeil\/oogbout-magneet-50-x-12-x-11-mm-kopie\/","og_site_name":"Magnetenspecialist.nl","article_publisher":"https:\/\/www.facebook.com\/Magnetenspecialist.nl","article_modified_time":"2025-05-20T11:32:19+00:00","og_image":[{"width":1500,"height":1500,"url":"https:\/\/www.magnetenspecialist.nl\/wp-content\/uploads\/2022\/05\/Magnetenspecialist.nl_Oogbout-magneet-50-x-12-x-11-mm_1-1.jpg","type":"image\/jpeg"}],"twitter_card":"summary_large_image","twitter_site":"@magnetenspecial","twitter_misc":{"Prix":"&euro;&nbsp;16,27","Disponibilit\u00e9":"En stock"},"schema":{"@context":"https:\/\/schema.org","@graph":[{"@type":"WebPage","@id":"https:\/\/www.magnetenspecialist.nl\/fr\/magasin\/aimant-de-boulon-a-oeil\/oogbout-magneet-50-x-12-x-11-mm-kopie\/","url":"https:\/\/www.magnetenspecialist.nl\/fr\/magasin\/aimant-de-boulon-a-oeil\/oogbout-magneet-50-x-12-x-11-mm-kopie\/","name":"Aimant pour boulon \u00e0 \u0153il 50 x 12 x 11 mm - Forte adh\u00e9rence - Magnetenspecialist.nl","isPartOf":{"@id":"https:\/\/www.magnetenspecialist.nl\/fr\/#website"},"primaryImageOfPage":{"@id":"https:\/\/www.magnetenspecialist.nl\/fr\/magasin\/aimant-de-boulon-a-oeil\/oogbout-magneet-50-x-12-x-11-mm-kopie\/#primaryimage"},"image":{"@id":"https:\/\/www.magnetenspecialist.nl\/fr\/magasin\/aimant-de-boulon-a-oeil\/oogbout-magneet-50-x-12-x-11-mm-kopie\/#primaryimage"},"thumbnailUrl":"https:\/\/www.magnetenspecialist.nl\/wp-content\/uploads\/2022\/05\/Magnetenspecialist.nl_Oogbout-magneet-50-x-12-x-11-mm_1-1.jpg","datePublished":"2022-05-27T14:14:49+00:00","dateModified":"2025-05-20T11:32:19+00:00","description":"D\u00e9couvrez le puissant aimant Eyebolt 50 x 12 x 11 mm - aimant en n\u00e9odyme N40 pour des connexions solides. Parfait pour les ateliers et les projets de loisirs !","breadcrumb":{"@id":"https:\/\/www.magnetenspecialist.nl\/fr\/magasin\/aimant-de-boulon-a-oeil\/oogbout-magneet-50-x-12-x-11-mm-kopie\/#breadcrumb"},"inLanguage":"fr-FR","potentialAction":[{"@type":"ReadAction","target":["https:\/\/www.magnetenspecialist.nl\/fr\/magasin\/aimant-de-boulon-a-oeil\/oogbout-magneet-50-x-12-x-11-mm-kopie\/"]}]},{"@type":"ImageObject","inLanguage":"fr-FR","@id":"https:\/\/www.magnetenspecialist.nl\/fr\/magasin\/aimant-de-boulon-a-oeil\/oogbout-magneet-50-x-12-x-11-mm-kopie\/#primaryimage","url":"https:\/\/www.magnetenspecialist.nl\/wp-content\/uploads\/2022\/05\/Magnetenspecialist.nl_Oogbout-magneet-50-x-12-x-11-mm_1-1.jpg","contentUrl":"https:\/\/www.magnetenspecialist.nl\/wp-content\/uploads\/2022\/05\/Magnetenspecialist.nl_Oogbout-magneet-50-x-12-x-11-mm_1-1.jpg","width":1500,"height":1500,"caption":"Sterke oogboutmagneet \u00d850 mm \u2013 ideaal voor industri\u00eble bevestiging"},{"@type":"BreadcrumbList","@id":"https:\/\/www.magnetenspecialist.nl\/fr\/magasin\/aimant-de-boulon-a-oeil\/oogbout-magneet-50-x-12-x-11-mm-kopie\/#breadcrumb","itemListElement":[{"@type":"ListItem","position":1,"name":"Accueil","item":"https:\/\/www.magnetenspecialist.nl\/fr\/accueil\/"},{"@type":"ListItem","position":2,"name":"Boutique","item":"https:\/\/www.magnetenspecialist.nl\/fr\/boutique\/"},{"@type":"ListItem","position":3,"name":"Aimant pour boulon \u00e0 \u0153il 50 x 12 x 11 mm &#8211; Aimant en n\u00e9odyme N40 dans un bo\u00eetier en acier"}]},{"@type":"WebSite","@id":"https:\/\/www.magnetenspecialist.nl\/fr\/#website","url":"https:\/\/www.magnetenspecialist.nl\/fr\/","name":"Magnetenspecialist.nl","description":"Vaste gamme d'aimants en n\u00e9odyme","publisher":{"@id":"https:\/\/www.magnetenspecialist.nl\/fr\/#organization"},"potentialAction":[{"@type":"SearchAction","target":{"@type":"EntryPoint","urlTemplate":"https:\/\/www.magnetenspecialist.nl\/fr\/?s={search_term_string}"},"query-input":{"@type":"PropertyValueSpecification","valueRequired":true,"valueName":"search_term_string"}}],"inLanguage":"fr-FR"},{"@type":"Organization","@id":"https:\/\/www.magnetenspecialist.nl\/fr\/#organization","name":"Magnetenspecialist.nl","url":"https:\/\/www.magnetenspecialist.nl\/fr\/","logo":{"@type":"ImageObject","inLanguage":"fr-FR","@id":"https:\/\/www.magnetenspecialist.nl\/fr\/#\/schema\/logo\/image\/","url":"https:\/\/www.magnetenspecialist.nl\/wp-content\/uploads\/2018\/10\/magneten-logo.jpg","contentUrl":"https:\/\/www.magnetenspecialist.nl\/wp-content\/uploads\/2018\/10\/magneten-logo.jpg","width":151,"height":151,"caption":"Magnetenspecialist.nl"},"image":{"@id":"https:\/\/www.magnetenspecialist.nl\/fr\/#\/schema\/logo\/image\/"},"sameAs":["https:\/\/www.facebook.com\/Magnetenspecialist.nl","https:\/\/x.com\/magnetenspecial"]}]},"product_price_amount":"16.27","product_price_currency":"EUR","og_availability":"instock","product_availability":"instock","product_retailer_item_id":"og050x012x0110-N","product_condition":"new"},"_links":{"self":[{"href":"https:\/\/www.magnetenspecialist.nl\/fr\/wp-json\/wp\/v2\/product\/111851","targetHints":{"allow":["GET"]}}],"collection":[{"href":"https:\/\/www.magnetenspecialist.nl\/fr\/wp-json\/wp\/v2\/product"}],"about":[{"href":"https:\/\/www.magnetenspecialist.nl\/fr\/wp-json\/wp\/v2\/types\/product"}],"wp:featuredmedia":[{"embeddable":true,"href":"https:\/\/www.magnetenspecialist.nl\/fr\/wp-json\/wp\/v2\/media\/113556"}],"wp:attachment":[{"href":"https:\/\/www.magnetenspecialist.nl\/fr\/wp-json\/wp\/v2\/media?parent=111851"}],"wp:term":[{"taxonomy":"product_brand","embeddable":true,"href":"https:\/\/www.magnetenspecialist.nl\/fr\/wp-json\/wp\/v2\/product_brand?post=111851"},{"taxonomy":"product_cat","embeddable":true,"href":"https:\/\/www.magnetenspecialist.nl\/fr\/wp-json\/wp\/v2\/product_cat?post=111851"},{"taxonomy":"product_tag","embeddable":true,"href":"https:\/\/www.magnetenspecialist.nl\/fr\/wp-json\/wp\/v2\/product_tag?post=111851"}],"curies":[{"name":"wp","href":"https:\/\/api.w.org\/{rel}","templated":true}]}}